{"id":5443,"date":"2023-05-05T16:28:45","date_gmt":"2023-05-05T13:28:45","guid":{"rendered":"https:\/\/inspiratio.ro\/?post_type=product&#038;p=5443"},"modified":"2025-09-25T19:21:30","modified_gmt":"2025-09-25T16:21:30","slug":"mbq-inel-inima-cupru-khalid","status":"publish","type":"product","link":"https:\/\/inspiratio.ro\/en\/produs\/mbq-inel-inima-cupru-khalid\/","title":{"rendered":"Inel inim\u0103 cupru Khalid"},"content":{"rendered":"<p>Colec\u021bia de inele MBQ este un mix de tehnici \u0219i idei reprezentative pentru cultura rom\u0103.<br \/>\nEste o colec\u021bie str\u0103lucitoare, cu detalii opulente care pun \u00een valoare m\u0103iestria me\u0219terului.<br \/>\nDimensiune: Ajustabil<\/p>\n<p>Imperfec\u021biunile sunt perfecte.<br \/>\nAceast\u0103 pereche de cercei este lucrat\u0103 manual din cupru de c\u0103tre me\u0219terul rom Radu Ion.<br \/>\nFiecare pies\u0103 este unic\u0103.<\/p>\n<p>Solu\u021bii pentru cur\u0103\u021barea \u0219i \u00eentre\u021binerea cerceilor: <a href=\"https:\/\/mbq.ro\/diy-how-to-clean-copper-and-make-it-shine\/\">https:\/\/mbq.ro\/diy-how-to-clean-copper-and-make-it-shine\/<\/a><\/p>\n","protected":false},"excerpt":{"rendered":"<p>Colec\u021bia de inele MBQ este un mix de tehnici \u0219i idei reprezentative pentru cultura rom\u0103. Este o colec\u021bie str\u0103lucitoare, cu detalii opulente care pun \u00een valoare m\u0103iestria me\u0219terului. Dimensiune: Ajustabil Imperfec\u021biunile sunt perfecte. Aceast\u0103 pereche de cercei este lucrat\u0103 manual din cupru de c\u0103tre me\u0219terul rom Radu Ion. Fiecare pies\u0103 este unic\u0103. Solu\u021bii pentru cur\u0103\u021barea [&hellip;]<\/p>\n","protected":false},"featured_media":5421,"comment_status":"open","ping_status":"closed","template":"","meta":[],"pwb-brand":[],"product_brand":[],"product_cat":[87,18],"product_tag":[181,184,182],"class_list":{"0":"post-5443","1":"product","2":"type-product","3":"status-publish","4":"has-post-thumbnail","6":"product_cat-to-wear","7":"product_cat-bijuterie-contemporana","8":"product_tag-cupru","9":"product_tag-inel","10":"product_tag-mbq","12":"first","13":"outofstock","14":"taxable","15":"shipping-taxable","16":"purchasable","17":"product-type-simple"},"yoast_head":"<!-- This site is optimized with the Yoast SEO plugin v26.9 - https:\/\/yoast.com\/product\/yoast-seo-wordpress\/ -->\n<title>MBQ Inel inim\u0103 cupru Khalid - Inspiratio<\/title>\n<meta name=\"robots\" content=\"index, follow, max-snippet:-1, max-image-preview:large, max-video-preview:-1\" \/>\n<link rel=\"canonical\" href=\"https:\/\/inspiratio.ro\/produs\/mbq-inel-inima-cupru-khalid\/\" \/>\n<meta property=\"og:locale\" content=\"en_US\" \/>\n<meta property=\"og:type\" content=\"article\" \/>\n<meta property=\"og:title\" content=\"MBQ Inel inim\u0103 cupru Khalid - Inspiratio\" \/>\n<meta property=\"og:description\" content=\"Colec\u021bia de inele MBQ este un mix de tehnici \u0219i idei reprezentative pentru cultura rom\u0103. Este o colec\u021bie str\u0103lucitoare, cu detalii opulente care pun \u00een valoare m\u0103iestria me\u0219terului. Dimensiune: Ajustabil Imperfec\u021biunile sunt perfecte. Aceast\u0103 pereche de cercei este lucrat\u0103 manual din cupru de c\u0103tre me\u0219terul rom Radu Ion. Fiecare pies\u0103 este unic\u0103. Solu\u021bii pentru cur\u0103\u021barea [&hellip;]\" \/>\n<meta property=\"og:url\" content=\"https:\/\/inspiratio.ro\/produs\/mbq-inel-inima-cupru-khalid\/\" \/>\n<meta property=\"og:site_name\" content=\"Inspiratio\" \/>\n<meta property=\"article:publisher\" content=\"https:\/\/www.facebook.com\/inspiratiogiftstudio\/\" \/>\n<meta property=\"article:modified_time\" content=\"2025-09-25T16:21:30+00:00\" \/>\n<meta property=\"og:image\" content=\"https:\/\/inspiratio.ro\/wp-content\/uploads\/2023\/05\/a11-scaled-1.jpg\" \/>\n\t<meta property=\"og:image:width\" content=\"2560\" \/>\n\t<meta property=\"og:image:height\" content=\"1707\" \/>\n\t<meta property=\"og:image:type\" content=\"image\/jpeg\" \/>\n<meta name=\"twitter:card\" content=\"summary_large_image\" \/>\n<meta name=\"twitter:label1\" content=\"Est. reading time\" \/>\n\t<meta name=\"twitter:data1\" content=\"1 minute\" \/>\n<script type=\"application\/ld+json\" class=\"yoast-schema-graph\">{\"@context\":\"https:\/\/schema.org\",\"@graph\":[{\"@type\":\"WebPage\",\"@id\":\"https:\/\/inspiratio.ro\/produs\/mbq-inel-inima-cupru-khalid\/\",\"url\":\"https:\/\/inspiratio.ro\/produs\/mbq-inel-inima-cupru-khalid\/\",\"name\":\"MBQ Inel inim\u0103 cupru Khalid - Inspiratio\",\"isPartOf\":{\"@id\":\"https:\/\/inspiratio.ro\/#website\"},\"primaryImageOfPage\":{\"@id\":\"https:\/\/inspiratio.ro\/produs\/mbq-inel-inima-cupru-khalid\/#primaryimage\"},\"image\":{\"@id\":\"https:\/\/inspiratio.ro\/produs\/mbq-inel-inima-cupru-khalid\/#primaryimage\"},\"thumbnailUrl\":\"https:\/\/inspiratio.ro\/wp-content\/uploads\/2023\/05\/a11-scaled-1.jpg\",\"datePublished\":\"2023-05-05T13:28:45+00:00\",\"dateModified\":\"2025-09-25T16:21:30+00:00\",\"breadcrumb\":{\"@id\":\"https:\/\/inspiratio.ro\/produs\/mbq-inel-inima-cupru-khalid\/#breadcrumb\"},\"inLanguage\":\"en-US\",\"potentialAction\":[{\"@type\":\"ReadAction\",\"target\":[\"https:\/\/inspiratio.ro\/produs\/mbq-inel-inima-cupru-khalid\/\"]}]},{\"@type\":\"ImageObject\",\"inLanguage\":\"en-US\",\"@id\":\"https:\/\/inspiratio.ro\/produs\/mbq-inel-inima-cupru-khalid\/#primaryimage\",\"url\":\"https:\/\/inspiratio.ro\/wp-content\/uploads\/2023\/05\/a11-scaled-1.jpg\",\"contentUrl\":\"https:\/\/inspiratio.ro\/wp-content\/uploads\/2023\/05\/a11-scaled-1.jpg\",\"width\":2560,\"height\":1707},{\"@type\":\"BreadcrumbList\",\"@id\":\"https:\/\/inspiratio.ro\/produs\/mbq-inel-inima-cupru-khalid\/#breadcrumb\",\"itemListElement\":[{\"@type\":\"ListItem\",\"position\":1,\"name\":\"Shop\",\"item\":\"https:\/\/inspiratio.ro\/magazin-cadouri\/\"},{\"@type\":\"ListItem\",\"position\":2,\"name\":\"MBQ Inel inim\u0103 cupru Khalid\"}]},{\"@type\":\"WebSite\",\"@id\":\"https:\/\/inspiratio.ro\/#website\",\"url\":\"https:\/\/inspiratio.ro\/\",\"name\":\"Inspiratio\",\"description\":\"Las\u0103-te purtat de inspira\u021bie\",\"publisher\":{\"@id\":\"https:\/\/inspiratio.ro\/#organization\"},\"potentialAction\":[{\"@type\":\"SearchAction\",\"target\":{\"@type\":\"EntryPoint\",\"urlTemplate\":\"https:\/\/inspiratio.ro\/?s={search_term_string}\"},\"query-input\":{\"@type\":\"PropertyValueSpecification\",\"valueRequired\":true,\"valueName\":\"search_term_string\"}}],\"inLanguage\":\"en-US\"},{\"@type\":\"Organization\",\"@id\":\"https:\/\/inspiratio.ro\/#organization\",\"name\":\"Inspiratio\",\"url\":\"https:\/\/inspiratio.ro\/\",\"logo\":{\"@type\":\"ImageObject\",\"inLanguage\":\"en-US\",\"@id\":\"https:\/\/inspiratio.ro\/#\/schema\/logo\/image\/\",\"url\":\"https:\/\/inspiratio.ro\/wp-content\/uploads\/2020\/06\/logo-inspiratio.png\",\"contentUrl\":\"https:\/\/inspiratio.ro\/wp-content\/uploads\/2020\/06\/logo-inspiratio.png\",\"width\":232,\"height\":209,\"caption\":\"Inspiratio\"},\"image\":{\"@id\":\"https:\/\/inspiratio.ro\/#\/schema\/logo\/image\/\"},\"sameAs\":[\"https:\/\/www.facebook.com\/inspiratiogiftstudio\/\",\"https:\/\/www.instagram.com\/inspiratio_giftstudio\/\"]}]}<\/script>\n<!-- \/ Yoast SEO plugin. -->","yoast_head_json":{"title":"MBQ Inel inim\u0103 cupru Khalid - Inspiratio","robots":{"index":"index","follow":"follow","max-snippet":"max-snippet:-1","max-image-preview":"max-image-preview:large","max-video-preview":"max-video-preview:-1"},"canonical":"https:\/\/inspiratio.ro\/produs\/mbq-inel-inima-cupru-khalid\/","og_locale":"en_US","og_type":"article","og_title":"MBQ Inel inim\u0103 cupru Khalid - Inspiratio","og_description":"Colec\u021bia de inele MBQ este un mix de tehnici \u0219i idei reprezentative pentru cultura rom\u0103. Este o colec\u021bie str\u0103lucitoare, cu detalii opulente care pun \u00een valoare m\u0103iestria me\u0219terului. Dimensiune: Ajustabil Imperfec\u021biunile sunt perfecte. Aceast\u0103 pereche de cercei este lucrat\u0103 manual din cupru de c\u0103tre me\u0219terul rom Radu Ion. Fiecare pies\u0103 este unic\u0103. Solu\u021bii pentru cur\u0103\u021barea [&hellip;]","og_url":"https:\/\/inspiratio.ro\/produs\/mbq-inel-inima-cupru-khalid\/","og_site_name":"Inspiratio","article_publisher":"https:\/\/www.facebook.com\/inspiratiogiftstudio\/","article_modified_time":"2025-09-25T16:21:30+00:00","og_image":[{"width":2560,"height":1707,"url":"https:\/\/inspiratio.ro\/wp-content\/uploads\/2023\/05\/a11-scaled-1.jpg","type":"image\/jpeg"}],"twitter_card":"summary_large_image","twitter_misc":{"Est. reading time":"1 minute"},"schema":{"@context":"https:\/\/schema.org","@graph":[{"@type":"WebPage","@id":"https:\/\/inspiratio.ro\/produs\/mbq-inel-inima-cupru-khalid\/","url":"https:\/\/inspiratio.ro\/produs\/mbq-inel-inima-cupru-khalid\/","name":"MBQ Inel inim\u0103 cupru Khalid - Inspiratio","isPartOf":{"@id":"https:\/\/inspiratio.ro\/#website"},"primaryImageOfPage":{"@id":"https:\/\/inspiratio.ro\/produs\/mbq-inel-inima-cupru-khalid\/#primaryimage"},"image":{"@id":"https:\/\/inspiratio.ro\/produs\/mbq-inel-inima-cupru-khalid\/#primaryimage"},"thumbnailUrl":"https:\/\/inspiratio.ro\/wp-content\/uploads\/2023\/05\/a11-scaled-1.jpg","datePublished":"2023-05-05T13:28:45+00:00","dateModified":"2025-09-25T16:21:30+00:00","breadcrumb":{"@id":"https:\/\/inspiratio.ro\/produs\/mbq-inel-inima-cupru-khalid\/#breadcrumb"},"inLanguage":"en-US","potentialAction":[{"@type":"ReadAction","target":["https:\/\/inspiratio.ro\/produs\/mbq-inel-inima-cupru-khalid\/"]}]},{"@type":"ImageObject","inLanguage":"en-US","@id":"https:\/\/inspiratio.ro\/produs\/mbq-inel-inima-cupru-khalid\/#primaryimage","url":"https:\/\/inspiratio.ro\/wp-content\/uploads\/2023\/05\/a11-scaled-1.jpg","contentUrl":"https:\/\/inspiratio.ro\/wp-content\/uploads\/2023\/05\/a11-scaled-1.jpg","width":2560,"height":1707},{"@type":"BreadcrumbList","@id":"https:\/\/inspiratio.ro\/produs\/mbq-inel-inima-cupru-khalid\/#breadcrumb","itemListElement":[{"@type":"ListItem","position":1,"name":"Shop","item":"https:\/\/inspiratio.ro\/magazin-cadouri\/"},{"@type":"ListItem","position":2,"name":"MBQ Inel inim\u0103 cupru Khalid"}]},{"@type":"WebSite","@id":"https:\/\/inspiratio.ro\/#website","url":"https:\/\/inspiratio.ro\/","name":"Inspiratio","description":"Las\u0103-te purtat de inspira\u021bie","publisher":{"@id":"https:\/\/inspiratio.ro\/#organization"},"potentialAction":[{"@type":"SearchAction","target":{"@type":"EntryPoint","urlTemplate":"https:\/\/inspiratio.ro\/?s={search_term_string}"},"query-input":{"@type":"PropertyValueSpecification","valueRequired":true,"valueName":"search_term_string"}}],"inLanguage":"en-US"},{"@type":"Organization","@id":"https:\/\/inspiratio.ro\/#organization","name":"Inspiratio","url":"https:\/\/inspiratio.ro\/","logo":{"@type":"ImageObject","inLanguage":"en-US","@id":"https:\/\/inspiratio.ro\/#\/schema\/logo\/image\/","url":"https:\/\/inspiratio.ro\/wp-content\/uploads\/2020\/06\/logo-inspiratio.png","contentUrl":"https:\/\/inspiratio.ro\/wp-content\/uploads\/2020\/06\/logo-inspiratio.png","width":232,"height":209,"caption":"Inspiratio"},"image":{"@id":"https:\/\/inspiratio.ro\/#\/schema\/logo\/image\/"},"sameAs":["https:\/\/www.facebook.com\/inspiratiogiftstudio\/","https:\/\/www.instagram.com\/inspiratio_giftstudio\/"]}]}},"brands":[],"_links":{"self":[{"href":"https:\/\/inspiratio.ro\/en\/wp-json\/wp\/v2\/product\/5443","targetHints":{"allow":["GET"]}}],"collection":[{"href":"https:\/\/inspiratio.ro\/en\/wp-json\/wp\/v2\/product"}],"about":[{"href":"https:\/\/inspiratio.ro\/en\/wp-json\/wp\/v2\/types\/product"}],"replies":[{"embeddable":true,"href":"https:\/\/inspiratio.ro\/en\/wp-json\/wp\/v2\/comments?post=5443"}],"wp:featuredmedia":[{"embeddable":true,"href":"https:\/\/inspiratio.ro\/en\/wp-json\/wp\/v2\/media\/5421"}],"wp:attachment":[{"href":"https:\/\/inspiratio.ro\/en\/wp-json\/wp\/v2\/media?parent=5443"}],"wp:term":[{"taxonomy":"pwb-brand","embeddable":true,"href":"https:\/\/inspiratio.ro\/en\/wp-json\/wp\/v2\/pwb-brand?post=5443"},{"taxonomy":"product_brand","embeddable":true,"href":"https:\/\/inspiratio.ro\/en\/wp-json\/wp\/v2\/product_brand?post=5443"},{"taxonomy":"product_cat","embeddable":true,"href":"https:\/\/inspiratio.ro\/en\/wp-json\/wp\/v2\/product_cat?post=5443"},{"taxonomy":"product_tag","embeddable":true,"href":"https:\/\/inspiratio.ro\/en\/wp-json\/wp\/v2\/product_tag?post=5443"}],"curies":[{"name":"wp","href":"https:\/\/api.w.org\/{rel}","templated":true}]}}