{"id":5219,"date":"2023-03-15T08:24:56","date_gmt":"2023-03-15T06:24:56","guid":{"rendered":"https:\/\/inspiratio.ro\/?post_type=product&#038;p=5219"},"modified":"2023-03-15T08:42:21","modified_gmt":"2023-03-15T06:42:21","slug":"imp-my-first-journal","status":"publish","type":"product","link":"https:\/\/inspiratio.ro\/en\/produs\/imp-my-first-journal\/","title":{"rendered":"My First Journal"},"content":{"rendered":"<section class=\"elementor-section elementor-top-section elementor-element elementor-element-2288238 elementor-section-boxed elementor-section-height-default elementor-section-height-default\" data-id=\"2288238\" data-element_type=\"section\">\n<div class=\"elementor-container elementor-column-gap-default\">\n<div class=\"elementor-column elementor-col-100 elementor-top-column elementor-element elementor-element-e72888f\" data-id=\"e72888f\" data-element_type=\"column\">\n<div class=\"elementor-widget-wrap elementor-element-populated\">\n<div class=\"elementor-element elementor-element-21b5e9c elementor-widget elementor-widget-text-editor\" data-id=\"21b5e9c\" data-element_type=\"widget\" data-widget_type=\"text-editor.default\">\n<div class=\"elementor-widget-container\">\n<section class=\"elementor-section elementor-top-section elementor-element elementor-element-53dd482 elementor-section-boxed elementor-section-height-default elementor-section-height-default\" data-id=\"53dd482\" data-element_type=\"section\">\n<div class=\"elementor-container elementor-column-gap-default\">\n<div class=\"elementor-column elementor-col-100 elementor-top-column elementor-element elementor-element-50bf4e9\" data-id=\"50bf4e9\" data-element_type=\"column\">\n<div class=\"elementor-widget-wrap elementor-element-populated\">\n<div class=\"elementor-element elementor-element-3459b12 elementor-widget elementor-widget-text-editor\" data-id=\"3459b12\" data-element_type=\"widget\" data-widget_type=\"text-editor.default\">\n<div class=\"elementor-widget-container\">\n<p><strong><em>Jurnal pentru Copii: \u201cMy first journal\u201d este caietul pe care orice copil \u0219i adolescent cu v\u00e2rsta \u00eentre 9 \u0219i 16 ani ar trebui s\u0103-l aib\u0103 pe noptier\u0103 sau \u00een ghiozdan.<\/em><\/strong><\/p>\n<p>MY FIRST JOURNAL este un jurnal premium dedicat copiilor \u0219i adolescen\u021bilor<\/p>\n<p>Acesta este un material auxiliar pentru clas\u0103 \u0219i face parte din proiectul\u00a0<a href=\"https:\/\/alexbadita.com\/journaling-in-scoli\/\">\u201dJournaling \u00een \u0219coli\u201d<\/a>, dedicat elevilor pentru a \u00eencepe s\u0103 scrie \u00een jurnal.<\/p>\n<p><strong>Acest jurnal pentru copii include \u0219apte sec\u021biuni.<\/strong><br \/>\n<strong>Edi\u021bia a II-a aduce \u00eenc\u0103 o sec\u021biune pentru descoperirea scrisului \u00een jurnal.<\/strong><br \/>\n<strong>Toate exerci\u021biile sunt \u00een limba englez\u0103.<\/strong><br \/>\n<strong>Primele \u0219ase se numesc module:<\/strong><\/p>\n<ol>\n<li>Autocunoa\u0219tere (Self-awareness)<\/li>\n<li>Emo\u021bii (Emotions)<\/li>\n<li>Interac\u021biunea cu cei din jur (Relationships with others)<\/li>\n<li>\u00cenv\u0103\u021barea (Studying)<\/li>\n<li>Cariera (Career)<\/li>\n<li>Starea de bine (Wellbeing)<\/li>\n<\/ol>\n<div class=\"wp-block-image\">\n<figure class=\"alignright size-large is-resized\"><img loading=\"lazy\" decoding=\"async\" class=\"wp-image-723\" src=\"https:\/\/academiadejournaling.ro\/wp-content\/uploads\/2022\/08\/coperta-fata-A5-jurnal-pentru-copii-707x1024.jpg\" sizes=\"auto, (max-width: 170px) 100vw, 170px\" srcset=\"https:\/\/academiadejournaling.ro\/wp-content\/uploads\/2022\/08\/coperta-fata-A5-jurnal-pentru-copii-707x1024.jpg 707w, https:\/\/academiadejournaling.ro\/wp-content\/uploads\/2022\/08\/coperta-fata-A5-jurnal-pentru-copii-207x300.jpg 207w, https:\/\/academiadejournaling.ro\/wp-content\/uploads\/2022\/08\/coperta-fata-A5-jurnal-pentru-copii-768x1113.jpg 768w, https:\/\/academiadejournaling.ro\/wp-content\/uploads\/2022\/08\/coperta-fata-A5-jurnal-pentru-copii.jpg 955w\" alt=\"\" width=\"170\" height=\"246\" \/><\/figure>\n<\/div>\n<p>Fiecare modul include exerci\u021bii \u0219i \u00eentreb\u0103ri ghidate la care copiii pot r\u0103spunde \u00een scris, precum \u0219i imagini pe care ei le pot colora pe fiecare pagin\u0103<\/p>\n<p><strong>Cea de-a \u0219aptea sec\u021biune este dedicat\u0103 imagina\u021biei \u0219i creativit\u0103\u021bii, cu jocuri \u0219i activit\u0103\u021bi distractive.<\/strong><\/p>\n<p><strong>NOU!! Am inclus \u0219i o sec\u021biune de scriere liber\u0103 \u00een jurnal, pentru fiecare zi a s\u0103pt\u0103m\u00e2nii, timp de 2 s\u0103pt\u0103m\u00e2ni.<\/strong><\/p>\n<p>My First Journal este o invita\u021bie la autocunoa\u0219tere \u0219i exprimare a emo\u021biilor pe h\u00e2rtie. Obiectivul nostru este de a transforma procesul de \u00eenv\u0103\u021bare \u00eentr-unul distractiv \u0219i atractiv, iar scrisul \u00een jurnal le va fi de folos pentru toate celelalte materii, dar \u0219i pentru dezvoltarea personal\u0103, emo\u021bional\u0103 \u0219i intelectual\u0103.<\/p>\n<p>Jurnalul este \u00een limba englez\u0103 pentru a stimula extinderea vocabularului \u0219i practicarea exerci\u021biilor de la orele de englez\u0103.<\/p>\n<p><em>Copyright<\/em><br \/>\n<em>\u00a9 Impressivity by Alexandra<\/em><br \/>\n<em>\u00a9 HUBEDU Globularia<\/em><\/p>\n<p><em>\u00a92021 Toate drepturile rezervate<\/em><\/p>\n<p><em>Tip\u0103rit \u00een Romania<\/em><br \/>\n<em>160 de pagini<\/em><\/p>\n<p><em>Concept de Alexandra B\u0103di\u021b\u0103 &amp; Florina Russu<\/em><\/p>\n<p><em>Design &amp; Layout: Florina Russu<\/em><br \/>\n<em>Layout edi\u021bia a II-a: Alexandra B\u0103di\u021b\u0103<\/em><\/p>\n<\/div>\n<\/div>\n<\/div>\n<\/div>\n<\/div>\n<\/section>\n<\/div>\n<\/div>\n<\/div>\n<\/div>\n<\/div>\n<\/section>\n","protected":false},"excerpt":{"rendered":"<p>Jurnal pentru Copii: \u201cMy first journal\u201d este caietul pe care orice copil \u0219i adolescent cu v\u00e2rsta \u00eentre 9 \u0219i 16 ani ar trebui s\u0103-l aib\u0103 pe noptier\u0103 sau \u00een ghiozdan. MY FIRST JOURNAL este un jurnal premium dedicat copiilor \u0219i adolescen\u021bilor Acesta este un material auxiliar pentru clas\u0103 \u0219i face parte din proiectul\u00a0\u201dJournaling \u00een \u0219coli\u201d, [&hellip;]<\/p>\n","protected":false},"featured_media":5220,"comment_status":"open","ping_status":"closed","template":"","meta":[],"pwb-brand":[],"product_brand":[],"product_cat":[88,71],"product_tag":[],"class_list":{"0":"post-5219","1":"product","2":"type-product","3":"status-publish","4":"has-post-thumbnail","6":"product_cat-categorie-carte","7":"product_cat-carte","9":"first","10":"instock","11":"taxable","12":"shipping-taxable","13":"purchasable","14":"product-type-simple"},"yoast_head":"<!-- This site is optimized with the Yoast SEO plugin v26.9 - https:\/\/yoast.com\/product\/yoast-seo-wordpress\/ -->\n<title>IMP My First Journal - Inspiratio<\/title>\n<meta name=\"robots\" content=\"index, follow, max-snippet:-1, max-image-preview:large, max-video-preview:-1\" \/>\n<link rel=\"canonical\" href=\"https:\/\/inspiratio.ro\/produs\/imp-my-first-journal\/\" \/>\n<meta property=\"og:locale\" content=\"en_US\" \/>\n<meta property=\"og:type\" content=\"article\" \/>\n<meta property=\"og:title\" content=\"IMP My First Journal - Inspiratio\" \/>\n<meta property=\"og:description\" content=\"Jurnal pentru Copii: \u201cMy first journal\u201d este caietul pe care orice copil \u0219i adolescent cu v\u00e2rsta \u00eentre 9 \u0219i 16 ani ar trebui s\u0103-l aib\u0103 pe noptier\u0103 sau \u00een ghiozdan. MY FIRST JOURNAL este un jurnal premium dedicat copiilor \u0219i adolescen\u021bilor Acesta este un material auxiliar pentru clas\u0103 \u0219i face parte din proiectul\u00a0\u201dJournaling \u00een \u0219coli\u201d, [&hellip;]\" \/>\n<meta property=\"og:url\" content=\"https:\/\/inspiratio.ro\/produs\/imp-my-first-journal\/\" \/>\n<meta property=\"og:site_name\" content=\"Inspiratio\" \/>\n<meta property=\"article:publisher\" content=\"https:\/\/www.facebook.com\/inspiratiogiftstudio\/\" \/>\n<meta property=\"article:modified_time\" content=\"2023-03-15T06:42:21+00:00\" \/>\n<meta property=\"og:image\" content=\"https:\/\/inspiratio.ro\/wp-content\/uploads\/2023\/03\/jurnal-pentru-copii-1024x512-1.png\" \/>\n\t<meta property=\"og:image:width\" content=\"1024\" \/>\n\t<meta property=\"og:image:height\" content=\"512\" \/>\n\t<meta property=\"og:image:type\" content=\"image\/png\" \/>\n<meta name=\"twitter:card\" content=\"summary_large_image\" \/>\n<meta name=\"twitter:label1\" content=\"Est. reading time\" \/>\n\t<meta name=\"twitter:data1\" content=\"2 minutes\" \/>\n<script type=\"application\/ld+json\" class=\"yoast-schema-graph\">{\"@context\":\"https:\/\/schema.org\",\"@graph\":[{\"@type\":\"WebPage\",\"@id\":\"https:\/\/inspiratio.ro\/produs\/imp-my-first-journal\/\",\"url\":\"https:\/\/inspiratio.ro\/produs\/imp-my-first-journal\/\",\"name\":\"IMP My First Journal - Inspiratio\",\"isPartOf\":{\"@id\":\"https:\/\/inspiratio.ro\/#website\"},\"primaryImageOfPage\":{\"@id\":\"https:\/\/inspiratio.ro\/produs\/imp-my-first-journal\/#primaryimage\"},\"image\":{\"@id\":\"https:\/\/inspiratio.ro\/produs\/imp-my-first-journal\/#primaryimage\"},\"thumbnailUrl\":\"https:\/\/inspiratio.ro\/wp-content\/uploads\/2023\/03\/jurnal-pentru-copii-1024x512-1.png\",\"datePublished\":\"2023-03-15T06:24:56+00:00\",\"dateModified\":\"2023-03-15T06:42:21+00:00\",\"breadcrumb\":{\"@id\":\"https:\/\/inspiratio.ro\/produs\/imp-my-first-journal\/#breadcrumb\"},\"inLanguage\":\"en-US\",\"potentialAction\":[{\"@type\":\"ReadAction\",\"target\":[\"https:\/\/inspiratio.ro\/produs\/imp-my-first-journal\/\"]}]},{\"@type\":\"ImageObject\",\"inLanguage\":\"en-US\",\"@id\":\"https:\/\/inspiratio.ro\/produs\/imp-my-first-journal\/#primaryimage\",\"url\":\"https:\/\/inspiratio.ro\/wp-content\/uploads\/2023\/03\/jurnal-pentru-copii-1024x512-1.png\",\"contentUrl\":\"https:\/\/inspiratio.ro\/wp-content\/uploads\/2023\/03\/jurnal-pentru-copii-1024x512-1.png\",\"width\":1024,\"height\":512},{\"@type\":\"BreadcrumbList\",\"@id\":\"https:\/\/inspiratio.ro\/produs\/imp-my-first-journal\/#breadcrumb\",\"itemListElement\":[{\"@type\":\"ListItem\",\"position\":1,\"name\":\"Shop\",\"item\":\"https:\/\/inspiratio.ro\/magazin-cadouri\/\"},{\"@type\":\"ListItem\",\"position\":2,\"name\":\"IMP My First Journal\"}]},{\"@type\":\"WebSite\",\"@id\":\"https:\/\/inspiratio.ro\/#website\",\"url\":\"https:\/\/inspiratio.ro\/\",\"name\":\"Inspiratio\",\"description\":\"Las\u0103-te purtat de inspira\u021bie\",\"publisher\":{\"@id\":\"https:\/\/inspiratio.ro\/#organization\"},\"potentialAction\":[{\"@type\":\"SearchAction\",\"target\":{\"@type\":\"EntryPoint\",\"urlTemplate\":\"https:\/\/inspiratio.ro\/?s={search_term_string}\"},\"query-input\":{\"@type\":\"PropertyValueSpecification\",\"valueRequired\":true,\"valueName\":\"search_term_string\"}}],\"inLanguage\":\"en-US\"},{\"@type\":\"Organization\",\"@id\":\"https:\/\/inspiratio.ro\/#organization\",\"name\":\"Inspiratio\",\"url\":\"https:\/\/inspiratio.ro\/\",\"logo\":{\"@type\":\"ImageObject\",\"inLanguage\":\"en-US\",\"@id\":\"https:\/\/inspiratio.ro\/#\/schema\/logo\/image\/\",\"url\":\"https:\/\/inspiratio.ro\/wp-content\/uploads\/2020\/06\/logo-inspiratio.png\",\"contentUrl\":\"https:\/\/inspiratio.ro\/wp-content\/uploads\/2020\/06\/logo-inspiratio.png\",\"width\":232,\"height\":209,\"caption\":\"Inspiratio\"},\"image\":{\"@id\":\"https:\/\/inspiratio.ro\/#\/schema\/logo\/image\/\"},\"sameAs\":[\"https:\/\/www.facebook.com\/inspiratiogiftstudio\/\",\"https:\/\/www.instagram.com\/inspiratio_giftstudio\/\"]}]}<\/script>\n<!-- \/ Yoast SEO plugin. -->","yoast_head_json":{"title":"IMP My First Journal - Inspiratio","robots":{"index":"index","follow":"follow","max-snippet":"max-snippet:-1","max-image-preview":"max-image-preview:large","max-video-preview":"max-video-preview:-1"},"canonical":"https:\/\/inspiratio.ro\/produs\/imp-my-first-journal\/","og_locale":"en_US","og_type":"article","og_title":"IMP My First Journal - Inspiratio","og_description":"Jurnal pentru Copii: \u201cMy first journal\u201d este caietul pe care orice copil \u0219i adolescent cu v\u00e2rsta \u00eentre 9 \u0219i 16 ani ar trebui s\u0103-l aib\u0103 pe noptier\u0103 sau \u00een ghiozdan. MY FIRST JOURNAL este un jurnal premium dedicat copiilor \u0219i adolescen\u021bilor Acesta este un material auxiliar pentru clas\u0103 \u0219i face parte din proiectul\u00a0\u201dJournaling \u00een \u0219coli\u201d, [&hellip;]","og_url":"https:\/\/inspiratio.ro\/produs\/imp-my-first-journal\/","og_site_name":"Inspiratio","article_publisher":"https:\/\/www.facebook.com\/inspiratiogiftstudio\/","article_modified_time":"2023-03-15T06:42:21+00:00","og_image":[{"width":1024,"height":512,"url":"https:\/\/inspiratio.ro\/wp-content\/uploads\/2023\/03\/jurnal-pentru-copii-1024x512-1.png","type":"image\/png"}],"twitter_card":"summary_large_image","twitter_misc":{"Est. reading time":"2 minutes"},"schema":{"@context":"https:\/\/schema.org","@graph":[{"@type":"WebPage","@id":"https:\/\/inspiratio.ro\/produs\/imp-my-first-journal\/","url":"https:\/\/inspiratio.ro\/produs\/imp-my-first-journal\/","name":"IMP My First Journal - Inspiratio","isPartOf":{"@id":"https:\/\/inspiratio.ro\/#website"},"primaryImageOfPage":{"@id":"https:\/\/inspiratio.ro\/produs\/imp-my-first-journal\/#primaryimage"},"image":{"@id":"https:\/\/inspiratio.ro\/produs\/imp-my-first-journal\/#primaryimage"},"thumbnailUrl":"https:\/\/inspiratio.ro\/wp-content\/uploads\/2023\/03\/jurnal-pentru-copii-1024x512-1.png","datePublished":"2023-03-15T06:24:56+00:00","dateModified":"2023-03-15T06:42:21+00:00","breadcrumb":{"@id":"https:\/\/inspiratio.ro\/produs\/imp-my-first-journal\/#breadcrumb"},"inLanguage":"en-US","potentialAction":[{"@type":"ReadAction","target":["https:\/\/inspiratio.ro\/produs\/imp-my-first-journal\/"]}]},{"@type":"ImageObject","inLanguage":"en-US","@id":"https:\/\/inspiratio.ro\/produs\/imp-my-first-journal\/#primaryimage","url":"https:\/\/inspiratio.ro\/wp-content\/uploads\/2023\/03\/jurnal-pentru-copii-1024x512-1.png","contentUrl":"https:\/\/inspiratio.ro\/wp-content\/uploads\/2023\/03\/jurnal-pentru-copii-1024x512-1.png","width":1024,"height":512},{"@type":"BreadcrumbList","@id":"https:\/\/inspiratio.ro\/produs\/imp-my-first-journal\/#breadcrumb","itemListElement":[{"@type":"ListItem","position":1,"name":"Shop","item":"https:\/\/inspiratio.ro\/magazin-cadouri\/"},{"@type":"ListItem","position":2,"name":"IMP My First Journal"}]},{"@type":"WebSite","@id":"https:\/\/inspiratio.ro\/#website","url":"https:\/\/inspiratio.ro\/","name":"Inspiratio","description":"Las\u0103-te purtat de inspira\u021bie","publisher":{"@id":"https:\/\/inspiratio.ro\/#organization"},"potentialAction":[{"@type":"SearchAction","target":{"@type":"EntryPoint","urlTemplate":"https:\/\/inspiratio.ro\/?s={search_term_string}"},"query-input":{"@type":"PropertyValueSpecification","valueRequired":true,"valueName":"search_term_string"}}],"inLanguage":"en-US"},{"@type":"Organization","@id":"https:\/\/inspiratio.ro\/#organization","name":"Inspiratio","url":"https:\/\/inspiratio.ro\/","logo":{"@type":"ImageObject","inLanguage":"en-US","@id":"https:\/\/inspiratio.ro\/#\/schema\/logo\/image\/","url":"https:\/\/inspiratio.ro\/wp-content\/uploads\/2020\/06\/logo-inspiratio.png","contentUrl":"https:\/\/inspiratio.ro\/wp-content\/uploads\/2020\/06\/logo-inspiratio.png","width":232,"height":209,"caption":"Inspiratio"},"image":{"@id":"https:\/\/inspiratio.ro\/#\/schema\/logo\/image\/"},"sameAs":["https:\/\/www.facebook.com\/inspiratiogiftstudio\/","https:\/\/www.instagram.com\/inspiratio_giftstudio\/"]}]}},"brands":[],"_links":{"self":[{"href":"https:\/\/inspiratio.ro\/en\/wp-json\/wp\/v2\/product\/5219","targetHints":{"allow":["GET"]}}],"collection":[{"href":"https:\/\/inspiratio.ro\/en\/wp-json\/wp\/v2\/product"}],"about":[{"href":"https:\/\/inspiratio.ro\/en\/wp-json\/wp\/v2\/types\/product"}],"replies":[{"embeddable":true,"href":"https:\/\/inspiratio.ro\/en\/wp-json\/wp\/v2\/comments?post=5219"}],"wp:featuredmedia":[{"embeddable":true,"href":"https:\/\/inspiratio.ro\/en\/wp-json\/wp\/v2\/media\/5220"}],"wp:attachment":[{"href":"https:\/\/inspiratio.ro\/en\/wp-json\/wp\/v2\/media?parent=5219"}],"wp:term":[{"taxonomy":"pwb-brand","embeddable":true,"href":"https:\/\/inspiratio.ro\/en\/wp-json\/wp\/v2\/pwb-brand?post=5219"},{"taxonomy":"product_brand","embeddable":true,"href":"https:\/\/inspiratio.ro\/en\/wp-json\/wp\/v2\/product_brand?post=5219"},{"taxonomy":"product_cat","embeddable":true,"href":"https:\/\/inspiratio.ro\/en\/wp-json\/wp\/v2\/product_cat?post=5219"},{"taxonomy":"product_tag","embeddable":true,"href":"https:\/\/inspiratio.ro\/en\/wp-json\/wp\/v2\/product_tag?post=5219"}],"curies":[{"name":"wp","href":"https:\/\/api.w.org\/{rel}","templated":true}]}}