{"id":5210,"date":"2023-03-15T07:40:46","date_gmt":"2023-03-15T05:40:46","guid":{"rendered":"https:\/\/inspiratio.ro\/?post_type=product&#038;p=5210"},"modified":"2025-07-30T16:32:34","modified_gmt":"2025-07-30T13:32:34","slug":"imp-carte-write-your-way-to-happiness","status":"publish","type":"product","link":"https:\/\/inspiratio.ro\/en\/produs\/imp-carte-write-your-way-to-happiness\/","title":{"rendered":"Carte Write Your Way to Happiness"},"content":{"rendered":"<section class=\"elementor-section elementor-top-section elementor-element elementor-element-2288238 elementor-section-boxed elementor-section-height-default elementor-section-height-default\" data-id=\"2288238\" data-element_type=\"section\">\n<div class=\"elementor-container elementor-column-gap-default\">\n<div class=\"elementor-column elementor-col-100 elementor-top-column elementor-element elementor-element-e72888f\" data-id=\"e72888f\" data-element_type=\"column\">\n<div class=\"elementor-widget-wrap elementor-element-populated\">\n<div class=\"elementor-element elementor-element-21b5e9c elementor-widget elementor-widget-text-editor\" data-id=\"21b5e9c\" data-element_type=\"widget\" data-widget_type=\"text-editor.default\">\n<div class=\"elementor-widget-container\">\n<p><strong>CARTEA DE DEBUT DESPRE TERAPIA PRIN SCRIS \u0218I JOURNALING \u2013 CUM S\u0102-\u021aI SCRII CALEA SPRE FERICIRE (\u00ceN LIMBA ENGLEZ\u0102)<\/strong><\/p>\n<\/div>\n<\/div>\n<\/div>\n<\/div>\n<\/div>\n<\/section>\n<section class=\"elementor-section elementor-top-section elementor-element elementor-element-4c342de elementor-section-boxed elementor-section-height-default elementor-section-height-default\" data-id=\"4c342de\" data-element_type=\"section\">\n<div class=\"elementor-container elementor-column-gap-default\">\n<div class=\"elementor-column elementor-col-100 elementor-top-column elementor-element elementor-element-b01680b\" data-id=\"b01680b\" data-element_type=\"column\">\n<div class=\"elementor-widget-wrap elementor-element-populated\">\n<div class=\"elementor-element elementor-element-cc28ac6 elementor-widget elementor-widget-text-editor\" data-id=\"cc28ac6\" data-element_type=\"widget\" data-widget_type=\"text-editor.default\">\n<div class=\"elementor-widget-container\">\n<p>Cartea Write Your Way to Happiness de Alexandra B\u0103di\u021b\u0103 a fost publicat\u0103 la Londra, \u00een 2018, \u0219i este un ghid de \u00eendrumare pentru scrisul terapeutic \u0219i journaling. Volumul cuprinde \u00eemp\u0103rt\u0103\u0219iri personale, pove\u0219ti vulnerabile, dar \u0219i studii \u0219tiin\u021bifice despre teoria scrisului, beneficii \u0219i exerci\u021bii de pus \u00een practic\u0103. Tot ce ai de f\u0103cut este s\u0103 dai o \u0219ans\u0103 scrisului \u00een jurnal.<\/p>\n<\/div>\n<\/div>\n<\/div>\n<\/div>\n<\/div>\n<\/section>\n","protected":false},"excerpt":{"rendered":"<p>CARTEA DE DEBUT DESPRE TERAPIA PRIN SCRIS \u0218I JOURNALING \u2013 CUM S\u0102-\u021aI SCRII CALEA SPRE FERICIRE (\u00ceN LIMBA ENGLEZ\u0102) Cartea Write Your Way to Happiness de Alexandra B\u0103di\u021b\u0103 a fost publicat\u0103 la Londra, \u00een 2018, \u0219i este un ghid de \u00eendrumare pentru scrisul terapeutic \u0219i journaling. Volumul cuprinde \u00eemp\u0103rt\u0103\u0219iri personale, pove\u0219ti vulnerabile, dar \u0219i studii [&hellip;]<\/p>\n","protected":false},"featured_media":5211,"comment_status":"open","ping_status":"closed","template":"","meta":[],"pwb-brand":[],"product_brand":[],"product_cat":[88,71],"product_tag":[],"class_list":{"0":"post-5210","1":"product","2":"type-product","3":"status-publish","4":"has-post-thumbnail","6":"product_cat-categorie-carte","7":"product_cat-carte","9":"first","10":"instock","11":"taxable","12":"shipping-taxable","13":"purchasable","14":"product-type-simple"},"yoast_head":"<!-- This site is optimized with the Yoast SEO plugin v26.9 - https:\/\/yoast.com\/product\/yoast-seo-wordpress\/ -->\n<title>IMP Carte Write Your Way to Happiness - Inspiratio<\/title>\n<meta name=\"description\" content=\"IMP Carte Write Your Way to Happiness\" \/>\n<meta name=\"robots\" content=\"index, follow, max-snippet:-1, max-image-preview:large, max-video-preview:-1\" \/>\n<link rel=\"canonical\" href=\"https:\/\/inspiratio.ro\/produs\/imp-carte-write-your-way-to-happiness\/\" \/>\n<meta property=\"og:locale\" content=\"en_US\" \/>\n<meta property=\"og:type\" content=\"article\" \/>\n<meta property=\"og:title\" content=\"IMP Carte Write Your Way to Happiness - Inspiratio\" \/>\n<meta property=\"og:description\" content=\"IMP Carte Write Your Way to Happiness\" \/>\n<meta property=\"og:url\" content=\"https:\/\/inspiratio.ro\/produs\/imp-carte-write-your-way-to-happiness\/\" \/>\n<meta property=\"og:site_name\" content=\"Inspiratio\" \/>\n<meta property=\"article:publisher\" content=\"https:\/\/www.facebook.com\/inspiratiogiftstudio\/\" \/>\n<meta property=\"article:modified_time\" content=\"2025-07-30T13:32:34+00:00\" \/>\n<meta property=\"og:image\" content=\"https:\/\/inspiratio.ro\/wp-content\/uploads\/2023\/03\/WhatsApp-Image-2023-02-17-at-11.03.10.jpeg\" \/>\n\t<meta property=\"og:image:width\" content=\"829\" \/>\n\t<meta property=\"og:image:height\" content=\"622\" \/>\n\t<meta property=\"og:image:type\" content=\"image\/jpeg\" \/>\n<meta name=\"twitter:card\" content=\"summary_large_image\" \/>\n<meta name=\"twitter:label1\" content=\"Est. reading time\" \/>\n\t<meta name=\"twitter:data1\" content=\"1 minute\" \/>\n<script type=\"application\/ld+json\" class=\"yoast-schema-graph\">{\"@context\":\"https:\/\/schema.org\",\"@graph\":[{\"@type\":\"WebPage\",\"@id\":\"https:\/\/inspiratio.ro\/produs\/imp-carte-write-your-way-to-happiness\/\",\"url\":\"https:\/\/inspiratio.ro\/produs\/imp-carte-write-your-way-to-happiness\/\",\"name\":\"IMP Carte Write Your Way to Happiness - Inspiratio\",\"isPartOf\":{\"@id\":\"https:\/\/inspiratio.ro\/#website\"},\"primaryImageOfPage\":{\"@id\":\"https:\/\/inspiratio.ro\/produs\/imp-carte-write-your-way-to-happiness\/#primaryimage\"},\"image\":{\"@id\":\"https:\/\/inspiratio.ro\/produs\/imp-carte-write-your-way-to-happiness\/#primaryimage\"},\"thumbnailUrl\":\"https:\/\/inspiratio.ro\/wp-content\/uploads\/2023\/03\/WhatsApp-Image-2023-02-17-at-11.03.10.jpeg\",\"datePublished\":\"2023-03-15T05:40:46+00:00\",\"dateModified\":\"2025-07-30T13:32:34+00:00\",\"description\":\"IMP Carte Write Your Way to Happiness\",\"breadcrumb\":{\"@id\":\"https:\/\/inspiratio.ro\/produs\/imp-carte-write-your-way-to-happiness\/#breadcrumb\"},\"inLanguage\":\"en-US\",\"potentialAction\":[{\"@type\":\"ReadAction\",\"target\":[\"https:\/\/inspiratio.ro\/produs\/imp-carte-write-your-way-to-happiness\/\"]}]},{\"@type\":\"ImageObject\",\"inLanguage\":\"en-US\",\"@id\":\"https:\/\/inspiratio.ro\/produs\/imp-carte-write-your-way-to-happiness\/#primaryimage\",\"url\":\"https:\/\/inspiratio.ro\/wp-content\/uploads\/2023\/03\/WhatsApp-Image-2023-02-17-at-11.03.10.jpeg\",\"contentUrl\":\"https:\/\/inspiratio.ro\/wp-content\/uploads\/2023\/03\/WhatsApp-Image-2023-02-17-at-11.03.10.jpeg\",\"width\":829,\"height\":622},{\"@type\":\"BreadcrumbList\",\"@id\":\"https:\/\/inspiratio.ro\/produs\/imp-carte-write-your-way-to-happiness\/#breadcrumb\",\"itemListElement\":[{\"@type\":\"ListItem\",\"position\":1,\"name\":\"Shop\",\"item\":\"https:\/\/inspiratio.ro\/magazin-cadouri\/\"},{\"@type\":\"ListItem\",\"position\":2,\"name\":\"IMP Carte Write Your Way to Happiness\"}]},{\"@type\":\"WebSite\",\"@id\":\"https:\/\/inspiratio.ro\/#website\",\"url\":\"https:\/\/inspiratio.ro\/\",\"name\":\"Inspiratio\",\"description\":\"Las\u0103-te purtat de inspira\u021bie\",\"publisher\":{\"@id\":\"https:\/\/inspiratio.ro\/#organization\"},\"potentialAction\":[{\"@type\":\"SearchAction\",\"target\":{\"@type\":\"EntryPoint\",\"urlTemplate\":\"https:\/\/inspiratio.ro\/?s={search_term_string}\"},\"query-input\":{\"@type\":\"PropertyValueSpecification\",\"valueRequired\":true,\"valueName\":\"search_term_string\"}}],\"inLanguage\":\"en-US\"},{\"@type\":\"Organization\",\"@id\":\"https:\/\/inspiratio.ro\/#organization\",\"name\":\"Inspiratio\",\"url\":\"https:\/\/inspiratio.ro\/\",\"logo\":{\"@type\":\"ImageObject\",\"inLanguage\":\"en-US\",\"@id\":\"https:\/\/inspiratio.ro\/#\/schema\/logo\/image\/\",\"url\":\"https:\/\/inspiratio.ro\/wp-content\/uploads\/2020\/06\/logo-inspiratio.png\",\"contentUrl\":\"https:\/\/inspiratio.ro\/wp-content\/uploads\/2020\/06\/logo-inspiratio.png\",\"width\":232,\"height\":209,\"caption\":\"Inspiratio\"},\"image\":{\"@id\":\"https:\/\/inspiratio.ro\/#\/schema\/logo\/image\/\"},\"sameAs\":[\"https:\/\/www.facebook.com\/inspiratiogiftstudio\/\",\"https:\/\/www.instagram.com\/inspiratio_giftstudio\/\"]}]}<\/script>\n<!-- \/ Yoast SEO plugin. -->","yoast_head_json":{"title":"IMP Carte Write Your Way to Happiness - Inspiratio","description":"IMP Carte Write Your Way to Happiness","robots":{"index":"index","follow":"follow","max-snippet":"max-snippet:-1","max-image-preview":"max-image-preview:large","max-video-preview":"max-video-preview:-1"},"canonical":"https:\/\/inspiratio.ro\/produs\/imp-carte-write-your-way-to-happiness\/","og_locale":"en_US","og_type":"article","og_title":"IMP Carte Write Your Way to Happiness - Inspiratio","og_description":"IMP Carte Write Your Way to Happiness","og_url":"https:\/\/inspiratio.ro\/produs\/imp-carte-write-your-way-to-happiness\/","og_site_name":"Inspiratio","article_publisher":"https:\/\/www.facebook.com\/inspiratiogiftstudio\/","article_modified_time":"2025-07-30T13:32:34+00:00","og_image":[{"width":829,"height":622,"url":"https:\/\/inspiratio.ro\/wp-content\/uploads\/2023\/03\/WhatsApp-Image-2023-02-17-at-11.03.10.jpeg","type":"image\/jpeg"}],"twitter_card":"summary_large_image","twitter_misc":{"Est. reading time":"1 minute"},"schema":{"@context":"https:\/\/schema.org","@graph":[{"@type":"WebPage","@id":"https:\/\/inspiratio.ro\/produs\/imp-carte-write-your-way-to-happiness\/","url":"https:\/\/inspiratio.ro\/produs\/imp-carte-write-your-way-to-happiness\/","name":"IMP Carte Write Your Way to Happiness - Inspiratio","isPartOf":{"@id":"https:\/\/inspiratio.ro\/#website"},"primaryImageOfPage":{"@id":"https:\/\/inspiratio.ro\/produs\/imp-carte-write-your-way-to-happiness\/#primaryimage"},"image":{"@id":"https:\/\/inspiratio.ro\/produs\/imp-carte-write-your-way-to-happiness\/#primaryimage"},"thumbnailUrl":"https:\/\/inspiratio.ro\/wp-content\/uploads\/2023\/03\/WhatsApp-Image-2023-02-17-at-11.03.10.jpeg","datePublished":"2023-03-15T05:40:46+00:00","dateModified":"2025-07-30T13:32:34+00:00","description":"IMP Carte Write Your Way to Happiness","breadcrumb":{"@id":"https:\/\/inspiratio.ro\/produs\/imp-carte-write-your-way-to-happiness\/#breadcrumb"},"inLanguage":"en-US","potentialAction":[{"@type":"ReadAction","target":["https:\/\/inspiratio.ro\/produs\/imp-carte-write-your-way-to-happiness\/"]}]},{"@type":"ImageObject","inLanguage":"en-US","@id":"https:\/\/inspiratio.ro\/produs\/imp-carte-write-your-way-to-happiness\/#primaryimage","url":"https:\/\/inspiratio.ro\/wp-content\/uploads\/2023\/03\/WhatsApp-Image-2023-02-17-at-11.03.10.jpeg","contentUrl":"https:\/\/inspiratio.ro\/wp-content\/uploads\/2023\/03\/WhatsApp-Image-2023-02-17-at-11.03.10.jpeg","width":829,"height":622},{"@type":"BreadcrumbList","@id":"https:\/\/inspiratio.ro\/produs\/imp-carte-write-your-way-to-happiness\/#breadcrumb","itemListElement":[{"@type":"ListItem","position":1,"name":"Shop","item":"https:\/\/inspiratio.ro\/magazin-cadouri\/"},{"@type":"ListItem","position":2,"name":"IMP Carte Write Your Way to Happiness"}]},{"@type":"WebSite","@id":"https:\/\/inspiratio.ro\/#website","url":"https:\/\/inspiratio.ro\/","name":"Inspiratio","description":"Las\u0103-te purtat de inspira\u021bie","publisher":{"@id":"https:\/\/inspiratio.ro\/#organization"},"potentialAction":[{"@type":"SearchAction","target":{"@type":"EntryPoint","urlTemplate":"https:\/\/inspiratio.ro\/?s={search_term_string}"},"query-input":{"@type":"PropertyValueSpecification","valueRequired":true,"valueName":"search_term_string"}}],"inLanguage":"en-US"},{"@type":"Organization","@id":"https:\/\/inspiratio.ro\/#organization","name":"Inspiratio","url":"https:\/\/inspiratio.ro\/","logo":{"@type":"ImageObject","inLanguage":"en-US","@id":"https:\/\/inspiratio.ro\/#\/schema\/logo\/image\/","url":"https:\/\/inspiratio.ro\/wp-content\/uploads\/2020\/06\/logo-inspiratio.png","contentUrl":"https:\/\/inspiratio.ro\/wp-content\/uploads\/2020\/06\/logo-inspiratio.png","width":232,"height":209,"caption":"Inspiratio"},"image":{"@id":"https:\/\/inspiratio.ro\/#\/schema\/logo\/image\/"},"sameAs":["https:\/\/www.facebook.com\/inspiratiogiftstudio\/","https:\/\/www.instagram.com\/inspiratio_giftstudio\/"]}]}},"brands":[],"_links":{"self":[{"href":"https:\/\/inspiratio.ro\/en\/wp-json\/wp\/v2\/product\/5210","targetHints":{"allow":["GET"]}}],"collection":[{"href":"https:\/\/inspiratio.ro\/en\/wp-json\/wp\/v2\/product"}],"about":[{"href":"https:\/\/inspiratio.ro\/en\/wp-json\/wp\/v2\/types\/product"}],"replies":[{"embeddable":true,"href":"https:\/\/inspiratio.ro\/en\/wp-json\/wp\/v2\/comments?post=5210"}],"wp:featuredmedia":[{"embeddable":true,"href":"https:\/\/inspiratio.ro\/en\/wp-json\/wp\/v2\/media\/5211"}],"wp:attachment":[{"href":"https:\/\/inspiratio.ro\/en\/wp-json\/wp\/v2\/media?parent=5210"}],"wp:term":[{"taxonomy":"pwb-brand","embeddable":true,"href":"https:\/\/inspiratio.ro\/en\/wp-json\/wp\/v2\/pwb-brand?post=5210"},{"taxonomy":"product_brand","embeddable":true,"href":"https:\/\/inspiratio.ro\/en\/wp-json\/wp\/v2\/product_brand?post=5210"},{"taxonomy":"product_cat","embeddable":true,"href":"https:\/\/inspiratio.ro\/en\/wp-json\/wp\/v2\/product_cat?post=5210"},{"taxonomy":"product_tag","embeddable":true,"href":"https:\/\/inspiratio.ro\/en\/wp-json\/wp\/v2\/product_tag?post=5210"}],"curies":[{"name":"wp","href":"https:\/\/api.w.org\/{rel}","templated":true}]}}