{"id":5130,"date":"2023-02-27T17:37:38","date_gmt":"2023-02-27T15:37:38","guid":{"rendered":"https:\/\/inspiratio.ro\/?post_type=product&#038;p=5130"},"modified":"2023-02-27T17:50:49","modified_gmt":"2023-02-27T15:50:49","slug":"tro-esarfa-cravata-cristale","status":"publish","type":"product","link":"https:\/\/inspiratio.ro\/en\/produs\/tro-esarfa-cravata-cristale\/","title":{"rendered":"E\u0219arf\u0103 cravat\u0103 \u2013 cristale"},"content":{"rendered":"<p><span style=\"font-weight: 400;\">Un accesoriu unic de art\u0103 purtabil\u0103 din m\u0103tase 100% natural\u0103, cu elementele decorative pictate \u00een mod diferit pe fiecare parte \u0219i dispuse pentru a fi c\u00e2t mai vizibile la purtarea e\u0219arfei.<\/span><\/p>\n<p><span style=\"font-weight: 400;\">O e\u0219arfa multifunc\u021bional\u0103 potrivit\u0103 pentru a fi purtat\u0103 \u00een multe moduri, \u00een orice moment al anului, at\u00e2t \u00eentr-un cadru oficial, c\u00e2t \u0219i \u00een unul lejer sau nonconformist, \u00een func\u021bie de inspira\u021bie \u0219i stil. Poate fi purtat\u0103 in jurul g\u00e2tului la o bluz\u0103\/rochie, pentru un plus de elegan\u021b\u0103 sub un guler de c\u0103ma\u0219\u0103 (legat\u0103 cu fund\u0103 sau precum o cravat\u0103), poate fi purtata \u00een p\u0103r, sau \u00een talie la o rochie, la un pantalon, la borul p\u0103l\u0103riilor.<\/span><\/p>\n<p><span style=\"font-weight: 400;\">O crea\u021bie \u00eentr-un singur exemplar cu dimensiuni ~168\/8\/4 cm, recomandare cur\u0103\u021bare chimic\u0103; m\u0103tase fond vernil ou de ra\u021b\u0103 cu pictur\u0103 cristale stilizate.<\/span><\/p>\n<p><span style=\"font-weight: 400;\">E\u0219arfa vine ambalat\u0103 \u00eentr-o cutie premium cadou finisat\u0103 manual.<\/span><\/p>\n<h3><span style=\"font-weight: 400;\">TROFIMOV<\/span><\/h3>\n<p><span style=\"font-weight: 400;\">Poezii senzoriale \u0219i cromatice inspirate din natur\u0103 \u0219i pictate \u00cen detaliu pe e\u0219arfe de m\u0103tase.<\/span><\/p>\n<p><span style=\"font-weight: 400;\">Dedicat observatorilor rafina\u021bi care apreciaz\u0103 detaliile pictate cu meticulozitate.<\/span><\/p>\n<p><span style=\"font-weight: 400;\">Aceast\u0103 form\u0103 rar\u0103 de art\u0103 \u00ee\u0219i propune s\u0103 ridice spiritul uman, care g\u0103se\u0219te bucurie \u00een estetica naturii transpus\u0103 \u00een acest mod unic. Toate detaliile contribuie la definirea unicit\u0103\u021bii personalit\u0103\u021bii tale, o modalitate de a te exprima prin aceast\u0103 crea\u021bie delicat\u0103 atemporal\u0103 pentru o via\u021b\u0103 creat\u0103 frumos.<\/span><\/p>\n<p><span style=\"font-weight: 400;\">Fiecare e\u0219arf\u0103 este rezultatul unei colaborari directe cu m\u0103tasea sensibil\u0103 \u00eentr-un proces supus serendipit\u0103\u021bii si inspiratiei de moment, astfel fiecare e\u0219arf\u0103 este unic\u0103. E\u0219arfa este pictat\u0103 \u00eentr-un stil liber, prin urmare, micile imperfec\u021biuni sunt considerate semne de unicitate atribuite universal unui lucru lucrat manual.<\/span><\/p>\n<p><span style=\"font-weight: 400;\">E\u0219arfa de m\u0103tase pictat\u0103 este \u00eenvelit\u0103 \u00een h\u00e2rtie de m\u0103tase delicat\u0103 \u0219i a\u0219ezat\u0103 \u00eentr-o cutie cadou cu finisaje atente.\u00a0<\/span><\/p>\n<h3><span style=\"font-weight: 400;\">Sfaturi de \u00eengrijire<\/span><\/h3>\n<p><span style=\"font-weight: 400;\">M\u0103tasea pictat\u0103 este 100% natural\u0103 \u0219i de\u0219i foarte delicat\u0103, este un material rezistent la uzur\u0103, miros \u0219i murd\u0103rie, a\u0219a c\u0103 recomand\u0103m \u00eentre utiliz\u0103ri, a\u0219ezarea e\u0219arfei pe un umera\u0219 pentru a ventila m\u0103tasea, evit\u00e2nd lumina direct\u0103 a soarelui.<\/span><\/p>\n<p><span style=\"font-weight: 400;\">V\u0103 recomand\u0103m cur\u0103\u021barea chimic\u0103 profesional\u0103 c\u00e2t mai rar; pentru a c\u0103lca e\u0219arfa seta\u021bi temperatura la nivelul bumbacului \u0219i c\u0103lca\u021bi m\u0103tasea pe spate; evita\u021bi pulverizarea parfumurilor direct pe m\u0103tase.<\/span><\/p>\n<p>&nbsp;<\/p>\n<p>&nbsp;<\/p>\n","protected":false},"excerpt":{"rendered":"<p>Un accesoriu unic de art\u0103 purtabil\u0103 din m\u0103tase 100% natural\u0103, cu elementele decorative pictate \u00een mod diferit pe fiecare parte \u0219i dispuse pentru a fi c\u00e2t mai vizibile la purtarea e\u0219arfei. O e\u0219arfa multifunc\u021bional\u0103 potrivit\u0103 pentru a fi purtat\u0103 \u00een multe moduri, \u00een orice moment al anului, at\u00e2t \u00eentr-un cadru oficial, c\u00e2t \u0219i \u00een unul [&hellip;]<\/p>\n","protected":false},"featured_media":5132,"comment_status":"open","ping_status":"closed","template":"","meta":[],"pwb-brand":[162],"product_brand":[],"product_cat":[116,87,17],"product_tag":[],"class_list":{"0":"post-5130","1":"product","2":"type-product","3":"status-publish","4":"has-post-thumbnail","6":"pwb-brand-trofimov","7":"product_cat-seturi-cadou","8":"product_cat-to-wear","9":"product_cat-haine-si-accesorii","11":"first","12":"instock","13":"taxable","14":"shipping-taxable","15":"purchasable","16":"product-type-simple"},"yoast_head":"<!-- This site is optimized with the Yoast SEO plugin v26.9 - https:\/\/yoast.com\/product\/yoast-seo-wordpress\/ -->\n<title>TRO E\u0219arf\u0103 cravat\u0103 \u2013 cristale - Inspiratio<\/title>\n<meta name=\"robots\" content=\"index, follow, max-snippet:-1, max-image-preview:large, max-video-preview:-1\" \/>\n<link rel=\"canonical\" href=\"https:\/\/inspiratio.ro\/produs\/tro-esarfa-cravata-cristale\/\" \/>\n<meta property=\"og:locale\" content=\"en_US\" \/>\n<meta property=\"og:type\" content=\"article\" \/>\n<meta property=\"og:title\" content=\"TRO E\u0219arf\u0103 cravat\u0103 \u2013 cristale - Inspiratio\" \/>\n<meta property=\"og:description\" content=\"Un accesoriu unic de art\u0103 purtabil\u0103 din m\u0103tase 100% natural\u0103, cu elementele decorative pictate \u00een mod diferit pe fiecare parte \u0219i dispuse pentru a fi c\u00e2t mai vizibile la purtarea e\u0219arfei. O e\u0219arfa multifunc\u021bional\u0103 potrivit\u0103 pentru a fi purtat\u0103 \u00een multe moduri, \u00een orice moment al anului, at\u00e2t \u00eentr-un cadru oficial, c\u00e2t \u0219i \u00een unul [&hellip;]\" \/>\n<meta property=\"og:url\" content=\"https:\/\/inspiratio.ro\/produs\/tro-esarfa-cravata-cristale\/\" \/>\n<meta property=\"og:site_name\" content=\"Inspiratio\" \/>\n<meta property=\"article:publisher\" content=\"https:\/\/www.facebook.com\/inspiratiogiftstudio\/\" \/>\n<meta property=\"article:modified_time\" content=\"2023-02-27T15:50:49+00:00\" \/>\n<meta property=\"og:image\" content=\"https:\/\/inspiratio.ro\/wp-content\/uploads\/2023\/02\/Cravata-cristale-2-scaled.jpg\" \/>\n\t<meta property=\"og:image:width\" content=\"2560\" \/>\n\t<meta property=\"og:image:height\" content=\"2560\" \/>\n\t<meta property=\"og:image:type\" content=\"image\/jpeg\" \/>\n<meta name=\"twitter:card\" content=\"summary_large_image\" \/>\n<meta name=\"twitter:label1\" content=\"Est. reading time\" \/>\n\t<meta name=\"twitter:data1\" content=\"2 minutes\" \/>\n<script type=\"application\/ld+json\" class=\"yoast-schema-graph\">{\"@context\":\"https:\/\/schema.org\",\"@graph\":[{\"@type\":\"WebPage\",\"@id\":\"https:\/\/inspiratio.ro\/produs\/tro-esarfa-cravata-cristale\/\",\"url\":\"https:\/\/inspiratio.ro\/produs\/tro-esarfa-cravata-cristale\/\",\"name\":\"TRO E\u0219arf\u0103 cravat\u0103 \u2013 cristale - Inspiratio\",\"isPartOf\":{\"@id\":\"https:\/\/inspiratio.ro\/#website\"},\"primaryImageOfPage\":{\"@id\":\"https:\/\/inspiratio.ro\/produs\/tro-esarfa-cravata-cristale\/#primaryimage\"},\"image\":{\"@id\":\"https:\/\/inspiratio.ro\/produs\/tro-esarfa-cravata-cristale\/#primaryimage\"},\"thumbnailUrl\":\"https:\/\/inspiratio.ro\/wp-content\/uploads\/2023\/02\/Cravata-cristale-2-scaled.jpg\",\"datePublished\":\"2023-02-27T15:37:38+00:00\",\"dateModified\":\"2023-02-27T15:50:49+00:00\",\"breadcrumb\":{\"@id\":\"https:\/\/inspiratio.ro\/produs\/tro-esarfa-cravata-cristale\/#breadcrumb\"},\"inLanguage\":\"en-US\",\"potentialAction\":[{\"@type\":\"ReadAction\",\"target\":[\"https:\/\/inspiratio.ro\/produs\/tro-esarfa-cravata-cristale\/\"]}]},{\"@type\":\"ImageObject\",\"inLanguage\":\"en-US\",\"@id\":\"https:\/\/inspiratio.ro\/produs\/tro-esarfa-cravata-cristale\/#primaryimage\",\"url\":\"https:\/\/inspiratio.ro\/wp-content\/uploads\/2023\/02\/Cravata-cristale-2-scaled.jpg\",\"contentUrl\":\"https:\/\/inspiratio.ro\/wp-content\/uploads\/2023\/02\/Cravata-cristale-2-scaled.jpg\",\"width\":2560,\"height\":2560},{\"@type\":\"BreadcrumbList\",\"@id\":\"https:\/\/inspiratio.ro\/produs\/tro-esarfa-cravata-cristale\/#breadcrumb\",\"itemListElement\":[{\"@type\":\"ListItem\",\"position\":1,\"name\":\"Shop\",\"item\":\"https:\/\/inspiratio.ro\/magazin-cadouri\/\"},{\"@type\":\"ListItem\",\"position\":2,\"name\":\"TRO E\u0219arf\u0103 cravat\u0103 \u2013 cristale\"}]},{\"@type\":\"WebSite\",\"@id\":\"https:\/\/inspiratio.ro\/#website\",\"url\":\"https:\/\/inspiratio.ro\/\",\"name\":\"Inspiratio\",\"description\":\"Las\u0103-te purtat de inspira\u021bie\",\"publisher\":{\"@id\":\"https:\/\/inspiratio.ro\/#organization\"},\"potentialAction\":[{\"@type\":\"SearchAction\",\"target\":{\"@type\":\"EntryPoint\",\"urlTemplate\":\"https:\/\/inspiratio.ro\/?s={search_term_string}\"},\"query-input\":{\"@type\":\"PropertyValueSpecification\",\"valueRequired\":true,\"valueName\":\"search_term_string\"}}],\"inLanguage\":\"en-US\"},{\"@type\":\"Organization\",\"@id\":\"https:\/\/inspiratio.ro\/#organization\",\"name\":\"Inspiratio\",\"url\":\"https:\/\/inspiratio.ro\/\",\"logo\":{\"@type\":\"ImageObject\",\"inLanguage\":\"en-US\",\"@id\":\"https:\/\/inspiratio.ro\/#\/schema\/logo\/image\/\",\"url\":\"https:\/\/inspiratio.ro\/wp-content\/uploads\/2020\/06\/logo-inspiratio.png\",\"contentUrl\":\"https:\/\/inspiratio.ro\/wp-content\/uploads\/2020\/06\/logo-inspiratio.png\",\"width\":232,\"height\":209,\"caption\":\"Inspiratio\"},\"image\":{\"@id\":\"https:\/\/inspiratio.ro\/#\/schema\/logo\/image\/\"},\"sameAs\":[\"https:\/\/www.facebook.com\/inspiratiogiftstudio\/\",\"https:\/\/www.instagram.com\/inspiratio_giftstudio\/\"]}]}<\/script>\n<!-- \/ Yoast SEO plugin. -->","yoast_head_json":{"title":"TRO E\u0219arf\u0103 cravat\u0103 \u2013 cristale - Inspiratio","robots":{"index":"index","follow":"follow","max-snippet":"max-snippet:-1","max-image-preview":"max-image-preview:large","max-video-preview":"max-video-preview:-1"},"canonical":"https:\/\/inspiratio.ro\/produs\/tro-esarfa-cravata-cristale\/","og_locale":"en_US","og_type":"article","og_title":"TRO E\u0219arf\u0103 cravat\u0103 \u2013 cristale - Inspiratio","og_description":"Un accesoriu unic de art\u0103 purtabil\u0103 din m\u0103tase 100% natural\u0103, cu elementele decorative pictate \u00een mod diferit pe fiecare parte \u0219i dispuse pentru a fi c\u00e2t mai vizibile la purtarea e\u0219arfei. O e\u0219arfa multifunc\u021bional\u0103 potrivit\u0103 pentru a fi purtat\u0103 \u00een multe moduri, \u00een orice moment al anului, at\u00e2t \u00eentr-un cadru oficial, c\u00e2t \u0219i \u00een unul [&hellip;]","og_url":"https:\/\/inspiratio.ro\/produs\/tro-esarfa-cravata-cristale\/","og_site_name":"Inspiratio","article_publisher":"https:\/\/www.facebook.com\/inspiratiogiftstudio\/","article_modified_time":"2023-02-27T15:50:49+00:00","og_image":[{"width":2560,"height":2560,"url":"https:\/\/inspiratio.ro\/wp-content\/uploads\/2023\/02\/Cravata-cristale-2-scaled.jpg","type":"image\/jpeg"}],"twitter_card":"summary_large_image","twitter_misc":{"Est. reading time":"2 minutes"},"schema":{"@context":"https:\/\/schema.org","@graph":[{"@type":"WebPage","@id":"https:\/\/inspiratio.ro\/produs\/tro-esarfa-cravata-cristale\/","url":"https:\/\/inspiratio.ro\/produs\/tro-esarfa-cravata-cristale\/","name":"TRO E\u0219arf\u0103 cravat\u0103 \u2013 cristale - Inspiratio","isPartOf":{"@id":"https:\/\/inspiratio.ro\/#website"},"primaryImageOfPage":{"@id":"https:\/\/inspiratio.ro\/produs\/tro-esarfa-cravata-cristale\/#primaryimage"},"image":{"@id":"https:\/\/inspiratio.ro\/produs\/tro-esarfa-cravata-cristale\/#primaryimage"},"thumbnailUrl":"https:\/\/inspiratio.ro\/wp-content\/uploads\/2023\/02\/Cravata-cristale-2-scaled.jpg","datePublished":"2023-02-27T15:37:38+00:00","dateModified":"2023-02-27T15:50:49+00:00","breadcrumb":{"@id":"https:\/\/inspiratio.ro\/produs\/tro-esarfa-cravata-cristale\/#breadcrumb"},"inLanguage":"en-US","potentialAction":[{"@type":"ReadAction","target":["https:\/\/inspiratio.ro\/produs\/tro-esarfa-cravata-cristale\/"]}]},{"@type":"ImageObject","inLanguage":"en-US","@id":"https:\/\/inspiratio.ro\/produs\/tro-esarfa-cravata-cristale\/#primaryimage","url":"https:\/\/inspiratio.ro\/wp-content\/uploads\/2023\/02\/Cravata-cristale-2-scaled.jpg","contentUrl":"https:\/\/inspiratio.ro\/wp-content\/uploads\/2023\/02\/Cravata-cristale-2-scaled.jpg","width":2560,"height":2560},{"@type":"BreadcrumbList","@id":"https:\/\/inspiratio.ro\/produs\/tro-esarfa-cravata-cristale\/#breadcrumb","itemListElement":[{"@type":"ListItem","position":1,"name":"Shop","item":"https:\/\/inspiratio.ro\/magazin-cadouri\/"},{"@type":"ListItem","position":2,"name":"TRO E\u0219arf\u0103 cravat\u0103 \u2013 cristale"}]},{"@type":"WebSite","@id":"https:\/\/inspiratio.ro\/#website","url":"https:\/\/inspiratio.ro\/","name":"Inspiratio","description":"Las\u0103-te purtat de inspira\u021bie","publisher":{"@id":"https:\/\/inspiratio.ro\/#organization"},"potentialAction":[{"@type":"SearchAction","target":{"@type":"EntryPoint","urlTemplate":"https:\/\/inspiratio.ro\/?s={search_term_string}"},"query-input":{"@type":"PropertyValueSpecification","valueRequired":true,"valueName":"search_term_string"}}],"inLanguage":"en-US"},{"@type":"Organization","@id":"https:\/\/inspiratio.ro\/#organization","name":"Inspiratio","url":"https:\/\/inspiratio.ro\/","logo":{"@type":"ImageObject","inLanguage":"en-US","@id":"https:\/\/inspiratio.ro\/#\/schema\/logo\/image\/","url":"https:\/\/inspiratio.ro\/wp-content\/uploads\/2020\/06\/logo-inspiratio.png","contentUrl":"https:\/\/inspiratio.ro\/wp-content\/uploads\/2020\/06\/logo-inspiratio.png","width":232,"height":209,"caption":"Inspiratio"},"image":{"@id":"https:\/\/inspiratio.ro\/#\/schema\/logo\/image\/"},"sameAs":["https:\/\/www.facebook.com\/inspiratiogiftstudio\/","https:\/\/www.instagram.com\/inspiratio_giftstudio\/"]}]}},"brands":[{"id":162,"name":"TROFIMOV","slug":"trofimov"}],"_links":{"self":[{"href":"https:\/\/inspiratio.ro\/en\/wp-json\/wp\/v2\/product\/5130","targetHints":{"allow":["GET"]}}],"collection":[{"href":"https:\/\/inspiratio.ro\/en\/wp-json\/wp\/v2\/product"}],"about":[{"href":"https:\/\/inspiratio.ro\/en\/wp-json\/wp\/v2\/types\/product"}],"replies":[{"embeddable":true,"href":"https:\/\/inspiratio.ro\/en\/wp-json\/wp\/v2\/comments?post=5130"}],"wp:featuredmedia":[{"embeddable":true,"href":"https:\/\/inspiratio.ro\/en\/wp-json\/wp\/v2\/media\/5132"}],"wp:attachment":[{"href":"https:\/\/inspiratio.ro\/en\/wp-json\/wp\/v2\/media?parent=5130"}],"wp:term":[{"taxonomy":"pwb-brand","embeddable":true,"href":"https:\/\/inspiratio.ro\/en\/wp-json\/wp\/v2\/pwb-brand?post=5130"},{"taxonomy":"product_brand","embeddable":true,"href":"https:\/\/inspiratio.ro\/en\/wp-json\/wp\/v2\/product_brand?post=5130"},{"taxonomy":"product_cat","embeddable":true,"href":"https:\/\/inspiratio.ro\/en\/wp-json\/wp\/v2\/product_cat?post=5130"},{"taxonomy":"product_tag","embeddable":true,"href":"https:\/\/inspiratio.ro\/en\/wp-json\/wp\/v2\/product_tag?post=5130"}],"curies":[{"name":"wp","href":"https:\/\/api.w.org\/{rel}","templated":true}]}}