{"id":5095,"date":"2023-02-27T16:20:59","date_gmt":"2023-02-27T14:20:59","guid":{"rendered":"https:\/\/inspiratio.ro\/?post_type=product&#038;p=5095"},"modified":"2026-02-19T16:33:23","modified_gmt":"2026-02-19T14:33:23","slug":"pur-textile-pictate-camasa-dama","status":"publish","type":"product","link":"https:\/\/inspiratio.ro\/en\/produs\/pur-textile-pictate-camasa-dama\/","title":{"rendered":"Textile pictate \u2013 C\u0103m\u0103\u0219i \u0219i Fluturi"},"content":{"rendered":"<p><b>Dimensiuni<\/b><span style=\"font-weight: 400;\">: modelele c\u0103m\u0103\u015filor pictate manual sunt supradimensionate (oversized), dar pe m\u0103rimi (de la XS, p\u00e2n\u0103 la 2XL)<\/span><\/p>\n<p><b>Materialul din care este confectionat<\/b><span style=\"font-weight: 400;\">: 100% bumbac<\/span><\/p>\n<p><b>Concept. <\/b><span style=\"font-weight: 400;\">Toate c\u0103m\u0103\u015file pictate \u00een atelierul 4Pur sunt executate exclusiv manual. Asta \u00eenseamn\u0103 c\u0103 se ia c\u0103ma\u015fa \u015fi direct pe \u0163es\u0103tur\u0103 se picteaz\u0103 cu vopsele speciale pentru textile (rezistente la ap\u0103) \u015fi pensula, f\u0103r\u0103 \u015fabloane.<\/span><b>\u00a0<\/b><\/p>\n<p><span style=\"font-weight: 400;\">Cele dou\u0103 colec\u0163ii de c\u0103m\u0103\u015fi pictate au luat na\u015ftere pentru a sus\u0163ine femeia \u00een procesul ei de devenire, ele fiind pline de semnifica\u0163ii \u015fi simboluri.<\/span><\/p>\n<p><b>Cama\u015fi si Fluturi<\/b><span style=\"font-weight: 400;\"> (picturi cu simbolistic\u0103 bogat\u0103, fluturi, la care se mai adaug\u0103 uneori c\u00e2te un alt element din natur\u0103). Simbolizeaz\u0103 metamorfoza femeii \u015fi sus\u0163inerea ei \u00een manifestarea calit\u0103\u0163ilor feminine).<\/span><\/p>\n<p><b>A S T R U M<\/b><span style=\"font-weight: 400;\"> (picturi ale elementelor astrale, la fel pline de simboluri). Aici scot \u00een eviden\u0163\u0103 prin pictur\u0103 leg\u0103tura dintre micro \u015fi macro, \u00eentuneric \u015fi lumin\u0103, colorat &#8211; necolorat, de spa\u0163iu \u015fi con\u015ftientizarea c\u0103 facem parte din acela\u015fi Univers. Aici picturile sunt \u00eenso\u0163ite \u015fi de ni\u015fte mesaje inspira\u0163ionale.<\/span><\/p>\n","protected":false},"excerpt":{"rendered":"<p>Dimensiuni: modelele c\u0103m\u0103\u015filor pictate manual sunt supradimensionate (oversized), dar pe m\u0103rimi (de la XS, p\u00e2n\u0103 la 2XL) Materialul din care este confectionat: 100% bumbac Concept. Toate c\u0103m\u0103\u015file pictate \u00een atelierul 4Pur sunt executate exclusiv manual. Asta \u00eenseamn\u0103 c\u0103 se ia c\u0103ma\u015fa \u015fi direct pe \u0163es\u0103tur\u0103 se picteaz\u0103 cu vopsele speciale pentru textile (rezistente la ap\u0103) [&hellip;]<\/p>\n","protected":false},"featured_media":5097,"comment_status":"open","ping_status":"closed","template":"","meta":[],"pwb-brand":[161],"product_brand":[],"product_cat":[17],"product_tag":[],"class_list":{"0":"post-5095","1":"product","2":"type-product","3":"status-publish","4":"has-post-thumbnail","6":"pwb-brand-4pur","7":"product_cat-haine-si-accesorii","9":"first","10":"instock","11":"taxable","12":"shipping-taxable","13":"purchasable","14":"product-type-simple"},"yoast_head":"<!-- This site is optimized with the Yoast SEO plugin v26.9 - https:\/\/yoast.com\/product\/yoast-seo-wordpress\/ -->\n<title>PUR Textile pictate \u2013 C\u0103m\u0103\u0219i \u0219i Fluturi - Inspiratio<\/title>\n<meta name=\"description\" content=\"PUR Textile pictate \u2013 C\u0103m\u0103\u0219i \u0219i Fluturi\" \/>\n<meta name=\"robots\" content=\"index, follow, max-snippet:-1, max-image-preview:large, max-video-preview:-1\" \/>\n<link rel=\"canonical\" href=\"https:\/\/inspiratio.ro\/produs\/pur-textile-pictate-camasa-dama\/\" \/>\n<meta property=\"og:locale\" content=\"en_US\" \/>\n<meta property=\"og:type\" content=\"article\" \/>\n<meta property=\"og:title\" content=\"PUR Textile pictate \u2013 C\u0103m\u0103\u0219i \u0219i Fluturi - Inspiratio\" \/>\n<meta property=\"og:description\" content=\"PUR Textile pictate \u2013 C\u0103m\u0103\u0219i \u0219i Fluturi\" \/>\n<meta property=\"og:url\" content=\"https:\/\/inspiratio.ro\/produs\/pur-textile-pictate-camasa-dama\/\" \/>\n<meta property=\"og:site_name\" content=\"Inspiratio\" \/>\n<meta property=\"article:publisher\" content=\"https:\/\/www.facebook.com\/inspiratiogiftstudio\/\" \/>\n<meta property=\"article:modified_time\" content=\"2026-02-19T14:33:23+00:00\" \/>\n<meta property=\"og:image\" content=\"https:\/\/inspiratio.ro\/wp-content\/uploads\/2023\/02\/web-29.jpg\" \/>\n\t<meta property=\"og:image:width\" content=\"1602\" \/>\n\t<meta property=\"og:image:height\" content=\"2400\" \/>\n\t<meta property=\"og:image:type\" content=\"image\/jpeg\" \/>\n<meta name=\"twitter:card\" content=\"summary_large_image\" \/>\n<meta name=\"twitter:label1\" content=\"Est. reading time\" \/>\n\t<meta name=\"twitter:data1\" content=\"2 minutes\" \/>\n<script type=\"application\/ld+json\" class=\"yoast-schema-graph\">{\"@context\":\"https:\/\/schema.org\",\"@graph\":[{\"@type\":\"WebPage\",\"@id\":\"https:\/\/inspiratio.ro\/produs\/pur-textile-pictate-camasa-dama\/\",\"url\":\"https:\/\/inspiratio.ro\/produs\/pur-textile-pictate-camasa-dama\/\",\"name\":\"PUR Textile pictate \u2013 C\u0103m\u0103\u0219i \u0219i Fluturi - Inspiratio\",\"isPartOf\":{\"@id\":\"https:\/\/inspiratio.ro\/#website\"},\"primaryImageOfPage\":{\"@id\":\"https:\/\/inspiratio.ro\/produs\/pur-textile-pictate-camasa-dama\/#primaryimage\"},\"image\":{\"@id\":\"https:\/\/inspiratio.ro\/produs\/pur-textile-pictate-camasa-dama\/#primaryimage\"},\"thumbnailUrl\":\"https:\/\/inspiratio.ro\/wp-content\/uploads\/2023\/02\/web-29.jpg\",\"datePublished\":\"2023-02-27T14:20:59+00:00\",\"dateModified\":\"2026-02-19T14:33:23+00:00\",\"description\":\"PUR Textile pictate \u2013 C\u0103m\u0103\u0219i \u0219i Fluturi\",\"breadcrumb\":{\"@id\":\"https:\/\/inspiratio.ro\/produs\/pur-textile-pictate-camasa-dama\/#breadcrumb\"},\"inLanguage\":\"en-US\",\"potentialAction\":[{\"@type\":\"ReadAction\",\"target\":[\"https:\/\/inspiratio.ro\/produs\/pur-textile-pictate-camasa-dama\/\"]}]},{\"@type\":\"ImageObject\",\"inLanguage\":\"en-US\",\"@id\":\"https:\/\/inspiratio.ro\/produs\/pur-textile-pictate-camasa-dama\/#primaryimage\",\"url\":\"https:\/\/inspiratio.ro\/wp-content\/uploads\/2023\/02\/web-29.jpg\",\"contentUrl\":\"https:\/\/inspiratio.ro\/wp-content\/uploads\/2023\/02\/web-29.jpg\",\"width\":1602,\"height\":2400},{\"@type\":\"BreadcrumbList\",\"@id\":\"https:\/\/inspiratio.ro\/produs\/pur-textile-pictate-camasa-dama\/#breadcrumb\",\"itemListElement\":[{\"@type\":\"ListItem\",\"position\":1,\"name\":\"Shop\",\"item\":\"https:\/\/inspiratio.ro\/magazin-cadouri\/\"},{\"@type\":\"ListItem\",\"position\":2,\"name\":\"PUR Textile pictate \u2013 C\u0103m\u0103\u0219i \u0219i Fluturi\"}]},{\"@type\":\"WebSite\",\"@id\":\"https:\/\/inspiratio.ro\/#website\",\"url\":\"https:\/\/inspiratio.ro\/\",\"name\":\"Inspiratio\",\"description\":\"Las\u0103-te purtat de inspira\u021bie\",\"publisher\":{\"@id\":\"https:\/\/inspiratio.ro\/#organization\"},\"potentialAction\":[{\"@type\":\"SearchAction\",\"target\":{\"@type\":\"EntryPoint\",\"urlTemplate\":\"https:\/\/inspiratio.ro\/?s={search_term_string}\"},\"query-input\":{\"@type\":\"PropertyValueSpecification\",\"valueRequired\":true,\"valueName\":\"search_term_string\"}}],\"inLanguage\":\"en-US\"},{\"@type\":\"Organization\",\"@id\":\"https:\/\/inspiratio.ro\/#organization\",\"name\":\"Inspiratio\",\"url\":\"https:\/\/inspiratio.ro\/\",\"logo\":{\"@type\":\"ImageObject\",\"inLanguage\":\"en-US\",\"@id\":\"https:\/\/inspiratio.ro\/#\/schema\/logo\/image\/\",\"url\":\"https:\/\/inspiratio.ro\/wp-content\/uploads\/2020\/06\/logo-inspiratio.png\",\"contentUrl\":\"https:\/\/inspiratio.ro\/wp-content\/uploads\/2020\/06\/logo-inspiratio.png\",\"width\":232,\"height\":209,\"caption\":\"Inspiratio\"},\"image\":{\"@id\":\"https:\/\/inspiratio.ro\/#\/schema\/logo\/image\/\"},\"sameAs\":[\"https:\/\/www.facebook.com\/inspiratiogiftstudio\/\",\"https:\/\/www.instagram.com\/inspiratio_giftstudio\/\"]}]}<\/script>\n<!-- \/ Yoast SEO plugin. -->","yoast_head_json":{"title":"PUR Textile pictate \u2013 C\u0103m\u0103\u0219i \u0219i Fluturi - Inspiratio","description":"PUR Textile pictate \u2013 C\u0103m\u0103\u0219i \u0219i Fluturi","robots":{"index":"index","follow":"follow","max-snippet":"max-snippet:-1","max-image-preview":"max-image-preview:large","max-video-preview":"max-video-preview:-1"},"canonical":"https:\/\/inspiratio.ro\/produs\/pur-textile-pictate-camasa-dama\/","og_locale":"en_US","og_type":"article","og_title":"PUR Textile pictate \u2013 C\u0103m\u0103\u0219i \u0219i Fluturi - Inspiratio","og_description":"PUR Textile pictate \u2013 C\u0103m\u0103\u0219i \u0219i Fluturi","og_url":"https:\/\/inspiratio.ro\/produs\/pur-textile-pictate-camasa-dama\/","og_site_name":"Inspiratio","article_publisher":"https:\/\/www.facebook.com\/inspiratiogiftstudio\/","article_modified_time":"2026-02-19T14:33:23+00:00","og_image":[{"width":1602,"height":2400,"url":"https:\/\/inspiratio.ro\/wp-content\/uploads\/2023\/02\/web-29.jpg","type":"image\/jpeg"}],"twitter_card":"summary_large_image","twitter_misc":{"Est. reading time":"2 minutes"},"schema":{"@context":"https:\/\/schema.org","@graph":[{"@type":"WebPage","@id":"https:\/\/inspiratio.ro\/produs\/pur-textile-pictate-camasa-dama\/","url":"https:\/\/inspiratio.ro\/produs\/pur-textile-pictate-camasa-dama\/","name":"PUR Textile pictate \u2013 C\u0103m\u0103\u0219i \u0219i Fluturi - Inspiratio","isPartOf":{"@id":"https:\/\/inspiratio.ro\/#website"},"primaryImageOfPage":{"@id":"https:\/\/inspiratio.ro\/produs\/pur-textile-pictate-camasa-dama\/#primaryimage"},"image":{"@id":"https:\/\/inspiratio.ro\/produs\/pur-textile-pictate-camasa-dama\/#primaryimage"},"thumbnailUrl":"https:\/\/inspiratio.ro\/wp-content\/uploads\/2023\/02\/web-29.jpg","datePublished":"2023-02-27T14:20:59+00:00","dateModified":"2026-02-19T14:33:23+00:00","description":"PUR Textile pictate \u2013 C\u0103m\u0103\u0219i \u0219i Fluturi","breadcrumb":{"@id":"https:\/\/inspiratio.ro\/produs\/pur-textile-pictate-camasa-dama\/#breadcrumb"},"inLanguage":"en-US","potentialAction":[{"@type":"ReadAction","target":["https:\/\/inspiratio.ro\/produs\/pur-textile-pictate-camasa-dama\/"]}]},{"@type":"ImageObject","inLanguage":"en-US","@id":"https:\/\/inspiratio.ro\/produs\/pur-textile-pictate-camasa-dama\/#primaryimage","url":"https:\/\/inspiratio.ro\/wp-content\/uploads\/2023\/02\/web-29.jpg","contentUrl":"https:\/\/inspiratio.ro\/wp-content\/uploads\/2023\/02\/web-29.jpg","width":1602,"height":2400},{"@type":"BreadcrumbList","@id":"https:\/\/inspiratio.ro\/produs\/pur-textile-pictate-camasa-dama\/#breadcrumb","itemListElement":[{"@type":"ListItem","position":1,"name":"Shop","item":"https:\/\/inspiratio.ro\/magazin-cadouri\/"},{"@type":"ListItem","position":2,"name":"PUR Textile pictate \u2013 C\u0103m\u0103\u0219i \u0219i Fluturi"}]},{"@type":"WebSite","@id":"https:\/\/inspiratio.ro\/#website","url":"https:\/\/inspiratio.ro\/","name":"Inspiratio","description":"Las\u0103-te purtat de inspira\u021bie","publisher":{"@id":"https:\/\/inspiratio.ro\/#organization"},"potentialAction":[{"@type":"SearchAction","target":{"@type":"EntryPoint","urlTemplate":"https:\/\/inspiratio.ro\/?s={search_term_string}"},"query-input":{"@type":"PropertyValueSpecification","valueRequired":true,"valueName":"search_term_string"}}],"inLanguage":"en-US"},{"@type":"Organization","@id":"https:\/\/inspiratio.ro\/#organization","name":"Inspiratio","url":"https:\/\/inspiratio.ro\/","logo":{"@type":"ImageObject","inLanguage":"en-US","@id":"https:\/\/inspiratio.ro\/#\/schema\/logo\/image\/","url":"https:\/\/inspiratio.ro\/wp-content\/uploads\/2020\/06\/logo-inspiratio.png","contentUrl":"https:\/\/inspiratio.ro\/wp-content\/uploads\/2020\/06\/logo-inspiratio.png","width":232,"height":209,"caption":"Inspiratio"},"image":{"@id":"https:\/\/inspiratio.ro\/#\/schema\/logo\/image\/"},"sameAs":["https:\/\/www.facebook.com\/inspiratiogiftstudio\/","https:\/\/www.instagram.com\/inspiratio_giftstudio\/"]}]}},"brands":[{"id":161,"name":"4PUR","slug":"4pur"}],"_links":{"self":[{"href":"https:\/\/inspiratio.ro\/en\/wp-json\/wp\/v2\/product\/5095","targetHints":{"allow":["GET"]}}],"collection":[{"href":"https:\/\/inspiratio.ro\/en\/wp-json\/wp\/v2\/product"}],"about":[{"href":"https:\/\/inspiratio.ro\/en\/wp-json\/wp\/v2\/types\/product"}],"replies":[{"embeddable":true,"href":"https:\/\/inspiratio.ro\/en\/wp-json\/wp\/v2\/comments?post=5095"}],"wp:featuredmedia":[{"embeddable":true,"href":"https:\/\/inspiratio.ro\/en\/wp-json\/wp\/v2\/media\/5097"}],"wp:attachment":[{"href":"https:\/\/inspiratio.ro\/en\/wp-json\/wp\/v2\/media?parent=5095"}],"wp:term":[{"taxonomy":"pwb-brand","embeddable":true,"href":"https:\/\/inspiratio.ro\/en\/wp-json\/wp\/v2\/pwb-brand?post=5095"},{"taxonomy":"product_brand","embeddable":true,"href":"https:\/\/inspiratio.ro\/en\/wp-json\/wp\/v2\/product_brand?post=5095"},{"taxonomy":"product_cat","embeddable":true,"href":"https:\/\/inspiratio.ro\/en\/wp-json\/wp\/v2\/product_cat?post=5095"},{"taxonomy":"product_tag","embeddable":true,"href":"https:\/\/inspiratio.ro\/en\/wp-json\/wp\/v2\/product_tag?post=5095"}],"curies":[{"name":"wp","href":"https:\/\/api.w.org\/{rel}","templated":true}]}}