{"id":5083,"date":"2023-02-27T15:50:21","date_gmt":"2023-02-27T13:50:21","guid":{"rendered":"https:\/\/inspiratio.ro\/?post_type=product&#038;p=5083"},"modified":"2026-02-19T16:35:09","modified_gmt":"2026-02-19T14:35:09","slug":"pur-ghinda-lana-impaslita","status":"publish","type":"product","link":"https:\/\/inspiratio.ro\/en\/produs\/pur-ghinda-lana-impaslita\/","title":{"rendered":"Ghind\u0103 l\u00e2n\u0103 \u00eemp\u00e2slit\u0103"},"content":{"rendered":"<p><b>Dimensiuni<\/b><span style=\"font-weight: 400;\">: aprox 2,5 cm<\/span><\/p>\n<p><b>Materialul din care este confec\u021bionat<\/b><span style=\"font-weight: 400;\">: l\u00e2n\u0103 (diverse culori), c\u0103p\u0103cel natural de ghind\u0103.<\/span><\/p>\n<p><b>\u00cemp\u00e2slirea cu acul<\/b><span style=\"font-weight: 400;\"> (\u00een limba englez\u0103 ve\u021bi g\u0103si denumirea de needle felting) &#8211; la aceast\u0103 metod\u0103 se folose\u0219te un ac special, ascu\u021bit la v\u00e2rf \u0219i cu diverse stria\u021bii de-a lungul v\u00e2rfului. Acul este \u00eenfipt \u00een l\u00e2n\u0103 \u0219i cu multe, multe \u00eempuns\u0103turi firele de l\u00e2n\u0103 se aga\u021b\u0103 de stria\u021biile acului \u0219i se \u00eencurc\u0103 \u00eentre ele, devenind \u00eemp\u00e2slita. Se insist\u0103 p\u00e2n\u0103 c\u00e2nd se ajunge la forma \u0219i consisten\u021ba dorit\u0103. Cu c\u00e2t se \u00eemp\u00e2sle\u0219te mai mult, cu at\u00e2t l\u00e2na devine mai tare.\u00a0<\/span><\/p>\n<p><span style=\"font-weight: 400;\">\u00cen general, tehnica \u00eemp\u00e2slirii cu acul se folose\u0219te pentru a realiza accesorii mai mici sau mai pu\u021bin voluminoase, av\u00e2nd \u00een vedere c\u0103 \u00eentreg procedeul ia destul de mult timp. Acest fel de \u00eemp\u00e2slire este foarte util atunci c\u00e2nd se dore\u0219te realizarea unor forme mai complexe sau atunci c\u00e2nd este utilizat un anumit \u0219ablon.\u00a0<\/span><\/p>\n<p><span style=\"font-weight: 400;\">Dar acesta metod\u0103 pur \u0219i simplu te \u00eembie s\u0103 faci \u0219i s\u0103 explorezi tot mai multe.\u00a0<\/span><\/p>\n<p><span style=\"font-weight: 400;\"><strong>Despre concept.<\/strong> Lucrul cu l\u00e2na este foarte relaxant \u015fi \u00eemi place s\u0103 o lucrez at\u00e2t pentru proces c\u00e2t \u015fi pentru rezultat, pentru c\u0103 se poate reda realistic. Mai concret, ideea principal\u0103 este s\u0103 ne conect\u0103m c\u00e2t mai mult cu natura.<\/span><\/p>\n<p>La INSPIRATIO stocurile sunt mereu reduse pentru c\u0103 lucr\u0103m cu artizani \u0219i designeri care manufactureaz\u0103 fiecare produs \u00een parte.<\/p>\n<p>Av\u00e2nd \u00een vedere diversitatea culorilor disponibile \u00een magazin, v\u0103 rug\u0103m s\u0103 ne contacta\u021bi telefonic\/Whatsapp pentru a v\u0103 putea sprijini \u00een alegerea produsului dorit.<\/p>\n","protected":false},"excerpt":{"rendered":"<p>Dimensiuni: aprox 2,5 cm Materialul din care este confec\u021bionat: l\u00e2n\u0103 (diverse culori), c\u0103p\u0103cel natural de ghind\u0103. \u00cemp\u00e2slirea cu acul (\u00een limba englez\u0103 ve\u021bi g\u0103si denumirea de needle felting) &#8211; la aceast\u0103 metod\u0103 se folose\u0219te un ac special, ascu\u021bit la v\u00e2rf \u0219i cu diverse stria\u021bii de-a lungul v\u00e2rfului. Acul este \u00eenfipt \u00een l\u00e2n\u0103 \u0219i cu multe, [&hellip;]<\/p>\n","protected":false},"featured_media":5085,"comment_status":"open","ping_status":"closed","template":"","meta":[],"pwb-brand":[161],"product_brand":[],"product_cat":[17],"product_tag":[],"class_list":{"0":"post-5083","1":"product","2":"type-product","3":"status-publish","4":"has-post-thumbnail","6":"pwb-brand-4pur","7":"product_cat-haine-si-accesorii","9":"first","10":"instock","11":"taxable","12":"shipping-taxable","13":"purchasable","14":"product-type-simple"},"yoast_head":"<!-- This site is optimized with the Yoast SEO plugin v26.9 - https:\/\/yoast.com\/product\/yoast-seo-wordpress\/ -->\n<title>PUR Ghind\u0103 l\u00e2n\u0103 \u00eemp\u00e2slit\u0103 - Inspiratio<\/title>\n<meta name=\"description\" content=\"PUR Ghind\u0103 l\u00e2n\u0103 \u00eemp\u00e2slit\u0103\" \/>\n<meta name=\"robots\" content=\"index, follow, max-snippet:-1, max-image-preview:large, max-video-preview:-1\" \/>\n<link rel=\"canonical\" href=\"https:\/\/inspiratio.ro\/produs\/pur-ghinda-lana-impaslita\/\" \/>\n<meta property=\"og:locale\" content=\"en_US\" \/>\n<meta property=\"og:type\" content=\"article\" \/>\n<meta property=\"og:title\" content=\"PUR Ghind\u0103 l\u00e2n\u0103 \u00eemp\u00e2slit\u0103 - Inspiratio\" \/>\n<meta property=\"og:description\" content=\"PUR Ghind\u0103 l\u00e2n\u0103 \u00eemp\u00e2slit\u0103\" \/>\n<meta property=\"og:url\" content=\"https:\/\/inspiratio.ro\/produs\/pur-ghinda-lana-impaslita\/\" \/>\n<meta property=\"og:site_name\" content=\"Inspiratio\" \/>\n<meta property=\"article:publisher\" content=\"https:\/\/www.facebook.com\/inspiratiogiftstudio\/\" \/>\n<meta property=\"article:modified_time\" content=\"2026-02-19T14:35:09+00:00\" \/>\n<meta property=\"og:image\" content=\"https:\/\/inspiratio.ro\/wp-content\/uploads\/2023\/02\/20220211_111434-scaled.jpg\" \/>\n\t<meta property=\"og:image:width\" content=\"2560\" \/>\n\t<meta property=\"og:image:height\" content=\"1537\" \/>\n\t<meta property=\"og:image:type\" content=\"image\/jpeg\" \/>\n<meta name=\"twitter:card\" content=\"summary_large_image\" \/>\n<meta name=\"twitter:label1\" content=\"Est. reading time\" \/>\n\t<meta name=\"twitter:data1\" content=\"2 minutes\" \/>\n<script type=\"application\/ld+json\" class=\"yoast-schema-graph\">{\"@context\":\"https:\/\/schema.org\",\"@graph\":[{\"@type\":\"WebPage\",\"@id\":\"https:\/\/inspiratio.ro\/produs\/pur-ghinda-lana-impaslita\/\",\"url\":\"https:\/\/inspiratio.ro\/produs\/pur-ghinda-lana-impaslita\/\",\"name\":\"PUR Ghind\u0103 l\u00e2n\u0103 \u00eemp\u00e2slit\u0103 - Inspiratio\",\"isPartOf\":{\"@id\":\"https:\/\/inspiratio.ro\/#website\"},\"primaryImageOfPage\":{\"@id\":\"https:\/\/inspiratio.ro\/produs\/pur-ghinda-lana-impaslita\/#primaryimage\"},\"image\":{\"@id\":\"https:\/\/inspiratio.ro\/produs\/pur-ghinda-lana-impaslita\/#primaryimage\"},\"thumbnailUrl\":\"https:\/\/inspiratio.ro\/wp-content\/uploads\/2023\/02\/20220211_111434-scaled.jpg\",\"datePublished\":\"2023-02-27T13:50:21+00:00\",\"dateModified\":\"2026-02-19T14:35:09+00:00\",\"description\":\"PUR Ghind\u0103 l\u00e2n\u0103 \u00eemp\u00e2slit\u0103\",\"breadcrumb\":{\"@id\":\"https:\/\/inspiratio.ro\/produs\/pur-ghinda-lana-impaslita\/#breadcrumb\"},\"inLanguage\":\"en-US\",\"potentialAction\":[{\"@type\":\"ReadAction\",\"target\":[\"https:\/\/inspiratio.ro\/produs\/pur-ghinda-lana-impaslita\/\"]}]},{\"@type\":\"ImageObject\",\"inLanguage\":\"en-US\",\"@id\":\"https:\/\/inspiratio.ro\/produs\/pur-ghinda-lana-impaslita\/#primaryimage\",\"url\":\"https:\/\/inspiratio.ro\/wp-content\/uploads\/2023\/02\/20220211_111434-scaled.jpg\",\"contentUrl\":\"https:\/\/inspiratio.ro\/wp-content\/uploads\/2023\/02\/20220211_111434-scaled.jpg\",\"width\":2560,\"height\":1537},{\"@type\":\"BreadcrumbList\",\"@id\":\"https:\/\/inspiratio.ro\/produs\/pur-ghinda-lana-impaslita\/#breadcrumb\",\"itemListElement\":[{\"@type\":\"ListItem\",\"position\":1,\"name\":\"Shop\",\"item\":\"https:\/\/inspiratio.ro\/magazin-cadouri\/\"},{\"@type\":\"ListItem\",\"position\":2,\"name\":\"PUR Ghind\u0103 l\u00e2n\u0103 \u00eemp\u00e2slit\u0103\"}]},{\"@type\":\"WebSite\",\"@id\":\"https:\/\/inspiratio.ro\/#website\",\"url\":\"https:\/\/inspiratio.ro\/\",\"name\":\"Inspiratio\",\"description\":\"Las\u0103-te purtat de inspira\u021bie\",\"publisher\":{\"@id\":\"https:\/\/inspiratio.ro\/#organization\"},\"potentialAction\":[{\"@type\":\"SearchAction\",\"target\":{\"@type\":\"EntryPoint\",\"urlTemplate\":\"https:\/\/inspiratio.ro\/?s={search_term_string}\"},\"query-input\":{\"@type\":\"PropertyValueSpecification\",\"valueRequired\":true,\"valueName\":\"search_term_string\"}}],\"inLanguage\":\"en-US\"},{\"@type\":\"Organization\",\"@id\":\"https:\/\/inspiratio.ro\/#organization\",\"name\":\"Inspiratio\",\"url\":\"https:\/\/inspiratio.ro\/\",\"logo\":{\"@type\":\"ImageObject\",\"inLanguage\":\"en-US\",\"@id\":\"https:\/\/inspiratio.ro\/#\/schema\/logo\/image\/\",\"url\":\"https:\/\/inspiratio.ro\/wp-content\/uploads\/2020\/06\/logo-inspiratio.png\",\"contentUrl\":\"https:\/\/inspiratio.ro\/wp-content\/uploads\/2020\/06\/logo-inspiratio.png\",\"width\":232,\"height\":209,\"caption\":\"Inspiratio\"},\"image\":{\"@id\":\"https:\/\/inspiratio.ro\/#\/schema\/logo\/image\/\"},\"sameAs\":[\"https:\/\/www.facebook.com\/inspiratiogiftstudio\/\",\"https:\/\/www.instagram.com\/inspiratio_giftstudio\/\"]}]}<\/script>\n<!-- \/ Yoast SEO plugin. -->","yoast_head_json":{"title":"PUR Ghind\u0103 l\u00e2n\u0103 \u00eemp\u00e2slit\u0103 - Inspiratio","description":"PUR Ghind\u0103 l\u00e2n\u0103 \u00eemp\u00e2slit\u0103","robots":{"index":"index","follow":"follow","max-snippet":"max-snippet:-1","max-image-preview":"max-image-preview:large","max-video-preview":"max-video-preview:-1"},"canonical":"https:\/\/inspiratio.ro\/produs\/pur-ghinda-lana-impaslita\/","og_locale":"en_US","og_type":"article","og_title":"PUR Ghind\u0103 l\u00e2n\u0103 \u00eemp\u00e2slit\u0103 - Inspiratio","og_description":"PUR Ghind\u0103 l\u00e2n\u0103 \u00eemp\u00e2slit\u0103","og_url":"https:\/\/inspiratio.ro\/produs\/pur-ghinda-lana-impaslita\/","og_site_name":"Inspiratio","article_publisher":"https:\/\/www.facebook.com\/inspiratiogiftstudio\/","article_modified_time":"2026-02-19T14:35:09+00:00","og_image":[{"width":2560,"height":1537,"url":"https:\/\/inspiratio.ro\/wp-content\/uploads\/2023\/02\/20220211_111434-scaled.jpg","type":"image\/jpeg"}],"twitter_card":"summary_large_image","twitter_misc":{"Est. reading time":"2 minutes"},"schema":{"@context":"https:\/\/schema.org","@graph":[{"@type":"WebPage","@id":"https:\/\/inspiratio.ro\/produs\/pur-ghinda-lana-impaslita\/","url":"https:\/\/inspiratio.ro\/produs\/pur-ghinda-lana-impaslita\/","name":"PUR Ghind\u0103 l\u00e2n\u0103 \u00eemp\u00e2slit\u0103 - Inspiratio","isPartOf":{"@id":"https:\/\/inspiratio.ro\/#website"},"primaryImageOfPage":{"@id":"https:\/\/inspiratio.ro\/produs\/pur-ghinda-lana-impaslita\/#primaryimage"},"image":{"@id":"https:\/\/inspiratio.ro\/produs\/pur-ghinda-lana-impaslita\/#primaryimage"},"thumbnailUrl":"https:\/\/inspiratio.ro\/wp-content\/uploads\/2023\/02\/20220211_111434-scaled.jpg","datePublished":"2023-02-27T13:50:21+00:00","dateModified":"2026-02-19T14:35:09+00:00","description":"PUR Ghind\u0103 l\u00e2n\u0103 \u00eemp\u00e2slit\u0103","breadcrumb":{"@id":"https:\/\/inspiratio.ro\/produs\/pur-ghinda-lana-impaslita\/#breadcrumb"},"inLanguage":"en-US","potentialAction":[{"@type":"ReadAction","target":["https:\/\/inspiratio.ro\/produs\/pur-ghinda-lana-impaslita\/"]}]},{"@type":"ImageObject","inLanguage":"en-US","@id":"https:\/\/inspiratio.ro\/produs\/pur-ghinda-lana-impaslita\/#primaryimage","url":"https:\/\/inspiratio.ro\/wp-content\/uploads\/2023\/02\/20220211_111434-scaled.jpg","contentUrl":"https:\/\/inspiratio.ro\/wp-content\/uploads\/2023\/02\/20220211_111434-scaled.jpg","width":2560,"height":1537},{"@type":"BreadcrumbList","@id":"https:\/\/inspiratio.ro\/produs\/pur-ghinda-lana-impaslita\/#breadcrumb","itemListElement":[{"@type":"ListItem","position":1,"name":"Shop","item":"https:\/\/inspiratio.ro\/magazin-cadouri\/"},{"@type":"ListItem","position":2,"name":"PUR Ghind\u0103 l\u00e2n\u0103 \u00eemp\u00e2slit\u0103"}]},{"@type":"WebSite","@id":"https:\/\/inspiratio.ro\/#website","url":"https:\/\/inspiratio.ro\/","name":"Inspiratio","description":"Las\u0103-te purtat de inspira\u021bie","publisher":{"@id":"https:\/\/inspiratio.ro\/#organization"},"potentialAction":[{"@type":"SearchAction","target":{"@type":"EntryPoint","urlTemplate":"https:\/\/inspiratio.ro\/?s={search_term_string}"},"query-input":{"@type":"PropertyValueSpecification","valueRequired":true,"valueName":"search_term_string"}}],"inLanguage":"en-US"},{"@type":"Organization","@id":"https:\/\/inspiratio.ro\/#organization","name":"Inspiratio","url":"https:\/\/inspiratio.ro\/","logo":{"@type":"ImageObject","inLanguage":"en-US","@id":"https:\/\/inspiratio.ro\/#\/schema\/logo\/image\/","url":"https:\/\/inspiratio.ro\/wp-content\/uploads\/2020\/06\/logo-inspiratio.png","contentUrl":"https:\/\/inspiratio.ro\/wp-content\/uploads\/2020\/06\/logo-inspiratio.png","width":232,"height":209,"caption":"Inspiratio"},"image":{"@id":"https:\/\/inspiratio.ro\/#\/schema\/logo\/image\/"},"sameAs":["https:\/\/www.facebook.com\/inspiratiogiftstudio\/","https:\/\/www.instagram.com\/inspiratio_giftstudio\/"]}]}},"brands":[{"id":161,"name":"4PUR","slug":"4pur"}],"_links":{"self":[{"href":"https:\/\/inspiratio.ro\/en\/wp-json\/wp\/v2\/product\/5083","targetHints":{"allow":["GET"]}}],"collection":[{"href":"https:\/\/inspiratio.ro\/en\/wp-json\/wp\/v2\/product"}],"about":[{"href":"https:\/\/inspiratio.ro\/en\/wp-json\/wp\/v2\/types\/product"}],"replies":[{"embeddable":true,"href":"https:\/\/inspiratio.ro\/en\/wp-json\/wp\/v2\/comments?post=5083"}],"wp:featuredmedia":[{"embeddable":true,"href":"https:\/\/inspiratio.ro\/en\/wp-json\/wp\/v2\/media\/5085"}],"wp:attachment":[{"href":"https:\/\/inspiratio.ro\/en\/wp-json\/wp\/v2\/media?parent=5083"}],"wp:term":[{"taxonomy":"pwb-brand","embeddable":true,"href":"https:\/\/inspiratio.ro\/en\/wp-json\/wp\/v2\/pwb-brand?post=5083"},{"taxonomy":"product_brand","embeddable":true,"href":"https:\/\/inspiratio.ro\/en\/wp-json\/wp\/v2\/product_brand?post=5083"},{"taxonomy":"product_cat","embeddable":true,"href":"https:\/\/inspiratio.ro\/en\/wp-json\/wp\/v2\/product_cat?post=5083"},{"taxonomy":"product_tag","embeddable":true,"href":"https:\/\/inspiratio.ro\/en\/wp-json\/wp\/v2\/product_tag?post=5083"}],"curies":[{"name":"wp","href":"https:\/\/api.w.org\/{rel}","templated":true}]}}