{"id":5054,"date":"2023-02-12T16:07:58","date_gmt":"2023-02-12T14:07:58","guid":{"rendered":"https:\/\/inspiratio.ro\/?post_type=product&#038;p=5054"},"modified":"2024-05-29T12:00:27","modified_gmt":"2024-05-29T09:00:27","slug":"pea-brosa-inima-mica","status":"publish","type":"product","link":"https:\/\/inspiratio.ro\/en\/produs\/pea-brosa-inima-mica\/","title":{"rendered":"Bro\u0219\u0103 inim\u0103 mic\u0103"},"content":{"rendered":"<p>Bro\u0219e realizate din lut cu uscare la aer, pictate \u00een culori acrilice \u0219i l\u0103cuite cu r\u0103\u0219in\u0103 UV. Prinderea se face cu ac de bro\u0219\u0103 din o\u021bel inoxidabil.<\/p>\n<p>Pentru c\u0103 fiecare bro\u0219\u0103 este modelat\u0103 \u0219i pictat\u0103 manual, detaliile pot varia u\u0219or.<\/p>\n<p>Dimensiune aprox. 3.5 x 3.2cm<\/p>\n<p>La INSPIRATIO stocurile sunt mereu reduse pentru c\u0103 lucr\u0103m cu artizani \u0219i designeri care manufactureaz\u0103 fiecare produs \u00een parte.<\/p>\n<p>Av\u00e2nd \u00een vedere diversitatea modelelor \u0219i culorilor disponibile \u00een magazin, v\u0103 rug\u0103m s\u0103 ne contacta\u021bi telefonic\/Whatsapp pentru a v\u0103 putea sprijini \u00een alegerea produsului dorit.<\/p>\n","protected":false},"excerpt":{"rendered":"<p>Bro\u0219e realizate din lut cu uscare la aer, pictate \u00een culori acrilice \u0219i l\u0103cuite cu r\u0103\u0219in\u0103 UV. Prinderea se face cu ac de bro\u0219\u0103 din o\u021bel inoxidabil. Pentru c\u0103 fiecare bro\u0219\u0103 este modelat\u0103 \u0219i pictat\u0103 manual, detaliile pot varia u\u0219or. Dimensiune aprox. 3.5 x 3.2cm La INSPIRATIO stocurile sunt mereu reduse pentru c\u0103 lucr\u0103m cu [&hellip;]<\/p>\n","protected":false},"featured_media":5055,"comment_status":"open","ping_status":"closed","template":"","meta":[],"pwb-brand":[160],"product_brand":[],"product_cat":[87,18],"product_tag":[],"class_list":{"0":"post-5054","1":"product","2":"type-product","3":"status-publish","4":"has-post-thumbnail","6":"pwb-brand-peaches-and-papers","7":"product_cat-to-wear","8":"product_cat-bijuterie-contemporana","10":"first","11":"instock","12":"taxable","13":"shipping-taxable","14":"purchasable","15":"product-type-simple"},"yoast_head":"<!-- This site is optimized with the Yoast SEO plugin v26.9 - https:\/\/yoast.com\/product\/yoast-seo-wordpress\/ -->\n<title>PEA Bro\u0219\u0103 inim\u0103 mic\u0103 - Inspiratio<\/title>\n<meta name=\"robots\" content=\"index, follow, max-snippet:-1, max-image-preview:large, max-video-preview:-1\" \/>\n<link rel=\"canonical\" href=\"https:\/\/inspiratio.ro\/produs\/pea-brosa-inima-mica\/\" \/>\n<meta property=\"og:locale\" content=\"en_US\" \/>\n<meta property=\"og:type\" content=\"article\" \/>\n<meta property=\"og:title\" content=\"PEA Bro\u0219\u0103 inim\u0103 mic\u0103 - Inspiratio\" \/>\n<meta property=\"og:description\" content=\"Bro\u0219e realizate din lut cu uscare la aer, pictate \u00een culori acrilice \u0219i l\u0103cuite cu r\u0103\u0219in\u0103 UV. Prinderea se face cu ac de bro\u0219\u0103 din o\u021bel inoxidabil. Pentru c\u0103 fiecare bro\u0219\u0103 este modelat\u0103 \u0219i pictat\u0103 manual, detaliile pot varia u\u0219or. Dimensiune aprox. 3.5 x 3.2cm La INSPIRATIO stocurile sunt mereu reduse pentru c\u0103 lucr\u0103m cu [&hellip;]\" \/>\n<meta property=\"og:url\" content=\"https:\/\/inspiratio.ro\/produs\/pea-brosa-inima-mica\/\" \/>\n<meta property=\"og:site_name\" content=\"Inspiratio\" \/>\n<meta property=\"article:publisher\" content=\"https:\/\/www.facebook.com\/inspiratiogiftstudio\/\" \/>\n<meta property=\"article:modified_time\" content=\"2024-05-29T09:00:27+00:00\" \/>\n<meta property=\"og:image\" content=\"https:\/\/inspiratio.ro\/wp-content\/uploads\/2023\/02\/trgrtgtr-600x600-1.jpg\" \/>\n\t<meta property=\"og:image:width\" content=\"600\" \/>\n\t<meta property=\"og:image:height\" content=\"600\" \/>\n\t<meta property=\"og:image:type\" content=\"image\/jpeg\" \/>\n<meta name=\"twitter:card\" content=\"summary_large_image\" \/>\n<meta name=\"twitter:label1\" content=\"Est. reading time\" \/>\n\t<meta name=\"twitter:data1\" content=\"1 minute\" \/>\n<script type=\"application\/ld+json\" class=\"yoast-schema-graph\">{\"@context\":\"https:\/\/schema.org\",\"@graph\":[{\"@type\":\"WebPage\",\"@id\":\"https:\/\/inspiratio.ro\/produs\/pea-brosa-inima-mica\/\",\"url\":\"https:\/\/inspiratio.ro\/produs\/pea-brosa-inima-mica\/\",\"name\":\"PEA Bro\u0219\u0103 inim\u0103 mic\u0103 - Inspiratio\",\"isPartOf\":{\"@id\":\"https:\/\/inspiratio.ro\/#website\"},\"primaryImageOfPage\":{\"@id\":\"https:\/\/inspiratio.ro\/produs\/pea-brosa-inima-mica\/#primaryimage\"},\"image\":{\"@id\":\"https:\/\/inspiratio.ro\/produs\/pea-brosa-inima-mica\/#primaryimage\"},\"thumbnailUrl\":\"https:\/\/inspiratio.ro\/wp-content\/uploads\/2023\/02\/trgrtgtr-600x600-1.jpg\",\"datePublished\":\"2023-02-12T14:07:58+00:00\",\"dateModified\":\"2024-05-29T09:00:27+00:00\",\"breadcrumb\":{\"@id\":\"https:\/\/inspiratio.ro\/produs\/pea-brosa-inima-mica\/#breadcrumb\"},\"inLanguage\":\"en-US\",\"potentialAction\":[{\"@type\":\"ReadAction\",\"target\":[\"https:\/\/inspiratio.ro\/produs\/pea-brosa-inima-mica\/\"]}]},{\"@type\":\"ImageObject\",\"inLanguage\":\"en-US\",\"@id\":\"https:\/\/inspiratio.ro\/produs\/pea-brosa-inima-mica\/#primaryimage\",\"url\":\"https:\/\/inspiratio.ro\/wp-content\/uploads\/2023\/02\/trgrtgtr-600x600-1.jpg\",\"contentUrl\":\"https:\/\/inspiratio.ro\/wp-content\/uploads\/2023\/02\/trgrtgtr-600x600-1.jpg\",\"width\":600,\"height\":600},{\"@type\":\"BreadcrumbList\",\"@id\":\"https:\/\/inspiratio.ro\/produs\/pea-brosa-inima-mica\/#breadcrumb\",\"itemListElement\":[{\"@type\":\"ListItem\",\"position\":1,\"name\":\"Shop\",\"item\":\"https:\/\/inspiratio.ro\/magazin-cadouri\/\"},{\"@type\":\"ListItem\",\"position\":2,\"name\":\"PEA Bro\u0219\u0103 inim\u0103 mic\u0103\"}]},{\"@type\":\"WebSite\",\"@id\":\"https:\/\/inspiratio.ro\/#website\",\"url\":\"https:\/\/inspiratio.ro\/\",\"name\":\"Inspiratio\",\"description\":\"Las\u0103-te purtat de inspira\u021bie\",\"publisher\":{\"@id\":\"https:\/\/inspiratio.ro\/#organization\"},\"potentialAction\":[{\"@type\":\"SearchAction\",\"target\":{\"@type\":\"EntryPoint\",\"urlTemplate\":\"https:\/\/inspiratio.ro\/?s={search_term_string}\"},\"query-input\":{\"@type\":\"PropertyValueSpecification\",\"valueRequired\":true,\"valueName\":\"search_term_string\"}}],\"inLanguage\":\"en-US\"},{\"@type\":\"Organization\",\"@id\":\"https:\/\/inspiratio.ro\/#organization\",\"name\":\"Inspiratio\",\"url\":\"https:\/\/inspiratio.ro\/\",\"logo\":{\"@type\":\"ImageObject\",\"inLanguage\":\"en-US\",\"@id\":\"https:\/\/inspiratio.ro\/#\/schema\/logo\/image\/\",\"url\":\"https:\/\/inspiratio.ro\/wp-content\/uploads\/2020\/06\/logo-inspiratio.png\",\"contentUrl\":\"https:\/\/inspiratio.ro\/wp-content\/uploads\/2020\/06\/logo-inspiratio.png\",\"width\":232,\"height\":209,\"caption\":\"Inspiratio\"},\"image\":{\"@id\":\"https:\/\/inspiratio.ro\/#\/schema\/logo\/image\/\"},\"sameAs\":[\"https:\/\/www.facebook.com\/inspiratiogiftstudio\/\",\"https:\/\/www.instagram.com\/inspiratio_giftstudio\/\"]}]}<\/script>\n<!-- \/ Yoast SEO plugin. -->","yoast_head_json":{"title":"PEA Bro\u0219\u0103 inim\u0103 mic\u0103 - Inspiratio","robots":{"index":"index","follow":"follow","max-snippet":"max-snippet:-1","max-image-preview":"max-image-preview:large","max-video-preview":"max-video-preview:-1"},"canonical":"https:\/\/inspiratio.ro\/produs\/pea-brosa-inima-mica\/","og_locale":"en_US","og_type":"article","og_title":"PEA Bro\u0219\u0103 inim\u0103 mic\u0103 - Inspiratio","og_description":"Bro\u0219e realizate din lut cu uscare la aer, pictate \u00een culori acrilice \u0219i l\u0103cuite cu r\u0103\u0219in\u0103 UV. Prinderea se face cu ac de bro\u0219\u0103 din o\u021bel inoxidabil. Pentru c\u0103 fiecare bro\u0219\u0103 este modelat\u0103 \u0219i pictat\u0103 manual, detaliile pot varia u\u0219or. Dimensiune aprox. 3.5 x 3.2cm La INSPIRATIO stocurile sunt mereu reduse pentru c\u0103 lucr\u0103m cu [&hellip;]","og_url":"https:\/\/inspiratio.ro\/produs\/pea-brosa-inima-mica\/","og_site_name":"Inspiratio","article_publisher":"https:\/\/www.facebook.com\/inspiratiogiftstudio\/","article_modified_time":"2024-05-29T09:00:27+00:00","og_image":[{"width":600,"height":600,"url":"https:\/\/inspiratio.ro\/wp-content\/uploads\/2023\/02\/trgrtgtr-600x600-1.jpg","type":"image\/jpeg"}],"twitter_card":"summary_large_image","twitter_misc":{"Est. reading time":"1 minute"},"schema":{"@context":"https:\/\/schema.org","@graph":[{"@type":"WebPage","@id":"https:\/\/inspiratio.ro\/produs\/pea-brosa-inima-mica\/","url":"https:\/\/inspiratio.ro\/produs\/pea-brosa-inima-mica\/","name":"PEA Bro\u0219\u0103 inim\u0103 mic\u0103 - Inspiratio","isPartOf":{"@id":"https:\/\/inspiratio.ro\/#website"},"primaryImageOfPage":{"@id":"https:\/\/inspiratio.ro\/produs\/pea-brosa-inima-mica\/#primaryimage"},"image":{"@id":"https:\/\/inspiratio.ro\/produs\/pea-brosa-inima-mica\/#primaryimage"},"thumbnailUrl":"https:\/\/inspiratio.ro\/wp-content\/uploads\/2023\/02\/trgrtgtr-600x600-1.jpg","datePublished":"2023-02-12T14:07:58+00:00","dateModified":"2024-05-29T09:00:27+00:00","breadcrumb":{"@id":"https:\/\/inspiratio.ro\/produs\/pea-brosa-inima-mica\/#breadcrumb"},"inLanguage":"en-US","potentialAction":[{"@type":"ReadAction","target":["https:\/\/inspiratio.ro\/produs\/pea-brosa-inima-mica\/"]}]},{"@type":"ImageObject","inLanguage":"en-US","@id":"https:\/\/inspiratio.ro\/produs\/pea-brosa-inima-mica\/#primaryimage","url":"https:\/\/inspiratio.ro\/wp-content\/uploads\/2023\/02\/trgrtgtr-600x600-1.jpg","contentUrl":"https:\/\/inspiratio.ro\/wp-content\/uploads\/2023\/02\/trgrtgtr-600x600-1.jpg","width":600,"height":600},{"@type":"BreadcrumbList","@id":"https:\/\/inspiratio.ro\/produs\/pea-brosa-inima-mica\/#breadcrumb","itemListElement":[{"@type":"ListItem","position":1,"name":"Shop","item":"https:\/\/inspiratio.ro\/magazin-cadouri\/"},{"@type":"ListItem","position":2,"name":"PEA Bro\u0219\u0103 inim\u0103 mic\u0103"}]},{"@type":"WebSite","@id":"https:\/\/inspiratio.ro\/#website","url":"https:\/\/inspiratio.ro\/","name":"Inspiratio","description":"Las\u0103-te purtat de inspira\u021bie","publisher":{"@id":"https:\/\/inspiratio.ro\/#organization"},"potentialAction":[{"@type":"SearchAction","target":{"@type":"EntryPoint","urlTemplate":"https:\/\/inspiratio.ro\/?s={search_term_string}"},"query-input":{"@type":"PropertyValueSpecification","valueRequired":true,"valueName":"search_term_string"}}],"inLanguage":"en-US"},{"@type":"Organization","@id":"https:\/\/inspiratio.ro\/#organization","name":"Inspiratio","url":"https:\/\/inspiratio.ro\/","logo":{"@type":"ImageObject","inLanguage":"en-US","@id":"https:\/\/inspiratio.ro\/#\/schema\/logo\/image\/","url":"https:\/\/inspiratio.ro\/wp-content\/uploads\/2020\/06\/logo-inspiratio.png","contentUrl":"https:\/\/inspiratio.ro\/wp-content\/uploads\/2020\/06\/logo-inspiratio.png","width":232,"height":209,"caption":"Inspiratio"},"image":{"@id":"https:\/\/inspiratio.ro\/#\/schema\/logo\/image\/"},"sameAs":["https:\/\/www.facebook.com\/inspiratiogiftstudio\/","https:\/\/www.instagram.com\/inspiratio_giftstudio\/"]}]}},"brands":[{"id":160,"name":"Peaches and Papers","slug":"peaches-and-papers"}],"_links":{"self":[{"href":"https:\/\/inspiratio.ro\/en\/wp-json\/wp\/v2\/product\/5054","targetHints":{"allow":["GET"]}}],"collection":[{"href":"https:\/\/inspiratio.ro\/en\/wp-json\/wp\/v2\/product"}],"about":[{"href":"https:\/\/inspiratio.ro\/en\/wp-json\/wp\/v2\/types\/product"}],"replies":[{"embeddable":true,"href":"https:\/\/inspiratio.ro\/en\/wp-json\/wp\/v2\/comments?post=5054"}],"wp:featuredmedia":[{"embeddable":true,"href":"https:\/\/inspiratio.ro\/en\/wp-json\/wp\/v2\/media\/5055"}],"wp:attachment":[{"href":"https:\/\/inspiratio.ro\/en\/wp-json\/wp\/v2\/media?parent=5054"}],"wp:term":[{"taxonomy":"pwb-brand","embeddable":true,"href":"https:\/\/inspiratio.ro\/en\/wp-json\/wp\/v2\/pwb-brand?post=5054"},{"taxonomy":"product_brand","embeddable":true,"href":"https:\/\/inspiratio.ro\/en\/wp-json\/wp\/v2\/product_brand?post=5054"},{"taxonomy":"product_cat","embeddable":true,"href":"https:\/\/inspiratio.ro\/en\/wp-json\/wp\/v2\/product_cat?post=5054"},{"taxonomy":"product_tag","embeddable":true,"href":"https:\/\/inspiratio.ro\/en\/wp-json\/wp\/v2\/product_tag?post=5054"}],"curies":[{"name":"wp","href":"https:\/\/api.w.org\/{rel}","templated":true}]}}