{"id":5049,"date":"2023-02-09T17:15:30","date_gmt":"2023-02-09T15:15:30","guid":{"rendered":"https:\/\/inspiratio.ro\/?post_type=product&#038;p=5049"},"modified":"2025-07-30T16:36:19","modified_gmt":"2025-07-30T13:36:19","slug":"mok-fekete-templom-biserica-neagra","status":"publish","type":"product","link":"https:\/\/inspiratio.ro\/en\/produs\/mok-fekete-templom-biserica-neagra\/","title":{"rendered":"Fekete templom\/Biserica Neagr\u0103"},"content":{"rendered":"<ul>\n<li>Num\u0103r pagini: 319<\/li>\n<li>Editura: Martin Optiz Kiad\u00f3<\/li>\n<li>Publicat\u0103 \u00een 2018<\/li>\n<\/ul>\n<h4>Descriere \u00een limba rom\u00e2n\u0103<\/h4>\n<p>\u00cen ziua de 21 aprilie 1689,Biserica\u00a0\u00a0un incendiu a distrus biserica luteran\u0103 parohial\u0103 din Bra\u0219ov. Cartea reconstituie povestea fascinant\u0103 a reconstruc\u021biei \u0219i urm\u0103re\u0219te configurarea bisericii ca spa\u021biu luteran \u00een regiunea plurietnic\u0103 \u0219i multiconfesional\u0103 a Transilvaniei.<\/p>\n<p>Acest volum este prima monografie modern\u0103 a unei biserici parohiale gotice din Transilvania. El reconstituie perioada construc\u021biei din secolele al XIV-lea \u0219i al XV-lea, precum \u0219i interven\u021biile din secolele urm\u0103toare. Accentul este pus pe cei 94 de ani de dup\u0103 marele incendiu din 1689, timp \u00een care \u00eentreaga comunitate a ora\u0219ului a participat \u00een mod sistematic la reconstruc\u021bie \u0219i redecorare. Punctele de plecare ale analizei sunt examinarea detaliat\u0103 a arhitecturii \u0219i a mobilierului cl\u0103dirii, precum \u0219i evaluarea a numeroase surse arhivistice, unele dintre ele inedite. Astfel, nu doar cursul concret al reconstruc\u021biei devine inteligibil, ci \u0219i lumea bogat\u0103 de considera\u021bii pe fundalul c\u0103rora a avut loc devine accesibil\u0103.<\/p>\n<p>Pentru prima dat\u0103, cea mai mare dintre bisericile parohiale gotice din Transilvania devine inteligibil\u0103 \u00een \u00eentregime, inclusiv patrimonial s\u0103u mobil, constituit din obiecte de art\u0103 din Occident \u0219i Orient.<\/p>\n<h4>Descriere \u00een limba german\u0103<\/h4>\n<p>Am 21. April 1689 zerst\u00f6rte ein Brand die sp\u00e4tgotische Stadtpfarrkirche zu Kronstadt. Das Buch rekonstruiert die faszinierende Geschichte des Wiederaufbaus und zeichnet die Ausgestaltung der Kirche als lutherischer Raum in einer pluriethnisch und multikonfessionell gepr\u00e4gten Region nach.<br \/>\nMit diesem Band liegt die erste moderne Monografie zu einer gotischen Stadtpfarrkirche Siebenb\u00fcrgens vor. Behandelt werden die Erbauung im 14. und 15. Jh. ebenso wie die Eingriffe der nachfolgenden Jahrhunderte. Der Fokus liegt auf den 94 Jahren nach dem gro\u00dfen Brand von 1689, innerhalb derer sich die gesamte Stadtgemeinschaft systematisch an Wiederaufbau und Neuausstattung beteiligte. Ausgangspunkte der Analyse bilden die detaillierte Untersuchung von Geb\u00e4udestruktur und Ausstattung sowie die Auswertung zahlreicher, teils bislang unpublizierter Quellen. Somit wird nicht nur der konkrete Ablauf des Wiederaufbaus nachvollziehbar, sondern auch die reiche Welt der \u00dcberlegungen, vor deren Hintergrund er sich vollzog, wird erschlossen.<br \/>\nErstmals wird somit die gr\u00f6\u00dfte der gotischen Stadtpfarrkirchen Siebenb\u00fcrgens in ihrer Gesamtheit, einschlie\u00dflich ihrer aus Okzident und Orient stammenden Ausstattung, fassbar.<\/p>\n","protected":false},"excerpt":{"rendered":"<p>Num\u0103r pagini: 319 Editura: Martin Optiz Kiad\u00f3 Publicat\u0103 \u00een 2018 Descriere \u00een limba rom\u00e2n\u0103 \u00cen ziua de 21 aprilie 1689,Biserica\u00a0\u00a0un incendiu a distrus biserica luteran\u0103 parohial\u0103 din Bra\u0219ov. Cartea reconstituie povestea fascinant\u0103 a reconstruc\u021biei \u0219i urm\u0103re\u0219te configurarea bisericii ca spa\u021biu luteran \u00een regiunea plurietnic\u0103 \u0219i multiconfesional\u0103 a Transilvaniei. Acest volum este prima monografie modern\u0103 a [&hellip;]<\/p>\n","protected":false},"featured_media":5050,"comment_status":"open","ping_status":"closed","template":"","meta":[],"pwb-brand":[],"product_brand":[],"product_cat":[88,82,63],"product_tag":[],"class_list":{"0":"post-5049","1":"product","2":"type-product","3":"status-publish","4":"has-post-thumbnail","6":"product_cat-categorie-carte","7":"product_cat-suveniruri-biserica-neagra","8":"product_cat-suveniruri-transilvania","10":"first","11":"instock","12":"taxable","13":"shipping-taxable","14":"purchasable","15":"product-type-simple"},"yoast_head":"<!-- This site is optimized with the Yoast SEO plugin v26.9 - https:\/\/yoast.com\/product\/yoast-seo-wordpress\/ -->\n<title>MOK Fekete templom\/Biserica Neagr\u0103 - Inspiratio<\/title>\n<meta name=\"description\" content=\"MOK Fekete templom\/Biserica Neagr\u0103\" \/>\n<meta name=\"robots\" content=\"index, follow, max-snippet:-1, max-image-preview:large, max-video-preview:-1\" \/>\n<link rel=\"canonical\" href=\"https:\/\/inspiratio.ro\/produs\/mok-fekete-templom-biserica-neagra\/\" \/>\n<meta property=\"og:locale\" content=\"en_US\" \/>\n<meta property=\"og:type\" content=\"article\" \/>\n<meta property=\"og:title\" content=\"MOK Fekete templom\/Biserica Neagr\u0103 - Inspiratio\" \/>\n<meta property=\"og:description\" content=\"MOK Fekete templom\/Biserica Neagr\u0103\" \/>\n<meta property=\"og:url\" content=\"https:\/\/inspiratio.ro\/produs\/mok-fekete-templom-biserica-neagra\/\" \/>\n<meta property=\"og:site_name\" content=\"Inspiratio\" \/>\n<meta property=\"article:publisher\" content=\"https:\/\/www.facebook.com\/inspiratiogiftstudio\/\" \/>\n<meta property=\"article:modified_time\" content=\"2025-07-30T13:36:19+00:00\" \/>\n<meta property=\"og:image\" content=\"https:\/\/inspiratio.ro\/wp-content\/uploads\/2023\/02\/008.jpg\" \/>\n\t<meta property=\"og:image:width\" content=\"1800\" \/>\n\t<meta property=\"og:image:height\" content=\"1200\" \/>\n\t<meta property=\"og:image:type\" content=\"image\/jpeg\" \/>\n<meta name=\"twitter:card\" content=\"summary_large_image\" \/>\n<meta name=\"twitter:label1\" content=\"Est. reading time\" \/>\n\t<meta name=\"twitter:data1\" content=\"3 minutes\" \/>\n<script type=\"application\/ld+json\" class=\"yoast-schema-graph\">{\"@context\":\"https:\/\/schema.org\",\"@graph\":[{\"@type\":\"WebPage\",\"@id\":\"https:\/\/inspiratio.ro\/produs\/mok-fekete-templom-biserica-neagra\/\",\"url\":\"https:\/\/inspiratio.ro\/produs\/mok-fekete-templom-biserica-neagra\/\",\"name\":\"MOK Fekete templom\/Biserica Neagr\u0103 - Inspiratio\",\"isPartOf\":{\"@id\":\"https:\/\/inspiratio.ro\/#website\"},\"primaryImageOfPage\":{\"@id\":\"https:\/\/inspiratio.ro\/produs\/mok-fekete-templom-biserica-neagra\/#primaryimage\"},\"image\":{\"@id\":\"https:\/\/inspiratio.ro\/produs\/mok-fekete-templom-biserica-neagra\/#primaryimage\"},\"thumbnailUrl\":\"https:\/\/inspiratio.ro\/wp-content\/uploads\/2023\/02\/008.jpg\",\"datePublished\":\"2023-02-09T15:15:30+00:00\",\"dateModified\":\"2025-07-30T13:36:19+00:00\",\"description\":\"MOK Fekete templom\/Biserica Neagr\u0103\",\"breadcrumb\":{\"@id\":\"https:\/\/inspiratio.ro\/produs\/mok-fekete-templom-biserica-neagra\/#breadcrumb\"},\"inLanguage\":\"en-US\",\"potentialAction\":[{\"@type\":\"ReadAction\",\"target\":[\"https:\/\/inspiratio.ro\/produs\/mok-fekete-templom-biserica-neagra\/\"]}]},{\"@type\":\"ImageObject\",\"inLanguage\":\"en-US\",\"@id\":\"https:\/\/inspiratio.ro\/produs\/mok-fekete-templom-biserica-neagra\/#primaryimage\",\"url\":\"https:\/\/inspiratio.ro\/wp-content\/uploads\/2023\/02\/008.jpg\",\"contentUrl\":\"https:\/\/inspiratio.ro\/wp-content\/uploads\/2023\/02\/008.jpg\",\"width\":1800,\"height\":1200},{\"@type\":\"BreadcrumbList\",\"@id\":\"https:\/\/inspiratio.ro\/produs\/mok-fekete-templom-biserica-neagra\/#breadcrumb\",\"itemListElement\":[{\"@type\":\"ListItem\",\"position\":1,\"name\":\"Shop\",\"item\":\"https:\/\/inspiratio.ro\/magazin-cadouri\/\"},{\"@type\":\"ListItem\",\"position\":2,\"name\":\"MOK Fekete templom\/Biserica Neagr\u0103\"}]},{\"@type\":\"WebSite\",\"@id\":\"https:\/\/inspiratio.ro\/#website\",\"url\":\"https:\/\/inspiratio.ro\/\",\"name\":\"Inspiratio\",\"description\":\"Las\u0103-te purtat de inspira\u021bie\",\"publisher\":{\"@id\":\"https:\/\/inspiratio.ro\/#organization\"},\"potentialAction\":[{\"@type\":\"SearchAction\",\"target\":{\"@type\":\"EntryPoint\",\"urlTemplate\":\"https:\/\/inspiratio.ro\/?s={search_term_string}\"},\"query-input\":{\"@type\":\"PropertyValueSpecification\",\"valueRequired\":true,\"valueName\":\"search_term_string\"}}],\"inLanguage\":\"en-US\"},{\"@type\":\"Organization\",\"@id\":\"https:\/\/inspiratio.ro\/#organization\",\"name\":\"Inspiratio\",\"url\":\"https:\/\/inspiratio.ro\/\",\"logo\":{\"@type\":\"ImageObject\",\"inLanguage\":\"en-US\",\"@id\":\"https:\/\/inspiratio.ro\/#\/schema\/logo\/image\/\",\"url\":\"https:\/\/inspiratio.ro\/wp-content\/uploads\/2020\/06\/logo-inspiratio.png\",\"contentUrl\":\"https:\/\/inspiratio.ro\/wp-content\/uploads\/2020\/06\/logo-inspiratio.png\",\"width\":232,\"height\":209,\"caption\":\"Inspiratio\"},\"image\":{\"@id\":\"https:\/\/inspiratio.ro\/#\/schema\/logo\/image\/\"},\"sameAs\":[\"https:\/\/www.facebook.com\/inspiratiogiftstudio\/\",\"https:\/\/www.instagram.com\/inspiratio_giftstudio\/\"]}]}<\/script>\n<!-- \/ Yoast SEO plugin. -->","yoast_head_json":{"title":"MOK Fekete templom\/Biserica Neagr\u0103 - Inspiratio","description":"MOK Fekete templom\/Biserica Neagr\u0103","robots":{"index":"index","follow":"follow","max-snippet":"max-snippet:-1","max-image-preview":"max-image-preview:large","max-video-preview":"max-video-preview:-1"},"canonical":"https:\/\/inspiratio.ro\/produs\/mok-fekete-templom-biserica-neagra\/","og_locale":"en_US","og_type":"article","og_title":"MOK Fekete templom\/Biserica Neagr\u0103 - Inspiratio","og_description":"MOK Fekete templom\/Biserica Neagr\u0103","og_url":"https:\/\/inspiratio.ro\/produs\/mok-fekete-templom-biserica-neagra\/","og_site_name":"Inspiratio","article_publisher":"https:\/\/www.facebook.com\/inspiratiogiftstudio\/","article_modified_time":"2025-07-30T13:36:19+00:00","og_image":[{"width":1800,"height":1200,"url":"https:\/\/inspiratio.ro\/wp-content\/uploads\/2023\/02\/008.jpg","type":"image\/jpeg"}],"twitter_card":"summary_large_image","twitter_misc":{"Est. reading time":"3 minutes"},"schema":{"@context":"https:\/\/schema.org","@graph":[{"@type":"WebPage","@id":"https:\/\/inspiratio.ro\/produs\/mok-fekete-templom-biserica-neagra\/","url":"https:\/\/inspiratio.ro\/produs\/mok-fekete-templom-biserica-neagra\/","name":"MOK Fekete templom\/Biserica Neagr\u0103 - Inspiratio","isPartOf":{"@id":"https:\/\/inspiratio.ro\/#website"},"primaryImageOfPage":{"@id":"https:\/\/inspiratio.ro\/produs\/mok-fekete-templom-biserica-neagra\/#primaryimage"},"image":{"@id":"https:\/\/inspiratio.ro\/produs\/mok-fekete-templom-biserica-neagra\/#primaryimage"},"thumbnailUrl":"https:\/\/inspiratio.ro\/wp-content\/uploads\/2023\/02\/008.jpg","datePublished":"2023-02-09T15:15:30+00:00","dateModified":"2025-07-30T13:36:19+00:00","description":"MOK Fekete templom\/Biserica Neagr\u0103","breadcrumb":{"@id":"https:\/\/inspiratio.ro\/produs\/mok-fekete-templom-biserica-neagra\/#breadcrumb"},"inLanguage":"en-US","potentialAction":[{"@type":"ReadAction","target":["https:\/\/inspiratio.ro\/produs\/mok-fekete-templom-biserica-neagra\/"]}]},{"@type":"ImageObject","inLanguage":"en-US","@id":"https:\/\/inspiratio.ro\/produs\/mok-fekete-templom-biserica-neagra\/#primaryimage","url":"https:\/\/inspiratio.ro\/wp-content\/uploads\/2023\/02\/008.jpg","contentUrl":"https:\/\/inspiratio.ro\/wp-content\/uploads\/2023\/02\/008.jpg","width":1800,"height":1200},{"@type":"BreadcrumbList","@id":"https:\/\/inspiratio.ro\/produs\/mok-fekete-templom-biserica-neagra\/#breadcrumb","itemListElement":[{"@type":"ListItem","position":1,"name":"Shop","item":"https:\/\/inspiratio.ro\/magazin-cadouri\/"},{"@type":"ListItem","position":2,"name":"MOK Fekete templom\/Biserica Neagr\u0103"}]},{"@type":"WebSite","@id":"https:\/\/inspiratio.ro\/#website","url":"https:\/\/inspiratio.ro\/","name":"Inspiratio","description":"Las\u0103-te purtat de inspira\u021bie","publisher":{"@id":"https:\/\/inspiratio.ro\/#organization"},"potentialAction":[{"@type":"SearchAction","target":{"@type":"EntryPoint","urlTemplate":"https:\/\/inspiratio.ro\/?s={search_term_string}"},"query-input":{"@type":"PropertyValueSpecification","valueRequired":true,"valueName":"search_term_string"}}],"inLanguage":"en-US"},{"@type":"Organization","@id":"https:\/\/inspiratio.ro\/#organization","name":"Inspiratio","url":"https:\/\/inspiratio.ro\/","logo":{"@type":"ImageObject","inLanguage":"en-US","@id":"https:\/\/inspiratio.ro\/#\/schema\/logo\/image\/","url":"https:\/\/inspiratio.ro\/wp-content\/uploads\/2020\/06\/logo-inspiratio.png","contentUrl":"https:\/\/inspiratio.ro\/wp-content\/uploads\/2020\/06\/logo-inspiratio.png","width":232,"height":209,"caption":"Inspiratio"},"image":{"@id":"https:\/\/inspiratio.ro\/#\/schema\/logo\/image\/"},"sameAs":["https:\/\/www.facebook.com\/inspiratiogiftstudio\/","https:\/\/www.instagram.com\/inspiratio_giftstudio\/"]}]}},"brands":[],"_links":{"self":[{"href":"https:\/\/inspiratio.ro\/en\/wp-json\/wp\/v2\/product\/5049","targetHints":{"allow":["GET"]}}],"collection":[{"href":"https:\/\/inspiratio.ro\/en\/wp-json\/wp\/v2\/product"}],"about":[{"href":"https:\/\/inspiratio.ro\/en\/wp-json\/wp\/v2\/types\/product"}],"replies":[{"embeddable":true,"href":"https:\/\/inspiratio.ro\/en\/wp-json\/wp\/v2\/comments?post=5049"}],"wp:featuredmedia":[{"embeddable":true,"href":"https:\/\/inspiratio.ro\/en\/wp-json\/wp\/v2\/media\/5050"}],"wp:attachment":[{"href":"https:\/\/inspiratio.ro\/en\/wp-json\/wp\/v2\/media?parent=5049"}],"wp:term":[{"taxonomy":"pwb-brand","embeddable":true,"href":"https:\/\/inspiratio.ro\/en\/wp-json\/wp\/v2\/pwb-brand?post=5049"},{"taxonomy":"product_brand","embeddable":true,"href":"https:\/\/inspiratio.ro\/en\/wp-json\/wp\/v2\/product_brand?post=5049"},{"taxonomy":"product_cat","embeddable":true,"href":"https:\/\/inspiratio.ro\/en\/wp-json\/wp\/v2\/product_cat?post=5049"},{"taxonomy":"product_tag","embeddable":true,"href":"https:\/\/inspiratio.ro\/en\/wp-json\/wp\/v2\/product_tag?post=5049"}],"curies":[{"name":"wp","href":"https:\/\/api.w.org\/{rel}","templated":true}]}}