{"id":5025,"date":"2023-02-07T17:54:59","date_gmt":"2023-02-07T15:54:59","guid":{"rendered":"https:\/\/inspiratio.ro\/?post_type=product&#038;p=5025"},"modified":"2025-08-13T13:17:03","modified_gmt":"2025-08-13T10:17:03","slug":"lem-geanta-play","status":"publish","type":"product","link":"https:\/\/inspiratio.ro\/en\/produs\/lem-geanta-play\/","title":{"rendered":"Geant\u0103 Play Grey &#038; Yellow"},"content":{"rendered":"<p>Geanta Play se transform\u0103 pe r\u00e2nd \u00een rucsac \/\/ geant\u0103 \/\/ clutch \/\/ waist bag &amp; more. Adic\u0103, se schimb\u0103 odat\u0103 cu tine, pentru a \u021bine pasul cu planurile din agend\u0103 sau cu vibe-ul t\u0103u.<\/p>\n<p>\u00cen plus, po\u021bi purta \u00een fiecare zi o alt\u0103 culoare, pentru c\u0103 geanta Play are <strong>clapet\u0103 deta\u0219abil\u0103 \u0219i interschimbabil\u0103<\/strong>. One bag fits all.<\/p>\n<p>Geanta prezint\u0103 un compartiment principal spa\u021bios.<\/p>\n<p>Realizat\u0103 manual din piele natural\u0103 \u0219i lemn de stejar.<\/p>\n<p><strong>Alte specifica\u021bii<\/strong><\/p>\n<ul>\n<li>Dimensiuni: aprox. 23 x 15.5 x 4.5 cm<\/li>\n<li>Curea de um\u0103r deta\u0219abil\u0103, din piele natural\u0103.<\/li>\n<li>Piele natural\u0103 bovin\u0103.<\/li>\n<li>Culoare piele: gri.<\/li>\n<\/ul>\n<p>Fotografii ilustrative.<\/p>\n<p>La INSPIRATIO stocurile sunt mereu reduse pentru c\u0103 lucr\u0103m cu artizani \u0219i designeri care manufactureaz\u0103 fiecare produs \u00een parte.<\/p>\n<p>Av\u00e2nd \u00een vedere diversitatea modelelor \u0219i culorilor disponibile \u00een magazin, v\u0103 rug\u0103m s\u0103 ne contacta\u021bi telefonic\/Whatsapp pentru a v\u0103 putea sprijini \u00een alegerea produsului dorit.<\/p>\n","protected":false},"excerpt":{"rendered":"<p>Geanta Play se transform\u0103 pe r\u00e2nd \u00een rucsac \/\/ geant\u0103 \/\/ clutch \/\/ waist bag &amp; more. Adic\u0103, se schimb\u0103 odat\u0103 cu tine, pentru a \u021bine pasul cu planurile din agend\u0103 sau cu vibe-ul t\u0103u. \u00cen plus, po\u021bi purta \u00een fiecare zi o alt\u0103 culoare, pentru c\u0103 geanta Play are clapet\u0103 deta\u0219abil\u0103 \u0219i interschimbabil\u0103. One [&hellip;]<\/p>\n","protected":false},"featured_media":8568,"comment_status":"open","ping_status":"closed","template":"","meta":[],"pwb-brand":[188],"product_brand":[],"product_cat":[87,17],"product_tag":[],"class_list":{"0":"post-5025","1":"product","2":"type-product","3":"status-publish","4":"has-post-thumbnail","6":"pwb-brand-lemnia","7":"product_cat-to-wear","8":"product_cat-haine-si-accesorii","10":"first","11":"instock","12":"taxable","13":"shipping-taxable","14":"purchasable","15":"product-type-simple"},"yoast_head":"<!-- This site is optimized with the Yoast SEO plugin v26.9 - https:\/\/yoast.com\/product\/yoast-seo-wordpress\/ -->\n<title>LEM Geant\u0103 Play Grey &amp; Yellow - Inspiratio<\/title>\n<meta name=\"description\" content=\"LEMNIA GEANTA PLAY\" \/>\n<meta name=\"robots\" content=\"index, follow, max-snippet:-1, max-image-preview:large, max-video-preview:-1\" \/>\n<link rel=\"canonical\" href=\"https:\/\/inspiratio.ro\/produs\/lem-geanta-play\/\" \/>\n<meta property=\"og:locale\" content=\"en_US\" \/>\n<meta property=\"og:type\" content=\"article\" \/>\n<meta property=\"og:title\" content=\"LEM Geant\u0103 Play Grey &amp; Yellow - Inspiratio\" \/>\n<meta property=\"og:description\" content=\"LEMNIA GEANTA PLAY\" \/>\n<meta property=\"og:url\" content=\"https:\/\/inspiratio.ro\/produs\/lem-geanta-play\/\" \/>\n<meta property=\"og:site_name\" content=\"Inspiratio\" \/>\n<meta property=\"article:publisher\" content=\"https:\/\/www.facebook.com\/inspiratiogiftstudio\/\" \/>\n<meta property=\"article:modified_time\" content=\"2025-08-13T10:17:03+00:00\" \/>\n<meta property=\"og:image\" content=\"https:\/\/inspiratio.ro\/wp-content\/uploads\/2023\/02\/geanta-play-grey-yellow.jpg\" \/>\n\t<meta property=\"og:image:width\" content=\"800\" \/>\n\t<meta property=\"og:image:height\" content=\"800\" \/>\n\t<meta property=\"og:image:type\" content=\"image\/jpeg\" \/>\n<meta name=\"twitter:card\" content=\"summary_large_image\" \/>\n<meta name=\"twitter:label1\" content=\"Est. reading time\" \/>\n\t<meta name=\"twitter:data1\" content=\"1 minute\" \/>\n<script type=\"application\/ld+json\" class=\"yoast-schema-graph\">{\"@context\":\"https:\/\/schema.org\",\"@graph\":[{\"@type\":\"WebPage\",\"@id\":\"https:\/\/inspiratio.ro\/produs\/lem-geanta-play\/\",\"url\":\"https:\/\/inspiratio.ro\/produs\/lem-geanta-play\/\",\"name\":\"LEM Geant\u0103 Play Grey & Yellow - Inspiratio\",\"isPartOf\":{\"@id\":\"https:\/\/inspiratio.ro\/#website\"},\"primaryImageOfPage\":{\"@id\":\"https:\/\/inspiratio.ro\/produs\/lem-geanta-play\/#primaryimage\"},\"image\":{\"@id\":\"https:\/\/inspiratio.ro\/produs\/lem-geanta-play\/#primaryimage\"},\"thumbnailUrl\":\"https:\/\/inspiratio.ro\/wp-content\/uploads\/2023\/02\/geanta-play-grey-yellow.jpg\",\"datePublished\":\"2023-02-07T15:54:59+00:00\",\"dateModified\":\"2025-08-13T10:17:03+00:00\",\"description\":\"LEMNIA GEANTA PLAY\",\"breadcrumb\":{\"@id\":\"https:\/\/inspiratio.ro\/produs\/lem-geanta-play\/#breadcrumb\"},\"inLanguage\":\"en-US\",\"potentialAction\":[{\"@type\":\"ReadAction\",\"target\":[\"https:\/\/inspiratio.ro\/produs\/lem-geanta-play\/\"]}]},{\"@type\":\"ImageObject\",\"inLanguage\":\"en-US\",\"@id\":\"https:\/\/inspiratio.ro\/produs\/lem-geanta-play\/#primaryimage\",\"url\":\"https:\/\/inspiratio.ro\/wp-content\/uploads\/2023\/02\/geanta-play-grey-yellow.jpg\",\"contentUrl\":\"https:\/\/inspiratio.ro\/wp-content\/uploads\/2023\/02\/geanta-play-grey-yellow.jpg\",\"width\":800,\"height\":800},{\"@type\":\"BreadcrumbList\",\"@id\":\"https:\/\/inspiratio.ro\/produs\/lem-geanta-play\/#breadcrumb\",\"itemListElement\":[{\"@type\":\"ListItem\",\"position\":1,\"name\":\"Shop\",\"item\":\"https:\/\/inspiratio.ro\/magazin-cadouri\/\"},{\"@type\":\"ListItem\",\"position\":2,\"name\":\"LEM Geant\u0103 Play Grey &#038; Yellow\"}]},{\"@type\":\"WebSite\",\"@id\":\"https:\/\/inspiratio.ro\/#website\",\"url\":\"https:\/\/inspiratio.ro\/\",\"name\":\"Inspiratio\",\"description\":\"Las\u0103-te purtat de inspira\u021bie\",\"publisher\":{\"@id\":\"https:\/\/inspiratio.ro\/#organization\"},\"potentialAction\":[{\"@type\":\"SearchAction\",\"target\":{\"@type\":\"EntryPoint\",\"urlTemplate\":\"https:\/\/inspiratio.ro\/?s={search_term_string}\"},\"query-input\":{\"@type\":\"PropertyValueSpecification\",\"valueRequired\":true,\"valueName\":\"search_term_string\"}}],\"inLanguage\":\"en-US\"},{\"@type\":\"Organization\",\"@id\":\"https:\/\/inspiratio.ro\/#organization\",\"name\":\"Inspiratio\",\"url\":\"https:\/\/inspiratio.ro\/\",\"logo\":{\"@type\":\"ImageObject\",\"inLanguage\":\"en-US\",\"@id\":\"https:\/\/inspiratio.ro\/#\/schema\/logo\/image\/\",\"url\":\"https:\/\/inspiratio.ro\/wp-content\/uploads\/2020\/06\/logo-inspiratio.png\",\"contentUrl\":\"https:\/\/inspiratio.ro\/wp-content\/uploads\/2020\/06\/logo-inspiratio.png\",\"width\":232,\"height\":209,\"caption\":\"Inspiratio\"},\"image\":{\"@id\":\"https:\/\/inspiratio.ro\/#\/schema\/logo\/image\/\"},\"sameAs\":[\"https:\/\/www.facebook.com\/inspiratiogiftstudio\/\",\"https:\/\/www.instagram.com\/inspiratio_giftstudio\/\"]}]}<\/script>\n<!-- \/ Yoast SEO plugin. -->","yoast_head_json":{"title":"LEM Geant\u0103 Play Grey & Yellow - Inspiratio","description":"LEMNIA GEANTA PLAY","robots":{"index":"index","follow":"follow","max-snippet":"max-snippet:-1","max-image-preview":"max-image-preview:large","max-video-preview":"max-video-preview:-1"},"canonical":"https:\/\/inspiratio.ro\/produs\/lem-geanta-play\/","og_locale":"en_US","og_type":"article","og_title":"LEM Geant\u0103 Play Grey & Yellow - Inspiratio","og_description":"LEMNIA GEANTA PLAY","og_url":"https:\/\/inspiratio.ro\/produs\/lem-geanta-play\/","og_site_name":"Inspiratio","article_publisher":"https:\/\/www.facebook.com\/inspiratiogiftstudio\/","article_modified_time":"2025-08-13T10:17:03+00:00","og_image":[{"width":800,"height":800,"url":"https:\/\/inspiratio.ro\/wp-content\/uploads\/2023\/02\/geanta-play-grey-yellow.jpg","type":"image\/jpeg"}],"twitter_card":"summary_large_image","twitter_misc":{"Est. reading time":"1 minute"},"schema":{"@context":"https:\/\/schema.org","@graph":[{"@type":"WebPage","@id":"https:\/\/inspiratio.ro\/produs\/lem-geanta-play\/","url":"https:\/\/inspiratio.ro\/produs\/lem-geanta-play\/","name":"LEM Geant\u0103 Play Grey & Yellow - Inspiratio","isPartOf":{"@id":"https:\/\/inspiratio.ro\/#website"},"primaryImageOfPage":{"@id":"https:\/\/inspiratio.ro\/produs\/lem-geanta-play\/#primaryimage"},"image":{"@id":"https:\/\/inspiratio.ro\/produs\/lem-geanta-play\/#primaryimage"},"thumbnailUrl":"https:\/\/inspiratio.ro\/wp-content\/uploads\/2023\/02\/geanta-play-grey-yellow.jpg","datePublished":"2023-02-07T15:54:59+00:00","dateModified":"2025-08-13T10:17:03+00:00","description":"LEMNIA GEANTA PLAY","breadcrumb":{"@id":"https:\/\/inspiratio.ro\/produs\/lem-geanta-play\/#breadcrumb"},"inLanguage":"en-US","potentialAction":[{"@type":"ReadAction","target":["https:\/\/inspiratio.ro\/produs\/lem-geanta-play\/"]}]},{"@type":"ImageObject","inLanguage":"en-US","@id":"https:\/\/inspiratio.ro\/produs\/lem-geanta-play\/#primaryimage","url":"https:\/\/inspiratio.ro\/wp-content\/uploads\/2023\/02\/geanta-play-grey-yellow.jpg","contentUrl":"https:\/\/inspiratio.ro\/wp-content\/uploads\/2023\/02\/geanta-play-grey-yellow.jpg","width":800,"height":800},{"@type":"BreadcrumbList","@id":"https:\/\/inspiratio.ro\/produs\/lem-geanta-play\/#breadcrumb","itemListElement":[{"@type":"ListItem","position":1,"name":"Shop","item":"https:\/\/inspiratio.ro\/magazin-cadouri\/"},{"@type":"ListItem","position":2,"name":"LEM Geant\u0103 Play Grey &#038; Yellow"}]},{"@type":"WebSite","@id":"https:\/\/inspiratio.ro\/#website","url":"https:\/\/inspiratio.ro\/","name":"Inspiratio","description":"Las\u0103-te purtat de inspira\u021bie","publisher":{"@id":"https:\/\/inspiratio.ro\/#organization"},"potentialAction":[{"@type":"SearchAction","target":{"@type":"EntryPoint","urlTemplate":"https:\/\/inspiratio.ro\/?s={search_term_string}"},"query-input":{"@type":"PropertyValueSpecification","valueRequired":true,"valueName":"search_term_string"}}],"inLanguage":"en-US"},{"@type":"Organization","@id":"https:\/\/inspiratio.ro\/#organization","name":"Inspiratio","url":"https:\/\/inspiratio.ro\/","logo":{"@type":"ImageObject","inLanguage":"en-US","@id":"https:\/\/inspiratio.ro\/#\/schema\/logo\/image\/","url":"https:\/\/inspiratio.ro\/wp-content\/uploads\/2020\/06\/logo-inspiratio.png","contentUrl":"https:\/\/inspiratio.ro\/wp-content\/uploads\/2020\/06\/logo-inspiratio.png","width":232,"height":209,"caption":"Inspiratio"},"image":{"@id":"https:\/\/inspiratio.ro\/#\/schema\/logo\/image\/"},"sameAs":["https:\/\/www.facebook.com\/inspiratiogiftstudio\/","https:\/\/www.instagram.com\/inspiratio_giftstudio\/"]}]}},"brands":[{"id":188,"name":"Lemnia","slug":"lemnia"}],"_links":{"self":[{"href":"https:\/\/inspiratio.ro\/en\/wp-json\/wp\/v2\/product\/5025","targetHints":{"allow":["GET"]}}],"collection":[{"href":"https:\/\/inspiratio.ro\/en\/wp-json\/wp\/v2\/product"}],"about":[{"href":"https:\/\/inspiratio.ro\/en\/wp-json\/wp\/v2\/types\/product"}],"replies":[{"embeddable":true,"href":"https:\/\/inspiratio.ro\/en\/wp-json\/wp\/v2\/comments?post=5025"}],"wp:featuredmedia":[{"embeddable":true,"href":"https:\/\/inspiratio.ro\/en\/wp-json\/wp\/v2\/media\/8568"}],"wp:attachment":[{"href":"https:\/\/inspiratio.ro\/en\/wp-json\/wp\/v2\/media?parent=5025"}],"wp:term":[{"taxonomy":"pwb-brand","embeddable":true,"href":"https:\/\/inspiratio.ro\/en\/wp-json\/wp\/v2\/pwb-brand?post=5025"},{"taxonomy":"product_brand","embeddable":true,"href":"https:\/\/inspiratio.ro\/en\/wp-json\/wp\/v2\/product_brand?post=5025"},{"taxonomy":"product_cat","embeddable":true,"href":"https:\/\/inspiratio.ro\/en\/wp-json\/wp\/v2\/product_cat?post=5025"},{"taxonomy":"product_tag","embeddable":true,"href":"https:\/\/inspiratio.ro\/en\/wp-json\/wp\/v2\/product_tag?post=5025"}],"curies":[{"name":"wp","href":"https:\/\/api.w.org\/{rel}","templated":true}]}}