{"id":4944,"date":"2023-02-03T16:32:31","date_gmt":"2023-02-03T14:32:31","guid":{"rendered":"https:\/\/inspiratio.ro\/?post_type=product&#038;p=4944"},"modified":"2023-02-03T16:42:06","modified_gmt":"2023-02-03T14:42:06","slug":"gru-sacosa","status":"publish","type":"product","link":"https:\/\/inspiratio.ro\/en\/produs\/gru-sacosa\/","title":{"rendered":"Saco\u0219\u0103"},"content":{"rendered":"<p>Saco\u0219\u0103 din bumbac nealbit cu un <strong>desen cu negru ilustr\u00e2nd o cas\u0103 tradi\u021bional\u0103 \u0219v\u0103beasc\u0103 din Banat<\/strong>. Desenul este imprimat serigrafic cu vopsea neagr\u0103, rezistent\u0103. Dimensiuni saco\u0219\u0103 37 x 41, lungime m\u00e2nere 39 cm. Se spal\u0103 \u00een ap\u0103 c\u0103ldu\u021b\u0103 pentru a nu albi bumbacul \u0219i a-\u0219i pierde textura. Dac\u0103 chiar este necesar, se poate sp\u0103la \u00een ap\u0103 cald\u0103, dar materialul va deveni mai moale. Se calc\u0103 pe dos.<\/p>\n<p>Saco\u0219\u0103 cu un<strong> desen cu albastru ilustr\u00e2nd pisici \u00een port \u0219v\u0103besc tradi\u021bional din Banat.<\/strong> Desenul este imprimat serigrafic cu vopsele albastre, \u00een dou\u0103 tonuri. Se spal\u0103 \u00een ap\u0103 c\u0103ldu\u021b\u0103 pentru a nu albi bumbacul \u0219i a-\u0219i pierde textura. Dac\u0103 chiar este necesar, se poate sp\u0103la \u00een ap\u0103 cald\u0103, dar materialul va deveni mai moale. Desenul este cauciucat \u0219i rezistent. Se calc\u0103 pe dos. Saco\u0219\u0103 din bumbac nealbit cu desen imprimat serigrafic. Dimensiuni saco\u0219\u0103 37 x 41 cm, lungime m\u00e2nere 39 cm. Este recomandat\u0103 sp\u0103larea manual\u0103 \u00een ap\u0103 c\u0103ldu\u021b\u0103. Ilustra\u021bie realizat\u0103 de\u00a0<a href=\"http:\/\/liviacoloji.ro\/\">Livia Coloji<\/a>.<\/p>\n<p>Imaginea este reprezentativ\u0103, \u00eens\u0103 pot exista mici diferen\u021be de culoare datorate prelucr\u0103rii imaginii sau dispozitivului de pe care vizualiza\u021bi produsul. Deoarece este un produs manufacturat, dimensiunile, decora\u021bia \u0219i greutatea pot varia u\u0219or.<\/p>\n<p>La INSPIRATIO stocurile sunt mereu reduse pentru c\u0103 lucr\u0103m cu artizani \u0219i designeri care manufactureaz\u0103 fiecare produs \u00een parte.<\/p>\n<p>Av\u00e2nd \u00een vedere diversitatea modelelor \u0219i culorilor disponibile \u00een magazin, v\u0103 rug\u0103m s\u0103 ne contacta\u021bi telefonic\/Whatsapp pentru a v\u0103 putea sprijini \u00een alegerea produsului dorit.<\/p>\n","protected":false},"excerpt":{"rendered":"<p>Saco\u0219\u0103 din bumbac nealbit cu un desen cu negru ilustr\u00e2nd o cas\u0103 tradi\u021bional\u0103 \u0219v\u0103beasc\u0103 din Banat. Desenul este imprimat serigrafic cu vopsea neagr\u0103, rezistent\u0103. Dimensiuni saco\u0219\u0103 37 x 41, lungime m\u00e2nere 39 cm. Se spal\u0103 \u00een ap\u0103 c\u0103ldu\u021b\u0103 pentru a nu albi bumbacul \u0219i a-\u0219i pierde textura. Dac\u0103 chiar este necesar, se poate sp\u0103la \u00een [&hellip;]<\/p>\n","protected":false},"featured_media":4945,"comment_status":"open","ping_status":"closed","template":"","meta":[],"pwb-brand":[29],"product_brand":[],"product_cat":[87,17],"product_tag":[],"class_list":{"0":"post-4944","1":"product","2":"type-product","3":"status-publish","4":"has-post-thumbnail","6":"pwb-brand-gruni","7":"product_cat-to-wear","8":"product_cat-haine-si-accesorii","10":"first","11":"instock","12":"taxable","13":"shipping-taxable","14":"purchasable","15":"product-type-simple"},"yoast_head":"<!-- This site is optimized with the Yoast SEO plugin v26.9 - https:\/\/yoast.com\/product\/yoast-seo-wordpress\/ -->\n<title>GRU Saco\u0219\u0103 - Inspiratio<\/title>\n<meta name=\"robots\" content=\"index, follow, max-snippet:-1, max-image-preview:large, max-video-preview:-1\" \/>\n<link rel=\"canonical\" href=\"https:\/\/inspiratio.ro\/produs\/gru-sacosa\/\" \/>\n<meta property=\"og:locale\" content=\"en_US\" \/>\n<meta property=\"og:type\" content=\"article\" \/>\n<meta property=\"og:title\" content=\"GRU Saco\u0219\u0103 - Inspiratio\" \/>\n<meta property=\"og:description\" content=\"Saco\u0219\u0103 din bumbac nealbit cu un desen cu negru ilustr\u00e2nd o cas\u0103 tradi\u021bional\u0103 \u0219v\u0103beasc\u0103 din Banat. Desenul este imprimat serigrafic cu vopsea neagr\u0103, rezistent\u0103. Dimensiuni saco\u0219\u0103 37 x 41, lungime m\u00e2nere 39 cm. Se spal\u0103 \u00een ap\u0103 c\u0103ldu\u021b\u0103 pentru a nu albi bumbacul \u0219i a-\u0219i pierde textura. Dac\u0103 chiar este necesar, se poate sp\u0103la \u00een [&hellip;]\" \/>\n<meta property=\"og:url\" content=\"https:\/\/inspiratio.ro\/produs\/gru-sacosa\/\" \/>\n<meta property=\"og:site_name\" content=\"Inspiratio\" \/>\n<meta property=\"article:publisher\" content=\"https:\/\/www.facebook.com\/inspiratiogiftstudio\/\" \/>\n<meta property=\"article:modified_time\" content=\"2023-02-03T14:42:06+00:00\" \/>\n<meta property=\"og:image\" content=\"https:\/\/inspiratio.ro\/wp-content\/uploads\/2023\/02\/il_1140xN.1313631148_nnf3.jpg\" \/>\n\t<meta property=\"og:image:width\" content=\"1140\" \/>\n\t<meta property=\"og:image:height\" content=\"1140\" \/>\n\t<meta property=\"og:image:type\" content=\"image\/jpeg\" \/>\n<meta name=\"twitter:card\" content=\"summary_large_image\" \/>\n<meta name=\"twitter:label1\" content=\"Est. reading time\" \/>\n\t<meta name=\"twitter:data1\" content=\"2 minutes\" \/>\n<script type=\"application\/ld+json\" class=\"yoast-schema-graph\">{\"@context\":\"https:\/\/schema.org\",\"@graph\":[{\"@type\":\"WebPage\",\"@id\":\"https:\/\/inspiratio.ro\/produs\/gru-sacosa\/\",\"url\":\"https:\/\/inspiratio.ro\/produs\/gru-sacosa\/\",\"name\":\"GRU Saco\u0219\u0103 - Inspiratio\",\"isPartOf\":{\"@id\":\"https:\/\/inspiratio.ro\/#website\"},\"primaryImageOfPage\":{\"@id\":\"https:\/\/inspiratio.ro\/produs\/gru-sacosa\/#primaryimage\"},\"image\":{\"@id\":\"https:\/\/inspiratio.ro\/produs\/gru-sacosa\/#primaryimage\"},\"thumbnailUrl\":\"https:\/\/inspiratio.ro\/wp-content\/uploads\/2023\/02\/il_1140xN.1313631148_nnf3.jpg\",\"datePublished\":\"2023-02-03T14:32:31+00:00\",\"dateModified\":\"2023-02-03T14:42:06+00:00\",\"breadcrumb\":{\"@id\":\"https:\/\/inspiratio.ro\/produs\/gru-sacosa\/#breadcrumb\"},\"inLanguage\":\"en-US\",\"potentialAction\":[{\"@type\":\"ReadAction\",\"target\":[\"https:\/\/inspiratio.ro\/produs\/gru-sacosa\/\"]}]},{\"@type\":\"ImageObject\",\"inLanguage\":\"en-US\",\"@id\":\"https:\/\/inspiratio.ro\/produs\/gru-sacosa\/#primaryimage\",\"url\":\"https:\/\/inspiratio.ro\/wp-content\/uploads\/2023\/02\/il_1140xN.1313631148_nnf3.jpg\",\"contentUrl\":\"https:\/\/inspiratio.ro\/wp-content\/uploads\/2023\/02\/il_1140xN.1313631148_nnf3.jpg\",\"width\":1140,\"height\":1140},{\"@type\":\"BreadcrumbList\",\"@id\":\"https:\/\/inspiratio.ro\/produs\/gru-sacosa\/#breadcrumb\",\"itemListElement\":[{\"@type\":\"ListItem\",\"position\":1,\"name\":\"Shop\",\"item\":\"https:\/\/inspiratio.ro\/magazin-cadouri\/\"},{\"@type\":\"ListItem\",\"position\":2,\"name\":\"GRU Saco\u0219\u0103\"}]},{\"@type\":\"WebSite\",\"@id\":\"https:\/\/inspiratio.ro\/#website\",\"url\":\"https:\/\/inspiratio.ro\/\",\"name\":\"Inspiratio\",\"description\":\"Las\u0103-te purtat de inspira\u021bie\",\"publisher\":{\"@id\":\"https:\/\/inspiratio.ro\/#organization\"},\"potentialAction\":[{\"@type\":\"SearchAction\",\"target\":{\"@type\":\"EntryPoint\",\"urlTemplate\":\"https:\/\/inspiratio.ro\/?s={search_term_string}\"},\"query-input\":{\"@type\":\"PropertyValueSpecification\",\"valueRequired\":true,\"valueName\":\"search_term_string\"}}],\"inLanguage\":\"en-US\"},{\"@type\":\"Organization\",\"@id\":\"https:\/\/inspiratio.ro\/#organization\",\"name\":\"Inspiratio\",\"url\":\"https:\/\/inspiratio.ro\/\",\"logo\":{\"@type\":\"ImageObject\",\"inLanguage\":\"en-US\",\"@id\":\"https:\/\/inspiratio.ro\/#\/schema\/logo\/image\/\",\"url\":\"https:\/\/inspiratio.ro\/wp-content\/uploads\/2020\/06\/logo-inspiratio.png\",\"contentUrl\":\"https:\/\/inspiratio.ro\/wp-content\/uploads\/2020\/06\/logo-inspiratio.png\",\"width\":232,\"height\":209,\"caption\":\"Inspiratio\"},\"image\":{\"@id\":\"https:\/\/inspiratio.ro\/#\/schema\/logo\/image\/\"},\"sameAs\":[\"https:\/\/www.facebook.com\/inspiratiogiftstudio\/\",\"https:\/\/www.instagram.com\/inspiratio_giftstudio\/\"]}]}<\/script>\n<!-- \/ Yoast SEO plugin. -->","yoast_head_json":{"title":"GRU Saco\u0219\u0103 - Inspiratio","robots":{"index":"index","follow":"follow","max-snippet":"max-snippet:-1","max-image-preview":"max-image-preview:large","max-video-preview":"max-video-preview:-1"},"canonical":"https:\/\/inspiratio.ro\/produs\/gru-sacosa\/","og_locale":"en_US","og_type":"article","og_title":"GRU Saco\u0219\u0103 - Inspiratio","og_description":"Saco\u0219\u0103 din bumbac nealbit cu un desen cu negru ilustr\u00e2nd o cas\u0103 tradi\u021bional\u0103 \u0219v\u0103beasc\u0103 din Banat. Desenul este imprimat serigrafic cu vopsea neagr\u0103, rezistent\u0103. Dimensiuni saco\u0219\u0103 37 x 41, lungime m\u00e2nere 39 cm. Se spal\u0103 \u00een ap\u0103 c\u0103ldu\u021b\u0103 pentru a nu albi bumbacul \u0219i a-\u0219i pierde textura. Dac\u0103 chiar este necesar, se poate sp\u0103la \u00een [&hellip;]","og_url":"https:\/\/inspiratio.ro\/produs\/gru-sacosa\/","og_site_name":"Inspiratio","article_publisher":"https:\/\/www.facebook.com\/inspiratiogiftstudio\/","article_modified_time":"2023-02-03T14:42:06+00:00","og_image":[{"width":1140,"height":1140,"url":"https:\/\/inspiratio.ro\/wp-content\/uploads\/2023\/02\/il_1140xN.1313631148_nnf3.jpg","type":"image\/jpeg"}],"twitter_card":"summary_large_image","twitter_misc":{"Est. reading time":"2 minutes"},"schema":{"@context":"https:\/\/schema.org","@graph":[{"@type":"WebPage","@id":"https:\/\/inspiratio.ro\/produs\/gru-sacosa\/","url":"https:\/\/inspiratio.ro\/produs\/gru-sacosa\/","name":"GRU Saco\u0219\u0103 - Inspiratio","isPartOf":{"@id":"https:\/\/inspiratio.ro\/#website"},"primaryImageOfPage":{"@id":"https:\/\/inspiratio.ro\/produs\/gru-sacosa\/#primaryimage"},"image":{"@id":"https:\/\/inspiratio.ro\/produs\/gru-sacosa\/#primaryimage"},"thumbnailUrl":"https:\/\/inspiratio.ro\/wp-content\/uploads\/2023\/02\/il_1140xN.1313631148_nnf3.jpg","datePublished":"2023-02-03T14:32:31+00:00","dateModified":"2023-02-03T14:42:06+00:00","breadcrumb":{"@id":"https:\/\/inspiratio.ro\/produs\/gru-sacosa\/#breadcrumb"},"inLanguage":"en-US","potentialAction":[{"@type":"ReadAction","target":["https:\/\/inspiratio.ro\/produs\/gru-sacosa\/"]}]},{"@type":"ImageObject","inLanguage":"en-US","@id":"https:\/\/inspiratio.ro\/produs\/gru-sacosa\/#primaryimage","url":"https:\/\/inspiratio.ro\/wp-content\/uploads\/2023\/02\/il_1140xN.1313631148_nnf3.jpg","contentUrl":"https:\/\/inspiratio.ro\/wp-content\/uploads\/2023\/02\/il_1140xN.1313631148_nnf3.jpg","width":1140,"height":1140},{"@type":"BreadcrumbList","@id":"https:\/\/inspiratio.ro\/produs\/gru-sacosa\/#breadcrumb","itemListElement":[{"@type":"ListItem","position":1,"name":"Shop","item":"https:\/\/inspiratio.ro\/magazin-cadouri\/"},{"@type":"ListItem","position":2,"name":"GRU Saco\u0219\u0103"}]},{"@type":"WebSite","@id":"https:\/\/inspiratio.ro\/#website","url":"https:\/\/inspiratio.ro\/","name":"Inspiratio","description":"Las\u0103-te purtat de inspira\u021bie","publisher":{"@id":"https:\/\/inspiratio.ro\/#organization"},"potentialAction":[{"@type":"SearchAction","target":{"@type":"EntryPoint","urlTemplate":"https:\/\/inspiratio.ro\/?s={search_term_string}"},"query-input":{"@type":"PropertyValueSpecification","valueRequired":true,"valueName":"search_term_string"}}],"inLanguage":"en-US"},{"@type":"Organization","@id":"https:\/\/inspiratio.ro\/#organization","name":"Inspiratio","url":"https:\/\/inspiratio.ro\/","logo":{"@type":"ImageObject","inLanguage":"en-US","@id":"https:\/\/inspiratio.ro\/#\/schema\/logo\/image\/","url":"https:\/\/inspiratio.ro\/wp-content\/uploads\/2020\/06\/logo-inspiratio.png","contentUrl":"https:\/\/inspiratio.ro\/wp-content\/uploads\/2020\/06\/logo-inspiratio.png","width":232,"height":209,"caption":"Inspiratio"},"image":{"@id":"https:\/\/inspiratio.ro\/#\/schema\/logo\/image\/"},"sameAs":["https:\/\/www.facebook.com\/inspiratiogiftstudio\/","https:\/\/www.instagram.com\/inspiratio_giftstudio\/"]}]}},"brands":[{"id":29,"name":"Gruni","slug":"gruni"}],"_links":{"self":[{"href":"https:\/\/inspiratio.ro\/en\/wp-json\/wp\/v2\/product\/4944","targetHints":{"allow":["GET"]}}],"collection":[{"href":"https:\/\/inspiratio.ro\/en\/wp-json\/wp\/v2\/product"}],"about":[{"href":"https:\/\/inspiratio.ro\/en\/wp-json\/wp\/v2\/types\/product"}],"replies":[{"embeddable":true,"href":"https:\/\/inspiratio.ro\/en\/wp-json\/wp\/v2\/comments?post=4944"}],"wp:featuredmedia":[{"embeddable":true,"href":"https:\/\/inspiratio.ro\/en\/wp-json\/wp\/v2\/media\/4945"}],"wp:attachment":[{"href":"https:\/\/inspiratio.ro\/en\/wp-json\/wp\/v2\/media?parent=4944"}],"wp:term":[{"taxonomy":"pwb-brand","embeddable":true,"href":"https:\/\/inspiratio.ro\/en\/wp-json\/wp\/v2\/pwb-brand?post=4944"},{"taxonomy":"product_brand","embeddable":true,"href":"https:\/\/inspiratio.ro\/en\/wp-json\/wp\/v2\/product_brand?post=4944"},{"taxonomy":"product_cat","embeddable":true,"href":"https:\/\/inspiratio.ro\/en\/wp-json\/wp\/v2\/product_cat?post=4944"},{"taxonomy":"product_tag","embeddable":true,"href":"https:\/\/inspiratio.ro\/en\/wp-json\/wp\/v2\/product_tag?post=4944"}],"curies":[{"name":"wp","href":"https:\/\/api.w.org\/{rel}","templated":true}]}}