{"id":4938,"date":"2023-02-03T16:21:23","date_gmt":"2023-02-03T14:21:23","guid":{"rendered":"https:\/\/inspiratio.ro\/?post_type=product&#038;p=4938"},"modified":"2026-02-19T14:56:58","modified_gmt":"2026-02-19T12:56:58","slug":"gru-cercei-cu-tija","status":"publish","type":"product","link":"https:\/\/inspiratio.ro\/en\/produs\/gru-cercei-cu-tija\/","title":{"rendered":"Cercei cu tij\u0103"},"content":{"rendered":"<p>\u00cen aceast\u0103 serie de produse exist\u0103 mai multe modele, o parte din acestea sunt urm\u0103toarele:<\/p>\n<p><strong>Cercei cu tij\u0103 geometrici sare \u015fi piper \u2013 cerc<\/strong>. Cercei geometrici cu textur\u0103 de culoare neutr\u0103, decora\u0163i cu aur sau platin\u0103. Un model ce poate fi purtat la aproape orice. Sunt realiza\u0163i manual din ceramic\u0103, deci fiecare pereche este unic\u0103 \u00een felul ei. Culorile produsului pot varia u\u0219or fa\u021b\u0103 de fotografie. Cercul e are diametrul de 1,8 cm. Tija este din inox, argint sau argint placat cu aur. Greutate (aprox) 4 g \/ perechea.<\/p>\n<p><strong>Cercei cu tij\u0103 geometrici sare \u015fi piper \u2013 triunghi.<\/strong> Cercei geometrici cu textur\u0103 de culoare neutr\u0103, decora\u0163i cu aur sau platin\u0103. Un model ce poate fi purtat la aproape orice. Sunt realiza\u0163i manual din ceramic\u0103, deci fiecare pereche este unic\u0103 \u00een felul ei. Triunghiul are latura de aproximativ 1,7 cm. Tija este din inox, argint sau argint placat cu aur. Greutatea (aprox) 4 g \/ perechea.<\/p>\n<p>La INSPIRATIO stocurile sunt mereu reduse pentru c\u0103 lucr\u0103m cu artizani \u0219i designeri care manufactureaz\u0103 fiecare produs \u00een parte. Culorile produsului pot varia u\u0219or fa\u021b\u0103 de fotografie. Fiind un produs manufacturat, dimensiunile, greutatea \u0219i textura pot varia u\u0219or.<\/p>\n<p>Av\u00e2nd \u00een vedere diversitatea modelelor \u0219i culorilor disponibile \u00een magazin, v\u0103 rug\u0103m s\u0103 ne contacta\u021bi telefonic\/Whatsapp pentru a v\u0103 putea sprijini \u00een alegerea produsului dorit.<\/p>\n","protected":false},"excerpt":{"rendered":"<p>\u00cen aceast\u0103 serie de produse exist\u0103 mai multe modele, o parte din acestea sunt urm\u0103toarele: Cercei cu tij\u0103 geometrici sare \u015fi piper \u2013 cerc. Cercei geometrici cu textur\u0103 de culoare neutr\u0103, decora\u0163i cu aur sau platin\u0103. Un model ce poate fi purtat la aproape orice. Sunt realiza\u0163i manual din ceramic\u0103, deci fiecare pereche este unic\u0103 [&hellip;]<\/p>\n","protected":false},"featured_media":4939,"comment_status":"open","ping_status":"closed","template":"","meta":[],"pwb-brand":[29],"product_brand":[265],"product_cat":[87,18],"product_tag":[266,180],"class_list":{"0":"post-4938","1":"product","2":"type-product","3":"status-publish","4":"has-post-thumbnail","6":"pwb-brand-gruni","7":"product_brand-gruni","8":"product_cat-to-wear","9":"product_cat-bijuterie-contemporana","10":"product_tag-ceramica","11":"product_tag-cercei","13":"first","14":"instock","15":"taxable","16":"shipping-taxable","17":"purchasable","18":"product-type-simple"},"yoast_head":"<!-- This site is optimized with the Yoast SEO plugin v26.9 - https:\/\/yoast.com\/product\/yoast-seo-wordpress\/ -->\n<title>GRU Cercei cu tij\u0103 - Inspiratio<\/title>\n<meta name=\"description\" content=\"GRU Cercei cu tij\u0103\" \/>\n<meta name=\"robots\" content=\"index, follow, max-snippet:-1, max-image-preview:large, max-video-preview:-1\" \/>\n<link rel=\"canonical\" href=\"https:\/\/inspiratio.ro\/produs\/gru-cercei-cu-tija\/\" \/>\n<meta property=\"og:locale\" content=\"en_US\" \/>\n<meta property=\"og:type\" content=\"article\" \/>\n<meta property=\"og:title\" content=\"GRU Cercei cu tij\u0103 - Inspiratio\" \/>\n<meta property=\"og:description\" content=\"GRU Cercei cu tij\u0103\" \/>\n<meta property=\"og:url\" content=\"https:\/\/inspiratio.ro\/produs\/gru-cercei-cu-tija\/\" \/>\n<meta property=\"og:site_name\" content=\"Inspiratio\" \/>\n<meta property=\"article:publisher\" content=\"https:\/\/www.facebook.com\/inspiratiogiftstudio\/\" \/>\n<meta property=\"article:modified_time\" content=\"2026-02-19T12:56:58+00:00\" \/>\n<meta property=\"og:image\" content=\"https:\/\/inspiratio.ro\/wp-content\/uploads\/2023\/02\/asimetrici-tija_bilec_3.jpg\" \/>\n\t<meta property=\"og:image:width\" content=\"1110\" \/>\n\t<meta property=\"og:image:height\" content=\"1110\" \/>\n\t<meta property=\"og:image:type\" content=\"image\/jpeg\" \/>\n<meta name=\"twitter:card\" content=\"summary_large_image\" \/>\n<meta name=\"twitter:label1\" content=\"Est. reading time\" \/>\n\t<meta name=\"twitter:data1\" content=\"2 minutes\" \/>\n<script type=\"application\/ld+json\" class=\"yoast-schema-graph\">{\"@context\":\"https:\/\/schema.org\",\"@graph\":[{\"@type\":\"WebPage\",\"@id\":\"https:\/\/inspiratio.ro\/produs\/gru-cercei-cu-tija\/\",\"url\":\"https:\/\/inspiratio.ro\/produs\/gru-cercei-cu-tija\/\",\"name\":\"GRU Cercei cu tij\u0103 - Inspiratio\",\"isPartOf\":{\"@id\":\"https:\/\/inspiratio.ro\/#website\"},\"primaryImageOfPage\":{\"@id\":\"https:\/\/inspiratio.ro\/produs\/gru-cercei-cu-tija\/#primaryimage\"},\"image\":{\"@id\":\"https:\/\/inspiratio.ro\/produs\/gru-cercei-cu-tija\/#primaryimage\"},\"thumbnailUrl\":\"https:\/\/inspiratio.ro\/wp-content\/uploads\/2023\/02\/asimetrici-tija_bilec_3.jpg\",\"datePublished\":\"2023-02-03T14:21:23+00:00\",\"dateModified\":\"2026-02-19T12:56:58+00:00\",\"description\":\"GRU Cercei cu tij\u0103\",\"breadcrumb\":{\"@id\":\"https:\/\/inspiratio.ro\/produs\/gru-cercei-cu-tija\/#breadcrumb\"},\"inLanguage\":\"en-US\",\"potentialAction\":[{\"@type\":\"ReadAction\",\"target\":[\"https:\/\/inspiratio.ro\/produs\/gru-cercei-cu-tija\/\"]}]},{\"@type\":\"ImageObject\",\"inLanguage\":\"en-US\",\"@id\":\"https:\/\/inspiratio.ro\/produs\/gru-cercei-cu-tija\/#primaryimage\",\"url\":\"https:\/\/inspiratio.ro\/wp-content\/uploads\/2023\/02\/asimetrici-tija_bilec_3.jpg\",\"contentUrl\":\"https:\/\/inspiratio.ro\/wp-content\/uploads\/2023\/02\/asimetrici-tija_bilec_3.jpg\",\"width\":1110,\"height\":1110},{\"@type\":\"BreadcrumbList\",\"@id\":\"https:\/\/inspiratio.ro\/produs\/gru-cercei-cu-tija\/#breadcrumb\",\"itemListElement\":[{\"@type\":\"ListItem\",\"position\":1,\"name\":\"Shop\",\"item\":\"https:\/\/inspiratio.ro\/magazin-cadouri\/\"},{\"@type\":\"ListItem\",\"position\":2,\"name\":\"GRU Cercei cu tij\u0103\"}]},{\"@type\":\"WebSite\",\"@id\":\"https:\/\/inspiratio.ro\/#website\",\"url\":\"https:\/\/inspiratio.ro\/\",\"name\":\"Inspiratio\",\"description\":\"Las\u0103-te purtat de inspira\u021bie\",\"publisher\":{\"@id\":\"https:\/\/inspiratio.ro\/#organization\"},\"potentialAction\":[{\"@type\":\"SearchAction\",\"target\":{\"@type\":\"EntryPoint\",\"urlTemplate\":\"https:\/\/inspiratio.ro\/?s={search_term_string}\"},\"query-input\":{\"@type\":\"PropertyValueSpecification\",\"valueRequired\":true,\"valueName\":\"search_term_string\"}}],\"inLanguage\":\"en-US\"},{\"@type\":\"Organization\",\"@id\":\"https:\/\/inspiratio.ro\/#organization\",\"name\":\"Inspiratio\",\"url\":\"https:\/\/inspiratio.ro\/\",\"logo\":{\"@type\":\"ImageObject\",\"inLanguage\":\"en-US\",\"@id\":\"https:\/\/inspiratio.ro\/#\/schema\/logo\/image\/\",\"url\":\"https:\/\/inspiratio.ro\/wp-content\/uploads\/2020\/06\/logo-inspiratio.png\",\"contentUrl\":\"https:\/\/inspiratio.ro\/wp-content\/uploads\/2020\/06\/logo-inspiratio.png\",\"width\":232,\"height\":209,\"caption\":\"Inspiratio\"},\"image\":{\"@id\":\"https:\/\/inspiratio.ro\/#\/schema\/logo\/image\/\"},\"sameAs\":[\"https:\/\/www.facebook.com\/inspiratiogiftstudio\/\",\"https:\/\/www.instagram.com\/inspiratio_giftstudio\/\"]}]}<\/script>\n<!-- \/ Yoast SEO plugin. -->","yoast_head_json":{"title":"GRU Cercei cu tij\u0103 - Inspiratio","description":"GRU Cercei cu tij\u0103","robots":{"index":"index","follow":"follow","max-snippet":"max-snippet:-1","max-image-preview":"max-image-preview:large","max-video-preview":"max-video-preview:-1"},"canonical":"https:\/\/inspiratio.ro\/produs\/gru-cercei-cu-tija\/","og_locale":"en_US","og_type":"article","og_title":"GRU Cercei cu tij\u0103 - Inspiratio","og_description":"GRU Cercei cu tij\u0103","og_url":"https:\/\/inspiratio.ro\/produs\/gru-cercei-cu-tija\/","og_site_name":"Inspiratio","article_publisher":"https:\/\/www.facebook.com\/inspiratiogiftstudio\/","article_modified_time":"2026-02-19T12:56:58+00:00","og_image":[{"width":1110,"height":1110,"url":"https:\/\/inspiratio.ro\/wp-content\/uploads\/2023\/02\/asimetrici-tija_bilec_3.jpg","type":"image\/jpeg"}],"twitter_card":"summary_large_image","twitter_misc":{"Est. reading time":"2 minutes"},"schema":{"@context":"https:\/\/schema.org","@graph":[{"@type":"WebPage","@id":"https:\/\/inspiratio.ro\/produs\/gru-cercei-cu-tija\/","url":"https:\/\/inspiratio.ro\/produs\/gru-cercei-cu-tija\/","name":"GRU Cercei cu tij\u0103 - Inspiratio","isPartOf":{"@id":"https:\/\/inspiratio.ro\/#website"},"primaryImageOfPage":{"@id":"https:\/\/inspiratio.ro\/produs\/gru-cercei-cu-tija\/#primaryimage"},"image":{"@id":"https:\/\/inspiratio.ro\/produs\/gru-cercei-cu-tija\/#primaryimage"},"thumbnailUrl":"https:\/\/inspiratio.ro\/wp-content\/uploads\/2023\/02\/asimetrici-tija_bilec_3.jpg","datePublished":"2023-02-03T14:21:23+00:00","dateModified":"2026-02-19T12:56:58+00:00","description":"GRU Cercei cu tij\u0103","breadcrumb":{"@id":"https:\/\/inspiratio.ro\/produs\/gru-cercei-cu-tija\/#breadcrumb"},"inLanguage":"en-US","potentialAction":[{"@type":"ReadAction","target":["https:\/\/inspiratio.ro\/produs\/gru-cercei-cu-tija\/"]}]},{"@type":"ImageObject","inLanguage":"en-US","@id":"https:\/\/inspiratio.ro\/produs\/gru-cercei-cu-tija\/#primaryimage","url":"https:\/\/inspiratio.ro\/wp-content\/uploads\/2023\/02\/asimetrici-tija_bilec_3.jpg","contentUrl":"https:\/\/inspiratio.ro\/wp-content\/uploads\/2023\/02\/asimetrici-tija_bilec_3.jpg","width":1110,"height":1110},{"@type":"BreadcrumbList","@id":"https:\/\/inspiratio.ro\/produs\/gru-cercei-cu-tija\/#breadcrumb","itemListElement":[{"@type":"ListItem","position":1,"name":"Shop","item":"https:\/\/inspiratio.ro\/magazin-cadouri\/"},{"@type":"ListItem","position":2,"name":"GRU Cercei cu tij\u0103"}]},{"@type":"WebSite","@id":"https:\/\/inspiratio.ro\/#website","url":"https:\/\/inspiratio.ro\/","name":"Inspiratio","description":"Las\u0103-te purtat de inspira\u021bie","publisher":{"@id":"https:\/\/inspiratio.ro\/#organization"},"potentialAction":[{"@type":"SearchAction","target":{"@type":"EntryPoint","urlTemplate":"https:\/\/inspiratio.ro\/?s={search_term_string}"},"query-input":{"@type":"PropertyValueSpecification","valueRequired":true,"valueName":"search_term_string"}}],"inLanguage":"en-US"},{"@type":"Organization","@id":"https:\/\/inspiratio.ro\/#organization","name":"Inspiratio","url":"https:\/\/inspiratio.ro\/","logo":{"@type":"ImageObject","inLanguage":"en-US","@id":"https:\/\/inspiratio.ro\/#\/schema\/logo\/image\/","url":"https:\/\/inspiratio.ro\/wp-content\/uploads\/2020\/06\/logo-inspiratio.png","contentUrl":"https:\/\/inspiratio.ro\/wp-content\/uploads\/2020\/06\/logo-inspiratio.png","width":232,"height":209,"caption":"Inspiratio"},"image":{"@id":"https:\/\/inspiratio.ro\/#\/schema\/logo\/image\/"},"sameAs":["https:\/\/www.facebook.com\/inspiratiogiftstudio\/","https:\/\/www.instagram.com\/inspiratio_giftstudio\/"]}]}},"brands":[{"id":29,"name":"Gruni","slug":"gruni"}],"_links":{"self":[{"href":"https:\/\/inspiratio.ro\/en\/wp-json\/wp\/v2\/product\/4938","targetHints":{"allow":["GET"]}}],"collection":[{"href":"https:\/\/inspiratio.ro\/en\/wp-json\/wp\/v2\/product"}],"about":[{"href":"https:\/\/inspiratio.ro\/en\/wp-json\/wp\/v2\/types\/product"}],"replies":[{"embeddable":true,"href":"https:\/\/inspiratio.ro\/en\/wp-json\/wp\/v2\/comments?post=4938"}],"wp:featuredmedia":[{"embeddable":true,"href":"https:\/\/inspiratio.ro\/en\/wp-json\/wp\/v2\/media\/4939"}],"wp:attachment":[{"href":"https:\/\/inspiratio.ro\/en\/wp-json\/wp\/v2\/media?parent=4938"}],"wp:term":[{"taxonomy":"pwb-brand","embeddable":true,"href":"https:\/\/inspiratio.ro\/en\/wp-json\/wp\/v2\/pwb-brand?post=4938"},{"taxonomy":"product_brand","embeddable":true,"href":"https:\/\/inspiratio.ro\/en\/wp-json\/wp\/v2\/product_brand?post=4938"},{"taxonomy":"product_cat","embeddable":true,"href":"https:\/\/inspiratio.ro\/en\/wp-json\/wp\/v2\/product_cat?post=4938"},{"taxonomy":"product_tag","embeddable":true,"href":"https:\/\/inspiratio.ro\/en\/wp-json\/wp\/v2\/product_tag?post=4938"}],"curies":[{"name":"wp","href":"https:\/\/api.w.org\/{rel}","templated":true}]}}