{"id":4919,"date":"2023-02-03T16:12:26","date_gmt":"2023-02-03T14:12:26","guid":{"rendered":"https:\/\/inspiratio.ro\/?post_type=product&#038;p=4919"},"modified":"2025-08-12T14:33:48","modified_gmt":"2025-08-12T11:33:48","slug":"gru-cercei-mici","status":"publish","type":"product","link":"https:\/\/inspiratio.ro\/en\/produs\/gru-cercei-mici\/","title":{"rendered":"Cercei mici"},"content":{"rendered":"<p>\u00cen aceast\u0103 serie de produse exist\u0103 mai multe modele, o parte din acestea sunt urm\u0103toarele:<\/p>\n<p><strong>Cercei mici<\/strong> din por\u021belan marmorat, cu diametrul de aproximativ 1 cm, tij\u0103 din inox sau argint placat cu aur. Au aproximativ 2 grame perechea. Sunt realiza\u021bi \u0219i picta\u021bi manual, decora\u021bi cu aur. Un design elegant.<\/p>\n<p>La INSPIRATIO stocurile sunt mereu reduse pentru c\u0103 lucr\u0103m cu artizani \u0219i designeri care manufactureaz\u0103 fiecare produs \u00een parte. Culorile produsului pot varia u\u0219or fa\u021b\u0103 de fotografie. Fiind un produs manufacturat, dimensiunile, greutatea \u0219i textura pot varia u\u0219or.<\/p>\n<p>Av\u00e2nd \u00een vedere diversitatea modelelor \u0219i culorilor disponibile \u00een magazin, v\u0103 rug\u0103m s\u0103 ne contacta\u021bi telefonic\/Whatsapp pentru a v\u0103 putea sprijini \u00een alegerea produsului dorit.<\/p>\n","protected":false},"excerpt":{"rendered":"<p>\u00cen aceast\u0103 serie de produse exist\u0103 mai multe modele, o parte din acestea sunt urm\u0103toarele: Cercei mici din por\u021belan marmorat, cu diametrul de aproximativ 1 cm, tij\u0103 din inox sau argint placat cu aur. Au aproximativ 2 grame perechea. Sunt realiza\u021bi \u0219i picta\u021bi manual, decora\u021bi cu aur. Un design elegant. La INSPIRATIO stocurile sunt mereu [&hellip;]<\/p>\n","protected":false},"featured_media":4937,"comment_status":"open","ping_status":"closed","template":"","meta":[],"pwb-brand":[29],"product_brand":[],"product_cat":[87,18],"product_tag":[],"class_list":{"0":"post-4919","1":"product","2":"type-product","3":"status-publish","4":"has-post-thumbnail","6":"pwb-brand-gruni","7":"product_cat-to-wear","8":"product_cat-bijuterie-contemporana","10":"first","11":"instock","12":"taxable","13":"shipping-taxable","14":"purchasable","15":"product-type-simple"},"yoast_head":"<!-- This site is optimized with the Yoast SEO plugin v26.9 - https:\/\/yoast.com\/product\/yoast-seo-wordpress\/ -->\n<title>GRU Cercei mici - Inspiratio<\/title>\n<meta name=\"robots\" content=\"index, follow, max-snippet:-1, max-image-preview:large, max-video-preview:-1\" \/>\n<link rel=\"canonical\" href=\"https:\/\/inspiratio.ro\/produs\/gru-cercei-mici\/\" \/>\n<meta property=\"og:locale\" content=\"en_US\" \/>\n<meta property=\"og:type\" content=\"article\" \/>\n<meta property=\"og:title\" content=\"GRU Cercei mici - Inspiratio\" \/>\n<meta property=\"og:description\" content=\"\u00cen aceast\u0103 serie de produse exist\u0103 mai multe modele, o parte din acestea sunt urm\u0103toarele: Cercei mici din por\u021belan marmorat, cu diametrul de aproximativ 1 cm, tij\u0103 din inox sau argint placat cu aur. Au aproximativ 2 grame perechea. Sunt realiza\u021bi \u0219i picta\u021bi manual, decora\u021bi cu aur. Un design elegant. La INSPIRATIO stocurile sunt mereu [&hellip;]\" \/>\n<meta property=\"og:url\" content=\"https:\/\/inspiratio.ro\/produs\/gru-cercei-mici\/\" \/>\n<meta property=\"og:site_name\" content=\"Inspiratio\" \/>\n<meta property=\"article:publisher\" content=\"https:\/\/www.facebook.com\/inspiratiogiftstudio\/\" \/>\n<meta property=\"article:modified_time\" content=\"2025-08-12T11:33:48+00:00\" \/>\n<meta property=\"og:image\" content=\"https:\/\/inspiratio.ro\/wp-content\/uploads\/2023\/02\/sare-pip-mici_bilec_1.jpg\" \/>\n\t<meta property=\"og:image:width\" content=\"1180\" \/>\n\t<meta property=\"og:image:height\" content=\"1180\" \/>\n\t<meta property=\"og:image:type\" content=\"image\/jpeg\" \/>\n<meta name=\"twitter:card\" content=\"summary_large_image\" \/>\n<meta name=\"twitter:label1\" content=\"Est. reading time\" \/>\n\t<meta name=\"twitter:data1\" content=\"1 minute\" \/>\n<script type=\"application\/ld+json\" class=\"yoast-schema-graph\">{\"@context\":\"https:\/\/schema.org\",\"@graph\":[{\"@type\":\"WebPage\",\"@id\":\"https:\/\/inspiratio.ro\/produs\/gru-cercei-mici\/\",\"url\":\"https:\/\/inspiratio.ro\/produs\/gru-cercei-mici\/\",\"name\":\"GRU Cercei mici - Inspiratio\",\"isPartOf\":{\"@id\":\"https:\/\/inspiratio.ro\/#website\"},\"primaryImageOfPage\":{\"@id\":\"https:\/\/inspiratio.ro\/produs\/gru-cercei-mici\/#primaryimage\"},\"image\":{\"@id\":\"https:\/\/inspiratio.ro\/produs\/gru-cercei-mici\/#primaryimage\"},\"thumbnailUrl\":\"https:\/\/inspiratio.ro\/wp-content\/uploads\/2023\/02\/sare-pip-mici_bilec_1.jpg\",\"datePublished\":\"2023-02-03T14:12:26+00:00\",\"dateModified\":\"2025-08-12T11:33:48+00:00\",\"breadcrumb\":{\"@id\":\"https:\/\/inspiratio.ro\/produs\/gru-cercei-mici\/#breadcrumb\"},\"inLanguage\":\"en-US\",\"potentialAction\":[{\"@type\":\"ReadAction\",\"target\":[\"https:\/\/inspiratio.ro\/produs\/gru-cercei-mici\/\"]}]},{\"@type\":\"ImageObject\",\"inLanguage\":\"en-US\",\"@id\":\"https:\/\/inspiratio.ro\/produs\/gru-cercei-mici\/#primaryimage\",\"url\":\"https:\/\/inspiratio.ro\/wp-content\/uploads\/2023\/02\/sare-pip-mici_bilec_1.jpg\",\"contentUrl\":\"https:\/\/inspiratio.ro\/wp-content\/uploads\/2023\/02\/sare-pip-mici_bilec_1.jpg\",\"width\":1180,\"height\":1180},{\"@type\":\"BreadcrumbList\",\"@id\":\"https:\/\/inspiratio.ro\/produs\/gru-cercei-mici\/#breadcrumb\",\"itemListElement\":[{\"@type\":\"ListItem\",\"position\":1,\"name\":\"Shop\",\"item\":\"https:\/\/inspiratio.ro\/magazin-cadouri\/\"},{\"@type\":\"ListItem\",\"position\":2,\"name\":\"GRU Cercei mici\"}]},{\"@type\":\"WebSite\",\"@id\":\"https:\/\/inspiratio.ro\/#website\",\"url\":\"https:\/\/inspiratio.ro\/\",\"name\":\"Inspiratio\",\"description\":\"Las\u0103-te purtat de inspira\u021bie\",\"publisher\":{\"@id\":\"https:\/\/inspiratio.ro\/#organization\"},\"potentialAction\":[{\"@type\":\"SearchAction\",\"target\":{\"@type\":\"EntryPoint\",\"urlTemplate\":\"https:\/\/inspiratio.ro\/?s={search_term_string}\"},\"query-input\":{\"@type\":\"PropertyValueSpecification\",\"valueRequired\":true,\"valueName\":\"search_term_string\"}}],\"inLanguage\":\"en-US\"},{\"@type\":\"Organization\",\"@id\":\"https:\/\/inspiratio.ro\/#organization\",\"name\":\"Inspiratio\",\"url\":\"https:\/\/inspiratio.ro\/\",\"logo\":{\"@type\":\"ImageObject\",\"inLanguage\":\"en-US\",\"@id\":\"https:\/\/inspiratio.ro\/#\/schema\/logo\/image\/\",\"url\":\"https:\/\/inspiratio.ro\/wp-content\/uploads\/2020\/06\/logo-inspiratio.png\",\"contentUrl\":\"https:\/\/inspiratio.ro\/wp-content\/uploads\/2020\/06\/logo-inspiratio.png\",\"width\":232,\"height\":209,\"caption\":\"Inspiratio\"},\"image\":{\"@id\":\"https:\/\/inspiratio.ro\/#\/schema\/logo\/image\/\"},\"sameAs\":[\"https:\/\/www.facebook.com\/inspiratiogiftstudio\/\",\"https:\/\/www.instagram.com\/inspiratio_giftstudio\/\"]}]}<\/script>\n<!-- \/ Yoast SEO plugin. -->","yoast_head_json":{"title":"GRU Cercei mici - Inspiratio","robots":{"index":"index","follow":"follow","max-snippet":"max-snippet:-1","max-image-preview":"max-image-preview:large","max-video-preview":"max-video-preview:-1"},"canonical":"https:\/\/inspiratio.ro\/produs\/gru-cercei-mici\/","og_locale":"en_US","og_type":"article","og_title":"GRU Cercei mici - Inspiratio","og_description":"\u00cen aceast\u0103 serie de produse exist\u0103 mai multe modele, o parte din acestea sunt urm\u0103toarele: Cercei mici din por\u021belan marmorat, cu diametrul de aproximativ 1 cm, tij\u0103 din inox sau argint placat cu aur. Au aproximativ 2 grame perechea. Sunt realiza\u021bi \u0219i picta\u021bi manual, decora\u021bi cu aur. Un design elegant. La INSPIRATIO stocurile sunt mereu [&hellip;]","og_url":"https:\/\/inspiratio.ro\/produs\/gru-cercei-mici\/","og_site_name":"Inspiratio","article_publisher":"https:\/\/www.facebook.com\/inspiratiogiftstudio\/","article_modified_time":"2025-08-12T11:33:48+00:00","og_image":[{"width":1180,"height":1180,"url":"https:\/\/inspiratio.ro\/wp-content\/uploads\/2023\/02\/sare-pip-mici_bilec_1.jpg","type":"image\/jpeg"}],"twitter_card":"summary_large_image","twitter_misc":{"Est. reading time":"1 minute"},"schema":{"@context":"https:\/\/schema.org","@graph":[{"@type":"WebPage","@id":"https:\/\/inspiratio.ro\/produs\/gru-cercei-mici\/","url":"https:\/\/inspiratio.ro\/produs\/gru-cercei-mici\/","name":"GRU Cercei mici - Inspiratio","isPartOf":{"@id":"https:\/\/inspiratio.ro\/#website"},"primaryImageOfPage":{"@id":"https:\/\/inspiratio.ro\/produs\/gru-cercei-mici\/#primaryimage"},"image":{"@id":"https:\/\/inspiratio.ro\/produs\/gru-cercei-mici\/#primaryimage"},"thumbnailUrl":"https:\/\/inspiratio.ro\/wp-content\/uploads\/2023\/02\/sare-pip-mici_bilec_1.jpg","datePublished":"2023-02-03T14:12:26+00:00","dateModified":"2025-08-12T11:33:48+00:00","breadcrumb":{"@id":"https:\/\/inspiratio.ro\/produs\/gru-cercei-mici\/#breadcrumb"},"inLanguage":"en-US","potentialAction":[{"@type":"ReadAction","target":["https:\/\/inspiratio.ro\/produs\/gru-cercei-mici\/"]}]},{"@type":"ImageObject","inLanguage":"en-US","@id":"https:\/\/inspiratio.ro\/produs\/gru-cercei-mici\/#primaryimage","url":"https:\/\/inspiratio.ro\/wp-content\/uploads\/2023\/02\/sare-pip-mici_bilec_1.jpg","contentUrl":"https:\/\/inspiratio.ro\/wp-content\/uploads\/2023\/02\/sare-pip-mici_bilec_1.jpg","width":1180,"height":1180},{"@type":"BreadcrumbList","@id":"https:\/\/inspiratio.ro\/produs\/gru-cercei-mici\/#breadcrumb","itemListElement":[{"@type":"ListItem","position":1,"name":"Shop","item":"https:\/\/inspiratio.ro\/magazin-cadouri\/"},{"@type":"ListItem","position":2,"name":"GRU Cercei mici"}]},{"@type":"WebSite","@id":"https:\/\/inspiratio.ro\/#website","url":"https:\/\/inspiratio.ro\/","name":"Inspiratio","description":"Las\u0103-te purtat de inspira\u021bie","publisher":{"@id":"https:\/\/inspiratio.ro\/#organization"},"potentialAction":[{"@type":"SearchAction","target":{"@type":"EntryPoint","urlTemplate":"https:\/\/inspiratio.ro\/?s={search_term_string}"},"query-input":{"@type":"PropertyValueSpecification","valueRequired":true,"valueName":"search_term_string"}}],"inLanguage":"en-US"},{"@type":"Organization","@id":"https:\/\/inspiratio.ro\/#organization","name":"Inspiratio","url":"https:\/\/inspiratio.ro\/","logo":{"@type":"ImageObject","inLanguage":"en-US","@id":"https:\/\/inspiratio.ro\/#\/schema\/logo\/image\/","url":"https:\/\/inspiratio.ro\/wp-content\/uploads\/2020\/06\/logo-inspiratio.png","contentUrl":"https:\/\/inspiratio.ro\/wp-content\/uploads\/2020\/06\/logo-inspiratio.png","width":232,"height":209,"caption":"Inspiratio"},"image":{"@id":"https:\/\/inspiratio.ro\/#\/schema\/logo\/image\/"},"sameAs":["https:\/\/www.facebook.com\/inspiratiogiftstudio\/","https:\/\/www.instagram.com\/inspiratio_giftstudio\/"]}]}},"brands":[{"id":29,"name":"Gruni","slug":"gruni"}],"_links":{"self":[{"href":"https:\/\/inspiratio.ro\/en\/wp-json\/wp\/v2\/product\/4919","targetHints":{"allow":["GET"]}}],"collection":[{"href":"https:\/\/inspiratio.ro\/en\/wp-json\/wp\/v2\/product"}],"about":[{"href":"https:\/\/inspiratio.ro\/en\/wp-json\/wp\/v2\/types\/product"}],"replies":[{"embeddable":true,"href":"https:\/\/inspiratio.ro\/en\/wp-json\/wp\/v2\/comments?post=4919"}],"wp:featuredmedia":[{"embeddable":true,"href":"https:\/\/inspiratio.ro\/en\/wp-json\/wp\/v2\/media\/4937"}],"wp:attachment":[{"href":"https:\/\/inspiratio.ro\/en\/wp-json\/wp\/v2\/media?parent=4919"}],"wp:term":[{"taxonomy":"pwb-brand","embeddable":true,"href":"https:\/\/inspiratio.ro\/en\/wp-json\/wp\/v2\/pwb-brand?post=4919"},{"taxonomy":"product_brand","embeddable":true,"href":"https:\/\/inspiratio.ro\/en\/wp-json\/wp\/v2\/product_brand?post=4919"},{"taxonomy":"product_cat","embeddable":true,"href":"https:\/\/inspiratio.ro\/en\/wp-json\/wp\/v2\/product_cat?post=4919"},{"taxonomy":"product_tag","embeddable":true,"href":"https:\/\/inspiratio.ro\/en\/wp-json\/wp\/v2\/product_tag?post=4919"}],"curies":[{"name":"wp","href":"https:\/\/api.w.org\/{rel}","templated":true}]}}