{"id":4907,"date":"2023-02-03T16:00:17","date_gmt":"2023-02-03T14:00:17","guid":{"rendered":"https:\/\/inspiratio.ro\/?post_type=product&#038;p=4907"},"modified":"2023-02-03T16:10:52","modified_gmt":"2023-02-03T14:10:52","slug":"gru-cercei-mari","status":"publish","type":"product","link":"https:\/\/inspiratio.ro\/en\/produs\/gru-cercei-mari\/","title":{"rendered":"Cercei mari"},"content":{"rendered":"<p>\u00cen aceast\u0103 serie de produse exist\u0103 mai multe modele, o parte din acestea sunt urm\u0103toarele:<\/p>\n<p><strong>Cercei inim\u0103<\/strong>, realiza\u0163i manual din ceramic\u0103 \u015fi decora\u0163i cu aur sau platin\u0103. Un model vesel \u015fi nepreten\u0163ios. Au torti\u0163\u0103 din inox. Diametrul cercului este de 2,5 cm, lungimea total\u0103 a cercelului este de aproximativ 6 cm, l\u0103\u0163ime maxim\u0103 de 3,2 cm. Greutate 10 g \/ perechea.<\/p>\n<p><strong>Cercei frunze albe, de iarn\u0103<\/strong>, realiza\u0163i manual din ceramic\u0103 \u015fi decora\u0163i cu aur sau platin\u0103. Frunzele sunt modelate s\u0103 aib\u0103 o u\u0219oar\u0103 curbur\u0103 ce difer\u0103 la fiecare pies\u0103 \u00een parte. Sunt realizate manual, ceea ce face ca fiecare pies\u0103 s\u0103 fie unic\u0103. Un model vesel \u015fi nepreten\u0163ios. Au torti\u0163\u0103 din inox. Diametrul cercului este de 2,5 cm, \u00een\u0103l\u0163imea total\u0103 a cercelului este de 7,5 cm, l\u0103\u0163ime maxim\u0103 de 3,2 cm. Greutatea 8 g \/ perechea.<\/p>\n<p><strong>Cercei frunze verzi, de var\u0103,<\/strong> realiza\u0163i manual din ceramic\u0103 \u015fi decora\u0163i cu aur. Frunzele sunt modelate s\u0103 aib\u0103 o u\u0219oar\u0103 curbur\u0103, diferit\u0103 la fiecare pereche. Sunt modelate \u0219i pictate manual, ceea ce face ca fiecare pies\u0103 s\u0103 fie unic\u0103. Un model vesel \u015fi nepreten\u0163ios. Au torti\u0163\u0103 din inox auriu. Diametrul cercului este de 2,5 cm, \u00een\u0103l\u0163imea total\u0103 a cercelului este de 7,5 cm, l\u0103\u0163ime maxim\u0103 de 3,2 cm. Greutate 8 g \/ perechea.<\/p>\n<p><strong>Cercei frunze de toamn\u0103,<\/strong> realiza\u021bi manual din ceramic\u0103 \u0219i decora\u021bi cu aur. Frunzele sunt modelate s\u0103 aib\u0103 o u\u0219oar\u0103 curbur\u0103, diferit\u0103 la fiecare pereche. Sunt modelate \u0219i pictate manual, ceea ce face ca fiecare pies\u0103 s\u0103 fie unic\u0103. Un model vesel \u0219i nepreten\u021bios. Au torti\u021b\u0103 din inox auriu. Diametrul cercului este de 2,5 cm, \u00een\u0103l\u021bimea total\u0103 a cercelului este de 7,5 cm, l\u0103\u021bime maxim\u0103 de 3,2 cm. Greutate 8 g \/ perechea.<\/p>\n<p>La INSPIRATIO stocurile sunt mereu reduse pentru c\u0103 lucr\u0103m cu artizani \u0219i designeri care manufactureaz\u0103 fiecare produs \u00een parte. Culorile produsului pot varia u\u0219or fa\u021b\u0103 de fotografie. Fiind un produs manufacturat, dimensiunile, greutatea \u0219i textura pot varia u\u0219or.<\/p>\n<p>Av\u00e2nd \u00een vedere diversitatea modelelor \u0219i culorilor disponibile \u00een magazin, v\u0103 rug\u0103m s\u0103 ne contacta\u021bi telefonic\/Whatsapp pentru a v\u0103 putea sprijini \u00een alegerea produsului dorit.<\/p>\n","protected":false},"excerpt":{"rendered":"<p>\u00cen aceast\u0103 serie de produse exist\u0103 mai multe modele, o parte din acestea sunt urm\u0103toarele: Cercei inim\u0103, realiza\u0163i manual din ceramic\u0103 \u015fi decora\u0163i cu aur sau platin\u0103. Un model vesel \u015fi nepreten\u0163ios. Au torti\u0163\u0103 din inox. Diametrul cercului este de 2,5 cm, lungimea total\u0103 a cercelului este de aproximativ 6 cm, l\u0103\u0163ime maxim\u0103 de 3,2 [&hellip;]<\/p>\n","protected":false},"featured_media":4913,"comment_status":"open","ping_status":"closed","template":"","meta":[],"pwb-brand":[29],"product_brand":[],"product_cat":[87,18],"product_tag":[],"class_list":{"0":"post-4907","1":"product","2":"type-product","3":"status-publish","4":"has-post-thumbnail","6":"pwb-brand-gruni","7":"product_cat-to-wear","8":"product_cat-bijuterie-contemporana","10":"first","11":"instock","12":"taxable","13":"shipping-taxable","14":"purchasable","15":"product-type-simple"},"yoast_head":"<!-- This site is optimized with the Yoast SEO plugin v26.9 - https:\/\/yoast.com\/product\/yoast-seo-wordpress\/ -->\n<title>GRU Cercei mari - Inspiratio<\/title>\n<meta name=\"robots\" content=\"index, follow, max-snippet:-1, max-image-preview:large, max-video-preview:-1\" \/>\n<link rel=\"canonical\" href=\"https:\/\/inspiratio.ro\/produs\/gru-cercei-mari\/\" \/>\n<meta property=\"og:locale\" content=\"en_US\" \/>\n<meta property=\"og:type\" content=\"article\" \/>\n<meta property=\"og:title\" content=\"GRU Cercei mari - Inspiratio\" \/>\n<meta property=\"og:description\" content=\"\u00cen aceast\u0103 serie de produse exist\u0103 mai multe modele, o parte din acestea sunt urm\u0103toarele: Cercei inim\u0103, realiza\u0163i manual din ceramic\u0103 \u015fi decora\u0163i cu aur sau platin\u0103. Un model vesel \u015fi nepreten\u0163ios. Au torti\u0163\u0103 din inox. Diametrul cercului este de 2,5 cm, lungimea total\u0103 a cercelului este de aproximativ 6 cm, l\u0103\u0163ime maxim\u0103 de 3,2 [&hellip;]\" \/>\n<meta property=\"og:url\" content=\"https:\/\/inspiratio.ro\/produs\/gru-cercei-mari\/\" \/>\n<meta property=\"og:site_name\" content=\"Inspiratio\" \/>\n<meta property=\"article:publisher\" content=\"https:\/\/www.facebook.com\/inspiratiogiftstudio\/\" \/>\n<meta property=\"article:modified_time\" content=\"2023-02-03T14:10:52+00:00\" \/>\n<meta property=\"og:image\" content=\"https:\/\/inspiratio.ro\/wp-content\/uploads\/2023\/02\/cercei-inima3.jpg\" \/>\n\t<meta property=\"og:image:width\" content=\"1500\" \/>\n\t<meta property=\"og:image:height\" content=\"1500\" \/>\n\t<meta property=\"og:image:type\" content=\"image\/jpeg\" \/>\n<meta name=\"twitter:card\" content=\"summary_large_image\" \/>\n<meta name=\"twitter:label1\" content=\"Est. reading time\" \/>\n\t<meta name=\"twitter:data1\" content=\"2 minutes\" \/>\n<script type=\"application\/ld+json\" class=\"yoast-schema-graph\">{\"@context\":\"https:\/\/schema.org\",\"@graph\":[{\"@type\":\"WebPage\",\"@id\":\"https:\/\/inspiratio.ro\/produs\/gru-cercei-mari\/\",\"url\":\"https:\/\/inspiratio.ro\/produs\/gru-cercei-mari\/\",\"name\":\"GRU Cercei mari - Inspiratio\",\"isPartOf\":{\"@id\":\"https:\/\/inspiratio.ro\/#website\"},\"primaryImageOfPage\":{\"@id\":\"https:\/\/inspiratio.ro\/produs\/gru-cercei-mari\/#primaryimage\"},\"image\":{\"@id\":\"https:\/\/inspiratio.ro\/produs\/gru-cercei-mari\/#primaryimage\"},\"thumbnailUrl\":\"https:\/\/inspiratio.ro\/wp-content\/uploads\/2023\/02\/cercei-inima3.jpg\",\"datePublished\":\"2023-02-03T14:00:17+00:00\",\"dateModified\":\"2023-02-03T14:10:52+00:00\",\"breadcrumb\":{\"@id\":\"https:\/\/inspiratio.ro\/produs\/gru-cercei-mari\/#breadcrumb\"},\"inLanguage\":\"en-US\",\"potentialAction\":[{\"@type\":\"ReadAction\",\"target\":[\"https:\/\/inspiratio.ro\/produs\/gru-cercei-mari\/\"]}]},{\"@type\":\"ImageObject\",\"inLanguage\":\"en-US\",\"@id\":\"https:\/\/inspiratio.ro\/produs\/gru-cercei-mari\/#primaryimage\",\"url\":\"https:\/\/inspiratio.ro\/wp-content\/uploads\/2023\/02\/cercei-inima3.jpg\",\"contentUrl\":\"https:\/\/inspiratio.ro\/wp-content\/uploads\/2023\/02\/cercei-inima3.jpg\",\"width\":1500,\"height\":1500},{\"@type\":\"BreadcrumbList\",\"@id\":\"https:\/\/inspiratio.ro\/produs\/gru-cercei-mari\/#breadcrumb\",\"itemListElement\":[{\"@type\":\"ListItem\",\"position\":1,\"name\":\"Shop\",\"item\":\"https:\/\/inspiratio.ro\/magazin-cadouri\/\"},{\"@type\":\"ListItem\",\"position\":2,\"name\":\"GRU Cercei mari\"}]},{\"@type\":\"WebSite\",\"@id\":\"https:\/\/inspiratio.ro\/#website\",\"url\":\"https:\/\/inspiratio.ro\/\",\"name\":\"Inspiratio\",\"description\":\"Las\u0103-te purtat de inspira\u021bie\",\"publisher\":{\"@id\":\"https:\/\/inspiratio.ro\/#organization\"},\"potentialAction\":[{\"@type\":\"SearchAction\",\"target\":{\"@type\":\"EntryPoint\",\"urlTemplate\":\"https:\/\/inspiratio.ro\/?s={search_term_string}\"},\"query-input\":{\"@type\":\"PropertyValueSpecification\",\"valueRequired\":true,\"valueName\":\"search_term_string\"}}],\"inLanguage\":\"en-US\"},{\"@type\":\"Organization\",\"@id\":\"https:\/\/inspiratio.ro\/#organization\",\"name\":\"Inspiratio\",\"url\":\"https:\/\/inspiratio.ro\/\",\"logo\":{\"@type\":\"ImageObject\",\"inLanguage\":\"en-US\",\"@id\":\"https:\/\/inspiratio.ro\/#\/schema\/logo\/image\/\",\"url\":\"https:\/\/inspiratio.ro\/wp-content\/uploads\/2020\/06\/logo-inspiratio.png\",\"contentUrl\":\"https:\/\/inspiratio.ro\/wp-content\/uploads\/2020\/06\/logo-inspiratio.png\",\"width\":232,\"height\":209,\"caption\":\"Inspiratio\"},\"image\":{\"@id\":\"https:\/\/inspiratio.ro\/#\/schema\/logo\/image\/\"},\"sameAs\":[\"https:\/\/www.facebook.com\/inspiratiogiftstudio\/\",\"https:\/\/www.instagram.com\/inspiratio_giftstudio\/\"]}]}<\/script>\n<!-- \/ Yoast SEO plugin. -->","yoast_head_json":{"title":"GRU Cercei mari - Inspiratio","robots":{"index":"index","follow":"follow","max-snippet":"max-snippet:-1","max-image-preview":"max-image-preview:large","max-video-preview":"max-video-preview:-1"},"canonical":"https:\/\/inspiratio.ro\/produs\/gru-cercei-mari\/","og_locale":"en_US","og_type":"article","og_title":"GRU Cercei mari - Inspiratio","og_description":"\u00cen aceast\u0103 serie de produse exist\u0103 mai multe modele, o parte din acestea sunt urm\u0103toarele: Cercei inim\u0103, realiza\u0163i manual din ceramic\u0103 \u015fi decora\u0163i cu aur sau platin\u0103. Un model vesel \u015fi nepreten\u0163ios. Au torti\u0163\u0103 din inox. Diametrul cercului este de 2,5 cm, lungimea total\u0103 a cercelului este de aproximativ 6 cm, l\u0103\u0163ime maxim\u0103 de 3,2 [&hellip;]","og_url":"https:\/\/inspiratio.ro\/produs\/gru-cercei-mari\/","og_site_name":"Inspiratio","article_publisher":"https:\/\/www.facebook.com\/inspiratiogiftstudio\/","article_modified_time":"2023-02-03T14:10:52+00:00","og_image":[{"width":1500,"height":1500,"url":"https:\/\/inspiratio.ro\/wp-content\/uploads\/2023\/02\/cercei-inima3.jpg","type":"image\/jpeg"}],"twitter_card":"summary_large_image","twitter_misc":{"Est. reading time":"2 minutes"},"schema":{"@context":"https:\/\/schema.org","@graph":[{"@type":"WebPage","@id":"https:\/\/inspiratio.ro\/produs\/gru-cercei-mari\/","url":"https:\/\/inspiratio.ro\/produs\/gru-cercei-mari\/","name":"GRU Cercei mari - Inspiratio","isPartOf":{"@id":"https:\/\/inspiratio.ro\/#website"},"primaryImageOfPage":{"@id":"https:\/\/inspiratio.ro\/produs\/gru-cercei-mari\/#primaryimage"},"image":{"@id":"https:\/\/inspiratio.ro\/produs\/gru-cercei-mari\/#primaryimage"},"thumbnailUrl":"https:\/\/inspiratio.ro\/wp-content\/uploads\/2023\/02\/cercei-inima3.jpg","datePublished":"2023-02-03T14:00:17+00:00","dateModified":"2023-02-03T14:10:52+00:00","breadcrumb":{"@id":"https:\/\/inspiratio.ro\/produs\/gru-cercei-mari\/#breadcrumb"},"inLanguage":"en-US","potentialAction":[{"@type":"ReadAction","target":["https:\/\/inspiratio.ro\/produs\/gru-cercei-mari\/"]}]},{"@type":"ImageObject","inLanguage":"en-US","@id":"https:\/\/inspiratio.ro\/produs\/gru-cercei-mari\/#primaryimage","url":"https:\/\/inspiratio.ro\/wp-content\/uploads\/2023\/02\/cercei-inima3.jpg","contentUrl":"https:\/\/inspiratio.ro\/wp-content\/uploads\/2023\/02\/cercei-inima3.jpg","width":1500,"height":1500},{"@type":"BreadcrumbList","@id":"https:\/\/inspiratio.ro\/produs\/gru-cercei-mari\/#breadcrumb","itemListElement":[{"@type":"ListItem","position":1,"name":"Shop","item":"https:\/\/inspiratio.ro\/magazin-cadouri\/"},{"@type":"ListItem","position":2,"name":"GRU Cercei mari"}]},{"@type":"WebSite","@id":"https:\/\/inspiratio.ro\/#website","url":"https:\/\/inspiratio.ro\/","name":"Inspiratio","description":"Las\u0103-te purtat de inspira\u021bie","publisher":{"@id":"https:\/\/inspiratio.ro\/#organization"},"potentialAction":[{"@type":"SearchAction","target":{"@type":"EntryPoint","urlTemplate":"https:\/\/inspiratio.ro\/?s={search_term_string}"},"query-input":{"@type":"PropertyValueSpecification","valueRequired":true,"valueName":"search_term_string"}}],"inLanguage":"en-US"},{"@type":"Organization","@id":"https:\/\/inspiratio.ro\/#organization","name":"Inspiratio","url":"https:\/\/inspiratio.ro\/","logo":{"@type":"ImageObject","inLanguage":"en-US","@id":"https:\/\/inspiratio.ro\/#\/schema\/logo\/image\/","url":"https:\/\/inspiratio.ro\/wp-content\/uploads\/2020\/06\/logo-inspiratio.png","contentUrl":"https:\/\/inspiratio.ro\/wp-content\/uploads\/2020\/06\/logo-inspiratio.png","width":232,"height":209,"caption":"Inspiratio"},"image":{"@id":"https:\/\/inspiratio.ro\/#\/schema\/logo\/image\/"},"sameAs":["https:\/\/www.facebook.com\/inspiratiogiftstudio\/","https:\/\/www.instagram.com\/inspiratio_giftstudio\/"]}]}},"brands":[{"id":29,"name":"Gruni","slug":"gruni"}],"_links":{"self":[{"href":"https:\/\/inspiratio.ro\/en\/wp-json\/wp\/v2\/product\/4907","targetHints":{"allow":["GET"]}}],"collection":[{"href":"https:\/\/inspiratio.ro\/en\/wp-json\/wp\/v2\/product"}],"about":[{"href":"https:\/\/inspiratio.ro\/en\/wp-json\/wp\/v2\/types\/product"}],"replies":[{"embeddable":true,"href":"https:\/\/inspiratio.ro\/en\/wp-json\/wp\/v2\/comments?post=4907"}],"wp:featuredmedia":[{"embeddable":true,"href":"https:\/\/inspiratio.ro\/en\/wp-json\/wp\/v2\/media\/4913"}],"wp:attachment":[{"href":"https:\/\/inspiratio.ro\/en\/wp-json\/wp\/v2\/media?parent=4907"}],"wp:term":[{"taxonomy":"pwb-brand","embeddable":true,"href":"https:\/\/inspiratio.ro\/en\/wp-json\/wp\/v2\/pwb-brand?post=4907"},{"taxonomy":"product_brand","embeddable":true,"href":"https:\/\/inspiratio.ro\/en\/wp-json\/wp\/v2\/product_brand?post=4907"},{"taxonomy":"product_cat","embeddable":true,"href":"https:\/\/inspiratio.ro\/en\/wp-json\/wp\/v2\/product_cat?post=4907"},{"taxonomy":"product_tag","embeddable":true,"href":"https:\/\/inspiratio.ro\/en\/wp-json\/wp\/v2\/product_tag?post=4907"}],"curies":[{"name":"wp","href":"https:\/\/api.w.org\/{rel}","templated":true}]}}