{"id":4892,"date":"2023-02-03T15:47:20","date_gmt":"2023-02-03T13:47:20","guid":{"rendered":"https:\/\/inspiratio.ro\/?post_type=product&#038;p=4892"},"modified":"2023-11-17T11:10:25","modified_gmt":"2023-11-17T09:10:25","slug":"gru-cercei-iii","status":"publish","type":"product","link":"https:\/\/inspiratio.ro\/en\/produs\/gru-cercei-iii\/","title":{"rendered":"Cercei III"},"content":{"rendered":"<p>\u00cen aceast\u0103 serie de produse exist\u0103 mai multe modele, o parte din acestea sunt urm\u0103toarele:<\/p>\n<p><strong>Stele mari \u2013 cercei lungi<\/strong>, din por\u021belan marmorat, cu efect de sclipici. Un model elegant, de sear\u0103, potrivi\u021bi pentru sezonul festiv \u0219i nu numai. Sunt realiza\u021bi manual, deci fiecare pereche are curburi \u0219i str\u0103luciri unice. Accesoriile sunt din inox auriu, iar decorul cerceilor este f\u0103cut prin poleire cu aur. Lungimea total\u0103 a cercelului este de aproximativ 10 cm (5 cm steaua, 2,5 cm cercul) cu o l\u0103\u021bime de 4,3 cm. Greutate aproximativ\u0103 14 g \/ perechea.<\/p>\n<p><strong>Stele c\u0103z\u0103toare \u2013 cercei lungi<\/strong>, din por\u021belan marmorat, cu efect de sclipici. Un model elegant, de sear\u0103, potrivi\u021bi pentru sezonul festiv \u0219i nu numai. Pot ajunge p\u00e2n\u0103 jos, la clavicule. Sunt realiza\u021bi manual, deci fiecare pereche are curburi \u0219i str\u0103luciri unice. Accesoriile sunt din inox auriu, iar decorul cerceilor este f\u0103cut prin poleire cu aur. Lungimea total\u0103 a cercelului este de aproximativ 10 cm (5 cm coada stelei, 2,5 cm cercul stelei) . Greutate 16 g \/ perechea.<\/p>\n<p><strong>Cercei din ceramic\u0103, \u00een form\u0103 de pisic\u0103<\/strong>, cu desene florale albastre. Desena\u021bi manual \u0219i decora\u021bi cu aur sau platin\u0103 coloidal\u0103. Torti\u021bele sunt din alam\u0103 iar cercelul are aproximativ 5.5 cm \u00een\u0103l\u0163ime. Greutate (aprox) 10 g \/ perechea.<\/p>\n<p>La INSPIRATIO stocurile sunt mereu reduse pentru c\u0103 lucr\u0103m cu artizani \u0219i designeri care manufactureaz\u0103 fiecare produs \u00een parte. Culorile produsului pot varia u\u0219or fa\u021b\u0103 de fotografie. Fiind un produs manufacturat, dimensiunile, greutatea \u0219i textura pot varia u\u0219or.<\/p>\n<p>Av\u00e2nd \u00een vedere diversitatea modelelor \u0219i culorilor disponibile \u00een magazin, v\u0103 rug\u0103m s\u0103 ne contacta\u021bi telefonic\/Whatsapp pentru a v\u0103 putea sprijini \u00een alegerea produsului dorit.<\/p>\n","protected":false},"excerpt":{"rendered":"<p>\u00cen aceast\u0103 serie de produse exist\u0103 mai multe modele, o parte din acestea sunt urm\u0103toarele: Stele mari \u2013 cercei lungi, din por\u021belan marmorat, cu efect de sclipici. Un model elegant, de sear\u0103, potrivi\u021bi pentru sezonul festiv \u0219i nu numai. Sunt realiza\u021bi manual, deci fiecare pereche are curburi \u0219i str\u0103luciri unice. Accesoriile sunt din inox auriu, [&hellip;]<\/p>\n","protected":false},"featured_media":4906,"comment_status":"open","ping_status":"closed","template":"","meta":[],"pwb-brand":[29],"product_brand":[],"product_cat":[87,18],"product_tag":[],"class_list":{"0":"post-4892","1":"product","2":"type-product","3":"status-publish","4":"has-post-thumbnail","6":"pwb-brand-gruni","7":"product_cat-to-wear","8":"product_cat-bijuterie-contemporana","10":"first","11":"instock","12":"taxable","13":"shipping-taxable","14":"purchasable","15":"product-type-simple"},"yoast_head":"<!-- This site is optimized with the Yoast SEO plugin v26.9 - https:\/\/yoast.com\/product\/yoast-seo-wordpress\/ -->\n<title>GRU Cercei III - Inspiratio<\/title>\n<meta name=\"robots\" content=\"index, follow, max-snippet:-1, max-image-preview:large, max-video-preview:-1\" \/>\n<link rel=\"canonical\" href=\"https:\/\/inspiratio.ro\/produs\/gru-cercei-iii\/\" \/>\n<meta property=\"og:locale\" content=\"en_US\" \/>\n<meta property=\"og:type\" content=\"article\" \/>\n<meta property=\"og:title\" content=\"GRU Cercei III - Inspiratio\" \/>\n<meta property=\"og:description\" content=\"\u00cen aceast\u0103 serie de produse exist\u0103 mai multe modele, o parte din acestea sunt urm\u0103toarele: Stele mari \u2013 cercei lungi, din por\u021belan marmorat, cu efect de sclipici. Un model elegant, de sear\u0103, potrivi\u021bi pentru sezonul festiv \u0219i nu numai. Sunt realiza\u021bi manual, deci fiecare pereche are curburi \u0219i str\u0103luciri unice. Accesoriile sunt din inox auriu, [&hellip;]\" \/>\n<meta property=\"og:url\" content=\"https:\/\/inspiratio.ro\/produs\/gru-cercei-iii\/\" \/>\n<meta property=\"og:site_name\" content=\"Inspiratio\" \/>\n<meta property=\"article:publisher\" content=\"https:\/\/www.facebook.com\/inspiratiogiftstudio\/\" \/>\n<meta property=\"article:modified_time\" content=\"2023-11-17T09:10:25+00:00\" \/>\n<meta property=\"og:image\" content=\"https:\/\/inspiratio.ro\/wp-content\/uploads\/2023\/02\/cat-earrings1.jpg\" \/>\n\t<meta property=\"og:image:width\" content=\"2000\" \/>\n\t<meta property=\"og:image:height\" content=\"2000\" \/>\n\t<meta property=\"og:image:type\" content=\"image\/jpeg\" \/>\n<meta name=\"twitter:card\" content=\"summary_large_image\" \/>\n<meta name=\"twitter:label1\" content=\"Est. reading time\" \/>\n\t<meta name=\"twitter:data1\" content=\"2 minutes\" \/>\n<script type=\"application\/ld+json\" class=\"yoast-schema-graph\">{\"@context\":\"https:\/\/schema.org\",\"@graph\":[{\"@type\":\"WebPage\",\"@id\":\"https:\/\/inspiratio.ro\/produs\/gru-cercei-iii\/\",\"url\":\"https:\/\/inspiratio.ro\/produs\/gru-cercei-iii\/\",\"name\":\"GRU Cercei III - Inspiratio\",\"isPartOf\":{\"@id\":\"https:\/\/inspiratio.ro\/#website\"},\"primaryImageOfPage\":{\"@id\":\"https:\/\/inspiratio.ro\/produs\/gru-cercei-iii\/#primaryimage\"},\"image\":{\"@id\":\"https:\/\/inspiratio.ro\/produs\/gru-cercei-iii\/#primaryimage\"},\"thumbnailUrl\":\"https:\/\/inspiratio.ro\/wp-content\/uploads\/2023\/02\/cat-earrings1.jpg\",\"datePublished\":\"2023-02-03T13:47:20+00:00\",\"dateModified\":\"2023-11-17T09:10:25+00:00\",\"breadcrumb\":{\"@id\":\"https:\/\/inspiratio.ro\/produs\/gru-cercei-iii\/#breadcrumb\"},\"inLanguage\":\"en-US\",\"potentialAction\":[{\"@type\":\"ReadAction\",\"target\":[\"https:\/\/inspiratio.ro\/produs\/gru-cercei-iii\/\"]}]},{\"@type\":\"ImageObject\",\"inLanguage\":\"en-US\",\"@id\":\"https:\/\/inspiratio.ro\/produs\/gru-cercei-iii\/#primaryimage\",\"url\":\"https:\/\/inspiratio.ro\/wp-content\/uploads\/2023\/02\/cat-earrings1.jpg\",\"contentUrl\":\"https:\/\/inspiratio.ro\/wp-content\/uploads\/2023\/02\/cat-earrings1.jpg\",\"width\":2000,\"height\":2000},{\"@type\":\"BreadcrumbList\",\"@id\":\"https:\/\/inspiratio.ro\/produs\/gru-cercei-iii\/#breadcrumb\",\"itemListElement\":[{\"@type\":\"ListItem\",\"position\":1,\"name\":\"Shop\",\"item\":\"https:\/\/inspiratio.ro\/magazin-cadouri\/\"},{\"@type\":\"ListItem\",\"position\":2,\"name\":\"GRU Cercei III\"}]},{\"@type\":\"WebSite\",\"@id\":\"https:\/\/inspiratio.ro\/#website\",\"url\":\"https:\/\/inspiratio.ro\/\",\"name\":\"Inspiratio\",\"description\":\"Las\u0103-te purtat de inspira\u021bie\",\"publisher\":{\"@id\":\"https:\/\/inspiratio.ro\/#organization\"},\"potentialAction\":[{\"@type\":\"SearchAction\",\"target\":{\"@type\":\"EntryPoint\",\"urlTemplate\":\"https:\/\/inspiratio.ro\/?s={search_term_string}\"},\"query-input\":{\"@type\":\"PropertyValueSpecification\",\"valueRequired\":true,\"valueName\":\"search_term_string\"}}],\"inLanguage\":\"en-US\"},{\"@type\":\"Organization\",\"@id\":\"https:\/\/inspiratio.ro\/#organization\",\"name\":\"Inspiratio\",\"url\":\"https:\/\/inspiratio.ro\/\",\"logo\":{\"@type\":\"ImageObject\",\"inLanguage\":\"en-US\",\"@id\":\"https:\/\/inspiratio.ro\/#\/schema\/logo\/image\/\",\"url\":\"https:\/\/inspiratio.ro\/wp-content\/uploads\/2020\/06\/logo-inspiratio.png\",\"contentUrl\":\"https:\/\/inspiratio.ro\/wp-content\/uploads\/2020\/06\/logo-inspiratio.png\",\"width\":232,\"height\":209,\"caption\":\"Inspiratio\"},\"image\":{\"@id\":\"https:\/\/inspiratio.ro\/#\/schema\/logo\/image\/\"},\"sameAs\":[\"https:\/\/www.facebook.com\/inspiratiogiftstudio\/\",\"https:\/\/www.instagram.com\/inspiratio_giftstudio\/\"]}]}<\/script>\n<!-- \/ Yoast SEO plugin. -->","yoast_head_json":{"title":"GRU Cercei III - Inspiratio","robots":{"index":"index","follow":"follow","max-snippet":"max-snippet:-1","max-image-preview":"max-image-preview:large","max-video-preview":"max-video-preview:-1"},"canonical":"https:\/\/inspiratio.ro\/produs\/gru-cercei-iii\/","og_locale":"en_US","og_type":"article","og_title":"GRU Cercei III - Inspiratio","og_description":"\u00cen aceast\u0103 serie de produse exist\u0103 mai multe modele, o parte din acestea sunt urm\u0103toarele: Stele mari \u2013 cercei lungi, din por\u021belan marmorat, cu efect de sclipici. Un model elegant, de sear\u0103, potrivi\u021bi pentru sezonul festiv \u0219i nu numai. Sunt realiza\u021bi manual, deci fiecare pereche are curburi \u0219i str\u0103luciri unice. Accesoriile sunt din inox auriu, [&hellip;]","og_url":"https:\/\/inspiratio.ro\/produs\/gru-cercei-iii\/","og_site_name":"Inspiratio","article_publisher":"https:\/\/www.facebook.com\/inspiratiogiftstudio\/","article_modified_time":"2023-11-17T09:10:25+00:00","og_image":[{"width":2000,"height":2000,"url":"https:\/\/inspiratio.ro\/wp-content\/uploads\/2023\/02\/cat-earrings1.jpg","type":"image\/jpeg"}],"twitter_card":"summary_large_image","twitter_misc":{"Est. reading time":"2 minutes"},"schema":{"@context":"https:\/\/schema.org","@graph":[{"@type":"WebPage","@id":"https:\/\/inspiratio.ro\/produs\/gru-cercei-iii\/","url":"https:\/\/inspiratio.ro\/produs\/gru-cercei-iii\/","name":"GRU Cercei III - Inspiratio","isPartOf":{"@id":"https:\/\/inspiratio.ro\/#website"},"primaryImageOfPage":{"@id":"https:\/\/inspiratio.ro\/produs\/gru-cercei-iii\/#primaryimage"},"image":{"@id":"https:\/\/inspiratio.ro\/produs\/gru-cercei-iii\/#primaryimage"},"thumbnailUrl":"https:\/\/inspiratio.ro\/wp-content\/uploads\/2023\/02\/cat-earrings1.jpg","datePublished":"2023-02-03T13:47:20+00:00","dateModified":"2023-11-17T09:10:25+00:00","breadcrumb":{"@id":"https:\/\/inspiratio.ro\/produs\/gru-cercei-iii\/#breadcrumb"},"inLanguage":"en-US","potentialAction":[{"@type":"ReadAction","target":["https:\/\/inspiratio.ro\/produs\/gru-cercei-iii\/"]}]},{"@type":"ImageObject","inLanguage":"en-US","@id":"https:\/\/inspiratio.ro\/produs\/gru-cercei-iii\/#primaryimage","url":"https:\/\/inspiratio.ro\/wp-content\/uploads\/2023\/02\/cat-earrings1.jpg","contentUrl":"https:\/\/inspiratio.ro\/wp-content\/uploads\/2023\/02\/cat-earrings1.jpg","width":2000,"height":2000},{"@type":"BreadcrumbList","@id":"https:\/\/inspiratio.ro\/produs\/gru-cercei-iii\/#breadcrumb","itemListElement":[{"@type":"ListItem","position":1,"name":"Shop","item":"https:\/\/inspiratio.ro\/magazin-cadouri\/"},{"@type":"ListItem","position":2,"name":"GRU Cercei III"}]},{"@type":"WebSite","@id":"https:\/\/inspiratio.ro\/#website","url":"https:\/\/inspiratio.ro\/","name":"Inspiratio","description":"Las\u0103-te purtat de inspira\u021bie","publisher":{"@id":"https:\/\/inspiratio.ro\/#organization"},"potentialAction":[{"@type":"SearchAction","target":{"@type":"EntryPoint","urlTemplate":"https:\/\/inspiratio.ro\/?s={search_term_string}"},"query-input":{"@type":"PropertyValueSpecification","valueRequired":true,"valueName":"search_term_string"}}],"inLanguage":"en-US"},{"@type":"Organization","@id":"https:\/\/inspiratio.ro\/#organization","name":"Inspiratio","url":"https:\/\/inspiratio.ro\/","logo":{"@type":"ImageObject","inLanguage":"en-US","@id":"https:\/\/inspiratio.ro\/#\/schema\/logo\/image\/","url":"https:\/\/inspiratio.ro\/wp-content\/uploads\/2020\/06\/logo-inspiratio.png","contentUrl":"https:\/\/inspiratio.ro\/wp-content\/uploads\/2020\/06\/logo-inspiratio.png","width":232,"height":209,"caption":"Inspiratio"},"image":{"@id":"https:\/\/inspiratio.ro\/#\/schema\/logo\/image\/"},"sameAs":["https:\/\/www.facebook.com\/inspiratiogiftstudio\/","https:\/\/www.instagram.com\/inspiratio_giftstudio\/"]}]}},"brands":[{"id":29,"name":"Gruni","slug":"gruni"}],"_links":{"self":[{"href":"https:\/\/inspiratio.ro\/en\/wp-json\/wp\/v2\/product\/4892","targetHints":{"allow":["GET"]}}],"collection":[{"href":"https:\/\/inspiratio.ro\/en\/wp-json\/wp\/v2\/product"}],"about":[{"href":"https:\/\/inspiratio.ro\/en\/wp-json\/wp\/v2\/types\/product"}],"replies":[{"embeddable":true,"href":"https:\/\/inspiratio.ro\/en\/wp-json\/wp\/v2\/comments?post=4892"}],"wp:featuredmedia":[{"embeddable":true,"href":"https:\/\/inspiratio.ro\/en\/wp-json\/wp\/v2\/media\/4906"}],"wp:attachment":[{"href":"https:\/\/inspiratio.ro\/en\/wp-json\/wp\/v2\/media?parent=4892"}],"wp:term":[{"taxonomy":"pwb-brand","embeddable":true,"href":"https:\/\/inspiratio.ro\/en\/wp-json\/wp\/v2\/pwb-brand?post=4892"},{"taxonomy":"product_brand","embeddable":true,"href":"https:\/\/inspiratio.ro\/en\/wp-json\/wp\/v2\/product_brand?post=4892"},{"taxonomy":"product_cat","embeddable":true,"href":"https:\/\/inspiratio.ro\/en\/wp-json\/wp\/v2\/product_cat?post=4892"},{"taxonomy":"product_tag","embeddable":true,"href":"https:\/\/inspiratio.ro\/en\/wp-json\/wp\/v2\/product_tag?post=4892"}],"curies":[{"name":"wp","href":"https:\/\/api.w.org\/{rel}","templated":true}]}}