{"id":4874,"date":"2023-02-03T14:28:23","date_gmt":"2023-02-03T12:28:23","guid":{"rendered":"https:\/\/inspiratio.ro\/?post_type=product&#038;p=4874"},"modified":"2025-08-12T16:40:52","modified_gmt":"2025-08-12T13:40:52","slug":"gru-cercei-ii","status":"publish","type":"product","link":"https:\/\/inspiratio.ro\/en\/produs\/gru-cercei-ii\/","title":{"rendered":"Cercei II"},"content":{"rendered":"<p>\u00cen aceast\u0103 serie de produse exist\u0103 mai multe modele, o parte din acestea sunt urm\u0103toarele:<\/p>\n<p><strong>Cercei lun\u0103 albastr\u0103,<\/strong> din por\u021belan marmorat. Un model elegant \u0219i juc\u0103u\u0219, de sear\u0103. Sunt realiza\u021bi manual, deci fiecare pereche este unic\u0103 \u00een felul ei. Ag\u0103\u021b\u0103toarea este din inox auriu. Lungimea total\u0103 a cercelului este de aproximativ 3.8 cm, l\u0103\u021bimea este de 2 cm. Greutate 5 g \/ perechea.<\/p>\n<p><strong>Cercei din ceramic\u0103 triunghiulari<\/strong>, cu accent aur sau platin\u0103. Cercei soare \u015fi piper \u2013 Pluto. Bijuterie geometric\u0103 de autor, cu textur\u0103 neutr\u0103, monocrom\u0103, sare \u0219i piper. \u00cenchiz\u0103toare inox.\u00a0Un model ce poate fi purtat la aproape orice. Sunt realiza\u0163i manual din ceramic\u0103, deci fiecare pereche este unic\u0103 \u00een felul ei. Diametrul cercului ag\u0103\u0163\u0103toare este de 2 cm, triunghiul este de 2,5 cm \u00een\u0103l\u0163ime. Lungimea total\u0103 a cercelului este de aproximativ 4 cm. Greutate 7 g \/ perechea.<\/p>\n<p><strong>Cercei cerc albastru cobalt cu tij\u0103 lung\u0103.<\/strong> Cerc organic, din por\u021belan, modelat \u0219i decorat manual cu un strop de aur. Un model elegant, de sear\u0103 sau cocktail. Sunt realiza\u021bi manual \u0219i sunt inegali. Lungimea ag\u0103\u021b\u0103torii din inox este de 5 cm. Cercul din ceramic\u0103 este de aproximativ 1,8-2,5 cm diametru. Lungimea total\u0103 a cercelului este de aproximativ 6,5 cm. Greutate aproximativ 7 g\/perechea.<\/p>\n<p><strong>Sc\u00e2ntei ro\u0219ii<\/strong> \u2013 cercei din por\u021belan marmorat, cu efect de sclipici. Un model elegant, de sear\u0103, potrivi\u021bi pentru sezonul festiv \u0219i nu numai. Sunt realiza\u021bi manual, deci fiecare pereche are curburi \u0219i str\u0103luciri unice. Accesoriile sunt din inox auriu, iar decorul cerceilor este f\u0103cut prin poleire cu aur. Lungimea total\u0103 a cercelului este de aproximativ 8 cm (5 cm pic\u0103tura, 3 cm accesoriile metalice). Greutate aproximativ\u0103 10 g \/ perechea.<\/p>\n<p><strong>Cercei geometrici sare \u0219i piper, cerc mare.<\/strong> Modela\u021bi manual din ceramic\u0103. Bijuterie statement, de autor. Accesorii inox auriu sau argintiu 2 cm. Dimensiuni 6 x 7 cm. Greutate 18 g \/ perechea. Cerceii geometrici cu textur\u0103 de culoare neutr\u0103, un model \u00eendr\u0103zne\u021b. Sunt realiza\u0163i manual din ceramic\u0103, deci fiecare pereche este unic\u0103 \u00een felul ei. Ag\u0103\u0163\u0103toarea este din inox, diametrul cercului ag\u0103\u0163\u0103toare este de 2 cm, iar diametrul piesei ceramice este de 6 cm.<\/p>\n<p><strong>Cercei geometrici handmade cu valuri albastre<\/strong>, desena\u021bi manual cu tu\u015fe ondulate albastru cobalt pe ambele fe\u0163e. Un model ce nu trece neobservat \u015fi care vrea s\u0103 te-nso\u0163easc\u0103 \u00een vacan\u0163\u0103. Sunt realiza\u0163i manual din ceramic\u0103 \u015fi fiecare pereche este desenat\u0103 individual, cu propriul ei traseu. Ag\u0103\u0163\u0103toarea este din inox auriu \u015fi are un diametru de 2 cm. Piesa ceramic\u0103 are diametrul aproximativ de 4 cm. Cercelul are o lungime total\u0103 de aproximativ 5,5 cm. Greutatea aproximativ\u0103 de 14 g \/ perechea.<\/p>\n<p>La INSPIRATIO stocurile sunt mereu reduse pentru c\u0103 lucr\u0103m cu artizani \u0219i designeri care manufactureaz\u0103 fiecare produs \u00een parte. Culorile produsului pot varia u\u0219or fa\u021b\u0103 de fotografie. Fiind un produs manufacturat, dimensiunile, greutatea \u0219i textura pot varia u\u0219or.<\/p>\n<p>Av\u00e2nd \u00een vedere diversitatea modelelor \u0219i culorilor disponibile \u00een magazin, v\u0103 rug\u0103m s\u0103 ne contacta\u021bi telefonic\/Whatsapp pentru a v\u0103 putea sprijini \u00een alegerea produsului dorit.<\/p>\n","protected":false},"excerpt":{"rendered":"<p>\u00cen aceast\u0103 serie de produse exist\u0103 mai multe modele, o parte din acestea sunt urm\u0103toarele: Cercei lun\u0103 albastr\u0103, din por\u021belan marmorat. Un model elegant \u0219i juc\u0103u\u0219, de sear\u0103. Sunt realiza\u021bi manual, deci fiecare pereche este unic\u0103 \u00een felul ei. Ag\u0103\u021b\u0103toarea este din inox auriu. Lungimea total\u0103 a cercelului este de aproximativ 3.8 cm, l\u0103\u021bimea este [&hellip;]<\/p>\n","protected":false},"featured_media":4879,"comment_status":"open","ping_status":"closed","template":"","meta":[],"pwb-brand":[29],"product_brand":[],"product_cat":[87,18],"product_tag":[],"class_list":{"0":"post-4874","1":"product","2":"type-product","3":"status-publish","4":"has-post-thumbnail","6":"pwb-brand-gruni","7":"product_cat-to-wear","8":"product_cat-bijuterie-contemporana","10":"first","11":"instock","12":"taxable","13":"shipping-taxable","14":"purchasable","15":"product-type-simple"},"yoast_head":"<!-- This site is optimized with the Yoast SEO plugin v26.9 - https:\/\/yoast.com\/product\/yoast-seo-wordpress\/ -->\n<title>GRU Cercei II - Inspiratio<\/title>\n<meta name=\"robots\" content=\"index, follow, max-snippet:-1, max-image-preview:large, max-video-preview:-1\" \/>\n<link rel=\"canonical\" href=\"https:\/\/inspiratio.ro\/produs\/gru-cercei-ii\/\" \/>\n<meta property=\"og:locale\" content=\"en_US\" \/>\n<meta property=\"og:type\" content=\"article\" \/>\n<meta property=\"og:title\" content=\"GRU Cercei II - Inspiratio\" \/>\n<meta property=\"og:description\" content=\"\u00cen aceast\u0103 serie de produse exist\u0103 mai multe modele, o parte din acestea sunt urm\u0103toarele: Cercei lun\u0103 albastr\u0103, din por\u021belan marmorat. Un model elegant \u0219i juc\u0103u\u0219, de sear\u0103. Sunt realiza\u021bi manual, deci fiecare pereche este unic\u0103 \u00een felul ei. Ag\u0103\u021b\u0103toarea este din inox auriu. Lungimea total\u0103 a cercelului este de aproximativ 3.8 cm, l\u0103\u021bimea este [&hellip;]\" \/>\n<meta property=\"og:url\" content=\"https:\/\/inspiratio.ro\/produs\/gru-cercei-ii\/\" \/>\n<meta property=\"og:site_name\" content=\"Inspiratio\" \/>\n<meta property=\"article:publisher\" content=\"https:\/\/www.facebook.com\/inspiratiogiftstudio\/\" \/>\n<meta property=\"article:modified_time\" content=\"2025-08-12T13:40:52+00:00\" \/>\n<meta property=\"og:image\" content=\"https:\/\/inspiratio.ro\/wp-content\/uploads\/2023\/02\/cercei-pluto_dana-moica_anastasia_1000.jpg\" \/>\n\t<meta property=\"og:image:width\" content=\"1000\" \/>\n\t<meta property=\"og:image:height\" content=\"1000\" \/>\n\t<meta property=\"og:image:type\" content=\"image\/jpeg\" \/>\n<meta name=\"twitter:card\" content=\"summary_large_image\" \/>\n<meta name=\"twitter:label1\" content=\"Est. reading time\" \/>\n\t<meta name=\"twitter:data1\" content=\"3 minutes\" \/>\n<script type=\"application\/ld+json\" class=\"yoast-schema-graph\">{\"@context\":\"https:\/\/schema.org\",\"@graph\":[{\"@type\":\"WebPage\",\"@id\":\"https:\/\/inspiratio.ro\/produs\/gru-cercei-ii\/\",\"url\":\"https:\/\/inspiratio.ro\/produs\/gru-cercei-ii\/\",\"name\":\"GRU Cercei II - Inspiratio\",\"isPartOf\":{\"@id\":\"https:\/\/inspiratio.ro\/#website\"},\"primaryImageOfPage\":{\"@id\":\"https:\/\/inspiratio.ro\/produs\/gru-cercei-ii\/#primaryimage\"},\"image\":{\"@id\":\"https:\/\/inspiratio.ro\/produs\/gru-cercei-ii\/#primaryimage\"},\"thumbnailUrl\":\"https:\/\/inspiratio.ro\/wp-content\/uploads\/2023\/02\/cercei-pluto_dana-moica_anastasia_1000.jpg\",\"datePublished\":\"2023-02-03T12:28:23+00:00\",\"dateModified\":\"2025-08-12T13:40:52+00:00\",\"breadcrumb\":{\"@id\":\"https:\/\/inspiratio.ro\/produs\/gru-cercei-ii\/#breadcrumb\"},\"inLanguage\":\"en-US\",\"potentialAction\":[{\"@type\":\"ReadAction\",\"target\":[\"https:\/\/inspiratio.ro\/produs\/gru-cercei-ii\/\"]}]},{\"@type\":\"ImageObject\",\"inLanguage\":\"en-US\",\"@id\":\"https:\/\/inspiratio.ro\/produs\/gru-cercei-ii\/#primaryimage\",\"url\":\"https:\/\/inspiratio.ro\/wp-content\/uploads\/2023\/02\/cercei-pluto_dana-moica_anastasia_1000.jpg\",\"contentUrl\":\"https:\/\/inspiratio.ro\/wp-content\/uploads\/2023\/02\/cercei-pluto_dana-moica_anastasia_1000.jpg\",\"width\":1000,\"height\":1000,\"caption\":\"Photo: Dana Moica\"},{\"@type\":\"BreadcrumbList\",\"@id\":\"https:\/\/inspiratio.ro\/produs\/gru-cercei-ii\/#breadcrumb\",\"itemListElement\":[{\"@type\":\"ListItem\",\"position\":1,\"name\":\"Shop\",\"item\":\"https:\/\/inspiratio.ro\/magazin-cadouri\/\"},{\"@type\":\"ListItem\",\"position\":2,\"name\":\"GRU Cercei II\"}]},{\"@type\":\"WebSite\",\"@id\":\"https:\/\/inspiratio.ro\/#website\",\"url\":\"https:\/\/inspiratio.ro\/\",\"name\":\"Inspiratio\",\"description\":\"Las\u0103-te purtat de inspira\u021bie\",\"publisher\":{\"@id\":\"https:\/\/inspiratio.ro\/#organization\"},\"potentialAction\":[{\"@type\":\"SearchAction\",\"target\":{\"@type\":\"EntryPoint\",\"urlTemplate\":\"https:\/\/inspiratio.ro\/?s={search_term_string}\"},\"query-input\":{\"@type\":\"PropertyValueSpecification\",\"valueRequired\":true,\"valueName\":\"search_term_string\"}}],\"inLanguage\":\"en-US\"},{\"@type\":\"Organization\",\"@id\":\"https:\/\/inspiratio.ro\/#organization\",\"name\":\"Inspiratio\",\"url\":\"https:\/\/inspiratio.ro\/\",\"logo\":{\"@type\":\"ImageObject\",\"inLanguage\":\"en-US\",\"@id\":\"https:\/\/inspiratio.ro\/#\/schema\/logo\/image\/\",\"url\":\"https:\/\/inspiratio.ro\/wp-content\/uploads\/2020\/06\/logo-inspiratio.png\",\"contentUrl\":\"https:\/\/inspiratio.ro\/wp-content\/uploads\/2020\/06\/logo-inspiratio.png\",\"width\":232,\"height\":209,\"caption\":\"Inspiratio\"},\"image\":{\"@id\":\"https:\/\/inspiratio.ro\/#\/schema\/logo\/image\/\"},\"sameAs\":[\"https:\/\/www.facebook.com\/inspiratiogiftstudio\/\",\"https:\/\/www.instagram.com\/inspiratio_giftstudio\/\"]}]}<\/script>\n<!-- \/ Yoast SEO plugin. -->","yoast_head_json":{"title":"GRU Cercei II - Inspiratio","robots":{"index":"index","follow":"follow","max-snippet":"max-snippet:-1","max-image-preview":"max-image-preview:large","max-video-preview":"max-video-preview:-1"},"canonical":"https:\/\/inspiratio.ro\/produs\/gru-cercei-ii\/","og_locale":"en_US","og_type":"article","og_title":"GRU Cercei II - Inspiratio","og_description":"\u00cen aceast\u0103 serie de produse exist\u0103 mai multe modele, o parte din acestea sunt urm\u0103toarele: Cercei lun\u0103 albastr\u0103, din por\u021belan marmorat. Un model elegant \u0219i juc\u0103u\u0219, de sear\u0103. Sunt realiza\u021bi manual, deci fiecare pereche este unic\u0103 \u00een felul ei. Ag\u0103\u021b\u0103toarea este din inox auriu. Lungimea total\u0103 a cercelului este de aproximativ 3.8 cm, l\u0103\u021bimea este [&hellip;]","og_url":"https:\/\/inspiratio.ro\/produs\/gru-cercei-ii\/","og_site_name":"Inspiratio","article_publisher":"https:\/\/www.facebook.com\/inspiratiogiftstudio\/","article_modified_time":"2025-08-12T13:40:52+00:00","og_image":[{"width":1000,"height":1000,"url":"https:\/\/inspiratio.ro\/wp-content\/uploads\/2023\/02\/cercei-pluto_dana-moica_anastasia_1000.jpg","type":"image\/jpeg"}],"twitter_card":"summary_large_image","twitter_misc":{"Est. reading time":"3 minutes"},"schema":{"@context":"https:\/\/schema.org","@graph":[{"@type":"WebPage","@id":"https:\/\/inspiratio.ro\/produs\/gru-cercei-ii\/","url":"https:\/\/inspiratio.ro\/produs\/gru-cercei-ii\/","name":"GRU Cercei II - Inspiratio","isPartOf":{"@id":"https:\/\/inspiratio.ro\/#website"},"primaryImageOfPage":{"@id":"https:\/\/inspiratio.ro\/produs\/gru-cercei-ii\/#primaryimage"},"image":{"@id":"https:\/\/inspiratio.ro\/produs\/gru-cercei-ii\/#primaryimage"},"thumbnailUrl":"https:\/\/inspiratio.ro\/wp-content\/uploads\/2023\/02\/cercei-pluto_dana-moica_anastasia_1000.jpg","datePublished":"2023-02-03T12:28:23+00:00","dateModified":"2025-08-12T13:40:52+00:00","breadcrumb":{"@id":"https:\/\/inspiratio.ro\/produs\/gru-cercei-ii\/#breadcrumb"},"inLanguage":"en-US","potentialAction":[{"@type":"ReadAction","target":["https:\/\/inspiratio.ro\/produs\/gru-cercei-ii\/"]}]},{"@type":"ImageObject","inLanguage":"en-US","@id":"https:\/\/inspiratio.ro\/produs\/gru-cercei-ii\/#primaryimage","url":"https:\/\/inspiratio.ro\/wp-content\/uploads\/2023\/02\/cercei-pluto_dana-moica_anastasia_1000.jpg","contentUrl":"https:\/\/inspiratio.ro\/wp-content\/uploads\/2023\/02\/cercei-pluto_dana-moica_anastasia_1000.jpg","width":1000,"height":1000,"caption":"Photo: Dana Moica"},{"@type":"BreadcrumbList","@id":"https:\/\/inspiratio.ro\/produs\/gru-cercei-ii\/#breadcrumb","itemListElement":[{"@type":"ListItem","position":1,"name":"Shop","item":"https:\/\/inspiratio.ro\/magazin-cadouri\/"},{"@type":"ListItem","position":2,"name":"GRU Cercei II"}]},{"@type":"WebSite","@id":"https:\/\/inspiratio.ro\/#website","url":"https:\/\/inspiratio.ro\/","name":"Inspiratio","description":"Las\u0103-te purtat de inspira\u021bie","publisher":{"@id":"https:\/\/inspiratio.ro\/#organization"},"potentialAction":[{"@type":"SearchAction","target":{"@type":"EntryPoint","urlTemplate":"https:\/\/inspiratio.ro\/?s={search_term_string}"},"query-input":{"@type":"PropertyValueSpecification","valueRequired":true,"valueName":"search_term_string"}}],"inLanguage":"en-US"},{"@type":"Organization","@id":"https:\/\/inspiratio.ro\/#organization","name":"Inspiratio","url":"https:\/\/inspiratio.ro\/","logo":{"@type":"ImageObject","inLanguage":"en-US","@id":"https:\/\/inspiratio.ro\/#\/schema\/logo\/image\/","url":"https:\/\/inspiratio.ro\/wp-content\/uploads\/2020\/06\/logo-inspiratio.png","contentUrl":"https:\/\/inspiratio.ro\/wp-content\/uploads\/2020\/06\/logo-inspiratio.png","width":232,"height":209,"caption":"Inspiratio"},"image":{"@id":"https:\/\/inspiratio.ro\/#\/schema\/logo\/image\/"},"sameAs":["https:\/\/www.facebook.com\/inspiratiogiftstudio\/","https:\/\/www.instagram.com\/inspiratio_giftstudio\/"]}]}},"brands":[{"id":29,"name":"Gruni","slug":"gruni"}],"_links":{"self":[{"href":"https:\/\/inspiratio.ro\/en\/wp-json\/wp\/v2\/product\/4874","targetHints":{"allow":["GET"]}}],"collection":[{"href":"https:\/\/inspiratio.ro\/en\/wp-json\/wp\/v2\/product"}],"about":[{"href":"https:\/\/inspiratio.ro\/en\/wp-json\/wp\/v2\/types\/product"}],"replies":[{"embeddable":true,"href":"https:\/\/inspiratio.ro\/en\/wp-json\/wp\/v2\/comments?post=4874"}],"wp:featuredmedia":[{"embeddable":true,"href":"https:\/\/inspiratio.ro\/en\/wp-json\/wp\/v2\/media\/4879"}],"wp:attachment":[{"href":"https:\/\/inspiratio.ro\/en\/wp-json\/wp\/v2\/media?parent=4874"}],"wp:term":[{"taxonomy":"pwb-brand","embeddable":true,"href":"https:\/\/inspiratio.ro\/en\/wp-json\/wp\/v2\/pwb-brand?post=4874"},{"taxonomy":"product_brand","embeddable":true,"href":"https:\/\/inspiratio.ro\/en\/wp-json\/wp\/v2\/product_brand?post=4874"},{"taxonomy":"product_cat","embeddable":true,"href":"https:\/\/inspiratio.ro\/en\/wp-json\/wp\/v2\/product_cat?post=4874"},{"taxonomy":"product_tag","embeddable":true,"href":"https:\/\/inspiratio.ro\/en\/wp-json\/wp\/v2\/product_tag?post=4874"}],"curies":[{"name":"wp","href":"https:\/\/api.w.org\/{rel}","templated":true}]}}