{"id":4836,"date":"2023-02-03T12:39:41","date_gmt":"2023-02-03T10:39:41","guid":{"rendered":"https:\/\/inspiratio.ro\/?post_type=product&#038;p=4836"},"modified":"2025-08-12T16:43:34","modified_gmt":"2025-08-12T13:43:34","slug":"gru-brosa-copii","status":"publish","type":"product","link":"https:\/\/inspiratio.ro\/en\/produs\/gru-brosa-copii\/","title":{"rendered":"Bro\u0219\u0103 copii"},"content":{"rendered":"<p><span class=\"oi732d6d ik7dh3pa d2edcug0 qv66sw1b c1et5uql a8c37x1j muag1w35 ew0dbk1b jq4qci2q a3bd9o3v knj5qynh oo9gr5id hzawbc8m\" dir=\"auto\">Insigne cu animale, bro\u0219e pentru copii din ceramic\u0103: ursule\u021bi, vulpi\u021be, iepura\u0219i, pisicu\u021be \u0219i c\u0103\u021bei. Modelate \u0219i pictate manual. Aprox. 2 x 2,5 cm. Culorile produsului pot varia u\u0219or fa\u021b\u0103 de fotografie.<\/span><\/p>\n<p><span class=\"oi732d6d ik7dh3pa d2edcug0 qv66sw1b c1et5uql a8c37x1j muag1w35 ew0dbk1b jq4qci2q a3bd9o3v knj5qynh oo9gr5id hzawbc8m\" dir=\"auto\">Bro\u0219e din ceramic\u0103 pictat\u0103 manual, f\u0103cute special pentru copii. Ursule\u021bi, vulpi\u021be, iepura\u0219i, pisicu\u021be \u0219i c\u0103\u021bei, young sau young at heart, la noi nu v\u0103 judec\u0103 nimeni. Pe \u00een\u0103l\u021bime sau l\u0103\u021bime, au aproximativ 2-2,5 cm, iar sistemul de prindere este de tip bro\u0219\u0103 cu ac.<\/span><\/p>\n<p>La INSPIRATIO stocurile sunt mereu reduse pentru c\u0103 lucr\u0103m cu artizani \u0219i designeri care manufactureaz\u0103 fiecare produs \u00een parte.<\/p>\n<p>Av\u00e2nd \u00een vedere diversitatea modelelor \u0219i culorilor disponibile \u00een magazin, v\u0103 rug\u0103m s\u0103 ne contacta\u021bi telefonic\/Whatsapp pentru a v\u0103 putea sprijini \u00een alegerea produsului dorit.<\/p>\n","protected":false},"excerpt":{"rendered":"<p>Insigne cu animale, bro\u0219e pentru copii din ceramic\u0103: ursule\u021bi, vulpi\u021be, iepura\u0219i, pisicu\u021be \u0219i c\u0103\u021bei. Modelate \u0219i pictate manual. Aprox. 2 x 2,5 cm. Culorile produsului pot varia u\u0219or fa\u021b\u0103 de fotografie. Bro\u0219e din ceramic\u0103 pictat\u0103 manual, f\u0103cute special pentru copii. Ursule\u021bi, vulpi\u021be, iepura\u0219i, pisicu\u021be \u0219i c\u0103\u021bei, young sau young at heart, la noi nu v\u0103 [&hellip;]<\/p>\n","protected":false},"featured_media":4845,"comment_status":"open","ping_status":"closed","template":"","meta":[],"pwb-brand":[],"product_brand":[],"product_cat":[87,18],"product_tag":[],"class_list":{"0":"post-4836","1":"product","2":"type-product","3":"status-publish","4":"has-post-thumbnail","6":"product_cat-to-wear","7":"product_cat-bijuterie-contemporana","9":"first","10":"instock","11":"taxable","12":"shipping-taxable","13":"purchasable","14":"product-type-simple"},"yoast_head":"<!-- This site is optimized with the Yoast SEO plugin v26.9 - https:\/\/yoast.com\/product\/yoast-seo-wordpress\/ -->\n<title>GRU Bro\u0219\u0103 copii - Inspiratio<\/title>\n<meta name=\"robots\" content=\"index, follow, max-snippet:-1, max-image-preview:large, max-video-preview:-1\" \/>\n<link rel=\"canonical\" href=\"https:\/\/inspiratio.ro\/produs\/gru-brosa-copii\/\" \/>\n<meta property=\"og:locale\" content=\"en_US\" \/>\n<meta property=\"og:type\" content=\"article\" \/>\n<meta property=\"og:title\" content=\"GRU Bro\u0219\u0103 copii - Inspiratio\" \/>\n<meta property=\"og:description\" content=\"Insigne cu animale, bro\u0219e pentru copii din ceramic\u0103: ursule\u021bi, vulpi\u021be, iepura\u0219i, pisicu\u021be \u0219i c\u0103\u021bei. Modelate \u0219i pictate manual. Aprox. 2 x 2,5 cm. Culorile produsului pot varia u\u0219or fa\u021b\u0103 de fotografie. Bro\u0219e din ceramic\u0103 pictat\u0103 manual, f\u0103cute special pentru copii. Ursule\u021bi, vulpi\u021be, iepura\u0219i, pisicu\u021be \u0219i c\u0103\u021bei, young sau young at heart, la noi nu v\u0103 [&hellip;]\" \/>\n<meta property=\"og:url\" content=\"https:\/\/inspiratio.ro\/produs\/gru-brosa-copii\/\" \/>\n<meta property=\"og:site_name\" content=\"Inspiratio\" \/>\n<meta property=\"article:publisher\" content=\"https:\/\/www.facebook.com\/inspiratiogiftstudio\/\" \/>\n<meta property=\"article:modified_time\" content=\"2025-08-12T13:43:34+00:00\" \/>\n<meta property=\"og:image\" content=\"https:\/\/inspiratio.ro\/wp-content\/uploads\/2023\/02\/animale4.jpg\" \/>\n\t<meta property=\"og:image:width\" content=\"2500\" \/>\n\t<meta property=\"og:image:height\" content=\"2500\" \/>\n\t<meta property=\"og:image:type\" content=\"image\/jpeg\" \/>\n<meta name=\"twitter:card\" content=\"summary_large_image\" \/>\n<meta name=\"twitter:label1\" content=\"Est. reading time\" \/>\n\t<meta name=\"twitter:data1\" content=\"1 minute\" \/>\n<script type=\"application\/ld+json\" class=\"yoast-schema-graph\">{\"@context\":\"https:\/\/schema.org\",\"@graph\":[{\"@type\":\"WebPage\",\"@id\":\"https:\/\/inspiratio.ro\/produs\/gru-brosa-copii\/\",\"url\":\"https:\/\/inspiratio.ro\/produs\/gru-brosa-copii\/\",\"name\":\"GRU Bro\u0219\u0103 copii - Inspiratio\",\"isPartOf\":{\"@id\":\"https:\/\/inspiratio.ro\/#website\"},\"primaryImageOfPage\":{\"@id\":\"https:\/\/inspiratio.ro\/produs\/gru-brosa-copii\/#primaryimage\"},\"image\":{\"@id\":\"https:\/\/inspiratio.ro\/produs\/gru-brosa-copii\/#primaryimage\"},\"thumbnailUrl\":\"https:\/\/inspiratio.ro\/wp-content\/uploads\/2023\/02\/animale4.jpg\",\"datePublished\":\"2023-02-03T10:39:41+00:00\",\"dateModified\":\"2025-08-12T13:43:34+00:00\",\"breadcrumb\":{\"@id\":\"https:\/\/inspiratio.ro\/produs\/gru-brosa-copii\/#breadcrumb\"},\"inLanguage\":\"en-US\",\"potentialAction\":[{\"@type\":\"ReadAction\",\"target\":[\"https:\/\/inspiratio.ro\/produs\/gru-brosa-copii\/\"]}]},{\"@type\":\"ImageObject\",\"inLanguage\":\"en-US\",\"@id\":\"https:\/\/inspiratio.ro\/produs\/gru-brosa-copii\/#primaryimage\",\"url\":\"https:\/\/inspiratio.ro\/wp-content\/uploads\/2023\/02\/animale4.jpg\",\"contentUrl\":\"https:\/\/inspiratio.ro\/wp-content\/uploads\/2023\/02\/animale4.jpg\",\"width\":2500,\"height\":2500},{\"@type\":\"BreadcrumbList\",\"@id\":\"https:\/\/inspiratio.ro\/produs\/gru-brosa-copii\/#breadcrumb\",\"itemListElement\":[{\"@type\":\"ListItem\",\"position\":1,\"name\":\"Shop\",\"item\":\"https:\/\/inspiratio.ro\/magazin-cadouri\/\"},{\"@type\":\"ListItem\",\"position\":2,\"name\":\"GRU Bro\u0219\u0103 copii\"}]},{\"@type\":\"WebSite\",\"@id\":\"https:\/\/inspiratio.ro\/#website\",\"url\":\"https:\/\/inspiratio.ro\/\",\"name\":\"Inspiratio\",\"description\":\"Las\u0103-te purtat de inspira\u021bie\",\"publisher\":{\"@id\":\"https:\/\/inspiratio.ro\/#organization\"},\"potentialAction\":[{\"@type\":\"SearchAction\",\"target\":{\"@type\":\"EntryPoint\",\"urlTemplate\":\"https:\/\/inspiratio.ro\/?s={search_term_string}\"},\"query-input\":{\"@type\":\"PropertyValueSpecification\",\"valueRequired\":true,\"valueName\":\"search_term_string\"}}],\"inLanguage\":\"en-US\"},{\"@type\":\"Organization\",\"@id\":\"https:\/\/inspiratio.ro\/#organization\",\"name\":\"Inspiratio\",\"url\":\"https:\/\/inspiratio.ro\/\",\"logo\":{\"@type\":\"ImageObject\",\"inLanguage\":\"en-US\",\"@id\":\"https:\/\/inspiratio.ro\/#\/schema\/logo\/image\/\",\"url\":\"https:\/\/inspiratio.ro\/wp-content\/uploads\/2020\/06\/logo-inspiratio.png\",\"contentUrl\":\"https:\/\/inspiratio.ro\/wp-content\/uploads\/2020\/06\/logo-inspiratio.png\",\"width\":232,\"height\":209,\"caption\":\"Inspiratio\"},\"image\":{\"@id\":\"https:\/\/inspiratio.ro\/#\/schema\/logo\/image\/\"},\"sameAs\":[\"https:\/\/www.facebook.com\/inspiratiogiftstudio\/\",\"https:\/\/www.instagram.com\/inspiratio_giftstudio\/\"]}]}<\/script>\n<!-- \/ Yoast SEO plugin. -->","yoast_head_json":{"title":"GRU Bro\u0219\u0103 copii - Inspiratio","robots":{"index":"index","follow":"follow","max-snippet":"max-snippet:-1","max-image-preview":"max-image-preview:large","max-video-preview":"max-video-preview:-1"},"canonical":"https:\/\/inspiratio.ro\/produs\/gru-brosa-copii\/","og_locale":"en_US","og_type":"article","og_title":"GRU Bro\u0219\u0103 copii - Inspiratio","og_description":"Insigne cu animale, bro\u0219e pentru copii din ceramic\u0103: ursule\u021bi, vulpi\u021be, iepura\u0219i, pisicu\u021be \u0219i c\u0103\u021bei. Modelate \u0219i pictate manual. Aprox. 2 x 2,5 cm. Culorile produsului pot varia u\u0219or fa\u021b\u0103 de fotografie. Bro\u0219e din ceramic\u0103 pictat\u0103 manual, f\u0103cute special pentru copii. Ursule\u021bi, vulpi\u021be, iepura\u0219i, pisicu\u021be \u0219i c\u0103\u021bei, young sau young at heart, la noi nu v\u0103 [&hellip;]","og_url":"https:\/\/inspiratio.ro\/produs\/gru-brosa-copii\/","og_site_name":"Inspiratio","article_publisher":"https:\/\/www.facebook.com\/inspiratiogiftstudio\/","article_modified_time":"2025-08-12T13:43:34+00:00","og_image":[{"width":2500,"height":2500,"url":"https:\/\/inspiratio.ro\/wp-content\/uploads\/2023\/02\/animale4.jpg","type":"image\/jpeg"}],"twitter_card":"summary_large_image","twitter_misc":{"Est. reading time":"1 minute"},"schema":{"@context":"https:\/\/schema.org","@graph":[{"@type":"WebPage","@id":"https:\/\/inspiratio.ro\/produs\/gru-brosa-copii\/","url":"https:\/\/inspiratio.ro\/produs\/gru-brosa-copii\/","name":"GRU Bro\u0219\u0103 copii - Inspiratio","isPartOf":{"@id":"https:\/\/inspiratio.ro\/#website"},"primaryImageOfPage":{"@id":"https:\/\/inspiratio.ro\/produs\/gru-brosa-copii\/#primaryimage"},"image":{"@id":"https:\/\/inspiratio.ro\/produs\/gru-brosa-copii\/#primaryimage"},"thumbnailUrl":"https:\/\/inspiratio.ro\/wp-content\/uploads\/2023\/02\/animale4.jpg","datePublished":"2023-02-03T10:39:41+00:00","dateModified":"2025-08-12T13:43:34+00:00","breadcrumb":{"@id":"https:\/\/inspiratio.ro\/produs\/gru-brosa-copii\/#breadcrumb"},"inLanguage":"en-US","potentialAction":[{"@type":"ReadAction","target":["https:\/\/inspiratio.ro\/produs\/gru-brosa-copii\/"]}]},{"@type":"ImageObject","inLanguage":"en-US","@id":"https:\/\/inspiratio.ro\/produs\/gru-brosa-copii\/#primaryimage","url":"https:\/\/inspiratio.ro\/wp-content\/uploads\/2023\/02\/animale4.jpg","contentUrl":"https:\/\/inspiratio.ro\/wp-content\/uploads\/2023\/02\/animale4.jpg","width":2500,"height":2500},{"@type":"BreadcrumbList","@id":"https:\/\/inspiratio.ro\/produs\/gru-brosa-copii\/#breadcrumb","itemListElement":[{"@type":"ListItem","position":1,"name":"Shop","item":"https:\/\/inspiratio.ro\/magazin-cadouri\/"},{"@type":"ListItem","position":2,"name":"GRU Bro\u0219\u0103 copii"}]},{"@type":"WebSite","@id":"https:\/\/inspiratio.ro\/#website","url":"https:\/\/inspiratio.ro\/","name":"Inspiratio","description":"Las\u0103-te purtat de inspira\u021bie","publisher":{"@id":"https:\/\/inspiratio.ro\/#organization"},"potentialAction":[{"@type":"SearchAction","target":{"@type":"EntryPoint","urlTemplate":"https:\/\/inspiratio.ro\/?s={search_term_string}"},"query-input":{"@type":"PropertyValueSpecification","valueRequired":true,"valueName":"search_term_string"}}],"inLanguage":"en-US"},{"@type":"Organization","@id":"https:\/\/inspiratio.ro\/#organization","name":"Inspiratio","url":"https:\/\/inspiratio.ro\/","logo":{"@type":"ImageObject","inLanguage":"en-US","@id":"https:\/\/inspiratio.ro\/#\/schema\/logo\/image\/","url":"https:\/\/inspiratio.ro\/wp-content\/uploads\/2020\/06\/logo-inspiratio.png","contentUrl":"https:\/\/inspiratio.ro\/wp-content\/uploads\/2020\/06\/logo-inspiratio.png","width":232,"height":209,"caption":"Inspiratio"},"image":{"@id":"https:\/\/inspiratio.ro\/#\/schema\/logo\/image\/"},"sameAs":["https:\/\/www.facebook.com\/inspiratiogiftstudio\/","https:\/\/www.instagram.com\/inspiratio_giftstudio\/"]}]}},"brands":[],"_links":{"self":[{"href":"https:\/\/inspiratio.ro\/en\/wp-json\/wp\/v2\/product\/4836","targetHints":{"allow":["GET"]}}],"collection":[{"href":"https:\/\/inspiratio.ro\/en\/wp-json\/wp\/v2\/product"}],"about":[{"href":"https:\/\/inspiratio.ro\/en\/wp-json\/wp\/v2\/types\/product"}],"replies":[{"embeddable":true,"href":"https:\/\/inspiratio.ro\/en\/wp-json\/wp\/v2\/comments?post=4836"}],"wp:featuredmedia":[{"embeddable":true,"href":"https:\/\/inspiratio.ro\/en\/wp-json\/wp\/v2\/media\/4845"}],"wp:attachment":[{"href":"https:\/\/inspiratio.ro\/en\/wp-json\/wp\/v2\/media?parent=4836"}],"wp:term":[{"taxonomy":"pwb-brand","embeddable":true,"href":"https:\/\/inspiratio.ro\/en\/wp-json\/wp\/v2\/pwb-brand?post=4836"},{"taxonomy":"product_brand","embeddable":true,"href":"https:\/\/inspiratio.ro\/en\/wp-json\/wp\/v2\/product_brand?post=4836"},{"taxonomy":"product_cat","embeddable":true,"href":"https:\/\/inspiratio.ro\/en\/wp-json\/wp\/v2\/product_cat?post=4836"},{"taxonomy":"product_tag","embeddable":true,"href":"https:\/\/inspiratio.ro\/en\/wp-json\/wp\/v2\/product_tag?post=4836"}],"curies":[{"name":"wp","href":"https:\/\/api.w.org\/{rel}","templated":true}]}}