{"id":4730,"date":"2022-11-21T18:34:04","date_gmt":"2022-11-21T16:34:04","guid":{"rendered":"https:\/\/inspiratio.ro\/?post_type=product&#038;p=4730"},"modified":"2023-03-15T13:00:06","modified_gmt":"2023-03-15T11:00:06","slug":"ach-ulei-calm-pur-10-ml","status":"publish","type":"product","link":"https:\/\/inspiratio.ro\/en\/produs\/ach-ulei-calm-pur-10-ml\/","title":{"rendered":"Ulei calm &#038; pur 10 ml"},"content":{"rendered":"<h2>Blend Calm &amp; Pur Roll-on Lavand\u0103<\/h2>\n<p>Blend Calm &amp; Pur Roll-on Lavand\u0103. Un ulei aromaterapeutic realizat cu ulei esen\u021bial de lavand\u0103, binef\u0103c\u0103tor pentru trup \u0219i suflet. Uleiul esen\u021bial de lavand\u0103 este folosit pentru a ameliora stresul \u0219i nervozitatea. Uleiul Esen\u021bial de Lavand\u0103 este renumit pentru propriet\u0103\u021bile sale relaxante \u0219i lini\u0219titoare, este \u0219i un aliat puternic pentru sportivi, \u00eenainte \u0219i dup\u0103 antrenament. P\u0103streaz\u0103-l la tine \u00een perioadele dificile, iar parfumul s\u0103u te va \u00eenc\u00e2nta negre\u0219it.<\/p>\n<table class=\"woocommerce-product-attributes shop_attributes\">\n<tbody>\n<tr class=\"woocommerce-product-attributes-item woocommerce-product-attributes-item--attribute_pa_proprietati\">\n<th class=\"woocommerce-product-attributes-item__label\">Propriet\u0103\u021bi<\/th>\n<td class=\"woocommerce-product-attributes-item__value\">Aromaterapie, Relaxare, Calmant<\/td>\n<\/tr>\n<\/tbody>\n<\/table>\n<form class=\"cart\" action=\"https:\/\/www.greenbubble.ro\/magazin\/baie-si-relaxare\/blend-calm-pur-roll-on-lavanda\/\" enctype=\"multipart\/form-data\" method=\"post\"><\/form>\n<h3>Principalele ingrediente active pentru Blend Calm &amp; Pur Roll-on Lavand\u0103:<\/h3>\n<p>Blend Calm &amp; Pur Roll-on Aromaterapeutic relizat cu Ulei Migdale Dulci, Ulei de Caprilis, Ulei Esen\u021bial Lavand\u0103 \u0219i Vitamina E.<\/p>\n<h3><strong>Infuzie \u0219i Ulei Esen\u021bial de Lavand\u0103\u00a0<span class=\"pq6dq46d tbxw36s4 knj5qynh kvgmc6g5 ditlmg2l oygrvhab nvdbi5me sf5mxxl7 rgmg9uty b73ngqbp\"><img loading=\"lazy\" decoding=\"async\" class=\"jetpack-lazy-image jetpack-lazy-image--handled\" src=\"https:\/\/static.xx.fbcdn.net\/images\/emoji.php\/v9\/t5a\/1\/24\/1f7e3.png\" alt=\"\ud83d\udfe3\" width=\"24\" height=\"24\" data-lazy-loaded=\"1\" \/><\/span><\/strong><\/h3>\n<p>Uleiul esen\u021bial de lavand\u0103 este lini\u0219titor \u0219i are un miros proasp\u0103t a flori de lavand\u0103. Uleiul esen\u021bial de lavand\u0103 este folosit pentru a ameliora stresul \u0219i nervozitatea. Renumit pentru propriet\u0103\u021bile sale relaxante \u0219i lini\u0219titoare, este de asemenea un aliat puternic pentru sportivi, \u00eenainte \u0219i dup\u0103 antrenament.<br \/>\nUleiul esen\u021bial de lavand\u0103 este utilizat \u00een produsele cosmetice pentru atenuarea diverselor probleme de piele \u0219i pentru regenerarea pielii. Uleiul esen\u021bial de lavand\u0103 este apreciat pentru parfumul s\u0103u deosebit care favorizeaz\u0103 somnul \u0219i calmeaz\u0103 sistemul nervos.<\/p>\n<p>Uleiul esen\u021bial de lavand\u0103 este cicatrizant, regenerator \u0219i reparator pentru piele, ajut\u0103 la refacerea pielii r\u0103nite, afectate de eczeme, urticarii, psoriazis, acnee, lini\u0219te\u0219te pielea r\u0103nit\u0103, \u00eenro\u0219it\u0103, ars\u0103 de soare sau \u00een\u021bepat\u0103 de insecte. Acest ulei este un echilibrant al sistemului nervos.<\/p>\n<div dir=\"auto\">\n<div class=\"product_meta_wrap clearfix\">\n<div dir=\"auto\">\n<div class=\"product_meta_wrap clearfix\">\n<h3>Ulei Migdale Dulci<\/h3>\n<p>Uleiul de migdale dulci este un ulei care nu las\u0103 pielea gras\u0103 dup\u0103 aplicare, fiind ideal pentru \u00eengrijirea pielii. Uleiul de migdale este emolient, delicat, calmant, benefic pentru pielea uscat\u0103, iritat\u0103 sau sensibil\u0103. Este potrivit pentru \u00eengrijirea pielii afectate de irita\u021bii \u0219i m\u00e2nc\u0103rimi, calmeaz\u0103 pielea dup\u0103 expunerea la soare.<\/p>\n<h3 dir=\"auto\">Ulei Caprilis<\/h3>\n<p>Uleiul Caprilis este un ulei de cocos frac\u021bionat cu un con\u021binut deosebit de ridicat de acid caprilic \u0219i capric. Este un emolient non-gras, cu textur\u0103 foarte u\u0219oar\u0103, care se absoarbe foarte repede \u0219i nu las\u0103 pielea gras\u0103. Nu \u00eenfund\u0103 porii \u0219i este foarte pl\u0103cut senzorial,\u00a0care hidrateaz\u0103 \u0219i calmeaz\u0103 pielea afectat\u0103 de ro\u0219ea\u021b\u0103 \u0219i irita\u021bii. Este un ulei nutritiv, emolient, care las\u0103 pielea fin\u0103, m\u0103t\u0103soas\u0103, moale \u0219i hidratat\u0103. Reduce inflama\u021bia pielii, este cicatrizant, antimicrobian \u0219i ajuta \u00een pielea afectat\u0103 de acnee.<\/p>\n<\/div>\n<\/div>\n<\/div>\n<\/div>\n<h3 dir=\"auto\">Vitamina E<\/h3>\n<div dir=\"auto\">Vitamina E este un antioxidant puternic benefic pentru piele ca activ anti-aging, regenerator \u0219i protector. Vitamina E este cunoscut\u0103 pentru efectul s\u0103u calmant, antiinflamator, protector pentru piele. Protejeaz\u0103 pielea de daunele factorilor de mediu \u0219i \u00eembun\u0103t\u0103\u021be\u0219te elasticitatea pielii.<\/div>\n<h3>Mod de Utilizare\/Aplicare Blend Calm &amp; Pur Roll-on Lavand\u0103<\/h3>\n<p>Se aplic\u0103 pe suprafe\u021be mici de piele, pe zonele cu puls cum ar fi \u00eencheieturi, g\u00e2t, t\u00e2mple. Numai pentru uz extern. Evit\u0103 contactul cu zona ochilor. A nu se ingera.<\/p>\n<p><strong><span class=\"pq6dq46d tbxw36s4 knj5qynh kvgmc6g5 ditlmg2l oygrvhab nvdbi5me sf5mxxl7 gl3lb2sf hhz5lgdu\">!<\/span>\u00cenainte de prima aplicare, efectueaz\u0103 un test de toleran\u021b\u0103 cu o zi \u00eenainte. Aplic\u0103 o cantitate mic\u0103 \u00een pliul cotului \u0219i verific\u0103 dac\u0103 corpul t\u0103u tolereaz\u0103 produsul. Dac\u0103 ai m\u00e2nc\u0103rimi de piele sau dac\u0103 se \u00eenro\u0219e\u0219te, nu utiliza produsul. A nu se las\u0103 la \u00eendem\u00e2na copiilor! A se depozita la loc uscat \u0219i r\u0103coros, ferit de razele solare.<\/strong><\/p>\n","protected":false},"excerpt":{"rendered":"<p>Blend Calm &amp; Pur Roll-on Lavand\u0103 Blend Calm &amp; Pur Roll-on Lavand\u0103. Un ulei aromaterapeutic realizat cu ulei esen\u021bial de lavand\u0103, binef\u0103c\u0103tor pentru trup \u0219i suflet. Uleiul esen\u021bial de lavand\u0103 este folosit pentru a ameliora stresul \u0219i nervozitatea. Uleiul Esen\u021bial de Lavand\u0103 este renumit pentru propriet\u0103\u021bile sale relaxante \u0219i lini\u0219titoare, este \u0219i un aliat puternic [&hellip;]<\/p>\n","protected":false},"featured_media":4731,"comment_status":"open","ping_status":"closed","template":"","meta":[],"pwb-brand":[142],"product_brand":[],"product_cat":[77],"product_tag":[],"class_list":{"0":"post-4730","1":"product","2":"type-product","3":"status-publish","4":"has-post-thumbnail","6":"pwb-brand-green-bubble","7":"product_cat-cosmetice-naturale","9":"first","10":"instock","11":"taxable","12":"shipping-taxable","13":"purchasable","14":"product-type-simple"},"yoast_head":"<!-- This site is optimized with the Yoast SEO plugin v26.9 - https:\/\/yoast.com\/product\/yoast-seo-wordpress\/ -->\n<title>ACH Ulei calm &amp; pur 10 ml - Inspiratio<\/title>\n<meta name=\"robots\" content=\"index, follow, max-snippet:-1, max-image-preview:large, max-video-preview:-1\" \/>\n<link rel=\"canonical\" href=\"https:\/\/inspiratio.ro\/produs\/ach-ulei-calm-pur-10-ml\/\" \/>\n<meta property=\"og:locale\" content=\"en_US\" \/>\n<meta property=\"og:type\" content=\"article\" \/>\n<meta property=\"og:title\" content=\"ACH Ulei calm &amp; pur 10 ml - Inspiratio\" \/>\n<meta property=\"og:description\" content=\"Blend Calm &amp; Pur Roll-on Lavand\u0103 Blend Calm &amp; Pur Roll-on Lavand\u0103. Un ulei aromaterapeutic realizat cu ulei esen\u021bial de lavand\u0103, binef\u0103c\u0103tor pentru trup \u0219i suflet. Uleiul esen\u021bial de lavand\u0103 este folosit pentru a ameliora stresul \u0219i nervozitatea. Uleiul Esen\u021bial de Lavand\u0103 este renumit pentru propriet\u0103\u021bile sale relaxante \u0219i lini\u0219titoare, este \u0219i un aliat puternic [&hellip;]\" \/>\n<meta property=\"og:url\" content=\"https:\/\/inspiratio.ro\/produs\/ach-ulei-calm-pur-10-ml\/\" \/>\n<meta property=\"og:site_name\" content=\"Inspiratio\" \/>\n<meta property=\"article:publisher\" content=\"https:\/\/www.facebook.com\/inspiratiogiftstudio\/\" \/>\n<meta property=\"article:modified_time\" content=\"2023-03-15T11:00:06+00:00\" \/>\n<meta property=\"og:image\" content=\"https:\/\/inspiratio.ro\/wp-content\/uploads\/2022\/11\/Blend-Calm-Pur-Roll-on-Lavanda.webp\" \/>\n\t<meta property=\"og:image:width\" content=\"800\" \/>\n\t<meta property=\"og:image:height\" content=\"600\" \/>\n\t<meta property=\"og:image:type\" content=\"image\/webp\" \/>\n<meta name=\"twitter:card\" content=\"summary_large_image\" \/>\n<meta name=\"twitter:label1\" content=\"Est. reading time\" \/>\n\t<meta name=\"twitter:data1\" content=\"3 minutes\" \/>\n<script type=\"application\/ld+json\" class=\"yoast-schema-graph\">{\"@context\":\"https:\/\/schema.org\",\"@graph\":[{\"@type\":\"WebPage\",\"@id\":\"https:\/\/inspiratio.ro\/produs\/ach-ulei-calm-pur-10-ml\/\",\"url\":\"https:\/\/inspiratio.ro\/produs\/ach-ulei-calm-pur-10-ml\/\",\"name\":\"ACH Ulei calm & pur 10 ml - Inspiratio\",\"isPartOf\":{\"@id\":\"https:\/\/inspiratio.ro\/#website\"},\"primaryImageOfPage\":{\"@id\":\"https:\/\/inspiratio.ro\/produs\/ach-ulei-calm-pur-10-ml\/#primaryimage\"},\"image\":{\"@id\":\"https:\/\/inspiratio.ro\/produs\/ach-ulei-calm-pur-10-ml\/#primaryimage\"},\"thumbnailUrl\":\"https:\/\/inspiratio.ro\/wp-content\/uploads\/2022\/11\/Blend-Calm-Pur-Roll-on-Lavanda.webp\",\"datePublished\":\"2022-11-21T16:34:04+00:00\",\"dateModified\":\"2023-03-15T11:00:06+00:00\",\"breadcrumb\":{\"@id\":\"https:\/\/inspiratio.ro\/produs\/ach-ulei-calm-pur-10-ml\/#breadcrumb\"},\"inLanguage\":\"en-US\",\"potentialAction\":[{\"@type\":\"ReadAction\",\"target\":[\"https:\/\/inspiratio.ro\/produs\/ach-ulei-calm-pur-10-ml\/\"]}]},{\"@type\":\"ImageObject\",\"inLanguage\":\"en-US\",\"@id\":\"https:\/\/inspiratio.ro\/produs\/ach-ulei-calm-pur-10-ml\/#primaryimage\",\"url\":\"https:\/\/inspiratio.ro\/wp-content\/uploads\/2022\/11\/Blend-Calm-Pur-Roll-on-Lavanda.webp\",\"contentUrl\":\"https:\/\/inspiratio.ro\/wp-content\/uploads\/2022\/11\/Blend-Calm-Pur-Roll-on-Lavanda.webp\",\"width\":800,\"height\":600},{\"@type\":\"BreadcrumbList\",\"@id\":\"https:\/\/inspiratio.ro\/produs\/ach-ulei-calm-pur-10-ml\/#breadcrumb\",\"itemListElement\":[{\"@type\":\"ListItem\",\"position\":1,\"name\":\"Shop\",\"item\":\"https:\/\/inspiratio.ro\/magazin-cadouri\/\"},{\"@type\":\"ListItem\",\"position\":2,\"name\":\"ACH Ulei calm &#038; pur 10 ml\"}]},{\"@type\":\"WebSite\",\"@id\":\"https:\/\/inspiratio.ro\/#website\",\"url\":\"https:\/\/inspiratio.ro\/\",\"name\":\"Inspiratio\",\"description\":\"Las\u0103-te purtat de inspira\u021bie\",\"publisher\":{\"@id\":\"https:\/\/inspiratio.ro\/#organization\"},\"potentialAction\":[{\"@type\":\"SearchAction\",\"target\":{\"@type\":\"EntryPoint\",\"urlTemplate\":\"https:\/\/inspiratio.ro\/?s={search_term_string}\"},\"query-input\":{\"@type\":\"PropertyValueSpecification\",\"valueRequired\":true,\"valueName\":\"search_term_string\"}}],\"inLanguage\":\"en-US\"},{\"@type\":\"Organization\",\"@id\":\"https:\/\/inspiratio.ro\/#organization\",\"name\":\"Inspiratio\",\"url\":\"https:\/\/inspiratio.ro\/\",\"logo\":{\"@type\":\"ImageObject\",\"inLanguage\":\"en-US\",\"@id\":\"https:\/\/inspiratio.ro\/#\/schema\/logo\/image\/\",\"url\":\"https:\/\/inspiratio.ro\/wp-content\/uploads\/2020\/06\/logo-inspiratio.png\",\"contentUrl\":\"https:\/\/inspiratio.ro\/wp-content\/uploads\/2020\/06\/logo-inspiratio.png\",\"width\":232,\"height\":209,\"caption\":\"Inspiratio\"},\"image\":{\"@id\":\"https:\/\/inspiratio.ro\/#\/schema\/logo\/image\/\"},\"sameAs\":[\"https:\/\/www.facebook.com\/inspiratiogiftstudio\/\",\"https:\/\/www.instagram.com\/inspiratio_giftstudio\/\"]}]}<\/script>\n<!-- \/ Yoast SEO plugin. -->","yoast_head_json":{"title":"ACH Ulei calm & pur 10 ml - Inspiratio","robots":{"index":"index","follow":"follow","max-snippet":"max-snippet:-1","max-image-preview":"max-image-preview:large","max-video-preview":"max-video-preview:-1"},"canonical":"https:\/\/inspiratio.ro\/produs\/ach-ulei-calm-pur-10-ml\/","og_locale":"en_US","og_type":"article","og_title":"ACH Ulei calm & pur 10 ml - Inspiratio","og_description":"Blend Calm &amp; Pur Roll-on Lavand\u0103 Blend Calm &amp; Pur Roll-on Lavand\u0103. Un ulei aromaterapeutic realizat cu ulei esen\u021bial de lavand\u0103, binef\u0103c\u0103tor pentru trup \u0219i suflet. Uleiul esen\u021bial de lavand\u0103 este folosit pentru a ameliora stresul \u0219i nervozitatea. Uleiul Esen\u021bial de Lavand\u0103 este renumit pentru propriet\u0103\u021bile sale relaxante \u0219i lini\u0219titoare, este \u0219i un aliat puternic [&hellip;]","og_url":"https:\/\/inspiratio.ro\/produs\/ach-ulei-calm-pur-10-ml\/","og_site_name":"Inspiratio","article_publisher":"https:\/\/www.facebook.com\/inspiratiogiftstudio\/","article_modified_time":"2023-03-15T11:00:06+00:00","og_image":[{"width":800,"height":600,"url":"https:\/\/inspiratio.ro\/wp-content\/uploads\/2022\/11\/Blend-Calm-Pur-Roll-on-Lavanda.webp","type":"image\/webp"}],"twitter_card":"summary_large_image","twitter_misc":{"Est. reading time":"3 minutes"},"schema":{"@context":"https:\/\/schema.org","@graph":[{"@type":"WebPage","@id":"https:\/\/inspiratio.ro\/produs\/ach-ulei-calm-pur-10-ml\/","url":"https:\/\/inspiratio.ro\/produs\/ach-ulei-calm-pur-10-ml\/","name":"ACH Ulei calm & pur 10 ml - Inspiratio","isPartOf":{"@id":"https:\/\/inspiratio.ro\/#website"},"primaryImageOfPage":{"@id":"https:\/\/inspiratio.ro\/produs\/ach-ulei-calm-pur-10-ml\/#primaryimage"},"image":{"@id":"https:\/\/inspiratio.ro\/produs\/ach-ulei-calm-pur-10-ml\/#primaryimage"},"thumbnailUrl":"https:\/\/inspiratio.ro\/wp-content\/uploads\/2022\/11\/Blend-Calm-Pur-Roll-on-Lavanda.webp","datePublished":"2022-11-21T16:34:04+00:00","dateModified":"2023-03-15T11:00:06+00:00","breadcrumb":{"@id":"https:\/\/inspiratio.ro\/produs\/ach-ulei-calm-pur-10-ml\/#breadcrumb"},"inLanguage":"en-US","potentialAction":[{"@type":"ReadAction","target":["https:\/\/inspiratio.ro\/produs\/ach-ulei-calm-pur-10-ml\/"]}]},{"@type":"ImageObject","inLanguage":"en-US","@id":"https:\/\/inspiratio.ro\/produs\/ach-ulei-calm-pur-10-ml\/#primaryimage","url":"https:\/\/inspiratio.ro\/wp-content\/uploads\/2022\/11\/Blend-Calm-Pur-Roll-on-Lavanda.webp","contentUrl":"https:\/\/inspiratio.ro\/wp-content\/uploads\/2022\/11\/Blend-Calm-Pur-Roll-on-Lavanda.webp","width":800,"height":600},{"@type":"BreadcrumbList","@id":"https:\/\/inspiratio.ro\/produs\/ach-ulei-calm-pur-10-ml\/#breadcrumb","itemListElement":[{"@type":"ListItem","position":1,"name":"Shop","item":"https:\/\/inspiratio.ro\/magazin-cadouri\/"},{"@type":"ListItem","position":2,"name":"ACH Ulei calm &#038; pur 10 ml"}]},{"@type":"WebSite","@id":"https:\/\/inspiratio.ro\/#website","url":"https:\/\/inspiratio.ro\/","name":"Inspiratio","description":"Las\u0103-te purtat de inspira\u021bie","publisher":{"@id":"https:\/\/inspiratio.ro\/#organization"},"potentialAction":[{"@type":"SearchAction","target":{"@type":"EntryPoint","urlTemplate":"https:\/\/inspiratio.ro\/?s={search_term_string}"},"query-input":{"@type":"PropertyValueSpecification","valueRequired":true,"valueName":"search_term_string"}}],"inLanguage":"en-US"},{"@type":"Organization","@id":"https:\/\/inspiratio.ro\/#organization","name":"Inspiratio","url":"https:\/\/inspiratio.ro\/","logo":{"@type":"ImageObject","inLanguage":"en-US","@id":"https:\/\/inspiratio.ro\/#\/schema\/logo\/image\/","url":"https:\/\/inspiratio.ro\/wp-content\/uploads\/2020\/06\/logo-inspiratio.png","contentUrl":"https:\/\/inspiratio.ro\/wp-content\/uploads\/2020\/06\/logo-inspiratio.png","width":232,"height":209,"caption":"Inspiratio"},"image":{"@id":"https:\/\/inspiratio.ro\/#\/schema\/logo\/image\/"},"sameAs":["https:\/\/www.facebook.com\/inspiratiogiftstudio\/","https:\/\/www.instagram.com\/inspiratio_giftstudio\/"]}]}},"brands":[{"id":142,"name":"Green Bubble","slug":"green-bubble"}],"_links":{"self":[{"href":"https:\/\/inspiratio.ro\/en\/wp-json\/wp\/v2\/product\/4730","targetHints":{"allow":["GET"]}}],"collection":[{"href":"https:\/\/inspiratio.ro\/en\/wp-json\/wp\/v2\/product"}],"about":[{"href":"https:\/\/inspiratio.ro\/en\/wp-json\/wp\/v2\/types\/product"}],"replies":[{"embeddable":true,"href":"https:\/\/inspiratio.ro\/en\/wp-json\/wp\/v2\/comments?post=4730"}],"wp:featuredmedia":[{"embeddable":true,"href":"https:\/\/inspiratio.ro\/en\/wp-json\/wp\/v2\/media\/4731"}],"wp:attachment":[{"href":"https:\/\/inspiratio.ro\/en\/wp-json\/wp\/v2\/media?parent=4730"}],"wp:term":[{"taxonomy":"pwb-brand","embeddable":true,"href":"https:\/\/inspiratio.ro\/en\/wp-json\/wp\/v2\/pwb-brand?post=4730"},{"taxonomy":"product_brand","embeddable":true,"href":"https:\/\/inspiratio.ro\/en\/wp-json\/wp\/v2\/product_brand?post=4730"},{"taxonomy":"product_cat","embeddable":true,"href":"https:\/\/inspiratio.ro\/en\/wp-json\/wp\/v2\/product_cat?post=4730"},{"taxonomy":"product_tag","embeddable":true,"href":"https:\/\/inspiratio.ro\/en\/wp-json\/wp\/v2\/product_tag?post=4730"}],"curies":[{"name":"wp","href":"https:\/\/api.w.org\/{rel}","templated":true}]}}