{"id":4727,"date":"2022-11-21T18:29:32","date_gmt":"2022-11-21T16:29:32","guid":{"rendered":"https:\/\/inspiratio.ro\/?post_type=product&#038;p=4727"},"modified":"2026-02-19T16:40:13","modified_gmt":"2026-02-19T14:40:13","slug":"ach-ser-reparator-par","status":"publish","type":"product","link":"https:\/\/inspiratio.ro\/en\/produs\/ach-ser-reparator-par\/","title":{"rendered":"Ser reparator p\u0103r"},"content":{"rendered":"<h2>Ser Reparator Pentru P\u0103r<\/h2>\n<p>Ser Reparator Pentru P\u0103r Deteriorat \u0219i V\u00e2rfuri Despicate. Un ser de \u00eengrijire care previne deteriorarea p\u0103rului cauzat\u0103 de vopsire, decolorare, permanent, sp\u0103lare, coafare, tratamente chimice, agresiuni mecanice \u0219i agresiuni cauzate de poluare. Neteze\u0219te firele de p\u0103r \u0219i confer\u0103 p\u0103rului un aspect s\u0103n\u0103tos, str\u0103lucitor.<\/p>\n<table class=\"woocommerce-product-attributes shop_attributes\">\n<tbody>\n<tr class=\"woocommerce-product-attributes-item woocommerce-product-attributes-item--attribute_pa_proprietati\">\n<th class=\"woocommerce-product-attributes-item__label\">Propriet\u0103\u021bi<\/th>\n<td class=\"woocommerce-product-attributes-item__value\">P\u0103r Casant, P\u0103r Deteriorat, V\u00e2rfuri Despicate<\/td>\n<\/tr>\n<\/tbody>\n<\/table>\n<form class=\"variations_form cart wd-swatches-name wd-price-outside wd-reset-side-lg wd-reset-bottom-md wd-label-top-md wd-label-top-lg variation-swatch-selected\" style=\"box-sizing: border-box; margin: 0px 0px 25px; padding: 0px; border: 0px; vertical-align: baseline; font-style: inherit; font-variant: inherit; font-weight: inherit; font-stretch: inherit; line-height: inherit; font-family: inherit; font-size: 14px; --wd-swatch-size: 25px; --wd-swatch-w: 1em; --wd-swatch-h: 1em; --wd-swatch-text-size: 16px; --wd-swatch-h-sp: 15px; --wd-swatch-v-sp: 10px; --wd-swatch-inn-sp: 0.001px; --wd-swatch-brd-color: var(--brdcolor-gray-200); --wd-var-table-mb: 20px;\" action=\"https:\/\/www.greenbubble.ro\/magazin\/lotiuni-si-seruri\/ser-reparator-pentru-par\/\" enctype=\"multipart\/form-data\" method=\"post\" data-product_id=\"9589\" data-product_variations=\"[{&quot;attributes&quot;:{&quot;attribute_pa_cantitate&quot;:&quot;50-ml&quot;},&quot;availability_html&quot;:&quot;&quot;,&quot;backorders_allowed&quot;:false,&quot;dimensions&quot;:{&quot;length&quot;:&quot;&quot;,&quot;width&quot;:&quot;&quot;,&quot;height&quot;:&quot;&quot;},&quot;dimensions_html&quot;:&quot;Nu se aplic\\u0103&quot;,&quot;display_price&quot;:50,&quot;display_regular_price&quot;:50,&quot;image&quot;:{&quot;title&quot;:&quot;Ser Reparator Pentru P\\u0103r Deteriorat \\u0219i V\\u00e2rfuri Despicate&quot;,&quot;caption&quot;:&quot;Ser Reparator Pentru P\\u0103r Deteriorat \\u0219i V\\u00e2rfuri Despicate&quot;,&quot;url&quot;:&quot;https:\\\/\\\/www.greenbubble.ro\\\/wp-content\\\/uploads\\\/Ser-Reparator-Pentru-Par.jpg&quot;,&quot;alt&quot;:&quot;Ser Reparator Pentru P\\u0103r Deteriorat \\u0219i V\\u00e2rfuri Despicate&quot;,&quot;src&quot;:&quot;https:\\\/\\\/i0.wp.com\\\/www.greenbubble.ro\\\/wp-content\\\/uploads\\\/Ser-Reparator-Pentru-Par.jpg?fit=800%2C602&amp;ssl=1&quot;,&quot;srcset&quot;:&quot;https:\\\/\\\/i0.wp.com\\\/www.greenbubble.ro\\\/wp-content\\\/uploads\\\/Ser-Reparator-Pentru-Par.jpg?w=800&amp;ssl=1 800w, https:\\\/\\\/i0.wp.com\\\/www.greenbubble.ro\\\/wp-content\\\/uploads\\\/Ser-Reparator-Pentru-Par.jpg?resize=300%2C226&amp;ssl=1 300w, https:\\\/\\\/i0.wp.com\\\/www.greenbubble.ro\\\/wp-content\\\/uploads\\\/Ser-Reparator-Pentru-Par.jpg?resize=768%2C578&amp;ssl=1 768w, https:\\\/\\\/i0.wp.com\\\/www.greenbubble.ro\\\/wp-content\\\/uploads\\\/Ser-Reparator-Pentru-Par.jpg?resize=150%2C113&amp;ssl=1 150w&quot;,&quot;sizes&quot;:&quot;(max-width: 800px) 100vw, 800px&quot;,&quot;full_src&quot;:&quot;https:\\\/\\\/i0.wp.com\\\/www.greenbubble.ro\\\/wp-content\\\/uploads\\\/Ser-Reparator-Pentru-Par.jpg?fit=800%2C602&amp;ssl=1&quot;,&quot;full_src_w&quot;:800,&quot;full_src_h&quot;:602,&quot;gallery_thumbnail_src&quot;:&quot;https:\\\/\\\/www.greenbubble.ro\\\/wp-content\\\/uploads\\\/Ser-Reparator-Pentru-Par-150x113.jpg&quot;,&quot;gallery_thumbnail_src_w&quot;:150,&quot;gallery_thumbnail_src_h&quot;:113,&quot;thumb_src&quot;:&quot;https:\\\/\\\/i0.wp.com\\\/www.greenbubble.ro\\\/wp-content\\\/uploads\\\/Ser-Reparator-Pentru-Par.jpg?resize=600%2C600&amp;ssl=1&quot;,&quot;thumb_src_w&quot;:600,&quot;thumb_src_h&quot;:600,&quot;src_w&quot;:800,&quot;src_h&quot;:602},&quot;image_id&quot;:9590,&quot;is_downloadable&quot;:false,&quot;is_in_stock&quot;:true,&quot;is_purchasable&quot;:true,&quot;is_sold_individually&quot;:&quot;no&quot;,&quot;is_virtual&quot;:false,&quot;max_qty&quot;:&quot;&quot;,&quot;min_qty&quot;:1,&quot;price_html&quot;:&quot;&lt;span class=\\&quot;price\\&quot;&gt;&lt;span class=\\&quot;woocommerce-Price-amount amount\\&quot;&gt;&lt;bdi&gt;50,00&amp;nbsp;&lt;span class=\\&quot;woocommerce-Price-currencySymbol\\&quot;&gt;lei&lt;\\\/span&gt;&lt;\\\/bdi&gt;&lt;\\\/span&gt;&lt;\\\/span&gt;&quot;,&quot;sku&quot;:&quot;SRP&quot;,&quot;variation_description&quot;:&quot;&quot;,&quot;variation_id&quot;:9591,&quot;variation_is_active&quot;:true,&quot;variation_is_visible&quot;:true,&quot;weight&quot;:&quot;&quot;,&quot;weight_html&quot;:&quot;Nu se aplic\\u0103&quot;,&quot;additional_variation_images_default&quot;:[{&quot;width&quot;:800,&quot;height&quot;:602,&quot;src&quot;:&quot;https:\\\/\\\/i0.wp.com\\\/www.greenbubble.ro\\\/wp-content\\\/uploads\\\/Ser-Reparator-Pentru-Par.jpg?fit=800%2C602&amp;ssl=1&quot;,&quot;full_src&quot;:&quot;https:\\\/\\\/i0.wp.com\\\/www.greenbubble.ro\\\/wp-content\\\/uploads\\\/Ser-Reparator-Pentru-Par.jpg?fit=800%2C602&amp;ssl=1&quot;,&quot;thumbnail_src&quot;:&quot;https:\\\/\\\/www.greenbubble.ro\\\/wp-content\\\/uploads\\\/Ser-Reparator-Pentru-Par-150x113.jpg&quot;,&quot;class&quot;:&quot;wp-post-image imagify-no-webp&quot;,&quot;alt&quot;:&quot;Ser Reparator Pentru P\\u0103r Deteriorat \\u0219i V\\u00e2rfuri Despicate&quot;,&quot;title&quot;:&quot;Ser Reparator Pentru P\\u0103r Deteriorat \\u0219i V\\u00e2rfuri Despicate&quot;,&quot;data_caption&quot;:&quot;Ser Reparator Pentru P\\u0103r Deteriorat \\u0219i V\\u00e2rfuri Despicate&quot;,&quot;data_src&quot;:&quot;https:\\\/\\\/i0.wp.com\\\/www.greenbubble.ro\\\/wp-content\\\/uploads\\\/Ser-Reparator-Pentru-Par.jpg?fit=800%2C602&amp;#038;ssl=1&quot;,&quot;data_large_image&quot;:&quot;https:\\\/\\\/i0.wp.com\\\/www.greenbubble.ro\\\/wp-content\\\/uploads\\\/Ser-Reparator-Pentru-Par.jpg?fit=800%2C602&amp;#038;ssl=1&quot;,&quot;data_large_image_width&quot;:&quot;800&quot;,&quot;data_large_image_height&quot;:&quot;602&quot;,&quot;srcset&quot;:&quot;https:\\\/\\\/i0.wp.com\\\/www.greenbubble.ro\\\/wp-content\\\/uploads\\\/Ser-Reparator-Pentru-Par.jpg?w=800&amp;ssl=1 800w, https:\\\/\\\/i0.wp.com\\\/www.greenbubble.ro\\\/wp-content\\\/uploads\\\/Ser-Reparator-Pentru-Par.jpg?resize=300%2C226&amp;ssl=1 300w, https:\\\/\\\/i0.wp.com\\\/www.greenbubble.ro\\\/wp-content\\\/uploads\\\/Ser-Reparator-Pentru-Par.jpg?resize=768%2C578&amp;ssl=1 768w, https:\\\/\\\/i0.wp.com\\\/www.greenbubble.ro\\\/wp-content\\\/uploads\\\/Ser-Reparator-Pentru-Par.jpg?resize=150%2C113&amp;ssl=1 150w&quot;,&quot;sizes&quot;:&quot;(max-width: 800px) 100vw, 800px&quot;}]},{&quot;attributes&quot;:{&quot;attribute_pa_cantitate&quot;:&quot;100-ml&quot;},&quot;availability_html&quot;:&quot;&quot;,&quot;backorders_allowed&quot;:false,&quot;dimensions&quot;:{&quot;length&quot;:&quot;&quot;,&quot;width&quot;:&quot;&quot;,&quot;height&quot;:&quot;&quot;},&quot;dimensions_html&quot;:&quot;Nu se aplic\\u0103&quot;,&quot;display_price&quot;:90,&quot;display_regular_price&quot;:90,&quot;image&quot;:{&quot;title&quot;:&quot;Ser Reparator Pentru P\\u0103r Deteriorat \\u0219i V\\u00e2rfuri Despicate&quot;,&quot;caption&quot;:&quot;Ser Reparator Pentru P\\u0103r Deteriorat \\u0219i V\\u00e2rfuri Despicate&quot;,&quot;url&quot;:&quot;https:\\\/\\\/www.greenbubble.ro\\\/wp-content\\\/uploads\\\/Ser-Reparator-Pentru-Par.jpg&quot;,&quot;alt&quot;:&quot;Ser Reparator Pentru P\\u0103r Deteriorat \\u0219i V\\u00e2rfuri Despicate&quot;,&quot;src&quot;:&quot;https:\\\/\\\/i0.wp.com\\\/www.greenbubble.ro\\\/wp-content\\\/uploads\\\/Ser-Reparator-Pentru-Par.jpg?fit=800%2C602&amp;ssl=1&quot;,&quot;srcset&quot;:&quot;https:\\\/\\\/i0.wp.com\\\/www.greenbubble.ro\\\/wp-content\\\/uploads\\\/Ser-Reparator-Pentru-Par.jpg?w=800&amp;ssl=1 800w, https:\\\/\\\/i0.wp.com\\\/www.greenbubble.ro\\\/wp-content\\\/uploads\\\/Ser-Reparator-Pentru-Par.jpg?resize=300%2C226&amp;ssl=1 300w, https:\\\/\\\/i0.wp.com\\\/www.greenbubble.ro\\\/wp-content\\\/uploads\\\/Ser-Reparator-Pentru-Par.jpg?resize=768%2C578&amp;ssl=1 768w, https:\\\/\\\/i0.wp.com\\\/www.greenbubble.ro\\\/wp-content\\\/uploads\\\/Ser-Reparator-Pentru-Par.jpg?resize=150%2C113&amp;ssl=1 150w&quot;,&quot;sizes&quot;:&quot;(max-width: 800px) 100vw, 800px&quot;,&quot;full_src&quot;:&quot;https:\\\/\\\/i0.wp.com\\\/www.greenbubble.ro\\\/wp-content\\\/uploads\\\/Ser-Reparator-Pentru-Par.jpg?fit=800%2C602&amp;ssl=1&quot;,&quot;full_src_w&quot;:800,&quot;full_src_h&quot;:602,&quot;gallery_thumbnail_src&quot;:&quot;https:\\\/\\\/www.greenbubble.ro\\\/wp-content\\\/uploads\\\/Ser-Reparator-Pentru-Par-150x113.jpg&quot;,&quot;gallery_thumbnail_src_w&quot;:150,&quot;gallery_thumbnail_src_h&quot;:113,&quot;thumb_src&quot;:&quot;https:\\\/\\\/i0.wp.com\\\/www.greenbubble.ro\\\/wp-content\\\/uploads\\\/Ser-Reparator-Pentru-Par.jpg?resize=600%2C600&amp;ssl=1&quot;,&quot;thumb_src_w&quot;:600,&quot;thumb_src_h&quot;:600,&quot;src_w&quot;:800,&quot;src_h&quot;:602},&quot;image_id&quot;:9590,&quot;is_downloadable&quot;:false,&quot;is_in_stock&quot;:true,&quot;is_purchasable&quot;:true,&quot;is_sold_individually&quot;:&quot;no&quot;,&quot;is_virtual&quot;:false,&quot;max_qty&quot;:&quot;&quot;,&quot;min_qty&quot;:1,&quot;price_html&quot;:&quot;&lt;span class=\\&quot;price\\&quot;&gt;&lt;span class=\\&quot;woocommerce-Price-amount amount\\&quot;&gt;&lt;bdi&gt;90,00&amp;nbsp;&lt;span class=\\&quot;woocommerce-Price-currencySymbol\\&quot;&gt;lei&lt;\\\/span&gt;&lt;\\\/bdi&gt;&lt;\\\/span&gt;&lt;\\\/span&gt;&quot;,&quot;sku&quot;:&quot;SRP&quot;,&quot;variation_description&quot;:&quot;&quot;,&quot;variation_id&quot;:9592,&quot;variation_is_active&quot;:true,&quot;variation_is_visible&quot;:true,&quot;weight&quot;:&quot;&quot;,&quot;weight_html&quot;:&quot;Nu se aplic\\u0103&quot;,&quot;additional_variation_images_default&quot;:[{&quot;width&quot;:800,&quot;height&quot;:602,&quot;src&quot;:&quot;https:\\\/\\\/i0.wp.com\\\/www.greenbubble.ro\\\/wp-content\\\/uploads\\\/Ser-Reparator-Pentru-Par.jpg?fit=800%2C602&amp;ssl=1&quot;,&quot;full_src&quot;:&quot;https:\\\/\\\/i0.wp.com\\\/www.greenbubble.ro\\\/wp-content\\\/uploads\\\/Ser-Reparator-Pentru-Par.jpg?fit=800%2C602&amp;ssl=1&quot;,&quot;thumbnail_src&quot;:&quot;https:\\\/\\\/www.greenbubble.ro\\\/wp-content\\\/uploads\\\/Ser-Reparator-Pentru-Par-150x113.jpg&quot;,&quot;class&quot;:&quot;wp-post-image imagify-no-webp&quot;,&quot;alt&quot;:&quot;Ser Reparator Pentru P\\u0103r Deteriorat \\u0219i V\\u00e2rfuri Despicate&quot;,&quot;title&quot;:&quot;Ser Reparator Pentru P\\u0103r Deteriorat \\u0219i V\\u00e2rfuri Despicate&quot;,&quot;data_caption&quot;:&quot;Ser Reparator Pentru P\\u0103r Deteriorat \\u0219i V\\u00e2rfuri Despicate&quot;,&quot;data_src&quot;:&quot;https:\\\/\\\/i0.wp.com\\\/www.greenbubble.ro\\\/wp-content\\\/uploads\\\/Ser-Reparator-Pentru-Par.jpg?fit=800%2C602&amp;#038;ssl=1&quot;,&quot;data_large_image&quot;:&quot;https:\\\/\\\/i0.wp.com\\\/www.greenbubble.ro\\\/wp-content\\\/uploads\\\/Ser-Reparator-Pentru-Par.jpg?fit=800%2C602&amp;#038;ssl=1&quot;,&quot;data_large_image_width&quot;:&quot;800&quot;,&quot;data_large_image_height&quot;:&quot;602&quot;,&quot;srcset&quot;:&quot;https:\\\/\\\/i0.wp.com\\\/www.greenbubble.ro\\\/wp-content\\\/uploads\\\/Ser-Reparator-Pentru-Par.jpg?w=800&amp;ssl=1 800w, https:\\\/\\\/i0.wp.com\\\/www.greenbubble.ro\\\/wp-content\\\/uploads\\\/Ser-Reparator-Pentru-Par.jpg?resize=300%2C226&amp;ssl=1 300w, https:\\\/\\\/i0.wp.com\\\/www.greenbubble.ro\\\/wp-content\\\/uploads\\\/Ser-Reparator-Pentru-Par.jpg?resize=768%2C578&amp;ssl=1 768w, https:\\\/\\\/i0.wp.com\\\/www.greenbubble.ro\\\/wp-content\\\/uploads\\\/Ser-Reparator-Pentru-Par.jpg?resize=150%2C113&amp;ssl=1 150w&quot;,&quot;sizes&quot;:&quot;(max-width: 800px) 100vw, 800px&quot;}]}]\"><\/form>\n<div dir=\"auto\">\n<h3>Principalele Ingrediente Active pentru Ser Reparator Pentru P\u0103r Deteriorat \u0219i V\u00e2rfuri Despicate:<\/h3>\n<p>Serul Reparator Pentru P\u0103r Deteriorat \u0219i V\u00e2rfuri Despicate este realizat cu Ulei din Semin\u021be de Struguri, Ulei Caprilis (ulei de cocos non-gras), Agent Emolient Non-Gras (ob\u021binut din ulei de cocos), Agent Emolient Uscat (ob\u021binut din ulei de cocos), Activ Cosmetic pentru Sigilarea Cuticulelor si V\u00e2rfurilor Despicate (obtinut din ulei de ricin).<\/p>\n<h3>Ulei de Struguri<\/h3>\n<p>Uleiul din Semin\u021be de Struguri este un ulei cu o surs\u0103 bogat\u0103 de compu\u0219i fenolici \u0219i acid linoleic cu propriet\u0103\u021bi de regenerare \u0219i restructurare. Este un ulei penetrant, emolient, antioxidant \u0219i nutritiv, care protejeaz\u0103 eficient \u00eempotriva radicalilor liberi \u0219i are propriet\u0103\u021bi benefice pentru p\u0103r \u0219i piele.<\/p>\n<h3 dir=\"auto\">Activ Cosmetic pentru Sigilarea Cuticulelor si V\u00e2rfurilor Despicate<\/h3>\n<p>Este un activ derivat din uleiul de ricin care sigileaz\u0103 cuticulele \u0219i v\u00e2rfurile despicate. Acest activ cosmetic repar\u0103 \u0219i previne deteriorarea p\u0103rului cauzat\u0103 de vopsire, decolorare, sp\u0103lare, agresiuni mecanice, tratamente termice \u0219i chimice. Neteze\u0219te firele de p\u0103r, confer\u0103 p\u0103rului un aspect s\u0103n\u0103tos, str\u0103lucitor.<\/p>\n<h3>Mod de Utilizare\/Aplicare Ser Reparator Pentru P\u0103r<\/h3>\n<p>Spal\u0103 \u0219i usuc\u0103 p\u0103rul \u00eenainte de aplicare. Aplic\u0103 cu pipeta c\u00e2teva pic\u0103turi de ser pe v\u00e2rfurile de p\u0103r despicate sau \u00een zonele cu fire de p\u0103r degradate \u0219i casante. Aplic\u0103 serul doar acolo unde este nevoie, dup\u0103 fiecare sp\u0103lare sau atunci c\u00e2nd este necesar.<\/p>\n<p>Este indicat s\u0103 evi\u021bi r\u0103d\u0103cinile pentru ca p\u0103rul s\u0103 nu devin\u0103 uleios. Aplic\u0103 serul mai \u00eent\u00e2i pe v\u00e2rfuri \u0219i \u00eentinde-l cu ajutorul unui piept\u0103ne, cu di\u021bi mai rari, p\u00e2n\u0103 ajungi la mijlocul firelor de p\u0103r.<\/p>\n<p>Pentru p\u0103rul electrizat, rebel sau cu prea mult volum, po\u021bi aplica serul pe p\u0103rul umed.<\/p>\n<p>Dac\u0103 ai p\u0103rul buclat \u0219i este afectat de umiditate, po\u021bi folosi serul pentru definire \u0219i hidratare. Aplic\u0103 c\u00e2teva pic\u0103turi de ser \u00een palme, freac\u0103 palmele pentru a \u00eenc\u0103lzi serul, dup\u0103 care aplic\u0103-l pe \u0219uvi\u021be.<\/p>\n<p>Pentru a evita \u00eengr\u0103\u0219area p\u0103rului, este mai bine s\u0103 aplici \u00eentotdeauna mai putin ser, decat mai mult.<\/p>\n<p>Aplic\u0103 \u00eentotdeauna serul doar pe p\u0103rul curat. In acest fel, serul ac\u021bioneaz\u0103 ca o barier\u0103 \u00eentre firul de p\u0103r \u0219i factorii de mediu agresivi.<\/p>\n<h4><strong>Date de siguran\u0163\u0103, precau\u021bii \u00een utilizare:<\/strong><\/h4>\n<p>Fere\u0219te contactul serului cu ochii. Dac\u0103 ai sensibilitate la unul din ingrediente, \u00eentrerupe imediat utilizarea produsului.<\/p>\n<p>Produsul se folose\u0219te pentru \u00eengrijirea p\u0103rului. Nu oferim sfaturi medicale, tratament sau diagnostic. Solicita\u021bi asisten\u021b\u0103 medical\u0103 specializat\u0103 dac\u0103 este necesar!<\/p>\n<h4><strong>Mod de p\u0103strare:<\/strong><\/h4>\n<p>A se p\u0103stra la o temperatur\u0103 \u00eentre 5 \u2013 25\u00b0C, \u00een loc uscat, r\u0103coros, \u00eentunecat, ferit de razele solare sau lumin\u0103 direct\u0103. Textura se poate modifica u\u0219or \u00een func\u021bie de temperatura mediului ambiant \u00een care este p\u0103strat.<\/p>\n<\/div>\n","protected":false},"excerpt":{"rendered":"<p>Ser Reparator Pentru P\u0103r Ser Reparator Pentru P\u0103r Deteriorat \u0219i V\u00e2rfuri Despicate. Un ser de \u00eengrijire care previne deteriorarea p\u0103rului cauzat\u0103 de vopsire, decolorare, permanent, sp\u0103lare, coafare, tratamente chimice, agresiuni mecanice \u0219i agresiuni cauzate de poluare. Neteze\u0219te firele de p\u0103r \u0219i confer\u0103 p\u0103rului un aspect s\u0103n\u0103tos, str\u0103lucitor. Propriet\u0103\u021bi P\u0103r Casant, P\u0103r Deteriorat, V\u00e2rfuri Despicate Principalele [&hellip;]<\/p>\n","protected":false},"featured_media":4728,"comment_status":"open","ping_status":"closed","template":"","meta":[],"pwb-brand":[142],"product_brand":[268],"product_cat":[77],"product_tag":[],"class_list":{"0":"post-4727","1":"product","2":"type-product","3":"status-publish","4":"has-post-thumbnail","6":"pwb-brand-green-bubble","7":"product_brand-green-bubble","8":"product_cat-cosmetice-naturale","10":"first","11":"instock","12":"taxable","13":"shipping-taxable","14":"purchasable","15":"product-type-simple"},"yoast_head":"<!-- This site is optimized with the Yoast SEO plugin v26.9 - https:\/\/yoast.com\/product\/yoast-seo-wordpress\/ -->\n<title>ACH Ser reparator p\u0103r - Inspiratio<\/title>\n<meta name=\"description\" content=\"ACH Ser reparator p\u0103r\" \/>\n<meta name=\"robots\" content=\"index, follow, max-snippet:-1, max-image-preview:large, max-video-preview:-1\" \/>\n<link rel=\"canonical\" href=\"https:\/\/inspiratio.ro\/produs\/ach-ser-reparator-par\/\" \/>\n<meta property=\"og:locale\" content=\"en_US\" \/>\n<meta property=\"og:type\" content=\"article\" \/>\n<meta property=\"og:title\" content=\"ACH Ser reparator p\u0103r - Inspiratio\" \/>\n<meta property=\"og:description\" content=\"ACH Ser reparator p\u0103r\" \/>\n<meta property=\"og:url\" content=\"https:\/\/inspiratio.ro\/produs\/ach-ser-reparator-par\/\" \/>\n<meta property=\"og:site_name\" content=\"Inspiratio\" \/>\n<meta property=\"article:publisher\" content=\"https:\/\/www.facebook.com\/inspiratiogiftstudio\/\" \/>\n<meta property=\"article:modified_time\" content=\"2026-02-19T14:40:13+00:00\" \/>\n<meta property=\"og:image\" content=\"https:\/\/inspiratio.ro\/wp-content\/uploads\/2022\/11\/Ser-Reparator-Pentru-Par.webp\" \/>\n\t<meta property=\"og:image:width\" content=\"800\" \/>\n\t<meta property=\"og:image:height\" content=\"602\" \/>\n\t<meta property=\"og:image:type\" content=\"image\/webp\" \/>\n<meta name=\"twitter:card\" content=\"summary_large_image\" \/>\n<meta name=\"twitter:label1\" content=\"Est. reading time\" \/>\n\t<meta name=\"twitter:data1\" content=\"4 minutes\" \/>\n<script type=\"application\/ld+json\" class=\"yoast-schema-graph\">{\"@context\":\"https:\/\/schema.org\",\"@graph\":[{\"@type\":\"WebPage\",\"@id\":\"https:\/\/inspiratio.ro\/produs\/ach-ser-reparator-par\/\",\"url\":\"https:\/\/inspiratio.ro\/produs\/ach-ser-reparator-par\/\",\"name\":\"ACH Ser reparator p\u0103r - Inspiratio\",\"isPartOf\":{\"@id\":\"https:\/\/inspiratio.ro\/#website\"},\"primaryImageOfPage\":{\"@id\":\"https:\/\/inspiratio.ro\/produs\/ach-ser-reparator-par\/#primaryimage\"},\"image\":{\"@id\":\"https:\/\/inspiratio.ro\/produs\/ach-ser-reparator-par\/#primaryimage\"},\"thumbnailUrl\":\"https:\/\/inspiratio.ro\/wp-content\/uploads\/2022\/11\/Ser-Reparator-Pentru-Par.webp\",\"datePublished\":\"2022-11-21T16:29:32+00:00\",\"dateModified\":\"2026-02-19T14:40:13+00:00\",\"description\":\"ACH Ser reparator p\u0103r\",\"breadcrumb\":{\"@id\":\"https:\/\/inspiratio.ro\/produs\/ach-ser-reparator-par\/#breadcrumb\"},\"inLanguage\":\"en-US\",\"potentialAction\":[{\"@type\":\"ReadAction\",\"target\":[\"https:\/\/inspiratio.ro\/produs\/ach-ser-reparator-par\/\"]}]},{\"@type\":\"ImageObject\",\"inLanguage\":\"en-US\",\"@id\":\"https:\/\/inspiratio.ro\/produs\/ach-ser-reparator-par\/#primaryimage\",\"url\":\"https:\/\/inspiratio.ro\/wp-content\/uploads\/2022\/11\/Ser-Reparator-Pentru-Par.webp\",\"contentUrl\":\"https:\/\/inspiratio.ro\/wp-content\/uploads\/2022\/11\/Ser-Reparator-Pentru-Par.webp\",\"width\":800,\"height\":602},{\"@type\":\"BreadcrumbList\",\"@id\":\"https:\/\/inspiratio.ro\/produs\/ach-ser-reparator-par\/#breadcrumb\",\"itemListElement\":[{\"@type\":\"ListItem\",\"position\":1,\"name\":\"Shop\",\"item\":\"https:\/\/inspiratio.ro\/magazin-cadouri\/\"},{\"@type\":\"ListItem\",\"position\":2,\"name\":\"ACH Ser reparator p\u0103r\"}]},{\"@type\":\"WebSite\",\"@id\":\"https:\/\/inspiratio.ro\/#website\",\"url\":\"https:\/\/inspiratio.ro\/\",\"name\":\"Inspiratio\",\"description\":\"Las\u0103-te purtat de inspira\u021bie\",\"publisher\":{\"@id\":\"https:\/\/inspiratio.ro\/#organization\"},\"potentialAction\":[{\"@type\":\"SearchAction\",\"target\":{\"@type\":\"EntryPoint\",\"urlTemplate\":\"https:\/\/inspiratio.ro\/?s={search_term_string}\"},\"query-input\":{\"@type\":\"PropertyValueSpecification\",\"valueRequired\":true,\"valueName\":\"search_term_string\"}}],\"inLanguage\":\"en-US\"},{\"@type\":\"Organization\",\"@id\":\"https:\/\/inspiratio.ro\/#organization\",\"name\":\"Inspiratio\",\"url\":\"https:\/\/inspiratio.ro\/\",\"logo\":{\"@type\":\"ImageObject\",\"inLanguage\":\"en-US\",\"@id\":\"https:\/\/inspiratio.ro\/#\/schema\/logo\/image\/\",\"url\":\"https:\/\/inspiratio.ro\/wp-content\/uploads\/2020\/06\/logo-inspiratio.png\",\"contentUrl\":\"https:\/\/inspiratio.ro\/wp-content\/uploads\/2020\/06\/logo-inspiratio.png\",\"width\":232,\"height\":209,\"caption\":\"Inspiratio\"},\"image\":{\"@id\":\"https:\/\/inspiratio.ro\/#\/schema\/logo\/image\/\"},\"sameAs\":[\"https:\/\/www.facebook.com\/inspiratiogiftstudio\/\",\"https:\/\/www.instagram.com\/inspiratio_giftstudio\/\"]}]}<\/script>\n<!-- \/ Yoast SEO plugin. -->","yoast_head_json":{"title":"ACH Ser reparator p\u0103r - Inspiratio","description":"ACH Ser reparator p\u0103r","robots":{"index":"index","follow":"follow","max-snippet":"max-snippet:-1","max-image-preview":"max-image-preview:large","max-video-preview":"max-video-preview:-1"},"canonical":"https:\/\/inspiratio.ro\/produs\/ach-ser-reparator-par\/","og_locale":"en_US","og_type":"article","og_title":"ACH Ser reparator p\u0103r - Inspiratio","og_description":"ACH Ser reparator p\u0103r","og_url":"https:\/\/inspiratio.ro\/produs\/ach-ser-reparator-par\/","og_site_name":"Inspiratio","article_publisher":"https:\/\/www.facebook.com\/inspiratiogiftstudio\/","article_modified_time":"2026-02-19T14:40:13+00:00","og_image":[{"width":800,"height":602,"url":"https:\/\/inspiratio.ro\/wp-content\/uploads\/2022\/11\/Ser-Reparator-Pentru-Par.webp","type":"image\/webp"}],"twitter_card":"summary_large_image","twitter_misc":{"Est. reading time":"4 minutes"},"schema":{"@context":"https:\/\/schema.org","@graph":[{"@type":"WebPage","@id":"https:\/\/inspiratio.ro\/produs\/ach-ser-reparator-par\/","url":"https:\/\/inspiratio.ro\/produs\/ach-ser-reparator-par\/","name":"ACH Ser reparator p\u0103r - Inspiratio","isPartOf":{"@id":"https:\/\/inspiratio.ro\/#website"},"primaryImageOfPage":{"@id":"https:\/\/inspiratio.ro\/produs\/ach-ser-reparator-par\/#primaryimage"},"image":{"@id":"https:\/\/inspiratio.ro\/produs\/ach-ser-reparator-par\/#primaryimage"},"thumbnailUrl":"https:\/\/inspiratio.ro\/wp-content\/uploads\/2022\/11\/Ser-Reparator-Pentru-Par.webp","datePublished":"2022-11-21T16:29:32+00:00","dateModified":"2026-02-19T14:40:13+00:00","description":"ACH Ser reparator p\u0103r","breadcrumb":{"@id":"https:\/\/inspiratio.ro\/produs\/ach-ser-reparator-par\/#breadcrumb"},"inLanguage":"en-US","potentialAction":[{"@type":"ReadAction","target":["https:\/\/inspiratio.ro\/produs\/ach-ser-reparator-par\/"]}]},{"@type":"ImageObject","inLanguage":"en-US","@id":"https:\/\/inspiratio.ro\/produs\/ach-ser-reparator-par\/#primaryimage","url":"https:\/\/inspiratio.ro\/wp-content\/uploads\/2022\/11\/Ser-Reparator-Pentru-Par.webp","contentUrl":"https:\/\/inspiratio.ro\/wp-content\/uploads\/2022\/11\/Ser-Reparator-Pentru-Par.webp","width":800,"height":602},{"@type":"BreadcrumbList","@id":"https:\/\/inspiratio.ro\/produs\/ach-ser-reparator-par\/#breadcrumb","itemListElement":[{"@type":"ListItem","position":1,"name":"Shop","item":"https:\/\/inspiratio.ro\/magazin-cadouri\/"},{"@type":"ListItem","position":2,"name":"ACH Ser reparator p\u0103r"}]},{"@type":"WebSite","@id":"https:\/\/inspiratio.ro\/#website","url":"https:\/\/inspiratio.ro\/","name":"Inspiratio","description":"Las\u0103-te purtat de inspira\u021bie","publisher":{"@id":"https:\/\/inspiratio.ro\/#organization"},"potentialAction":[{"@type":"SearchAction","target":{"@type":"EntryPoint","urlTemplate":"https:\/\/inspiratio.ro\/?s={search_term_string}"},"query-input":{"@type":"PropertyValueSpecification","valueRequired":true,"valueName":"search_term_string"}}],"inLanguage":"en-US"},{"@type":"Organization","@id":"https:\/\/inspiratio.ro\/#organization","name":"Inspiratio","url":"https:\/\/inspiratio.ro\/","logo":{"@type":"ImageObject","inLanguage":"en-US","@id":"https:\/\/inspiratio.ro\/#\/schema\/logo\/image\/","url":"https:\/\/inspiratio.ro\/wp-content\/uploads\/2020\/06\/logo-inspiratio.png","contentUrl":"https:\/\/inspiratio.ro\/wp-content\/uploads\/2020\/06\/logo-inspiratio.png","width":232,"height":209,"caption":"Inspiratio"},"image":{"@id":"https:\/\/inspiratio.ro\/#\/schema\/logo\/image\/"},"sameAs":["https:\/\/www.facebook.com\/inspiratiogiftstudio\/","https:\/\/www.instagram.com\/inspiratio_giftstudio\/"]}]}},"brands":[{"id":142,"name":"Green Bubble","slug":"green-bubble"}],"_links":{"self":[{"href":"https:\/\/inspiratio.ro\/en\/wp-json\/wp\/v2\/product\/4727","targetHints":{"allow":["GET"]}}],"collection":[{"href":"https:\/\/inspiratio.ro\/en\/wp-json\/wp\/v2\/product"}],"about":[{"href":"https:\/\/inspiratio.ro\/en\/wp-json\/wp\/v2\/types\/product"}],"replies":[{"embeddable":true,"href":"https:\/\/inspiratio.ro\/en\/wp-json\/wp\/v2\/comments?post=4727"}],"wp:featuredmedia":[{"embeddable":true,"href":"https:\/\/inspiratio.ro\/en\/wp-json\/wp\/v2\/media\/4728"}],"wp:attachment":[{"href":"https:\/\/inspiratio.ro\/en\/wp-json\/wp\/v2\/media?parent=4727"}],"wp:term":[{"taxonomy":"pwb-brand","embeddable":true,"href":"https:\/\/inspiratio.ro\/en\/wp-json\/wp\/v2\/pwb-brand?post=4727"},{"taxonomy":"product_brand","embeddable":true,"href":"https:\/\/inspiratio.ro\/en\/wp-json\/wp\/v2\/product_brand?post=4727"},{"taxonomy":"product_cat","embeddable":true,"href":"https:\/\/inspiratio.ro\/en\/wp-json\/wp\/v2\/product_cat?post=4727"},{"taxonomy":"product_tag","embeddable":true,"href":"https:\/\/inspiratio.ro\/en\/wp-json\/wp\/v2\/product_tag?post=4727"}],"curies":[{"name":"wp","href":"https:\/\/api.w.org\/{rel}","templated":true}]}}