{"id":4725,"date":"2022-11-21T18:24:41","date_gmt":"2022-11-21T16:24:41","guid":{"rendered":"https:\/\/inspiratio.ro\/?post_type=product&#038;p=4725"},"modified":"2025-08-22T14:00:25","modified_gmt":"2025-08-22T11:00:25","slug":"ach-ser-gene-sprancene-10ml","status":"publish","type":"product","link":"https:\/\/inspiratio.ro\/en\/produs\/ach-ser-gene-sprancene-10ml\/","title":{"rendered":"Ser gene-spr\u00e2ncene 10ml"},"content":{"rendered":"<h2>Ser Gene &amp; Spr\u00e2ncene cu Colagen, Argan \u0219i Ricin<\/h2>\n<p>Ser Gene &amp; Spr\u00e2ncene cu Colagen, Argan \u0219i Ricin. Ser uleios pentru \u00eengrijirea genelor \u0219i spr\u00e2ncenelor. Serul este emolient, nutritiv, protejeaz\u0103, hidrateaza \u0219i fortifica firele de par. Serul stimuleaz\u0103 cre\u0219terea genelor \u0219i spr\u00e2ncenelor \u0219i \u00eembun\u0103t\u0103\u021be\u0219te aspectul lor general.<\/p>\n<p>Spr\u00e2ncene co\u0163ofene \u0219i ochii contura\u021bi de gene lungi \u0219i dese. Serul protejeaz\u0103 \u0219i fortific\u0103 firele de p\u0103r, confer\u0103 volum genelor \u0219i spr\u00e2ncenelor.<\/p>\n<table class=\"woocommerce-product-attributes shop_attributes\">\n<tbody>\n<tr class=\"woocommerce-product-attributes-item woocommerce-product-attributes-item--weight\">\n<th class=\"woocommerce-product-attributes-item__label\">Greutate<\/th>\n<td class=\"woocommerce-product-attributes-item__value\">10 g<\/td>\n<\/tr>\n<tr class=\"woocommerce-product-attributes-item woocommerce-product-attributes-item--attribute_pa_proprietati\">\n<th class=\"woocommerce-product-attributes-item__label\">Propriet\u0103\u021bi<\/th>\n<td class=\"woocommerce-product-attributes-item__value\">Emolient, Protector, Regenerator, Stimulator<\/td>\n<\/tr>\n<\/tbody>\n<\/table>\n<form class=\"cart\" action=\"https:\/\/www.greenbubble.ro\/magazin\/lotiuni-si-seruri\/ser-gene-sprancene\/\" enctype=\"multipart\/form-data\" method=\"post\"><\/form>\n<h3>Principalele ingrediente active pentru Ser Gene &amp; Spr\u00e2ncene cu Colagen, Argan \u0219i Ricin:<\/h3>\n<p>Serul con\u021bine Colagen Vegetal, Ulei Ricin, Ulei Argan \u0219i Vitamina E.<\/p>\n<h3>Colagen Vegetal<\/h3>\n<p>Colagenul Vegetal este un activ cosmetic natural care protejeaz\u0103 fibra capilar\u0103, fortific\u0103 p\u0103rul \u0219i \u00eei confer\u0103 volum. Colagenul vegetal este un ingredient activ ideal pentru \u00eenmuierea, netezirea \u0219i protejarea tuturor tipurilor de piele, \u00een special a pielii uscate \u0219i deshidratate, precum \u0219i a pielii mature. Colagenul vegetal are proprietatea de a \u00eengro\u0219a p\u0103rul \u0219i genele.<\/p>\n<p>Protejeaza fibra capilara, fortifica parul si \u00eei confera volum. Acest activ cosmetic este apreciat si pentru efectul de netezire si protectie, conferind elasticitate pielii si sporindu-i fermitatea. Mentine hidratareai optima a pielii si incetineste aparitia ridurilor.<\/p>\n<h3>Ulei Ricin<\/h3>\n<p>Uleiul de ricin este renumit pentru propriet\u0103\u021bile sale de regenerare \u0219i fortificare a p\u0103rului, genelor \u0219i spr\u00e2ncenelor. Uleiul de ricin este apreciat pentru efectul de stimulare a cre\u0219terii p\u0103rului \u0219i combaterea c\u0103derii p\u0103rului.<\/p>\n<h3>Ulei Argan<\/h3>\n<p>Uleiul de Argan este apreciat pentru propriet\u0103\u021bile sale anti-\u00eemb\u0103tr\u00e2nire, reparatoare, regeneratoare \u0219i nutritive. Uleiul de Argan confer\u0103 str\u0103lucire \u0219i vigoare firelor de p\u0103r, \u00eembun\u0103t\u0103\u021be\u0219te textura pielii \u0219i \u00eei confer\u0103 un aspect mai t\u00e2n\u0103r \u0219i mai ferm.<\/p>\n<h3>Vitamina E<\/h3>\n<p>Vitamina E este un antioxidant puternic benefic pentru piele ca activ anti-aging, regenerator \u0219i protector. Vitamina E este cunoscut\u0103 pentru efectul s\u0103u calmant, antiinflamator, protector pentru piele. Protejeaz\u0103 pielea de daunele factorilor de mediu \u0219i \u00eembun\u0103t\u0103\u021be\u0219te elasticitatea pielii.<\/p>\n<p>Vitamina E este recomandat \u00een special pentru pielea uscat\u0103, matur\u0103 \u0219i pentru \u00eengrijirea pielii dup\u0103 expunerea la soare.<\/p>\n<h3>Mod de Utilizare\/Aplicare Ser Gene &amp; Spr\u00e2ncene<\/h3>\n<p>Se aplic\u0103 cu ajutorul periei din dotare pe gene \u0219i spr\u00e2ncene,\u00a0 pentru a le men\u021bine tot timpul emoliente \u0219i hidratate. Aplic\u0103 de fiecare dat\u0103 c\u00e2nd ai ocazia, dar f\u0103r\u0103 a le \u00eenc\u0103rca foarte mult.<\/p>\n","protected":false},"excerpt":{"rendered":"<p>Ser Gene &amp; Spr\u00e2ncene cu Colagen, Argan \u0219i Ricin Ser Gene &amp; Spr\u00e2ncene cu Colagen, Argan \u0219i Ricin. Ser uleios pentru \u00eengrijirea genelor \u0219i spr\u00e2ncenelor. Serul este emolient, nutritiv, protejeaz\u0103, hidrateaza \u0219i fortifica firele de par. Serul stimuleaz\u0103 cre\u0219terea genelor \u0219i spr\u00e2ncenelor \u0219i \u00eembun\u0103t\u0103\u021be\u0219te aspectul lor general. Spr\u00e2ncene co\u0163ofene \u0219i ochii contura\u021bi de gene lungi [&hellip;]<\/p>\n","protected":false},"featured_media":4726,"comment_status":"open","ping_status":"closed","template":"","meta":[],"pwb-brand":[142],"product_brand":[],"product_cat":[77],"product_tag":[],"class_list":{"0":"post-4725","1":"product","2":"type-product","3":"status-publish","4":"has-post-thumbnail","6":"pwb-brand-green-bubble","7":"product_cat-cosmetice-naturale","9":"first","10":"instock","11":"taxable","12":"shipping-taxable","13":"purchasable","14":"product-type-simple"},"yoast_head":"<!-- This site is optimized with the Yoast SEO plugin v26.9 - https:\/\/yoast.com\/product\/yoast-seo-wordpress\/ -->\n<title>ACH Ser gene-spr\u00e2ncene 10ml - Inspiratio<\/title>\n<meta name=\"description\" content=\"ACH Ser gene-spr\u00e2ncene 10ml\" \/>\n<meta name=\"robots\" content=\"index, follow, max-snippet:-1, max-image-preview:large, max-video-preview:-1\" \/>\n<link rel=\"canonical\" href=\"https:\/\/inspiratio.ro\/produs\/ach-ser-gene-sprancene-10ml\/\" \/>\n<meta property=\"og:locale\" content=\"en_US\" \/>\n<meta property=\"og:type\" content=\"article\" \/>\n<meta property=\"og:title\" content=\"ACH Ser gene-spr\u00e2ncene 10ml - Inspiratio\" \/>\n<meta property=\"og:description\" content=\"ACH Ser gene-spr\u00e2ncene 10ml\" \/>\n<meta property=\"og:url\" content=\"https:\/\/inspiratio.ro\/produs\/ach-ser-gene-sprancene-10ml\/\" \/>\n<meta property=\"og:site_name\" content=\"Inspiratio\" \/>\n<meta property=\"article:publisher\" content=\"https:\/\/www.facebook.com\/inspiratiogiftstudio\/\" \/>\n<meta property=\"article:modified_time\" content=\"2025-08-22T11:00:25+00:00\" \/>\n<meta property=\"og:image\" content=\"https:\/\/inspiratio.ro\/wp-content\/uploads\/2022\/11\/Ser-Gene-Sprancene-Colagen-Argan-Ricin.webp\" \/>\n\t<meta property=\"og:image:width\" content=\"800\" \/>\n\t<meta property=\"og:image:height\" content=\"600\" \/>\n\t<meta property=\"og:image:type\" content=\"image\/webp\" \/>\n<meta name=\"twitter:card\" content=\"summary_large_image\" \/>\n<meta name=\"twitter:label1\" content=\"Est. reading time\" \/>\n\t<meta name=\"twitter:data1\" content=\"3 minutes\" \/>\n<script type=\"application\/ld+json\" class=\"yoast-schema-graph\">{\"@context\":\"https:\/\/schema.org\",\"@graph\":[{\"@type\":\"WebPage\",\"@id\":\"https:\/\/inspiratio.ro\/produs\/ach-ser-gene-sprancene-10ml\/\",\"url\":\"https:\/\/inspiratio.ro\/produs\/ach-ser-gene-sprancene-10ml\/\",\"name\":\"ACH Ser gene-spr\u00e2ncene 10ml - Inspiratio\",\"isPartOf\":{\"@id\":\"https:\/\/inspiratio.ro\/#website\"},\"primaryImageOfPage\":{\"@id\":\"https:\/\/inspiratio.ro\/produs\/ach-ser-gene-sprancene-10ml\/#primaryimage\"},\"image\":{\"@id\":\"https:\/\/inspiratio.ro\/produs\/ach-ser-gene-sprancene-10ml\/#primaryimage\"},\"thumbnailUrl\":\"https:\/\/inspiratio.ro\/wp-content\/uploads\/2022\/11\/Ser-Gene-Sprancene-Colagen-Argan-Ricin.webp\",\"datePublished\":\"2022-11-21T16:24:41+00:00\",\"dateModified\":\"2025-08-22T11:00:25+00:00\",\"description\":\"ACH Ser gene-spr\u00e2ncene 10ml\",\"breadcrumb\":{\"@id\":\"https:\/\/inspiratio.ro\/produs\/ach-ser-gene-sprancene-10ml\/#breadcrumb\"},\"inLanguage\":\"en-US\",\"potentialAction\":[{\"@type\":\"ReadAction\",\"target\":[\"https:\/\/inspiratio.ro\/produs\/ach-ser-gene-sprancene-10ml\/\"]}]},{\"@type\":\"ImageObject\",\"inLanguage\":\"en-US\",\"@id\":\"https:\/\/inspiratio.ro\/produs\/ach-ser-gene-sprancene-10ml\/#primaryimage\",\"url\":\"https:\/\/inspiratio.ro\/wp-content\/uploads\/2022\/11\/Ser-Gene-Sprancene-Colagen-Argan-Ricin.webp\",\"contentUrl\":\"https:\/\/inspiratio.ro\/wp-content\/uploads\/2022\/11\/Ser-Gene-Sprancene-Colagen-Argan-Ricin.webp\",\"width\":800,\"height\":600},{\"@type\":\"BreadcrumbList\",\"@id\":\"https:\/\/inspiratio.ro\/produs\/ach-ser-gene-sprancene-10ml\/#breadcrumb\",\"itemListElement\":[{\"@type\":\"ListItem\",\"position\":1,\"name\":\"Shop\",\"item\":\"https:\/\/inspiratio.ro\/magazin-cadouri\/\"},{\"@type\":\"ListItem\",\"position\":2,\"name\":\"ACH Ser gene-spr\u00e2ncene 10ml\"}]},{\"@type\":\"WebSite\",\"@id\":\"https:\/\/inspiratio.ro\/#website\",\"url\":\"https:\/\/inspiratio.ro\/\",\"name\":\"Inspiratio\",\"description\":\"Las\u0103-te purtat de inspira\u021bie\",\"publisher\":{\"@id\":\"https:\/\/inspiratio.ro\/#organization\"},\"potentialAction\":[{\"@type\":\"SearchAction\",\"target\":{\"@type\":\"EntryPoint\",\"urlTemplate\":\"https:\/\/inspiratio.ro\/?s={search_term_string}\"},\"query-input\":{\"@type\":\"PropertyValueSpecification\",\"valueRequired\":true,\"valueName\":\"search_term_string\"}}],\"inLanguage\":\"en-US\"},{\"@type\":\"Organization\",\"@id\":\"https:\/\/inspiratio.ro\/#organization\",\"name\":\"Inspiratio\",\"url\":\"https:\/\/inspiratio.ro\/\",\"logo\":{\"@type\":\"ImageObject\",\"inLanguage\":\"en-US\",\"@id\":\"https:\/\/inspiratio.ro\/#\/schema\/logo\/image\/\",\"url\":\"https:\/\/inspiratio.ro\/wp-content\/uploads\/2020\/06\/logo-inspiratio.png\",\"contentUrl\":\"https:\/\/inspiratio.ro\/wp-content\/uploads\/2020\/06\/logo-inspiratio.png\",\"width\":232,\"height\":209,\"caption\":\"Inspiratio\"},\"image\":{\"@id\":\"https:\/\/inspiratio.ro\/#\/schema\/logo\/image\/\"},\"sameAs\":[\"https:\/\/www.facebook.com\/inspiratiogiftstudio\/\",\"https:\/\/www.instagram.com\/inspiratio_giftstudio\/\"]}]}<\/script>\n<!-- \/ Yoast SEO plugin. -->","yoast_head_json":{"title":"ACH Ser gene-spr\u00e2ncene 10ml - Inspiratio","description":"ACH Ser gene-spr\u00e2ncene 10ml","robots":{"index":"index","follow":"follow","max-snippet":"max-snippet:-1","max-image-preview":"max-image-preview:large","max-video-preview":"max-video-preview:-1"},"canonical":"https:\/\/inspiratio.ro\/produs\/ach-ser-gene-sprancene-10ml\/","og_locale":"en_US","og_type":"article","og_title":"ACH Ser gene-spr\u00e2ncene 10ml - Inspiratio","og_description":"ACH Ser gene-spr\u00e2ncene 10ml","og_url":"https:\/\/inspiratio.ro\/produs\/ach-ser-gene-sprancene-10ml\/","og_site_name":"Inspiratio","article_publisher":"https:\/\/www.facebook.com\/inspiratiogiftstudio\/","article_modified_time":"2025-08-22T11:00:25+00:00","og_image":[{"width":800,"height":600,"url":"https:\/\/inspiratio.ro\/wp-content\/uploads\/2022\/11\/Ser-Gene-Sprancene-Colagen-Argan-Ricin.webp","type":"image\/webp"}],"twitter_card":"summary_large_image","twitter_misc":{"Est. reading time":"3 minutes"},"schema":{"@context":"https:\/\/schema.org","@graph":[{"@type":"WebPage","@id":"https:\/\/inspiratio.ro\/produs\/ach-ser-gene-sprancene-10ml\/","url":"https:\/\/inspiratio.ro\/produs\/ach-ser-gene-sprancene-10ml\/","name":"ACH Ser gene-spr\u00e2ncene 10ml - Inspiratio","isPartOf":{"@id":"https:\/\/inspiratio.ro\/#website"},"primaryImageOfPage":{"@id":"https:\/\/inspiratio.ro\/produs\/ach-ser-gene-sprancene-10ml\/#primaryimage"},"image":{"@id":"https:\/\/inspiratio.ro\/produs\/ach-ser-gene-sprancene-10ml\/#primaryimage"},"thumbnailUrl":"https:\/\/inspiratio.ro\/wp-content\/uploads\/2022\/11\/Ser-Gene-Sprancene-Colagen-Argan-Ricin.webp","datePublished":"2022-11-21T16:24:41+00:00","dateModified":"2025-08-22T11:00:25+00:00","description":"ACH Ser gene-spr\u00e2ncene 10ml","breadcrumb":{"@id":"https:\/\/inspiratio.ro\/produs\/ach-ser-gene-sprancene-10ml\/#breadcrumb"},"inLanguage":"en-US","potentialAction":[{"@type":"ReadAction","target":["https:\/\/inspiratio.ro\/produs\/ach-ser-gene-sprancene-10ml\/"]}]},{"@type":"ImageObject","inLanguage":"en-US","@id":"https:\/\/inspiratio.ro\/produs\/ach-ser-gene-sprancene-10ml\/#primaryimage","url":"https:\/\/inspiratio.ro\/wp-content\/uploads\/2022\/11\/Ser-Gene-Sprancene-Colagen-Argan-Ricin.webp","contentUrl":"https:\/\/inspiratio.ro\/wp-content\/uploads\/2022\/11\/Ser-Gene-Sprancene-Colagen-Argan-Ricin.webp","width":800,"height":600},{"@type":"BreadcrumbList","@id":"https:\/\/inspiratio.ro\/produs\/ach-ser-gene-sprancene-10ml\/#breadcrumb","itemListElement":[{"@type":"ListItem","position":1,"name":"Shop","item":"https:\/\/inspiratio.ro\/magazin-cadouri\/"},{"@type":"ListItem","position":2,"name":"ACH Ser gene-spr\u00e2ncene 10ml"}]},{"@type":"WebSite","@id":"https:\/\/inspiratio.ro\/#website","url":"https:\/\/inspiratio.ro\/","name":"Inspiratio","description":"Las\u0103-te purtat de inspira\u021bie","publisher":{"@id":"https:\/\/inspiratio.ro\/#organization"},"potentialAction":[{"@type":"SearchAction","target":{"@type":"EntryPoint","urlTemplate":"https:\/\/inspiratio.ro\/?s={search_term_string}"},"query-input":{"@type":"PropertyValueSpecification","valueRequired":true,"valueName":"search_term_string"}}],"inLanguage":"en-US"},{"@type":"Organization","@id":"https:\/\/inspiratio.ro\/#organization","name":"Inspiratio","url":"https:\/\/inspiratio.ro\/","logo":{"@type":"ImageObject","inLanguage":"en-US","@id":"https:\/\/inspiratio.ro\/#\/schema\/logo\/image\/","url":"https:\/\/inspiratio.ro\/wp-content\/uploads\/2020\/06\/logo-inspiratio.png","contentUrl":"https:\/\/inspiratio.ro\/wp-content\/uploads\/2020\/06\/logo-inspiratio.png","width":232,"height":209,"caption":"Inspiratio"},"image":{"@id":"https:\/\/inspiratio.ro\/#\/schema\/logo\/image\/"},"sameAs":["https:\/\/www.facebook.com\/inspiratiogiftstudio\/","https:\/\/www.instagram.com\/inspiratio_giftstudio\/"]}]}},"brands":[{"id":142,"name":"Green Bubble","slug":"green-bubble"}],"_links":{"self":[{"href":"https:\/\/inspiratio.ro\/en\/wp-json\/wp\/v2\/product\/4725","targetHints":{"allow":["GET"]}}],"collection":[{"href":"https:\/\/inspiratio.ro\/en\/wp-json\/wp\/v2\/product"}],"about":[{"href":"https:\/\/inspiratio.ro\/en\/wp-json\/wp\/v2\/types\/product"}],"replies":[{"embeddable":true,"href":"https:\/\/inspiratio.ro\/en\/wp-json\/wp\/v2\/comments?post=4725"}],"wp:featuredmedia":[{"embeddable":true,"href":"https:\/\/inspiratio.ro\/en\/wp-json\/wp\/v2\/media\/4726"}],"wp:attachment":[{"href":"https:\/\/inspiratio.ro\/en\/wp-json\/wp\/v2\/media?parent=4725"}],"wp:term":[{"taxonomy":"pwb-brand","embeddable":true,"href":"https:\/\/inspiratio.ro\/en\/wp-json\/wp\/v2\/pwb-brand?post=4725"},{"taxonomy":"product_brand","embeddable":true,"href":"https:\/\/inspiratio.ro\/en\/wp-json\/wp\/v2\/product_brand?post=4725"},{"taxonomy":"product_cat","embeddable":true,"href":"https:\/\/inspiratio.ro\/en\/wp-json\/wp\/v2\/product_cat?post=4725"},{"taxonomy":"product_tag","embeddable":true,"href":"https:\/\/inspiratio.ro\/en\/wp-json\/wp\/v2\/product_tag?post=4725"}],"curies":[{"name":"wp","href":"https:\/\/api.w.org\/{rel}","templated":true}]}}