{"id":4723,"date":"2022-11-21T18:19:50","date_gmt":"2022-11-21T16:19:50","guid":{"rendered":"https:\/\/inspiratio.ro\/?post_type=product&#038;p=4723"},"modified":"2026-02-19T16:40:58","modified_gmt":"2026-02-19T14:40:58","slug":"ach-ser-contur-ochi","status":"publish","type":"product","link":"https:\/\/inspiratio.ro\/en\/produs\/ach-ser-contur-ochi\/","title":{"rendered":"Ser contur ochi"},"content":{"rendered":"<h2>Ser Contur Ochi cu Extract Vi\u021b\u0103 Ro\u0219ie, Cafein\u0103 \u0219i Acid Hialuronic<\/h2>\n<p>Ser Contur Ochi cu Extract Vi\u021b\u0103 Ro\u0219ie, Cafein\u0103 \u0219i Acid Hialuronic. Ser de \u00eengrijire hidratant, sub forma de gel, potrivit pentru atenuarea cearc\u0103nelor, aspectului umflat al ochilor (pungilor de sub ochi) \u0219i pentru sporirea fermit\u0103\u021bii pielii din zona ochilor. Extractul de vi\u021b\u0103 ro\u0219ie con\u021bine resveratrol natural, un antioxidant potent cu actiune anti-aging recunoscut\u0103. Se poate aplica o data sau de doua ori pe zi, dupa cur\u0103\u021barea pielii. Serul contribuie la reducerea pungilor de sub ochi, la prevenirea \u0219i reducerea ridurilor.<br \/>\nProdusul este potrivit \u0219i pentru \u00eengrijirea tenului matur, \u00eemb\u0103tr\u00e2nit \u0219i cu riduri.<\/p>\n<table class=\"woocommerce-product-attributes shop_attributes\">\n<tbody>\n<tr class=\"woocommerce-product-attributes-item woocommerce-product-attributes-item--attribute_pa_proprietati\">\n<th class=\"woocommerce-product-attributes-item__label\">Propriet\u0103\u021bi<\/th>\n<td class=\"woocommerce-product-attributes-item__value\">Anti-Pungi, Ati-Cearc\u0103ne, Ati-\u00cemb\u0103tr\u00e2nire, Anti-aging, Antioxidant, Antirid<\/td>\n<\/tr>\n<tr class=\"woocommerce-product-attributes-item woocommerce-product-attributes-item--attribute_pa_cantitate\">\n<th class=\"woocommerce-product-attributes-item__label\">Cantitate\u00a0<span class=\"wd-hint wd-tooltip wd-tooltip-inited\" title=\"\" data-original-title=\"\">Cantitate<\/span><\/th>\n<td class=\"woocommerce-product-attributes-item__value\">10 ml<\/td>\n<\/tr>\n<\/tbody>\n<\/table>\n<form class=\"cart\" action=\"https:\/\/www.greenbubble.ro\/magazin\/lotiuni-si-seruri\/ser-contur-ochi-cu-extract-vita-rosie\/\" enctype=\"multipart\/form-data\" method=\"post\"><\/form>\n<div dir=\"auto\">\n<h3>Principalele Ingrediente Active pentru Ser Contur Ochi cu Extract Vi\u021b\u0103 Ro\u0219ie, Cafein\u0103 \u0219i Acid Hialuronic:<\/h3>\n<p>Serul Contur Ochi este realizat cu Extract de Vi\u021b\u0103 Ro\u0219ie, Cafein\u0103 \u0219i Acid Hialuronic.<\/p>\n<h3>Extract Vi\u021b\u0103 Ro\u0219ie<\/h3>\n<p>Extractul de vi\u021b\u0103 ro\u0219ie este un activ cosmetic care con\u021bine resveratrol natural. Extractul de vi\u021b\u0103 ro\u0219ie nu are efecte secundare, \u00een compara\u021bie cu resveratrolul pur.<\/p>\n<p>Extractul de vi\u021b\u0103 ro\u0219ie este bogat \u00een taninuri \u0219i antociani, renumi\u021bi pentru efectul de tonifiere \u0219i de stimulare a microcircula\u021biei.<\/p>\n<p>Extractul de vi\u021b\u0103 ro\u0219ie este un antioxidant potent cu o ac\u021biune anti-aging recunoscut\u0103. Extractul de vi\u021b\u0103 ro\u0219ie este folosit \u00een produsele cosmetice pentru a \u00eembun\u0103t\u0103\u021bii circula\u021bia periferic\u0103, elasticitatea pielii \u0219i pentru a proteja pielea \u00eempotriva \u00eemb\u0103tr\u00e2nirii premature.<\/p>\n<h3 dir=\"auto\">Cafein\u0103<\/h3>\n<p>Cafeina este un ingredient activ recunoscut cu propriet\u0103\u021bi lipolitice, anticelulitice, tonifiante \u0219i drenante.\u00a0Datorit\u0103 acestor propriet\u0103\u021bi, cafeina este potrivit\u0103 pentru pentru rafinarea conturului fe\u021bei \u0219i pentru ameliorarea cearc\u0103nelor \u0219i pungilor din zona ochilor.<\/p>\n<h3 dir=\"auto\">Acid Hialuronic<\/h3>\n<p>Acidul hialuronic este un activ cosmetic natural cu o capacitate deosebit\u0103 de a re\u021bine \u0219i atrage apa. Confer\u0103 pielii o hidratare de lung\u0103 durat\u0103, principala arm\u0103 \u00eempotriva \u00eemb\u0103tr\u00e2nirii premature a pielii. Acidul hialuronic are un efect de umplere, atenueaz\u0103 aspectul liniilor \u0219i a ridurilor fine. Confer\u0103 pielii un aspect uniform, neted, catifelat.<\/p>\n<p>Acidul hialuronic fortific\u0103 bariera natural\u0103 de protec\u021bie a pielii, men\u021bin\u00e2nd o bun\u0103 absorb\u021bie \u0219i permeabilitate pentru piele.\u00a0 Acidul hialuronic favorizeaz\u0103 regenerarea pielii, ajuta la regenerarea pielii deteriorate \u0219i \u00eembun\u0103t\u0103\u021be\u0219te aspectul pielii uscate.<\/p>\n<h3>Mod de Utilizare\/Aplicare Ser Contur Ochi cu Extract Vi\u021b\u0103 Ro\u0219ie, Cafein\u0103 \u0219i Acid Hialuronic<\/h3>\n<p>\u00cenainte de aplicare, cur\u0103\u021b\u0103 pielea cu un s\u0103pun de fa\u021b\u0103, o lo\u021biune sau un lapte demachiant. Aplic\u0103 serul pe pielea curat\u0103, o data sau de dou\u0103 ori pe zi, de preferabil seara sau diminea\u021ba. Maseaz\u0103 u\u0219or zona din jurul ochilor cu bila cu care este dotat recipientul. Pentru un efect \u0219i mai puternic, pune recipientul \u00eentr-un loc r\u0103coros sau \u00een frigider (nu \u00een congelator). Astfel, prin masare, bila rece v-a contribui \u0219i ea la mic\u0219orarea pungilor de sub ochi.<\/p>\n<p>Dup\u0103 uscare, dac\u0103 este nevoie, se poate aplic\u0103 deasupra o crem\u0103 contur ochi sau alte produse de machiaj.<\/p>\n<p>Produsul nu las\u0103 pielea lipicioas\u0103 \u0219i nu are miros.<\/p>\n<h4><strong>Date de siguran\u0163\u0103, precau\u021bii \u00een utilizare:<\/strong><\/h4>\n<p>Fere\u0219te contactul gelului cu ochii. Dac\u0103 ai sensibilitate la unul din ingrediente, \u00eentrerupe imediat utilizarea produsului.<\/p>\n<p>Produsul se folose\u0219te pentru \u00eengrijirea pielii s\u0103n\u0103toase. Nu oferim sfaturi medicale, tratament sau diagnostic. Solicita\u021bi asisten\u021b\u0103 medical\u0103 specializat\u0103 dac\u0103 este necesar!<\/p>\n<h4><strong>Mod de p\u0103strare:<\/strong><\/h4>\n<p>A se p\u0103stra la o temperatur\u0103 \u00eentre 5 \u2013 25\u00b0C, \u00een loc uscat, r\u0103coros, \u00eentunecat, ferit de razele solare sau lumin\u0103 direct\u0103. Textura se poate modifica u\u0219or \u00een func\u021bie de temperatura mediului ambiant \u00een care este p\u0103strat.<\/p>\n<\/div>\n","protected":false},"excerpt":{"rendered":"<p>Ser Contur Ochi cu Extract Vi\u021b\u0103 Ro\u0219ie, Cafein\u0103 \u0219i Acid Hialuronic Ser Contur Ochi cu Extract Vi\u021b\u0103 Ro\u0219ie, Cafein\u0103 \u0219i Acid Hialuronic. Ser de \u00eengrijire hidratant, sub forma de gel, potrivit pentru atenuarea cearc\u0103nelor, aspectului umflat al ochilor (pungilor de sub ochi) \u0219i pentru sporirea fermit\u0103\u021bii pielii din zona ochilor. Extractul de vi\u021b\u0103 ro\u0219ie con\u021bine [&hellip;]<\/p>\n","protected":false},"featured_media":4724,"comment_status":"open","ping_status":"closed","template":"","meta":[],"pwb-brand":[142],"product_brand":[],"product_cat":[77],"product_tag":[],"class_list":{"0":"post-4723","1":"product","2":"type-product","3":"status-publish","4":"has-post-thumbnail","6":"pwb-brand-green-bubble","7":"product_cat-cosmetice-naturale","9":"first","10":"instock","11":"taxable","12":"shipping-taxable","13":"purchasable","14":"product-type-simple"},"yoast_head":"<!-- This site is optimized with the Yoast SEO plugin v26.9 - https:\/\/yoast.com\/product\/yoast-seo-wordpress\/ -->\n<title>ACH Ser contur ochi - Inspiratio<\/title>\n<meta name=\"description\" content=\"ACH Ser contur ochi\" \/>\n<meta name=\"robots\" content=\"index, follow, max-snippet:-1, max-image-preview:large, max-video-preview:-1\" \/>\n<link rel=\"canonical\" href=\"https:\/\/inspiratio.ro\/produs\/ach-ser-contur-ochi\/\" \/>\n<meta property=\"og:locale\" content=\"en_US\" \/>\n<meta property=\"og:type\" content=\"article\" \/>\n<meta property=\"og:title\" content=\"ACH Ser contur ochi - Inspiratio\" \/>\n<meta property=\"og:description\" content=\"ACH Ser contur ochi\" \/>\n<meta property=\"og:url\" content=\"https:\/\/inspiratio.ro\/produs\/ach-ser-contur-ochi\/\" \/>\n<meta property=\"og:site_name\" content=\"Inspiratio\" \/>\n<meta property=\"article:publisher\" content=\"https:\/\/www.facebook.com\/inspiratiogiftstudio\/\" \/>\n<meta property=\"article:modified_time\" content=\"2026-02-19T14:40:58+00:00\" \/>\n<meta property=\"og:image\" content=\"https:\/\/inspiratio.ro\/wp-content\/uploads\/2022\/11\/Ser-Contur-Ochi-cu-Extract-Vita-Rosie.webp\" \/>\n\t<meta property=\"og:image:width\" content=\"800\" \/>\n\t<meta property=\"og:image:height\" content=\"600\" \/>\n\t<meta property=\"og:image:type\" content=\"image\/webp\" \/>\n<meta name=\"twitter:card\" content=\"summary_large_image\" \/>\n<meta name=\"twitter:label1\" content=\"Est. reading time\" \/>\n\t<meta name=\"twitter:data1\" content=\"4 minutes\" \/>\n<script type=\"application\/ld+json\" class=\"yoast-schema-graph\">{\"@context\":\"https:\/\/schema.org\",\"@graph\":[{\"@type\":\"WebPage\",\"@id\":\"https:\/\/inspiratio.ro\/produs\/ach-ser-contur-ochi\/\",\"url\":\"https:\/\/inspiratio.ro\/produs\/ach-ser-contur-ochi\/\",\"name\":\"ACH Ser contur ochi - Inspiratio\",\"isPartOf\":{\"@id\":\"https:\/\/inspiratio.ro\/#website\"},\"primaryImageOfPage\":{\"@id\":\"https:\/\/inspiratio.ro\/produs\/ach-ser-contur-ochi\/#primaryimage\"},\"image\":{\"@id\":\"https:\/\/inspiratio.ro\/produs\/ach-ser-contur-ochi\/#primaryimage\"},\"thumbnailUrl\":\"https:\/\/inspiratio.ro\/wp-content\/uploads\/2022\/11\/Ser-Contur-Ochi-cu-Extract-Vita-Rosie.webp\",\"datePublished\":\"2022-11-21T16:19:50+00:00\",\"dateModified\":\"2026-02-19T14:40:58+00:00\",\"description\":\"ACH Ser contur ochi\",\"breadcrumb\":{\"@id\":\"https:\/\/inspiratio.ro\/produs\/ach-ser-contur-ochi\/#breadcrumb\"},\"inLanguage\":\"en-US\",\"potentialAction\":[{\"@type\":\"ReadAction\",\"target\":[\"https:\/\/inspiratio.ro\/produs\/ach-ser-contur-ochi\/\"]}]},{\"@type\":\"ImageObject\",\"inLanguage\":\"en-US\",\"@id\":\"https:\/\/inspiratio.ro\/produs\/ach-ser-contur-ochi\/#primaryimage\",\"url\":\"https:\/\/inspiratio.ro\/wp-content\/uploads\/2022\/11\/Ser-Contur-Ochi-cu-Extract-Vita-Rosie.webp\",\"contentUrl\":\"https:\/\/inspiratio.ro\/wp-content\/uploads\/2022\/11\/Ser-Contur-Ochi-cu-Extract-Vita-Rosie.webp\",\"width\":800,\"height\":600},{\"@type\":\"BreadcrumbList\",\"@id\":\"https:\/\/inspiratio.ro\/produs\/ach-ser-contur-ochi\/#breadcrumb\",\"itemListElement\":[{\"@type\":\"ListItem\",\"position\":1,\"name\":\"Shop\",\"item\":\"https:\/\/inspiratio.ro\/magazin-cadouri\/\"},{\"@type\":\"ListItem\",\"position\":2,\"name\":\"ACH Ser contur ochi\"}]},{\"@type\":\"WebSite\",\"@id\":\"https:\/\/inspiratio.ro\/#website\",\"url\":\"https:\/\/inspiratio.ro\/\",\"name\":\"Inspiratio\",\"description\":\"Las\u0103-te purtat de inspira\u021bie\",\"publisher\":{\"@id\":\"https:\/\/inspiratio.ro\/#organization\"},\"potentialAction\":[{\"@type\":\"SearchAction\",\"target\":{\"@type\":\"EntryPoint\",\"urlTemplate\":\"https:\/\/inspiratio.ro\/?s={search_term_string}\"},\"query-input\":{\"@type\":\"PropertyValueSpecification\",\"valueRequired\":true,\"valueName\":\"search_term_string\"}}],\"inLanguage\":\"en-US\"},{\"@type\":\"Organization\",\"@id\":\"https:\/\/inspiratio.ro\/#organization\",\"name\":\"Inspiratio\",\"url\":\"https:\/\/inspiratio.ro\/\",\"logo\":{\"@type\":\"ImageObject\",\"inLanguage\":\"en-US\",\"@id\":\"https:\/\/inspiratio.ro\/#\/schema\/logo\/image\/\",\"url\":\"https:\/\/inspiratio.ro\/wp-content\/uploads\/2020\/06\/logo-inspiratio.png\",\"contentUrl\":\"https:\/\/inspiratio.ro\/wp-content\/uploads\/2020\/06\/logo-inspiratio.png\",\"width\":232,\"height\":209,\"caption\":\"Inspiratio\"},\"image\":{\"@id\":\"https:\/\/inspiratio.ro\/#\/schema\/logo\/image\/\"},\"sameAs\":[\"https:\/\/www.facebook.com\/inspiratiogiftstudio\/\",\"https:\/\/www.instagram.com\/inspiratio_giftstudio\/\"]}]}<\/script>\n<!-- \/ Yoast SEO plugin. -->","yoast_head_json":{"title":"ACH Ser contur ochi - Inspiratio","description":"ACH Ser contur ochi","robots":{"index":"index","follow":"follow","max-snippet":"max-snippet:-1","max-image-preview":"max-image-preview:large","max-video-preview":"max-video-preview:-1"},"canonical":"https:\/\/inspiratio.ro\/produs\/ach-ser-contur-ochi\/","og_locale":"en_US","og_type":"article","og_title":"ACH Ser contur ochi - Inspiratio","og_description":"ACH Ser contur ochi","og_url":"https:\/\/inspiratio.ro\/produs\/ach-ser-contur-ochi\/","og_site_name":"Inspiratio","article_publisher":"https:\/\/www.facebook.com\/inspiratiogiftstudio\/","article_modified_time":"2026-02-19T14:40:58+00:00","og_image":[{"width":800,"height":600,"url":"https:\/\/inspiratio.ro\/wp-content\/uploads\/2022\/11\/Ser-Contur-Ochi-cu-Extract-Vita-Rosie.webp","type":"image\/webp"}],"twitter_card":"summary_large_image","twitter_misc":{"Est. reading time":"4 minutes"},"schema":{"@context":"https:\/\/schema.org","@graph":[{"@type":"WebPage","@id":"https:\/\/inspiratio.ro\/produs\/ach-ser-contur-ochi\/","url":"https:\/\/inspiratio.ro\/produs\/ach-ser-contur-ochi\/","name":"ACH Ser contur ochi - Inspiratio","isPartOf":{"@id":"https:\/\/inspiratio.ro\/#website"},"primaryImageOfPage":{"@id":"https:\/\/inspiratio.ro\/produs\/ach-ser-contur-ochi\/#primaryimage"},"image":{"@id":"https:\/\/inspiratio.ro\/produs\/ach-ser-contur-ochi\/#primaryimage"},"thumbnailUrl":"https:\/\/inspiratio.ro\/wp-content\/uploads\/2022\/11\/Ser-Contur-Ochi-cu-Extract-Vita-Rosie.webp","datePublished":"2022-11-21T16:19:50+00:00","dateModified":"2026-02-19T14:40:58+00:00","description":"ACH Ser contur ochi","breadcrumb":{"@id":"https:\/\/inspiratio.ro\/produs\/ach-ser-contur-ochi\/#breadcrumb"},"inLanguage":"en-US","potentialAction":[{"@type":"ReadAction","target":["https:\/\/inspiratio.ro\/produs\/ach-ser-contur-ochi\/"]}]},{"@type":"ImageObject","inLanguage":"en-US","@id":"https:\/\/inspiratio.ro\/produs\/ach-ser-contur-ochi\/#primaryimage","url":"https:\/\/inspiratio.ro\/wp-content\/uploads\/2022\/11\/Ser-Contur-Ochi-cu-Extract-Vita-Rosie.webp","contentUrl":"https:\/\/inspiratio.ro\/wp-content\/uploads\/2022\/11\/Ser-Contur-Ochi-cu-Extract-Vita-Rosie.webp","width":800,"height":600},{"@type":"BreadcrumbList","@id":"https:\/\/inspiratio.ro\/produs\/ach-ser-contur-ochi\/#breadcrumb","itemListElement":[{"@type":"ListItem","position":1,"name":"Shop","item":"https:\/\/inspiratio.ro\/magazin-cadouri\/"},{"@type":"ListItem","position":2,"name":"ACH Ser contur ochi"}]},{"@type":"WebSite","@id":"https:\/\/inspiratio.ro\/#website","url":"https:\/\/inspiratio.ro\/","name":"Inspiratio","description":"Las\u0103-te purtat de inspira\u021bie","publisher":{"@id":"https:\/\/inspiratio.ro\/#organization"},"potentialAction":[{"@type":"SearchAction","target":{"@type":"EntryPoint","urlTemplate":"https:\/\/inspiratio.ro\/?s={search_term_string}"},"query-input":{"@type":"PropertyValueSpecification","valueRequired":true,"valueName":"search_term_string"}}],"inLanguage":"en-US"},{"@type":"Organization","@id":"https:\/\/inspiratio.ro\/#organization","name":"Inspiratio","url":"https:\/\/inspiratio.ro\/","logo":{"@type":"ImageObject","inLanguage":"en-US","@id":"https:\/\/inspiratio.ro\/#\/schema\/logo\/image\/","url":"https:\/\/inspiratio.ro\/wp-content\/uploads\/2020\/06\/logo-inspiratio.png","contentUrl":"https:\/\/inspiratio.ro\/wp-content\/uploads\/2020\/06\/logo-inspiratio.png","width":232,"height":209,"caption":"Inspiratio"},"image":{"@id":"https:\/\/inspiratio.ro\/#\/schema\/logo\/image\/"},"sameAs":["https:\/\/www.facebook.com\/inspiratiogiftstudio\/","https:\/\/www.instagram.com\/inspiratio_giftstudio\/"]}]}},"brands":[{"id":142,"name":"Green Bubble","slug":"green-bubble"}],"_links":{"self":[{"href":"https:\/\/inspiratio.ro\/en\/wp-json\/wp\/v2\/product\/4723","targetHints":{"allow":["GET"]}}],"collection":[{"href":"https:\/\/inspiratio.ro\/en\/wp-json\/wp\/v2\/product"}],"about":[{"href":"https:\/\/inspiratio.ro\/en\/wp-json\/wp\/v2\/types\/product"}],"replies":[{"embeddable":true,"href":"https:\/\/inspiratio.ro\/en\/wp-json\/wp\/v2\/comments?post=4723"}],"wp:featuredmedia":[{"embeddable":true,"href":"https:\/\/inspiratio.ro\/en\/wp-json\/wp\/v2\/media\/4724"}],"wp:attachment":[{"href":"https:\/\/inspiratio.ro\/en\/wp-json\/wp\/v2\/media?parent=4723"}],"wp:term":[{"taxonomy":"pwb-brand","embeddable":true,"href":"https:\/\/inspiratio.ro\/en\/wp-json\/wp\/v2\/pwb-brand?post=4723"},{"taxonomy":"product_brand","embeddable":true,"href":"https:\/\/inspiratio.ro\/en\/wp-json\/wp\/v2\/product_brand?post=4723"},{"taxonomy":"product_cat","embeddable":true,"href":"https:\/\/inspiratio.ro\/en\/wp-json\/wp\/v2\/product_cat?post=4723"},{"taxonomy":"product_tag","embeddable":true,"href":"https:\/\/inspiratio.ro\/en\/wp-json\/wp\/v2\/product_tag?post=4723"}],"curies":[{"name":"wp","href":"https:\/\/api.w.org\/{rel}","templated":true}]}}