{"id":4721,"date":"2022-11-21T18:15:06","date_gmt":"2022-11-21T16:15:06","guid":{"rendered":"https:\/\/inspiratio.ro\/?post_type=product&#038;p=4721"},"modified":"2026-02-19T16:41:39","modified_gmt":"2026-02-19T14:41:39","slug":"ach-saruri-relaxare-punga-300g","status":"publish","type":"product","link":"https:\/\/inspiratio.ro\/en\/produs\/ach-saruri-relaxare-punga-300g\/","title":{"rendered":"S\u0103ruri relaxare \u2013 pung\u0103 300g"},"content":{"rendered":"<h2>S\u0103ruri de Baie Relaxare \u0219i Calmare<\/h2>\n<p>S\u0103ruri de Baie Relaxare \u0219i Calmare cu Sare de la Marea Moart\u0103 con\u021bin un amestec sinergic de s\u0103ruri naturale \u0219i uleiuri esen\u021biale benefice pentru corp.<\/p>\n<table class=\"woocommerce-product-attributes shop_attributes\">\n<tbody>\n<tr class=\"woocommerce-product-attributes-item woocommerce-product-attributes-item--weight\">\n<th class=\"woocommerce-product-attributes-item__label\">Greutate<\/th>\n<td class=\"woocommerce-product-attributes-item__value\" data-o_content=\" Nu se aplic\u0103 \">300 g<\/td>\n<\/tr>\n<tr class=\"woocommerce-product-attributes-item woocommerce-product-attributes-item--attribute_pa_proprietati\">\n<th class=\"woocommerce-product-attributes-item__label\">Propriet\u0103\u021bi<\/th>\n<td class=\"woocommerce-product-attributes-item__value\">Calmant, Fortifiant, Tonifiant<\/td>\n<\/tr>\n<\/tbody>\n<\/table>\n<h3>Principalele ingrediente active pentru S\u0103ruri de Baie Relaxare \u0219i Calmare:<\/h3>\n<p>S\u0103rurile sunt realizate cu Sare de la Marea Moart\u0103, Sare de Mare, Bicarbonat, Ulei M\u0103sline Extravirgin, Petale Flori de G\u0103lbenele \u0219i Ulei Esen\u021bial de Eucalipt, Ment\u0103 \u0219i Cimbru.<\/p>\n<h3>Sare Marea Moart\u0103<\/h3>\n<p>Sarea de la Marea Moart\u0103 nerafinat\u0103 este bogat\u0103 \u00een mai mult de 20 de s\u0103ruri minerale. Spre deosebire de sarea clasic\u0103 de mare format\u0103 \u00een principal din clorur\u0103 de sodiu, sarea de la Marea Moart\u0103 are o concentra\u021bie ridicat\u0103 de potasiu, magneziu, calciu, brom \u0219i alte minerale esen\u021biale pentru corp. Aceast\u0103 bog\u0103\u021bie excep\u021bional\u0103 \u00een diferite s\u0103ruri minerale \u00eei confer\u0103 propriet\u0103\u021bi benefice excep\u021bionale pentru corp.<\/p>\n<p>Sarea de la Marea Moart\u0103 este lini\u0219titoare, folosit\u0103 \u00een mod tradi\u021bional pentru calmarea pielii predispuse la disconfort, \u0219i relaxant\u0103, relaxeaz\u0103 mu\u0219chii \u0219i tensiunile cotidiene.<br \/>\nSarea calmant\u0103 din Marea Moart\u0103 amelioreaz\u0103 disconfortul articula\u021biilor \u0219i este ideal\u0103 pentru prepararea s\u0103rurilor de baie.<\/p>\n<h3>Sare de Mare<\/h3>\n<p>Sarea de mare\u00a0<span class=\"JLqJ4b ChMk0b\" data-language-for-alternatives=\"ro\" data-language-to-translate-into=\"en\" data-phrase-index=\"0\">stimuleaz\u0103 circula\u021bia,<\/span>\u00a0calmeaz\u0103 pielea iritat\u0103,\u00a0<span class=\"JLqJ4b ChMk0b\" data-language-for-alternatives=\"ro\" data-language-to-translate-into=\"en\" data-phrase-index=\"2\">amelioreaz\u0103 crampele musculare \u0219i<\/span><span class=\"JLqJ4b ChMk0b\" data-language-for-alternatives=\"ro\" data-language-to-translate-into=\"en\" data-phrase-index=\"4\">\u00a0rigiditatea articula\u021biilor. Sarea de mare \u00eent\u0103re\u0219te imunit\u0103tea, cre\u0219te energia, echilibreaz\u0103 alcalinitatea, calmeaz\u0103 leziunile musculare, \u00eembun\u0103t\u0103\u021be\u0219te s\u0103n\u0103tatea pielii, scade congestia \u0219i spore\u0219te starea general\u0103 de s\u0103n\u0103tate.<\/span><\/p>\n<h3>Ulei M\u0103sline Extravirgin<\/h3>\n<p>Uleiul de m\u0103sline extravirgin este cunoscut pentru calit\u0103\u021bile sale nutri\u021bionale dar \u0219i pentru calit\u0103\u021bile cosmetice de excep\u021bie.<\/p>\n<p>Uleiul de m\u0103sline are un con\u021binut ridicat de antioxidan\u021bi \u0219i vitamine. Uleiul de m\u0103sline este hidratant pentru ten, rezult\u00e2nd o piele mai moale \u015fi mai catifelat\u0103.<\/p>\n<h2 dir=\"auto\">Bicarbonat de Sodiu<\/h2>\n<p>Bicarbonatul de sodiu este un ingredient ecologic \u0219i biodegradabil cu propriet\u0103\u021bi dezodorizante. Neutralizeaz\u0103 mirosurile nepl\u0103cute \u0219i limiteaz\u0103 dezvoltarea bacterian\u0103.<\/p>\n<h3>Ulei Esen\u021bial Ment\u0103<\/h3>\n<p>Uleiul esen\u021bial de ment\u0103 stimuleaz\u0103 \u0219i revigoreaz\u0103 corpul \u0219i mintea, este cunoscut \u00een mod tradi\u021bional pentru diminuarea pruritului (m\u00e2nc\u0103rimea pielii), a durerilor musculare \u0219i a durerilor de cap.<\/p>\n<p>Uleiul esen\u021bial de ment\u0103 este antibacterian, antiviral, antiinflamator, antispastic, carminativ.<\/p>\n<h3>Ulei Esen\u021bial Eucalipt<\/h3>\n<p>Uleiul esen\u021bial de eucalipt este cunoscut pentru multiplele sale virtu\u021bi asupra sistemului respirator. Puternic \u0219i r\u0103coritor, acest ulei este este folosit \u00een mod tradi\u021bional pentru a cur\u0103\u021ba respira\u021bia \u0219i a lupta \u00eempotriva nepl\u0103cerilor de iarn\u0103.<\/p>\n<p>Uleiului esen\u021bial de eucalipt este antibacterian, antiviral, purifiant, r\u0103coritor, detensionant muscular, tonic. Uleiul esen\u021bial de eucalipt este potrivit pentru dermatitele bacteriene \u0219i \u00eembun\u0103t\u0103\u021birea st\u0103rii de spirit.<\/p>\n<h3>Ulei Esen\u021bial Cimbru<\/h3>\n<p>Uleiul esen\u021bial de cimbru este antibacterian, antiviral \u0219i antifungic potent, util pentru diverse probleme de piele de natur\u0103 infec\u021bioas\u0103 cum ar fi micoze sau dermatoze. Uleiul esen\u021bial de cimbru stimuleaz\u0103 sistemul imunitar, este revigorant pentru sistemul nervos \u0219i pentru aparatul respirator.<\/p>\n<h3>Mod de Utilizare\/Aplicare<\/h3>\n<p>\u00cen func\u021bie de m\u0103rimea cadei, se adaug\u0103 2-4 linguri de sare \u00een apa cald\u0103 la \u00eenceputul \u00eemb\u0103ierii, de doua ori pe s\u0103pt\u0103m\u00e2n\u0103. Dac\u0103 este nevoie, se amestec\u0103 apa pentru o distribuire uniform\u0103. Folosi\u021bi o sit\u0103 tip filtru pentru\u00a0 a opri petalele\/florile s\u0103 ajung\u0103 \u00een instala\u021bia de scurgere.<\/p>\n<p>Ingredientele folosite \u00een acest produs nu afecteaz\u0103 negativ flora natural\u0103 a pielii.<\/p>\n","protected":false},"excerpt":{"rendered":"<p>S\u0103ruri de Baie Relaxare \u0219i Calmare S\u0103ruri de Baie Relaxare \u0219i Calmare cu Sare de la Marea Moart\u0103 con\u021bin un amestec sinergic de s\u0103ruri naturale \u0219i uleiuri esen\u021biale benefice pentru corp. Greutate 300 g Propriet\u0103\u021bi Calmant, Fortifiant, Tonifiant Principalele ingrediente active pentru S\u0103ruri de Baie Relaxare \u0219i Calmare: S\u0103rurile sunt realizate cu Sare de la [&hellip;]<\/p>\n","protected":false},"featured_media":4722,"comment_status":"open","ping_status":"closed","template":"","meta":[],"pwb-brand":[142],"product_brand":[],"product_cat":[77],"product_tag":[],"class_list":{"0":"post-4721","1":"product","2":"type-product","3":"status-publish","4":"has-post-thumbnail","6":"pwb-brand-green-bubble","7":"product_cat-cosmetice-naturale","9":"first","10":"instock","11":"taxable","12":"shipping-taxable","13":"purchasable","14":"product-type-simple"},"yoast_head":"<!-- This site is optimized with the Yoast SEO plugin v26.9 - https:\/\/yoast.com\/product\/yoast-seo-wordpress\/ -->\n<title>ACH S\u0103ruri relaxare \u2013 pung\u0103 300g - Inspiratio<\/title>\n<meta name=\"description\" content=\"ACH S\u0103ruri relaxare \u2013 pung\u0103 300g\" \/>\n<meta name=\"robots\" content=\"index, follow, max-snippet:-1, max-image-preview:large, max-video-preview:-1\" \/>\n<link rel=\"canonical\" href=\"https:\/\/inspiratio.ro\/produs\/ach-saruri-relaxare-punga-300g\/\" \/>\n<meta property=\"og:locale\" content=\"en_US\" \/>\n<meta property=\"og:type\" content=\"article\" \/>\n<meta property=\"og:title\" content=\"ACH S\u0103ruri relaxare \u2013 pung\u0103 300g - Inspiratio\" \/>\n<meta property=\"og:description\" content=\"ACH S\u0103ruri relaxare \u2013 pung\u0103 300g\" \/>\n<meta property=\"og:url\" content=\"https:\/\/inspiratio.ro\/produs\/ach-saruri-relaxare-punga-300g\/\" \/>\n<meta property=\"og:site_name\" content=\"Inspiratio\" \/>\n<meta property=\"article:publisher\" content=\"https:\/\/www.facebook.com\/inspiratiogiftstudio\/\" \/>\n<meta property=\"article:modified_time\" content=\"2026-02-19T14:41:39+00:00\" \/>\n<meta property=\"og:image\" content=\"https:\/\/inspiratio.ro\/wp-content\/uploads\/2022\/11\/Saruri-de-Baie-Relaxare-Calmare-Marea-Moarta.webp\" \/>\n\t<meta property=\"og:image:width\" content=\"800\" \/>\n\t<meta property=\"og:image:height\" content=\"600\" \/>\n\t<meta property=\"og:image:type\" content=\"image\/webp\" \/>\n<meta name=\"twitter:card\" content=\"summary_large_image\" \/>\n<meta name=\"twitter:label1\" content=\"Est. reading time\" \/>\n\t<meta name=\"twitter:data1\" content=\"3 minutes\" \/>\n<script type=\"application\/ld+json\" class=\"yoast-schema-graph\">{\"@context\":\"https:\/\/schema.org\",\"@graph\":[{\"@type\":\"WebPage\",\"@id\":\"https:\/\/inspiratio.ro\/produs\/ach-saruri-relaxare-punga-300g\/\",\"url\":\"https:\/\/inspiratio.ro\/produs\/ach-saruri-relaxare-punga-300g\/\",\"name\":\"ACH S\u0103ruri relaxare \u2013 pung\u0103 300g - Inspiratio\",\"isPartOf\":{\"@id\":\"https:\/\/inspiratio.ro\/#website\"},\"primaryImageOfPage\":{\"@id\":\"https:\/\/inspiratio.ro\/produs\/ach-saruri-relaxare-punga-300g\/#primaryimage\"},\"image\":{\"@id\":\"https:\/\/inspiratio.ro\/produs\/ach-saruri-relaxare-punga-300g\/#primaryimage\"},\"thumbnailUrl\":\"https:\/\/inspiratio.ro\/wp-content\/uploads\/2022\/11\/Saruri-de-Baie-Relaxare-Calmare-Marea-Moarta.webp\",\"datePublished\":\"2022-11-21T16:15:06+00:00\",\"dateModified\":\"2026-02-19T14:41:39+00:00\",\"description\":\"ACH S\u0103ruri relaxare \u2013 pung\u0103 300g\",\"breadcrumb\":{\"@id\":\"https:\/\/inspiratio.ro\/produs\/ach-saruri-relaxare-punga-300g\/#breadcrumb\"},\"inLanguage\":\"en-US\",\"potentialAction\":[{\"@type\":\"ReadAction\",\"target\":[\"https:\/\/inspiratio.ro\/produs\/ach-saruri-relaxare-punga-300g\/\"]}]},{\"@type\":\"ImageObject\",\"inLanguage\":\"en-US\",\"@id\":\"https:\/\/inspiratio.ro\/produs\/ach-saruri-relaxare-punga-300g\/#primaryimage\",\"url\":\"https:\/\/inspiratio.ro\/wp-content\/uploads\/2022\/11\/Saruri-de-Baie-Relaxare-Calmare-Marea-Moarta.webp\",\"contentUrl\":\"https:\/\/inspiratio.ro\/wp-content\/uploads\/2022\/11\/Saruri-de-Baie-Relaxare-Calmare-Marea-Moarta.webp\",\"width\":800,\"height\":600},{\"@type\":\"BreadcrumbList\",\"@id\":\"https:\/\/inspiratio.ro\/produs\/ach-saruri-relaxare-punga-300g\/#breadcrumb\",\"itemListElement\":[{\"@type\":\"ListItem\",\"position\":1,\"name\":\"Shop\",\"item\":\"https:\/\/inspiratio.ro\/magazin-cadouri\/\"},{\"@type\":\"ListItem\",\"position\":2,\"name\":\"ACH S\u0103ruri relaxare \u2013 pung\u0103 300g\"}]},{\"@type\":\"WebSite\",\"@id\":\"https:\/\/inspiratio.ro\/#website\",\"url\":\"https:\/\/inspiratio.ro\/\",\"name\":\"Inspiratio\",\"description\":\"Las\u0103-te purtat de inspira\u021bie\",\"publisher\":{\"@id\":\"https:\/\/inspiratio.ro\/#organization\"},\"potentialAction\":[{\"@type\":\"SearchAction\",\"target\":{\"@type\":\"EntryPoint\",\"urlTemplate\":\"https:\/\/inspiratio.ro\/?s={search_term_string}\"},\"query-input\":{\"@type\":\"PropertyValueSpecification\",\"valueRequired\":true,\"valueName\":\"search_term_string\"}}],\"inLanguage\":\"en-US\"},{\"@type\":\"Organization\",\"@id\":\"https:\/\/inspiratio.ro\/#organization\",\"name\":\"Inspiratio\",\"url\":\"https:\/\/inspiratio.ro\/\",\"logo\":{\"@type\":\"ImageObject\",\"inLanguage\":\"en-US\",\"@id\":\"https:\/\/inspiratio.ro\/#\/schema\/logo\/image\/\",\"url\":\"https:\/\/inspiratio.ro\/wp-content\/uploads\/2020\/06\/logo-inspiratio.png\",\"contentUrl\":\"https:\/\/inspiratio.ro\/wp-content\/uploads\/2020\/06\/logo-inspiratio.png\",\"width\":232,\"height\":209,\"caption\":\"Inspiratio\"},\"image\":{\"@id\":\"https:\/\/inspiratio.ro\/#\/schema\/logo\/image\/\"},\"sameAs\":[\"https:\/\/www.facebook.com\/inspiratiogiftstudio\/\",\"https:\/\/www.instagram.com\/inspiratio_giftstudio\/\"]}]}<\/script>\n<!-- \/ Yoast SEO plugin. -->","yoast_head_json":{"title":"ACH S\u0103ruri relaxare \u2013 pung\u0103 300g - Inspiratio","description":"ACH S\u0103ruri relaxare \u2013 pung\u0103 300g","robots":{"index":"index","follow":"follow","max-snippet":"max-snippet:-1","max-image-preview":"max-image-preview:large","max-video-preview":"max-video-preview:-1"},"canonical":"https:\/\/inspiratio.ro\/produs\/ach-saruri-relaxare-punga-300g\/","og_locale":"en_US","og_type":"article","og_title":"ACH S\u0103ruri relaxare \u2013 pung\u0103 300g - Inspiratio","og_description":"ACH S\u0103ruri relaxare \u2013 pung\u0103 300g","og_url":"https:\/\/inspiratio.ro\/produs\/ach-saruri-relaxare-punga-300g\/","og_site_name":"Inspiratio","article_publisher":"https:\/\/www.facebook.com\/inspiratiogiftstudio\/","article_modified_time":"2026-02-19T14:41:39+00:00","og_image":[{"width":800,"height":600,"url":"https:\/\/inspiratio.ro\/wp-content\/uploads\/2022\/11\/Saruri-de-Baie-Relaxare-Calmare-Marea-Moarta.webp","type":"image\/webp"}],"twitter_card":"summary_large_image","twitter_misc":{"Est. reading time":"3 minutes"},"schema":{"@context":"https:\/\/schema.org","@graph":[{"@type":"WebPage","@id":"https:\/\/inspiratio.ro\/produs\/ach-saruri-relaxare-punga-300g\/","url":"https:\/\/inspiratio.ro\/produs\/ach-saruri-relaxare-punga-300g\/","name":"ACH S\u0103ruri relaxare \u2013 pung\u0103 300g - Inspiratio","isPartOf":{"@id":"https:\/\/inspiratio.ro\/#website"},"primaryImageOfPage":{"@id":"https:\/\/inspiratio.ro\/produs\/ach-saruri-relaxare-punga-300g\/#primaryimage"},"image":{"@id":"https:\/\/inspiratio.ro\/produs\/ach-saruri-relaxare-punga-300g\/#primaryimage"},"thumbnailUrl":"https:\/\/inspiratio.ro\/wp-content\/uploads\/2022\/11\/Saruri-de-Baie-Relaxare-Calmare-Marea-Moarta.webp","datePublished":"2022-11-21T16:15:06+00:00","dateModified":"2026-02-19T14:41:39+00:00","description":"ACH S\u0103ruri relaxare \u2013 pung\u0103 300g","breadcrumb":{"@id":"https:\/\/inspiratio.ro\/produs\/ach-saruri-relaxare-punga-300g\/#breadcrumb"},"inLanguage":"en-US","potentialAction":[{"@type":"ReadAction","target":["https:\/\/inspiratio.ro\/produs\/ach-saruri-relaxare-punga-300g\/"]}]},{"@type":"ImageObject","inLanguage":"en-US","@id":"https:\/\/inspiratio.ro\/produs\/ach-saruri-relaxare-punga-300g\/#primaryimage","url":"https:\/\/inspiratio.ro\/wp-content\/uploads\/2022\/11\/Saruri-de-Baie-Relaxare-Calmare-Marea-Moarta.webp","contentUrl":"https:\/\/inspiratio.ro\/wp-content\/uploads\/2022\/11\/Saruri-de-Baie-Relaxare-Calmare-Marea-Moarta.webp","width":800,"height":600},{"@type":"BreadcrumbList","@id":"https:\/\/inspiratio.ro\/produs\/ach-saruri-relaxare-punga-300g\/#breadcrumb","itemListElement":[{"@type":"ListItem","position":1,"name":"Shop","item":"https:\/\/inspiratio.ro\/magazin-cadouri\/"},{"@type":"ListItem","position":2,"name":"ACH S\u0103ruri relaxare \u2013 pung\u0103 300g"}]},{"@type":"WebSite","@id":"https:\/\/inspiratio.ro\/#website","url":"https:\/\/inspiratio.ro\/","name":"Inspiratio","description":"Las\u0103-te purtat de inspira\u021bie","publisher":{"@id":"https:\/\/inspiratio.ro\/#organization"},"potentialAction":[{"@type":"SearchAction","target":{"@type":"EntryPoint","urlTemplate":"https:\/\/inspiratio.ro\/?s={search_term_string}"},"query-input":{"@type":"PropertyValueSpecification","valueRequired":true,"valueName":"search_term_string"}}],"inLanguage":"en-US"},{"@type":"Organization","@id":"https:\/\/inspiratio.ro\/#organization","name":"Inspiratio","url":"https:\/\/inspiratio.ro\/","logo":{"@type":"ImageObject","inLanguage":"en-US","@id":"https:\/\/inspiratio.ro\/#\/schema\/logo\/image\/","url":"https:\/\/inspiratio.ro\/wp-content\/uploads\/2020\/06\/logo-inspiratio.png","contentUrl":"https:\/\/inspiratio.ro\/wp-content\/uploads\/2020\/06\/logo-inspiratio.png","width":232,"height":209,"caption":"Inspiratio"},"image":{"@id":"https:\/\/inspiratio.ro\/#\/schema\/logo\/image\/"},"sameAs":["https:\/\/www.facebook.com\/inspiratiogiftstudio\/","https:\/\/www.instagram.com\/inspiratio_giftstudio\/"]}]}},"brands":[{"id":142,"name":"Green Bubble","slug":"green-bubble"}],"_links":{"self":[{"href":"https:\/\/inspiratio.ro\/en\/wp-json\/wp\/v2\/product\/4721","targetHints":{"allow":["GET"]}}],"collection":[{"href":"https:\/\/inspiratio.ro\/en\/wp-json\/wp\/v2\/product"}],"about":[{"href":"https:\/\/inspiratio.ro\/en\/wp-json\/wp\/v2\/types\/product"}],"replies":[{"embeddable":true,"href":"https:\/\/inspiratio.ro\/en\/wp-json\/wp\/v2\/comments?post=4721"}],"wp:featuredmedia":[{"embeddable":true,"href":"https:\/\/inspiratio.ro\/en\/wp-json\/wp\/v2\/media\/4722"}],"wp:attachment":[{"href":"https:\/\/inspiratio.ro\/en\/wp-json\/wp\/v2\/media?parent=4721"}],"wp:term":[{"taxonomy":"pwb-brand","embeddable":true,"href":"https:\/\/inspiratio.ro\/en\/wp-json\/wp\/v2\/pwb-brand?post=4721"},{"taxonomy":"product_brand","embeddable":true,"href":"https:\/\/inspiratio.ro\/en\/wp-json\/wp\/v2\/product_brand?post=4721"},{"taxonomy":"product_cat","embeddable":true,"href":"https:\/\/inspiratio.ro\/en\/wp-json\/wp\/v2\/product_cat?post=4721"},{"taxonomy":"product_tag","embeddable":true,"href":"https:\/\/inspiratio.ro\/en\/wp-json\/wp\/v2\/product_tag?post=4721"}],"curies":[{"name":"wp","href":"https:\/\/api.w.org\/{rel}","templated":true}]}}