{"id":4719,"date":"2022-11-21T18:10:52","date_gmt":"2022-11-21T16:10:52","guid":{"rendered":"https:\/\/inspiratio.ro\/?post_type=product&#038;p=4719"},"modified":"2026-02-19T16:42:31","modified_gmt":"2026-02-19T14:42:31","slug":"ach-saruri-recuperare-punga-300g","status":"publish","type":"product","link":"https:\/\/inspiratio.ro\/en\/produs\/ach-saruri-recuperare-punga-300g\/","title":{"rendered":"S\u0103ruri recuperare \u2013 pung\u0103 300g"},"content":{"rendered":"<h2>S\u0103ruri de Baie Recuperare Relaxare<\/h2>\n<p>Saruri de Baie Recuperare Relaxare cu Sare Epsom, Flori \u0219i Ulei Esen\u021bial de Lavand\u0103.<\/p>\n<p>Sarurile de baie con\u021bin un amestec sinergic de s\u0103ruri naturale \u0219i uleiuri esen\u021biale benefice pentru corp.<\/p>\n<table class=\"woocommerce-product-attributes shop_attributes\">\n<tbody>\n<tr class=\"woocommerce-product-attributes-item woocommerce-product-attributes-item--weight\">\n<th class=\"woocommerce-product-attributes-item__label\">Greutate<\/th>\n<td class=\"woocommerce-product-attributes-item__value\" data-o_content=\" Nu se aplic\u0103 \">300 g<\/td>\n<\/tr>\n<tr class=\"woocommerce-product-attributes-item woocommerce-product-attributes-item--attribute_pa_proprietati\">\n<th class=\"woocommerce-product-attributes-item__label\">Propriet\u0103\u021bi<\/th>\n<td class=\"woocommerce-product-attributes-item__value\">Relaxare, Fortifiant, Tonifiant<\/td>\n<\/tr>\n<\/tbody>\n<\/table>\n<h3>Principalele ingrediente active pentru S\u0103ruri de Baie Recuperare Relaxare:<\/h3>\n<p>S\u0103ruri de Baie Recuperare Relaxare sunt realizate cu Sare Epsom, Sare de Mare, Sare Roz de Himalaya, Bicarbonat, Flori de Lavand\u0103 \u0219i Ulei Esen\u021bial de Lavand\u0103.<\/p>\n<h3>Sare Epsom\/Sare Amar\u0103\/Sulfat de Magneziu<\/h3>\n<p>Sarea epsom este utilizat\u0103 pentru detensionare, ameliorarea durerilor musculare \u0219i osteoarticulare, crampele musculare, organismului, cur\u0103\u021barea \u0219i tonifierea pielii. Aceste calit\u0103\u021bi sunt datorate concentra\u021biei mari de magneziu biodisponibil, u\u0219or de asimilat de c\u0103tre corp prin piele, ajut\u00e2nd la remineralizarea corpului.<\/p>\n<p>Sarea epsom este potrivit\u0103 pentru b\u0103i corporale, exfolierea pielii, gomaj, contrac\u021bii musculare, crampe, picioare grele, reumatism, dureri articulare, sciatic\u0103, tendinite, dureri de spate, dureri ale membrelor, dureri de cap, anxietate \u0219i st\u0103ri tensionate.<\/p>\n<h3>Sare Roz de Himalaya<\/h3>\n<p>Sarea roz de Himalaya este o sare brut\u0103 nerafinat\u0103 deosebit de bogat\u0103 \u00een s\u0103ruri minerale \u0219i oligoelemente, inclusiv fier, potasiu, magneziu \u0219i calciu. Are propriet\u0103\u021bi detoxifiante \u0219i regeneratoare.<\/p>\n<p>Sarea roz de Himalaya este potrivit\u0103 pentru detoxifiere, remineralizare \u0219i scrub.<\/p>\n<h3>Sare de Mare<\/h3>\n<p>Sarea de mare\u00a0<span class=\"JLqJ4b ChMk0b\" data-language-for-alternatives=\"ro\" data-language-to-translate-into=\"en\" data-phrase-index=\"0\">stimuleaz\u0103 circula\u021bia,<\/span>\u00a0calmeaz\u0103 pielea iritat\u0103,\u00a0<span class=\"JLqJ4b ChMk0b\" data-language-for-alternatives=\"ro\" data-language-to-translate-into=\"en\" data-phrase-index=\"2\">amelioreaz\u0103 crampele musculare \u0219i<\/span><span class=\"JLqJ4b ChMk0b\" data-language-for-alternatives=\"ro\" data-language-to-translate-into=\"en\" data-phrase-index=\"4\">\u00a0rigiditatea articula\u021biilor. Sarea de mare \u00eent\u0103re\u0219te imunit\u0103tea, cre\u0219te energia, echilibreaz\u0103 alcalinitatea, calmeaz\u0103 leziunile musculare, \u00eembun\u0103t\u0103\u021be\u0219te s\u0103n\u0103tatea pielii, scade congestia \u0219i spore\u0219te starea general\u0103 de s\u0103n\u0103tate.<\/span><\/p>\n<h2 dir=\"auto\">Bicarbonat de Sodiu<\/h2>\n<p>Bicarbonatul de sodiu este un ingredient ecologic \u0219i biodegradabil cu propriet\u0103\u021bi dezodorizante. Neutralizeaz\u0103 mirosurile nepl\u0103cute \u0219i limiteaz\u0103 dezvoltarea bacterian\u0103.<\/p>\n<h3>Ulei Esen\u021bial Lavand\u0103<\/h3>\n<p>Este probabil cel mai recunoscut \u015fi r\u0103sp\u00e2ndit ulei esen\u0163ial datorit\u0103 multiplelor virtu\u021bi pe care le are. Uleiul esen\u021bial de lavand\u0103 este utilizat \u00een creme prentru atenuarea diverselor probleme de piele \u0219i pentru regenerarea pielii. Uleiul esen\u021bial de lavand\u0103 este apreciat pentru parfumul s\u0103u deosebit care favorizeaz\u0103 somnul \u0219i calmeaz\u0103 sistemul nervos.<\/p>\n<p>Uleiul esen\u021bial de lavand\u0103 este cicatrizant, regenerator \u0219i reparator pentru piele, ajut\u0103 la refacerea pielii r\u0103nite, afectate de eczeme, urticarii, psoriazis, acnee, lini\u0219te\u0219te pielea r\u0103nit\u0103, \u00eenro\u0219it\u0103, ars\u0103 de soare sau \u00een\u021bepat\u0103 de insecte. Acest ulei este un echilibrant al sistemului nervos.<\/p>\n<h3>Mod de Utilizare\/Aplicare<\/h3>\n<p>\u00cen func\u021bie de m\u0103rimea cadei, se adaug\u0103 2-4 linguri de sare \u00een apa cald\u0103 la \u00eenceputul \u00eemb\u0103ierii, de doua ori pe s\u0103pt\u0103m\u00e2n\u0103. Dac\u0103 este nevoie, se amestec\u0103 apa pentru o distribuire uniform\u0103. Folosi\u021bi o sit\u0103 tip filtru pentru\u00a0 a opri petalele\/florile s\u0103 ajung\u0103 \u00een instala\u021bia de scurgere.<\/p>\n<p>Ingredientele folosite \u00een acest produs nu afecteaz\u0103 negativ flora natural\u0103 a pielii.<\/p>\n","protected":false},"excerpt":{"rendered":"<p>S\u0103ruri de Baie Recuperare Relaxare Saruri de Baie Recuperare Relaxare cu Sare Epsom, Flori \u0219i Ulei Esen\u021bial de Lavand\u0103. Sarurile de baie con\u021bin un amestec sinergic de s\u0103ruri naturale \u0219i uleiuri esen\u021biale benefice pentru corp. Greutate 300 g Propriet\u0103\u021bi Relaxare, Fortifiant, Tonifiant Principalele ingrediente active pentru S\u0103ruri de Baie Recuperare Relaxare: S\u0103ruri de Baie Recuperare [&hellip;]<\/p>\n","protected":false},"featured_media":4720,"comment_status":"open","ping_status":"closed","template":"","meta":[],"pwb-brand":[142],"product_brand":[],"product_cat":[77],"product_tag":[],"class_list":{"0":"post-4719","1":"product","2":"type-product","3":"status-publish","4":"has-post-thumbnail","6":"pwb-brand-green-bubble","7":"product_cat-cosmetice-naturale","9":"first","10":"instock","11":"taxable","12":"shipping-taxable","13":"purchasable","14":"product-type-simple"},"yoast_head":"<!-- This site is optimized with the Yoast SEO plugin v26.9 - https:\/\/yoast.com\/product\/yoast-seo-wordpress\/ -->\n<title>ACH S\u0103ruri recuperare \u2013 pung\u0103 300g - Inspiratio<\/title>\n<meta name=\"description\" content=\"ACH S\u0103ruri recuperare \u2013 pung\u0103 300g\" \/>\n<meta name=\"robots\" content=\"index, follow, max-snippet:-1, max-image-preview:large, max-video-preview:-1\" \/>\n<link rel=\"canonical\" href=\"https:\/\/inspiratio.ro\/produs\/ach-saruri-recuperare-punga-300g\/\" \/>\n<meta property=\"og:locale\" content=\"en_US\" \/>\n<meta property=\"og:type\" content=\"article\" \/>\n<meta property=\"og:title\" content=\"ACH S\u0103ruri recuperare \u2013 pung\u0103 300g - Inspiratio\" \/>\n<meta property=\"og:description\" content=\"ACH S\u0103ruri recuperare \u2013 pung\u0103 300g\" \/>\n<meta property=\"og:url\" content=\"https:\/\/inspiratio.ro\/produs\/ach-saruri-recuperare-punga-300g\/\" \/>\n<meta property=\"og:site_name\" content=\"Inspiratio\" \/>\n<meta property=\"article:publisher\" content=\"https:\/\/www.facebook.com\/inspiratiogiftstudio\/\" \/>\n<meta property=\"article:modified_time\" content=\"2026-02-19T14:42:31+00:00\" \/>\n<meta property=\"og:image\" content=\"https:\/\/inspiratio.ro\/wp-content\/uploads\/2022\/11\/Saruri-Baie-Recuperare-Relaxare-Epsom-Lavanda.webp\" \/>\n\t<meta property=\"og:image:width\" content=\"800\" \/>\n\t<meta property=\"og:image:height\" content=\"600\" \/>\n\t<meta property=\"og:image:type\" content=\"image\/webp\" \/>\n<meta name=\"twitter:card\" content=\"summary_large_image\" \/>\n<meta name=\"twitter:label1\" content=\"Est. reading time\" \/>\n\t<meta name=\"twitter:data1\" content=\"3 minutes\" \/>\n<script type=\"application\/ld+json\" class=\"yoast-schema-graph\">{\"@context\":\"https:\/\/schema.org\",\"@graph\":[{\"@type\":\"WebPage\",\"@id\":\"https:\/\/inspiratio.ro\/produs\/ach-saruri-recuperare-punga-300g\/\",\"url\":\"https:\/\/inspiratio.ro\/produs\/ach-saruri-recuperare-punga-300g\/\",\"name\":\"ACH S\u0103ruri recuperare \u2013 pung\u0103 300g - Inspiratio\",\"isPartOf\":{\"@id\":\"https:\/\/inspiratio.ro\/#website\"},\"primaryImageOfPage\":{\"@id\":\"https:\/\/inspiratio.ro\/produs\/ach-saruri-recuperare-punga-300g\/#primaryimage\"},\"image\":{\"@id\":\"https:\/\/inspiratio.ro\/produs\/ach-saruri-recuperare-punga-300g\/#primaryimage\"},\"thumbnailUrl\":\"https:\/\/inspiratio.ro\/wp-content\/uploads\/2022\/11\/Saruri-Baie-Recuperare-Relaxare-Epsom-Lavanda.webp\",\"datePublished\":\"2022-11-21T16:10:52+00:00\",\"dateModified\":\"2026-02-19T14:42:31+00:00\",\"description\":\"ACH S\u0103ruri recuperare \u2013 pung\u0103 300g\",\"breadcrumb\":{\"@id\":\"https:\/\/inspiratio.ro\/produs\/ach-saruri-recuperare-punga-300g\/#breadcrumb\"},\"inLanguage\":\"en-US\",\"potentialAction\":[{\"@type\":\"ReadAction\",\"target\":[\"https:\/\/inspiratio.ro\/produs\/ach-saruri-recuperare-punga-300g\/\"]}]},{\"@type\":\"ImageObject\",\"inLanguage\":\"en-US\",\"@id\":\"https:\/\/inspiratio.ro\/produs\/ach-saruri-recuperare-punga-300g\/#primaryimage\",\"url\":\"https:\/\/inspiratio.ro\/wp-content\/uploads\/2022\/11\/Saruri-Baie-Recuperare-Relaxare-Epsom-Lavanda.webp\",\"contentUrl\":\"https:\/\/inspiratio.ro\/wp-content\/uploads\/2022\/11\/Saruri-Baie-Recuperare-Relaxare-Epsom-Lavanda.webp\",\"width\":800,\"height\":600},{\"@type\":\"BreadcrumbList\",\"@id\":\"https:\/\/inspiratio.ro\/produs\/ach-saruri-recuperare-punga-300g\/#breadcrumb\",\"itemListElement\":[{\"@type\":\"ListItem\",\"position\":1,\"name\":\"Shop\",\"item\":\"https:\/\/inspiratio.ro\/magazin-cadouri\/\"},{\"@type\":\"ListItem\",\"position\":2,\"name\":\"ACH S\u0103ruri recuperare \u2013 pung\u0103 300g\"}]},{\"@type\":\"WebSite\",\"@id\":\"https:\/\/inspiratio.ro\/#website\",\"url\":\"https:\/\/inspiratio.ro\/\",\"name\":\"Inspiratio\",\"description\":\"Las\u0103-te purtat de inspira\u021bie\",\"publisher\":{\"@id\":\"https:\/\/inspiratio.ro\/#organization\"},\"potentialAction\":[{\"@type\":\"SearchAction\",\"target\":{\"@type\":\"EntryPoint\",\"urlTemplate\":\"https:\/\/inspiratio.ro\/?s={search_term_string}\"},\"query-input\":{\"@type\":\"PropertyValueSpecification\",\"valueRequired\":true,\"valueName\":\"search_term_string\"}}],\"inLanguage\":\"en-US\"},{\"@type\":\"Organization\",\"@id\":\"https:\/\/inspiratio.ro\/#organization\",\"name\":\"Inspiratio\",\"url\":\"https:\/\/inspiratio.ro\/\",\"logo\":{\"@type\":\"ImageObject\",\"inLanguage\":\"en-US\",\"@id\":\"https:\/\/inspiratio.ro\/#\/schema\/logo\/image\/\",\"url\":\"https:\/\/inspiratio.ro\/wp-content\/uploads\/2020\/06\/logo-inspiratio.png\",\"contentUrl\":\"https:\/\/inspiratio.ro\/wp-content\/uploads\/2020\/06\/logo-inspiratio.png\",\"width\":232,\"height\":209,\"caption\":\"Inspiratio\"},\"image\":{\"@id\":\"https:\/\/inspiratio.ro\/#\/schema\/logo\/image\/\"},\"sameAs\":[\"https:\/\/www.facebook.com\/inspiratiogiftstudio\/\",\"https:\/\/www.instagram.com\/inspiratio_giftstudio\/\"]}]}<\/script>\n<!-- \/ Yoast SEO plugin. -->","yoast_head_json":{"title":"ACH S\u0103ruri recuperare \u2013 pung\u0103 300g - Inspiratio","description":"ACH S\u0103ruri recuperare \u2013 pung\u0103 300g","robots":{"index":"index","follow":"follow","max-snippet":"max-snippet:-1","max-image-preview":"max-image-preview:large","max-video-preview":"max-video-preview:-1"},"canonical":"https:\/\/inspiratio.ro\/produs\/ach-saruri-recuperare-punga-300g\/","og_locale":"en_US","og_type":"article","og_title":"ACH S\u0103ruri recuperare \u2013 pung\u0103 300g - Inspiratio","og_description":"ACH S\u0103ruri recuperare \u2013 pung\u0103 300g","og_url":"https:\/\/inspiratio.ro\/produs\/ach-saruri-recuperare-punga-300g\/","og_site_name":"Inspiratio","article_publisher":"https:\/\/www.facebook.com\/inspiratiogiftstudio\/","article_modified_time":"2026-02-19T14:42:31+00:00","og_image":[{"width":800,"height":600,"url":"https:\/\/inspiratio.ro\/wp-content\/uploads\/2022\/11\/Saruri-Baie-Recuperare-Relaxare-Epsom-Lavanda.webp","type":"image\/webp"}],"twitter_card":"summary_large_image","twitter_misc":{"Est. reading time":"3 minutes"},"schema":{"@context":"https:\/\/schema.org","@graph":[{"@type":"WebPage","@id":"https:\/\/inspiratio.ro\/produs\/ach-saruri-recuperare-punga-300g\/","url":"https:\/\/inspiratio.ro\/produs\/ach-saruri-recuperare-punga-300g\/","name":"ACH S\u0103ruri recuperare \u2013 pung\u0103 300g - Inspiratio","isPartOf":{"@id":"https:\/\/inspiratio.ro\/#website"},"primaryImageOfPage":{"@id":"https:\/\/inspiratio.ro\/produs\/ach-saruri-recuperare-punga-300g\/#primaryimage"},"image":{"@id":"https:\/\/inspiratio.ro\/produs\/ach-saruri-recuperare-punga-300g\/#primaryimage"},"thumbnailUrl":"https:\/\/inspiratio.ro\/wp-content\/uploads\/2022\/11\/Saruri-Baie-Recuperare-Relaxare-Epsom-Lavanda.webp","datePublished":"2022-11-21T16:10:52+00:00","dateModified":"2026-02-19T14:42:31+00:00","description":"ACH S\u0103ruri recuperare \u2013 pung\u0103 300g","breadcrumb":{"@id":"https:\/\/inspiratio.ro\/produs\/ach-saruri-recuperare-punga-300g\/#breadcrumb"},"inLanguage":"en-US","potentialAction":[{"@type":"ReadAction","target":["https:\/\/inspiratio.ro\/produs\/ach-saruri-recuperare-punga-300g\/"]}]},{"@type":"ImageObject","inLanguage":"en-US","@id":"https:\/\/inspiratio.ro\/produs\/ach-saruri-recuperare-punga-300g\/#primaryimage","url":"https:\/\/inspiratio.ro\/wp-content\/uploads\/2022\/11\/Saruri-Baie-Recuperare-Relaxare-Epsom-Lavanda.webp","contentUrl":"https:\/\/inspiratio.ro\/wp-content\/uploads\/2022\/11\/Saruri-Baie-Recuperare-Relaxare-Epsom-Lavanda.webp","width":800,"height":600},{"@type":"BreadcrumbList","@id":"https:\/\/inspiratio.ro\/produs\/ach-saruri-recuperare-punga-300g\/#breadcrumb","itemListElement":[{"@type":"ListItem","position":1,"name":"Shop","item":"https:\/\/inspiratio.ro\/magazin-cadouri\/"},{"@type":"ListItem","position":2,"name":"ACH S\u0103ruri recuperare \u2013 pung\u0103 300g"}]},{"@type":"WebSite","@id":"https:\/\/inspiratio.ro\/#website","url":"https:\/\/inspiratio.ro\/","name":"Inspiratio","description":"Las\u0103-te purtat de inspira\u021bie","publisher":{"@id":"https:\/\/inspiratio.ro\/#organization"},"potentialAction":[{"@type":"SearchAction","target":{"@type":"EntryPoint","urlTemplate":"https:\/\/inspiratio.ro\/?s={search_term_string}"},"query-input":{"@type":"PropertyValueSpecification","valueRequired":true,"valueName":"search_term_string"}}],"inLanguage":"en-US"},{"@type":"Organization","@id":"https:\/\/inspiratio.ro\/#organization","name":"Inspiratio","url":"https:\/\/inspiratio.ro\/","logo":{"@type":"ImageObject","inLanguage":"en-US","@id":"https:\/\/inspiratio.ro\/#\/schema\/logo\/image\/","url":"https:\/\/inspiratio.ro\/wp-content\/uploads\/2020\/06\/logo-inspiratio.png","contentUrl":"https:\/\/inspiratio.ro\/wp-content\/uploads\/2020\/06\/logo-inspiratio.png","width":232,"height":209,"caption":"Inspiratio"},"image":{"@id":"https:\/\/inspiratio.ro\/#\/schema\/logo\/image\/"},"sameAs":["https:\/\/www.facebook.com\/inspiratiogiftstudio\/","https:\/\/www.instagram.com\/inspiratio_giftstudio\/"]}]}},"brands":[{"id":142,"name":"Green Bubble","slug":"green-bubble"}],"_links":{"self":[{"href":"https:\/\/inspiratio.ro\/en\/wp-json\/wp\/v2\/product\/4719","targetHints":{"allow":["GET"]}}],"collection":[{"href":"https:\/\/inspiratio.ro\/en\/wp-json\/wp\/v2\/product"}],"about":[{"href":"https:\/\/inspiratio.ro\/en\/wp-json\/wp\/v2\/types\/product"}],"replies":[{"embeddable":true,"href":"https:\/\/inspiratio.ro\/en\/wp-json\/wp\/v2\/comments?post=4719"}],"wp:featuredmedia":[{"embeddable":true,"href":"https:\/\/inspiratio.ro\/en\/wp-json\/wp\/v2\/media\/4720"}],"wp:attachment":[{"href":"https:\/\/inspiratio.ro\/en\/wp-json\/wp\/v2\/media?parent=4719"}],"wp:term":[{"taxonomy":"pwb-brand","embeddable":true,"href":"https:\/\/inspiratio.ro\/en\/wp-json\/wp\/v2\/pwb-brand?post=4719"},{"taxonomy":"product_brand","embeddable":true,"href":"https:\/\/inspiratio.ro\/en\/wp-json\/wp\/v2\/product_brand?post=4719"},{"taxonomy":"product_cat","embeddable":true,"href":"https:\/\/inspiratio.ro\/en\/wp-json\/wp\/v2\/product_cat?post=4719"},{"taxonomy":"product_tag","embeddable":true,"href":"https:\/\/inspiratio.ro\/en\/wp-json\/wp\/v2\/product_tag?post=4719"}],"curies":[{"name":"wp","href":"https:\/\/api.w.org\/{rel}","templated":true}]}}