{"id":4710,"date":"2022-11-21T17:22:38","date_gmt":"2022-11-21T15:22:38","guid":{"rendered":"https:\/\/inspiratio.ro\/?post_type=product&#038;p=4710"},"modified":"2025-11-10T16:18:31","modified_gmt":"2025-11-10T14:18:31","slug":"ach-sapun-masline","status":"publish","type":"product","link":"https:\/\/inspiratio.ro\/en\/produs\/ach-sapun-masline\/","title":{"rendered":"S\u0103pun M\u0103sline \u0219i urzic\u0103 80 g"},"content":{"rendered":"<h2 dir=\"auto\">S\u0103pun Natural M\u0103sline \u0219i Urzic\u0103 cu Ulei Esen\u021bial de Lemongrass \u0219i L\u0103m\u00e2ie<\/h2>\n<p>S\u0103pun Natural M\u0103sline \u0219i Urzic\u0103 cu Ulei Esen\u021bial de Lemongrass \u0219i L\u0103m\u00e2ie. Un s\u0103pun hidratant, emolient, nutritiv, pentru fa\u021b\u0103, m\u00e2ini, corp \u0219i p\u0103r. S\u0103punul este potrivit pentru toate tipurile de piele, \u00een special pentru pielea uscat\u0103. S\u0103punul este realizat la \u201erece\u201d din uleiuri \u0219i unturi vegetale saponificate. S\u0103punul con\u021bine 70% uleiuri de m\u0103sline. S\u0103punul cura\u021b\u0103 delicat \u0219i eficient pielea.<br \/>\nCuloarea, mirosul \u0219i beneficiile produsului sunt rezultatul combina\u021biei de ingrediente \u0219i extracte naturale folosite la fabricarea s\u0103punului.<\/p>\n<table class=\"woocommerce-product-attributes shop_attributes\">\n<tbody>\n<tr class=\"woocommerce-product-attributes-item woocommerce-product-attributes-item--weight\">\n<th class=\"woocommerce-product-attributes-item__label\">Greutate<\/th>\n<td class=\"woocommerce-product-attributes-item__value\">80 g<\/td>\n<\/tr>\n<tr class=\"woocommerce-product-attributes-item woocommerce-product-attributes-item--dimensions\">\n<th class=\"woocommerce-product-attributes-item__label\">Dimensiuni<\/th>\n<td class=\"woocommerce-product-attributes-item__value\">7,5 \u00d7 2 \u00d7 6,5 cm<\/td>\n<\/tr>\n<tr class=\"woocommerce-product-attributes-item woocommerce-product-attributes-item--attribute_pa_proprietati\">\n<th class=\"woocommerce-product-attributes-item__label\">Propriet\u0103\u021bi<\/th>\n<td class=\"woocommerce-product-attributes-item__value\">Antibacterian, Calmant, Emolient, Hidratant<\/td>\n<\/tr>\n<\/tbody>\n<\/table>\n<form class=\"cart\" action=\"https:\/\/www.greenbubble.ro\/magazin\/sapunuri\/sapunuri-solide\/sapun-natural-masline-si-urzica\/\" enctype=\"multipart\/form-data\" method=\"post\"><\/form>\n<h3>Principalele ingrediente active pentru S\u0103pun Natural M\u0103sline \u0219i Urzic\u0103:<\/h3>\n<p>S\u0103punul este realizat cu Ulei Extravirgin M\u0103sline,\u00a0Ulei Cocos, Ulei Floarea Soarelui, Ulei Ricin, Vitamina E, Ulei Palmier, Infuzie\/Macerat \u0219i Frunze de Urzic\u0103, Ulei Esen\u021bial Lemongrass \u0219i L\u0103m\u0103ie.<\/p>\n<h3>Ulei M\u0103sline Extravirgin<\/h3>\n<p>Uleiul de m\u0103sline extravirgin este cunoscut pentru calit\u0103\u021bile sale nutri\u021bionale dar \u0219i pentru calit\u0103\u021bile cosmetice de excep\u021bie.<\/p>\n<p>Uleiul de m\u0103sline are un con\u021binut ridicat de antioxidan\u021bi \u0219i vitamine. \u00cen produsele cosmetice, combinat cu alte ingrediente, uleiul de m\u0103sline este hidratant pentru piele, rezult\u00e2nd o piele moale \u015fi catifelat\u0103.<\/p>\n<h3>Infuzie\/Macerat Urzic\u0103<\/h3>\n<p>\u00cen aceast\u0103 formul\u0103, urzica este folosit\u0103 at\u00e2t sub form\u0103 de infuzie c\u00e2t \u0219i de macerat. Infuzia \u0219i maceratul din frunze de urzic\u0103 sunt recunoscute pentru beneficiile pe care le aduce pielii \u0219i p\u0103rului, urzica fiind un activ cosmetic eficace. Urzica este recunoscut\u0103 pentru propriet\u0103\u021bile ei de a ameliora m\u00e2nc\u0103rimilor de piele \u0219i pentru combaterea excesului de sebum fiind recomandat\u0103 pentru tenul gras.<\/p>\n<h3>Ulei Esen\u021bial Lemongrass<\/h3>\n<p>Uleiul esen\u021bial de lemongrass este un bun dezodorizant \u015fi parfumant, cu note citrate-ierboase, ce eman\u0103 prospe\u021bime. Uleiul esen\u021bial de lemongrass este un tonic cutanat, stimuleaz\u0103 circula\u021bia periferic\u0103, echilibrant pentru sistemul nervos, repulsiv pentru insecte, dezodorizant, parfumant. Uleiul esen\u021bial de lemongrass ajut\u0103 la tonifierea pielii \u0219i a musculaturii.<\/p>\n<p>Uleiul esen\u021bial de lemongrass este apreciat pentru \u00eembun\u0103t\u0103\u0163irea circula\u0163iei sanguine, fiind folosit \u00een special \u00een aplica\u021bii pentru corp, \u00een tratamente anticelulitice \u0219i util\u00a0 \u00een produse de igien\u0103.<\/p>\n<h3>Ulei Esen\u021bial L\u0103m\u00e2ie\u00a0<span class=\"pq6dq46d tbxw36s4 knj5qynh kvgmc6g5 ditlmg2l oygrvhab nvdbi5me sf5mxxl7 gl3lb2sf hhz5lgdu\"><img loading=\"lazy\" decoding=\"async\" class=\"jetpack-lazy-image jetpack-lazy-image--handled\" src=\"https:\/\/static.xx.fbcdn.net\/images\/emoji.php\/v9\/tb9\/1\/16\/1f34b.png\" alt=\"\ud83c\udf4b\" width=\"16\" height=\"16\" data-lazy-loaded=\"1\" \/><\/span><\/h3>\n<p>Uleiul esen\u021bial de l\u0103m\u00e2ie este purificator \u0219i tonic, fiind apreciat pentru parfumul s\u0103u fin, fructat \u0219i pentru propriet\u0103\u021bile sale de cur\u0103\u021bare \u0219i fortificare. Uleiul esen\u021bial de l\u0103m\u00e2ie este\u00a0antifungic, antiinflamator, revigorant. Uleiul esen\u021bial de l\u0103m\u00e2ie este folosit ca antiseptic general, tonic general \u0219i pentru cre\u0219terea capaci\u0103\u021bii de concentrare.<\/p>\n<h3>Ulei Ricin<\/h3>\n<p>Uleiul de ricin este renumit pentru propriet\u0103\u021bile sale de regenerare \u0219i fortificare a p\u0103rului, genelor \u0219i spr\u00e2ncenelor. Uleiul de ricin este apreciat pentru efectul de stimulare a cre\u0219terii p\u0103rului \u0219i combaterea c\u0103derii p\u0103rului.<\/p>\n<h3 dir=\"auto\">Ulei Cocos<\/h3>\n<p>Uleiul de Cocos este un ulei care hidrateaz\u0103 \u0219i calmeaz\u0103 pielea afectat\u0103 de ro\u0219ea\u021b\u0103 \u0219i irita\u021bii. Este un ingredient nutritiv, emolient, care las\u0103 pielea fin\u0103, m\u0103t\u0103soas\u0103, moale \u0219i hidratat\u0103.<\/p>\n<p>Uleiul de cocos are propriet\u0103\u021bi excelente de cur\u0103\u021bare \u0219i spumare \u00een produsele cosmetice. Acizii gra\u0219i din uleiul de cocos ajut\u0103 la \u00eendep\u0103rtarea murdariei, \u0219i a altor impurit\u0103\u021bi ale pielii. Are propriet\u0103\u021bi de a men\u021bine pielea hidratat\u0103, de a reduce inflama\u021bia pielii, este cicatrizant, antimicrobian \u0219i poate ajuta \u00een cazul acneei.<\/p>\n<h3>Ulei Floarea Soarelui<\/h3>\n<p>Uleiul de floarea soarelui este uleiul vegetal cu cel mai mare con\u021binut de vitamina E (alfa-tocoferol). Con\u021binutul ridicat de vitamina E face ca uleiul de floarea soarelui s\u0103 aib\u0103 un posibil efect benefic \u00eempotriva \u00eemb\u0103tr\u00e2nirii premature a pielii. Efectul antioxidant al vitaminei E (alfa-tocoferolul) poate reduce riscul de inflama\u021bii prin neutralizarea radicalilor liberi.<\/p>\n<p>Uleiul de floarea-soarelui este un ulei care se absorbe u\u0219or \u00een piele \u0219i nu va \u00eenfunda porii. Nu este iritant pentru majoritatea oamenilor \u0219i poate fi utilizat pe toate tipurile de piele, inclusiv uscat\u0103, normal\u0103, gras\u0103 \u0219i predispus\u0103 la acnee.<\/p>\n<h3>Vitamina E<\/h3>\n<p>Vitamina E este un antioxidant puternic benefic pentru piele ca activ anti-aging, regenerator \u0219i protector. Vitamina E este cunoscut\u0103 pentru efectul s\u0103u calmant, antiinflamator, protector pentru piele. Protejeaz\u0103 pielea de daunele factorilor de mediu \u0219i \u00eembun\u0103t\u0103\u021be\u0219te elasticitatea pielii.<\/p>\n<p>Vitamina E este recomandat \u00een special pentru pielea uscat\u0103, matur\u0103 \u0219i pentru \u00eengrijirea pielii dup\u0103 expunerea la soare.<\/p>\n<h3>Mod de Utilizare S\u0103pun Natural M\u0103sline \u0219i Urzic\u0103<\/h3>\n<p>Umeze\u0219te m\u00e2inile cu ap\u0103 \u0219i freac\u0103 s\u0103punul cu palmele pentru a produce cl\u0103buci. Freac\u0103 m\u00e2inile la \u00eencheieturi, \u00eentre degete \u0219i pe spatele palmelor pentru a le sp\u0103la, dup\u0103 care cl\u0103te\u0219tele cu ap\u0103. Dac\u0103 este nevoie, repet\u0103 \u00eenc\u0103 o dat\u0103 procedura. \u0218terge m\u00e2inile cu un prosop curat.<\/p>\n<p>Cu m\u00e2inile curate, acum po\u021bi sp\u0103la \u0219i fa\u021ba, sau alte p\u0103r\u021bi ale corpului. Pentru o cur\u0103\u021bare mai eficient\u0103, a corpului, folose\u0219te o m\u0103nu\u0219\u0103 sau un prosopel. S\u0103pune\u0219te prosopelul umed \u0219i aplic\u0103 pe corp prin mi\u0219c\u0103ri bl\u00e2nde,\u00a0dup\u0103 care cl\u0103te\u0219te cu ap\u0103.<\/p>\n<p>Sp\u0103latul frecvent pe m\u00e2ini este cea mai eficient\u0103 metod\u0103 de prevenire a \u00eemboln\u0103virii si r\u0103sp\u00e2ndirii bolilor. Evit\u0103 folosirea s\u0103punurilor antibacteriene. Acestea nu sunt mai eficiente \u00een comparatie cu s\u0103punurile naturale, din contr\u0103, \u00een timp pot duce la dezvoltarea unor bacterii rezistente.<\/p>\n<p>Culoarea, mirosul specific si beneficiile produsului sunt rezultatul combinatiei de ingrediente si extracte naturale folosite.<\/p>\n<p>Fere\u0219te contactul cu ochii. \u00cen caz de alergie la unul din ingrediente, sp\u0103la\u021bi locul cu ap\u0103 din abunden\u021b\u0103 \u0219i opri\u021bi utilizarea produsului. A se p\u0103stra \u00eentre 5-25\u00b0C, \u00een loc curat, ferit de razele soarelui. Produsul nu a fost testat pe animale.<\/p>\n<p>Pentru o durat\u0103 c\u00e2t mai lung\u0103 de utilizare, men\u021bine s\u0103punul c\u00e2t mai uscat f\u0103r\u0103 s\u0103 stea \u00een ap\u0103. Recomand\u0103m folosirea unei s\u0103puniere cu magnet sau cu grilaj\/g\u0103uri de scurgere pentru a permite o uscare c\u00e2t mai rapid\u0103 a s\u0103punului.<\/p>\n","protected":false},"excerpt":{"rendered":"<p>S\u0103pun Natural M\u0103sline \u0219i Urzic\u0103 cu Ulei Esen\u021bial de Lemongrass \u0219i L\u0103m\u00e2ie S\u0103pun Natural M\u0103sline \u0219i Urzic\u0103 cu Ulei Esen\u021bial de Lemongrass \u0219i L\u0103m\u00e2ie. Un s\u0103pun hidratant, emolient, nutritiv, pentru fa\u021b\u0103, m\u00e2ini, corp \u0219i p\u0103r. S\u0103punul este potrivit pentru toate tipurile de piele, \u00een special pentru pielea uscat\u0103. S\u0103punul este realizat la \u201erece\u201d din uleiuri [&hellip;]<\/p>\n","protected":false},"featured_media":4711,"comment_status":"open","ping_status":"closed","template":"","meta":[],"pwb-brand":[142],"product_brand":[],"product_cat":[77],"product_tag":[],"class_list":{"0":"post-4710","1":"product","2":"type-product","3":"status-publish","4":"has-post-thumbnail","6":"pwb-brand-green-bubble","7":"product_cat-cosmetice-naturale","9":"first","10":"outofstock","11":"taxable","12":"shipping-taxable","13":"purchasable","14":"product-type-simple"},"yoast_head":"<!-- This site is optimized with the Yoast SEO plugin v26.9 - https:\/\/yoast.com\/product\/yoast-seo-wordpress\/ -->\n<title>ACH S\u0103pun M\u0103sline \u0219i urzic\u0103 80 g - Inspiratio<\/title>\n<meta name=\"robots\" content=\"index, follow, max-snippet:-1, max-image-preview:large, max-video-preview:-1\" \/>\n<link rel=\"canonical\" href=\"https:\/\/inspiratio.ro\/produs\/ach-sapun-masline\/\" \/>\n<meta property=\"og:locale\" content=\"en_US\" \/>\n<meta property=\"og:type\" content=\"article\" \/>\n<meta property=\"og:title\" content=\"ACH S\u0103pun M\u0103sline \u0219i urzic\u0103 80 g - Inspiratio\" \/>\n<meta property=\"og:description\" content=\"S\u0103pun Natural M\u0103sline \u0219i Urzic\u0103 cu Ulei Esen\u021bial de Lemongrass \u0219i L\u0103m\u00e2ie S\u0103pun Natural M\u0103sline \u0219i Urzic\u0103 cu Ulei Esen\u021bial de Lemongrass \u0219i L\u0103m\u00e2ie. Un s\u0103pun hidratant, emolient, nutritiv, pentru fa\u021b\u0103, m\u00e2ini, corp \u0219i p\u0103r. S\u0103punul este potrivit pentru toate tipurile de piele, \u00een special pentru pielea uscat\u0103. S\u0103punul este realizat la \u201erece\u201d din uleiuri [&hellip;]\" \/>\n<meta property=\"og:url\" content=\"https:\/\/inspiratio.ro\/produs\/ach-sapun-masline\/\" \/>\n<meta property=\"og:site_name\" content=\"Inspiratio\" \/>\n<meta property=\"article:publisher\" content=\"https:\/\/www.facebook.com\/inspiratiogiftstudio\/\" \/>\n<meta property=\"article:modified_time\" content=\"2025-11-10T14:18:31+00:00\" \/>\n<meta property=\"og:image\" content=\"https:\/\/inspiratio.ro\/wp-content\/uploads\/2022\/11\/Sapun-Natural-Masline-Urzica.webp\" \/>\n\t<meta property=\"og:image:width\" content=\"800\" \/>\n\t<meta property=\"og:image:height\" content=\"600\" \/>\n\t<meta property=\"og:image:type\" content=\"image\/webp\" \/>\n<meta name=\"twitter:card\" content=\"summary_large_image\" \/>\n<meta name=\"twitter:label1\" content=\"Est. reading time\" \/>\n\t<meta name=\"twitter:data1\" content=\"6 minutes\" \/>\n<script type=\"application\/ld+json\" class=\"yoast-schema-graph\">{\"@context\":\"https:\/\/schema.org\",\"@graph\":[{\"@type\":\"WebPage\",\"@id\":\"https:\/\/inspiratio.ro\/produs\/ach-sapun-masline\/\",\"url\":\"https:\/\/inspiratio.ro\/produs\/ach-sapun-masline\/\",\"name\":\"ACH S\u0103pun M\u0103sline \u0219i urzic\u0103 80 g - Inspiratio\",\"isPartOf\":{\"@id\":\"https:\/\/inspiratio.ro\/#website\"},\"primaryImageOfPage\":{\"@id\":\"https:\/\/inspiratio.ro\/produs\/ach-sapun-masline\/#primaryimage\"},\"image\":{\"@id\":\"https:\/\/inspiratio.ro\/produs\/ach-sapun-masline\/#primaryimage\"},\"thumbnailUrl\":\"https:\/\/inspiratio.ro\/wp-content\/uploads\/2022\/11\/Sapun-Natural-Masline-Urzica.webp\",\"datePublished\":\"2022-11-21T15:22:38+00:00\",\"dateModified\":\"2025-11-10T14:18:31+00:00\",\"breadcrumb\":{\"@id\":\"https:\/\/inspiratio.ro\/produs\/ach-sapun-masline\/#breadcrumb\"},\"inLanguage\":\"en-US\",\"potentialAction\":[{\"@type\":\"ReadAction\",\"target\":[\"https:\/\/inspiratio.ro\/produs\/ach-sapun-masline\/\"]}]},{\"@type\":\"ImageObject\",\"inLanguage\":\"en-US\",\"@id\":\"https:\/\/inspiratio.ro\/produs\/ach-sapun-masline\/#primaryimage\",\"url\":\"https:\/\/inspiratio.ro\/wp-content\/uploads\/2022\/11\/Sapun-Natural-Masline-Urzica.webp\",\"contentUrl\":\"https:\/\/inspiratio.ro\/wp-content\/uploads\/2022\/11\/Sapun-Natural-Masline-Urzica.webp\",\"width\":800,\"height\":600},{\"@type\":\"BreadcrumbList\",\"@id\":\"https:\/\/inspiratio.ro\/produs\/ach-sapun-masline\/#breadcrumb\",\"itemListElement\":[{\"@type\":\"ListItem\",\"position\":1,\"name\":\"Shop\",\"item\":\"https:\/\/inspiratio.ro\/magazin-cadouri\/\"},{\"@type\":\"ListItem\",\"position\":2,\"name\":\"ACH S\u0103pun M\u0103sline \u0219i urzic\u0103 80 g\"}]},{\"@type\":\"WebSite\",\"@id\":\"https:\/\/inspiratio.ro\/#website\",\"url\":\"https:\/\/inspiratio.ro\/\",\"name\":\"Inspiratio\",\"description\":\"Las\u0103-te purtat de inspira\u021bie\",\"publisher\":{\"@id\":\"https:\/\/inspiratio.ro\/#organization\"},\"potentialAction\":[{\"@type\":\"SearchAction\",\"target\":{\"@type\":\"EntryPoint\",\"urlTemplate\":\"https:\/\/inspiratio.ro\/?s={search_term_string}\"},\"query-input\":{\"@type\":\"PropertyValueSpecification\",\"valueRequired\":true,\"valueName\":\"search_term_string\"}}],\"inLanguage\":\"en-US\"},{\"@type\":\"Organization\",\"@id\":\"https:\/\/inspiratio.ro\/#organization\",\"name\":\"Inspiratio\",\"url\":\"https:\/\/inspiratio.ro\/\",\"logo\":{\"@type\":\"ImageObject\",\"inLanguage\":\"en-US\",\"@id\":\"https:\/\/inspiratio.ro\/#\/schema\/logo\/image\/\",\"url\":\"https:\/\/inspiratio.ro\/wp-content\/uploads\/2020\/06\/logo-inspiratio.png\",\"contentUrl\":\"https:\/\/inspiratio.ro\/wp-content\/uploads\/2020\/06\/logo-inspiratio.png\",\"width\":232,\"height\":209,\"caption\":\"Inspiratio\"},\"image\":{\"@id\":\"https:\/\/inspiratio.ro\/#\/schema\/logo\/image\/\"},\"sameAs\":[\"https:\/\/www.facebook.com\/inspiratiogiftstudio\/\",\"https:\/\/www.instagram.com\/inspiratio_giftstudio\/\"]}]}<\/script>\n<!-- \/ Yoast SEO plugin. -->","yoast_head_json":{"title":"ACH S\u0103pun M\u0103sline \u0219i urzic\u0103 80 g - Inspiratio","robots":{"index":"index","follow":"follow","max-snippet":"max-snippet:-1","max-image-preview":"max-image-preview:large","max-video-preview":"max-video-preview:-1"},"canonical":"https:\/\/inspiratio.ro\/produs\/ach-sapun-masline\/","og_locale":"en_US","og_type":"article","og_title":"ACH S\u0103pun M\u0103sline \u0219i urzic\u0103 80 g - Inspiratio","og_description":"S\u0103pun Natural M\u0103sline \u0219i Urzic\u0103 cu Ulei Esen\u021bial de Lemongrass \u0219i L\u0103m\u00e2ie S\u0103pun Natural M\u0103sline \u0219i Urzic\u0103 cu Ulei Esen\u021bial de Lemongrass \u0219i L\u0103m\u00e2ie. Un s\u0103pun hidratant, emolient, nutritiv, pentru fa\u021b\u0103, m\u00e2ini, corp \u0219i p\u0103r. S\u0103punul este potrivit pentru toate tipurile de piele, \u00een special pentru pielea uscat\u0103. S\u0103punul este realizat la \u201erece\u201d din uleiuri [&hellip;]","og_url":"https:\/\/inspiratio.ro\/produs\/ach-sapun-masline\/","og_site_name":"Inspiratio","article_publisher":"https:\/\/www.facebook.com\/inspiratiogiftstudio\/","article_modified_time":"2025-11-10T14:18:31+00:00","og_image":[{"width":800,"height":600,"url":"https:\/\/inspiratio.ro\/wp-content\/uploads\/2022\/11\/Sapun-Natural-Masline-Urzica.webp","type":"image\/webp"}],"twitter_card":"summary_large_image","twitter_misc":{"Est. reading time":"6 minutes"},"schema":{"@context":"https:\/\/schema.org","@graph":[{"@type":"WebPage","@id":"https:\/\/inspiratio.ro\/produs\/ach-sapun-masline\/","url":"https:\/\/inspiratio.ro\/produs\/ach-sapun-masline\/","name":"ACH S\u0103pun M\u0103sline \u0219i urzic\u0103 80 g - Inspiratio","isPartOf":{"@id":"https:\/\/inspiratio.ro\/#website"},"primaryImageOfPage":{"@id":"https:\/\/inspiratio.ro\/produs\/ach-sapun-masline\/#primaryimage"},"image":{"@id":"https:\/\/inspiratio.ro\/produs\/ach-sapun-masline\/#primaryimage"},"thumbnailUrl":"https:\/\/inspiratio.ro\/wp-content\/uploads\/2022\/11\/Sapun-Natural-Masline-Urzica.webp","datePublished":"2022-11-21T15:22:38+00:00","dateModified":"2025-11-10T14:18:31+00:00","breadcrumb":{"@id":"https:\/\/inspiratio.ro\/produs\/ach-sapun-masline\/#breadcrumb"},"inLanguage":"en-US","potentialAction":[{"@type":"ReadAction","target":["https:\/\/inspiratio.ro\/produs\/ach-sapun-masline\/"]}]},{"@type":"ImageObject","inLanguage":"en-US","@id":"https:\/\/inspiratio.ro\/produs\/ach-sapun-masline\/#primaryimage","url":"https:\/\/inspiratio.ro\/wp-content\/uploads\/2022\/11\/Sapun-Natural-Masline-Urzica.webp","contentUrl":"https:\/\/inspiratio.ro\/wp-content\/uploads\/2022\/11\/Sapun-Natural-Masline-Urzica.webp","width":800,"height":600},{"@type":"BreadcrumbList","@id":"https:\/\/inspiratio.ro\/produs\/ach-sapun-masline\/#breadcrumb","itemListElement":[{"@type":"ListItem","position":1,"name":"Shop","item":"https:\/\/inspiratio.ro\/magazin-cadouri\/"},{"@type":"ListItem","position":2,"name":"ACH S\u0103pun M\u0103sline \u0219i urzic\u0103 80 g"}]},{"@type":"WebSite","@id":"https:\/\/inspiratio.ro\/#website","url":"https:\/\/inspiratio.ro\/","name":"Inspiratio","description":"Las\u0103-te purtat de inspira\u021bie","publisher":{"@id":"https:\/\/inspiratio.ro\/#organization"},"potentialAction":[{"@type":"SearchAction","target":{"@type":"EntryPoint","urlTemplate":"https:\/\/inspiratio.ro\/?s={search_term_string}"},"query-input":{"@type":"PropertyValueSpecification","valueRequired":true,"valueName":"search_term_string"}}],"inLanguage":"en-US"},{"@type":"Organization","@id":"https:\/\/inspiratio.ro\/#organization","name":"Inspiratio","url":"https:\/\/inspiratio.ro\/","logo":{"@type":"ImageObject","inLanguage":"en-US","@id":"https:\/\/inspiratio.ro\/#\/schema\/logo\/image\/","url":"https:\/\/inspiratio.ro\/wp-content\/uploads\/2020\/06\/logo-inspiratio.png","contentUrl":"https:\/\/inspiratio.ro\/wp-content\/uploads\/2020\/06\/logo-inspiratio.png","width":232,"height":209,"caption":"Inspiratio"},"image":{"@id":"https:\/\/inspiratio.ro\/#\/schema\/logo\/image\/"},"sameAs":["https:\/\/www.facebook.com\/inspiratiogiftstudio\/","https:\/\/www.instagram.com\/inspiratio_giftstudio\/"]}]}},"brands":[{"id":142,"name":"Green Bubble","slug":"green-bubble"}],"_links":{"self":[{"href":"https:\/\/inspiratio.ro\/en\/wp-json\/wp\/v2\/product\/4710","targetHints":{"allow":["GET"]}}],"collection":[{"href":"https:\/\/inspiratio.ro\/en\/wp-json\/wp\/v2\/product"}],"about":[{"href":"https:\/\/inspiratio.ro\/en\/wp-json\/wp\/v2\/types\/product"}],"replies":[{"embeddable":true,"href":"https:\/\/inspiratio.ro\/en\/wp-json\/wp\/v2\/comments?post=4710"}],"wp:featuredmedia":[{"embeddable":true,"href":"https:\/\/inspiratio.ro\/en\/wp-json\/wp\/v2\/media\/4711"}],"wp:attachment":[{"href":"https:\/\/inspiratio.ro\/en\/wp-json\/wp\/v2\/media?parent=4710"}],"wp:term":[{"taxonomy":"pwb-brand","embeddable":true,"href":"https:\/\/inspiratio.ro\/en\/wp-json\/wp\/v2\/pwb-brand?post=4710"},{"taxonomy":"product_brand","embeddable":true,"href":"https:\/\/inspiratio.ro\/en\/wp-json\/wp\/v2\/product_brand?post=4710"},{"taxonomy":"product_cat","embeddable":true,"href":"https:\/\/inspiratio.ro\/en\/wp-json\/wp\/v2\/product_cat?post=4710"},{"taxonomy":"product_tag","embeddable":true,"href":"https:\/\/inspiratio.ro\/en\/wp-json\/wp\/v2\/product_tag?post=4710"}],"curies":[{"name":"wp","href":"https:\/\/api.w.org\/{rel}","templated":true}]}}