{"id":4708,"date":"2022-11-21T17:18:34","date_gmt":"2022-11-21T15:18:34","guid":{"rendered":"https:\/\/inspiratio.ro\/?post_type=product&#038;p=4708"},"modified":"2025-11-10T16:18:43","modified_gmt":"2025-11-10T14:18:43","slug":"ach-sapun-lavanda","status":"publish","type":"product","link":"https:\/\/inspiratio.ro\/en\/produs\/ach-sapun-lavanda\/","title":{"rendered":"S\u0103pun Lavand\u0103"},"content":{"rendered":"<h2 dir=\"auto\">S\u0103pun Natural cu Lavand\u0103<\/h2>\n<p>S\u0103pun Natural cu Lavand\u0103 \u2013 un s\u0103pun hidratant, emolient, nutritiv, cu un miros floral de lavand\u0103. Florile de lavand\u0103 din s\u0103pun exfoliaz\u0103 bl\u00e2nd pielea \u0219i o cura\u021b\u0103 eficient. S\u0103punul este potrivit pentru igiena zilnic\u0103 a pielii \u0219i este benefic pentru sp\u0103lat pe fa\u021b\u0103 \u0219i corp.<\/p>\n<table class=\"woocommerce-product-attributes shop_attributes\">\n<tbody>\n<tr class=\"woocommerce-product-attributes-item woocommerce-product-attributes-item--weight\">\n<th class=\"woocommerce-product-attributes-item__label\">Greutate<\/th>\n<td class=\"woocommerce-product-attributes-item__value\">80 g<\/td>\n<\/tr>\n<tr class=\"woocommerce-product-attributes-item woocommerce-product-attributes-item--dimensions\">\n<th class=\"woocommerce-product-attributes-item__label\">Dimensiuni<\/th>\n<td class=\"woocommerce-product-attributes-item__value\">7,5 \u00d7 2 \u00d7 6,5 cm<\/td>\n<\/tr>\n<tr class=\"woocommerce-product-attributes-item woocommerce-product-attributes-item--attribute_pa_proprietati\">\n<th class=\"woocommerce-product-attributes-item__label\">Propriet\u0103\u021bi<\/th>\n<td class=\"woocommerce-product-attributes-item__value\">Calmant, Emolient, Hidratant, Spumant<\/td>\n<\/tr>\n<\/tbody>\n<\/table>\n<form class=\"cart\" action=\"https:\/\/www.greenbubble.ro\/magazin\/sapunuri\/sapunuri-solide\/sapun-natural-cu-lavanda\/\" enctype=\"multipart\/form-data\" method=\"post\"><\/form>\n<h3>Principalele ingrediente active pentru S\u0103pun Natural cu Mu\u0219e\u021bel \u0219i Lavand\u0103:<\/h3>\n<p>S\u0103punul este realizat cu Infuzie de Lavand\u0103,\u00a0Ulei M\u0103sline, Ulei Cocos, Ulei Floarea Soarelui, Ulei Ricin, Unt Shea, Vitamina E, Flori Lavand\u0103 \u0219i Ulei Esen\u021bial Lavand\u0103.<\/p>\n<h3><strong>Infuzie \u0219i Ulei Esen\u021bial de Lavand\u0103\u00a0<span class=\"pq6dq46d tbxw36s4 knj5qynh kvgmc6g5 ditlmg2l oygrvhab nvdbi5me sf5mxxl7 rgmg9uty b73ngqbp\"><img loading=\"lazy\" decoding=\"async\" class=\"jetpack-lazy-image jetpack-lazy-image--handled\" src=\"https:\/\/static.xx.fbcdn.net\/images\/emoji.php\/v9\/t5a\/1\/24\/1f7e3.png\" alt=\"\ud83d\udfe3\" width=\"24\" height=\"24\" data-lazy-loaded=\"1\" \/><\/span><\/strong><\/h3>\n<p>Uleiul esen\u021bial de lavand\u0103 este lini\u0219titor \u0219i are un miros proasp\u0103t a flori de lavand\u0103. Uleiul esen\u021bial de lavand\u0103 este folosit pentru a ameliora stresul \u0219i nervozitatea. Renumit pentru propriet\u0103\u021bile sale relaxante \u0219i lini\u0219titoare, este de asemenea un aliat puternic pentru sportivi, \u00eenainte \u0219i dup\u0103 exerci\u021bii.<br \/>\nUleiul esen\u021bial de lavand\u0103 este utilizat \u00een produsele cosmetice prentru atenuarea diverselor probleme de piele \u0219i pentru regenerarea pielii. Uleiul esen\u021bial de lavand\u0103 este apreciat pentru parfumul s\u0103u deosebit care favorizeaz\u0103 somnul \u0219i calmeaz\u0103 sistemul nervos.<\/p>\n<p>Uleiul esen\u021bial de lavand\u0103 este cicatrizant, regenerator \u0219i reparator pentru piele, ajut\u0103 la refacerea pielii r\u0103nite, afectate de eczeme, urticarii, psoriazis, acnee, lini\u0219te\u0219te pielea r\u0103nit\u0103, \u00eenro\u0219it\u0103, ars\u0103 de soare sau \u00een\u021bepat\u0103 de insecte. Acest ulei este un echilibrant al sistemului nervos.<\/p>\n<h3>Unt Shea<\/h3>\n<p>Uleiul de shea are propriet\u0103\u021bi emoliente, hr\u0103nitoare \u0219i protectoare pentru piele. Untul de shea men\u021bine nivelul optim de hidratare, faciliteaz\u0103 regenerarea pielii deteriorate \u0219i calmeaz\u0103 \u0219i reduce irita\u021biile pielii. Untul de shea s-a dovedit a fi pentru regenerarea zonelor uscate, precum c\u0103lc\u00e2iele, genunchii sau coatele \u0219i pentru reducerea semnelor de \u00eemb\u0103tr\u00e2nire ale pielii.<\/p>\n<h3>Ulei Ricin<\/h3>\n<p>Uleiul de ricin este renumit pentru propriet\u0103\u021bile sale de regenerare \u0219i fortificare a p\u0103rului, genelor \u0219i spr\u00e2ncenelor. Uleiul de ricin este apreciat pentru efectul de stimulare a cre\u0219terii p\u0103rului \u0219i combaterea c\u0103derii p\u0103rului.<\/p>\n<h3 dir=\"auto\">Ulei Cocos<\/h3>\n<p>Uleiul de Cocos este un ulei care hidrateaz\u0103 \u0219i calmeaz\u0103 pielea afectat\u0103 de ro\u0219ea\u021b\u0103 \u0219i irita\u021bii. Este un ingredient nutritiv, emolient, care las\u0103 pielea fin\u0103, m\u0103t\u0103soas\u0103, moale \u0219i hidratat\u0103.<\/p>\n<p>Uleiul de cocos are propriet\u0103\u021bi excelente de cur\u0103\u021bare \u0219i spumare \u00een produsele cosmetice. Acizii gra\u0219i din uleiul de cocos ajut\u0103 la \u00eendep\u0103rtarea murdariei, \u0219i a altor impurit\u0103\u021bi ale pielii. Are propriet\u0103\u021bi de a men\u021bine pielea hidratat\u0103, de a reduce inflama\u021bia pielii, este cicatrizant, antimicrobian \u0219i poate ajuta \u00een cazul acneei.<\/p>\n<h3>Ulei Floarea Soarelui<\/h3>\n<p>Uleiul de floarea soarelui este uleiul vegetal cu cel mai mare con\u021binut de vitamina E (alfa-tocoferol). Con\u021binutul ridicat de vitamina E face ca uleiul de floarea soarelui s\u0103 aib\u0103 un posibil efect benefic \u00eempotriva \u00eemb\u0103tr\u00e2nirii premature a pielii. Efectul antioxidant al vitaminei E (alfa-tocoferolul) poate reduce riscul de inflama\u021bii prin neutralizarea radicalilor liberi.<\/p>\n<p>Uleiul de floarea-soarelui este un ulei care se absorbe u\u0219or \u00een piele \u0219i nu va \u00eenfunda porii. Nu este iritant pentru majoritatea oamenilor \u0219i poate fi utilizat pe toate tipurile de piele, inclusiv uscat\u0103, normal\u0103, gras\u0103 \u0219i predispus\u0103 la acnee.<\/p>\n<h3>Vitamina E<\/h3>\n<p>Vitamina E este un antioxidant puternic benefic pentru piele ca activ anti-aging, regenerator \u0219i protector. Vitamina E este cunoscut\u0103 pentru efectul s\u0103u calmant, antiinflamator, protector pentru piele. Protejeaz\u0103 pielea de daunele factorilor de mediu \u0219i \u00eembun\u0103t\u0103\u021be\u0219te elasticitatea pielii.<\/p>\n<p>Vitamina E este recomandat \u00een special pentru pielea uscat\u0103, matur\u0103 \u0219i pentru \u00eengrijirea pielii dup\u0103 expunerea la soare.<\/p>\n<h3>Mod de Utilizare S\u0103pun Natural cu Lavand\u0103<\/h3>\n<p>Umeze\u0219te m\u00e2inile cu ap\u0103 \u0219i freac\u0103 s\u0103punul cu palmele pentru a produce cl\u0103buci. Freac\u0103 m\u00e2inile la \u00eencheieturi, \u00eentre degete \u0219i pe spatele palmelor pentru a le sp\u0103la, dup\u0103 care cl\u0103te\u0219tele cu ap\u0103. Dac\u0103 este nevoie, repet\u0103 \u00eenc\u0103 o dat\u0103 procedura. \u0218terge m\u00e2inile cu un prosop curat.<\/p>\n<p>Cu m\u00e2inile curate, acum po\u021bi sp\u0103la fa\u021ba, sau alte p\u0103r\u021bi ale corpului. Pentru o cur\u0103\u021bare mai eficient\u0103, a corpului, folose\u0219te o m\u0103nu\u0219\u0103 sau un prosopel. S\u0103pune\u0219te prosopelul umed \u0219i aplic\u0103 pe corp prin mi\u0219c\u0103ri bl\u00e2nde, dup\u0103 care cl\u0103te\u0219te cu ap\u0103.<\/p>\n<p>Sp\u0103latul frecvent pe m\u00e2ini este cea mai eficient\u0103 metod\u0103 de prevenire a \u00eemboln\u0103virii si r\u0103sp\u00e2ndirii bolilor. Evit\u0103 folosirea s\u0103punurilor antibacteriene. Acestea nu sunt mai eficiente \u00een comparatie cu s\u0103punurile naturale, din contr\u0103, \u00een timp pot duce la dezvoltarea unor bacterii rezistente.<\/p>\n<p>Culoarea, mirosul specific si beneficiile produsului sunt rezultatul combinatiei de ingrediente si extracte naturale folosite.<\/p>\n<p>Fere\u0219te contactul cu ochii. \u00cen caz de alergie la unul din ingrediente, spal\u0103 locul cu ap\u0103 din abunden\u021b\u0103 \u0219i opre\u0219te utilizarea produsului. A se p\u0103stra \u00eentre 5-25\u00b0C, \u00eentr-un loc curat \u0219i uscat, ferit de razele soarelui. Produsul nu a fost testat pe animale.<\/p>\n<p>Pentru o durat\u0103 c\u00e2t mai lung\u0103 de utilizare, men\u021bine s\u0103punul c\u00e2t mai uscat \u0219i f\u0103r\u0103 s\u0103 stea \u00een ap\u0103. Recomand\u0103m folosirea unei s\u0103puniere cu magnet sau cu grilaj\/g\u0103uri de scurgere pentru a permite o uscare c\u00e2t mai rapid\u0103 a s\u0103punului dup\u0103 fiecare utilizare.<\/p>\n","protected":false},"excerpt":{"rendered":"<p>S\u0103pun Natural cu Lavand\u0103 S\u0103pun Natural cu Lavand\u0103 \u2013 un s\u0103pun hidratant, emolient, nutritiv, cu un miros floral de lavand\u0103. Florile de lavand\u0103 din s\u0103pun exfoliaz\u0103 bl\u00e2nd pielea \u0219i o cura\u021b\u0103 eficient. S\u0103punul este potrivit pentru igiena zilnic\u0103 a pielii \u0219i este benefic pentru sp\u0103lat pe fa\u021b\u0103 \u0219i corp. Greutate 80 g Dimensiuni 7,5 \u00d7 [&hellip;]<\/p>\n","protected":false},"featured_media":4709,"comment_status":"open","ping_status":"closed","template":"","meta":[],"pwb-brand":[142],"product_brand":[],"product_cat":[77],"product_tag":[],"class_list":{"0":"post-4708","1":"product","2":"type-product","3":"status-publish","4":"has-post-thumbnail","6":"pwb-brand-green-bubble","7":"product_cat-cosmetice-naturale","9":"first","10":"instock","11":"taxable","12":"shipping-taxable","13":"purchasable","14":"product-type-simple"},"yoast_head":"<!-- This site is optimized with the Yoast SEO plugin v26.9 - https:\/\/yoast.com\/product\/yoast-seo-wordpress\/ -->\n<title>ACH S\u0103pun Lavand\u0103 - Inspiratio<\/title>\n<meta name=\"robots\" content=\"index, follow, max-snippet:-1, max-image-preview:large, max-video-preview:-1\" \/>\n<link rel=\"canonical\" href=\"https:\/\/inspiratio.ro\/produs\/ach-sapun-lavanda\/\" \/>\n<meta property=\"og:locale\" content=\"en_US\" \/>\n<meta property=\"og:type\" content=\"article\" \/>\n<meta property=\"og:title\" content=\"ACH S\u0103pun Lavand\u0103 - Inspiratio\" \/>\n<meta property=\"og:description\" content=\"S\u0103pun Natural cu Lavand\u0103 S\u0103pun Natural cu Lavand\u0103 \u2013 un s\u0103pun hidratant, emolient, nutritiv, cu un miros floral de lavand\u0103. Florile de lavand\u0103 din s\u0103pun exfoliaz\u0103 bl\u00e2nd pielea \u0219i o cura\u021b\u0103 eficient. S\u0103punul este potrivit pentru igiena zilnic\u0103 a pielii \u0219i este benefic pentru sp\u0103lat pe fa\u021b\u0103 \u0219i corp. Greutate 80 g Dimensiuni 7,5 \u00d7 [&hellip;]\" \/>\n<meta property=\"og:url\" content=\"https:\/\/inspiratio.ro\/produs\/ach-sapun-lavanda\/\" \/>\n<meta property=\"og:site_name\" content=\"Inspiratio\" \/>\n<meta property=\"article:publisher\" content=\"https:\/\/www.facebook.com\/inspiratiogiftstudio\/\" \/>\n<meta property=\"article:modified_time\" content=\"2025-11-10T14:18:43+00:00\" \/>\n<meta property=\"og:image\" content=\"https:\/\/inspiratio.ro\/wp-content\/uploads\/2022\/11\/Sapun-Natural-Lavanda.webp\" \/>\n\t<meta property=\"og:image:width\" content=\"800\" \/>\n\t<meta property=\"og:image:height\" content=\"600\" \/>\n\t<meta property=\"og:image:type\" content=\"image\/webp\" \/>\n<meta name=\"twitter:card\" content=\"summary_large_image\" \/>\n<meta name=\"twitter:label1\" content=\"Est. reading time\" \/>\n\t<meta name=\"twitter:data1\" content=\"5 minutes\" \/>\n<script type=\"application\/ld+json\" class=\"yoast-schema-graph\">{\"@context\":\"https:\/\/schema.org\",\"@graph\":[{\"@type\":\"WebPage\",\"@id\":\"https:\/\/inspiratio.ro\/produs\/ach-sapun-lavanda\/\",\"url\":\"https:\/\/inspiratio.ro\/produs\/ach-sapun-lavanda\/\",\"name\":\"ACH S\u0103pun Lavand\u0103 - Inspiratio\",\"isPartOf\":{\"@id\":\"https:\/\/inspiratio.ro\/#website\"},\"primaryImageOfPage\":{\"@id\":\"https:\/\/inspiratio.ro\/produs\/ach-sapun-lavanda\/#primaryimage\"},\"image\":{\"@id\":\"https:\/\/inspiratio.ro\/produs\/ach-sapun-lavanda\/#primaryimage\"},\"thumbnailUrl\":\"https:\/\/inspiratio.ro\/wp-content\/uploads\/2022\/11\/Sapun-Natural-Lavanda.webp\",\"datePublished\":\"2022-11-21T15:18:34+00:00\",\"dateModified\":\"2025-11-10T14:18:43+00:00\",\"breadcrumb\":{\"@id\":\"https:\/\/inspiratio.ro\/produs\/ach-sapun-lavanda\/#breadcrumb\"},\"inLanguage\":\"en-US\",\"potentialAction\":[{\"@type\":\"ReadAction\",\"target\":[\"https:\/\/inspiratio.ro\/produs\/ach-sapun-lavanda\/\"]}]},{\"@type\":\"ImageObject\",\"inLanguage\":\"en-US\",\"@id\":\"https:\/\/inspiratio.ro\/produs\/ach-sapun-lavanda\/#primaryimage\",\"url\":\"https:\/\/inspiratio.ro\/wp-content\/uploads\/2022\/11\/Sapun-Natural-Lavanda.webp\",\"contentUrl\":\"https:\/\/inspiratio.ro\/wp-content\/uploads\/2022\/11\/Sapun-Natural-Lavanda.webp\",\"width\":800,\"height\":600},{\"@type\":\"BreadcrumbList\",\"@id\":\"https:\/\/inspiratio.ro\/produs\/ach-sapun-lavanda\/#breadcrumb\",\"itemListElement\":[{\"@type\":\"ListItem\",\"position\":1,\"name\":\"Shop\",\"item\":\"https:\/\/inspiratio.ro\/magazin-cadouri\/\"},{\"@type\":\"ListItem\",\"position\":2,\"name\":\"ACH S\u0103pun Lavand\u0103\"}]},{\"@type\":\"WebSite\",\"@id\":\"https:\/\/inspiratio.ro\/#website\",\"url\":\"https:\/\/inspiratio.ro\/\",\"name\":\"Inspiratio\",\"description\":\"Las\u0103-te purtat de inspira\u021bie\",\"publisher\":{\"@id\":\"https:\/\/inspiratio.ro\/#organization\"},\"potentialAction\":[{\"@type\":\"SearchAction\",\"target\":{\"@type\":\"EntryPoint\",\"urlTemplate\":\"https:\/\/inspiratio.ro\/?s={search_term_string}\"},\"query-input\":{\"@type\":\"PropertyValueSpecification\",\"valueRequired\":true,\"valueName\":\"search_term_string\"}}],\"inLanguage\":\"en-US\"},{\"@type\":\"Organization\",\"@id\":\"https:\/\/inspiratio.ro\/#organization\",\"name\":\"Inspiratio\",\"url\":\"https:\/\/inspiratio.ro\/\",\"logo\":{\"@type\":\"ImageObject\",\"inLanguage\":\"en-US\",\"@id\":\"https:\/\/inspiratio.ro\/#\/schema\/logo\/image\/\",\"url\":\"https:\/\/inspiratio.ro\/wp-content\/uploads\/2020\/06\/logo-inspiratio.png\",\"contentUrl\":\"https:\/\/inspiratio.ro\/wp-content\/uploads\/2020\/06\/logo-inspiratio.png\",\"width\":232,\"height\":209,\"caption\":\"Inspiratio\"},\"image\":{\"@id\":\"https:\/\/inspiratio.ro\/#\/schema\/logo\/image\/\"},\"sameAs\":[\"https:\/\/www.facebook.com\/inspiratiogiftstudio\/\",\"https:\/\/www.instagram.com\/inspiratio_giftstudio\/\"]}]}<\/script>\n<!-- \/ Yoast SEO plugin. -->","yoast_head_json":{"title":"ACH S\u0103pun Lavand\u0103 - Inspiratio","robots":{"index":"index","follow":"follow","max-snippet":"max-snippet:-1","max-image-preview":"max-image-preview:large","max-video-preview":"max-video-preview:-1"},"canonical":"https:\/\/inspiratio.ro\/produs\/ach-sapun-lavanda\/","og_locale":"en_US","og_type":"article","og_title":"ACH S\u0103pun Lavand\u0103 - Inspiratio","og_description":"S\u0103pun Natural cu Lavand\u0103 S\u0103pun Natural cu Lavand\u0103 \u2013 un s\u0103pun hidratant, emolient, nutritiv, cu un miros floral de lavand\u0103. Florile de lavand\u0103 din s\u0103pun exfoliaz\u0103 bl\u00e2nd pielea \u0219i o cura\u021b\u0103 eficient. S\u0103punul este potrivit pentru igiena zilnic\u0103 a pielii \u0219i este benefic pentru sp\u0103lat pe fa\u021b\u0103 \u0219i corp. Greutate 80 g Dimensiuni 7,5 \u00d7 [&hellip;]","og_url":"https:\/\/inspiratio.ro\/produs\/ach-sapun-lavanda\/","og_site_name":"Inspiratio","article_publisher":"https:\/\/www.facebook.com\/inspiratiogiftstudio\/","article_modified_time":"2025-11-10T14:18:43+00:00","og_image":[{"width":800,"height":600,"url":"https:\/\/inspiratio.ro\/wp-content\/uploads\/2022\/11\/Sapun-Natural-Lavanda.webp","type":"image\/webp"}],"twitter_card":"summary_large_image","twitter_misc":{"Est. reading time":"5 minutes"},"schema":{"@context":"https:\/\/schema.org","@graph":[{"@type":"WebPage","@id":"https:\/\/inspiratio.ro\/produs\/ach-sapun-lavanda\/","url":"https:\/\/inspiratio.ro\/produs\/ach-sapun-lavanda\/","name":"ACH S\u0103pun Lavand\u0103 - Inspiratio","isPartOf":{"@id":"https:\/\/inspiratio.ro\/#website"},"primaryImageOfPage":{"@id":"https:\/\/inspiratio.ro\/produs\/ach-sapun-lavanda\/#primaryimage"},"image":{"@id":"https:\/\/inspiratio.ro\/produs\/ach-sapun-lavanda\/#primaryimage"},"thumbnailUrl":"https:\/\/inspiratio.ro\/wp-content\/uploads\/2022\/11\/Sapun-Natural-Lavanda.webp","datePublished":"2022-11-21T15:18:34+00:00","dateModified":"2025-11-10T14:18:43+00:00","breadcrumb":{"@id":"https:\/\/inspiratio.ro\/produs\/ach-sapun-lavanda\/#breadcrumb"},"inLanguage":"en-US","potentialAction":[{"@type":"ReadAction","target":["https:\/\/inspiratio.ro\/produs\/ach-sapun-lavanda\/"]}]},{"@type":"ImageObject","inLanguage":"en-US","@id":"https:\/\/inspiratio.ro\/produs\/ach-sapun-lavanda\/#primaryimage","url":"https:\/\/inspiratio.ro\/wp-content\/uploads\/2022\/11\/Sapun-Natural-Lavanda.webp","contentUrl":"https:\/\/inspiratio.ro\/wp-content\/uploads\/2022\/11\/Sapun-Natural-Lavanda.webp","width":800,"height":600},{"@type":"BreadcrumbList","@id":"https:\/\/inspiratio.ro\/produs\/ach-sapun-lavanda\/#breadcrumb","itemListElement":[{"@type":"ListItem","position":1,"name":"Shop","item":"https:\/\/inspiratio.ro\/magazin-cadouri\/"},{"@type":"ListItem","position":2,"name":"ACH S\u0103pun Lavand\u0103"}]},{"@type":"WebSite","@id":"https:\/\/inspiratio.ro\/#website","url":"https:\/\/inspiratio.ro\/","name":"Inspiratio","description":"Las\u0103-te purtat de inspira\u021bie","publisher":{"@id":"https:\/\/inspiratio.ro\/#organization"},"potentialAction":[{"@type":"SearchAction","target":{"@type":"EntryPoint","urlTemplate":"https:\/\/inspiratio.ro\/?s={search_term_string}"},"query-input":{"@type":"PropertyValueSpecification","valueRequired":true,"valueName":"search_term_string"}}],"inLanguage":"en-US"},{"@type":"Organization","@id":"https:\/\/inspiratio.ro\/#organization","name":"Inspiratio","url":"https:\/\/inspiratio.ro\/","logo":{"@type":"ImageObject","inLanguage":"en-US","@id":"https:\/\/inspiratio.ro\/#\/schema\/logo\/image\/","url":"https:\/\/inspiratio.ro\/wp-content\/uploads\/2020\/06\/logo-inspiratio.png","contentUrl":"https:\/\/inspiratio.ro\/wp-content\/uploads\/2020\/06\/logo-inspiratio.png","width":232,"height":209,"caption":"Inspiratio"},"image":{"@id":"https:\/\/inspiratio.ro\/#\/schema\/logo\/image\/"},"sameAs":["https:\/\/www.facebook.com\/inspiratiogiftstudio\/","https:\/\/www.instagram.com\/inspiratio_giftstudio\/"]}]}},"brands":[{"id":142,"name":"Green Bubble","slug":"green-bubble"}],"_links":{"self":[{"href":"https:\/\/inspiratio.ro\/en\/wp-json\/wp\/v2\/product\/4708","targetHints":{"allow":["GET"]}}],"collection":[{"href":"https:\/\/inspiratio.ro\/en\/wp-json\/wp\/v2\/product"}],"about":[{"href":"https:\/\/inspiratio.ro\/en\/wp-json\/wp\/v2\/types\/product"}],"replies":[{"embeddable":true,"href":"https:\/\/inspiratio.ro\/en\/wp-json\/wp\/v2\/comments?post=4708"}],"wp:featuredmedia":[{"embeddable":true,"href":"https:\/\/inspiratio.ro\/en\/wp-json\/wp\/v2\/media\/4709"}],"wp:attachment":[{"href":"https:\/\/inspiratio.ro\/en\/wp-json\/wp\/v2\/media?parent=4708"}],"wp:term":[{"taxonomy":"pwb-brand","embeddable":true,"href":"https:\/\/inspiratio.ro\/en\/wp-json\/wp\/v2\/pwb-brand?post=4708"},{"taxonomy":"product_brand","embeddable":true,"href":"https:\/\/inspiratio.ro\/en\/wp-json\/wp\/v2\/product_brand?post=4708"},{"taxonomy":"product_cat","embeddable":true,"href":"https:\/\/inspiratio.ro\/en\/wp-json\/wp\/v2\/product_cat?post=4708"},{"taxonomy":"product_tag","embeddable":true,"href":"https:\/\/inspiratio.ro\/en\/wp-json\/wp\/v2\/product_tag?post=4708"}],"curies":[{"name":"wp","href":"https:\/\/api.w.org\/{rel}","templated":true}]}}