{"id":4702,"date":"2022-11-21T17:03:49","date_gmt":"2022-11-21T15:03:49","guid":{"rendered":"https:\/\/inspiratio.ro\/?post_type=product&#038;p=4702"},"modified":"2025-11-10T16:19:35","modified_gmt":"2025-11-10T14:19:35","slug":"ach-sapun-ciocolata","status":"publish","type":"product","link":"https:\/\/inspiratio.ro\/en\/produs\/ach-sapun-ciocolata\/","title":{"rendered":"S\u0103pun Ciocolat\u0103"},"content":{"rendered":"<h2>S\u0103pun Natural cu Ciocolat\u0103 Neagr\u0103 \u0219i Scor\u021bi\u0219oar\u0103<\/h2>\n<div dir=\"auto\">\n<p>S\u0103pun Natural cu Ciocolat\u0103 Neagr\u0103 \u0219i Scor\u021bi\u0219oar\u0103. Pe l\u00e2nga mirosul pl\u0103cut de scor\u021bi\u0219oar\u0103 \u0219i cacao, s\u0103punul are \u0219i propriet\u0103\u021bi benefice pentru piele \u0219i spirit. S\u0103punul con\u021bine unt de cacao, cu propriet\u0103\u021bi antioxidante \u0219i de regenerare pentru piele, un ingredient utilizat \u0219i \u00een masajele anticelulitice. Pudra de cacao ofer\u0103 o u\u0219oar\u0103 exfoliere pielii \u0219i ajut\u0103 la reducerea acneei \u0219i a cosurilor.<\/p>\n<p>S\u0103pun natural bogat \u00een antioxidan\u021bi, potrivit pentru \u00eengrijirea pielii cu pori mari, puncte negre, celulit\u0103 \u0219i cu tendin\u021b\u0103 acneic\u0103.<\/p>\n<p>S\u0103punul are un miros pl\u0103cut de cacao \u0219i scor\u021bi\u0219oar\u0103, are propriet\u0103\u021bi antioxidante, ofer\u0103 o cur\u0103\u021bare \u0219i o exfoliere bl\u00e2nd\u0103 pielii. S\u0103punul este hidratant \u0219i emolient, potrivit pentru piele normal\u0103, gras\u0103 \u0219i mixt\u0103.<\/p>\n<table class=\"woocommerce-product-attributes shop_attributes\">\n<tbody>\n<tr class=\"woocommerce-product-attributes-item woocommerce-product-attributes-item--weight\">\n<th class=\"woocommerce-product-attributes-item__label\">Greutate<\/th>\n<td class=\"woocommerce-product-attributes-item__value\">80 g<\/td>\n<\/tr>\n<tr class=\"woocommerce-product-attributes-item woocommerce-product-attributes-item--dimensions\">\n<th class=\"woocommerce-product-attributes-item__label\">Dimensiuni<\/th>\n<td class=\"woocommerce-product-attributes-item__value\">7,5 \u00d7 2 \u00d7 6,5 cm<\/td>\n<\/tr>\n<tr class=\"woocommerce-product-attributes-item woocommerce-product-attributes-item--attribute_propriet%c4%83%c8%9bi\">\n<th class=\"woocommerce-product-attributes-item__label\">Propriet\u0103\u021bi<\/th>\n<td class=\"woocommerce-product-attributes-item__value\">emolient, tonifiant, stimulator, u\u0219or exfoliant, astringent<\/td>\n<\/tr>\n<\/tbody>\n<\/table>\n<h3>Principalele ingrediente active pentru S\u0103pun Natural cu Ciocolat\u0103 Neagr\u0103 \u0219i Scor\u021bi\u0219oar\u0103:<\/h3>\n<p>S\u0103punul este realizat cu Pudr\u0103 Cacao, Unt Cacao, Ulei Cocos, Ulei M\u0103sline, Ulei Floarea Soarelui, Ulei Ricin, Ulei Esen\u021bial Scor\u021bi\u0219oar\u0103\u00a0(s\u0103punul nu con\u021bine ciocolat\u0103 procesat\u0103 ci ingrediente care stau la baza fabric\u0103rii ciocolatei).<\/p>\n<h3>Cacao Pudr\u0103<\/h3>\n<p>Cacaoa pudr\u0103 este un exfoliant bl\u00e2nd bun pentru piele. Pudra de cacao \u00eenmoaie, cur\u0103\u021b\u0103 \u0219i detoxifieaz\u0103 pielea. Pudra de cacao poate cre\u0219te elasticitatea pielii \u0219i poate ajuta la reducerea liniilor fine, ridurilor \u0219i la reduceerea vizibilit\u0103\u021bii cicatricilor.<\/p>\n<h3>Unt cacao<\/h3>\n<p>Untul de cacao are propriet\u0103\u021bi antioxidante \u0219i de regenerare pentru piele. Bogat \u00een substan\u021be nutritive, polifenoli, antioxidan\u021bi \u0219i vitamine, untul de cacao se reg\u0103se\u0219te \u00een compozi\u021bia nenum\u0103ratelor produse cosmetice.<br \/>\nUntul de cacao este emolient, nutritiv \u0219i reparator, ajut\u0103 la regenerarea filmului hidrolipidic al pielii, \u00eent\u0103rind bariera protectoare a pielii \u0219i prevenind deshidratarea. Untul de cacao are \u0219i calit\u0103\u021bi antioxidante, \u00eencetine\u0219te procesul de \u00eemb\u0103tr\u00e2nire cutanat\u0103, \u00eent\u00e2rzie apari\u0163ia ridurilor \u015fi a altor semne de \u00eemb\u0103tr\u00e2nire.<\/p>\n<p>Untul de cacao ajut\u0103 la prevenirea form\u0103rii vergeturilor \u0219i la men\u021binerea elasticit\u0103\u021bii pielii, confer\u0103 pielii un aspect m\u0103t\u0103sos \u015fi str\u0103lucitor.Untul de cacao contribuie la o bronzare natural\u0103 \u015fi uniform\u0103, intensific\u0103 regenerarea \u015fi \u00eent\u0103re\u015fte rezisten\u0163a pielii.<\/p>\n<h3>Ulei Esen\u021bial Scor\u021bi\u0219oar\u0103<\/h3>\n<p>Uleiul esen\u021bial de scor\u021bi\u0219oar\u0103 este un antifungic, antiparazitar \u0219i antibacterian puternic cu spectru larg. Uleiul esen\u021bial de scor\u021bi\u0219oar\u0103 este termoactiv local, mic\u0219oreaz\u0103 porii, favorizeaz\u0103 circula\u021bia sanguin\u0103 \u0219i limfatic\u0103, este tonifiant \u0219i un stimulator fizic \u0219i psihic.<\/p>\n<h3>Ulei Ricin<\/h3>\n<p>Uleiul de ricin este renumit pentru propriet\u0103\u021bile sale de regenerare \u0219i fortificare a p\u0103rului, genelor \u0219i spr\u00e2ncenelor. Uleiul de ricin este apreciat pentru efectul de stimulare a cre\u0219terii p\u0103rului \u0219i combaterea c\u0103derii p\u0103rului.<\/p>\n<h3 dir=\"auto\">Ulei Cocos<\/h3>\n<p>Uleiul de Cocos este un ulei care hidrateaz\u0103 \u0219i calmeaz\u0103 pielea afectat\u0103 de ro\u0219ea\u021b\u0103 \u0219i irita\u021bii. Este un ingredient nutritiv, emolient, care las\u0103 pielea fin\u0103, m\u0103t\u0103soas\u0103, moale \u0219i hidratat\u0103.<\/p>\n<p>Uleiul de cocos are propriet\u0103\u021bi excelente de cur\u0103\u021bare \u0219i spumare \u00een produsele cosmetice. Acizii gra\u0219i din uleiul de cocos ajut\u0103 la \u00eendep\u0103rtarea murdariei, \u0219i a altor impurit\u0103\u021bi ale pielii. Are propriet\u0103\u021bi de a men\u021bine pielea hidratat\u0103, de a reduce inflama\u021bia pielii, este cicatrizant, antimicrobian \u0219i poate ajuta \u00een cazul acneei.<\/p>\n<h3>Ulei Floarea Soarelui<\/h3>\n<p>Uleiul de floarea soarelui este uleiul vegetal cu cel mai mare con\u021binut de vitamina E (alfa-tocoferol). Con\u021binutul ridicat de vitamina E face ca uleiul de floarea soarelui s\u0103 aib\u0103 un posibil efect benefic \u00eempotriva \u00eemb\u0103tr\u00e2nirii premature a pielii. Efectul antioxidant al vitaminei E (alfa-tocoferolul) poate reduce riscul de inflama\u021bii prin neutralizarea radicalilor liberi.<\/p>\n<p>Uleiul de floarea-soarelui este un ulei care se absorbe u\u0219or \u00een piele \u0219i nu va \u00eenfunda porii. Nu este iritant pentru majoritatea oamenilor \u0219i poate fi utilizat pe toate tipurile de piele, inclusiv uscat\u0103, normal\u0103, gras\u0103 \u0219i predispus\u0103 la acnee.<\/p>\n<h3>Vitamina E<\/h3>\n<p>Vitamina E este un antioxidant puternic benefic pentru piele ca activ anti-aging, regenerator \u0219i protector. Vitamina E este cunoscut\u0103 pentru efectul s\u0103u calmant, antiinflamator, protector pentru piele. Protejeaz\u0103 pielea de daunele factorilor de mediu \u0219i \u00eembun\u0103t\u0103\u021be\u0219te elasticitatea pielii.<\/p>\n<p>Vitamina E este recomandat \u00een special pentru pielea uscat\u0103, matur\u0103 \u0219i pentru \u00eengrijirea pielii dup\u0103 expunerea la soare.<\/p>\n<h3>Mod de Utilizare S\u0103pun Natural cu Ciocolat\u0103 Neagr\u0103 \u0219i Scor\u021bi\u0219oar\u0103<\/h3>\n<p>Umeze\u0219te m\u00e2inile cu ap\u0103 \u0219i freac\u0103 s\u0103punul cu palmele pentru a produce cl\u0103buci. Freac\u0103 m\u00e2inile la \u00eencheieturi, \u00eentre degete \u0219i pe spatele palmelor pentru a le sp\u0103la, dup\u0103 care cl\u0103te\u0219tele cu ap\u0103. Dac\u0103 este nevoie, repet\u0103 \u00eenc\u0103 o dat\u0103 procedura. \u0218terge m\u00e2inile cu un prosop curat.<\/p>\n<p>Cu m\u00e2inile curate, acum po\u021bi sp\u0103la \u0219i fa\u021ba, sau alte p\u0103r\u021bi ale corpului. Pentru un efect exfoliant mai intens, aplic\u0103 s\u0103punul direct pe piele prin mi\u0219c\u0103ri bl\u00e2nde f\u0103r\u0103 a aplica presiune mare. Dac\u0103 efectul exfoliant este prea intens pentru tine, folose\u0219te o m\u0103nu\u0219\u0103 sau un prosopel. S\u0103pune\u0219te prosopelul umed \u0219i aplic\u0103 pe corp prin mi\u0219c\u0103ri bl\u00e2nde, dup\u0103 care cl\u0103te\u0219te cu ap\u0103.<\/p>\n<p>Sp\u0103latul frecvent pe m\u00e2ini este cea mai eficient\u0103 metod\u0103 de prevenire a \u00eemboln\u0103virii si r\u0103sp\u00e2ndirii bolilor. Evit\u0103 folosirea s\u0103punurilor antibacteriene. Acestea nu sunt mai eficiente \u00een comparatie cu s\u0103punurile naturale, din contr\u0103, \u00een timp pot duce la dezvoltarea unor bacterii rezistente.<\/p>\n<p>Culoarea, mirosul specific si beneficiile produsului sunt rezultatul combinatiei de ingrediente si extracte naturale folosite.<\/p>\n<p>Fere\u0219te contactul cu ochii. \u00cen caz de alergie la unul din ingrediente, sp\u0103la\u021bi locul cu ap\u0103 din abunden\u021b\u0103 \u0219i opri\u021bi utilizarea produsului. A se p\u0103stra \u00eentre 5-25\u00b0C, \u00een loc curat, ferit de razele soarelui. Produsul nu a fost testat pe animale.<\/p>\n<p>Pentru o durat\u0103 c\u00e2t mai lung\u0103 de utilizare, men\u021bine s\u0103punul c\u00e2t mai uscat f\u0103r\u0103 s\u0103 stea \u00een ap\u0103. Recomand\u0103m folosirea unei s\u0103puniere cu magnet sau cu grilaj\/g\u0103uri de scurgere pentru a permite o uscare c\u00e2t mai rapid\u0103 a s\u0103punului.<\/p>\n<\/div>\n","protected":false},"excerpt":{"rendered":"<p>S\u0103pun Natural cu Ciocolat\u0103 Neagr\u0103 \u0219i Scor\u021bi\u0219oar\u0103 S\u0103pun Natural cu Ciocolat\u0103 Neagr\u0103 \u0219i Scor\u021bi\u0219oar\u0103. Pe l\u00e2nga mirosul pl\u0103cut de scor\u021bi\u0219oar\u0103 \u0219i cacao, s\u0103punul are \u0219i propriet\u0103\u021bi benefice pentru piele \u0219i spirit. S\u0103punul con\u021bine unt de cacao, cu propriet\u0103\u021bi antioxidante \u0219i de regenerare pentru piele, un ingredient utilizat \u0219i \u00een masajele anticelulitice. Pudra de cacao ofer\u0103 [&hellip;]<\/p>\n","protected":false},"featured_media":4703,"comment_status":"open","ping_status":"closed","template":"","meta":[],"pwb-brand":[142],"product_brand":[],"product_cat":[77],"product_tag":[],"class_list":{"0":"post-4702","1":"product","2":"type-product","3":"status-publish","4":"has-post-thumbnail","6":"pwb-brand-green-bubble","7":"product_cat-cosmetice-naturale","9":"first","10":"instock","11":"taxable","12":"shipping-taxable","13":"purchasable","14":"product-type-simple"},"yoast_head":"<!-- This site is optimized with the Yoast SEO plugin v26.9 - https:\/\/yoast.com\/product\/yoast-seo-wordpress\/ -->\n<title>ACH S\u0103pun Ciocolat\u0103 - Inspiratio<\/title>\n<meta name=\"robots\" content=\"index, follow, max-snippet:-1, max-image-preview:large, max-video-preview:-1\" \/>\n<link rel=\"canonical\" href=\"https:\/\/inspiratio.ro\/produs\/ach-sapun-ciocolata\/\" \/>\n<meta property=\"og:locale\" content=\"en_US\" \/>\n<meta property=\"og:type\" content=\"article\" \/>\n<meta property=\"og:title\" content=\"ACH S\u0103pun Ciocolat\u0103 - Inspiratio\" \/>\n<meta property=\"og:description\" content=\"S\u0103pun Natural cu Ciocolat\u0103 Neagr\u0103 \u0219i Scor\u021bi\u0219oar\u0103 S\u0103pun Natural cu Ciocolat\u0103 Neagr\u0103 \u0219i Scor\u021bi\u0219oar\u0103. Pe l\u00e2nga mirosul pl\u0103cut de scor\u021bi\u0219oar\u0103 \u0219i cacao, s\u0103punul are \u0219i propriet\u0103\u021bi benefice pentru piele \u0219i spirit. S\u0103punul con\u021bine unt de cacao, cu propriet\u0103\u021bi antioxidante \u0219i de regenerare pentru piele, un ingredient utilizat \u0219i \u00een masajele anticelulitice. Pudra de cacao ofer\u0103 [&hellip;]\" \/>\n<meta property=\"og:url\" content=\"https:\/\/inspiratio.ro\/produs\/ach-sapun-ciocolata\/\" \/>\n<meta property=\"og:site_name\" content=\"Inspiratio\" \/>\n<meta property=\"article:publisher\" content=\"https:\/\/www.facebook.com\/inspiratiogiftstudio\/\" \/>\n<meta property=\"article:modified_time\" content=\"2025-11-10T14:19:35+00:00\" \/>\n<meta property=\"og:image\" content=\"https:\/\/inspiratio.ro\/wp-content\/uploads\/2022\/11\/Sapun-Natural-cu-Ciocolata-Neagra-si-Scortisoara.webp\" \/>\n\t<meta property=\"og:image:width\" content=\"800\" \/>\n\t<meta property=\"og:image:height\" content=\"600\" \/>\n\t<meta property=\"og:image:type\" content=\"image\/webp\" \/>\n<meta name=\"twitter:card\" content=\"summary_large_image\" \/>\n<meta name=\"twitter:label1\" content=\"Est. reading time\" \/>\n\t<meta name=\"twitter:data1\" content=\"5 minutes\" \/>\n<script type=\"application\/ld+json\" class=\"yoast-schema-graph\">{\"@context\":\"https:\/\/schema.org\",\"@graph\":[{\"@type\":\"WebPage\",\"@id\":\"https:\/\/inspiratio.ro\/produs\/ach-sapun-ciocolata\/\",\"url\":\"https:\/\/inspiratio.ro\/produs\/ach-sapun-ciocolata\/\",\"name\":\"ACH S\u0103pun Ciocolat\u0103 - Inspiratio\",\"isPartOf\":{\"@id\":\"https:\/\/inspiratio.ro\/#website\"},\"primaryImageOfPage\":{\"@id\":\"https:\/\/inspiratio.ro\/produs\/ach-sapun-ciocolata\/#primaryimage\"},\"image\":{\"@id\":\"https:\/\/inspiratio.ro\/produs\/ach-sapun-ciocolata\/#primaryimage\"},\"thumbnailUrl\":\"https:\/\/inspiratio.ro\/wp-content\/uploads\/2022\/11\/Sapun-Natural-cu-Ciocolata-Neagra-si-Scortisoara.webp\",\"datePublished\":\"2022-11-21T15:03:49+00:00\",\"dateModified\":\"2025-11-10T14:19:35+00:00\",\"breadcrumb\":{\"@id\":\"https:\/\/inspiratio.ro\/produs\/ach-sapun-ciocolata\/#breadcrumb\"},\"inLanguage\":\"en-US\",\"potentialAction\":[{\"@type\":\"ReadAction\",\"target\":[\"https:\/\/inspiratio.ro\/produs\/ach-sapun-ciocolata\/\"]}]},{\"@type\":\"ImageObject\",\"inLanguage\":\"en-US\",\"@id\":\"https:\/\/inspiratio.ro\/produs\/ach-sapun-ciocolata\/#primaryimage\",\"url\":\"https:\/\/inspiratio.ro\/wp-content\/uploads\/2022\/11\/Sapun-Natural-cu-Ciocolata-Neagra-si-Scortisoara.webp\",\"contentUrl\":\"https:\/\/inspiratio.ro\/wp-content\/uploads\/2022\/11\/Sapun-Natural-cu-Ciocolata-Neagra-si-Scortisoara.webp\",\"width\":800,\"height\":600},{\"@type\":\"BreadcrumbList\",\"@id\":\"https:\/\/inspiratio.ro\/produs\/ach-sapun-ciocolata\/#breadcrumb\",\"itemListElement\":[{\"@type\":\"ListItem\",\"position\":1,\"name\":\"Shop\",\"item\":\"https:\/\/inspiratio.ro\/magazin-cadouri\/\"},{\"@type\":\"ListItem\",\"position\":2,\"name\":\"ACH S\u0103pun Ciocolat\u0103\"}]},{\"@type\":\"WebSite\",\"@id\":\"https:\/\/inspiratio.ro\/#website\",\"url\":\"https:\/\/inspiratio.ro\/\",\"name\":\"Inspiratio\",\"description\":\"Las\u0103-te purtat de inspira\u021bie\",\"publisher\":{\"@id\":\"https:\/\/inspiratio.ro\/#organization\"},\"potentialAction\":[{\"@type\":\"SearchAction\",\"target\":{\"@type\":\"EntryPoint\",\"urlTemplate\":\"https:\/\/inspiratio.ro\/?s={search_term_string}\"},\"query-input\":{\"@type\":\"PropertyValueSpecification\",\"valueRequired\":true,\"valueName\":\"search_term_string\"}}],\"inLanguage\":\"en-US\"},{\"@type\":\"Organization\",\"@id\":\"https:\/\/inspiratio.ro\/#organization\",\"name\":\"Inspiratio\",\"url\":\"https:\/\/inspiratio.ro\/\",\"logo\":{\"@type\":\"ImageObject\",\"inLanguage\":\"en-US\",\"@id\":\"https:\/\/inspiratio.ro\/#\/schema\/logo\/image\/\",\"url\":\"https:\/\/inspiratio.ro\/wp-content\/uploads\/2020\/06\/logo-inspiratio.png\",\"contentUrl\":\"https:\/\/inspiratio.ro\/wp-content\/uploads\/2020\/06\/logo-inspiratio.png\",\"width\":232,\"height\":209,\"caption\":\"Inspiratio\"},\"image\":{\"@id\":\"https:\/\/inspiratio.ro\/#\/schema\/logo\/image\/\"},\"sameAs\":[\"https:\/\/www.facebook.com\/inspiratiogiftstudio\/\",\"https:\/\/www.instagram.com\/inspiratio_giftstudio\/\"]}]}<\/script>\n<!-- \/ Yoast SEO plugin. -->","yoast_head_json":{"title":"ACH S\u0103pun Ciocolat\u0103 - Inspiratio","robots":{"index":"index","follow":"follow","max-snippet":"max-snippet:-1","max-image-preview":"max-image-preview:large","max-video-preview":"max-video-preview:-1"},"canonical":"https:\/\/inspiratio.ro\/produs\/ach-sapun-ciocolata\/","og_locale":"en_US","og_type":"article","og_title":"ACH S\u0103pun Ciocolat\u0103 - Inspiratio","og_description":"S\u0103pun Natural cu Ciocolat\u0103 Neagr\u0103 \u0219i Scor\u021bi\u0219oar\u0103 S\u0103pun Natural cu Ciocolat\u0103 Neagr\u0103 \u0219i Scor\u021bi\u0219oar\u0103. Pe l\u00e2nga mirosul pl\u0103cut de scor\u021bi\u0219oar\u0103 \u0219i cacao, s\u0103punul are \u0219i propriet\u0103\u021bi benefice pentru piele \u0219i spirit. S\u0103punul con\u021bine unt de cacao, cu propriet\u0103\u021bi antioxidante \u0219i de regenerare pentru piele, un ingredient utilizat \u0219i \u00een masajele anticelulitice. Pudra de cacao ofer\u0103 [&hellip;]","og_url":"https:\/\/inspiratio.ro\/produs\/ach-sapun-ciocolata\/","og_site_name":"Inspiratio","article_publisher":"https:\/\/www.facebook.com\/inspiratiogiftstudio\/","article_modified_time":"2025-11-10T14:19:35+00:00","og_image":[{"width":800,"height":600,"url":"https:\/\/inspiratio.ro\/wp-content\/uploads\/2022\/11\/Sapun-Natural-cu-Ciocolata-Neagra-si-Scortisoara.webp","type":"image\/webp"}],"twitter_card":"summary_large_image","twitter_misc":{"Est. reading time":"5 minutes"},"schema":{"@context":"https:\/\/schema.org","@graph":[{"@type":"WebPage","@id":"https:\/\/inspiratio.ro\/produs\/ach-sapun-ciocolata\/","url":"https:\/\/inspiratio.ro\/produs\/ach-sapun-ciocolata\/","name":"ACH S\u0103pun Ciocolat\u0103 - Inspiratio","isPartOf":{"@id":"https:\/\/inspiratio.ro\/#website"},"primaryImageOfPage":{"@id":"https:\/\/inspiratio.ro\/produs\/ach-sapun-ciocolata\/#primaryimage"},"image":{"@id":"https:\/\/inspiratio.ro\/produs\/ach-sapun-ciocolata\/#primaryimage"},"thumbnailUrl":"https:\/\/inspiratio.ro\/wp-content\/uploads\/2022\/11\/Sapun-Natural-cu-Ciocolata-Neagra-si-Scortisoara.webp","datePublished":"2022-11-21T15:03:49+00:00","dateModified":"2025-11-10T14:19:35+00:00","breadcrumb":{"@id":"https:\/\/inspiratio.ro\/produs\/ach-sapun-ciocolata\/#breadcrumb"},"inLanguage":"en-US","potentialAction":[{"@type":"ReadAction","target":["https:\/\/inspiratio.ro\/produs\/ach-sapun-ciocolata\/"]}]},{"@type":"ImageObject","inLanguage":"en-US","@id":"https:\/\/inspiratio.ro\/produs\/ach-sapun-ciocolata\/#primaryimage","url":"https:\/\/inspiratio.ro\/wp-content\/uploads\/2022\/11\/Sapun-Natural-cu-Ciocolata-Neagra-si-Scortisoara.webp","contentUrl":"https:\/\/inspiratio.ro\/wp-content\/uploads\/2022\/11\/Sapun-Natural-cu-Ciocolata-Neagra-si-Scortisoara.webp","width":800,"height":600},{"@type":"BreadcrumbList","@id":"https:\/\/inspiratio.ro\/produs\/ach-sapun-ciocolata\/#breadcrumb","itemListElement":[{"@type":"ListItem","position":1,"name":"Shop","item":"https:\/\/inspiratio.ro\/magazin-cadouri\/"},{"@type":"ListItem","position":2,"name":"ACH S\u0103pun Ciocolat\u0103"}]},{"@type":"WebSite","@id":"https:\/\/inspiratio.ro\/#website","url":"https:\/\/inspiratio.ro\/","name":"Inspiratio","description":"Las\u0103-te purtat de inspira\u021bie","publisher":{"@id":"https:\/\/inspiratio.ro\/#organization"},"potentialAction":[{"@type":"SearchAction","target":{"@type":"EntryPoint","urlTemplate":"https:\/\/inspiratio.ro\/?s={search_term_string}"},"query-input":{"@type":"PropertyValueSpecification","valueRequired":true,"valueName":"search_term_string"}}],"inLanguage":"en-US"},{"@type":"Organization","@id":"https:\/\/inspiratio.ro\/#organization","name":"Inspiratio","url":"https:\/\/inspiratio.ro\/","logo":{"@type":"ImageObject","inLanguage":"en-US","@id":"https:\/\/inspiratio.ro\/#\/schema\/logo\/image\/","url":"https:\/\/inspiratio.ro\/wp-content\/uploads\/2020\/06\/logo-inspiratio.png","contentUrl":"https:\/\/inspiratio.ro\/wp-content\/uploads\/2020\/06\/logo-inspiratio.png","width":232,"height":209,"caption":"Inspiratio"},"image":{"@id":"https:\/\/inspiratio.ro\/#\/schema\/logo\/image\/"},"sameAs":["https:\/\/www.facebook.com\/inspiratiogiftstudio\/","https:\/\/www.instagram.com\/inspiratio_giftstudio\/"]}]}},"brands":[{"id":142,"name":"Green Bubble","slug":"green-bubble"}],"_links":{"self":[{"href":"https:\/\/inspiratio.ro\/en\/wp-json\/wp\/v2\/product\/4702","targetHints":{"allow":["GET"]}}],"collection":[{"href":"https:\/\/inspiratio.ro\/en\/wp-json\/wp\/v2\/product"}],"about":[{"href":"https:\/\/inspiratio.ro\/en\/wp-json\/wp\/v2\/types\/product"}],"replies":[{"embeddable":true,"href":"https:\/\/inspiratio.ro\/en\/wp-json\/wp\/v2\/comments?post=4702"}],"wp:featuredmedia":[{"embeddable":true,"href":"https:\/\/inspiratio.ro\/en\/wp-json\/wp\/v2\/media\/4703"}],"wp:attachment":[{"href":"https:\/\/inspiratio.ro\/en\/wp-json\/wp\/v2\/media?parent=4702"}],"wp:term":[{"taxonomy":"pwb-brand","embeddable":true,"href":"https:\/\/inspiratio.ro\/en\/wp-json\/wp\/v2\/pwb-brand?post=4702"},{"taxonomy":"product_brand","embeddable":true,"href":"https:\/\/inspiratio.ro\/en\/wp-json\/wp\/v2\/product_brand?post=4702"},{"taxonomy":"product_cat","embeddable":true,"href":"https:\/\/inspiratio.ro\/en\/wp-json\/wp\/v2\/product_cat?post=4702"},{"taxonomy":"product_tag","embeddable":true,"href":"https:\/\/inspiratio.ro\/en\/wp-json\/wp\/v2\/product_tag?post=4702"}],"curies":[{"name":"wp","href":"https:\/\/api.w.org\/{rel}","templated":true}]}}