{"id":4700,"date":"2022-11-21T16:58:19","date_gmt":"2022-11-21T14:58:19","guid":{"rendered":"https:\/\/inspiratio.ro\/?post_type=product&#038;p=4700"},"modified":"2025-11-10T16:19:47","modified_gmt":"2025-11-10T14:19:47","slug":"ach-sapun-catina","status":"publish","type":"product","link":"https:\/\/inspiratio.ro\/en\/produs\/ach-sapun-catina\/","title":{"rendered":"S\u0103pun C\u0103tin\u0103"},"content":{"rendered":"<div dir=\"auto\">\n<div id=\"jsc_c_16k\" class=\"ecm0bbzt hv4rvrfc ihqw7lf3 dati1w0a\" data-ad-comet-preview=\"message\" data-ad-preview=\"message\">\n<div class=\"j83agx80 cbu4d94t ew0dbk1b irj2b8pg\">\n<div class=\"qzhwtbm6 knvmm38d\">\n<div class=\"o9v6fnle cxmmr5t8 oygrvhab hcukyx3x c1et5uql ii04i59q\">\n<h2 dir=\"auto\">S\u0103pun Natural cu C\u0103tin\u0103 \u0219i Lavand\u0103<\/h2>\n<\/div>\n<\/div>\n<\/div>\n<\/div>\n<\/div>\n<div dir=\"auto\">\n<div id=\"jsc_c_16k\" class=\"ecm0bbzt hv4rvrfc ihqw7lf3 dati1w0a\" data-ad-comet-preview=\"message\" data-ad-preview=\"message\">\n<div class=\"j83agx80 cbu4d94t ew0dbk1b irj2b8pg\">\n<div class=\"qzhwtbm6 knvmm38d\">\n<div dir=\"auto\">\n<p>S\u0103pun Natural cu C\u0103tin\u0103 \u0219i Lavand\u0103. S\u0103punul este un tonic \u0219i un stimulator general, este emolient, hidratant, potrivit pentru pielea mixt\u0103, uscat\u0103, delicat\u0103, sensibil\u0103 \u0219i cu imperfectiuni. Un s\u0103pun natural solid, cu un miros floral de Lavand\u0103, benefic pentru corp, fa\u021b\u0103 \u0219i m\u00e2ini.<\/p>\n<\/div>\n<div dir=\"auto\">\n<div id=\"jsc_c_16k\" class=\"ecm0bbzt hv4rvrfc ihqw7lf3 dati1w0a\" data-ad-comet-preview=\"message\" data-ad-preview=\"message\">\n<div class=\"j83agx80 cbu4d94t ew0dbk1b irj2b8pg\">\n<div class=\"qzhwtbm6 knvmm38d\">\n<div class=\"kvgmc6g5 cxmmr5t8 oygrvhab hcukyx3x c1et5uql ii04i59q\">\n<div dir=\"auto\">S\u0103punul cura\u021b\u0103 delicat \u0219i eficient \u0219i este potrivit pentru igiena zilnic\u0103 a pielii.<\/div>\n<div dir=\"auto\"><\/div>\n<\/div>\n<div dir=\"auto\">\n<table class=\"woocommerce-product-attributes shop_attributes\">\n<tbody>\n<tr class=\"woocommerce-product-attributes-item woocommerce-product-attributes-item--weight\">\n<th class=\"woocommerce-product-attributes-item__label\">Greutate<\/th>\n<td class=\"woocommerce-product-attributes-item__value\">80 g<\/td>\n<\/tr>\n<tr class=\"woocommerce-product-attributes-item woocommerce-product-attributes-item--dimensions\">\n<th class=\"woocommerce-product-attributes-item__label\">Dimensiuni<\/th>\n<td class=\"woocommerce-product-attributes-item__value\">7,5 \u00d7 2 \u00d7 6,5 cm<\/td>\n<\/tr>\n<tr class=\"woocommerce-product-attributes-item woocommerce-product-attributes-item--attribute_pa_proprietati\">\n<th class=\"woocommerce-product-attributes-item__label\">Propriet\u0103\u021bi<\/th>\n<td class=\"woocommerce-product-attributes-item__value\">Antibacterian, Calmant, Emolient, Hidratant<\/td>\n<\/tr>\n<\/tbody>\n<\/table>\n<\/div>\n<\/div>\n<\/div>\n<\/div>\n<\/div>\n<div dir=\"auto\">\n<h3>Principalele ingrediente active pentru S\u0103pun Natural cu C\u0103tin\u0103 \u0219i Lavand\u0103:<\/h3>\n<p>S\u0103punul este realizat cu Pulp\u0103 de C\u0103tin\u0103,\u00a0Ulei de M\u0103sline, Ulei de Cocos, Ulei de Floarea Soarelui, Ulei de Ricin, Unt Shea, Vitamina E, Ulei Esen\u021bial Lavand\u0103.<\/p>\n<h3>Pulp\u0103 C\u0103tin\u0103<\/h3>\n<p>Pulp\u0103 din fructul integral de c\u0103tin\u0103 (f\u0103r\u0103 s\u00e2mburi) este cunoscut\u0103 ca un ingredient s\u0103n\u0103tos, puternic anti-\u00eemb\u0103tr\u00e2nire, care diminueaz\u0103 irita\u021biile pielii.<\/p>\n<p>Fructele din planta de c\u0103tin\u0103 ofer\u0103 beneficii antioxidante pielii. Acestea con\u021bin p\u00e2n\u0103 la o cantitate de 12 ori mai mare de vitamina C comparativ cu portocale! Acest lucru \u00eel face excelent pentru str\u0103lucirea pielii \u0219i pentru a diminua pigmentare sau petele de v\u00e2rst\u0103. C\u0103tina con\u021bine peste 20 de minerale \u0219i 60 de antioxidan\u021bi, de 3 ori mai mult\u0103 vitamina A dec\u00e2t morcovii \u0219i o cantitate mare de vitamina E. C\u0103tina con\u021bine, de asemenea, acizi gra\u0219i \u0219i Omega 3, 6, 7 \u0219i 9.<\/p>\n<p>Datorit\u0103 tuturor acelor vitamine \u0219i minerale, c\u0103tina poate promova s\u0103n\u0103tatea general\u0103 a pielii prin cre\u0219terea elasticit\u0103\u021bii \u0219i hidrat\u0103rii, precum \u0219i combaterea bacteriilor care provoac\u0103 acnee.<\/p>\n<\/div>\n<\/div>\n<\/div>\n<\/div>\n<\/div>\n<p>Un aspect unic al acestor fructe este capacitatea lor de a ajuta la stabilizarea elementelor din piele care, \u00een mod normal, s-ar descompune \u00een prezen\u021ba altor tipuri de radicali liberi. La fel ca alte fructe de p\u0103dure, are \u0219i un efect calmant pronun\u021bat asupra pielii.<\/p>\n<div dir=\"auto\">\n<div id=\"jsc_c_16k\" class=\"ecm0bbzt hv4rvrfc ihqw7lf3 dati1w0a\" data-ad-comet-preview=\"message\" data-ad-preview=\"message\">\n<div class=\"j83agx80 cbu4d94t ew0dbk1b irj2b8pg\">\n<div class=\"qzhwtbm6 knvmm38d\">\n<div dir=\"auto\">\n<h3><strong>Ulei Esen\u021bial de Lavand\u0103\u00a0<span class=\"pq6dq46d tbxw36s4 knj5qynh kvgmc6g5 ditlmg2l oygrvhab nvdbi5me sf5mxxl7 rgmg9uty b73ngqbp\"><img loading=\"lazy\" decoding=\"async\" class=\"jetpack-lazy-image jetpack-lazy-image--handled\" src=\"https:\/\/static.xx.fbcdn.net\/images\/emoji.php\/v9\/t5a\/1\/24\/1f7e3.png\" alt=\"\ud83d\udfe3\" width=\"24\" height=\"24\" data-lazy-loaded=\"1\" \/><\/span><\/strong><\/h3>\n<p>Uleiul esen\u021bial de lavand\u0103 este lini\u0219titor, are un miros proasp\u0103t este folosit pentru a ameliora stresul \u0219i nervozitatea. Renumit pentru propriet\u0103\u021bile sale relaxante \u0219i lini\u0219titoare, este de asemenea un aliat puternic pentru sportivi, \u00eenainte \u0219i dup\u0103 exerci\u021bii.<br \/>\nUleiul esen\u021bial de lavand\u0103 este utilizat \u00een creme prentru atenuarea diverselor probleme de piele \u0219i pentru regenerarea pielii. Uleiul esen\u021bial de lavand\u0103 este apreciat pentru parfumul s\u0103u deosebit care favorizeaz\u0103 somnul \u0219i calmeaz\u0103 sistemul nervos.<\/p>\n<p>Uleiul esen\u021bial de lavand\u0103 este cicatrizant, regenerator \u0219i reparator pentru piele, ajut\u0103 la refacerea pielii r\u0103nite, afectate de eczeme, urticarii, psoriazis, acnee, lini\u0219te\u0219te pielea r\u0103nit\u0103, \u00eenro\u0219it\u0103, ars\u0103 de soare sau \u00een\u021bepat\u0103 de insecte. Acest ulei este un echilibrant al sistemului nervos.<\/p>\n<h3>Unt Shea<\/h3>\n<p>Uleiul de shea are propriet\u0103\u021bi emoliente, hr\u0103nitoare \u0219i protectoare pentru piele. Untul de shea men\u021bine nivelul optim de hidratare, faciliteaz\u0103 regenerarea pielii deteriorate \u0219i calmeaz\u0103 \u0219i reduce irita\u021biile pielii. Untul de shea s-a dovedit a fi pentru regenerarea zonelor uscate, precum c\u0103lc\u00e2iele, genunchii sau coatele \u0219i pentru reducerea semnelor de \u00eemb\u0103tr\u00e2nire ale pielii.<\/p>\n<h3>Ulei Ricin<\/h3>\n<p>Uleiul de ricin este renumit pentru propriet\u0103\u021bile sale de regenerare \u0219i fortificare a p\u0103rului, genelor \u0219i spr\u00e2ncenelor. Uleiul de ricin este apreciat pentru efectul de stimulare a cre\u0219terii p\u0103rului \u0219i combaterea c\u0103derii p\u0103rului.<\/p>\n<h3 dir=\"auto\">Ulei Cocos<\/h3>\n<p>Uleiul de Cocos este un ulei care hidrateaz\u0103 \u0219i calmeaz\u0103 pielea afectat\u0103 de ro\u0219ea\u021b\u0103 \u0219i irita\u021bii. Este un ingredient nutritiv, emolient, care las\u0103 pielea fin\u0103, m\u0103t\u0103soas\u0103, moale \u0219i hidratat\u0103.<\/p>\n<p>Uleiul de cocos are propriet\u0103\u021bi excelente de cur\u0103\u021bare \u0219i spumare \u00een produsele cosmetice. Acizii gra\u0219i din uleiul de cocos ajut\u0103 la \u00eendep\u0103rtarea murdariei, \u0219i a altor impurit\u0103\u021bi ale pielii. Are propriet\u0103\u021bi de a men\u021bine pielea hidratat\u0103, de a reduce inflama\u021bia pielii, este cicatrizant, antimicrobian \u0219i poate ajuta \u00een cazul acneei.<\/p>\n<h3>Ulei Floarea Soarelui<\/h3>\n<p>Uleiul de floarea soarelui este uleiul vegetal cu cel mai mare con\u021binut de vitamina E (alfa-tocoferol). Con\u021binutul ridicat de vitamina E face ca uleiul de floarea soarelui s\u0103 aib\u0103 un posibil efect benefic \u00eempotriva \u00eemb\u0103tr\u00e2nirii premature a pielii. Efectul antioxidant al vitaminei E (alfa-tocoferolul) poate reduce riscul de inflama\u021bii prin neutralizarea radicalilor liberi.<\/p>\n<p>Uleiul de floarea-soarelui este un ulei care se absorbe u\u0219or \u00een piele \u0219i nu va \u00eenfunda porii. Nu este iritant pentru majoritatea oamenilor \u0219i poate fi utilizat pe toate tipurile de piele, inclusiv uscat\u0103, normal\u0103, gras\u0103 \u0219i predispus\u0103 la acnee.<\/p>\n<h3>Vitamina E<\/h3>\n<p>Vitamina E este un antioxidant puternic benefic pentru piele ca activ anti-aging, regenerator \u0219i protector. Vitamina E este cunoscut\u0103 pentru efectul s\u0103u calmant, antiinflamator, protector pentru piele. Protejeaz\u0103 pielea de daunele factorilor de mediu \u0219i \u00eembun\u0103t\u0103\u021be\u0219te elasticitatea pielii.<\/p>\n<p>Vitamina E este recomandat \u00een special pentru pielea uscat\u0103, matur\u0103 \u0219i pentru \u00eengrijirea pielii dup\u0103 expunerea la soare.<\/p>\n<h3>Mod de Utilizare S\u0103pun Natural cu C\u0103tin\u0103 \u0219i Lavand\u0103<\/h3>\n<p>Umeze\u0219te m\u00e2inile cu ap\u0103 \u0219i freac\u0103 s\u0103punul cu palmele pentru a produce cl\u0103buci. Freac\u0103 m\u00e2inile la \u00eencheieturi, \u00eentre degete \u0219i pe spatele palmelor pentru a le sp\u0103la, dup\u0103 care cl\u0103te\u0219tele cu ap\u0103. Dac\u0103 este nevoie, repet\u0103 \u00eenc\u0103 o dat\u0103 procedura. \u0218terge m\u00e2inile cu un prosop curat.<\/p>\n<p>Cu m\u00e2inile curate, acum po\u021bi sp\u0103la \u0219i fa\u021ba, sau alte p\u0103r\u021bi ale corpului. Pentru o cur\u0103\u021bare mai eficient\u0103, a corpului, folose\u0219te o m\u0103nu\u0219\u0103 sau un prosopel. S\u0103pune\u0219te prosopelul umed \u0219i aplic\u0103 pe corp prin mi\u0219c\u0103ri bl\u00e2nde,\u00a0dup\u0103 care cl\u0103te\u0219te cu ap\u0103.<\/p>\n<p>Sp\u0103latul frecvent pe m\u00e2ini este cea mai eficient\u0103 metod\u0103 de prevenire a \u00eemboln\u0103virii si r\u0103sp\u00e2ndirii bolilor. Evit\u0103 folosirea s\u0103punurilor antibacteriene. Acestea nu sunt mai eficiente \u00een comparatie cu s\u0103punurile naturale, din contr\u0103, \u00een timp pot duce la dezvoltarea unor bacterii rezistente.<\/p>\n<p>Culoarea, mirosul specific si beneficiile produsului sunt rezultatul combinatiei de ingrediente si extracte naturale folosite.<\/p>\n<p>Fere\u0219te contactul cu ochii. \u00cen caz de alergie la unul din ingrediente, sp\u0103la\u021bi locul cu ap\u0103 din abunden\u021b\u0103 \u0219i opri\u021bi utilizarea produsului. A se p\u0103stra \u00eentre 5-25\u00b0C, \u00een loc curat, ferit de razele soarelui. Produsul nu a fost testat pe animale.<\/p>\n<\/div>\n<\/div>\n<\/div>\n<\/div>\n<\/div>\n<p>Pentru o durat\u0103 c\u00e2t mai lung\u0103 de utilizare, men\u021bine s\u0103punul c\u00e2t mai uscat f\u0103r\u0103 s\u0103 stea \u00een ap\u0103. Recomand\u0103m folosirea unei s\u0103puniere cu magnet sau cu grilaj\/g\u0103uri de scurgere pentru a permite o uscare c\u00e2t mai rapid\u0103 a s\u0103punului<\/p>\n","protected":false},"excerpt":{"rendered":"<p>S\u0103pun Natural cu C\u0103tin\u0103 \u0219i Lavand\u0103 S\u0103pun Natural cu C\u0103tin\u0103 \u0219i Lavand\u0103. S\u0103punul este un tonic \u0219i un stimulator general, este emolient, hidratant, potrivit pentru pielea mixt\u0103, uscat\u0103, delicat\u0103, sensibil\u0103 \u0219i cu imperfectiuni. Un s\u0103pun natural solid, cu un miros floral de Lavand\u0103, benefic pentru corp, fa\u021b\u0103 \u0219i m\u00e2ini. S\u0103punul cura\u021b\u0103 delicat \u0219i eficient \u0219i [&hellip;]<\/p>\n","protected":false},"featured_media":4701,"comment_status":"open","ping_status":"closed","template":"","meta":[],"pwb-brand":[142],"product_brand":[],"product_cat":[77],"product_tag":[],"class_list":{"0":"post-4700","1":"product","2":"type-product","3":"status-publish","4":"has-post-thumbnail","6":"pwb-brand-green-bubble","7":"product_cat-cosmetice-naturale","9":"first","10":"instock","11":"taxable","12":"shipping-taxable","13":"purchasable","14":"product-type-simple"},"yoast_head":"<!-- This site is optimized with the Yoast SEO plugin v26.9 - https:\/\/yoast.com\/product\/yoast-seo-wordpress\/ -->\n<title>ACH S\u0103pun C\u0103tin\u0103 - Inspiratio<\/title>\n<meta name=\"robots\" content=\"index, follow, max-snippet:-1, max-image-preview:large, max-video-preview:-1\" \/>\n<link rel=\"canonical\" href=\"https:\/\/inspiratio.ro\/produs\/ach-sapun-catina\/\" \/>\n<meta property=\"og:locale\" content=\"en_US\" \/>\n<meta property=\"og:type\" content=\"article\" \/>\n<meta property=\"og:title\" content=\"ACH S\u0103pun C\u0103tin\u0103 - Inspiratio\" \/>\n<meta property=\"og:description\" content=\"S\u0103pun Natural cu C\u0103tin\u0103 \u0219i Lavand\u0103 S\u0103pun Natural cu C\u0103tin\u0103 \u0219i Lavand\u0103. S\u0103punul este un tonic \u0219i un stimulator general, este emolient, hidratant, potrivit pentru pielea mixt\u0103, uscat\u0103, delicat\u0103, sensibil\u0103 \u0219i cu imperfectiuni. Un s\u0103pun natural solid, cu un miros floral de Lavand\u0103, benefic pentru corp, fa\u021b\u0103 \u0219i m\u00e2ini. S\u0103punul cura\u021b\u0103 delicat \u0219i eficient \u0219i [&hellip;]\" \/>\n<meta property=\"og:url\" content=\"https:\/\/inspiratio.ro\/produs\/ach-sapun-catina\/\" \/>\n<meta property=\"og:site_name\" content=\"Inspiratio\" \/>\n<meta property=\"article:publisher\" content=\"https:\/\/www.facebook.com\/inspiratiogiftstudio\/\" \/>\n<meta property=\"article:modified_time\" content=\"2025-11-10T14:19:47+00:00\" \/>\n<meta property=\"og:image\" content=\"https:\/\/inspiratio.ro\/wp-content\/uploads\/2022\/11\/Sapun-Natural-Catina-si-Lavanda.webp\" \/>\n\t<meta property=\"og:image:width\" content=\"800\" \/>\n\t<meta property=\"og:image:height\" content=\"600\" \/>\n\t<meta property=\"og:image:type\" content=\"image\/webp\" \/>\n<meta name=\"twitter:card\" content=\"summary_large_image\" \/>\n<meta name=\"twitter:label1\" content=\"Est. reading time\" \/>\n\t<meta name=\"twitter:data1\" content=\"6 minutes\" \/>\n<script type=\"application\/ld+json\" class=\"yoast-schema-graph\">{\"@context\":\"https:\/\/schema.org\",\"@graph\":[{\"@type\":\"WebPage\",\"@id\":\"https:\/\/inspiratio.ro\/produs\/ach-sapun-catina\/\",\"url\":\"https:\/\/inspiratio.ro\/produs\/ach-sapun-catina\/\",\"name\":\"ACH S\u0103pun C\u0103tin\u0103 - Inspiratio\",\"isPartOf\":{\"@id\":\"https:\/\/inspiratio.ro\/#website\"},\"primaryImageOfPage\":{\"@id\":\"https:\/\/inspiratio.ro\/produs\/ach-sapun-catina\/#primaryimage\"},\"image\":{\"@id\":\"https:\/\/inspiratio.ro\/produs\/ach-sapun-catina\/#primaryimage\"},\"thumbnailUrl\":\"https:\/\/inspiratio.ro\/wp-content\/uploads\/2022\/11\/Sapun-Natural-Catina-si-Lavanda.webp\",\"datePublished\":\"2022-11-21T14:58:19+00:00\",\"dateModified\":\"2025-11-10T14:19:47+00:00\",\"breadcrumb\":{\"@id\":\"https:\/\/inspiratio.ro\/produs\/ach-sapun-catina\/#breadcrumb\"},\"inLanguage\":\"en-US\",\"potentialAction\":[{\"@type\":\"ReadAction\",\"target\":[\"https:\/\/inspiratio.ro\/produs\/ach-sapun-catina\/\"]}]},{\"@type\":\"ImageObject\",\"inLanguage\":\"en-US\",\"@id\":\"https:\/\/inspiratio.ro\/produs\/ach-sapun-catina\/#primaryimage\",\"url\":\"https:\/\/inspiratio.ro\/wp-content\/uploads\/2022\/11\/Sapun-Natural-Catina-si-Lavanda.webp\",\"contentUrl\":\"https:\/\/inspiratio.ro\/wp-content\/uploads\/2022\/11\/Sapun-Natural-Catina-si-Lavanda.webp\",\"width\":800,\"height\":600},{\"@type\":\"BreadcrumbList\",\"@id\":\"https:\/\/inspiratio.ro\/produs\/ach-sapun-catina\/#breadcrumb\",\"itemListElement\":[{\"@type\":\"ListItem\",\"position\":1,\"name\":\"Shop\",\"item\":\"https:\/\/inspiratio.ro\/magazin-cadouri\/\"},{\"@type\":\"ListItem\",\"position\":2,\"name\":\"ACH S\u0103pun C\u0103tin\u0103\"}]},{\"@type\":\"WebSite\",\"@id\":\"https:\/\/inspiratio.ro\/#website\",\"url\":\"https:\/\/inspiratio.ro\/\",\"name\":\"Inspiratio\",\"description\":\"Las\u0103-te purtat de inspira\u021bie\",\"publisher\":{\"@id\":\"https:\/\/inspiratio.ro\/#organization\"},\"potentialAction\":[{\"@type\":\"SearchAction\",\"target\":{\"@type\":\"EntryPoint\",\"urlTemplate\":\"https:\/\/inspiratio.ro\/?s={search_term_string}\"},\"query-input\":{\"@type\":\"PropertyValueSpecification\",\"valueRequired\":true,\"valueName\":\"search_term_string\"}}],\"inLanguage\":\"en-US\"},{\"@type\":\"Organization\",\"@id\":\"https:\/\/inspiratio.ro\/#organization\",\"name\":\"Inspiratio\",\"url\":\"https:\/\/inspiratio.ro\/\",\"logo\":{\"@type\":\"ImageObject\",\"inLanguage\":\"en-US\",\"@id\":\"https:\/\/inspiratio.ro\/#\/schema\/logo\/image\/\",\"url\":\"https:\/\/inspiratio.ro\/wp-content\/uploads\/2020\/06\/logo-inspiratio.png\",\"contentUrl\":\"https:\/\/inspiratio.ro\/wp-content\/uploads\/2020\/06\/logo-inspiratio.png\",\"width\":232,\"height\":209,\"caption\":\"Inspiratio\"},\"image\":{\"@id\":\"https:\/\/inspiratio.ro\/#\/schema\/logo\/image\/\"},\"sameAs\":[\"https:\/\/www.facebook.com\/inspiratiogiftstudio\/\",\"https:\/\/www.instagram.com\/inspiratio_giftstudio\/\"]}]}<\/script>\n<!-- \/ Yoast SEO plugin. -->","yoast_head_json":{"title":"ACH S\u0103pun C\u0103tin\u0103 - Inspiratio","robots":{"index":"index","follow":"follow","max-snippet":"max-snippet:-1","max-image-preview":"max-image-preview:large","max-video-preview":"max-video-preview:-1"},"canonical":"https:\/\/inspiratio.ro\/produs\/ach-sapun-catina\/","og_locale":"en_US","og_type":"article","og_title":"ACH S\u0103pun C\u0103tin\u0103 - Inspiratio","og_description":"S\u0103pun Natural cu C\u0103tin\u0103 \u0219i Lavand\u0103 S\u0103pun Natural cu C\u0103tin\u0103 \u0219i Lavand\u0103. S\u0103punul este un tonic \u0219i un stimulator general, este emolient, hidratant, potrivit pentru pielea mixt\u0103, uscat\u0103, delicat\u0103, sensibil\u0103 \u0219i cu imperfectiuni. Un s\u0103pun natural solid, cu un miros floral de Lavand\u0103, benefic pentru corp, fa\u021b\u0103 \u0219i m\u00e2ini. S\u0103punul cura\u021b\u0103 delicat \u0219i eficient \u0219i [&hellip;]","og_url":"https:\/\/inspiratio.ro\/produs\/ach-sapun-catina\/","og_site_name":"Inspiratio","article_publisher":"https:\/\/www.facebook.com\/inspiratiogiftstudio\/","article_modified_time":"2025-11-10T14:19:47+00:00","og_image":[{"width":800,"height":600,"url":"https:\/\/inspiratio.ro\/wp-content\/uploads\/2022\/11\/Sapun-Natural-Catina-si-Lavanda.webp","type":"image\/webp"}],"twitter_card":"summary_large_image","twitter_misc":{"Est. reading time":"6 minutes"},"schema":{"@context":"https:\/\/schema.org","@graph":[{"@type":"WebPage","@id":"https:\/\/inspiratio.ro\/produs\/ach-sapun-catina\/","url":"https:\/\/inspiratio.ro\/produs\/ach-sapun-catina\/","name":"ACH S\u0103pun C\u0103tin\u0103 - Inspiratio","isPartOf":{"@id":"https:\/\/inspiratio.ro\/#website"},"primaryImageOfPage":{"@id":"https:\/\/inspiratio.ro\/produs\/ach-sapun-catina\/#primaryimage"},"image":{"@id":"https:\/\/inspiratio.ro\/produs\/ach-sapun-catina\/#primaryimage"},"thumbnailUrl":"https:\/\/inspiratio.ro\/wp-content\/uploads\/2022\/11\/Sapun-Natural-Catina-si-Lavanda.webp","datePublished":"2022-11-21T14:58:19+00:00","dateModified":"2025-11-10T14:19:47+00:00","breadcrumb":{"@id":"https:\/\/inspiratio.ro\/produs\/ach-sapun-catina\/#breadcrumb"},"inLanguage":"en-US","potentialAction":[{"@type":"ReadAction","target":["https:\/\/inspiratio.ro\/produs\/ach-sapun-catina\/"]}]},{"@type":"ImageObject","inLanguage":"en-US","@id":"https:\/\/inspiratio.ro\/produs\/ach-sapun-catina\/#primaryimage","url":"https:\/\/inspiratio.ro\/wp-content\/uploads\/2022\/11\/Sapun-Natural-Catina-si-Lavanda.webp","contentUrl":"https:\/\/inspiratio.ro\/wp-content\/uploads\/2022\/11\/Sapun-Natural-Catina-si-Lavanda.webp","width":800,"height":600},{"@type":"BreadcrumbList","@id":"https:\/\/inspiratio.ro\/produs\/ach-sapun-catina\/#breadcrumb","itemListElement":[{"@type":"ListItem","position":1,"name":"Shop","item":"https:\/\/inspiratio.ro\/magazin-cadouri\/"},{"@type":"ListItem","position":2,"name":"ACH S\u0103pun C\u0103tin\u0103"}]},{"@type":"WebSite","@id":"https:\/\/inspiratio.ro\/#website","url":"https:\/\/inspiratio.ro\/","name":"Inspiratio","description":"Las\u0103-te purtat de inspira\u021bie","publisher":{"@id":"https:\/\/inspiratio.ro\/#organization"},"potentialAction":[{"@type":"SearchAction","target":{"@type":"EntryPoint","urlTemplate":"https:\/\/inspiratio.ro\/?s={search_term_string}"},"query-input":{"@type":"PropertyValueSpecification","valueRequired":true,"valueName":"search_term_string"}}],"inLanguage":"en-US"},{"@type":"Organization","@id":"https:\/\/inspiratio.ro\/#organization","name":"Inspiratio","url":"https:\/\/inspiratio.ro\/","logo":{"@type":"ImageObject","inLanguage":"en-US","@id":"https:\/\/inspiratio.ro\/#\/schema\/logo\/image\/","url":"https:\/\/inspiratio.ro\/wp-content\/uploads\/2020\/06\/logo-inspiratio.png","contentUrl":"https:\/\/inspiratio.ro\/wp-content\/uploads\/2020\/06\/logo-inspiratio.png","width":232,"height":209,"caption":"Inspiratio"},"image":{"@id":"https:\/\/inspiratio.ro\/#\/schema\/logo\/image\/"},"sameAs":["https:\/\/www.facebook.com\/inspiratiogiftstudio\/","https:\/\/www.instagram.com\/inspiratio_giftstudio\/"]}]}},"brands":[{"id":142,"name":"Green Bubble","slug":"green-bubble"}],"_links":{"self":[{"href":"https:\/\/inspiratio.ro\/en\/wp-json\/wp\/v2\/product\/4700","targetHints":{"allow":["GET"]}}],"collection":[{"href":"https:\/\/inspiratio.ro\/en\/wp-json\/wp\/v2\/product"}],"about":[{"href":"https:\/\/inspiratio.ro\/en\/wp-json\/wp\/v2\/types\/product"}],"replies":[{"embeddable":true,"href":"https:\/\/inspiratio.ro\/en\/wp-json\/wp\/v2\/comments?post=4700"}],"wp:featuredmedia":[{"embeddable":true,"href":"https:\/\/inspiratio.ro\/en\/wp-json\/wp\/v2\/media\/4701"}],"wp:attachment":[{"href":"https:\/\/inspiratio.ro\/en\/wp-json\/wp\/v2\/media?parent=4700"}],"wp:term":[{"taxonomy":"pwb-brand","embeddable":true,"href":"https:\/\/inspiratio.ro\/en\/wp-json\/wp\/v2\/pwb-brand?post=4700"},{"taxonomy":"product_brand","embeddable":true,"href":"https:\/\/inspiratio.ro\/en\/wp-json\/wp\/v2\/product_brand?post=4700"},{"taxonomy":"product_cat","embeddable":true,"href":"https:\/\/inspiratio.ro\/en\/wp-json\/wp\/v2\/product_cat?post=4700"},{"taxonomy":"product_tag","embeddable":true,"href":"https:\/\/inspiratio.ro\/en\/wp-json\/wp\/v2\/product_tag?post=4700"}],"curies":[{"name":"wp","href":"https:\/\/api.w.org\/{rel}","templated":true}]}}