{"id":4696,"date":"2022-11-21T16:48:31","date_gmt":"2022-11-21T14:48:31","guid":{"rendered":"https:\/\/inspiratio.ro\/?post_type=product&#038;p=4696"},"modified":"2025-11-10T16:20:10","modified_gmt":"2025-11-10T14:20:10","slug":"ach-sapun-carbune","status":"publish","type":"product","link":"https:\/\/inspiratio.ro\/en\/produs\/ach-sapun-carbune\/","title":{"rendered":"S\u0103pun C\u0103rbune"},"content":{"rendered":"<h2 dir=\"auto\">S\u0103pun Exfoliant C\u0103rbune Activ Black Soap<\/h2>\n<p>S\u0103pun Exfoliant C\u0103rbune Activ Black Soap. Un s\u0103pun natural potrivit pentru cur\u0103\u021barea pielii de impurit\u0103\u021bi, reziduuri \u0219i exces de sebum. S\u0103punul contribuie la purifierea \u0219i detoxifiera pielii. S\u0103pun realizat manual din uleiuri si unturi vegetale saponificate. Pentru toate tipurile de piele.<\/p>\n<p>S\u0103punul este potrivit pentru toate tipurile de piele \u0219i este benefic pentru corp, fa\u021b\u0103 \u0219i m\u00e2ini.<\/p>\n<table class=\"woocommerce-product-attributes shop_attributes\">\n<tbody>\n<tr class=\"woocommerce-product-attributes-item woocommerce-product-attributes-item--weight\">\n<th class=\"woocommerce-product-attributes-item__label\">Greutate<\/th>\n<td class=\"woocommerce-product-attributes-item__value\">85 g<\/td>\n<\/tr>\n<tr class=\"woocommerce-product-attributes-item woocommerce-product-attributes-item--dimensions\">\n<th class=\"woocommerce-product-attributes-item__label\">Dimensiuni<\/th>\n<td class=\"woocommerce-product-attributes-item__value\">7,5 \u00d7 2 \u00d7 6,5 cm<\/td>\n<\/tr>\n<tr class=\"woocommerce-product-attributes-item woocommerce-product-attributes-item--attribute_propriet%c4%83%c8%9bi\">\n<th class=\"woocommerce-product-attributes-item__label\">Propriet\u0103\u021bi<\/th>\n<td class=\"woocommerce-product-attributes-item__value\">exfoliant, purifiant, emolient<\/td>\n<\/tr>\n<\/tbody>\n<\/table>\n<h3>Principalele ingrediente active pentru S\u0103pun Exfoliant C\u0103rbune Activ Black Soap:<\/h3>\n<p>S\u0103punul este realizat cu C\u0103rbune Vegetal Activ,\u00a0Ulei de M\u0103sline, Ulei de Cocos, Ulei de Floarea Soarelui, Ulei de Ricin, Vitamina E,\u00a0Combina\u021bie de Uleiuri Esen\u021biale Purifiante \u0219i Revigorante.<\/p>\n<h3>C\u0103rbune Activ<\/h3>\n<p>C\u0103rbunele activ este recunoscut pentru cur\u0103\u021barea pielii de impurit\u0103\u021bi, reziduuri, exces de sebum \u0219i pentru efectul purifiant \u0219i detoxifiant.<\/p>\n<p>Are o capacitate de adsorb\u021bie remarcabil\u0103, ajut\u0103 la eliberarea porilor. C\u0103rbunele este benefic pentru piele problematic\u0103, acnee, ajut\u0103 \u00een caz de infec\u021bii bacteriene cutanate, benefic pentru piele expus\u0103 la poluare sau substan\u021be chimice toxice.<\/p>\n<h3>Ulei Esen\u021bial Tea Tree\u00a0<span class=\"pq6dq46d tbxw36s4 knj5qynh kvgmc6g5 ditlmg2l oygrvhab nvdbi5me sf5mxxl7 gl3lb2sf hhz5lgdu\"><img loading=\"lazy\" decoding=\"async\" class=\"jetpack-lazy-image jetpack-lazy-image--handled\" src=\"https:\/\/static.xx.fbcdn.net\/images\/emoji.php\/v9\/t1e\/1\/16\/1f33f.png\" alt=\"\ud83c\udf3f\" width=\"16\" height=\"16\" data-lazy-loaded=\"1\" \/><\/span><\/h3>\n<p>Uleiul esen\u021bial de tea tree este un antibacterian major cu spectru larg, antifungic eficient \u0219i antiinflamator. Uleiul esen\u021bial de tea tree este cel mai renumit ulei pentru \u00eengrijirea pielii cu imperfec\u021biuni. \u00cen frumuse\u021be, uleiul esen\u021bial de arbore de ceai este purificator, cur\u0103\u021b\u0103 pielea cu probleme, purific\u0103, cur\u0103\u021b\u0103 \u0219i tonific\u0103 piele<\/p>\n<p>Este recomandat \u00een timpul episoadelor infec\u021bioase, este tonic, protector \u0219i este apreciat pentru multiplele sale virtu\u021bi. \u00cen s\u0103n\u0103tate, uleiul esen\u021bial de arbore de ceai este recunoscut pentru sprijinul antiviral \u0219i imunitar oferit corpului.<\/p>\n<h3>Ulei Esen\u021bial L\u0103m\u00e2ie\u00a0<span class=\"pq6dq46d tbxw36s4 knj5qynh kvgmc6g5 ditlmg2l oygrvhab nvdbi5me sf5mxxl7 gl3lb2sf hhz5lgdu\"><img loading=\"lazy\" decoding=\"async\" class=\"jetpack-lazy-image jetpack-lazy-image--handled\" src=\"https:\/\/static.xx.fbcdn.net\/images\/emoji.php\/v9\/tb9\/1\/16\/1f34b.png\" alt=\"\ud83c\udf4b\" width=\"16\" height=\"16\" data-lazy-loaded=\"1\" \/><\/span><\/h3>\n<p>Uleiul esen\u021bial de l\u0103m\u00e2ie este purificator \u0219i tonic, fiind apreciat pentru parfumul s\u0103u fin, fructat \u0219i pentru propriet\u0103\u021bile sale de cur\u0103\u021bare \u0219i fortificare. Uleiul esen\u021bial de l\u0103m\u00e2ie este\u00a0antifungic, antiinflamator, revigorant. Uleiul esen\u021bial de l\u0103m\u00e2ie este folosit ca antiseptic general, tonic general \u0219i pentru cre\u0219terea capaci\u0103\u021bii de concentrare.<\/p>\n<h3>Ulei Esen\u021bial Eucalipt<\/h3>\n<p>Uleiul esen\u021bial de eucalipt este cunoscut pentru multiplele sale virtu\u021bi asupra sistemului respirator. Puternic \u0219i r\u0103coritor, acest ulei este este folosit \u00een mod tradi\u021bional pentru a cur\u0103\u021ba respira\u021bia \u0219i a lupta \u00eempotriva nepl\u0103cerilor de iarn\u0103.<\/p>\n<p>Uleiului esen\u021bial de eucalipt este antibacterian, antiviral, purifiant, r\u0103coritor, detensionant muscular, tonic. Uleiul esen\u021bial de eucalipt este potrivit pentru dermatitele bacteriene \u0219i \u00eembun\u0103t\u0103\u021birea st\u0103rii de spirit.<\/p>\n<h3>Ulei M\u0103sline Extravirgin<\/h3>\n<p>Uleiul de m\u0103sline extravirgin este cunoscut pentru calit\u0103\u021bile sale nutri\u021bionale dar \u0219i pentru calit\u0103\u021bile cosmetice de excep\u021bie.<\/p>\n<p>Uleiul de m\u0103sline are un con\u021binut ridicat de antioxidan\u021bi \u0219i vitamine. \u00cen produsele cosmetice, combinat cu alte ingrediente, uleiul de m\u0103sline este hidratant pentru ten, rezult\u00e2nd o piele moale \u015fi catifelat\u0103.<\/p>\n<h3>Ulei Ricin<\/h3>\n<p>Uleiul de ricin este renumit pentru propriet\u0103\u021bile sale de regenerare \u0219i fortificare a p\u0103rului, genelor \u0219i spr\u00e2ncenelor. Uleiul de ricin este apreciat pentru efectul de stimulare a cre\u0219terii p\u0103rului \u0219i combaterea c\u0103derii p\u0103rului.<\/p>\n<h3 dir=\"auto\">Ulei Cocos<\/h3>\n<p>Uleiul de Cocos este un ulei care hidrateaz\u0103 \u0219i calmeaz\u0103 pielea afectat\u0103 de ro\u0219ea\u021b\u0103 \u0219i irita\u021bii. Este un ingredient nutritiv, emolient, care las\u0103 pielea fin\u0103, m\u0103t\u0103soas\u0103, moale \u0219i hidratat\u0103.<\/p>\n<p>Uleiul de cocos are propriet\u0103\u021bi excelente de cur\u0103\u021bare \u0219i spumare \u00een produsele cosmetice.<\/p>\n<h3>Vitamina E<\/h3>\n<p>Vitamina E este un antioxidant puternic benefic pentru piele ca activ anti-aging, regenerator \u0219i protector. Vitamina E este cunoscut\u0103 pentru efectul s\u0103u calmant, antiinflamator, protector pentru piele. Protejeaz\u0103 pielea de daunele factorilor de mediu \u0219i \u00eembun\u0103t\u0103\u021be\u0219te elasticitatea pielii.<\/p>\n<p>Vitamina E este recomandat \u00een special pentru pielea uscat\u0103, matur\u0103 \u0219i pentru \u00eengrijirea pielii dup\u0103 expunerea la soare.<\/p>\n<h3>Mod de Utilizare S\u0103pun Exfoliant C\u0103rbune Activ Black Soap<\/h3>\n<p>Umeze\u0219te m\u00e2inile cu ap\u0103 \u0219i freac\u0103 s\u0103punul cu palmele pentru a produce cl\u0103buci. Freac\u0103 m\u00e2inile la \u00eencheieturi, \u00eentre degete \u0219i pe spatele palmelor pentru a le sp\u0103la, dup\u0103 care cl\u0103te\u0219tele cu ap\u0103. Dac\u0103 este nevoie, repet\u0103 \u00eenc\u0103 o dat\u0103 procedura. \u0218terge m\u00e2inile cu un prosop curat.<\/p>\n<p>Cu m\u00e2inile curate, acum po\u021bi sp\u0103la \u0219i fa\u021ba, sau alte p\u0103r\u021bi ale corpului. \u00ce\u021bi recomand\u0103m s\u0103 speli fa\u021ba cu precau\u021bie, f\u0103r\u0103 a aplica presiune, pentru c\u0103 este posibil ca particulele mai mari de c\u0103rbune s\u0103 irite pielea. Pentru corp, pentru un efect exfoliant mai puternic, po\u021bi freca s\u0103punul direct pe pielea umed\u0103 sau po\u021bi folosi o m\u0103nu\u0219\u0103 tip prosop. Umeze\u0219te m\u0103nu\u0219a \u0219i care freac\u0103 s\u0103punul \u00een m\u0103nu\u0219\u0103. Freac\u0103 cu m\u0103nu\u0219a\/prosopelul zona corpului pe care vrei s\u0103 o speli dup\u0103 care cl\u0103te\u0219te cu ap\u0103.<\/p>\n<p>Sp\u0103latul frecvent pe m\u00e2ini este cea mai eficient\u0103 metod\u0103 de prevenire a \u00eemboln\u0103virii si r\u0103sp\u00e2ndirii bolilor. Evit\u0103 folosirea s\u0103punurilor antibacteriene. Acestea nu sunt mai eficiente \u00een comparatie cu s\u0103punurile naturale, din contr\u0103, \u00een timp pot duce la dezvoltarea unor bacterii rezistente.<\/p>\n<p>Culoarea, mirosul specific si beneficiile produsului sunt rezultatul combinatiei de ingrediente si extracte naturale folosite.<\/p>\n<p>Feriti contactul cu ochii. \u00cen caz de alergie la unul din ingrediente, sp\u0103la\u021bi locul cu ap\u0103 din abunden\u021b\u0103 \u0219i opri\u021bi utilizarea produsului. A se p\u0103stra \u00eentre 5-25\u00b0C, \u00een loc curat, ferit de razele soarelui. Produsul nu a fost testat pe animale.<\/p>\n","protected":false},"excerpt":{"rendered":"<p>S\u0103pun Exfoliant C\u0103rbune Activ Black Soap S\u0103pun Exfoliant C\u0103rbune Activ Black Soap. Un s\u0103pun natural potrivit pentru cur\u0103\u021barea pielii de impurit\u0103\u021bi, reziduuri \u0219i exces de sebum. S\u0103punul contribuie la purifierea \u0219i detoxifiera pielii. S\u0103pun realizat manual din uleiuri si unturi vegetale saponificate. Pentru toate tipurile de piele. S\u0103punul este potrivit pentru toate tipurile de piele [&hellip;]<\/p>\n","protected":false},"featured_media":4697,"comment_status":"open","ping_status":"closed","template":"","meta":[],"pwb-brand":[142],"product_brand":[],"product_cat":[77],"product_tag":[],"class_list":{"0":"post-4696","1":"product","2":"type-product","3":"status-publish","4":"has-post-thumbnail","6":"pwb-brand-green-bubble","7":"product_cat-cosmetice-naturale","9":"first","10":"instock","11":"taxable","12":"shipping-taxable","13":"purchasable","14":"product-type-simple"},"yoast_head":"<!-- This site is optimized with the Yoast SEO plugin v26.9 - https:\/\/yoast.com\/product\/yoast-seo-wordpress\/ -->\n<title>ACH S\u0103pun C\u0103rbune - Inspiratio<\/title>\n<meta name=\"robots\" content=\"index, follow, max-snippet:-1, max-image-preview:large, max-video-preview:-1\" \/>\n<link rel=\"canonical\" href=\"https:\/\/inspiratio.ro\/produs\/ach-sapun-carbune\/\" \/>\n<meta property=\"og:locale\" content=\"en_US\" \/>\n<meta property=\"og:type\" content=\"article\" \/>\n<meta property=\"og:title\" content=\"ACH S\u0103pun C\u0103rbune - Inspiratio\" \/>\n<meta property=\"og:description\" content=\"S\u0103pun Exfoliant C\u0103rbune Activ Black Soap S\u0103pun Exfoliant C\u0103rbune Activ Black Soap. Un s\u0103pun natural potrivit pentru cur\u0103\u021barea pielii de impurit\u0103\u021bi, reziduuri \u0219i exces de sebum. S\u0103punul contribuie la purifierea \u0219i detoxifiera pielii. S\u0103pun realizat manual din uleiuri si unturi vegetale saponificate. Pentru toate tipurile de piele. S\u0103punul este potrivit pentru toate tipurile de piele [&hellip;]\" \/>\n<meta property=\"og:url\" content=\"https:\/\/inspiratio.ro\/produs\/ach-sapun-carbune\/\" \/>\n<meta property=\"og:site_name\" content=\"Inspiratio\" \/>\n<meta property=\"article:publisher\" content=\"https:\/\/www.facebook.com\/inspiratiogiftstudio\/\" \/>\n<meta property=\"article:modified_time\" content=\"2025-11-10T14:20:10+00:00\" \/>\n<meta property=\"og:image\" content=\"https:\/\/inspiratio.ro\/wp-content\/uploads\/2022\/11\/Sapun-Carbune-Activ-BlackSoap.webp\" \/>\n\t<meta property=\"og:image:width\" content=\"800\" \/>\n\t<meta property=\"og:image:height\" content=\"600\" \/>\n\t<meta property=\"og:image:type\" content=\"image\/webp\" \/>\n<meta name=\"twitter:card\" content=\"summary_large_image\" \/>\n<meta name=\"twitter:label1\" content=\"Est. reading time\" \/>\n\t<meta name=\"twitter:data1\" content=\"5 minutes\" \/>\n<script type=\"application\/ld+json\" class=\"yoast-schema-graph\">{\"@context\":\"https:\/\/schema.org\",\"@graph\":[{\"@type\":\"WebPage\",\"@id\":\"https:\/\/inspiratio.ro\/produs\/ach-sapun-carbune\/\",\"url\":\"https:\/\/inspiratio.ro\/produs\/ach-sapun-carbune\/\",\"name\":\"ACH S\u0103pun C\u0103rbune - Inspiratio\",\"isPartOf\":{\"@id\":\"https:\/\/inspiratio.ro\/#website\"},\"primaryImageOfPage\":{\"@id\":\"https:\/\/inspiratio.ro\/produs\/ach-sapun-carbune\/#primaryimage\"},\"image\":{\"@id\":\"https:\/\/inspiratio.ro\/produs\/ach-sapun-carbune\/#primaryimage\"},\"thumbnailUrl\":\"https:\/\/inspiratio.ro\/wp-content\/uploads\/2022\/11\/Sapun-Carbune-Activ-BlackSoap.webp\",\"datePublished\":\"2022-11-21T14:48:31+00:00\",\"dateModified\":\"2025-11-10T14:20:10+00:00\",\"breadcrumb\":{\"@id\":\"https:\/\/inspiratio.ro\/produs\/ach-sapun-carbune\/#breadcrumb\"},\"inLanguage\":\"en-US\",\"potentialAction\":[{\"@type\":\"ReadAction\",\"target\":[\"https:\/\/inspiratio.ro\/produs\/ach-sapun-carbune\/\"]}]},{\"@type\":\"ImageObject\",\"inLanguage\":\"en-US\",\"@id\":\"https:\/\/inspiratio.ro\/produs\/ach-sapun-carbune\/#primaryimage\",\"url\":\"https:\/\/inspiratio.ro\/wp-content\/uploads\/2022\/11\/Sapun-Carbune-Activ-BlackSoap.webp\",\"contentUrl\":\"https:\/\/inspiratio.ro\/wp-content\/uploads\/2022\/11\/Sapun-Carbune-Activ-BlackSoap.webp\",\"width\":800,\"height\":600},{\"@type\":\"BreadcrumbList\",\"@id\":\"https:\/\/inspiratio.ro\/produs\/ach-sapun-carbune\/#breadcrumb\",\"itemListElement\":[{\"@type\":\"ListItem\",\"position\":1,\"name\":\"Shop\",\"item\":\"https:\/\/inspiratio.ro\/magazin-cadouri\/\"},{\"@type\":\"ListItem\",\"position\":2,\"name\":\"ACH S\u0103pun C\u0103rbune\"}]},{\"@type\":\"WebSite\",\"@id\":\"https:\/\/inspiratio.ro\/#website\",\"url\":\"https:\/\/inspiratio.ro\/\",\"name\":\"Inspiratio\",\"description\":\"Las\u0103-te purtat de inspira\u021bie\",\"publisher\":{\"@id\":\"https:\/\/inspiratio.ro\/#organization\"},\"potentialAction\":[{\"@type\":\"SearchAction\",\"target\":{\"@type\":\"EntryPoint\",\"urlTemplate\":\"https:\/\/inspiratio.ro\/?s={search_term_string}\"},\"query-input\":{\"@type\":\"PropertyValueSpecification\",\"valueRequired\":true,\"valueName\":\"search_term_string\"}}],\"inLanguage\":\"en-US\"},{\"@type\":\"Organization\",\"@id\":\"https:\/\/inspiratio.ro\/#organization\",\"name\":\"Inspiratio\",\"url\":\"https:\/\/inspiratio.ro\/\",\"logo\":{\"@type\":\"ImageObject\",\"inLanguage\":\"en-US\",\"@id\":\"https:\/\/inspiratio.ro\/#\/schema\/logo\/image\/\",\"url\":\"https:\/\/inspiratio.ro\/wp-content\/uploads\/2020\/06\/logo-inspiratio.png\",\"contentUrl\":\"https:\/\/inspiratio.ro\/wp-content\/uploads\/2020\/06\/logo-inspiratio.png\",\"width\":232,\"height\":209,\"caption\":\"Inspiratio\"},\"image\":{\"@id\":\"https:\/\/inspiratio.ro\/#\/schema\/logo\/image\/\"},\"sameAs\":[\"https:\/\/www.facebook.com\/inspiratiogiftstudio\/\",\"https:\/\/www.instagram.com\/inspiratio_giftstudio\/\"]}]}<\/script>\n<!-- \/ Yoast SEO plugin. -->","yoast_head_json":{"title":"ACH S\u0103pun C\u0103rbune - Inspiratio","robots":{"index":"index","follow":"follow","max-snippet":"max-snippet:-1","max-image-preview":"max-image-preview:large","max-video-preview":"max-video-preview:-1"},"canonical":"https:\/\/inspiratio.ro\/produs\/ach-sapun-carbune\/","og_locale":"en_US","og_type":"article","og_title":"ACH S\u0103pun C\u0103rbune - Inspiratio","og_description":"S\u0103pun Exfoliant C\u0103rbune Activ Black Soap S\u0103pun Exfoliant C\u0103rbune Activ Black Soap. Un s\u0103pun natural potrivit pentru cur\u0103\u021barea pielii de impurit\u0103\u021bi, reziduuri \u0219i exces de sebum. S\u0103punul contribuie la purifierea \u0219i detoxifiera pielii. S\u0103pun realizat manual din uleiuri si unturi vegetale saponificate. Pentru toate tipurile de piele. S\u0103punul este potrivit pentru toate tipurile de piele [&hellip;]","og_url":"https:\/\/inspiratio.ro\/produs\/ach-sapun-carbune\/","og_site_name":"Inspiratio","article_publisher":"https:\/\/www.facebook.com\/inspiratiogiftstudio\/","article_modified_time":"2025-11-10T14:20:10+00:00","og_image":[{"width":800,"height":600,"url":"https:\/\/inspiratio.ro\/wp-content\/uploads\/2022\/11\/Sapun-Carbune-Activ-BlackSoap.webp","type":"image\/webp"}],"twitter_card":"summary_large_image","twitter_misc":{"Est. reading time":"5 minutes"},"schema":{"@context":"https:\/\/schema.org","@graph":[{"@type":"WebPage","@id":"https:\/\/inspiratio.ro\/produs\/ach-sapun-carbune\/","url":"https:\/\/inspiratio.ro\/produs\/ach-sapun-carbune\/","name":"ACH S\u0103pun C\u0103rbune - Inspiratio","isPartOf":{"@id":"https:\/\/inspiratio.ro\/#website"},"primaryImageOfPage":{"@id":"https:\/\/inspiratio.ro\/produs\/ach-sapun-carbune\/#primaryimage"},"image":{"@id":"https:\/\/inspiratio.ro\/produs\/ach-sapun-carbune\/#primaryimage"},"thumbnailUrl":"https:\/\/inspiratio.ro\/wp-content\/uploads\/2022\/11\/Sapun-Carbune-Activ-BlackSoap.webp","datePublished":"2022-11-21T14:48:31+00:00","dateModified":"2025-11-10T14:20:10+00:00","breadcrumb":{"@id":"https:\/\/inspiratio.ro\/produs\/ach-sapun-carbune\/#breadcrumb"},"inLanguage":"en-US","potentialAction":[{"@type":"ReadAction","target":["https:\/\/inspiratio.ro\/produs\/ach-sapun-carbune\/"]}]},{"@type":"ImageObject","inLanguage":"en-US","@id":"https:\/\/inspiratio.ro\/produs\/ach-sapun-carbune\/#primaryimage","url":"https:\/\/inspiratio.ro\/wp-content\/uploads\/2022\/11\/Sapun-Carbune-Activ-BlackSoap.webp","contentUrl":"https:\/\/inspiratio.ro\/wp-content\/uploads\/2022\/11\/Sapun-Carbune-Activ-BlackSoap.webp","width":800,"height":600},{"@type":"BreadcrumbList","@id":"https:\/\/inspiratio.ro\/produs\/ach-sapun-carbune\/#breadcrumb","itemListElement":[{"@type":"ListItem","position":1,"name":"Shop","item":"https:\/\/inspiratio.ro\/magazin-cadouri\/"},{"@type":"ListItem","position":2,"name":"ACH S\u0103pun C\u0103rbune"}]},{"@type":"WebSite","@id":"https:\/\/inspiratio.ro\/#website","url":"https:\/\/inspiratio.ro\/","name":"Inspiratio","description":"Las\u0103-te purtat de inspira\u021bie","publisher":{"@id":"https:\/\/inspiratio.ro\/#organization"},"potentialAction":[{"@type":"SearchAction","target":{"@type":"EntryPoint","urlTemplate":"https:\/\/inspiratio.ro\/?s={search_term_string}"},"query-input":{"@type":"PropertyValueSpecification","valueRequired":true,"valueName":"search_term_string"}}],"inLanguage":"en-US"},{"@type":"Organization","@id":"https:\/\/inspiratio.ro\/#organization","name":"Inspiratio","url":"https:\/\/inspiratio.ro\/","logo":{"@type":"ImageObject","inLanguage":"en-US","@id":"https:\/\/inspiratio.ro\/#\/schema\/logo\/image\/","url":"https:\/\/inspiratio.ro\/wp-content\/uploads\/2020\/06\/logo-inspiratio.png","contentUrl":"https:\/\/inspiratio.ro\/wp-content\/uploads\/2020\/06\/logo-inspiratio.png","width":232,"height":209,"caption":"Inspiratio"},"image":{"@id":"https:\/\/inspiratio.ro\/#\/schema\/logo\/image\/"},"sameAs":["https:\/\/www.facebook.com\/inspiratiogiftstudio\/","https:\/\/www.instagram.com\/inspiratio_giftstudio\/"]}]}},"brands":[{"id":142,"name":"Green Bubble","slug":"green-bubble"}],"_links":{"self":[{"href":"https:\/\/inspiratio.ro\/en\/wp-json\/wp\/v2\/product\/4696","targetHints":{"allow":["GET"]}}],"collection":[{"href":"https:\/\/inspiratio.ro\/en\/wp-json\/wp\/v2\/product"}],"about":[{"href":"https:\/\/inspiratio.ro\/en\/wp-json\/wp\/v2\/types\/product"}],"replies":[{"embeddable":true,"href":"https:\/\/inspiratio.ro\/en\/wp-json\/wp\/v2\/comments?post=4696"}],"wp:featuredmedia":[{"embeddable":true,"href":"https:\/\/inspiratio.ro\/en\/wp-json\/wp\/v2\/media\/4697"}],"wp:attachment":[{"href":"https:\/\/inspiratio.ro\/en\/wp-json\/wp\/v2\/media?parent=4696"}],"wp:term":[{"taxonomy":"pwb-brand","embeddable":true,"href":"https:\/\/inspiratio.ro\/en\/wp-json\/wp\/v2\/pwb-brand?post=4696"},{"taxonomy":"product_brand","embeddable":true,"href":"https:\/\/inspiratio.ro\/en\/wp-json\/wp\/v2\/product_brand?post=4696"},{"taxonomy":"product_cat","embeddable":true,"href":"https:\/\/inspiratio.ro\/en\/wp-json\/wp\/v2\/product_cat?post=4696"},{"taxonomy":"product_tag","embeddable":true,"href":"https:\/\/inspiratio.ro\/en\/wp-json\/wp\/v2\/product_tag?post=4696"}],"curies":[{"name":"wp","href":"https:\/\/api.w.org\/{rel}","templated":true}]}}