{"id":4694,"date":"2022-11-21T16:43:11","date_gmt":"2022-11-21T14:43:11","guid":{"rendered":"https:\/\/inspiratio.ro\/?post_type=product&#038;p=4694"},"modified":"2025-11-10T16:20:19","modified_gmt":"2025-11-10T14:20:19","slug":"ach-sapun-cafea","status":"publish","type":"product","link":"https:\/\/inspiratio.ro\/en\/produs\/ach-sapun-cafea\/","title":{"rendered":"S\u0103pun Cafea"},"content":{"rendered":"<h2 dir=\"auto\">S\u0103pun Natural Exfoliant cu Cafea \u0219i Scorti\u0219oar\u0103<\/h2>\n<div dir=\"auto\">\n<p>S\u0103pun Natural Exfoliant cu Cafea \u0219i Scorti\u0219oar\u0103. S\u0103pun natural bogat \u00een antioxidan\u021bi, potrivit pentru \u00eengrijirea pielii cu pori mari, puncte negre, celulit\u0103 \u0219i cu tendin\u021b\u0103 acneic\u0103.<\/p>\n<p>S\u0103punul are un miros pl\u0103cut de cafea \u0219i scor\u021bi\u0219oar\u0103, are propriet\u0103\u021bi antioxidante, ofer\u0103 o cur\u0103\u021bare \u0219i o exfoliere optim\u0103 pielii. S\u0103punul este hidratant \u0219i emolient, potrivit pentru piele normal\u0103, gras\u0103 \u0219i mixt\u0103.<\/p>\n<p>S\u0103pun pentru corp, dar poate fi utilizat cu precau\u021bie \u0219i pentru fa\u021b\u0103.<\/p>\n<table class=\"woocommerce-product-attributes shop_attributes\">\n<tbody>\n<tr class=\"woocommerce-product-attributes-item woocommerce-product-attributes-item--weight\">\n<th class=\"woocommerce-product-attributes-item__label\">Greutate<\/th>\n<td class=\"woocommerce-product-attributes-item__value\">80 g<\/td>\n<\/tr>\n<tr class=\"woocommerce-product-attributes-item woocommerce-product-attributes-item--dimensions\">\n<th class=\"woocommerce-product-attributes-item__label\">Dimensiuni<\/th>\n<td class=\"woocommerce-product-attributes-item__value\">7,5 \u00d7 2 \u00d7 6,5 cm<\/td>\n<\/tr>\n<tr class=\"woocommerce-product-attributes-item woocommerce-product-attributes-item--attribute_propriet%c4%83%c8%9bi\">\n<th class=\"woocommerce-product-attributes-item__label\">Propriet\u0103\u021bi<\/th>\n<td class=\"woocommerce-product-attributes-item__value\">Exfoliant, Antioxidant, Tonic, Energizant, Anticelulitic<\/td>\n<\/tr>\n<\/tbody>\n<\/table>\n<h3>Principalele ingrediente active pentru S\u0103pun Natural Exfoliant cu Cafea \u0219i Scorti\u0219oar\u0103:<\/h3>\n<p>S\u0103punul este realizat cu Cafea, Boabe Cafea M\u0103cinate, Unt Cacao, Ulei Cocos, Ulei M\u0103sline, Ulei Floarea Soarelui, Ulei Ricin, Ulei Esen\u021bial Scor\u021bi\u0219oar\u0103.<\/p>\n<h3>Concentrat \u0219i Cafea M\u0103cinat\u0103<\/h3>\n<p>Concentratul \u0219i cafeaua m\u0103cinat\u0103 con\u021bin cafein\u0103, au propriet\u0103\u021bi antioxidante, anti-aging, sunt folosite \u00een tratamente anti-aging, anticearc\u0103n, anti-celulitice \u0219i vergeturi.<\/p>\n<p>Boabele de cafea m\u0103cinat\u0103 exfolieaz\u0103 bl\u00e2nd \u00eendep\u0103rt\u00e2nd pielea moart\u0103. Cafeau m\u0103cinat\u0103 este tonic\u0103, energizant\u0103 pentru piele, iar prin masaj este folosit\u0103 \u00een tratamente anti-celulitice \u0219i vergeturi.<\/p>\n<p>Cafeina reduce celulita prin dilatarea vaselor de s\u00e2nge de sub piele \u0219i \u00eembun\u0103t\u0103\u021birea fluxului sanguin general. Exfolierea poate netezi pielea \u0219i \u00eei poate oferi un aspect uniform.<\/p>\n<p>Cafeaua aplicat\u0103 pe piele, contrar efectelor pe care le are atunci c\u00e2nd este b\u0103ut\u0103, este calmant\u0103 datorit\u0103 antioxidan\u021bilor pe care \u00eei con\u021bine.\u00a0Aplicarea cafelei direct pe piele poate ajuta la sc\u0103derea petelor de soare, ro\u0219ea\u021ba \u0219i liniile fine.<\/p>\n<p>Cafeaua este o surs\u0103 bogat\u0103 de vitamina B3 (niacin\u0103), datorit\u0103 descompunerii unui compus cheie numit trigonelin\u0103. Trigonelina se descompune \u00een niacin\u0103 dup\u0103 ce boabele de cafea au fost pr\u0103jite. Potrivit Funda\u021biei pentru Cancerul Pielii, niacina poate fi util\u0103 \u00een prevenirea cancerelor de piele nonmelanom \u0219i poate preveni alte cre\u0219teri ale pielii.<\/p>\n<p>Efectele antiinflamatorii pot fi atribuite sursei de acid clorogenic (CGA), precum \u0219i melanoidinelor din cafea. CGA este, de asemenea, legat\u0103 de reducerea hiperpigment\u0103rii care poate avea o leg\u0103tur\u0103 cu inflama\u021bia. CGA-urile din cafea au at\u00e2t propriet\u0103\u021bi antiinflamatorii, c\u00e2t \u0219i antibacteriene. Combinate cu exfolierea natural\u0103 a boabelor de cafea m\u0103cinat\u0103, toate aceste beneficii pot combate colectiv acneea.<\/p>\n<h3>Unt cacao<\/h3>\n<p>Untul de cacao are propriet\u0103\u021bi antioxidante \u0219i de regenerare pentru piele. Bogat \u00een substan\u021be nutritive, polifenoli, antioxidan\u021bi \u0219i vitamine, untul de cacao se reg\u0103se\u0219te \u00een compozi\u021bia nenum\u0103ratelor produse cosmetice.<br \/>\nUntul de cacao este emolient, nutritiv \u0219i reparator, ajut\u0103 la regenerarea filmului hidrolipidic al pielii, \u00eent\u0103rind bariera protectoare a pielii \u0219i prevenind deshidratarea. Untul de cacao are \u0219i calit\u0103\u021bi antioxidante, \u00eencetine\u0219te procesul de \u00eemb\u0103tr\u00e2nire cutanat\u0103, \u00eent\u00e2rzie apari\u0163ia ridurilor \u015fi a altor semne de \u00eemb\u0103tr\u00e2nire.<\/p>\n<p>Untul de cacao ajut\u0103 la prevenirea form\u0103rii vergeturilor \u0219i la men\u021binerea elasticit\u0103\u021bii pielii, confer\u0103 pielii un aspect m\u0103t\u0103sos \u015fi str\u0103lucitor.Untul de cacao contribuie la o bronzare natural\u0103 \u015fi uniform\u0103, intensific\u0103 regenerarea \u015fi \u00eent\u0103re\u015fte rezisten\u0163a pielii.<\/p>\n<h3>Ulei Esen\u021bial Scor\u021bi\u0219oar\u0103<\/h3>\n<p>Uleiul esen\u021bial de scor\u021bi\u0219oar\u0103 este un antifungic, antiparazitar \u0219i antibacterian puternic cu spectru larg. Uleiul esen\u021bial de scor\u021bi\u0219oar\u0103 este termoactiv local, mic\u0219oreaz\u0103 porii, favorizeaz\u0103 circula\u021bia sanguin\u0103 \u0219i limfatic\u0103, este tonifiant \u0219i un stimulator fizic \u0219i psihic.<\/p>\n<h3>Ulei Ricin<\/h3>\n<p>Uleiul de ricin este renumit pentru propriet\u0103\u021bile sale de regenerare \u0219i fortificare a p\u0103rului, genelor \u0219i spr\u00e2ncenelor. Uleiul de ricin este apreciat pentru efectul de stimulare a cre\u0219terii p\u0103rului \u0219i combaterea c\u0103derii p\u0103rului.<\/p>\n<h3 dir=\"auto\">Ulei Cocos<\/h3>\n<p>Uleiul de Cocos este un ulei care hidrateaz\u0103 \u0219i calmeaz\u0103 pielea afectat\u0103 de ro\u0219ea\u021b\u0103 \u0219i irita\u021bii. Este un ingredient nutritiv, emolient, care las\u0103 pielea fin\u0103, m\u0103t\u0103soas\u0103, moale \u0219i hidratat\u0103.<\/p>\n<p>Uleiul de cocos are propriet\u0103\u021bi excelente de cur\u0103\u021bare \u0219i spumare \u00een produsele cosmetice. Acizii gra\u0219i din uleiul de cocos ajut\u0103 la \u00eendep\u0103rtarea murdariei, \u0219i a altor impurit\u0103\u021bi ale pielii. Are propriet\u0103\u021bi de a men\u021bine pielea hidratat\u0103, de a reduce inflama\u021bia pielii, este cicatrizant, antimicrobian \u0219i poate ajuta \u00een cazul acneei.<\/p>\n<h3>Ulei Floarea Soarelui<\/h3>\n<p>Uleiul de floarea soarelui este uleiul vegetal cu cel mai mare con\u021binut de vitamina E (alfa-tocoferol). Con\u021binutul ridicat de vitamina E face ca uleiul de floarea soarelui s\u0103 aib\u0103 un posibil efect benefic \u00eempotriva \u00eemb\u0103tr\u00e2nirii premature a pielii. Efectul antioxidant al vitaminei E (alfa-tocoferolul) poate reduce riscul de inflama\u021bii prin neutralizarea radicalilor liberi.<\/p>\n<p>Uleiul de floarea-soarelui este un ulei care se absorbe u\u0219or \u00een piele \u0219i nu va \u00eenfunda porii. Nu este iritant pentru majoritatea oamenilor \u0219i poate fi utilizat pe toate tipurile de piele, inclusiv uscat\u0103, normal\u0103, gras\u0103 \u0219i predispus\u0103 la acnee.<\/p>\n<h3>Vitamina E<\/h3>\n<p>Vitamina E este un antioxidant puternic benefic pentru piele ca activ anti-aging, regenerator \u0219i protector. Vitamina E este cunoscut\u0103 pentru efectul s\u0103u calmant, antiinflamator, protector pentru piele. Protejeaz\u0103 pielea de daunele factorilor de mediu \u0219i \u00eembun\u0103t\u0103\u021be\u0219te elasticitatea pielii.<\/p>\n<p>Vitamina E este recomandat \u00een special pentru pielea uscat\u0103, matur\u0103 \u0219i pentru \u00eengrijirea pielii dup\u0103 expunerea la soare.<\/p>\n<h3>Mod de Utilizare S\u0103pun Natural Exfoliant cu Cafea \u0219i Scorti\u0219oar\u0103<\/h3>\n<p>Umeze\u0219te m\u00e2inile cu ap\u0103 \u0219i freac\u0103 s\u0103punul cu palmele pentru a produce cl\u0103buci. Freac\u0103 m\u00e2inile la \u00eencheieturi, \u00eentre degete \u0219i pe spatele palmelor pentru a le sp\u0103la, dup\u0103 care cl\u0103te\u0219tele cu ap\u0103. Dac\u0103 este nevoie, repet\u0103 \u00eenc\u0103 o dat\u0103 procedura. \u0218terge m\u00e2inile cu un prosop curat.<\/p>\n<p>Cu m\u00e2inile curate, acum po\u021bi sp\u0103la \u0219i fa\u021ba, sau alte p\u0103r\u021bi ale corpului. Pentru un efect exfoliant mai intens, aplic\u0103 s\u0103punul direct pe piele prin mi\u0219c\u0103ri bl\u00e2nde f\u0103r\u0103 a aplica presiune mare. Dac\u0103 efectul exfoliant este prea intens pentru tine, folose\u0219te o m\u0103nu\u0219\u0103 sau un prosopel. S\u0103pune\u0219te prosopelul umed \u0219i aplic\u0103 pe corp prin mi\u0219c\u0103ri bl\u00e2nde, dup\u0103 care cl\u0103te\u0219te cu ap\u0103.<\/p>\n<p>Sp\u0103latul frecvent pe m\u00e2ini este cea mai eficient\u0103 metod\u0103 de prevenire a \u00eemboln\u0103virii si r\u0103sp\u00e2ndirii bolilor. Evit\u0103 folosirea s\u0103punurilor antibacteriene. Acestea nu sunt mai eficiente \u00een comparatie cu s\u0103punurile naturale, din contr\u0103, \u00een timp pot duce la dezvoltarea unor bacterii rezistente.<\/p>\n<p>Culoarea, mirosul specific si beneficiile produsului sunt rezultatul combinatiei de ingrediente si extracte naturale folosite.<\/p>\n<p>Fere\u0219te contactul cu ochii. \u00cen caz de alergie la unul din ingrediente, sp\u0103la\u021bi locul cu ap\u0103 din abunden\u021b\u0103 \u0219i opri\u021bi utilizarea produsului. A se p\u0103stra \u00eentre 5-25\u00b0C, \u00een loc curat, ferit de razele soarelui. Produsul nu a fost testat pe animale.<\/p>\n<p>Pentru o durat\u0103 c\u00e2t mai lung\u0103 de utilizare, men\u021bine s\u0103punul c\u00e2t mai uscat f\u0103r\u0103 s\u0103 stea \u00een ap\u0103. Recomand\u0103m folosirea unei s\u0103puniere cu magnet sau cu grilaj\/g\u0103uri de scurgere pentru a permite o uscare c\u00e2t mai rapid\u0103 a s\u0103punului.<\/p>\n<\/div>\n","protected":false},"excerpt":{"rendered":"<p>S\u0103pun Natural Exfoliant cu Cafea \u0219i Scorti\u0219oar\u0103 S\u0103pun Natural Exfoliant cu Cafea \u0219i Scorti\u0219oar\u0103. S\u0103pun natural bogat \u00een antioxidan\u021bi, potrivit pentru \u00eengrijirea pielii cu pori mari, puncte negre, celulit\u0103 \u0219i cu tendin\u021b\u0103 acneic\u0103. S\u0103punul are un miros pl\u0103cut de cafea \u0219i scor\u021bi\u0219oar\u0103, are propriet\u0103\u021bi antioxidante, ofer\u0103 o cur\u0103\u021bare \u0219i o exfoliere optim\u0103 pielii. S\u0103punul este [&hellip;]<\/p>\n","protected":false},"featured_media":4695,"comment_status":"open","ping_status":"closed","template":"","meta":[],"pwb-brand":[142],"product_brand":[],"product_cat":[77],"product_tag":[],"class_list":{"0":"post-4694","1":"product","2":"type-product","3":"status-publish","4":"has-post-thumbnail","6":"pwb-brand-green-bubble","7":"product_cat-cosmetice-naturale","9":"first","10":"instock","11":"taxable","12":"shipping-taxable","13":"purchasable","14":"product-type-simple"},"yoast_head":"<!-- This site is optimized with the Yoast SEO plugin v26.9 - https:\/\/yoast.com\/product\/yoast-seo-wordpress\/ -->\n<title>ACH S\u0103pun Cafea - Inspiratio<\/title>\n<meta name=\"robots\" content=\"index, follow, max-snippet:-1, max-image-preview:large, max-video-preview:-1\" \/>\n<link rel=\"canonical\" href=\"https:\/\/inspiratio.ro\/produs\/ach-sapun-cafea\/\" \/>\n<meta property=\"og:locale\" content=\"en_US\" \/>\n<meta property=\"og:type\" content=\"article\" \/>\n<meta property=\"og:title\" content=\"ACH S\u0103pun Cafea - Inspiratio\" \/>\n<meta property=\"og:description\" content=\"S\u0103pun Natural Exfoliant cu Cafea \u0219i Scorti\u0219oar\u0103 S\u0103pun Natural Exfoliant cu Cafea \u0219i Scorti\u0219oar\u0103. S\u0103pun natural bogat \u00een antioxidan\u021bi, potrivit pentru \u00eengrijirea pielii cu pori mari, puncte negre, celulit\u0103 \u0219i cu tendin\u021b\u0103 acneic\u0103. S\u0103punul are un miros pl\u0103cut de cafea \u0219i scor\u021bi\u0219oar\u0103, are propriet\u0103\u021bi antioxidante, ofer\u0103 o cur\u0103\u021bare \u0219i o exfoliere optim\u0103 pielii. S\u0103punul este [&hellip;]\" \/>\n<meta property=\"og:url\" content=\"https:\/\/inspiratio.ro\/produs\/ach-sapun-cafea\/\" \/>\n<meta property=\"og:site_name\" content=\"Inspiratio\" \/>\n<meta property=\"article:publisher\" content=\"https:\/\/www.facebook.com\/inspiratiogiftstudio\/\" \/>\n<meta property=\"article:modified_time\" content=\"2025-11-10T14:20:19+00:00\" \/>\n<meta property=\"og:image\" content=\"https:\/\/inspiratio.ro\/wp-content\/uploads\/2022\/11\/Sapun-Natural-Cafea-si-Scortisoara-Scrub.webp\" \/>\n\t<meta property=\"og:image:width\" content=\"800\" \/>\n\t<meta property=\"og:image:height\" content=\"600\" \/>\n\t<meta property=\"og:image:type\" content=\"image\/webp\" \/>\n<meta name=\"twitter:card\" content=\"summary_large_image\" \/>\n<meta name=\"twitter:label1\" content=\"Est. reading time\" \/>\n\t<meta name=\"twitter:data1\" content=\"6 minutes\" \/>\n<script type=\"application\/ld+json\" class=\"yoast-schema-graph\">{\"@context\":\"https:\/\/schema.org\",\"@graph\":[{\"@type\":\"WebPage\",\"@id\":\"https:\/\/inspiratio.ro\/produs\/ach-sapun-cafea\/\",\"url\":\"https:\/\/inspiratio.ro\/produs\/ach-sapun-cafea\/\",\"name\":\"ACH S\u0103pun Cafea - Inspiratio\",\"isPartOf\":{\"@id\":\"https:\/\/inspiratio.ro\/#website\"},\"primaryImageOfPage\":{\"@id\":\"https:\/\/inspiratio.ro\/produs\/ach-sapun-cafea\/#primaryimage\"},\"image\":{\"@id\":\"https:\/\/inspiratio.ro\/produs\/ach-sapun-cafea\/#primaryimage\"},\"thumbnailUrl\":\"https:\/\/inspiratio.ro\/wp-content\/uploads\/2022\/11\/Sapun-Natural-Cafea-si-Scortisoara-Scrub.webp\",\"datePublished\":\"2022-11-21T14:43:11+00:00\",\"dateModified\":\"2025-11-10T14:20:19+00:00\",\"breadcrumb\":{\"@id\":\"https:\/\/inspiratio.ro\/produs\/ach-sapun-cafea\/#breadcrumb\"},\"inLanguage\":\"en-US\",\"potentialAction\":[{\"@type\":\"ReadAction\",\"target\":[\"https:\/\/inspiratio.ro\/produs\/ach-sapun-cafea\/\"]}]},{\"@type\":\"ImageObject\",\"inLanguage\":\"en-US\",\"@id\":\"https:\/\/inspiratio.ro\/produs\/ach-sapun-cafea\/#primaryimage\",\"url\":\"https:\/\/inspiratio.ro\/wp-content\/uploads\/2022\/11\/Sapun-Natural-Cafea-si-Scortisoara-Scrub.webp\",\"contentUrl\":\"https:\/\/inspiratio.ro\/wp-content\/uploads\/2022\/11\/Sapun-Natural-Cafea-si-Scortisoara-Scrub.webp\",\"width\":800,\"height\":600},{\"@type\":\"BreadcrumbList\",\"@id\":\"https:\/\/inspiratio.ro\/produs\/ach-sapun-cafea\/#breadcrumb\",\"itemListElement\":[{\"@type\":\"ListItem\",\"position\":1,\"name\":\"Shop\",\"item\":\"https:\/\/inspiratio.ro\/magazin-cadouri\/\"},{\"@type\":\"ListItem\",\"position\":2,\"name\":\"ACH S\u0103pun Cafea\"}]},{\"@type\":\"WebSite\",\"@id\":\"https:\/\/inspiratio.ro\/#website\",\"url\":\"https:\/\/inspiratio.ro\/\",\"name\":\"Inspiratio\",\"description\":\"Las\u0103-te purtat de inspira\u021bie\",\"publisher\":{\"@id\":\"https:\/\/inspiratio.ro\/#organization\"},\"potentialAction\":[{\"@type\":\"SearchAction\",\"target\":{\"@type\":\"EntryPoint\",\"urlTemplate\":\"https:\/\/inspiratio.ro\/?s={search_term_string}\"},\"query-input\":{\"@type\":\"PropertyValueSpecification\",\"valueRequired\":true,\"valueName\":\"search_term_string\"}}],\"inLanguage\":\"en-US\"},{\"@type\":\"Organization\",\"@id\":\"https:\/\/inspiratio.ro\/#organization\",\"name\":\"Inspiratio\",\"url\":\"https:\/\/inspiratio.ro\/\",\"logo\":{\"@type\":\"ImageObject\",\"inLanguage\":\"en-US\",\"@id\":\"https:\/\/inspiratio.ro\/#\/schema\/logo\/image\/\",\"url\":\"https:\/\/inspiratio.ro\/wp-content\/uploads\/2020\/06\/logo-inspiratio.png\",\"contentUrl\":\"https:\/\/inspiratio.ro\/wp-content\/uploads\/2020\/06\/logo-inspiratio.png\",\"width\":232,\"height\":209,\"caption\":\"Inspiratio\"},\"image\":{\"@id\":\"https:\/\/inspiratio.ro\/#\/schema\/logo\/image\/\"},\"sameAs\":[\"https:\/\/www.facebook.com\/inspiratiogiftstudio\/\",\"https:\/\/www.instagram.com\/inspiratio_giftstudio\/\"]}]}<\/script>\n<!-- \/ Yoast SEO plugin. -->","yoast_head_json":{"title":"ACH S\u0103pun Cafea - Inspiratio","robots":{"index":"index","follow":"follow","max-snippet":"max-snippet:-1","max-image-preview":"max-image-preview:large","max-video-preview":"max-video-preview:-1"},"canonical":"https:\/\/inspiratio.ro\/produs\/ach-sapun-cafea\/","og_locale":"en_US","og_type":"article","og_title":"ACH S\u0103pun Cafea - Inspiratio","og_description":"S\u0103pun Natural Exfoliant cu Cafea \u0219i Scorti\u0219oar\u0103 S\u0103pun Natural Exfoliant cu Cafea \u0219i Scorti\u0219oar\u0103. S\u0103pun natural bogat \u00een antioxidan\u021bi, potrivit pentru \u00eengrijirea pielii cu pori mari, puncte negre, celulit\u0103 \u0219i cu tendin\u021b\u0103 acneic\u0103. S\u0103punul are un miros pl\u0103cut de cafea \u0219i scor\u021bi\u0219oar\u0103, are propriet\u0103\u021bi antioxidante, ofer\u0103 o cur\u0103\u021bare \u0219i o exfoliere optim\u0103 pielii. S\u0103punul este [&hellip;]","og_url":"https:\/\/inspiratio.ro\/produs\/ach-sapun-cafea\/","og_site_name":"Inspiratio","article_publisher":"https:\/\/www.facebook.com\/inspiratiogiftstudio\/","article_modified_time":"2025-11-10T14:20:19+00:00","og_image":[{"width":800,"height":600,"url":"https:\/\/inspiratio.ro\/wp-content\/uploads\/2022\/11\/Sapun-Natural-Cafea-si-Scortisoara-Scrub.webp","type":"image\/webp"}],"twitter_card":"summary_large_image","twitter_misc":{"Est. reading time":"6 minutes"},"schema":{"@context":"https:\/\/schema.org","@graph":[{"@type":"WebPage","@id":"https:\/\/inspiratio.ro\/produs\/ach-sapun-cafea\/","url":"https:\/\/inspiratio.ro\/produs\/ach-sapun-cafea\/","name":"ACH S\u0103pun Cafea - Inspiratio","isPartOf":{"@id":"https:\/\/inspiratio.ro\/#website"},"primaryImageOfPage":{"@id":"https:\/\/inspiratio.ro\/produs\/ach-sapun-cafea\/#primaryimage"},"image":{"@id":"https:\/\/inspiratio.ro\/produs\/ach-sapun-cafea\/#primaryimage"},"thumbnailUrl":"https:\/\/inspiratio.ro\/wp-content\/uploads\/2022\/11\/Sapun-Natural-Cafea-si-Scortisoara-Scrub.webp","datePublished":"2022-11-21T14:43:11+00:00","dateModified":"2025-11-10T14:20:19+00:00","breadcrumb":{"@id":"https:\/\/inspiratio.ro\/produs\/ach-sapun-cafea\/#breadcrumb"},"inLanguage":"en-US","potentialAction":[{"@type":"ReadAction","target":["https:\/\/inspiratio.ro\/produs\/ach-sapun-cafea\/"]}]},{"@type":"ImageObject","inLanguage":"en-US","@id":"https:\/\/inspiratio.ro\/produs\/ach-sapun-cafea\/#primaryimage","url":"https:\/\/inspiratio.ro\/wp-content\/uploads\/2022\/11\/Sapun-Natural-Cafea-si-Scortisoara-Scrub.webp","contentUrl":"https:\/\/inspiratio.ro\/wp-content\/uploads\/2022\/11\/Sapun-Natural-Cafea-si-Scortisoara-Scrub.webp","width":800,"height":600},{"@type":"BreadcrumbList","@id":"https:\/\/inspiratio.ro\/produs\/ach-sapun-cafea\/#breadcrumb","itemListElement":[{"@type":"ListItem","position":1,"name":"Shop","item":"https:\/\/inspiratio.ro\/magazin-cadouri\/"},{"@type":"ListItem","position":2,"name":"ACH S\u0103pun Cafea"}]},{"@type":"WebSite","@id":"https:\/\/inspiratio.ro\/#website","url":"https:\/\/inspiratio.ro\/","name":"Inspiratio","description":"Las\u0103-te purtat de inspira\u021bie","publisher":{"@id":"https:\/\/inspiratio.ro\/#organization"},"potentialAction":[{"@type":"SearchAction","target":{"@type":"EntryPoint","urlTemplate":"https:\/\/inspiratio.ro\/?s={search_term_string}"},"query-input":{"@type":"PropertyValueSpecification","valueRequired":true,"valueName":"search_term_string"}}],"inLanguage":"en-US"},{"@type":"Organization","@id":"https:\/\/inspiratio.ro\/#organization","name":"Inspiratio","url":"https:\/\/inspiratio.ro\/","logo":{"@type":"ImageObject","inLanguage":"en-US","@id":"https:\/\/inspiratio.ro\/#\/schema\/logo\/image\/","url":"https:\/\/inspiratio.ro\/wp-content\/uploads\/2020\/06\/logo-inspiratio.png","contentUrl":"https:\/\/inspiratio.ro\/wp-content\/uploads\/2020\/06\/logo-inspiratio.png","width":232,"height":209,"caption":"Inspiratio"},"image":{"@id":"https:\/\/inspiratio.ro\/#\/schema\/logo\/image\/"},"sameAs":["https:\/\/www.facebook.com\/inspiratiogiftstudio\/","https:\/\/www.instagram.com\/inspiratio_giftstudio\/"]}]}},"brands":[{"id":142,"name":"Green Bubble","slug":"green-bubble"}],"_links":{"self":[{"href":"https:\/\/inspiratio.ro\/en\/wp-json\/wp\/v2\/product\/4694","targetHints":{"allow":["GET"]}}],"collection":[{"href":"https:\/\/inspiratio.ro\/en\/wp-json\/wp\/v2\/product"}],"about":[{"href":"https:\/\/inspiratio.ro\/en\/wp-json\/wp\/v2\/types\/product"}],"replies":[{"embeddable":true,"href":"https:\/\/inspiratio.ro\/en\/wp-json\/wp\/v2\/comments?post=4694"}],"wp:featuredmedia":[{"embeddable":true,"href":"https:\/\/inspiratio.ro\/en\/wp-json\/wp\/v2\/media\/4695"}],"wp:attachment":[{"href":"https:\/\/inspiratio.ro\/en\/wp-json\/wp\/v2\/media?parent=4694"}],"wp:term":[{"taxonomy":"pwb-brand","embeddable":true,"href":"https:\/\/inspiratio.ro\/en\/wp-json\/wp\/v2\/pwb-brand?post=4694"},{"taxonomy":"product_brand","embeddable":true,"href":"https:\/\/inspiratio.ro\/en\/wp-json\/wp\/v2\/product_brand?post=4694"},{"taxonomy":"product_cat","embeddable":true,"href":"https:\/\/inspiratio.ro\/en\/wp-json\/wp\/v2\/product_cat?post=4694"},{"taxonomy":"product_tag","embeddable":true,"href":"https:\/\/inspiratio.ro\/en\/wp-json\/wp\/v2\/product_tag?post=4694"}],"curies":[{"name":"wp","href":"https:\/\/api.w.org\/{rel}","templated":true}]}}