{"id":4687,"date":"2022-11-21T16:08:25","date_gmt":"2022-11-21T14:08:25","guid":{"rendered":"https:\/\/inspiratio.ro\/?post_type=product&#038;p=4687"},"modified":"2024-07-19T13:14:04","modified_gmt":"2024-07-19T10:14:04","slug":"ach-sampon-solid-ricin","status":"publish","type":"product","link":"https:\/\/inspiratio.ro\/en\/produs\/ach-sampon-solid-ricin\/","title":{"rendered":"\u0218ampon solid ricin"},"content":{"rendered":"<h2 dir=\"auto\">\u0218ampon Solid Ricin+<\/h2>\n<div dir=\"auto\">\n<div dir=\"auto\">\n<div dir=\"auto\">\n<p>\u0218ampon Solid Ricin+ cu Keratin\u0103, Colagen, Panthenol \u0219i Protein\u0103 de M\u0103tase pentru toate tipurile de p\u0103r. Un \u0219ampon natural mai \u201everde\u201d \u0219i mai benefic pentru mediu. Nu necesit\u0103 flacon de plastic pentru comercializare \u0219i depozitare.<\/p>\n<div dir=\"auto\">\u0218amponul spumeaz\u0103 \u0219i descurc\u0103 p\u0103rul cu u\u0219urin\u021b\u0103.\u00a0 \u0218amponul Solid Ricin+ hidrateaz\u0103, fortific\u0103 \u0219i cur\u0103\u021b\u0103 \u00een profunzime p\u0103rul \u0219i pielea scalpului.<\/div>\n<div dir=\"auto\"><\/div>\n<\/div>\n<div dir=\"auto\">\n<table class=\"woocommerce-product-attributes shop_attributes\">\n<tbody>\n<tr class=\"woocommerce-product-attributes-item woocommerce-product-attributes-item--weight\">\n<th class=\"woocommerce-product-attributes-item__label\">Greutate<\/th>\n<td class=\"woocommerce-product-attributes-item__value\">80 g<\/td>\n<\/tr>\n<tr class=\"woocommerce-product-attributes-item woocommerce-product-attributes-item--dimensions\">\n<th class=\"woocommerce-product-attributes-item__label\">Dimensiuni<\/th>\n<td class=\"woocommerce-product-attributes-item__value\">7,5 \u00d7 2 \u00d7 6,5 cm<\/td>\n<\/tr>\n<tr class=\"woocommerce-product-attributes-item woocommerce-product-attributes-item--attribute_pa_proprietati\">\n<th class=\"woocommerce-product-attributes-item__label\">Propriet\u0103\u021bi<\/th>\n<td class=\"woocommerce-product-attributes-item__value\">Descurc\u0103 P\u0103rul, Emolient, Hidratant, Spumant, Stimulator<\/td>\n<\/tr>\n<\/tbody>\n<\/table>\n<\/div>\n<div dir=\"auto\">\n<h3>Principalele ingrediente active pentru \u0218ampon Solid Ricin+:<\/h3>\n<p>\u0218ampon natural realizat cu Ulei Ricin, Panthenol, Keratin\u0103, Colagen Vegetal, Protein\u0103 M\u0103tase, Urzic\u0103, Ulei Cocos, Ulei M\u0103sline, Ulei Floarea Soarelui, Infuzie Urzic\u0103 \u0219i Mu\u0219e\u021bel, Ulei Esen\u021bial Cedru, Ment\u0103 \u0219i Rozmarin.<\/p>\n<h3>Ulei Ricin<\/h3>\n<p>Uleiul de ricin este renumit pentru propriet\u0103\u021bile sale de regenerare \u0219i fortificare a p\u0103rului, genelor \u0219i spr\u00e2ncenelor. Uleiul de ricin este apreciat pentru efectul de stimulare a cre\u0219terii p\u0103rului \u0219i combaterea c\u0103derii p\u0103rului.<\/p>\n<h3>Panthenol\/Pantenol\/Provitamina B5<\/h3>\n<p>Panthenolul este recunoscut pentru efectul calmant, reparator, hidratant \u0219i antiinflamator al pielii. Panthenolul este un ingredient activ cunoscut\u0103 \u0219i sub denumirea de provitamina B5. Panthenolul este foarte eficient pentru \u00eengrijirea pielii \u0219i pentru propriet\u0103\u021bile sale de restaurare \u0219i calmare.<\/p>\n<p>Panthenolul este un reparator de piele, stimuleaz\u0103 proliferarea celulelor pielii. Previne deshidratarea pielii, reduce pierderile de ap\u0103 \u0219i men\u021bine moliciunea \u0219i elasticitatea pielii.<\/p>\n<h3>Colagen Vegetal<\/h3>\n<p>Colagenul Vegetal este un activ cosmetic natural care protejeaz\u0103 fibra capilar\u0103, fortific\u0103 p\u0103rul \u0219i \u00eei confer\u0103 volum. Colagenul vegetal este un ingredient activ ideal pentru \u00eenmuierea, netezirea \u0219i protejarea tuturor tipurilor de piele, \u00een special a pielii uscate \u0219i deshidratate, precum \u0219i a pielii mature. Colagenul vegetal are proprietatea de a \u00eengro\u0219a p\u0103rul \u0219i genele.<\/p>\n<p>Protejeaza fibra capilara, fortifica parul si \u00eei confera volum. Acest activ cosmetic este apreciat si pentru efectul de netezire si protectie, conferind elasticitate pielii si sporindu-i fermitatea. Mentine hidratareai optima a pielii si incetineste aparitia ridurilor.<\/p>\n<h3>Keratin\u0103 Vegetal\u0103<\/h3>\n<p>Keratina vegetala este un ingredient activ de \u00eenfrumuse\u021bare \u0219i termoprotec\u021bie pentru p\u0103r. Keratina confer\u0103 p\u0103rului str\u0103lucire \u0219i catifelare protej\u00e2ndu-l de deshidratare prin formarea unui film moale \u0219i u\u0219or. Keratina \u00eent\u0103re\u0219te firul de p\u0103r \u0219i ajut\u0103 la refacerea firului de p\u0103r deteriorat, prin \u00eembun\u0103t\u0103\u021birea structurii proteinelor con\u021binute \u00een cortexul p\u0103rului.<\/p>\n<p>Keratina vegetal\u0103 red\u0103 str\u0103lucirea p\u0103rului prin \u00eembun\u0103t\u0103\u021birea capacit\u0103\u021bii sale de a reflecta lumina, chiar \u0219i atunci c\u00e2nd este deteriorat.<\/p>\n<h3>Protein\u0103 M\u0103tase<\/h3>\n<p>Proteina de m\u0103tase are o compozi\u021bie similar\u0103 cu cea a proteinele prezente \u00een piele \u0219i p\u0103r. Proteina de m\u0103tase ajut\u0103 la reconstruc\u021bia firelor de p\u0103r deteriorate, ac\u021bioneaz\u0103 ca un scut \u00eempotriva factorilor de mediu, coafarea agresiv\u0103, confer\u0103 elasticitate \u0219i str\u0103lucire natural\u0103 p\u0103rului.<\/p>\n<p>Proteina de m\u0103tase ac\u021bioneaz\u0103 pentru repararea \u0219i fortificarea p\u0103rului, oferindu-i mai mult volum. Are propriet\u0103\u021bi remarcabile de hidratare, confer\u0103 elasticitate \u0219i str\u0103lucire natural\u0103 p\u0103rului \u0219i confer\u0103 fine\u021be pielii.<\/p>\n<h3>Infuzie Urzic\u0103 \u0219i Mu\u0219e\u021bel<\/h3>\n<p>Infuzia de brad are propriet\u0103\u021bi astringente eficiente \u00een tratarea acneei, a r\u0103nilor u\u0219oare \u0219i a mu\u0219c\u0103turi de insecte. Propriet\u0103\u021bile sale antibacteriene \u0219i antifungice ajut\u0103, de asemenea, la eczeme \u0219i diferite boli de piele.<\/p>\n<div class=\"FFpbKc\">\n<h3>Ulei Esen\u021bial Cedru<\/h3>\n<\/div>\n<p>Uleiul esen\u021bial de cedru este folosit pentru diminuarea gr\u0103simii, echilibrarea secre\u021biei de sebum \u0219i pentru stimularea cre\u0219terii p\u0103rului.<\/p>\n<p>Uleiul esen\u021bial de cedru are cu o ac\u021biune benefic\u0103 asupra sistemului circulator, nervos \u0219i respirator. Uleiul esen\u021bial de cedru este benefic penntru tulbur\u0103rile de circula\u021bie, favorizeaz\u0103 cicatrizarea,\u00a0stimuleaz\u0103 cre\u0219terea p\u0103rului \u0219i eliminarea m\u0103tre\u021bii \u0219i echilibrant asupra spiritului.<\/p>\n<h3>Ulei Esen\u021bial Ment\u0103<\/h3>\n<p>Uleiul esen\u021bial de ment\u0103 este stimuleaz\u0103 \u0219i revigoreaz\u0103 corpul \u0219i mintea, este cunoscut \u00een mod tradi\u021bional pentru diminuarea pruritului (m\u00e2nc\u0103rimea pielii), a durerilor musculare \u0219i a durerilor de cap.<\/p>\n<p>Uleiul esen\u021bial de ment\u0103 este antibacterian, antiviral, antiinflamator, antispastic, carminativ.<\/p>\n<h3 dir=\"auto\">Uleiul Esen\u021bial Rozmarin<\/h3>\n<div dir=\"auto\">Uleiul esen\u021bial de rozmarin revitalizeaz\u0103 pielea \u0219i p\u0103rul. Potrivit \u00een special pentru tenul gras, scalpul problematic, m\u0103trea\u021b\u0103 sau pentru c\u0103derea p\u0103rului.<\/div>\n<div dir=\"auto\">Uleiul esen\u021bial de rozmarin are o ac\u021biune purifiant\u0103, \u00een special pentru tenul gras, scalpul problematic, c\u0103derea p\u0103rului sau m\u0103trea\u021b\u0103. Este folosit \u00een aromaterapie \u00een caz de r\u0103celi \u0219i probleme respiratorii.<\/div>\n<div dir=\"auto\">Uleiul esen\u021bial de rozmarin este antiseptic, bactericid potent, fungicid, expectorant, mucolitic \u0219i un tonic al sistemului circulator \u0219i nervos.<\/div>\n<h3 dir=\"auto\">Ulei Cocos<\/h3>\n<p>Uleiul de Cocos este un ulei care hidrateaz\u0103 \u0219i calmeaz\u0103 pielea afectat\u0103 de ro\u0219ea\u021b\u0103 \u0219i irita\u021bii. Este un ingredient nutritiv, emolient, care las\u0103 pielea fin\u0103, m\u0103t\u0103soas\u0103, moale \u0219i hidratat\u0103.<\/p>\n<p>Uleiul de cocos are propriet\u0103\u021bi excelente de cur\u0103\u021bare \u0219i spumare \u00een produsele cosmetice. Acizii gra\u0219i din uleiul de cocos ajut\u0103 la \u00eendep\u0103rtarea murdariei, \u0219i a altor impurit\u0103\u021bi ale pielii. Are propriet\u0103\u021bi de a men\u021bine pielea hidratat\u0103, de a reduce inflama\u021bia pielii, este cicatrizant, antimicrobian \u0219i poate ajuta \u00een cazul acneei.<\/p>\n<h3>Vitamina E<\/h3>\n<p>Vitamina E este un antioxidant puternic benefic pentru piele ca activ anti-aging, regenerator \u0219i protector. Vitamina E este cunoscut\u0103 pentru efectul s\u0103u calmant, antiinflamator, protector pentru piele. Protejeaz\u0103 pielea de daunele factorilor de mediu \u0219i \u00eembun\u0103t\u0103\u021be\u0219te elasticitatea pielii.<\/p>\n<p>Vitamina E este recomandat \u00een special pentru pielea uscat\u0103, matur\u0103 \u0219i pentru \u00eengrijirea pielii dup\u0103 expunerea la soare.<\/p>\n<h3>Mod de Utilizare \u0218ampon Solid Ricin+<\/h3>\n<p>Umeze\u0219te p\u0103rul cu ap\u0103 \u0219i apoi freac\u0103 \u0219amponul solid de p\u0103r. Maseaz\u0103 scalpul \u0219i p\u0103rul p\u00e2n\u0103 se face o spum\u0103 bogat\u0103. Dac\u0103 este necesar aplic\u0103 \u00eenc\u0103 o dat\u0103 \u0219ampon natural solid pe p\u0103r.<\/p>\n<p>Dac\u0103 nu dore\u0219ti s\u0103 folose\u0219ti balsam, acum este momentul s\u0103 descurci p\u0103rul cu ajutorul degetelor. Foarte important, nu cl\u0103ti p\u0103rul \u00eenainte de a descurca p\u0103rul. Dup\u0103 ce a fost descurcat p\u0103rul, po\u021bi sa-l cl\u0103te\u0219ti u\u0219or f\u0103r\u0103 a-l freca prea tare pentru a nu-l \u00eencurca din nou.<\/p>\n<p>Acum este momentul s\u0103 aplici \u0219i alte solu\u021bii pe p\u0103r dac\u0103 dore\u0219ti.<\/p>\n<p>Culoarea, mirosul specific si beneficiile produsului sunt rezultatul combinatiei de ingrediente si extracte naturale folosite.<\/p>\n<p>Fere\u0219te contactul cu ochii. \u00cen caz de alergie la unul din ingrediente, sp\u0103la\u021bi locul cu ap\u0103 din abunden\u021b\u0103 \u0219i opri\u021bi utilizarea produsului. A se p\u0103stra \u00eentre 5-25\u00b0C, \u00een loc curat, ferit de razele soarelui. Produsul nu a fost testat pe animale.<\/p>\n<p>Pentru o durat\u0103 c\u00e2t mai lung\u0103 de utilizare, men\u021bine \u0219amponul solid c\u00e2t mai uscat, f\u0103r\u0103 s\u0103 stea \u00een ap\u0103. Recomand\u0103m folosirea unei s\u0103puniere cu magnet sau cu grilaj\/g\u0103uri de scurgere pentru a permite o uscare c\u00e2t mai rapid\u0103 a \u0219amponului.<\/p>\n<\/div>\n<\/div>\n<\/div>\n","protected":false},"excerpt":{"rendered":"<p>\u0218ampon Solid Ricin+ \u0218ampon Solid Ricin+ cu Keratin\u0103, Colagen, Panthenol \u0219i Protein\u0103 de M\u0103tase pentru toate tipurile de p\u0103r. Un \u0219ampon natural mai \u201everde\u201d \u0219i mai benefic pentru mediu. Nu necesit\u0103 flacon de plastic pentru comercializare \u0219i depozitare. \u0218amponul spumeaz\u0103 \u0219i descurc\u0103 p\u0103rul cu u\u0219urin\u021b\u0103.\u00a0 \u0218amponul Solid Ricin+ hidrateaz\u0103, fortific\u0103 \u0219i cur\u0103\u021b\u0103 \u00een profunzime p\u0103rul [&hellip;]<\/p>\n","protected":false},"featured_media":4688,"comment_status":"open","ping_status":"closed","template":"","meta":[],"pwb-brand":[142],"product_brand":[],"product_cat":[77],"product_tag":[],"class_list":{"0":"post-4687","1":"product","2":"type-product","3":"status-publish","4":"has-post-thumbnail","6":"pwb-brand-green-bubble","7":"product_cat-cosmetice-naturale","9":"first","10":"instock","11":"taxable","12":"shipping-taxable","13":"purchasable","14":"product-type-simple"},"yoast_head":"<!-- This site is optimized with the Yoast SEO plugin v26.9 - https:\/\/yoast.com\/product\/yoast-seo-wordpress\/ -->\n<title>ACH \u0218ampon solid ricin - Inspiratio<\/title>\n<meta name=\"description\" content=\"ACH \u0218ampon solid ricin\" \/>\n<meta name=\"robots\" content=\"index, follow, max-snippet:-1, max-image-preview:large, max-video-preview:-1\" \/>\n<link rel=\"canonical\" href=\"https:\/\/inspiratio.ro\/produs\/ach-sampon-solid-ricin\/\" \/>\n<meta property=\"og:locale\" content=\"en_US\" \/>\n<meta property=\"og:type\" content=\"article\" \/>\n<meta property=\"og:title\" content=\"ACH \u0218ampon solid ricin - Inspiratio\" \/>\n<meta property=\"og:description\" content=\"ACH \u0218ampon solid ricin\" \/>\n<meta property=\"og:url\" content=\"https:\/\/inspiratio.ro\/produs\/ach-sampon-solid-ricin\/\" \/>\n<meta property=\"og:site_name\" content=\"Inspiratio\" \/>\n<meta property=\"article:publisher\" content=\"https:\/\/www.facebook.com\/inspiratiogiftstudio\/\" \/>\n<meta property=\"article:modified_time\" content=\"2024-07-19T10:14:04+00:00\" \/>\n<meta property=\"og:image\" content=\"https:\/\/inspiratio.ro\/wp-content\/uploads\/2022\/11\/Sampon-Solid-Ricin-Keratina-Colagen-Pantenol-Proteina-Matase.webp\" \/>\n\t<meta property=\"og:image:width\" content=\"800\" \/>\n\t<meta property=\"og:image:height\" content=\"600\" \/>\n\t<meta property=\"og:image:type\" content=\"image\/webp\" \/>\n<meta name=\"twitter:card\" content=\"summary_large_image\" \/>\n<meta name=\"twitter:label1\" content=\"Est. reading time\" \/>\n\t<meta name=\"twitter:data1\" content=\"6 minutes\" \/>\n<script type=\"application\/ld+json\" class=\"yoast-schema-graph\">{\"@context\":\"https:\/\/schema.org\",\"@graph\":[{\"@type\":\"WebPage\",\"@id\":\"https:\/\/inspiratio.ro\/produs\/ach-sampon-solid-ricin\/\",\"url\":\"https:\/\/inspiratio.ro\/produs\/ach-sampon-solid-ricin\/\",\"name\":\"ACH \u0218ampon solid ricin - Inspiratio\",\"isPartOf\":{\"@id\":\"https:\/\/inspiratio.ro\/#website\"},\"primaryImageOfPage\":{\"@id\":\"https:\/\/inspiratio.ro\/produs\/ach-sampon-solid-ricin\/#primaryimage\"},\"image\":{\"@id\":\"https:\/\/inspiratio.ro\/produs\/ach-sampon-solid-ricin\/#primaryimage\"},\"thumbnailUrl\":\"https:\/\/inspiratio.ro\/wp-content\/uploads\/2022\/11\/Sampon-Solid-Ricin-Keratina-Colagen-Pantenol-Proteina-Matase.webp\",\"datePublished\":\"2022-11-21T14:08:25+00:00\",\"dateModified\":\"2024-07-19T10:14:04+00:00\",\"description\":\"ACH \u0218ampon solid ricin\",\"breadcrumb\":{\"@id\":\"https:\/\/inspiratio.ro\/produs\/ach-sampon-solid-ricin\/#breadcrumb\"},\"inLanguage\":\"en-US\",\"potentialAction\":[{\"@type\":\"ReadAction\",\"target\":[\"https:\/\/inspiratio.ro\/produs\/ach-sampon-solid-ricin\/\"]}]},{\"@type\":\"ImageObject\",\"inLanguage\":\"en-US\",\"@id\":\"https:\/\/inspiratio.ro\/produs\/ach-sampon-solid-ricin\/#primaryimage\",\"url\":\"https:\/\/inspiratio.ro\/wp-content\/uploads\/2022\/11\/Sampon-Solid-Ricin-Keratina-Colagen-Pantenol-Proteina-Matase.webp\",\"contentUrl\":\"https:\/\/inspiratio.ro\/wp-content\/uploads\/2022\/11\/Sampon-Solid-Ricin-Keratina-Colagen-Pantenol-Proteina-Matase.webp\",\"width\":800,\"height\":600},{\"@type\":\"BreadcrumbList\",\"@id\":\"https:\/\/inspiratio.ro\/produs\/ach-sampon-solid-ricin\/#breadcrumb\",\"itemListElement\":[{\"@type\":\"ListItem\",\"position\":1,\"name\":\"Shop\",\"item\":\"https:\/\/inspiratio.ro\/magazin-cadouri\/\"},{\"@type\":\"ListItem\",\"position\":2,\"name\":\"ACH \u0218ampon solid ricin\"}]},{\"@type\":\"WebSite\",\"@id\":\"https:\/\/inspiratio.ro\/#website\",\"url\":\"https:\/\/inspiratio.ro\/\",\"name\":\"Inspiratio\",\"description\":\"Las\u0103-te purtat de inspira\u021bie\",\"publisher\":{\"@id\":\"https:\/\/inspiratio.ro\/#organization\"},\"potentialAction\":[{\"@type\":\"SearchAction\",\"target\":{\"@type\":\"EntryPoint\",\"urlTemplate\":\"https:\/\/inspiratio.ro\/?s={search_term_string}\"},\"query-input\":{\"@type\":\"PropertyValueSpecification\",\"valueRequired\":true,\"valueName\":\"search_term_string\"}}],\"inLanguage\":\"en-US\"},{\"@type\":\"Organization\",\"@id\":\"https:\/\/inspiratio.ro\/#organization\",\"name\":\"Inspiratio\",\"url\":\"https:\/\/inspiratio.ro\/\",\"logo\":{\"@type\":\"ImageObject\",\"inLanguage\":\"en-US\",\"@id\":\"https:\/\/inspiratio.ro\/#\/schema\/logo\/image\/\",\"url\":\"https:\/\/inspiratio.ro\/wp-content\/uploads\/2020\/06\/logo-inspiratio.png\",\"contentUrl\":\"https:\/\/inspiratio.ro\/wp-content\/uploads\/2020\/06\/logo-inspiratio.png\",\"width\":232,\"height\":209,\"caption\":\"Inspiratio\"},\"image\":{\"@id\":\"https:\/\/inspiratio.ro\/#\/schema\/logo\/image\/\"},\"sameAs\":[\"https:\/\/www.facebook.com\/inspiratiogiftstudio\/\",\"https:\/\/www.instagram.com\/inspiratio_giftstudio\/\"]}]}<\/script>\n<!-- \/ Yoast SEO plugin. -->","yoast_head_json":{"title":"ACH \u0218ampon solid ricin - Inspiratio","description":"ACH \u0218ampon solid ricin","robots":{"index":"index","follow":"follow","max-snippet":"max-snippet:-1","max-image-preview":"max-image-preview:large","max-video-preview":"max-video-preview:-1"},"canonical":"https:\/\/inspiratio.ro\/produs\/ach-sampon-solid-ricin\/","og_locale":"en_US","og_type":"article","og_title":"ACH \u0218ampon solid ricin - Inspiratio","og_description":"ACH \u0218ampon solid ricin","og_url":"https:\/\/inspiratio.ro\/produs\/ach-sampon-solid-ricin\/","og_site_name":"Inspiratio","article_publisher":"https:\/\/www.facebook.com\/inspiratiogiftstudio\/","article_modified_time":"2024-07-19T10:14:04+00:00","og_image":[{"width":800,"height":600,"url":"https:\/\/inspiratio.ro\/wp-content\/uploads\/2022\/11\/Sampon-Solid-Ricin-Keratina-Colagen-Pantenol-Proteina-Matase.webp","type":"image\/webp"}],"twitter_card":"summary_large_image","twitter_misc":{"Est. reading time":"6 minutes"},"schema":{"@context":"https:\/\/schema.org","@graph":[{"@type":"WebPage","@id":"https:\/\/inspiratio.ro\/produs\/ach-sampon-solid-ricin\/","url":"https:\/\/inspiratio.ro\/produs\/ach-sampon-solid-ricin\/","name":"ACH \u0218ampon solid ricin - Inspiratio","isPartOf":{"@id":"https:\/\/inspiratio.ro\/#website"},"primaryImageOfPage":{"@id":"https:\/\/inspiratio.ro\/produs\/ach-sampon-solid-ricin\/#primaryimage"},"image":{"@id":"https:\/\/inspiratio.ro\/produs\/ach-sampon-solid-ricin\/#primaryimage"},"thumbnailUrl":"https:\/\/inspiratio.ro\/wp-content\/uploads\/2022\/11\/Sampon-Solid-Ricin-Keratina-Colagen-Pantenol-Proteina-Matase.webp","datePublished":"2022-11-21T14:08:25+00:00","dateModified":"2024-07-19T10:14:04+00:00","description":"ACH \u0218ampon solid ricin","breadcrumb":{"@id":"https:\/\/inspiratio.ro\/produs\/ach-sampon-solid-ricin\/#breadcrumb"},"inLanguage":"en-US","potentialAction":[{"@type":"ReadAction","target":["https:\/\/inspiratio.ro\/produs\/ach-sampon-solid-ricin\/"]}]},{"@type":"ImageObject","inLanguage":"en-US","@id":"https:\/\/inspiratio.ro\/produs\/ach-sampon-solid-ricin\/#primaryimage","url":"https:\/\/inspiratio.ro\/wp-content\/uploads\/2022\/11\/Sampon-Solid-Ricin-Keratina-Colagen-Pantenol-Proteina-Matase.webp","contentUrl":"https:\/\/inspiratio.ro\/wp-content\/uploads\/2022\/11\/Sampon-Solid-Ricin-Keratina-Colagen-Pantenol-Proteina-Matase.webp","width":800,"height":600},{"@type":"BreadcrumbList","@id":"https:\/\/inspiratio.ro\/produs\/ach-sampon-solid-ricin\/#breadcrumb","itemListElement":[{"@type":"ListItem","position":1,"name":"Shop","item":"https:\/\/inspiratio.ro\/magazin-cadouri\/"},{"@type":"ListItem","position":2,"name":"ACH \u0218ampon solid ricin"}]},{"@type":"WebSite","@id":"https:\/\/inspiratio.ro\/#website","url":"https:\/\/inspiratio.ro\/","name":"Inspiratio","description":"Las\u0103-te purtat de inspira\u021bie","publisher":{"@id":"https:\/\/inspiratio.ro\/#organization"},"potentialAction":[{"@type":"SearchAction","target":{"@type":"EntryPoint","urlTemplate":"https:\/\/inspiratio.ro\/?s={search_term_string}"},"query-input":{"@type":"PropertyValueSpecification","valueRequired":true,"valueName":"search_term_string"}}],"inLanguage":"en-US"},{"@type":"Organization","@id":"https:\/\/inspiratio.ro\/#organization","name":"Inspiratio","url":"https:\/\/inspiratio.ro\/","logo":{"@type":"ImageObject","inLanguage":"en-US","@id":"https:\/\/inspiratio.ro\/#\/schema\/logo\/image\/","url":"https:\/\/inspiratio.ro\/wp-content\/uploads\/2020\/06\/logo-inspiratio.png","contentUrl":"https:\/\/inspiratio.ro\/wp-content\/uploads\/2020\/06\/logo-inspiratio.png","width":232,"height":209,"caption":"Inspiratio"},"image":{"@id":"https:\/\/inspiratio.ro\/#\/schema\/logo\/image\/"},"sameAs":["https:\/\/www.facebook.com\/inspiratiogiftstudio\/","https:\/\/www.instagram.com\/inspiratio_giftstudio\/"]}]}},"brands":[{"id":142,"name":"Green Bubble","slug":"green-bubble"}],"_links":{"self":[{"href":"https:\/\/inspiratio.ro\/en\/wp-json\/wp\/v2\/product\/4687","targetHints":{"allow":["GET"]}}],"collection":[{"href":"https:\/\/inspiratio.ro\/en\/wp-json\/wp\/v2\/product"}],"about":[{"href":"https:\/\/inspiratio.ro\/en\/wp-json\/wp\/v2\/types\/product"}],"replies":[{"embeddable":true,"href":"https:\/\/inspiratio.ro\/en\/wp-json\/wp\/v2\/comments?post=4687"}],"wp:featuredmedia":[{"embeddable":true,"href":"https:\/\/inspiratio.ro\/en\/wp-json\/wp\/v2\/media\/4688"}],"wp:attachment":[{"href":"https:\/\/inspiratio.ro\/en\/wp-json\/wp\/v2\/media?parent=4687"}],"wp:term":[{"taxonomy":"pwb-brand","embeddable":true,"href":"https:\/\/inspiratio.ro\/en\/wp-json\/wp\/v2\/pwb-brand?post=4687"},{"taxonomy":"product_brand","embeddable":true,"href":"https:\/\/inspiratio.ro\/en\/wp-json\/wp\/v2\/product_brand?post=4687"},{"taxonomy":"product_cat","embeddable":true,"href":"https:\/\/inspiratio.ro\/en\/wp-json\/wp\/v2\/product_cat?post=4687"},{"taxonomy":"product_tag","embeddable":true,"href":"https:\/\/inspiratio.ro\/en\/wp-json\/wp\/v2\/product_tag?post=4687"}],"curies":[{"name":"wp","href":"https:\/\/api.w.org\/{rel}","templated":true}]}}