{"id":4685,"date":"2022-11-21T16:02:12","date_gmt":"2022-11-21T14:02:12","guid":{"rendered":"https:\/\/inspiratio.ro\/?post_type=product&#038;p=4685"},"modified":"2022-11-21T16:06:28","modified_gmt":"2022-11-21T14:06:28","slug":"ach-sampon-lemn-dulce-si-urzica-250ml","status":"publish","type":"product","link":"https:\/\/inspiratio.ro\/en\/produs\/ach-sampon-lemn-dulce-si-urzica-250ml\/","title":{"rendered":"Sampon lemn dulce \u0219i urzica 250ml"},"content":{"rendered":"<h2>\u0218ampon Natural Lemn Dulce \u0219i Urzic\u0103<\/h2>\n<p>\u0218ampon Natural Lemn Dulce \u0219i Urzic\u0103. Un \u0219ampon antim\u0103trea\u021b\u0103, pentru piele sensibil\u0103 \u0219i p\u0103r gras.<\/p>\n<p>\u0218amponul con\u021bine ingrediente active benefice pentru \u00eengrijirea \u0219i protec\u021bia scalpului, cu ac\u021biune lini\u0219titoare asupra scalpului, seboregulator, reduce senza\u021bia de m\u00e2nc\u0103rime, exfoliaz\u0103 bl\u00e2nd \u0219i \u00eendep\u0103rteaz\u0103 scuamele.<br \/>\n\u0218amponul produce o spum\u0103 bogat\u0103 \u0219i poate fi folosit f\u0103r\u0103 probleme pe p\u0103rul scurt. Pentru p\u0103rul lung, datorit\u0103 concentratului de urzic\u0103, \u00een func\u021bie de tipul de p\u0103r pe care \u00eel ai, este posibil s\u0103 se descurce mai greu.<br \/>\n\u0218ampon Natural Lemn Dulce \u0219i Extract de Urzic\u0103 hidrateaz\u0103, fortific\u0103 \u0219i cur\u0103\u021b\u0103 \u00een profunzime p\u0103rul \u0219i pielea scalpului.<\/p>\n<h3>Principalele ingrediente active pentru \u0218ampon Natural Lemn Dulce \u0219i Extract de Urzic\u0103:<\/h3>\n<p>\u0218ampon natural realizat cu Macerat din Frunze de Urzic\u0103, Extract Lemn Dulce, Panthenol, Uree Cosmetic\u0103, Alantoin\u0103, Acid Salicilic Natural, Acid Lactic, Ulei Esen\u021bial Arbore de Ceai, Lavand\u0103 \u0219i Ment\u0103.<\/p>\n<h3>Lemn Dulce<\/h3>\n<p>Extractul de lemn dulce (licorice) este un activ complex antiinflamator forte, antibacterian \u0219i regenerator. Extractul de lemn dulce este calmant \u0219i benefic pentru pielea problematic\u0103 \u0219i este folosit ca adjuvant activ \u00een preparatele reparatorii de piele \u0219i scalp.<\/p>\n<p>Extractul de licorice se folose\u0219te la \u00eengrijirea pielii afectate de acnee, eczeme, diferite infec\u021bii cutanate, regenerarea pielii deteriorate \u0219i iritate.<\/p>\n<h3>Macerat Urzic\u0103<\/h3>\n<p>\u00cen aceast\u0103 formul\u0103, urzica este folosit\u0103 sub form\u0103 de macerat. Maceratul din frunze de urzic\u0103 este recunoscut pentru beneficiile pe care le aduce scalpului \u0219i p\u0103rului, urzica fiind un activ cosmetic eficace. Urzica este recunoscut\u0103 pentru combaterea calvi\u021biei (c\u0103derea p\u0103rului \u0219i apari\u021bia cheliei), fortificarea p\u0103rului, combaterea m\u0103tre\u021bii\/antim\u0103tra\u021b\u0103, m\u00e2nc\u0103rimilor \u0219i a p\u0103ruluui gras.<\/p>\n<h3>Panthenol\/Pantenol\/Provitamina B5<\/h3>\n<p>Panthenolul este recunoscut pentru efectul calmant, reparator, hidratant \u0219i antiinflamator al pielii. Panthenolul este un ingredient activ cunoscut\u0103 \u0219i sub denumirea de provitamina B5. Panthenolul este foarte eficient pentru \u00eengrijirea pielii \u0219i pentru propriet\u0103\u021bile sale de restaurare \u0219i calmare.<\/p>\n<p>Panthenolul este un reparator de piele, stimuleaz\u0103 proliferarea celulelor pielii. Previne deshidratarea pielii, reduce pierderile de ap\u0103 \u0219i men\u021bine moliciunea \u0219i elasticitatea pielii.<\/p>\n<h3>Alantoin\u0103<\/h3>\n<p>Alantoina este un ingredient activ cu propriet\u0103\u021bi de regenerare \u0219i reparare a pielii, contribuie la sinteza colagenului, accelereaz\u0103 vindecarea \u0219i protejeaz\u0103 pielea de factorii iritan\u021bi. Alantoina este potrivit\u0103 pentru \u00eengrijirea pielii sensibile, delicate.<\/p>\n<h3>Uree Cosmetic\u0103<\/h3>\n<p>Urea Cosmetic\u0103 este un igredient hidratant, cheratolitic, exfoliant bl\u00e2nd, care elimin\u0103 scuamele \u0219i reduce descuamarea pielii. Urea cosmetic\u0103 \u00eembun\u0103t\u0103\u021be\u0219te aspectul \u0219i textura pielii, confer\u0103 pielii un aspect neted, este antipruriginos, reduce m\u00e2nc\u0103rimile, amelioreaz\u0103 seboreea, reduce m\u0103trea\u021ba \u0219i faciliteaz\u0103 penetrarea altor active cosmetice \u00een piele.<\/p>\n<h3 dir=\"auto\">Alge Marine<\/h3>\n<p>\u00cen aceast\u0103 formul\u0103 este folosit un complex de alge marine cu propriet\u0103\u021bi antibacteriene, antiinflamatorii \u0219i seboregulatoare. Algele sau dovedit eficiente \u00een aplica\u021bii pentru combaterea acneei, echilibrarea secre\u021biei de sebum la nivelul tenului \u0219i scalpului \u0219i \u00eembun\u0103t\u0103\u021birea condi\u021biei \u0219i aspectului tenului gras.<\/p>\n<h3>Acid Salicilic Natural<\/h3>\n<p>Acidul salicilic (BHA, ob\u021binut din salcie neagr\u0103) este un activ cosmetic natural exfoliant cu propriet\u0103\u021bi antimicrobiene forte \u0219i antiacneice.<\/p>\n<p>Acidul salicilic desfund\u0103 porii \u00eendep\u0103rt\u00e2nd celulele moarte \u0219i impurit\u0103\u021bile. Acidul salicilic natural contribuie semnificativ la regenerarea celular\u0103 \u0219i re\u00eennoirea pielii, ac\u0163ioneaz\u0103 \u00eempotriva microbilor implica\u0163i \u00een formarea acneei. Are propriet\u0103\u021bi antirid, av\u00e2nd capacitatea de a reduce liniile fine \u015fi ridurile pielii. Acidul salicilic este de asemenea recunoscut pentru capacit\u0103\u021bile sale antimicrobiene \u015fi este folosit ca un remediu pentru diverse st\u0103ri patologice ale pielii.<\/p>\n<h3>Ulei Esen\u021bial Tea Tree\/Arbore de Ceai\u00a0<span class=\"pq6dq46d tbxw36s4 knj5qynh kvgmc6g5 ditlmg2l oygrvhab nvdbi5me sf5mxxl7 gl3lb2sf hhz5lgdu\"><img loading=\"lazy\" decoding=\"async\" class=\"jetpack-lazy-image jetpack-lazy-image--handled\" src=\"https:\/\/static.xx.fbcdn.net\/images\/emoji.php\/v9\/t1e\/1\/16\/1f33f.png\" alt=\"\ud83c\udf3f\" width=\"16\" height=\"16\" data-lazy-loaded=\"1\" \/><\/span><\/h3>\n<p>Uleiul esen\u021bial de tea tree este un antibacterian major cu spectru larg, antifungic eficient \u0219i antiinflamator. Uleiul esen\u021bial de tea tree este cel mai renumit ulei pentru \u00eengrijirea pielii cu imperfec\u021biuni. \u00cen frumuse\u021be, uleiul esen\u021bial de arbore de ceai este purificator, cur\u0103\u021b\u0103 pielea cu probleme, purific\u0103, cur\u0103\u021b\u0103 \u0219i tonific\u0103 piele<\/p>\n<p>Este recomandat \u00een timpul episoadelor infec\u021bioase, este tonic, protector \u0219i este apreciat pentru multiplele sale virtu\u021bi. \u00cen s\u0103n\u0103tate, uleiul esen\u021bial de arbore de ceai este recunoscut pentru sprijinul antiviral \u0219i imunitar oferit corpului.<\/p>\n<p>Uleiul esen\u021bial de tea tree este benefic pentru \u00eengrijirea \u0219i igiena tenului gras, a tenului cu probleme, purific\u0103 \u0219i cur\u0103\u021b\u0103 delicat pielea.<\/p>\n<h3>Ulei Esen\u021bial Ment\u0103<\/h3>\n<p>Uleiul esen\u021bial de ment\u0103 este stimuleaz\u0103 \u0219i revigoreaz\u0103 corpul \u0219i mintea, este cunoscut \u00een mod tradi\u021bional pentru diminuarea pruritului (m\u00e2nc\u0103rimea pielii), a durerilor musculare \u0219i a durerilor de cap.<\/p>\n<p>Uleiul esen\u021bial de ment\u0103 este antibacterian, antiviral, antiinflamator, antispastic, carminativ.<\/p>\n<h3>Ulei Esen\u021bial Lavand\u0103<\/h3>\n<p>Uleiul esen\u021bial de lavand\u0103 este lini\u0219titor, are un miros proasp\u0103t este folosit pentru a ameliora stresul \u0219i nervozitatea. Renumit pentru propriet\u0103\u021bile sale relaxante \u0219i lini\u0219titoare, este de asemenea un aliat puternic pentru sportivi, \u00eenainte \u0219i dup\u0103 exerci\u021bii. Uleiul esen\u021bial de lavand\u0103 este utilizat \u00een creme prentru atenuarea diverselor probleme de piele \u0219i pentru regenerarea pielii. Uleiul esen\u021bial de lavand\u0103 este apreciat pentru parfumul s\u0103u deosebit care favorizeaz\u0103 somnul \u0219i calmeaz\u0103 sistemul nervos.<\/p>\n<p>Uleiul esen\u021bial de lavand\u0103 este cicatrizant, regenerator \u0219i reparator pentru piele, ajut\u0103 la refacerea pielii r\u0103nite, afectate de eczeme, urticarii, psoriazis, acnee, lini\u0219te\u0219te pielea r\u0103nit\u0103, \u00eenro\u0219it\u0103, ars\u0103 de soare sau \u00een\u021bepat\u0103 de insecte. Acest ulei este un echilibrant al sistemului nervos.<\/p>\n<h3>Mod de Utilizare \u0218ampon Natural Lemn Dulce \u0219i Extract de Urzic\u0103<\/h3>\n<p>Umeze\u0219te p\u0103rul cu ap\u0103 \u0219i aplic\u0103 o cantitate mic\u0103 de \u0219ampon pe p\u0103r. Maseaz\u0103 scalpul \u0219i p\u0103rul, dup\u0103 care cl\u0103te\u0219te cu ap\u0103. La prima aplicare, \u0219amponul nu produce foarte mult\u0103 spum\u0103. Aplic\u0103 \u00eenc\u0103 o dat\u0103 o cantitate mic\u0103 de \u0219ampon pe p\u0103r dup\u0103 care maseaz\u0103 scalpul \u0219i p\u0103rul p\u00e2n\u0103 se produce o spum\u0103 bogat\u0103. Las\u0103 \u0219amponul s\u0103 ac\u021bioneze cel pu\u021bin 5 minute pentru a permite ingredientelor active s\u0103 ac\u021bioneze.<\/p>\n<p>Cl\u0103te\u0219te p\u0103rul cu ap\u0103. Dac\u0103 este necesar, folose\u0219te un balsam pentru a descurca p\u0103rul.\u00a0Acum este momentul s\u0103 aplici \u0219i alte solu\u021bii pentru p\u0103r dac\u0103 dore\u0219ti.<\/p>\n<p>\u0218amponul produce o spum\u0103 bogat\u0103 \u0219i poate fi folosit f\u0103r\u0103 probleme pe p\u0103rul scurt. Pentru p\u0103rul lung, datorit\u0103 concentratului de urzic\u0103, \u00een func\u021bie de tipul de p\u0103r pe care \u00eel ai, este posibil s\u0103 se descurce mai greu.<\/p>\n<p>Culoarea, mirosul specific si beneficiile produsului sunt rezultatul combinatiei de ingrediente si extracte naturale folosite.<\/p>\n<p>Fere\u0219te contactul cu ochii. \u00cen caz de alergie la unul din ingrediente, spal\u0103 locul cu ap\u0103 din abunden\u021b\u0103 \u0219i opre\u0219te utilizarea produsului. A se p\u0103stra \u00eentre 5-25\u00b0C, \u00een loc curat, ferit de razele soarelui. Produsul nu a fost testat pe animale.<\/p>\n","protected":false},"excerpt":{"rendered":"<p>\u0218ampon Natural Lemn Dulce \u0219i Urzic\u0103 \u0218ampon Natural Lemn Dulce \u0219i Urzic\u0103. Un \u0219ampon antim\u0103trea\u021b\u0103, pentru piele sensibil\u0103 \u0219i p\u0103r gras. \u0218amponul con\u021bine ingrediente active benefice pentru \u00eengrijirea \u0219i protec\u021bia scalpului, cu ac\u021biune lini\u0219titoare asupra scalpului, seboregulator, reduce senza\u021bia de m\u00e2nc\u0103rime, exfoliaz\u0103 bl\u00e2nd \u0219i \u00eendep\u0103rteaz\u0103 scuamele. \u0218amponul produce o spum\u0103 bogat\u0103 \u0219i poate fi folosit [&hellip;]<\/p>\n","protected":false},"featured_media":4686,"comment_status":"open","ping_status":"closed","template":"","meta":[],"pwb-brand":[142],"product_brand":[],"product_cat":[77],"product_tag":[],"class_list":{"0":"post-4685","1":"product","2":"type-product","3":"status-publish","4":"has-post-thumbnail","6":"pwb-brand-green-bubble","7":"product_cat-cosmetice-naturale","9":"first","10":"instock","11":"taxable","12":"shipping-taxable","13":"purchasable","14":"product-type-simple"},"yoast_head":"<!-- This site is optimized with the Yoast SEO plugin v26.9 - https:\/\/yoast.com\/product\/yoast-seo-wordpress\/ -->\n<title>ACH Sampon lemn dulce \u0219i urzica 250ml - Inspiratio<\/title>\n<meta name=\"robots\" content=\"index, follow, max-snippet:-1, max-image-preview:large, max-video-preview:-1\" \/>\n<link rel=\"canonical\" href=\"https:\/\/inspiratio.ro\/produs\/ach-sampon-lemn-dulce-si-urzica-250ml\/\" \/>\n<meta property=\"og:locale\" content=\"en_US\" \/>\n<meta property=\"og:type\" content=\"article\" \/>\n<meta property=\"og:title\" content=\"ACH Sampon lemn dulce \u0219i urzica 250ml - Inspiratio\" \/>\n<meta property=\"og:description\" content=\"\u0218ampon Natural Lemn Dulce \u0219i Urzic\u0103 \u0218ampon Natural Lemn Dulce \u0219i Urzic\u0103. Un \u0219ampon antim\u0103trea\u021b\u0103, pentru piele sensibil\u0103 \u0219i p\u0103r gras. \u0218amponul con\u021bine ingrediente active benefice pentru \u00eengrijirea \u0219i protec\u021bia scalpului, cu ac\u021biune lini\u0219titoare asupra scalpului, seboregulator, reduce senza\u021bia de m\u00e2nc\u0103rime, exfoliaz\u0103 bl\u00e2nd \u0219i \u00eendep\u0103rteaz\u0103 scuamele. \u0218amponul produce o spum\u0103 bogat\u0103 \u0219i poate fi folosit [&hellip;]\" \/>\n<meta property=\"og:url\" content=\"https:\/\/inspiratio.ro\/produs\/ach-sampon-lemn-dulce-si-urzica-250ml\/\" \/>\n<meta property=\"og:site_name\" content=\"Inspiratio\" \/>\n<meta property=\"article:publisher\" content=\"https:\/\/www.facebook.com\/inspiratiogiftstudio\/\" \/>\n<meta property=\"article:modified_time\" content=\"2022-11-21T14:06:28+00:00\" \/>\n<meta property=\"og:image\" content=\"https:\/\/inspiratio.ro\/wp-content\/uploads\/2022\/11\/Sampon-Lemn-Dulce-Extract-Urzica.webp\" \/>\n\t<meta property=\"og:image:width\" content=\"800\" \/>\n\t<meta property=\"og:image:height\" content=\"600\" \/>\n\t<meta property=\"og:image:type\" content=\"image\/webp\" \/>\n<meta name=\"twitter:card\" content=\"summary_large_image\" \/>\n<meta name=\"twitter:label1\" content=\"Est. reading time\" \/>\n\t<meta name=\"twitter:data1\" content=\"6 minutes\" \/>\n<script type=\"application\/ld+json\" class=\"yoast-schema-graph\">{\"@context\":\"https:\/\/schema.org\",\"@graph\":[{\"@type\":\"WebPage\",\"@id\":\"https:\/\/inspiratio.ro\/produs\/ach-sampon-lemn-dulce-si-urzica-250ml\/\",\"url\":\"https:\/\/inspiratio.ro\/produs\/ach-sampon-lemn-dulce-si-urzica-250ml\/\",\"name\":\"ACH Sampon lemn dulce \u0219i urzica 250ml - Inspiratio\",\"isPartOf\":{\"@id\":\"https:\/\/inspiratio.ro\/#website\"},\"primaryImageOfPage\":{\"@id\":\"https:\/\/inspiratio.ro\/produs\/ach-sampon-lemn-dulce-si-urzica-250ml\/#primaryimage\"},\"image\":{\"@id\":\"https:\/\/inspiratio.ro\/produs\/ach-sampon-lemn-dulce-si-urzica-250ml\/#primaryimage\"},\"thumbnailUrl\":\"https:\/\/inspiratio.ro\/wp-content\/uploads\/2022\/11\/Sampon-Lemn-Dulce-Extract-Urzica.webp\",\"datePublished\":\"2022-11-21T14:02:12+00:00\",\"dateModified\":\"2022-11-21T14:06:28+00:00\",\"breadcrumb\":{\"@id\":\"https:\/\/inspiratio.ro\/produs\/ach-sampon-lemn-dulce-si-urzica-250ml\/#breadcrumb\"},\"inLanguage\":\"en-US\",\"potentialAction\":[{\"@type\":\"ReadAction\",\"target\":[\"https:\/\/inspiratio.ro\/produs\/ach-sampon-lemn-dulce-si-urzica-250ml\/\"]}]},{\"@type\":\"ImageObject\",\"inLanguage\":\"en-US\",\"@id\":\"https:\/\/inspiratio.ro\/produs\/ach-sampon-lemn-dulce-si-urzica-250ml\/#primaryimage\",\"url\":\"https:\/\/inspiratio.ro\/wp-content\/uploads\/2022\/11\/Sampon-Lemn-Dulce-Extract-Urzica.webp\",\"contentUrl\":\"https:\/\/inspiratio.ro\/wp-content\/uploads\/2022\/11\/Sampon-Lemn-Dulce-Extract-Urzica.webp\",\"width\":800,\"height\":600},{\"@type\":\"BreadcrumbList\",\"@id\":\"https:\/\/inspiratio.ro\/produs\/ach-sampon-lemn-dulce-si-urzica-250ml\/#breadcrumb\",\"itemListElement\":[{\"@type\":\"ListItem\",\"position\":1,\"name\":\"Shop\",\"item\":\"https:\/\/inspiratio.ro\/magazin-cadouri\/\"},{\"@type\":\"ListItem\",\"position\":2,\"name\":\"ACH Sampon lemn dulce \u0219i urzica 250ml\"}]},{\"@type\":\"WebSite\",\"@id\":\"https:\/\/inspiratio.ro\/#website\",\"url\":\"https:\/\/inspiratio.ro\/\",\"name\":\"Inspiratio\",\"description\":\"Las\u0103-te purtat de inspira\u021bie\",\"publisher\":{\"@id\":\"https:\/\/inspiratio.ro\/#organization\"},\"potentialAction\":[{\"@type\":\"SearchAction\",\"target\":{\"@type\":\"EntryPoint\",\"urlTemplate\":\"https:\/\/inspiratio.ro\/?s={search_term_string}\"},\"query-input\":{\"@type\":\"PropertyValueSpecification\",\"valueRequired\":true,\"valueName\":\"search_term_string\"}}],\"inLanguage\":\"en-US\"},{\"@type\":\"Organization\",\"@id\":\"https:\/\/inspiratio.ro\/#organization\",\"name\":\"Inspiratio\",\"url\":\"https:\/\/inspiratio.ro\/\",\"logo\":{\"@type\":\"ImageObject\",\"inLanguage\":\"en-US\",\"@id\":\"https:\/\/inspiratio.ro\/#\/schema\/logo\/image\/\",\"url\":\"https:\/\/inspiratio.ro\/wp-content\/uploads\/2020\/06\/logo-inspiratio.png\",\"contentUrl\":\"https:\/\/inspiratio.ro\/wp-content\/uploads\/2020\/06\/logo-inspiratio.png\",\"width\":232,\"height\":209,\"caption\":\"Inspiratio\"},\"image\":{\"@id\":\"https:\/\/inspiratio.ro\/#\/schema\/logo\/image\/\"},\"sameAs\":[\"https:\/\/www.facebook.com\/inspiratiogiftstudio\/\",\"https:\/\/www.instagram.com\/inspiratio_giftstudio\/\"]}]}<\/script>\n<!-- \/ Yoast SEO plugin. -->","yoast_head_json":{"title":"ACH Sampon lemn dulce \u0219i urzica 250ml - Inspiratio","robots":{"index":"index","follow":"follow","max-snippet":"max-snippet:-1","max-image-preview":"max-image-preview:large","max-video-preview":"max-video-preview:-1"},"canonical":"https:\/\/inspiratio.ro\/produs\/ach-sampon-lemn-dulce-si-urzica-250ml\/","og_locale":"en_US","og_type":"article","og_title":"ACH Sampon lemn dulce \u0219i urzica 250ml - Inspiratio","og_description":"\u0218ampon Natural Lemn Dulce \u0219i Urzic\u0103 \u0218ampon Natural Lemn Dulce \u0219i Urzic\u0103. Un \u0219ampon antim\u0103trea\u021b\u0103, pentru piele sensibil\u0103 \u0219i p\u0103r gras. \u0218amponul con\u021bine ingrediente active benefice pentru \u00eengrijirea \u0219i protec\u021bia scalpului, cu ac\u021biune lini\u0219titoare asupra scalpului, seboregulator, reduce senza\u021bia de m\u00e2nc\u0103rime, exfoliaz\u0103 bl\u00e2nd \u0219i \u00eendep\u0103rteaz\u0103 scuamele. \u0218amponul produce o spum\u0103 bogat\u0103 \u0219i poate fi folosit [&hellip;]","og_url":"https:\/\/inspiratio.ro\/produs\/ach-sampon-lemn-dulce-si-urzica-250ml\/","og_site_name":"Inspiratio","article_publisher":"https:\/\/www.facebook.com\/inspiratiogiftstudio\/","article_modified_time":"2022-11-21T14:06:28+00:00","og_image":[{"width":800,"height":600,"url":"https:\/\/inspiratio.ro\/wp-content\/uploads\/2022\/11\/Sampon-Lemn-Dulce-Extract-Urzica.webp","type":"image\/webp"}],"twitter_card":"summary_large_image","twitter_misc":{"Est. reading time":"6 minutes"},"schema":{"@context":"https:\/\/schema.org","@graph":[{"@type":"WebPage","@id":"https:\/\/inspiratio.ro\/produs\/ach-sampon-lemn-dulce-si-urzica-250ml\/","url":"https:\/\/inspiratio.ro\/produs\/ach-sampon-lemn-dulce-si-urzica-250ml\/","name":"ACH Sampon lemn dulce \u0219i urzica 250ml - Inspiratio","isPartOf":{"@id":"https:\/\/inspiratio.ro\/#website"},"primaryImageOfPage":{"@id":"https:\/\/inspiratio.ro\/produs\/ach-sampon-lemn-dulce-si-urzica-250ml\/#primaryimage"},"image":{"@id":"https:\/\/inspiratio.ro\/produs\/ach-sampon-lemn-dulce-si-urzica-250ml\/#primaryimage"},"thumbnailUrl":"https:\/\/inspiratio.ro\/wp-content\/uploads\/2022\/11\/Sampon-Lemn-Dulce-Extract-Urzica.webp","datePublished":"2022-11-21T14:02:12+00:00","dateModified":"2022-11-21T14:06:28+00:00","breadcrumb":{"@id":"https:\/\/inspiratio.ro\/produs\/ach-sampon-lemn-dulce-si-urzica-250ml\/#breadcrumb"},"inLanguage":"en-US","potentialAction":[{"@type":"ReadAction","target":["https:\/\/inspiratio.ro\/produs\/ach-sampon-lemn-dulce-si-urzica-250ml\/"]}]},{"@type":"ImageObject","inLanguage":"en-US","@id":"https:\/\/inspiratio.ro\/produs\/ach-sampon-lemn-dulce-si-urzica-250ml\/#primaryimage","url":"https:\/\/inspiratio.ro\/wp-content\/uploads\/2022\/11\/Sampon-Lemn-Dulce-Extract-Urzica.webp","contentUrl":"https:\/\/inspiratio.ro\/wp-content\/uploads\/2022\/11\/Sampon-Lemn-Dulce-Extract-Urzica.webp","width":800,"height":600},{"@type":"BreadcrumbList","@id":"https:\/\/inspiratio.ro\/produs\/ach-sampon-lemn-dulce-si-urzica-250ml\/#breadcrumb","itemListElement":[{"@type":"ListItem","position":1,"name":"Shop","item":"https:\/\/inspiratio.ro\/magazin-cadouri\/"},{"@type":"ListItem","position":2,"name":"ACH Sampon lemn dulce \u0219i urzica 250ml"}]},{"@type":"WebSite","@id":"https:\/\/inspiratio.ro\/#website","url":"https:\/\/inspiratio.ro\/","name":"Inspiratio","description":"Las\u0103-te purtat de inspira\u021bie","publisher":{"@id":"https:\/\/inspiratio.ro\/#organization"},"potentialAction":[{"@type":"SearchAction","target":{"@type":"EntryPoint","urlTemplate":"https:\/\/inspiratio.ro\/?s={search_term_string}"},"query-input":{"@type":"PropertyValueSpecification","valueRequired":true,"valueName":"search_term_string"}}],"inLanguage":"en-US"},{"@type":"Organization","@id":"https:\/\/inspiratio.ro\/#organization","name":"Inspiratio","url":"https:\/\/inspiratio.ro\/","logo":{"@type":"ImageObject","inLanguage":"en-US","@id":"https:\/\/inspiratio.ro\/#\/schema\/logo\/image\/","url":"https:\/\/inspiratio.ro\/wp-content\/uploads\/2020\/06\/logo-inspiratio.png","contentUrl":"https:\/\/inspiratio.ro\/wp-content\/uploads\/2020\/06\/logo-inspiratio.png","width":232,"height":209,"caption":"Inspiratio"},"image":{"@id":"https:\/\/inspiratio.ro\/#\/schema\/logo\/image\/"},"sameAs":["https:\/\/www.facebook.com\/inspiratiogiftstudio\/","https:\/\/www.instagram.com\/inspiratio_giftstudio\/"]}]}},"brands":[{"id":142,"name":"Green Bubble","slug":"green-bubble"}],"_links":{"self":[{"href":"https:\/\/inspiratio.ro\/en\/wp-json\/wp\/v2\/product\/4685","targetHints":{"allow":["GET"]}}],"collection":[{"href":"https:\/\/inspiratio.ro\/en\/wp-json\/wp\/v2\/product"}],"about":[{"href":"https:\/\/inspiratio.ro\/en\/wp-json\/wp\/v2\/types\/product"}],"replies":[{"embeddable":true,"href":"https:\/\/inspiratio.ro\/en\/wp-json\/wp\/v2\/comments?post=4685"}],"wp:featuredmedia":[{"embeddable":true,"href":"https:\/\/inspiratio.ro\/en\/wp-json\/wp\/v2\/media\/4686"}],"wp:attachment":[{"href":"https:\/\/inspiratio.ro\/en\/wp-json\/wp\/v2\/media?parent=4685"}],"wp:term":[{"taxonomy":"pwb-brand","embeddable":true,"href":"https:\/\/inspiratio.ro\/en\/wp-json\/wp\/v2\/pwb-brand?post=4685"},{"taxonomy":"product_brand","embeddable":true,"href":"https:\/\/inspiratio.ro\/en\/wp-json\/wp\/v2\/product_brand?post=4685"},{"taxonomy":"product_cat","embeddable":true,"href":"https:\/\/inspiratio.ro\/en\/wp-json\/wp\/v2\/product_cat?post=4685"},{"taxonomy":"product_tag","embeddable":true,"href":"https:\/\/inspiratio.ro\/en\/wp-json\/wp\/v2\/product_tag?post=4685"}],"curies":[{"name":"wp","href":"https:\/\/api.w.org\/{rel}","templated":true}]}}