{"id":4682,"date":"2022-11-21T15:57:16","date_gmt":"2022-11-21T13:57:16","guid":{"rendered":"https:\/\/inspiratio.ro\/?post_type=product&#038;p=4682"},"modified":"2022-11-21T16:00:31","modified_gmt":"2022-11-21T14:00:31","slug":"ach-lotiune-demachianta-100ml","status":"publish","type":"product","link":"https:\/\/inspiratio.ro\/en\/produs\/ach-lotiune-demachianta-100ml\/","title":{"rendered":"Lotiune demachianta 100ml"},"content":{"rendered":"<h2>Lo\u021biune Demachiant\u0103 cu Mu\u0219etel+BHA<\/h2>\n<p>Lo\u021biune Demachiant\u0103 cu Mu\u0219etel+BHA. Dragi prieteni ai bulei verzi<span class=\"pq6dq46d tbxw36s4 knj5qynh kvgmc6g5 ditlmg2l oygrvhab nvdbi5me sf5mxxl7 gl3lb2sf hhz5lgdu\"><img loading=\"lazy\" decoding=\"async\" class=\"jetpack-lazy-image jetpack-lazy-image--handled\" src=\"https:\/\/static.xx.fbcdn.net\/images\/emoji.php\/v9\/tfc\/1\/16\/1f7e2.png\" alt=\"\ud83d\udfe2\" width=\"16\" height=\"16\" data-lazy-loaded=\"1\" \/><\/span><span class=\"pq6dq46d tbxw36s4 knj5qynh kvgmc6g5 ditlmg2l oygrvhab nvdbi5me sf5mxxl7 gl3lb2sf hhz5lgdu\"><img loading=\"lazy\" decoding=\"async\" class=\"jetpack-lazy-image jetpack-lazy-image--handled\" src=\"https:\/\/static.xx.fbcdn.net\/images\/emoji.php\/v9\/te5\/1\/16\/1f1f7_1f1f4.png\" alt=\"\ud83c\uddf7\ud83c\uddf4\" width=\"16\" height=\"16\" data-lazy-loaded=\"1\" \/><\/span>, de ast\u0103zi Lo\u021biunea Demachiant\u0103 Revigorant\u0103 cu Mu\u0219etel a devenit \u0219i mai bun\u0103! \u00cen lo\u021biunea noastr\u0103 clasic\u0103, am ad\u0103ugat Acid Salicilic natural extras din salcie neagr\u0103, pentru o cur\u0103\u021bare \u0219i mai bun\u0103 a fe\u021bei de machiaj \u0219i impurit\u0103\u021bi.<\/p>\n<p>Lo\u021biune Demachiant\u0103 cu Mu\u0219etel+BHA (ap\u0103 micelar\u0103) revigorant\u0103 din ingrediente naturale pentru cur\u0103\u021barea delicat\u0103 a tenului.<\/p>\n<p>Produsul se poate folosi diminea\u021ba \u0219i seara. Lo\u021biunea este bine tolerat\u0103 de tenul sensibil \u0219i \u00eendep\u0103rteaz\u0103 eficient machiajul \u0219i rimelul.<\/p>\n<table class=\"woocommerce-product-attributes shop_attributes\">\n<tbody>\n<tr class=\"woocommerce-product-attributes-item woocommerce-product-attributes-item--attribute_pa_proprietati\">\n<th class=\"woocommerce-product-attributes-item__label\">Propriet\u0103\u021bi<\/th>\n<td class=\"woocommerce-product-attributes-item__value\">Anti-aging, Antirid, Calmant, Hidratant, Regenerator, Tonifiant<\/td>\n<\/tr>\n<\/tbody>\n<\/table>\n<h3 dir=\"auto\">Principalele ingrediente active pentru Lo\u021biune Demachiant\u0103 cu Mu\u0219etel+BHA:<\/h3>\n<h3>Acid Salicilic (BHA)<\/h3>\n<p>Acidul salicilic este un activ antimicrobian \u0219i antiacneic forte natural, ce ac\u021bioneaz\u0103 \u00eempotriva microbilor implica\u021bi \u00een formarea acneei, desfund\u0103 porii \u00eendep\u0103rt\u00e2nd celulele moarte \u0219i impurit\u0103\u021bile, contribuie la regenerarea celular\u0103, \u00eembun\u0103t\u0103\u021be\u0219te aspectul general al pielii, reduce liniile fine, ridurile \u0219i cicatricile minore. Acidul salicilic este extras din salcie neagr\u0103.<\/p>\n<h3>Infuzie Mu\u0219e\u021bel<\/h3>\n<p>Infuzia de mu\u0219e\u021bel este apreciat\u0103 pentru efectul calmant \u0219i antiinflamator. Infuzia de mu\u0219e\u021bel s-a dovedit util\u0103 pentru igiena \u0219i \u00eengrijirea pielii iritate, afectate de eczem\u0103, psoriazis, urticarie, \u0219\u00ee pentru a reduce ro\u0219ea\u021ba \u0219i cuperoza.<\/p>\n<div dir=\"auto\">\n<h3>Ulei Esen\u021bial Lavand\u0103<\/h3>\n<p>Este probabil cel mai recunoscut \u015fi r\u0103sp\u00e2ndit ulei esen\u0163ial datorit\u0103 multiplelor virtu\u021bi pe care le are. Uleiul esen\u021bial de lavand\u0103 este utilizat \u00een creme prentru atenuarea diverselor probleme de piele \u0219i pentru regenerarea pielii. Uleiul esen\u021bial de lavand\u0103 este apreciat pentru parfumul s\u0103u deosebit care favorizeaz\u0103 somnul \u0219i calmeaz\u0103 sistemul nervos.<\/p>\n<p>Uleiul esen\u021bial de lavand\u0103 este cicatrizant, regenerator \u0219i reparator pentru piele, ajut\u0103 la refacerea pielii r\u0103nite, afectate de eczeme, urticarii, psoriazis, acnee, lini\u0219te\u0219te pielea r\u0103nit\u0103, \u00eenro\u0219it\u0103, ars\u0103 de soare sau \u00een\u021bepat\u0103 de insecte. Acest ulei este un echilibrant al sistemului nervos.<\/p>\n<h3>Ulei Esen\u021bial Tea Tree<\/h3>\n<p>Uleiul esen\u021bial de Tea Tree este cunoascut cunoscut pentru propriet\u0103\u021bile sale purifiante \u0219i antiseptice, cu ac\u021biune dovedit\u0103 \u00eempotriva infec\u021biilor bacteriene, virale \u0219i fungice, fiind considerat unul dintre cele mai bl\u00e2nde uleiuri antiseptice. Uleiul esen\u021bial de Tea Tree este apreciat \u00een aplica\u021bii pentru a ameliora acneea, rozaceea, erup\u021biile, herpesul, negii \u0219i diverse infec\u021bii de piele.<\/p>\n<\/div>\n<div dir=\"auto\">\n<h3>Mod de Utilizare\/Aplicare Lo\u021biune Demachiant\u0103 cu Mu\u0219etel+BHA<\/h3>\n<p>Agit\u0103 flaconul \u00eenainte de folosire. Pentru a elimina machiajul rapid, aplic\u0103 o cantitate potrivit\u0103 de lo\u021biune pe o dischet\u0103 demachiant\u0103 \u0219i \u00eentr-o singur\u0103 trecere, \u00eendep\u0103rteaz\u0103 u\u0219or machiajul f\u0103r\u0103 a freca sau aplica presiune. Se repet\u0103 aplicarea p\u00e2n\u0103 c\u00e2nd discheta r\u0103m\u00e2ne curat\u0103. Nu necesit\u0103 cl\u0103tire. C\u00e2nd \u0219tergi rimelul de pe pleoape, evit\u0103 contactul lo\u021biunii cu ochii.<\/p>\n<p>Dup\u0103 aplicare, pielea ram\u00e2ne curat\u0103, proaspat\u0103 \u0219i revigorant\u0103. Mirosul de Lavand\u0103 \u0219i TeaTree aduce optimism \u0219i prospe\u021bime pentru suflet \u0219i trup.<\/p>\n<p>Dac\u0103 prezenta\u021bi zg\u00e2rieturi sau infec\u021bii \u00een zona ochilor, nu folosi\u021bi produsul. Merge\u021bi la medicul specialist! Problemele pielii sau ale ochilor, netratate, pot provoca infec\u021bii.<\/p>\n<\/div>\n","protected":false},"excerpt":{"rendered":"<p>Lo\u021biune Demachiant\u0103 cu Mu\u0219etel+BHA Lo\u021biune Demachiant\u0103 cu Mu\u0219etel+BHA. Dragi prieteni ai bulei verzi, de ast\u0103zi Lo\u021biunea Demachiant\u0103 Revigorant\u0103 cu Mu\u0219etel a devenit \u0219i mai bun\u0103! \u00cen lo\u021biunea noastr\u0103 clasic\u0103, am ad\u0103ugat Acid Salicilic natural extras din salcie neagr\u0103, pentru o cur\u0103\u021bare \u0219i mai bun\u0103 a fe\u021bei de machiaj \u0219i impurit\u0103\u021bi. Lo\u021biune Demachiant\u0103 cu Mu\u0219etel+BHA (ap\u0103 [&hellip;]<\/p>\n","protected":false},"featured_media":4684,"comment_status":"open","ping_status":"closed","template":"","meta":[],"pwb-brand":[142],"product_brand":[],"product_cat":[77],"product_tag":[],"class_list":{"0":"post-4682","1":"product","2":"type-product","3":"status-publish","4":"has-post-thumbnail","6":"pwb-brand-green-bubble","7":"product_cat-cosmetice-naturale","9":"first","10":"instock","11":"taxable","12":"shipping-taxable","13":"purchasable","14":"product-type-simple"},"yoast_head":"<!-- This site is optimized with the Yoast SEO plugin v26.9 - https:\/\/yoast.com\/product\/yoast-seo-wordpress\/ -->\n<title>ACH Lotiune demachianta 100ml - Inspiratio<\/title>\n<meta name=\"robots\" content=\"index, follow, max-snippet:-1, max-image-preview:large, max-video-preview:-1\" \/>\n<link rel=\"canonical\" href=\"https:\/\/inspiratio.ro\/produs\/ach-lotiune-demachianta-100ml\/\" \/>\n<meta property=\"og:locale\" content=\"en_US\" \/>\n<meta property=\"og:type\" content=\"article\" \/>\n<meta property=\"og:title\" content=\"ACH Lotiune demachianta 100ml - Inspiratio\" \/>\n<meta property=\"og:description\" content=\"Lo\u021biune Demachiant\u0103 cu Mu\u0219etel+BHA Lo\u021biune Demachiant\u0103 cu Mu\u0219etel+BHA. Dragi prieteni ai bulei verzi, de ast\u0103zi Lo\u021biunea Demachiant\u0103 Revigorant\u0103 cu Mu\u0219etel a devenit \u0219i mai bun\u0103! \u00cen lo\u021biunea noastr\u0103 clasic\u0103, am ad\u0103ugat Acid Salicilic natural extras din salcie neagr\u0103, pentru o cur\u0103\u021bare \u0219i mai bun\u0103 a fe\u021bei de machiaj \u0219i impurit\u0103\u021bi. Lo\u021biune Demachiant\u0103 cu Mu\u0219etel+BHA (ap\u0103 [&hellip;]\" \/>\n<meta property=\"og:url\" content=\"https:\/\/inspiratio.ro\/produs\/ach-lotiune-demachianta-100ml\/\" \/>\n<meta property=\"og:site_name\" content=\"Inspiratio\" \/>\n<meta property=\"article:publisher\" content=\"https:\/\/www.facebook.com\/inspiratiogiftstudio\/\" \/>\n<meta property=\"article:modified_time\" content=\"2022-11-21T14:00:31+00:00\" \/>\n<meta property=\"og:image\" content=\"https:\/\/inspiratio.ro\/wp-content\/uploads\/2022\/11\/Lotiune-Demachianta-Revigoranta-cu-Musetel-si-BHA.webp\" \/>\n\t<meta property=\"og:image:width\" content=\"800\" \/>\n\t<meta property=\"og:image:height\" content=\"600\" \/>\n\t<meta property=\"og:image:type\" content=\"image\/webp\" \/>\n<meta name=\"twitter:card\" content=\"summary_large_image\" \/>\n<meta name=\"twitter:label1\" content=\"Est. reading time\" \/>\n\t<meta name=\"twitter:data1\" content=\"3 minutes\" \/>\n<script type=\"application\/ld+json\" class=\"yoast-schema-graph\">{\"@context\":\"https:\/\/schema.org\",\"@graph\":[{\"@type\":\"WebPage\",\"@id\":\"https:\/\/inspiratio.ro\/produs\/ach-lotiune-demachianta-100ml\/\",\"url\":\"https:\/\/inspiratio.ro\/produs\/ach-lotiune-demachianta-100ml\/\",\"name\":\"ACH Lotiune demachianta 100ml - Inspiratio\",\"isPartOf\":{\"@id\":\"https:\/\/inspiratio.ro\/#website\"},\"primaryImageOfPage\":{\"@id\":\"https:\/\/inspiratio.ro\/produs\/ach-lotiune-demachianta-100ml\/#primaryimage\"},\"image\":{\"@id\":\"https:\/\/inspiratio.ro\/produs\/ach-lotiune-demachianta-100ml\/#primaryimage\"},\"thumbnailUrl\":\"https:\/\/inspiratio.ro\/wp-content\/uploads\/2022\/11\/Lotiune-Demachianta-Revigoranta-cu-Musetel-si-BHA.webp\",\"datePublished\":\"2022-11-21T13:57:16+00:00\",\"dateModified\":\"2022-11-21T14:00:31+00:00\",\"breadcrumb\":{\"@id\":\"https:\/\/inspiratio.ro\/produs\/ach-lotiune-demachianta-100ml\/#breadcrumb\"},\"inLanguage\":\"en-US\",\"potentialAction\":[{\"@type\":\"ReadAction\",\"target\":[\"https:\/\/inspiratio.ro\/produs\/ach-lotiune-demachianta-100ml\/\"]}]},{\"@type\":\"ImageObject\",\"inLanguage\":\"en-US\",\"@id\":\"https:\/\/inspiratio.ro\/produs\/ach-lotiune-demachianta-100ml\/#primaryimage\",\"url\":\"https:\/\/inspiratio.ro\/wp-content\/uploads\/2022\/11\/Lotiune-Demachianta-Revigoranta-cu-Musetel-si-BHA.webp\",\"contentUrl\":\"https:\/\/inspiratio.ro\/wp-content\/uploads\/2022\/11\/Lotiune-Demachianta-Revigoranta-cu-Musetel-si-BHA.webp\",\"width\":800,\"height\":600},{\"@type\":\"BreadcrumbList\",\"@id\":\"https:\/\/inspiratio.ro\/produs\/ach-lotiune-demachianta-100ml\/#breadcrumb\",\"itemListElement\":[{\"@type\":\"ListItem\",\"position\":1,\"name\":\"Shop\",\"item\":\"https:\/\/inspiratio.ro\/magazin-cadouri\/\"},{\"@type\":\"ListItem\",\"position\":2,\"name\":\"ACH Lotiune demachianta 100ml\"}]},{\"@type\":\"WebSite\",\"@id\":\"https:\/\/inspiratio.ro\/#website\",\"url\":\"https:\/\/inspiratio.ro\/\",\"name\":\"Inspiratio\",\"description\":\"Las\u0103-te purtat de inspira\u021bie\",\"publisher\":{\"@id\":\"https:\/\/inspiratio.ro\/#organization\"},\"potentialAction\":[{\"@type\":\"SearchAction\",\"target\":{\"@type\":\"EntryPoint\",\"urlTemplate\":\"https:\/\/inspiratio.ro\/?s={search_term_string}\"},\"query-input\":{\"@type\":\"PropertyValueSpecification\",\"valueRequired\":true,\"valueName\":\"search_term_string\"}}],\"inLanguage\":\"en-US\"},{\"@type\":\"Organization\",\"@id\":\"https:\/\/inspiratio.ro\/#organization\",\"name\":\"Inspiratio\",\"url\":\"https:\/\/inspiratio.ro\/\",\"logo\":{\"@type\":\"ImageObject\",\"inLanguage\":\"en-US\",\"@id\":\"https:\/\/inspiratio.ro\/#\/schema\/logo\/image\/\",\"url\":\"https:\/\/inspiratio.ro\/wp-content\/uploads\/2020\/06\/logo-inspiratio.png\",\"contentUrl\":\"https:\/\/inspiratio.ro\/wp-content\/uploads\/2020\/06\/logo-inspiratio.png\",\"width\":232,\"height\":209,\"caption\":\"Inspiratio\"},\"image\":{\"@id\":\"https:\/\/inspiratio.ro\/#\/schema\/logo\/image\/\"},\"sameAs\":[\"https:\/\/www.facebook.com\/inspiratiogiftstudio\/\",\"https:\/\/www.instagram.com\/inspiratio_giftstudio\/\"]}]}<\/script>\n<!-- \/ Yoast SEO plugin. -->","yoast_head_json":{"title":"ACH Lotiune demachianta 100ml - Inspiratio","robots":{"index":"index","follow":"follow","max-snippet":"max-snippet:-1","max-image-preview":"max-image-preview:large","max-video-preview":"max-video-preview:-1"},"canonical":"https:\/\/inspiratio.ro\/produs\/ach-lotiune-demachianta-100ml\/","og_locale":"en_US","og_type":"article","og_title":"ACH Lotiune demachianta 100ml - Inspiratio","og_description":"Lo\u021biune Demachiant\u0103 cu Mu\u0219etel+BHA Lo\u021biune Demachiant\u0103 cu Mu\u0219etel+BHA. Dragi prieteni ai bulei verzi, de ast\u0103zi Lo\u021biunea Demachiant\u0103 Revigorant\u0103 cu Mu\u0219etel a devenit \u0219i mai bun\u0103! \u00cen lo\u021biunea noastr\u0103 clasic\u0103, am ad\u0103ugat Acid Salicilic natural extras din salcie neagr\u0103, pentru o cur\u0103\u021bare \u0219i mai bun\u0103 a fe\u021bei de machiaj \u0219i impurit\u0103\u021bi. Lo\u021biune Demachiant\u0103 cu Mu\u0219etel+BHA (ap\u0103 [&hellip;]","og_url":"https:\/\/inspiratio.ro\/produs\/ach-lotiune-demachianta-100ml\/","og_site_name":"Inspiratio","article_publisher":"https:\/\/www.facebook.com\/inspiratiogiftstudio\/","article_modified_time":"2022-11-21T14:00:31+00:00","og_image":[{"width":800,"height":600,"url":"https:\/\/inspiratio.ro\/wp-content\/uploads\/2022\/11\/Lotiune-Demachianta-Revigoranta-cu-Musetel-si-BHA.webp","type":"image\/webp"}],"twitter_card":"summary_large_image","twitter_misc":{"Est. reading time":"3 minutes"},"schema":{"@context":"https:\/\/schema.org","@graph":[{"@type":"WebPage","@id":"https:\/\/inspiratio.ro\/produs\/ach-lotiune-demachianta-100ml\/","url":"https:\/\/inspiratio.ro\/produs\/ach-lotiune-demachianta-100ml\/","name":"ACH Lotiune demachianta 100ml - Inspiratio","isPartOf":{"@id":"https:\/\/inspiratio.ro\/#website"},"primaryImageOfPage":{"@id":"https:\/\/inspiratio.ro\/produs\/ach-lotiune-demachianta-100ml\/#primaryimage"},"image":{"@id":"https:\/\/inspiratio.ro\/produs\/ach-lotiune-demachianta-100ml\/#primaryimage"},"thumbnailUrl":"https:\/\/inspiratio.ro\/wp-content\/uploads\/2022\/11\/Lotiune-Demachianta-Revigoranta-cu-Musetel-si-BHA.webp","datePublished":"2022-11-21T13:57:16+00:00","dateModified":"2022-11-21T14:00:31+00:00","breadcrumb":{"@id":"https:\/\/inspiratio.ro\/produs\/ach-lotiune-demachianta-100ml\/#breadcrumb"},"inLanguage":"en-US","potentialAction":[{"@type":"ReadAction","target":["https:\/\/inspiratio.ro\/produs\/ach-lotiune-demachianta-100ml\/"]}]},{"@type":"ImageObject","inLanguage":"en-US","@id":"https:\/\/inspiratio.ro\/produs\/ach-lotiune-demachianta-100ml\/#primaryimage","url":"https:\/\/inspiratio.ro\/wp-content\/uploads\/2022\/11\/Lotiune-Demachianta-Revigoranta-cu-Musetel-si-BHA.webp","contentUrl":"https:\/\/inspiratio.ro\/wp-content\/uploads\/2022\/11\/Lotiune-Demachianta-Revigoranta-cu-Musetel-si-BHA.webp","width":800,"height":600},{"@type":"BreadcrumbList","@id":"https:\/\/inspiratio.ro\/produs\/ach-lotiune-demachianta-100ml\/#breadcrumb","itemListElement":[{"@type":"ListItem","position":1,"name":"Shop","item":"https:\/\/inspiratio.ro\/magazin-cadouri\/"},{"@type":"ListItem","position":2,"name":"ACH Lotiune demachianta 100ml"}]},{"@type":"WebSite","@id":"https:\/\/inspiratio.ro\/#website","url":"https:\/\/inspiratio.ro\/","name":"Inspiratio","description":"Las\u0103-te purtat de inspira\u021bie","publisher":{"@id":"https:\/\/inspiratio.ro\/#organization"},"potentialAction":[{"@type":"SearchAction","target":{"@type":"EntryPoint","urlTemplate":"https:\/\/inspiratio.ro\/?s={search_term_string}"},"query-input":{"@type":"PropertyValueSpecification","valueRequired":true,"valueName":"search_term_string"}}],"inLanguage":"en-US"},{"@type":"Organization","@id":"https:\/\/inspiratio.ro\/#organization","name":"Inspiratio","url":"https:\/\/inspiratio.ro\/","logo":{"@type":"ImageObject","inLanguage":"en-US","@id":"https:\/\/inspiratio.ro\/#\/schema\/logo\/image\/","url":"https:\/\/inspiratio.ro\/wp-content\/uploads\/2020\/06\/logo-inspiratio.png","contentUrl":"https:\/\/inspiratio.ro\/wp-content\/uploads\/2020\/06\/logo-inspiratio.png","width":232,"height":209,"caption":"Inspiratio"},"image":{"@id":"https:\/\/inspiratio.ro\/#\/schema\/logo\/image\/"},"sameAs":["https:\/\/www.facebook.com\/inspiratiogiftstudio\/","https:\/\/www.instagram.com\/inspiratio_giftstudio\/"]}]}},"brands":[{"id":142,"name":"Green Bubble","slug":"green-bubble"}],"_links":{"self":[{"href":"https:\/\/inspiratio.ro\/en\/wp-json\/wp\/v2\/product\/4682","targetHints":{"allow":["GET"]}}],"collection":[{"href":"https:\/\/inspiratio.ro\/en\/wp-json\/wp\/v2\/product"}],"about":[{"href":"https:\/\/inspiratio.ro\/en\/wp-json\/wp\/v2\/types\/product"}],"replies":[{"embeddable":true,"href":"https:\/\/inspiratio.ro\/en\/wp-json\/wp\/v2\/comments?post=4682"}],"wp:featuredmedia":[{"embeddable":true,"href":"https:\/\/inspiratio.ro\/en\/wp-json\/wp\/v2\/media\/4684"}],"wp:attachment":[{"href":"https:\/\/inspiratio.ro\/en\/wp-json\/wp\/v2\/media?parent=4682"}],"wp:term":[{"taxonomy":"pwb-brand","embeddable":true,"href":"https:\/\/inspiratio.ro\/en\/wp-json\/wp\/v2\/pwb-brand?post=4682"},{"taxonomy":"product_brand","embeddable":true,"href":"https:\/\/inspiratio.ro\/en\/wp-json\/wp\/v2\/product_brand?post=4682"},{"taxonomy":"product_cat","embeddable":true,"href":"https:\/\/inspiratio.ro\/en\/wp-json\/wp\/v2\/product_cat?post=4682"},{"taxonomy":"product_tag","embeddable":true,"href":"https:\/\/inspiratio.ro\/en\/wp-json\/wp\/v2\/product_tag?post=4682"}],"curies":[{"name":"wp","href":"https:\/\/api.w.org\/{rel}","templated":true}]}}