{"id":4680,"date":"2022-11-21T15:50:27","date_gmt":"2022-11-21T13:50:27","guid":{"rendered":"https:\/\/inspiratio.ro\/?post_type=product&#038;p=4680"},"modified":"2024-03-07T12:32:33","modified_gmt":"2024-03-07T10:32:33","slug":"ach-gel-depigmentar-50-ml","status":"publish","type":"product","link":"https:\/\/inspiratio.ro\/en\/produs\/ach-gel-depigmentar-50-ml\/","title":{"rendered":"Gel Depigmentar 50 ml"},"content":{"rendered":"<h2>Gel Depigmentar Antirid cu Acid Kojic, Vitamina C \u0219i Acid Hialuronic<\/h2>\n<p>Gel Depigmentar Antirid cu Acid Kojic, Vitamina C \u0219i Acid Hialuronic. Gelul are un efect iluminator, ajut\u0103 la estomparea petelor inestetice ale pielii \u0219i la prevenirea \u0219i reducerea ridurilor.<br \/>\nGel\/ser realizat din ingrediente naturale, pentru estomparea petelor de piele \u0219i a semnelor de \u00eemb\u0103tr\u00e2nire prematur\u0103. Produsul este potrivit pentru orice tip de piele. Ajut\u0103 la reducerea \u0219i estompearea petelor inestetice produse de soare, pistrui sau alte pigment\u0103ri. Potrivit \u0219i pentru \u00eengrijirea tenului matur, \u00eemb\u0103tr\u00e2nit \u0219i cu riduri.<br \/>\nIngredientele active folosite \u00een acest gel\/ser reduc hiperpigmentarea, \u00eembun\u0103t\u0103\u021besc fermitatea pielii si atenueaza semnele de \u00eemb\u0103tr\u00e2nire avansat\u0103. Ajut\u0103 la uniformizarea si revigorarea tenului.<\/p>\n<table class=\"woocommerce-product-attributes shop_attributes\">\n<tbody>\n<tr class=\"woocommerce-product-attributes-item woocommerce-product-attributes-item--weight\">\n<th class=\"woocommerce-product-attributes-item__label\">Greutate<\/th>\n<td class=\"woocommerce-product-attributes-item__value\" data-o_content=\"\nNu se aplic\u0103\t\t\t\">50 g<\/td>\n<\/tr>\n<tr class=\"woocommerce-product-attributes-item woocommerce-product-attributes-item--attribute_pa_proprietati\">\n<th class=\"woocommerce-product-attributes-item__label\">Propriet\u0103\u021bi<\/th>\n<td class=\"woocommerce-product-attributes-item__value\">Anti-aging, Antioxidant, Antirid, Depigmentar<\/td>\n<\/tr>\n<\/tbody>\n<\/table>\n<div dir=\"auto\">\n<h3>Principalele ingrediente active pentru Gel Depigmentar Antirid cu Acid Kojic:<\/h3>\n<p>Gelul este realizat cu Acid Kojik, Vitamina C \u0219i Acid Hialuronic.<\/p>\n<h3>Acid Kojik<\/h3>\n<p>Acidul kojic este un activ cosmetic apreciat \u00eendeosebi pentru efectul depigmentar cutanat, inhib\u00e2nd produc\u0163ia de melanin\u0103. Reduce \u015fi estompeaz\u0103 petele de v\u00e2rst\u0103, de soare, pistruii sau alte pigment\u0103ri inestetice ale pielii, efect iluminator al pielii. Este folosit cu succes \u00een cazul melasmei \u015fi hiperpigment\u0103rii post-inflamatorii. Acidul kojic este apreciat \u015fi ca agent antioxidant. Acidul kojic inhib\u0103 produc\u0163ia de melanin\u0103 \u0219i estompeaz\u0103 petele pigmentare inestetice. Confer\u0103 luminozitate tenului, \u00eembun\u0103t\u0103\u0163e\u015fte tonusul pielii, antioxidant, neutralizeaz\u0103 radicalii liberi, \u00eent\u00e2rzie formarea ridurilor, antibacterian, antifungic. Potrivit pentru orice tip de piele, inclusiv pentru tenul acneic, piele hiperpigmentar\u0103, piele afectat\u0103 de pete de b\u0103tr\u00e2ne\u0163e, pistrui.<\/p>\n<h3>Vitamina C<\/h3>\n<p>Vitamina C este un ingredient activ, natural, cu propriet\u0103\u021bi anti-aging, antiinflamatoare \u015fi antioxidante. Vitamina C stimuleaz\u0103 sinteza colagenului, spore\u0219te elasticitatea pielii \u0219i \u00eembun\u0103t\u0103\u021be\u0219te aspectul tenului ridat. Reduce pigmentarea pielii, neteze\u0219te tenul \u0219i sus\u021bine regenerarea cutanat\u0103.<\/p>\n<p>Vitamina C \u00eent\u00e2rzie \u00eemb\u0103tr\u00e2nirea cutanat\u0103 \u015fi formarea ridurilor. Contribuie la repararea daunelor provocate de expunerea la soare \u0219i protejeaz\u0103 pielea la nivel celular de daunele razelor UV. Vitamina C confer\u0103 un plus de luminozitate pielii \u0219i\u00a0 constituie un remediu natural anti-pigmentar dac\u0103 este utilizat pe termen lung.<\/p>\n<p>Este considerat un ingredient potent de \u00eentinerire al pielii, fiind utilizat cu succes \u0219i \u00een tratamentele dermato-cosmetice regenerative.<\/p>\n<p>Vitamina C este un antioxidant forte folosit pentru a \u00eembun\u0103t\u0103\u021bi fermitatea pielii. Reduce semnele de \u00eemb\u0103tr\u00e2nire avansat\u0103 \u0219i pentru a conferii luminozitate pielii. Optimizeaz\u0103 nivelul de hidratare cutanat\u0103, stimuleaz\u0103 produc\u021bia de colagen, reduce hiperpigmentarea.<\/p>\n<h3 dir=\"auto\">Acid Hialuronic<\/h3>\n<p>Acidul hialuronic este un activ cosmetic natural cu o capacitate deosebit\u0103 de a re\u021bine \u0219i atrage apa. Confer\u0103 pielii o hidratare de lung\u0103 durat\u0103. Acidul hialuronic are un efect de umplere, atenueaz\u0103 aspectul liniilor \u0219i a ridurilor fine. Confer\u0103 pielii un aspect uniform, neted, catifelat, diminueaz\u0103 aspectul liniilor \u0219i a ridurilor fine.<\/p>\n<p>Acidul hialuronic fortific\u0103 bariera natural\u0103 de protec\u021bie a pielii, men\u021bin\u00e2nd o bun\u0103 absorb\u021bie \u0219i permeabilitate pentru piele.\u00a0 Acidul hialuronic favorizeaz\u0103 regenerarea pielii, ajuta la regenerarea pielii deteriorate,\u00a0 \u0219i \u00eembun\u0103t\u0103\u021be\u0219te aspectul pielii uscate.<\/p>\n<h3>Ulei Esen\u021bial Lavand\u0103<\/h3>\n<p>Este probabil cel mai recunoscut \u015fi r\u0103sp\u00e2ndit ulei esen\u0163ial datorit\u0103 multiplelor virtu\u021bi pe care le are. Uleiul esen\u021bial de lavand\u0103 este utilizat \u00een creme prentru atenuarea diverselor probleme de piele \u0219i pentru regenerarea pielii. Uleiul esen\u021bial de lavand\u0103 este apreciat pentru parfumul s\u0103u deosebit care favorizeaz\u0103 somnul \u0219i calmeaz\u0103 sistemul nervos.<\/p>\n<p>Uleiul esen\u021bial de lavand\u0103 este cicatrizant, regenerator \u0219i reparator pentru piele. Ajut\u0103 la refacerea pielii r\u0103nite, afectate de eczeme, urticarii, psoriazis, acnee. Lini\u0219te\u0219te pielea r\u0103nit\u0103, \u00eenro\u0219it\u0103, ars\u0103 de soare sau \u00een\u021bepat\u0103 de insecte. Acest ulei este un echilibrant al sistemului nervos.<\/p>\n<h3>Mod de Utilizare\/Aplicare Gel Depigmentar Antirid cu Acid Kojic, Vitamina C \u0219i Acid Hialuronic<\/h3>\n<p>Aplic\u0103 o dat\u0103 pe zi pe pielea curat\u0103 \u0219i uscat\u0103 (fa\u021b\u0103, g\u00e2t, m\u00e2ini sau alte zone ale corpului). Dup\u0103 uscare se aplic\u0103 o crem\u0103 cu factor de protec\u021bie ridicat, f\u0103r\u0103 a cur\u0103\u021ba gelul.<\/p>\n<p>Se poate aplica pe fa\u021b\u0103 \u00een loc de toner. Se poate aplica \u0219i dup\u0103 exfoliere, \u00een acelea\u0219i condi\u021bii de mai sus.\u00a0Produsul nu las\u0103 pielea lipicioas\u0103, are miros agreabil, pl\u0103cut, de plante.<\/p>\n<p>Recomandat a se folosi 1 \u2013 2 luni, dup\u0103 care sunt recomandate 1 \u2013 2 luni de pauz\u0103. A se evita expunerea la soare dup\u0103 aplicare. Recomand\u0103m aplicarea gelului seara sau c\u00e2nd activitatea pe timpul zilei este \u00een interior (casa, birou\u2026).<\/p>\n<h4><strong>Date de siguran\u0163\u0103, precau\u021bii \u00een utilizare:<\/strong><\/h4>\n<p>Fere\u0219te contactul gelului cu ochii. Folosit \u00een exces poate manifesta ro\u0219ea\u021b\u0103, irita\u021bie, m\u00e2nc\u0103rime, erup\u021bii cutanate, edeme (umfl\u0103turi) ale pielii, disconfort. Poate provoca sensibilizare la unele persoane, mai ales dac\u0103 e folosit \u00een dozaj mai mare \u0219i pe termen lung; se va reduce frecven\u021ba aplic\u0103rilor \u0219i\/sau dozajul.<\/p>\n<p>Produsul se folose\u0219te pentru \u00eengrijirea pielii s\u0103n\u0103toase. Nu oferim sfaturi medicale, tratament sau diagnostic. Solicita\u021bi asisten\u021b\u0103 medical\u0103 specializat\u0103 dac\u0103 este necesar!<\/p>\n<h4><strong>Mod de p\u0103strare:<\/strong><\/h4>\n<p>Produsul este sensibil la oxidare. A se p\u0103stra la o temperatur\u0103 \u00eentre 5 \u2013 25\u00b0C, \u00een loc uscat, r\u0103coros, \u00eentunecat, ferit de razele solare, lumin\u0103 direct\u0103. Textura se poate modifica u\u0219or \u00een func\u021bie de temperatura mediului ambiant \u00een care sunt p\u0103strate.<\/p>\n<h4><strong>Ce trebuie s\u0103 \u0219tii despre expunerea la soare:<\/strong><\/h4>\n<p>Soarele accelereaza \u00eemb\u0103tr\u00e2nirea prematur\u0103 a pielii. Expunerea \u00eendelungat\u0103, f\u0103r\u0103 protec\u021bie la soare, este cauza num\u0103rul 1 a semnelor de \u00eemb\u0103tr\u00e2nire \u0219i a problemelor de piele.<\/p>\n<p class=\"product_title wd-entities-title\">\n<\/div>\n","protected":false},"excerpt":{"rendered":"<p>Gel Depigmentar Antirid cu Acid Kojic, Vitamina C \u0219i Acid Hialuronic Gel Depigmentar Antirid cu Acid Kojic, Vitamina C \u0219i Acid Hialuronic. Gelul are un efect iluminator, ajut\u0103 la estomparea petelor inestetice ale pielii \u0219i la prevenirea \u0219i reducerea ridurilor. Gel\/ser realizat din ingrediente naturale, pentru estomparea petelor de piele \u0219i a semnelor de \u00eemb\u0103tr\u00e2nire [&hellip;]<\/p>\n","protected":false},"featured_media":4681,"comment_status":"open","ping_status":"closed","template":"","meta":[],"pwb-brand":[142],"product_brand":[],"product_cat":[77],"product_tag":[],"class_list":{"0":"post-4680","1":"product","2":"type-product","3":"status-publish","4":"has-post-thumbnail","6":"pwb-brand-green-bubble","7":"product_cat-cosmetice-naturale","9":"first","10":"instock","11":"taxable","12":"shipping-taxable","13":"purchasable","14":"product-type-simple"},"yoast_head":"<!-- This site is optimized with the Yoast SEO plugin v26.9 - https:\/\/yoast.com\/product\/yoast-seo-wordpress\/ -->\n<title>ACH Gel Depigmentar 50 ml - Inspiratio<\/title>\n<meta name=\"robots\" content=\"index, follow, max-snippet:-1, max-image-preview:large, max-video-preview:-1\" \/>\n<link rel=\"canonical\" href=\"https:\/\/inspiratio.ro\/produs\/ach-gel-depigmentar-50-ml\/\" \/>\n<meta property=\"og:locale\" content=\"en_US\" \/>\n<meta property=\"og:type\" content=\"article\" \/>\n<meta property=\"og:title\" content=\"ACH Gel Depigmentar 50 ml - Inspiratio\" \/>\n<meta property=\"og:description\" content=\"Gel Depigmentar Antirid cu Acid Kojic, Vitamina C \u0219i Acid Hialuronic Gel Depigmentar Antirid cu Acid Kojic, Vitamina C \u0219i Acid Hialuronic. Gelul are un efect iluminator, ajut\u0103 la estomparea petelor inestetice ale pielii \u0219i la prevenirea \u0219i reducerea ridurilor. Gel\/ser realizat din ingrediente naturale, pentru estomparea petelor de piele \u0219i a semnelor de \u00eemb\u0103tr\u00e2nire [&hellip;]\" \/>\n<meta property=\"og:url\" content=\"https:\/\/inspiratio.ro\/produs\/ach-gel-depigmentar-50-ml\/\" \/>\n<meta property=\"og:site_name\" content=\"Inspiratio\" \/>\n<meta property=\"article:publisher\" content=\"https:\/\/www.facebook.com\/inspiratiogiftstudio\/\" \/>\n<meta property=\"article:modified_time\" content=\"2024-03-07T10:32:33+00:00\" \/>\n<meta property=\"og:image\" content=\"https:\/\/inspiratio.ro\/wp-content\/uploads\/2022\/11\/Gel-Depigmentar-Acid-Kojic-Vitamina-C-Acid-Hialuronic.webp\" \/>\n\t<meta property=\"og:image:width\" content=\"800\" \/>\n\t<meta property=\"og:image:height\" content=\"600\" \/>\n\t<meta property=\"og:image:type\" content=\"image\/webp\" \/>\n<meta name=\"twitter:card\" content=\"summary_large_image\" \/>\n<meta name=\"twitter:label1\" content=\"Est. reading time\" \/>\n\t<meta name=\"twitter:data1\" content=\"5 minutes\" \/>\n<script type=\"application\/ld+json\" class=\"yoast-schema-graph\">{\"@context\":\"https:\/\/schema.org\",\"@graph\":[{\"@type\":\"WebPage\",\"@id\":\"https:\/\/inspiratio.ro\/produs\/ach-gel-depigmentar-50-ml\/\",\"url\":\"https:\/\/inspiratio.ro\/produs\/ach-gel-depigmentar-50-ml\/\",\"name\":\"ACH Gel Depigmentar 50 ml - Inspiratio\",\"isPartOf\":{\"@id\":\"https:\/\/inspiratio.ro\/#website\"},\"primaryImageOfPage\":{\"@id\":\"https:\/\/inspiratio.ro\/produs\/ach-gel-depigmentar-50-ml\/#primaryimage\"},\"image\":{\"@id\":\"https:\/\/inspiratio.ro\/produs\/ach-gel-depigmentar-50-ml\/#primaryimage\"},\"thumbnailUrl\":\"https:\/\/inspiratio.ro\/wp-content\/uploads\/2022\/11\/Gel-Depigmentar-Acid-Kojic-Vitamina-C-Acid-Hialuronic.webp\",\"datePublished\":\"2022-11-21T13:50:27+00:00\",\"dateModified\":\"2024-03-07T10:32:33+00:00\",\"breadcrumb\":{\"@id\":\"https:\/\/inspiratio.ro\/produs\/ach-gel-depigmentar-50-ml\/#breadcrumb\"},\"inLanguage\":\"en-US\",\"potentialAction\":[{\"@type\":\"ReadAction\",\"target\":[\"https:\/\/inspiratio.ro\/produs\/ach-gel-depigmentar-50-ml\/\"]}]},{\"@type\":\"ImageObject\",\"inLanguage\":\"en-US\",\"@id\":\"https:\/\/inspiratio.ro\/produs\/ach-gel-depigmentar-50-ml\/#primaryimage\",\"url\":\"https:\/\/inspiratio.ro\/wp-content\/uploads\/2022\/11\/Gel-Depigmentar-Acid-Kojic-Vitamina-C-Acid-Hialuronic.webp\",\"contentUrl\":\"https:\/\/inspiratio.ro\/wp-content\/uploads\/2022\/11\/Gel-Depigmentar-Acid-Kojic-Vitamina-C-Acid-Hialuronic.webp\",\"width\":800,\"height\":600},{\"@type\":\"BreadcrumbList\",\"@id\":\"https:\/\/inspiratio.ro\/produs\/ach-gel-depigmentar-50-ml\/#breadcrumb\",\"itemListElement\":[{\"@type\":\"ListItem\",\"position\":1,\"name\":\"Shop\",\"item\":\"https:\/\/inspiratio.ro\/magazin-cadouri\/\"},{\"@type\":\"ListItem\",\"position\":2,\"name\":\"ACH Gel Depigmentar 50 ml\"}]},{\"@type\":\"WebSite\",\"@id\":\"https:\/\/inspiratio.ro\/#website\",\"url\":\"https:\/\/inspiratio.ro\/\",\"name\":\"Inspiratio\",\"description\":\"Las\u0103-te purtat de inspira\u021bie\",\"publisher\":{\"@id\":\"https:\/\/inspiratio.ro\/#organization\"},\"potentialAction\":[{\"@type\":\"SearchAction\",\"target\":{\"@type\":\"EntryPoint\",\"urlTemplate\":\"https:\/\/inspiratio.ro\/?s={search_term_string}\"},\"query-input\":{\"@type\":\"PropertyValueSpecification\",\"valueRequired\":true,\"valueName\":\"search_term_string\"}}],\"inLanguage\":\"en-US\"},{\"@type\":\"Organization\",\"@id\":\"https:\/\/inspiratio.ro\/#organization\",\"name\":\"Inspiratio\",\"url\":\"https:\/\/inspiratio.ro\/\",\"logo\":{\"@type\":\"ImageObject\",\"inLanguage\":\"en-US\",\"@id\":\"https:\/\/inspiratio.ro\/#\/schema\/logo\/image\/\",\"url\":\"https:\/\/inspiratio.ro\/wp-content\/uploads\/2020\/06\/logo-inspiratio.png\",\"contentUrl\":\"https:\/\/inspiratio.ro\/wp-content\/uploads\/2020\/06\/logo-inspiratio.png\",\"width\":232,\"height\":209,\"caption\":\"Inspiratio\"},\"image\":{\"@id\":\"https:\/\/inspiratio.ro\/#\/schema\/logo\/image\/\"},\"sameAs\":[\"https:\/\/www.facebook.com\/inspiratiogiftstudio\/\",\"https:\/\/www.instagram.com\/inspiratio_giftstudio\/\"]}]}<\/script>\n<!-- \/ Yoast SEO plugin. -->","yoast_head_json":{"title":"ACH Gel Depigmentar 50 ml - Inspiratio","robots":{"index":"index","follow":"follow","max-snippet":"max-snippet:-1","max-image-preview":"max-image-preview:large","max-video-preview":"max-video-preview:-1"},"canonical":"https:\/\/inspiratio.ro\/produs\/ach-gel-depigmentar-50-ml\/","og_locale":"en_US","og_type":"article","og_title":"ACH Gel Depigmentar 50 ml - Inspiratio","og_description":"Gel Depigmentar Antirid cu Acid Kojic, Vitamina C \u0219i Acid Hialuronic Gel Depigmentar Antirid cu Acid Kojic, Vitamina C \u0219i Acid Hialuronic. Gelul are un efect iluminator, ajut\u0103 la estomparea petelor inestetice ale pielii \u0219i la prevenirea \u0219i reducerea ridurilor. Gel\/ser realizat din ingrediente naturale, pentru estomparea petelor de piele \u0219i a semnelor de \u00eemb\u0103tr\u00e2nire [&hellip;]","og_url":"https:\/\/inspiratio.ro\/produs\/ach-gel-depigmentar-50-ml\/","og_site_name":"Inspiratio","article_publisher":"https:\/\/www.facebook.com\/inspiratiogiftstudio\/","article_modified_time":"2024-03-07T10:32:33+00:00","og_image":[{"width":800,"height":600,"url":"https:\/\/inspiratio.ro\/wp-content\/uploads\/2022\/11\/Gel-Depigmentar-Acid-Kojic-Vitamina-C-Acid-Hialuronic.webp","type":"image\/webp"}],"twitter_card":"summary_large_image","twitter_misc":{"Est. reading time":"5 minutes"},"schema":{"@context":"https:\/\/schema.org","@graph":[{"@type":"WebPage","@id":"https:\/\/inspiratio.ro\/produs\/ach-gel-depigmentar-50-ml\/","url":"https:\/\/inspiratio.ro\/produs\/ach-gel-depigmentar-50-ml\/","name":"ACH Gel Depigmentar 50 ml - Inspiratio","isPartOf":{"@id":"https:\/\/inspiratio.ro\/#website"},"primaryImageOfPage":{"@id":"https:\/\/inspiratio.ro\/produs\/ach-gel-depigmentar-50-ml\/#primaryimage"},"image":{"@id":"https:\/\/inspiratio.ro\/produs\/ach-gel-depigmentar-50-ml\/#primaryimage"},"thumbnailUrl":"https:\/\/inspiratio.ro\/wp-content\/uploads\/2022\/11\/Gel-Depigmentar-Acid-Kojic-Vitamina-C-Acid-Hialuronic.webp","datePublished":"2022-11-21T13:50:27+00:00","dateModified":"2024-03-07T10:32:33+00:00","breadcrumb":{"@id":"https:\/\/inspiratio.ro\/produs\/ach-gel-depigmentar-50-ml\/#breadcrumb"},"inLanguage":"en-US","potentialAction":[{"@type":"ReadAction","target":["https:\/\/inspiratio.ro\/produs\/ach-gel-depigmentar-50-ml\/"]}]},{"@type":"ImageObject","inLanguage":"en-US","@id":"https:\/\/inspiratio.ro\/produs\/ach-gel-depigmentar-50-ml\/#primaryimage","url":"https:\/\/inspiratio.ro\/wp-content\/uploads\/2022\/11\/Gel-Depigmentar-Acid-Kojic-Vitamina-C-Acid-Hialuronic.webp","contentUrl":"https:\/\/inspiratio.ro\/wp-content\/uploads\/2022\/11\/Gel-Depigmentar-Acid-Kojic-Vitamina-C-Acid-Hialuronic.webp","width":800,"height":600},{"@type":"BreadcrumbList","@id":"https:\/\/inspiratio.ro\/produs\/ach-gel-depigmentar-50-ml\/#breadcrumb","itemListElement":[{"@type":"ListItem","position":1,"name":"Shop","item":"https:\/\/inspiratio.ro\/magazin-cadouri\/"},{"@type":"ListItem","position":2,"name":"ACH Gel Depigmentar 50 ml"}]},{"@type":"WebSite","@id":"https:\/\/inspiratio.ro\/#website","url":"https:\/\/inspiratio.ro\/","name":"Inspiratio","description":"Las\u0103-te purtat de inspira\u021bie","publisher":{"@id":"https:\/\/inspiratio.ro\/#organization"},"potentialAction":[{"@type":"SearchAction","target":{"@type":"EntryPoint","urlTemplate":"https:\/\/inspiratio.ro\/?s={search_term_string}"},"query-input":{"@type":"PropertyValueSpecification","valueRequired":true,"valueName":"search_term_string"}}],"inLanguage":"en-US"},{"@type":"Organization","@id":"https:\/\/inspiratio.ro\/#organization","name":"Inspiratio","url":"https:\/\/inspiratio.ro\/","logo":{"@type":"ImageObject","inLanguage":"en-US","@id":"https:\/\/inspiratio.ro\/#\/schema\/logo\/image\/","url":"https:\/\/inspiratio.ro\/wp-content\/uploads\/2020\/06\/logo-inspiratio.png","contentUrl":"https:\/\/inspiratio.ro\/wp-content\/uploads\/2020\/06\/logo-inspiratio.png","width":232,"height":209,"caption":"Inspiratio"},"image":{"@id":"https:\/\/inspiratio.ro\/#\/schema\/logo\/image\/"},"sameAs":["https:\/\/www.facebook.com\/inspiratiogiftstudio\/","https:\/\/www.instagram.com\/inspiratio_giftstudio\/"]}]}},"brands":[{"id":142,"name":"Green Bubble","slug":"green-bubble"}],"_links":{"self":[{"href":"https:\/\/inspiratio.ro\/en\/wp-json\/wp\/v2\/product\/4680","targetHints":{"allow":["GET"]}}],"collection":[{"href":"https:\/\/inspiratio.ro\/en\/wp-json\/wp\/v2\/product"}],"about":[{"href":"https:\/\/inspiratio.ro\/en\/wp-json\/wp\/v2\/types\/product"}],"replies":[{"embeddable":true,"href":"https:\/\/inspiratio.ro\/en\/wp-json\/wp\/v2\/comments?post=4680"}],"wp:featuredmedia":[{"embeddable":true,"href":"https:\/\/inspiratio.ro\/en\/wp-json\/wp\/v2\/media\/4681"}],"wp:attachment":[{"href":"https:\/\/inspiratio.ro\/en\/wp-json\/wp\/v2\/media?parent=4680"}],"wp:term":[{"taxonomy":"pwb-brand","embeddable":true,"href":"https:\/\/inspiratio.ro\/en\/wp-json\/wp\/v2\/pwb-brand?post=4680"},{"taxonomy":"product_brand","embeddable":true,"href":"https:\/\/inspiratio.ro\/en\/wp-json\/wp\/v2\/product_brand?post=4680"},{"taxonomy":"product_cat","embeddable":true,"href":"https:\/\/inspiratio.ro\/en\/wp-json\/wp\/v2\/product_cat?post=4680"},{"taxonomy":"product_tag","embeddable":true,"href":"https:\/\/inspiratio.ro\/en\/wp-json\/wp\/v2\/product_tag?post=4680"}],"curies":[{"name":"wp","href":"https:\/\/api.w.org\/{rel}","templated":true}]}}