{"id":4671,"date":"2022-11-21T15:16:59","date_gmt":"2022-11-21T13:16:59","guid":{"rendered":"https:\/\/inspiratio.ro\/?post_type=product&#038;p=4671"},"modified":"2025-08-25T10:58:37","modified_gmt":"2025-08-25T07:58:37","slug":"ach-crema-hidrahialuronic-60-ml","status":"publish","type":"product","link":"https:\/\/inspiratio.ro\/en\/produs\/ach-crema-hidrahialuronic-60-ml\/","title":{"rendered":"Crem\u0103 Hidra+Hialuronic 60 ml"},"content":{"rendered":"<p>Crem\u0103 Hidra+ Ulei M\u0103ce\u0219e \u0219i Acid Hialuronic este o crem\u0103 hidratant\u0103 anti-aging, antirid, ce con\u021bine o concentra\u021bie ridicat\u0103 de ingrediente active \u0219i vitamine. Crema Hidra+ este ideal\u0103 pentru \u00eengrijirea pielii uscate, inclusiv pentru aplicat \u00een jurul ochilor. Amelioreaza ridurile \u0219i liniile fine, pielea este mai hidratat\u0103, luminoas\u0103, elastica.<\/p>\n","protected":false},"excerpt":{"rendered":"<p>Crem\u0103 Hidra+ Ulei M\u0103ce\u0219e \u0219i Acid Hialuronic este o crem\u0103 hidratant\u0103 anti-aging, antirid, ce con\u021bine o concentra\u021bie ridicat\u0103 de ingrediente active \u0219i vitamine. Crema Hidra+ este ideal\u0103 pentru \u00eengrijirea pielii uscate, inclusiv pentru aplicat \u00een jurul ochilor. Amelioreaza ridurile \u0219i liniile fine, pielea este mai hidratat\u0103, luminoas\u0103, elastica.<\/p>\n","protected":false},"featured_media":4672,"comment_status":"open","ping_status":"closed","template":"","meta":[],"pwb-brand":[142],"product_brand":[],"product_cat":[77],"product_tag":[],"class_list":{"0":"post-4671","1":"product","2":"type-product","3":"status-publish","4":"has-post-thumbnail","6":"pwb-brand-green-bubble","7":"product_cat-cosmetice-naturale","9":"first","10":"instock","11":"taxable","12":"shipping-taxable","13":"purchasable","14":"product-type-simple"},"yoast_head":"<!-- This site is optimized with the Yoast SEO plugin v26.9 - https:\/\/yoast.com\/product\/yoast-seo-wordpress\/ -->\n<title>ACH Crem\u0103 Hidra+Hialuronic 60 ml - Inspiratio<\/title>\n<meta name=\"description\" content=\"ACH Crem\u0103 Hidra+Hialuronic 60 ml\" \/>\n<meta name=\"robots\" content=\"index, follow, max-snippet:-1, max-image-preview:large, max-video-preview:-1\" \/>\n<link rel=\"canonical\" href=\"https:\/\/inspiratio.ro\/produs\/ach-crema-hidrahialuronic-60-ml\/\" \/>\n<meta property=\"og:locale\" content=\"en_US\" \/>\n<meta property=\"og:type\" content=\"article\" \/>\n<meta property=\"og:title\" content=\"ACH Crem\u0103 Hidra+Hialuronic 60 ml - Inspiratio\" \/>\n<meta property=\"og:description\" content=\"ACH Crem\u0103 Hidra+Hialuronic 60 ml\" \/>\n<meta property=\"og:url\" content=\"https:\/\/inspiratio.ro\/produs\/ach-crema-hidrahialuronic-60-ml\/\" \/>\n<meta property=\"og:site_name\" content=\"Inspiratio\" \/>\n<meta property=\"article:publisher\" content=\"https:\/\/www.facebook.com\/inspiratiogiftstudio\/\" \/>\n<meta property=\"article:modified_time\" content=\"2025-08-25T07:58:37+00:00\" \/>\n<meta property=\"og:image\" content=\"https:\/\/inspiratio.ro\/wp-content\/uploads\/2022\/11\/Crema-Hidra-Ulei-Macese-Acid-Hialuronic.webp\" \/>\n\t<meta property=\"og:image:width\" content=\"800\" \/>\n\t<meta property=\"og:image:height\" content=\"600\" \/>\n\t<meta property=\"og:image:type\" content=\"image\/webp\" \/>\n<meta name=\"twitter:card\" content=\"summary_large_image\" \/>\n<meta name=\"twitter:label1\" content=\"Est. reading time\" \/>\n\t<meta name=\"twitter:data1\" content=\"1 minute\" \/>\n<script type=\"application\/ld+json\" class=\"yoast-schema-graph\">{\"@context\":\"https:\/\/schema.org\",\"@graph\":[{\"@type\":\"WebPage\",\"@id\":\"https:\/\/inspiratio.ro\/produs\/ach-crema-hidrahialuronic-60-ml\/\",\"url\":\"https:\/\/inspiratio.ro\/produs\/ach-crema-hidrahialuronic-60-ml\/\",\"name\":\"ACH Crem\u0103 Hidra+Hialuronic 60 ml - Inspiratio\",\"isPartOf\":{\"@id\":\"https:\/\/inspiratio.ro\/#website\"},\"primaryImageOfPage\":{\"@id\":\"https:\/\/inspiratio.ro\/produs\/ach-crema-hidrahialuronic-60-ml\/#primaryimage\"},\"image\":{\"@id\":\"https:\/\/inspiratio.ro\/produs\/ach-crema-hidrahialuronic-60-ml\/#primaryimage\"},\"thumbnailUrl\":\"https:\/\/inspiratio.ro\/wp-content\/uploads\/2022\/11\/Crema-Hidra-Ulei-Macese-Acid-Hialuronic.webp\",\"datePublished\":\"2022-11-21T13:16:59+00:00\",\"dateModified\":\"2025-08-25T07:58:37+00:00\",\"description\":\"ACH Crem\u0103 Hidra+Hialuronic 60 ml\",\"breadcrumb\":{\"@id\":\"https:\/\/inspiratio.ro\/produs\/ach-crema-hidrahialuronic-60-ml\/#breadcrumb\"},\"inLanguage\":\"en-US\",\"potentialAction\":[{\"@type\":\"ReadAction\",\"target\":[\"https:\/\/inspiratio.ro\/produs\/ach-crema-hidrahialuronic-60-ml\/\"]}]},{\"@type\":\"ImageObject\",\"inLanguage\":\"en-US\",\"@id\":\"https:\/\/inspiratio.ro\/produs\/ach-crema-hidrahialuronic-60-ml\/#primaryimage\",\"url\":\"https:\/\/inspiratio.ro\/wp-content\/uploads\/2022\/11\/Crema-Hidra-Ulei-Macese-Acid-Hialuronic.webp\",\"contentUrl\":\"https:\/\/inspiratio.ro\/wp-content\/uploads\/2022\/11\/Crema-Hidra-Ulei-Macese-Acid-Hialuronic.webp\",\"width\":800,\"height\":600},{\"@type\":\"BreadcrumbList\",\"@id\":\"https:\/\/inspiratio.ro\/produs\/ach-crema-hidrahialuronic-60-ml\/#breadcrumb\",\"itemListElement\":[{\"@type\":\"ListItem\",\"position\":1,\"name\":\"Shop\",\"item\":\"https:\/\/inspiratio.ro\/magazin-cadouri\/\"},{\"@type\":\"ListItem\",\"position\":2,\"name\":\"ACH Crem\u0103 Hidra+Hialuronic 60 ml\"}]},{\"@type\":\"WebSite\",\"@id\":\"https:\/\/inspiratio.ro\/#website\",\"url\":\"https:\/\/inspiratio.ro\/\",\"name\":\"Inspiratio\",\"description\":\"Las\u0103-te purtat de inspira\u021bie\",\"publisher\":{\"@id\":\"https:\/\/inspiratio.ro\/#organization\"},\"potentialAction\":[{\"@type\":\"SearchAction\",\"target\":{\"@type\":\"EntryPoint\",\"urlTemplate\":\"https:\/\/inspiratio.ro\/?s={search_term_string}\"},\"query-input\":{\"@type\":\"PropertyValueSpecification\",\"valueRequired\":true,\"valueName\":\"search_term_string\"}}],\"inLanguage\":\"en-US\"},{\"@type\":\"Organization\",\"@id\":\"https:\/\/inspiratio.ro\/#organization\",\"name\":\"Inspiratio\",\"url\":\"https:\/\/inspiratio.ro\/\",\"logo\":{\"@type\":\"ImageObject\",\"inLanguage\":\"en-US\",\"@id\":\"https:\/\/inspiratio.ro\/#\/schema\/logo\/image\/\",\"url\":\"https:\/\/inspiratio.ro\/wp-content\/uploads\/2020\/06\/logo-inspiratio.png\",\"contentUrl\":\"https:\/\/inspiratio.ro\/wp-content\/uploads\/2020\/06\/logo-inspiratio.png\",\"width\":232,\"height\":209,\"caption\":\"Inspiratio\"},\"image\":{\"@id\":\"https:\/\/inspiratio.ro\/#\/schema\/logo\/image\/\"},\"sameAs\":[\"https:\/\/www.facebook.com\/inspiratiogiftstudio\/\",\"https:\/\/www.instagram.com\/inspiratio_giftstudio\/\"]}]}<\/script>\n<!-- \/ Yoast SEO plugin. -->","yoast_head_json":{"title":"ACH Crem\u0103 Hidra+Hialuronic 60 ml - Inspiratio","description":"ACH Crem\u0103 Hidra+Hialuronic 60 ml","robots":{"index":"index","follow":"follow","max-snippet":"max-snippet:-1","max-image-preview":"max-image-preview:large","max-video-preview":"max-video-preview:-1"},"canonical":"https:\/\/inspiratio.ro\/produs\/ach-crema-hidrahialuronic-60-ml\/","og_locale":"en_US","og_type":"article","og_title":"ACH Crem\u0103 Hidra+Hialuronic 60 ml - Inspiratio","og_description":"ACH Crem\u0103 Hidra+Hialuronic 60 ml","og_url":"https:\/\/inspiratio.ro\/produs\/ach-crema-hidrahialuronic-60-ml\/","og_site_name":"Inspiratio","article_publisher":"https:\/\/www.facebook.com\/inspiratiogiftstudio\/","article_modified_time":"2025-08-25T07:58:37+00:00","og_image":[{"width":800,"height":600,"url":"https:\/\/inspiratio.ro\/wp-content\/uploads\/2022\/11\/Crema-Hidra-Ulei-Macese-Acid-Hialuronic.webp","type":"image\/webp"}],"twitter_card":"summary_large_image","twitter_misc":{"Est. reading time":"1 minute"},"schema":{"@context":"https:\/\/schema.org","@graph":[{"@type":"WebPage","@id":"https:\/\/inspiratio.ro\/produs\/ach-crema-hidrahialuronic-60-ml\/","url":"https:\/\/inspiratio.ro\/produs\/ach-crema-hidrahialuronic-60-ml\/","name":"ACH Crem\u0103 Hidra+Hialuronic 60 ml - Inspiratio","isPartOf":{"@id":"https:\/\/inspiratio.ro\/#website"},"primaryImageOfPage":{"@id":"https:\/\/inspiratio.ro\/produs\/ach-crema-hidrahialuronic-60-ml\/#primaryimage"},"image":{"@id":"https:\/\/inspiratio.ro\/produs\/ach-crema-hidrahialuronic-60-ml\/#primaryimage"},"thumbnailUrl":"https:\/\/inspiratio.ro\/wp-content\/uploads\/2022\/11\/Crema-Hidra-Ulei-Macese-Acid-Hialuronic.webp","datePublished":"2022-11-21T13:16:59+00:00","dateModified":"2025-08-25T07:58:37+00:00","description":"ACH Crem\u0103 Hidra+Hialuronic 60 ml","breadcrumb":{"@id":"https:\/\/inspiratio.ro\/produs\/ach-crema-hidrahialuronic-60-ml\/#breadcrumb"},"inLanguage":"en-US","potentialAction":[{"@type":"ReadAction","target":["https:\/\/inspiratio.ro\/produs\/ach-crema-hidrahialuronic-60-ml\/"]}]},{"@type":"ImageObject","inLanguage":"en-US","@id":"https:\/\/inspiratio.ro\/produs\/ach-crema-hidrahialuronic-60-ml\/#primaryimage","url":"https:\/\/inspiratio.ro\/wp-content\/uploads\/2022\/11\/Crema-Hidra-Ulei-Macese-Acid-Hialuronic.webp","contentUrl":"https:\/\/inspiratio.ro\/wp-content\/uploads\/2022\/11\/Crema-Hidra-Ulei-Macese-Acid-Hialuronic.webp","width":800,"height":600},{"@type":"BreadcrumbList","@id":"https:\/\/inspiratio.ro\/produs\/ach-crema-hidrahialuronic-60-ml\/#breadcrumb","itemListElement":[{"@type":"ListItem","position":1,"name":"Shop","item":"https:\/\/inspiratio.ro\/magazin-cadouri\/"},{"@type":"ListItem","position":2,"name":"ACH Crem\u0103 Hidra+Hialuronic 60 ml"}]},{"@type":"WebSite","@id":"https:\/\/inspiratio.ro\/#website","url":"https:\/\/inspiratio.ro\/","name":"Inspiratio","description":"Las\u0103-te purtat de inspira\u021bie","publisher":{"@id":"https:\/\/inspiratio.ro\/#organization"},"potentialAction":[{"@type":"SearchAction","target":{"@type":"EntryPoint","urlTemplate":"https:\/\/inspiratio.ro\/?s={search_term_string}"},"query-input":{"@type":"PropertyValueSpecification","valueRequired":true,"valueName":"search_term_string"}}],"inLanguage":"en-US"},{"@type":"Organization","@id":"https:\/\/inspiratio.ro\/#organization","name":"Inspiratio","url":"https:\/\/inspiratio.ro\/","logo":{"@type":"ImageObject","inLanguage":"en-US","@id":"https:\/\/inspiratio.ro\/#\/schema\/logo\/image\/","url":"https:\/\/inspiratio.ro\/wp-content\/uploads\/2020\/06\/logo-inspiratio.png","contentUrl":"https:\/\/inspiratio.ro\/wp-content\/uploads\/2020\/06\/logo-inspiratio.png","width":232,"height":209,"caption":"Inspiratio"},"image":{"@id":"https:\/\/inspiratio.ro\/#\/schema\/logo\/image\/"},"sameAs":["https:\/\/www.facebook.com\/inspiratiogiftstudio\/","https:\/\/www.instagram.com\/inspiratio_giftstudio\/"]}]}},"brands":[{"id":142,"name":"Green Bubble","slug":"green-bubble"}],"_links":{"self":[{"href":"https:\/\/inspiratio.ro\/en\/wp-json\/wp\/v2\/product\/4671","targetHints":{"allow":["GET"]}}],"collection":[{"href":"https:\/\/inspiratio.ro\/en\/wp-json\/wp\/v2\/product"}],"about":[{"href":"https:\/\/inspiratio.ro\/en\/wp-json\/wp\/v2\/types\/product"}],"replies":[{"embeddable":true,"href":"https:\/\/inspiratio.ro\/en\/wp-json\/wp\/v2\/comments?post=4671"}],"wp:featuredmedia":[{"embeddable":true,"href":"https:\/\/inspiratio.ro\/en\/wp-json\/wp\/v2\/media\/4672"}],"wp:attachment":[{"href":"https:\/\/inspiratio.ro\/en\/wp-json\/wp\/v2\/media?parent=4671"}],"wp:term":[{"taxonomy":"pwb-brand","embeddable":true,"href":"https:\/\/inspiratio.ro\/en\/wp-json\/wp\/v2\/pwb-brand?post=4671"},{"taxonomy":"product_brand","embeddable":true,"href":"https:\/\/inspiratio.ro\/en\/wp-json\/wp\/v2\/product_brand?post=4671"},{"taxonomy":"product_cat","embeddable":true,"href":"https:\/\/inspiratio.ro\/en\/wp-json\/wp\/v2\/product_cat?post=4671"},{"taxonomy":"product_tag","embeddable":true,"href":"https:\/\/inspiratio.ro\/en\/wp-json\/wp\/v2\/product_tag?post=4671"}],"curies":[{"name":"wp","href":"https:\/\/api.w.org\/{rel}","templated":true}]}}