{"id":4669,"date":"2022-11-21T15:15:34","date_gmt":"2022-11-21T13:15:34","guid":{"rendered":"https:\/\/inspiratio.ro\/?post_type=product&#038;p=4669"},"modified":"2026-02-19T16:44:06","modified_gmt":"2026-02-19T14:44:06","slug":"ach-crema-avocado-50-ml","status":"publish","type":"product","link":"https:\/\/inspiratio.ro\/en\/produs\/ach-crema-avocado-50-ml\/","title":{"rendered":"Crem\u0103 de fa\u021b\u0103 cu Avocado 50 ml"},"content":{"rendered":"<h2 dir=\"auto\">Crem\u0103 Avocado Regeneratoare Anti-Aging<\/h2>\n<p>Crem\u0103 Avocado Regeneratoare Anti-Aging<span class=\"pq6dq46d tbxw36s4 knj5qynh kvgmc6g5 ditlmg2l oygrvhab nvdbi5me sf5mxxl7 gl3lb2sf hhz5lgdu\"><img loading=\"lazy\" decoding=\"async\" class=\"jetpack-lazy-image jetpack-lazy-image--handled\" src=\"https:\/\/static.xx.fbcdn.net\/images\/emoji.php\/v9\/t2d\/1\/16\/1f951.png\" alt=\"\ud83e\udd51\" width=\"16\" height=\"16\" data-lazy-loaded=\"1\" \/><\/span>\u00a0pentru fa\u021b\u0103, potrivit\u0103 pentru toate tipurile de piele, piele sensibil\u0103, matur\u0103. Este potrivit\u0103 \u0219i pentru \u00eengrijirea zonei ochilor, g\u00e2tului \u0219i decolteului. Crema are o textur\u0103 lejer\u0103, un miros fin de lavand\u0103, se absoarbe u\u0219or \u00een piele.<\/p>\n<div dir=\"auto\">\n<p><span class=\"pq6dq46d tbxw36s4 knj5qynh kvgmc6g5 ditlmg2l oygrvhab nvdbi5me sf5mxxl7 gl3lb2sf hhz5lgdu\"><img loading=\"lazy\" decoding=\"async\" class=\"jetpack-lazy-image jetpack-lazy-image--handled\" src=\"https:\/\/static.xx.fbcdn.net\/images\/emoji.php\/v9\/tfc\/1\/16\/1f7e2.png\" alt=\"\ud83d\udfe2\" width=\"16\" height=\"16\" data-lazy-loaded=\"1\" \/> <\/span>Crema contribuie la \u00eent\u0103rirea barierii de protec\u0163ie a pielii, \u00eembun\u0103t\u0103\u021birea texturii pielii, redarea luminozit\u0103\u021bii tenului \u0219i elasticit\u0103\u021bii pielii, prevenirea apari\u021biei ridurilor \u0219i atenuarea celor existente prin hidratarea pielii.<\/p>\n<p>Propriet\u0103\u021bi: Anti\u00eemb\u0103tr\u00e2nire, Antioxidant, Antirid, Emolient, Hidratant, Regenerator.<\/p>\n<h3 dir=\"auto\">Principalele ingrediente active pentru Crem\u0103 Avocado Regeneratoare Anti-Aging:<\/h3>\n<p>Crem\u0103 Avocado Regeneratoare Anti-Aging este realizat\u0103 cu Ulei de Avocado, Panthenol, Vitamina B3 (niacinamid\u0103), Alantoina, Vitamina E, Ulei Esen\u021bial de Lavand\u0103 \u0219i alte ingrediente active benefice pentru pielea fe\u021bei.<\/p>\n<h3>Ulei Avocado Presat la Rece<\/h3>\n<p>Uleiul de avocado este bogat \u00een carotenoide, fitosteroli, vitamine \u0219i acizi gra\u0219i esen\u021biali ce \u00eei confer\u0103 propriet\u0103\u021bi nutritive, emoliente \u0219i regeneratoare remarcabile, protejeaz\u0103 pielea de agresiunile externe, catifeleaz\u0103 \u0219i red\u0103 elasticitatea pielii, atenueaz\u0103 irita\u021biile pielii.<\/p>\n<p>Uleiul de avocado are multiple virtu\u021bi \u0219i \u00eentrebuin\u021b\u0103ri, este folosit \u00een cosmetic\u0103 pentru calitatea sa nutritiv\u0103, regeneratoare, cu ac\u021biune anti-\u00eemb\u0103tr\u00e2nire. Uleiul de avocado are o absorb\u0163ie medie \u0219i este delicat pentru piele.<\/p>\n<p>Uleiul de avocado este potrivit pentru \u00eengrijirea tenului matur, ridat, devitalizat, \u00eengrijirea pielii uscate, descuamate, \u00eengrijirea pielii corpului, m\u00e2inilor, g\u00e2tului \u015fi decolteului, hr\u0103nirea \u0219i \u00eengrijirea pielii sensibile, fragile, delicate, inclusiv a copiilor, potrivit pentru \u00eengrijirea zonei ochilor, atenuarea cicatricilor \u015fi a micilor imperfec\u0163iuni ale pielii, vergeturi.<\/p>\n<h3>Panthenol\/Pantenol\/Provitamina B5<\/h3>\n<p>Panthenolul este recunoscut pentru efectul calmant, reparator, hidratant \u0219i antiinflamator al pielii. Panthenolul este un ingredient activ cunoscut\u0103 \u0219i sub denumirea de provitamina B5. Panthenolul este foarte eficient pentru \u00eengrijirea pielii \u0219i pentru propriet\u0103\u021bile sale de restaurare \u0219i calmare.<\/p>\n<p>Panthenolul este un reparator de piele, stimuleaz\u0103 proliferarea celulelor pielii. Previne deshidratarea pielii, reduce pierderile de ap\u0103 \u0219i men\u021bine moliciunea \u0219i elasticitatea pielii.<\/p>\n<h3>Alantoin\u0103<\/h3>\n<p>Alantoina este un ingredient activ cu propriet\u0103\u021bi de regenerare \u0219i reparare a pielii, contribuie la sinteza colagenului, accelereaz\u0103 vindecarea \u0219i protejeaz\u0103 pielea de factorii iritan\u021bi. Alantoina se reg\u0103se\u0219te \u00een multe preparate cosmetice fiind potrivit\u0103 pentru \u00eengrijirea pielii sensibile, delicate.<\/p>\n<h3>Ulei Esen\u021bial Lavand\u0103<\/h3>\n<p>Este probabil cel mai recunoscut \u015fi r\u0103sp\u00e2ndit ulei esen\u0163ial datorit\u0103 multiplelor virtu\u021bi pe care le are. Uleiul esen\u021bial de lavand\u0103 este utilizat \u00een creme prentru atenuarea diverselor probleme de piele \u0219i pentru regenerarea pielii. Uleiul esen\u021bial de lavand\u0103 este apreciat pentru parfumul s\u0103u deosebit care favorizeaz\u0103 somnul \u0219i calmeaz\u0103 sistemul nervos.<\/p>\n<p>Uleiul esen\u021bial de lavand\u0103 este cicatrizant, regenerator \u0219i reparator pentru piele, ajut\u0103 la refacerea pielii r\u0103nite, afectate de eczeme, urticarii, psoriazis, acnee, lini\u0219te\u0219te pielea r\u0103nit\u0103, \u00eenro\u0219it\u0103, ars\u0103 de soare sau \u00een\u021bepat\u0103 de insecte. Acest ulei este un echilibrant al sistemului nervos.<\/p>\n<h3>Mod de Utilizare\/Aplicare<\/h3>\n<p>Se aplic\u0103 o cantitate mic\u0103 pe fa\u021b\u0103 prin masare u\u0219oar\u0103. Prin masaj se stimuleaz\u0103 circula\u021bia \u00een zona aplicat\u0103, crema p\u0103trunde bine \u00een piele \u0219i formeaz\u0103 o pelicul\u0103 fin\u0103 emolient\u0103 care protejeaz\u0103 \u0219i men\u021bine pielea hidratat\u0103 ajut\u00e2nd ingredientele active s\u0103 lucreze eficient. \u00cen urma aplicarii, vei ob\u021bine o piele \u00eentins\u0103, supl\u0103, bine conturat\u0103.<\/p>\n<p>Utilizare: aplic\u0103 diminea\u021ba \u0219i\/sau seara pe pielea curat\u0103.<\/p>\n<\/div>\n","protected":false},"excerpt":{"rendered":"<p>Crem\u0103 Avocado Regeneratoare Anti-Aging Crem\u0103 Avocado Regeneratoare Anti-Aging\u00a0pentru fa\u021b\u0103, potrivit\u0103 pentru toate tipurile de piele, piele sensibil\u0103, matur\u0103. Este potrivit\u0103 \u0219i pentru \u00eengrijirea zonei ochilor, g\u00e2tului \u0219i decolteului. Crema are o textur\u0103 lejer\u0103, un miros fin de lavand\u0103, se absoarbe u\u0219or \u00een piele. Crema contribuie la \u00eent\u0103rirea barierii de protec\u0163ie a pielii, \u00eembun\u0103t\u0103\u021birea texturii pielii, [&hellip;]<\/p>\n","protected":false},"featured_media":4670,"comment_status":"open","ping_status":"closed","template":"","meta":[],"pwb-brand":[142],"product_brand":[],"product_cat":[77],"product_tag":[],"class_list":{"0":"post-4669","1":"product","2":"type-product","3":"status-publish","4":"has-post-thumbnail","6":"pwb-brand-green-bubble","7":"product_cat-cosmetice-naturale","9":"first","10":"instock","11":"taxable","12":"shipping-taxable","13":"purchasable","14":"product-type-simple"},"yoast_head":"<!-- This site is optimized with the Yoast SEO plugin v26.9 - https:\/\/yoast.com\/product\/yoast-seo-wordpress\/ -->\n<title>ACH Crem\u0103 de fa\u021b\u0103 cu Avocado 50 ml - Inspiratio<\/title>\n<meta name=\"description\" content=\"ACH Crem\u0103 de fa\u021b\u0103 cu Avocado 50 ml\" \/>\n<meta name=\"robots\" content=\"index, follow, max-snippet:-1, max-image-preview:large, max-video-preview:-1\" \/>\n<link rel=\"canonical\" href=\"https:\/\/inspiratio.ro\/produs\/ach-crema-avocado-50-ml\/\" \/>\n<meta property=\"og:locale\" content=\"en_US\" \/>\n<meta property=\"og:type\" content=\"article\" \/>\n<meta property=\"og:title\" content=\"ACH Crem\u0103 de fa\u021b\u0103 cu Avocado 50 ml - Inspiratio\" \/>\n<meta property=\"og:description\" content=\"ACH Crem\u0103 de fa\u021b\u0103 cu Avocado 50 ml\" \/>\n<meta property=\"og:url\" content=\"https:\/\/inspiratio.ro\/produs\/ach-crema-avocado-50-ml\/\" \/>\n<meta property=\"og:site_name\" content=\"Inspiratio\" \/>\n<meta property=\"article:publisher\" content=\"https:\/\/www.facebook.com\/inspiratiogiftstudio\/\" \/>\n<meta property=\"article:modified_time\" content=\"2026-02-19T14:44:06+00:00\" \/>\n<meta property=\"og:image\" content=\"https:\/\/inspiratio.ro\/wp-content\/uploads\/2022\/11\/Crema-Naturala-Avocado-Regeneratoare-Anti-Aging.webp\" \/>\n\t<meta property=\"og:image:width\" content=\"800\" \/>\n\t<meta property=\"og:image:height\" content=\"600\" \/>\n\t<meta property=\"og:image:type\" content=\"image\/webp\" \/>\n<meta name=\"twitter:card\" content=\"summary_large_image\" \/>\n<meta name=\"twitter:label1\" content=\"Est. reading time\" \/>\n\t<meta name=\"twitter:data1\" content=\"4 minutes\" \/>\n<script type=\"application\/ld+json\" class=\"yoast-schema-graph\">{\"@context\":\"https:\/\/schema.org\",\"@graph\":[{\"@type\":\"WebPage\",\"@id\":\"https:\/\/inspiratio.ro\/produs\/ach-crema-avocado-50-ml\/\",\"url\":\"https:\/\/inspiratio.ro\/produs\/ach-crema-avocado-50-ml\/\",\"name\":\"ACH Crem\u0103 de fa\u021b\u0103 cu Avocado 50 ml - Inspiratio\",\"isPartOf\":{\"@id\":\"https:\/\/inspiratio.ro\/#website\"},\"primaryImageOfPage\":{\"@id\":\"https:\/\/inspiratio.ro\/produs\/ach-crema-avocado-50-ml\/#primaryimage\"},\"image\":{\"@id\":\"https:\/\/inspiratio.ro\/produs\/ach-crema-avocado-50-ml\/#primaryimage\"},\"thumbnailUrl\":\"https:\/\/inspiratio.ro\/wp-content\/uploads\/2022\/11\/Crema-Naturala-Avocado-Regeneratoare-Anti-Aging.webp\",\"datePublished\":\"2022-11-21T13:15:34+00:00\",\"dateModified\":\"2026-02-19T14:44:06+00:00\",\"description\":\"ACH Crem\u0103 de fa\u021b\u0103 cu Avocado 50 ml\",\"breadcrumb\":{\"@id\":\"https:\/\/inspiratio.ro\/produs\/ach-crema-avocado-50-ml\/#breadcrumb\"},\"inLanguage\":\"en-US\",\"potentialAction\":[{\"@type\":\"ReadAction\",\"target\":[\"https:\/\/inspiratio.ro\/produs\/ach-crema-avocado-50-ml\/\"]}]},{\"@type\":\"ImageObject\",\"inLanguage\":\"en-US\",\"@id\":\"https:\/\/inspiratio.ro\/produs\/ach-crema-avocado-50-ml\/#primaryimage\",\"url\":\"https:\/\/inspiratio.ro\/wp-content\/uploads\/2022\/11\/Crema-Naturala-Avocado-Regeneratoare-Anti-Aging.webp\",\"contentUrl\":\"https:\/\/inspiratio.ro\/wp-content\/uploads\/2022\/11\/Crema-Naturala-Avocado-Regeneratoare-Anti-Aging.webp\",\"width\":800,\"height\":600},{\"@type\":\"BreadcrumbList\",\"@id\":\"https:\/\/inspiratio.ro\/produs\/ach-crema-avocado-50-ml\/#breadcrumb\",\"itemListElement\":[{\"@type\":\"ListItem\",\"position\":1,\"name\":\"Shop\",\"item\":\"https:\/\/inspiratio.ro\/magazin-cadouri\/\"},{\"@type\":\"ListItem\",\"position\":2,\"name\":\"ACH Crem\u0103 de fa\u021b\u0103 cu Avocado 50 ml\"}]},{\"@type\":\"WebSite\",\"@id\":\"https:\/\/inspiratio.ro\/#website\",\"url\":\"https:\/\/inspiratio.ro\/\",\"name\":\"Inspiratio\",\"description\":\"Las\u0103-te purtat de inspira\u021bie\",\"publisher\":{\"@id\":\"https:\/\/inspiratio.ro\/#organization\"},\"potentialAction\":[{\"@type\":\"SearchAction\",\"target\":{\"@type\":\"EntryPoint\",\"urlTemplate\":\"https:\/\/inspiratio.ro\/?s={search_term_string}\"},\"query-input\":{\"@type\":\"PropertyValueSpecification\",\"valueRequired\":true,\"valueName\":\"search_term_string\"}}],\"inLanguage\":\"en-US\"},{\"@type\":\"Organization\",\"@id\":\"https:\/\/inspiratio.ro\/#organization\",\"name\":\"Inspiratio\",\"url\":\"https:\/\/inspiratio.ro\/\",\"logo\":{\"@type\":\"ImageObject\",\"inLanguage\":\"en-US\",\"@id\":\"https:\/\/inspiratio.ro\/#\/schema\/logo\/image\/\",\"url\":\"https:\/\/inspiratio.ro\/wp-content\/uploads\/2020\/06\/logo-inspiratio.png\",\"contentUrl\":\"https:\/\/inspiratio.ro\/wp-content\/uploads\/2020\/06\/logo-inspiratio.png\",\"width\":232,\"height\":209,\"caption\":\"Inspiratio\"},\"image\":{\"@id\":\"https:\/\/inspiratio.ro\/#\/schema\/logo\/image\/\"},\"sameAs\":[\"https:\/\/www.facebook.com\/inspiratiogiftstudio\/\",\"https:\/\/www.instagram.com\/inspiratio_giftstudio\/\"]}]}<\/script>\n<!-- \/ Yoast SEO plugin. -->","yoast_head_json":{"title":"ACH Crem\u0103 de fa\u021b\u0103 cu Avocado 50 ml - Inspiratio","description":"ACH Crem\u0103 de fa\u021b\u0103 cu Avocado 50 ml","robots":{"index":"index","follow":"follow","max-snippet":"max-snippet:-1","max-image-preview":"max-image-preview:large","max-video-preview":"max-video-preview:-1"},"canonical":"https:\/\/inspiratio.ro\/produs\/ach-crema-avocado-50-ml\/","og_locale":"en_US","og_type":"article","og_title":"ACH Crem\u0103 de fa\u021b\u0103 cu Avocado 50 ml - Inspiratio","og_description":"ACH Crem\u0103 de fa\u021b\u0103 cu Avocado 50 ml","og_url":"https:\/\/inspiratio.ro\/produs\/ach-crema-avocado-50-ml\/","og_site_name":"Inspiratio","article_publisher":"https:\/\/www.facebook.com\/inspiratiogiftstudio\/","article_modified_time":"2026-02-19T14:44:06+00:00","og_image":[{"width":800,"height":600,"url":"https:\/\/inspiratio.ro\/wp-content\/uploads\/2022\/11\/Crema-Naturala-Avocado-Regeneratoare-Anti-Aging.webp","type":"image\/webp"}],"twitter_card":"summary_large_image","twitter_misc":{"Est. reading time":"4 minutes"},"schema":{"@context":"https:\/\/schema.org","@graph":[{"@type":"WebPage","@id":"https:\/\/inspiratio.ro\/produs\/ach-crema-avocado-50-ml\/","url":"https:\/\/inspiratio.ro\/produs\/ach-crema-avocado-50-ml\/","name":"ACH Crem\u0103 de fa\u021b\u0103 cu Avocado 50 ml - Inspiratio","isPartOf":{"@id":"https:\/\/inspiratio.ro\/#website"},"primaryImageOfPage":{"@id":"https:\/\/inspiratio.ro\/produs\/ach-crema-avocado-50-ml\/#primaryimage"},"image":{"@id":"https:\/\/inspiratio.ro\/produs\/ach-crema-avocado-50-ml\/#primaryimage"},"thumbnailUrl":"https:\/\/inspiratio.ro\/wp-content\/uploads\/2022\/11\/Crema-Naturala-Avocado-Regeneratoare-Anti-Aging.webp","datePublished":"2022-11-21T13:15:34+00:00","dateModified":"2026-02-19T14:44:06+00:00","description":"ACH Crem\u0103 de fa\u021b\u0103 cu Avocado 50 ml","breadcrumb":{"@id":"https:\/\/inspiratio.ro\/produs\/ach-crema-avocado-50-ml\/#breadcrumb"},"inLanguage":"en-US","potentialAction":[{"@type":"ReadAction","target":["https:\/\/inspiratio.ro\/produs\/ach-crema-avocado-50-ml\/"]}]},{"@type":"ImageObject","inLanguage":"en-US","@id":"https:\/\/inspiratio.ro\/produs\/ach-crema-avocado-50-ml\/#primaryimage","url":"https:\/\/inspiratio.ro\/wp-content\/uploads\/2022\/11\/Crema-Naturala-Avocado-Regeneratoare-Anti-Aging.webp","contentUrl":"https:\/\/inspiratio.ro\/wp-content\/uploads\/2022\/11\/Crema-Naturala-Avocado-Regeneratoare-Anti-Aging.webp","width":800,"height":600},{"@type":"BreadcrumbList","@id":"https:\/\/inspiratio.ro\/produs\/ach-crema-avocado-50-ml\/#breadcrumb","itemListElement":[{"@type":"ListItem","position":1,"name":"Shop","item":"https:\/\/inspiratio.ro\/magazin-cadouri\/"},{"@type":"ListItem","position":2,"name":"ACH Crem\u0103 de fa\u021b\u0103 cu Avocado 50 ml"}]},{"@type":"WebSite","@id":"https:\/\/inspiratio.ro\/#website","url":"https:\/\/inspiratio.ro\/","name":"Inspiratio","description":"Las\u0103-te purtat de inspira\u021bie","publisher":{"@id":"https:\/\/inspiratio.ro\/#organization"},"potentialAction":[{"@type":"SearchAction","target":{"@type":"EntryPoint","urlTemplate":"https:\/\/inspiratio.ro\/?s={search_term_string}"},"query-input":{"@type":"PropertyValueSpecification","valueRequired":true,"valueName":"search_term_string"}}],"inLanguage":"en-US"},{"@type":"Organization","@id":"https:\/\/inspiratio.ro\/#organization","name":"Inspiratio","url":"https:\/\/inspiratio.ro\/","logo":{"@type":"ImageObject","inLanguage":"en-US","@id":"https:\/\/inspiratio.ro\/#\/schema\/logo\/image\/","url":"https:\/\/inspiratio.ro\/wp-content\/uploads\/2020\/06\/logo-inspiratio.png","contentUrl":"https:\/\/inspiratio.ro\/wp-content\/uploads\/2020\/06\/logo-inspiratio.png","width":232,"height":209,"caption":"Inspiratio"},"image":{"@id":"https:\/\/inspiratio.ro\/#\/schema\/logo\/image\/"},"sameAs":["https:\/\/www.facebook.com\/inspiratiogiftstudio\/","https:\/\/www.instagram.com\/inspiratio_giftstudio\/"]}]}},"brands":[{"id":142,"name":"Green Bubble","slug":"green-bubble"}],"_links":{"self":[{"href":"https:\/\/inspiratio.ro\/en\/wp-json\/wp\/v2\/product\/4669","targetHints":{"allow":["GET"]}}],"collection":[{"href":"https:\/\/inspiratio.ro\/en\/wp-json\/wp\/v2\/product"}],"about":[{"href":"https:\/\/inspiratio.ro\/en\/wp-json\/wp\/v2\/types\/product"}],"replies":[{"embeddable":true,"href":"https:\/\/inspiratio.ro\/en\/wp-json\/wp\/v2\/comments?post=4669"}],"wp:featuredmedia":[{"embeddable":true,"href":"https:\/\/inspiratio.ro\/en\/wp-json\/wp\/v2\/media\/4670"}],"wp:attachment":[{"href":"https:\/\/inspiratio.ro\/en\/wp-json\/wp\/v2\/media?parent=4669"}],"wp:term":[{"taxonomy":"pwb-brand","embeddable":true,"href":"https:\/\/inspiratio.ro\/en\/wp-json\/wp\/v2\/pwb-brand?post=4669"},{"taxonomy":"product_brand","embeddable":true,"href":"https:\/\/inspiratio.ro\/en\/wp-json\/wp\/v2\/product_brand?post=4669"},{"taxonomy":"product_cat","embeddable":true,"href":"https:\/\/inspiratio.ro\/en\/wp-json\/wp\/v2\/product_cat?post=4669"},{"taxonomy":"product_tag","embeddable":true,"href":"https:\/\/inspiratio.ro\/en\/wp-json\/wp\/v2\/product_tag?post=4669"}],"curies":[{"name":"wp","href":"https:\/\/api.w.org\/{rel}","templated":true}]}}