{"id":4611,"date":"2022-10-21T19:57:28","date_gmt":"2022-10-21T16:57:28","guid":{"rendered":"https:\/\/inspiratio.ro\/?post_type=product&#038;p=4611"},"modified":"2024-05-29T12:17:55","modified_gmt":"2024-05-29T09:17:55","slug":"acs-mittelalterliche-denkmaler-im-tal-der-grossen-kokel","status":"publish","type":"product","link":"https:\/\/inspiratio.ro\/en\/produs\/acs-mittelalterliche-denkmaler-im-tal-der-grossen-kokel\/","title":{"rendered":"Mittelalterliche Denkmaler im Tal der Grossen Kokel"},"content":{"rendered":"<p>Monumente Medievale de pe Valea T\u00e2rnavelor &#8211;\u00a0 Limba german\u0103.<\/p>\n<ul>\n<li>Drago\u0219 Gh. N\u0103st\u0103soiu, istoric de art\u0103, autor<\/li>\n<li>Kiss L\u00f3r\u00e1nd, restaurator, autor<\/li>\n<li>Mih\u00e1ly Ferenc, restaurator, autor<\/li>\n<li>Frank-Thomas Ziegler, istoric de art\u0103, traduc\u0103tor<\/li>\n<\/ul>\n<p>Entdecke das Tal der Gro\u00dfen Kokel und seine mittelalterlichen Denkm\u00e4ler in Begleitung dieses Reisef\u00fchrers, der sowohl deine Schritte zu den Gesamtensembles leiten als auch deine Augen und Gedanken auf die Einzelheiten lenken wird! Bereichere deinen Geist mit der Sch\u00f6nheit von Denkm\u00e4lern, die dem Land Bekanntheit und W\u00fcrdigung einbringen!<\/p>\n<p><strong>Mittelalterliche Denkm\u00e4ler im Tal der Gro\u00dfen Kokel<\/strong>\u00a0\u2013 wir setzen die in der Bukowina und in der Kleinen Walachei (Oltenien) begonnene Reise fort!<\/p>\n<ul>\n<li>ein fundierter Text, verfasst von Experten auf den Gebieten der Kunstgeschichte des Mittelalters und der Restaurierung;<\/li>\n<li>\u00fcber 700 erstmalig publizierte Bilder \u2013 Luftaufnahmen, Innen- und Au\u00dfenaufnahmen, von den Bauger\u00fcsten w\u00e4hrend der Restaurierung aufgenommene Details mittelalterlicher Wandmalerei;<\/li>\n<li>die Landkarte der Denkm\u00e4ler und Vorschl\u00e4ge f\u00fcr Reiserouten<\/li>\n<li>Grund- und Aufrisse von Denkm\u00e4lern und Ensembles<\/li>\n<\/ul>\n<p>15 der repr\u00e4sentativsten mittelalterlichen Kulturst\u00e4tten der Gegend werden vorgestellt: die reformierte (calvinistische) Kirche in\u00a0<strong>Almaschken<\/strong>\u00a0(Alma), die evangelischen (lutherischen) Kirchen der Landgemeinden\u00a0<strong>Birth\u00e4lm<\/strong>\u00a0(Biertan),\u00a0<strong>Bogeschdorf<\/strong>\u00a0(B\u0103gaciu),\u00a0<strong>Durles<\/strong>\u00a0(D\u00e2rlos),\u00a0<strong>Eibesdorf<\/strong>\u00a0(Ighi\u0219u Nou),\u00a0<strong>Hetzeldorf<\/strong>\u00a0(A\u021bel),\u00a0<strong>Kirtsch<\/strong>\u00a0(Curciu),\u00a0<strong>Malmkrog<\/strong>\u00a0(M\u0103l\u00e2ncrav),\u00a0<strong>Meschen<\/strong>\u00a0(Mo\u0219na),\u00a0<strong>Nimesch<\/strong>\u00a0(Nem\u0219a),\u00a0<strong>Pretai<\/strong>\u00a0(Brateiu),\u00a0<strong>Reichesdorf<\/strong>\u00a0(Richi\u0219) und\u00a0<strong>Schmiegen<\/strong>\u00a0(\u0218mig) sowie die bedeutendsten Beispiele sakraler und profaner Architektur in den St\u00e4dten\u00a0<strong>Mediasch<\/strong>\u00a0(Media\u0219) und\u00a0<strong>Sch\u00e4\u00dfburg<\/strong>\u00a0(Sighi\u0219oara).<\/p>\n<p>Neben Architektur und Skulptur werden auch die mittelalterlichen Wandbilder vorgestellt, die \u2013 oftmals \u2013 diese Bauten schm\u00fccken, sowie die Gegenst\u00e4nde mit k\u00fcnstlerischer oder historischer Bedeutung (Fl\u00fcgelalt\u00e4re, M\u00f6belst\u00fccke, liturgische Objekte usw.), die in ihrem Inneren bewahrt werden.<\/p>\n<p>Der Verein Art Conservation Support verwendet den Erl\u00f6s aus dem Verkauf dieses Reisef\u00fchrers f\u00fcr die Durchf\u00fchrung von Publikations- und Konservierungsprojekten sowie von Projekten zur Wiedergewinnung des Kulturerbes Rum\u00e4niens.<\/p>\n","protected":false},"excerpt":{"rendered":"<p>Monumente Medievale de pe Valea T\u00e2rnavelor &#8211;\u00a0 Limba german\u0103. Drago\u0219 Gh. N\u0103st\u0103soiu, istoric de art\u0103, autor Kiss L\u00f3r\u00e1nd, restaurator, autor Mih\u00e1ly Ferenc, restaurator, autor Frank-Thomas Ziegler, istoric de art\u0103, traduc\u0103tor Entdecke das Tal der Gro\u00dfen Kokel und seine mittelalterlichen Denkm\u00e4ler in Begleitung dieses Reisef\u00fchrers, der sowohl deine Schritte zu den Gesamtensembles leiten als auch deine [&hellip;]<\/p>\n","protected":false},"featured_media":4612,"comment_status":"open","ping_status":"closed","template":"","meta":[],"pwb-brand":[151],"product_brand":[],"product_cat":[88,82,63],"product_tag":[],"class_list":{"0":"post-4611","1":"product","2":"type-product","3":"status-publish","4":"has-post-thumbnail","6":"pwb-brand-patrimonescu","7":"product_cat-categorie-carte","8":"product_cat-suveniruri-biserica-neagra","9":"product_cat-suveniruri-transilvania","11":"first","12":"instock","13":"taxable","14":"shipping-taxable","15":"purchasable","16":"product-type-simple"},"yoast_head":"<!-- This site is optimized with the Yoast SEO plugin v26.9 - https:\/\/yoast.com\/product\/yoast-seo-wordpress\/ -->\n<title>ACS Mittelalterliche Denkmaler im Tal der Grossen Kokel - Inspiratio<\/title>\n<meta name=\"robots\" content=\"index, follow, max-snippet:-1, max-image-preview:large, max-video-preview:-1\" \/>\n<link rel=\"canonical\" href=\"https:\/\/inspiratio.ro\/produs\/acs-mittelalterliche-denkmaler-im-tal-der-grossen-kokel\/\" \/>\n<meta property=\"og:locale\" content=\"en_US\" \/>\n<meta property=\"og:type\" content=\"article\" \/>\n<meta property=\"og:title\" content=\"ACS Mittelalterliche Denkmaler im Tal der Grossen Kokel - Inspiratio\" \/>\n<meta property=\"og:description\" content=\"Monumente Medievale de pe Valea T\u00e2rnavelor &#8211;\u00a0 Limba german\u0103. Drago\u0219 Gh. N\u0103st\u0103soiu, istoric de art\u0103, autor Kiss L\u00f3r\u00e1nd, restaurator, autor Mih\u00e1ly Ferenc, restaurator, autor Frank-Thomas Ziegler, istoric de art\u0103, traduc\u0103tor Entdecke das Tal der Gro\u00dfen Kokel und seine mittelalterlichen Denkm\u00e4ler in Begleitung dieses Reisef\u00fchrers, der sowohl deine Schritte zu den Gesamtensembles leiten als auch deine [&hellip;]\" \/>\n<meta property=\"og:url\" content=\"https:\/\/inspiratio.ro\/produs\/acs-mittelalterliche-denkmaler-im-tal-der-grossen-kokel\/\" \/>\n<meta property=\"og:site_name\" content=\"Inspiratio\" \/>\n<meta property=\"article:publisher\" content=\"https:\/\/www.facebook.com\/inspiratiogiftstudio\/\" \/>\n<meta property=\"article:modified_time\" content=\"2024-05-29T09:17:55+00:00\" \/>\n<meta property=\"og:image\" content=\"https:\/\/inspiratio.ro\/wp-content\/uploads\/2022\/10\/Tarnavegermana_Patrimonescu14_720x.webp\" \/>\n\t<meta property=\"og:image:width\" content=\"720\" \/>\n\t<meta property=\"og:image:height\" content=\"720\" \/>\n\t<meta property=\"og:image:type\" content=\"image\/webp\" \/>\n<meta name=\"twitter:card\" content=\"summary_large_image\" \/>\n<meta name=\"twitter:label1\" content=\"Est. reading time\" \/>\n\t<meta name=\"twitter:data1\" content=\"2 minutes\" \/>\n<script type=\"application\/ld+json\" class=\"yoast-schema-graph\">{\"@context\":\"https:\/\/schema.org\",\"@graph\":[{\"@type\":\"WebPage\",\"@id\":\"https:\/\/inspiratio.ro\/produs\/acs-mittelalterliche-denkmaler-im-tal-der-grossen-kokel\/\",\"url\":\"https:\/\/inspiratio.ro\/produs\/acs-mittelalterliche-denkmaler-im-tal-der-grossen-kokel\/\",\"name\":\"ACS Mittelalterliche Denkmaler im Tal der Grossen Kokel - Inspiratio\",\"isPartOf\":{\"@id\":\"https:\/\/inspiratio.ro\/#website\"},\"primaryImageOfPage\":{\"@id\":\"https:\/\/inspiratio.ro\/produs\/acs-mittelalterliche-denkmaler-im-tal-der-grossen-kokel\/#primaryimage\"},\"image\":{\"@id\":\"https:\/\/inspiratio.ro\/produs\/acs-mittelalterliche-denkmaler-im-tal-der-grossen-kokel\/#primaryimage\"},\"thumbnailUrl\":\"https:\/\/inspiratio.ro\/wp-content\/uploads\/2022\/10\/Tarnavegermana_Patrimonescu14_720x.webp\",\"datePublished\":\"2022-10-21T16:57:28+00:00\",\"dateModified\":\"2024-05-29T09:17:55+00:00\",\"breadcrumb\":{\"@id\":\"https:\/\/inspiratio.ro\/produs\/acs-mittelalterliche-denkmaler-im-tal-der-grossen-kokel\/#breadcrumb\"},\"inLanguage\":\"en-US\",\"potentialAction\":[{\"@type\":\"ReadAction\",\"target\":[\"https:\/\/inspiratio.ro\/produs\/acs-mittelalterliche-denkmaler-im-tal-der-grossen-kokel\/\"]}]},{\"@type\":\"ImageObject\",\"inLanguage\":\"en-US\",\"@id\":\"https:\/\/inspiratio.ro\/produs\/acs-mittelalterliche-denkmaler-im-tal-der-grossen-kokel\/#primaryimage\",\"url\":\"https:\/\/inspiratio.ro\/wp-content\/uploads\/2022\/10\/Tarnavegermana_Patrimonescu14_720x.webp\",\"contentUrl\":\"https:\/\/inspiratio.ro\/wp-content\/uploads\/2022\/10\/Tarnavegermana_Patrimonescu14_720x.webp\",\"width\":720,\"height\":720},{\"@type\":\"BreadcrumbList\",\"@id\":\"https:\/\/inspiratio.ro\/produs\/acs-mittelalterliche-denkmaler-im-tal-der-grossen-kokel\/#breadcrumb\",\"itemListElement\":[{\"@type\":\"ListItem\",\"position\":1,\"name\":\"Shop\",\"item\":\"https:\/\/inspiratio.ro\/magazin-cadouri\/\"},{\"@type\":\"ListItem\",\"position\":2,\"name\":\"ACS Mittelalterliche Denkmaler im Tal der Grossen Kokel\"}]},{\"@type\":\"WebSite\",\"@id\":\"https:\/\/inspiratio.ro\/#website\",\"url\":\"https:\/\/inspiratio.ro\/\",\"name\":\"Inspiratio\",\"description\":\"Las\u0103-te purtat de inspira\u021bie\",\"publisher\":{\"@id\":\"https:\/\/inspiratio.ro\/#organization\"},\"potentialAction\":[{\"@type\":\"SearchAction\",\"target\":{\"@type\":\"EntryPoint\",\"urlTemplate\":\"https:\/\/inspiratio.ro\/?s={search_term_string}\"},\"query-input\":{\"@type\":\"PropertyValueSpecification\",\"valueRequired\":true,\"valueName\":\"search_term_string\"}}],\"inLanguage\":\"en-US\"},{\"@type\":\"Organization\",\"@id\":\"https:\/\/inspiratio.ro\/#organization\",\"name\":\"Inspiratio\",\"url\":\"https:\/\/inspiratio.ro\/\",\"logo\":{\"@type\":\"ImageObject\",\"inLanguage\":\"en-US\",\"@id\":\"https:\/\/inspiratio.ro\/#\/schema\/logo\/image\/\",\"url\":\"https:\/\/inspiratio.ro\/wp-content\/uploads\/2020\/06\/logo-inspiratio.png\",\"contentUrl\":\"https:\/\/inspiratio.ro\/wp-content\/uploads\/2020\/06\/logo-inspiratio.png\",\"width\":232,\"height\":209,\"caption\":\"Inspiratio\"},\"image\":{\"@id\":\"https:\/\/inspiratio.ro\/#\/schema\/logo\/image\/\"},\"sameAs\":[\"https:\/\/www.facebook.com\/inspiratiogiftstudio\/\",\"https:\/\/www.instagram.com\/inspiratio_giftstudio\/\"]}]}<\/script>\n<!-- \/ Yoast SEO plugin. -->","yoast_head_json":{"title":"ACS Mittelalterliche Denkmaler im Tal der Grossen Kokel - Inspiratio","robots":{"index":"index","follow":"follow","max-snippet":"max-snippet:-1","max-image-preview":"max-image-preview:large","max-video-preview":"max-video-preview:-1"},"canonical":"https:\/\/inspiratio.ro\/produs\/acs-mittelalterliche-denkmaler-im-tal-der-grossen-kokel\/","og_locale":"en_US","og_type":"article","og_title":"ACS Mittelalterliche Denkmaler im Tal der Grossen Kokel - Inspiratio","og_description":"Monumente Medievale de pe Valea T\u00e2rnavelor &#8211;\u00a0 Limba german\u0103. Drago\u0219 Gh. N\u0103st\u0103soiu, istoric de art\u0103, autor Kiss L\u00f3r\u00e1nd, restaurator, autor Mih\u00e1ly Ferenc, restaurator, autor Frank-Thomas Ziegler, istoric de art\u0103, traduc\u0103tor Entdecke das Tal der Gro\u00dfen Kokel und seine mittelalterlichen Denkm\u00e4ler in Begleitung dieses Reisef\u00fchrers, der sowohl deine Schritte zu den Gesamtensembles leiten als auch deine [&hellip;]","og_url":"https:\/\/inspiratio.ro\/produs\/acs-mittelalterliche-denkmaler-im-tal-der-grossen-kokel\/","og_site_name":"Inspiratio","article_publisher":"https:\/\/www.facebook.com\/inspiratiogiftstudio\/","article_modified_time":"2024-05-29T09:17:55+00:00","og_image":[{"width":720,"height":720,"url":"https:\/\/inspiratio.ro\/wp-content\/uploads\/2022\/10\/Tarnavegermana_Patrimonescu14_720x.webp","type":"image\/webp"}],"twitter_card":"summary_large_image","twitter_misc":{"Est. reading time":"2 minutes"},"schema":{"@context":"https:\/\/schema.org","@graph":[{"@type":"WebPage","@id":"https:\/\/inspiratio.ro\/produs\/acs-mittelalterliche-denkmaler-im-tal-der-grossen-kokel\/","url":"https:\/\/inspiratio.ro\/produs\/acs-mittelalterliche-denkmaler-im-tal-der-grossen-kokel\/","name":"ACS Mittelalterliche Denkmaler im Tal der Grossen Kokel - Inspiratio","isPartOf":{"@id":"https:\/\/inspiratio.ro\/#website"},"primaryImageOfPage":{"@id":"https:\/\/inspiratio.ro\/produs\/acs-mittelalterliche-denkmaler-im-tal-der-grossen-kokel\/#primaryimage"},"image":{"@id":"https:\/\/inspiratio.ro\/produs\/acs-mittelalterliche-denkmaler-im-tal-der-grossen-kokel\/#primaryimage"},"thumbnailUrl":"https:\/\/inspiratio.ro\/wp-content\/uploads\/2022\/10\/Tarnavegermana_Patrimonescu14_720x.webp","datePublished":"2022-10-21T16:57:28+00:00","dateModified":"2024-05-29T09:17:55+00:00","breadcrumb":{"@id":"https:\/\/inspiratio.ro\/produs\/acs-mittelalterliche-denkmaler-im-tal-der-grossen-kokel\/#breadcrumb"},"inLanguage":"en-US","potentialAction":[{"@type":"ReadAction","target":["https:\/\/inspiratio.ro\/produs\/acs-mittelalterliche-denkmaler-im-tal-der-grossen-kokel\/"]}]},{"@type":"ImageObject","inLanguage":"en-US","@id":"https:\/\/inspiratio.ro\/produs\/acs-mittelalterliche-denkmaler-im-tal-der-grossen-kokel\/#primaryimage","url":"https:\/\/inspiratio.ro\/wp-content\/uploads\/2022\/10\/Tarnavegermana_Patrimonescu14_720x.webp","contentUrl":"https:\/\/inspiratio.ro\/wp-content\/uploads\/2022\/10\/Tarnavegermana_Patrimonescu14_720x.webp","width":720,"height":720},{"@type":"BreadcrumbList","@id":"https:\/\/inspiratio.ro\/produs\/acs-mittelalterliche-denkmaler-im-tal-der-grossen-kokel\/#breadcrumb","itemListElement":[{"@type":"ListItem","position":1,"name":"Shop","item":"https:\/\/inspiratio.ro\/magazin-cadouri\/"},{"@type":"ListItem","position":2,"name":"ACS Mittelalterliche Denkmaler im Tal der Grossen Kokel"}]},{"@type":"WebSite","@id":"https:\/\/inspiratio.ro\/#website","url":"https:\/\/inspiratio.ro\/","name":"Inspiratio","description":"Las\u0103-te purtat de inspira\u021bie","publisher":{"@id":"https:\/\/inspiratio.ro\/#organization"},"potentialAction":[{"@type":"SearchAction","target":{"@type":"EntryPoint","urlTemplate":"https:\/\/inspiratio.ro\/?s={search_term_string}"},"query-input":{"@type":"PropertyValueSpecification","valueRequired":true,"valueName":"search_term_string"}}],"inLanguage":"en-US"},{"@type":"Organization","@id":"https:\/\/inspiratio.ro\/#organization","name":"Inspiratio","url":"https:\/\/inspiratio.ro\/","logo":{"@type":"ImageObject","inLanguage":"en-US","@id":"https:\/\/inspiratio.ro\/#\/schema\/logo\/image\/","url":"https:\/\/inspiratio.ro\/wp-content\/uploads\/2020\/06\/logo-inspiratio.png","contentUrl":"https:\/\/inspiratio.ro\/wp-content\/uploads\/2020\/06\/logo-inspiratio.png","width":232,"height":209,"caption":"Inspiratio"},"image":{"@id":"https:\/\/inspiratio.ro\/#\/schema\/logo\/image\/"},"sameAs":["https:\/\/www.facebook.com\/inspiratiogiftstudio\/","https:\/\/www.instagram.com\/inspiratio_giftstudio\/"]}]}},"brands":[{"id":151,"name":"Patrimonescu","slug":"patrimonescu"}],"_links":{"self":[{"href":"https:\/\/inspiratio.ro\/en\/wp-json\/wp\/v2\/product\/4611","targetHints":{"allow":["GET"]}}],"collection":[{"href":"https:\/\/inspiratio.ro\/en\/wp-json\/wp\/v2\/product"}],"about":[{"href":"https:\/\/inspiratio.ro\/en\/wp-json\/wp\/v2\/types\/product"}],"replies":[{"embeddable":true,"href":"https:\/\/inspiratio.ro\/en\/wp-json\/wp\/v2\/comments?post=4611"}],"wp:featuredmedia":[{"embeddable":true,"href":"https:\/\/inspiratio.ro\/en\/wp-json\/wp\/v2\/media\/4612"}],"wp:attachment":[{"href":"https:\/\/inspiratio.ro\/en\/wp-json\/wp\/v2\/media?parent=4611"}],"wp:term":[{"taxonomy":"pwb-brand","embeddable":true,"href":"https:\/\/inspiratio.ro\/en\/wp-json\/wp\/v2\/pwb-brand?post=4611"},{"taxonomy":"product_brand","embeddable":true,"href":"https:\/\/inspiratio.ro\/en\/wp-json\/wp\/v2\/product_brand?post=4611"},{"taxonomy":"product_cat","embeddable":true,"href":"https:\/\/inspiratio.ro\/en\/wp-json\/wp\/v2\/product_cat?post=4611"},{"taxonomy":"product_tag","embeddable":true,"href":"https:\/\/inspiratio.ro\/en\/wp-json\/wp\/v2\/product_tag?post=4611"}],"curies":[{"name":"wp","href":"https:\/\/api.w.org\/{rel}","templated":true}]}}