{"id":4609,"date":"2022-10-21T19:40:48","date_gmt":"2022-10-21T16:40:48","guid":{"rendered":"https:\/\/inspiratio.ro\/?post_type=product&#038;p=4609"},"modified":"2024-05-29T12:18:32","modified_gmt":"2024-05-29T09:18:32","slug":"acs-monumente-medievale-de-pe-valea-tarnavelor","status":"publish","type":"product","link":"https:\/\/inspiratio.ro\/en\/produs\/acs-monumente-medievale-de-pe-valea-tarnavelor\/","title":{"rendered":"Monumente Medievale de pe valea T\u00e2rnavelor"},"content":{"rendered":"<p>Descoper\u0103 Valea T\u00e2rnavelor \u0219i monumentele sale medievale cu o carte-c\u0103l\u0103uz\u0103 care \u00ee\u021bi va ghida pa\u0219ii, ochii \u0219i g\u00e2ndurile spre ansambluri \u0219i detalii! Adun\u0103 \u00een suflet frumuse\u021bea unor monumente ce aduc faim\u0103 \u021b\u0103rii!<\/p>\n<p>Prin Colec\u021bia \u201eVetre de lumin\u0103\u201d continu\u0103m c\u0103l\u0103toria \u00eenceput\u0103 \u00een Bucovina \u0219i Oltenia!<\/p>\n<p>Autori:\u00a0<strong>Drago\u0219 Gh. N\u0103st\u0103soiu, Ferenc Mih\u00e1ly, L\u00f3r\u00e1nd Kiss<\/strong><\/p>\n<h6>Detalii:<\/h6>\n<p><strong>Monumente Medievale de pe Valea T\u00e2rnavelor<\/strong>, autori Drago\u0219 Gh. N\u0103st\u0103soiu, Ferenc Mih\u00e1ly, L\u00f3r\u00e1nd Kiss, Editura ACS<\/p>\n<ul>\n<li>un text bine documentat de autori speciali\u0219ti \u00een istoria artei medievale \u0219i restaurare;<\/li>\n<li>peste 700 imagini inedite \u2013 aeriene, ansambluri din interior \u0219i din exterior, detalii ale picturii murale realizate de la nivelul schelei, \u00een timpul restaur\u0103rii;<\/li>\n<li>harta monumentelor \u0219i propuneri de trasee<\/li>\n<li>planuri de monumente \u0219i ansambluri<\/li>\n<\/ul>\n<p>15 dintre cele mai reprezentative repere culturale medievale ale zonei sunt prezentate: biserica reformat\u0103 (calvin\u0103) din satul\u00a0<strong>Alma<\/strong>, bisericile evanghelice (lutherane) din satele\u00a0<strong>A\u0163el<\/strong>,\u00a0<strong>B\u0103gaciu<\/strong>,\u00a0<strong>Biertan<\/strong>,\u00a0<strong>Brateiu<\/strong>,\u00a0<strong>Curciu<\/strong>,\u00a0<strong>D\u00e2rlos<\/strong>,\u00a0<strong>Ighi\u015fu Nou<\/strong>,\u00a0<strong>M\u0103l\u00e2ncrav<\/strong>,\u00a0<strong>Mo\u015fna<\/strong>,\u00a0<strong>Nem\u015fa<\/strong>,\u00a0<strong>Richi\u015f<\/strong>\u00a0\u015fi\u00a0<strong>\u015emig<\/strong>, precum \u015fi principalele exemple de arhitectur\u0103 religioas\u0103 \u015fi civil\u0103 din ora\u015fele\u00a0<strong>Media\u015f<\/strong>\u00a0\u015fi\u00a0<strong>Sighi\u015foara<\/strong>.<\/p>\n<p>Al\u0103turi de arhitectur\u0103 \u015fi sculptur\u0103 sunt prezentate \u015fi picturile murale medievale care \u2013 de multe ori \u2013 \u00eenfrumuse\u0163eaz\u0103 aceste cl\u0103diri, precum \u015fi obiectele cu valoare artistic\u0103 \u015fi istoric\u0103 (altare poliptice, piese de mobilier, inventar liturgic etc.) ad\u0103postite \u00een\u0103untru.<\/p>\n<p>&nbsp;<\/p>\n<p>&nbsp;<\/p>\n<p>edi\u021bie \u00eengrijit\u0103: <strong>Anca Din\u0103<\/strong><\/p>\n<p>Colec\u021bia\u00a0<strong>Vetre de lumina<\/strong><\/p>\n<p>format: 235 x 140 mm<\/p>\n<p>nr pagini: 416, cusut\u0103 cu a\u021ba<\/p>\n<p>integral color<\/p>\n<p>coperta cu clape<\/p>\n<p>&nbsp;<\/p>\n<p>Cuprins:<\/p>\n<ul>\n<li>Itinerarii<\/li>\n<li>Repere istorice<\/li>\n<li>Ora\u015ful Media\u0219<\/li>\n<li>Media\u0219, Biserica evanghelic\u0103 Sf. Margareta<\/li>\n<li>D\u00e2rlos<\/li>\n<li>Alma<\/li>\n<li>\u0218mig<\/li>\n<li>Curciu<\/li>\n<li>B\u0103gaciu<\/li>\n<li>A\u021bel<\/li>\n<li>Brateiu<\/li>\n<li>Sighi\u0219oara<\/li>\n<li>Sighi\u0219oara, Biserica din Deal<\/li>\n<li>Biertan<\/li>\n<li>M\u0103l\u00e2ncrav<\/li>\n<li>Ighi\u0219u Nou<\/li>\n<li>Nem\u0219a<\/li>\n<li>Mo\u0219na<\/li>\n<li>Richi\u0219<\/li>\n<li>Conservare-restaurare pictur\u0103 mural\u0103<\/li>\n<li>Conservarea componentelor artistice din lemn\u00a0\u0219i pictur\u0103 pe lemn<\/li>\n<li>Bibliografie selectiv\u0103<\/li>\n<\/ul>\n<div class=\"yj6qo\"><\/div>\n","protected":false},"excerpt":{"rendered":"<p>Descoper\u0103 Valea T\u00e2rnavelor \u0219i monumentele sale medievale cu o carte-c\u0103l\u0103uz\u0103 care \u00ee\u021bi va ghida pa\u0219ii, ochii \u0219i g\u00e2ndurile spre ansambluri \u0219i detalii! Adun\u0103 \u00een suflet frumuse\u021bea unor monumente ce aduc faim\u0103 \u021b\u0103rii! Prin Colec\u021bia \u201eVetre de lumin\u0103\u201d continu\u0103m c\u0103l\u0103toria \u00eenceput\u0103 \u00een Bucovina \u0219i Oltenia! Autori:\u00a0Drago\u0219 Gh. N\u0103st\u0103soiu, Ferenc Mih\u00e1ly, L\u00f3r\u00e1nd Kiss Detalii: Monumente Medievale de [&hellip;]<\/p>\n","protected":false},"featured_media":4610,"comment_status":"open","ping_status":"closed","template":"","meta":[],"pwb-brand":[151],"product_brand":[],"product_cat":[88,82,63],"product_tag":[],"class_list":{"0":"post-4609","1":"product","2":"type-product","3":"status-publish","4":"has-post-thumbnail","6":"pwb-brand-patrimonescu","7":"product_cat-categorie-carte","8":"product_cat-suveniruri-biserica-neagra","9":"product_cat-suveniruri-transilvania","11":"first","12":"instock","13":"taxable","14":"shipping-taxable","15":"purchasable","16":"product-type-simple"},"yoast_head":"<!-- This site is optimized with the Yoast SEO plugin v26.9 - https:\/\/yoast.com\/product\/yoast-seo-wordpress\/ -->\n<title>ACS Monumente Medievale de pe valea T\u00e2rnavelor - Inspiratio<\/title>\n<meta name=\"robots\" content=\"index, follow, max-snippet:-1, max-image-preview:large, max-video-preview:-1\" \/>\n<link rel=\"canonical\" href=\"https:\/\/inspiratio.ro\/produs\/acs-monumente-medievale-de-pe-valea-tarnavelor\/\" \/>\n<meta property=\"og:locale\" content=\"en_US\" \/>\n<meta property=\"og:type\" content=\"article\" \/>\n<meta property=\"og:title\" content=\"ACS Monumente Medievale de pe valea T\u00e2rnavelor - Inspiratio\" \/>\n<meta property=\"og:description\" content=\"Descoper\u0103 Valea T\u00e2rnavelor \u0219i monumentele sale medievale cu o carte-c\u0103l\u0103uz\u0103 care \u00ee\u021bi va ghida pa\u0219ii, ochii \u0219i g\u00e2ndurile spre ansambluri \u0219i detalii! Adun\u0103 \u00een suflet frumuse\u021bea unor monumente ce aduc faim\u0103 \u021b\u0103rii! Prin Colec\u021bia \u201eVetre de lumin\u0103\u201d continu\u0103m c\u0103l\u0103toria \u00eenceput\u0103 \u00een Bucovina \u0219i Oltenia! Autori:\u00a0Drago\u0219 Gh. N\u0103st\u0103soiu, Ferenc Mih\u00e1ly, L\u00f3r\u00e1nd Kiss Detalii: Monumente Medievale de [&hellip;]\" \/>\n<meta property=\"og:url\" content=\"https:\/\/inspiratio.ro\/produs\/acs-monumente-medievale-de-pe-valea-tarnavelor\/\" \/>\n<meta property=\"og:site_name\" content=\"Inspiratio\" \/>\n<meta property=\"article:publisher\" content=\"https:\/\/www.facebook.com\/inspiratiogiftstudio\/\" \/>\n<meta property=\"article:modified_time\" content=\"2024-05-29T09:18:32+00:00\" \/>\n<meta property=\"og:image\" content=\"https:\/\/inspiratio.ro\/wp-content\/uploads\/2022\/10\/tarnave_720x-1.webp\" \/>\n\t<meta property=\"og:image:width\" content=\"720\" \/>\n\t<meta property=\"og:image:height\" content=\"720\" \/>\n\t<meta property=\"og:image:type\" content=\"image\/webp\" \/>\n<meta name=\"twitter:card\" content=\"summary_large_image\" \/>\n<meta name=\"twitter:label1\" content=\"Est. reading time\" \/>\n\t<meta name=\"twitter:data1\" content=\"2 minutes\" \/>\n<script type=\"application\/ld+json\" class=\"yoast-schema-graph\">{\"@context\":\"https:\/\/schema.org\",\"@graph\":[{\"@type\":\"WebPage\",\"@id\":\"https:\/\/inspiratio.ro\/produs\/acs-monumente-medievale-de-pe-valea-tarnavelor\/\",\"url\":\"https:\/\/inspiratio.ro\/produs\/acs-monumente-medievale-de-pe-valea-tarnavelor\/\",\"name\":\"ACS Monumente Medievale de pe valea T\u00e2rnavelor - Inspiratio\",\"isPartOf\":{\"@id\":\"https:\/\/inspiratio.ro\/#website\"},\"primaryImageOfPage\":{\"@id\":\"https:\/\/inspiratio.ro\/produs\/acs-monumente-medievale-de-pe-valea-tarnavelor\/#primaryimage\"},\"image\":{\"@id\":\"https:\/\/inspiratio.ro\/produs\/acs-monumente-medievale-de-pe-valea-tarnavelor\/#primaryimage\"},\"thumbnailUrl\":\"https:\/\/inspiratio.ro\/wp-content\/uploads\/2022\/10\/tarnave_720x-1.webp\",\"datePublished\":\"2022-10-21T16:40:48+00:00\",\"dateModified\":\"2024-05-29T09:18:32+00:00\",\"breadcrumb\":{\"@id\":\"https:\/\/inspiratio.ro\/produs\/acs-monumente-medievale-de-pe-valea-tarnavelor\/#breadcrumb\"},\"inLanguage\":\"en-US\",\"potentialAction\":[{\"@type\":\"ReadAction\",\"target\":[\"https:\/\/inspiratio.ro\/produs\/acs-monumente-medievale-de-pe-valea-tarnavelor\/\"]}]},{\"@type\":\"ImageObject\",\"inLanguage\":\"en-US\",\"@id\":\"https:\/\/inspiratio.ro\/produs\/acs-monumente-medievale-de-pe-valea-tarnavelor\/#primaryimage\",\"url\":\"https:\/\/inspiratio.ro\/wp-content\/uploads\/2022\/10\/tarnave_720x-1.webp\",\"contentUrl\":\"https:\/\/inspiratio.ro\/wp-content\/uploads\/2022\/10\/tarnave_720x-1.webp\",\"width\":720,\"height\":720},{\"@type\":\"BreadcrumbList\",\"@id\":\"https:\/\/inspiratio.ro\/produs\/acs-monumente-medievale-de-pe-valea-tarnavelor\/#breadcrumb\",\"itemListElement\":[{\"@type\":\"ListItem\",\"position\":1,\"name\":\"Shop\",\"item\":\"https:\/\/inspiratio.ro\/magazin-cadouri\/\"},{\"@type\":\"ListItem\",\"position\":2,\"name\":\"ACS Monumente Medievale de pe valea T\u00e2rnavelor\"}]},{\"@type\":\"WebSite\",\"@id\":\"https:\/\/inspiratio.ro\/#website\",\"url\":\"https:\/\/inspiratio.ro\/\",\"name\":\"Inspiratio\",\"description\":\"Las\u0103-te purtat de inspira\u021bie\",\"publisher\":{\"@id\":\"https:\/\/inspiratio.ro\/#organization\"},\"potentialAction\":[{\"@type\":\"SearchAction\",\"target\":{\"@type\":\"EntryPoint\",\"urlTemplate\":\"https:\/\/inspiratio.ro\/?s={search_term_string}\"},\"query-input\":{\"@type\":\"PropertyValueSpecification\",\"valueRequired\":true,\"valueName\":\"search_term_string\"}}],\"inLanguage\":\"en-US\"},{\"@type\":\"Organization\",\"@id\":\"https:\/\/inspiratio.ro\/#organization\",\"name\":\"Inspiratio\",\"url\":\"https:\/\/inspiratio.ro\/\",\"logo\":{\"@type\":\"ImageObject\",\"inLanguage\":\"en-US\",\"@id\":\"https:\/\/inspiratio.ro\/#\/schema\/logo\/image\/\",\"url\":\"https:\/\/inspiratio.ro\/wp-content\/uploads\/2020\/06\/logo-inspiratio.png\",\"contentUrl\":\"https:\/\/inspiratio.ro\/wp-content\/uploads\/2020\/06\/logo-inspiratio.png\",\"width\":232,\"height\":209,\"caption\":\"Inspiratio\"},\"image\":{\"@id\":\"https:\/\/inspiratio.ro\/#\/schema\/logo\/image\/\"},\"sameAs\":[\"https:\/\/www.facebook.com\/inspiratiogiftstudio\/\",\"https:\/\/www.instagram.com\/inspiratio_giftstudio\/\"]}]}<\/script>\n<!-- \/ Yoast SEO plugin. -->","yoast_head_json":{"title":"ACS Monumente Medievale de pe valea T\u00e2rnavelor - Inspiratio","robots":{"index":"index","follow":"follow","max-snippet":"max-snippet:-1","max-image-preview":"max-image-preview:large","max-video-preview":"max-video-preview:-1"},"canonical":"https:\/\/inspiratio.ro\/produs\/acs-monumente-medievale-de-pe-valea-tarnavelor\/","og_locale":"en_US","og_type":"article","og_title":"ACS Monumente Medievale de pe valea T\u00e2rnavelor - Inspiratio","og_description":"Descoper\u0103 Valea T\u00e2rnavelor \u0219i monumentele sale medievale cu o carte-c\u0103l\u0103uz\u0103 care \u00ee\u021bi va ghida pa\u0219ii, ochii \u0219i g\u00e2ndurile spre ansambluri \u0219i detalii! Adun\u0103 \u00een suflet frumuse\u021bea unor monumente ce aduc faim\u0103 \u021b\u0103rii! Prin Colec\u021bia \u201eVetre de lumin\u0103\u201d continu\u0103m c\u0103l\u0103toria \u00eenceput\u0103 \u00een Bucovina \u0219i Oltenia! Autori:\u00a0Drago\u0219 Gh. N\u0103st\u0103soiu, Ferenc Mih\u00e1ly, L\u00f3r\u00e1nd Kiss Detalii: Monumente Medievale de [&hellip;]","og_url":"https:\/\/inspiratio.ro\/produs\/acs-monumente-medievale-de-pe-valea-tarnavelor\/","og_site_name":"Inspiratio","article_publisher":"https:\/\/www.facebook.com\/inspiratiogiftstudio\/","article_modified_time":"2024-05-29T09:18:32+00:00","og_image":[{"width":720,"height":720,"url":"https:\/\/inspiratio.ro\/wp-content\/uploads\/2022\/10\/tarnave_720x-1.webp","type":"image\/webp"}],"twitter_card":"summary_large_image","twitter_misc":{"Est. reading time":"2 minutes"},"schema":{"@context":"https:\/\/schema.org","@graph":[{"@type":"WebPage","@id":"https:\/\/inspiratio.ro\/produs\/acs-monumente-medievale-de-pe-valea-tarnavelor\/","url":"https:\/\/inspiratio.ro\/produs\/acs-monumente-medievale-de-pe-valea-tarnavelor\/","name":"ACS Monumente Medievale de pe valea T\u00e2rnavelor - Inspiratio","isPartOf":{"@id":"https:\/\/inspiratio.ro\/#website"},"primaryImageOfPage":{"@id":"https:\/\/inspiratio.ro\/produs\/acs-monumente-medievale-de-pe-valea-tarnavelor\/#primaryimage"},"image":{"@id":"https:\/\/inspiratio.ro\/produs\/acs-monumente-medievale-de-pe-valea-tarnavelor\/#primaryimage"},"thumbnailUrl":"https:\/\/inspiratio.ro\/wp-content\/uploads\/2022\/10\/tarnave_720x-1.webp","datePublished":"2022-10-21T16:40:48+00:00","dateModified":"2024-05-29T09:18:32+00:00","breadcrumb":{"@id":"https:\/\/inspiratio.ro\/produs\/acs-monumente-medievale-de-pe-valea-tarnavelor\/#breadcrumb"},"inLanguage":"en-US","potentialAction":[{"@type":"ReadAction","target":["https:\/\/inspiratio.ro\/produs\/acs-monumente-medievale-de-pe-valea-tarnavelor\/"]}]},{"@type":"ImageObject","inLanguage":"en-US","@id":"https:\/\/inspiratio.ro\/produs\/acs-monumente-medievale-de-pe-valea-tarnavelor\/#primaryimage","url":"https:\/\/inspiratio.ro\/wp-content\/uploads\/2022\/10\/tarnave_720x-1.webp","contentUrl":"https:\/\/inspiratio.ro\/wp-content\/uploads\/2022\/10\/tarnave_720x-1.webp","width":720,"height":720},{"@type":"BreadcrumbList","@id":"https:\/\/inspiratio.ro\/produs\/acs-monumente-medievale-de-pe-valea-tarnavelor\/#breadcrumb","itemListElement":[{"@type":"ListItem","position":1,"name":"Shop","item":"https:\/\/inspiratio.ro\/magazin-cadouri\/"},{"@type":"ListItem","position":2,"name":"ACS Monumente Medievale de pe valea T\u00e2rnavelor"}]},{"@type":"WebSite","@id":"https:\/\/inspiratio.ro\/#website","url":"https:\/\/inspiratio.ro\/","name":"Inspiratio","description":"Las\u0103-te purtat de inspira\u021bie","publisher":{"@id":"https:\/\/inspiratio.ro\/#organization"},"potentialAction":[{"@type":"SearchAction","target":{"@type":"EntryPoint","urlTemplate":"https:\/\/inspiratio.ro\/?s={search_term_string}"},"query-input":{"@type":"PropertyValueSpecification","valueRequired":true,"valueName":"search_term_string"}}],"inLanguage":"en-US"},{"@type":"Organization","@id":"https:\/\/inspiratio.ro\/#organization","name":"Inspiratio","url":"https:\/\/inspiratio.ro\/","logo":{"@type":"ImageObject","inLanguage":"en-US","@id":"https:\/\/inspiratio.ro\/#\/schema\/logo\/image\/","url":"https:\/\/inspiratio.ro\/wp-content\/uploads\/2020\/06\/logo-inspiratio.png","contentUrl":"https:\/\/inspiratio.ro\/wp-content\/uploads\/2020\/06\/logo-inspiratio.png","width":232,"height":209,"caption":"Inspiratio"},"image":{"@id":"https:\/\/inspiratio.ro\/#\/schema\/logo\/image\/"},"sameAs":["https:\/\/www.facebook.com\/inspiratiogiftstudio\/","https:\/\/www.instagram.com\/inspiratio_giftstudio\/"]}]}},"brands":[{"id":151,"name":"Patrimonescu","slug":"patrimonescu"}],"_links":{"self":[{"href":"https:\/\/inspiratio.ro\/en\/wp-json\/wp\/v2\/product\/4609","targetHints":{"allow":["GET"]}}],"collection":[{"href":"https:\/\/inspiratio.ro\/en\/wp-json\/wp\/v2\/product"}],"about":[{"href":"https:\/\/inspiratio.ro\/en\/wp-json\/wp\/v2\/types\/product"}],"replies":[{"embeddable":true,"href":"https:\/\/inspiratio.ro\/en\/wp-json\/wp\/v2\/comments?post=4609"}],"wp:featuredmedia":[{"embeddable":true,"href":"https:\/\/inspiratio.ro\/en\/wp-json\/wp\/v2\/media\/4610"}],"wp:attachment":[{"href":"https:\/\/inspiratio.ro\/en\/wp-json\/wp\/v2\/media?parent=4609"}],"wp:term":[{"taxonomy":"pwb-brand","embeddable":true,"href":"https:\/\/inspiratio.ro\/en\/wp-json\/wp\/v2\/pwb-brand?post=4609"},{"taxonomy":"product_brand","embeddable":true,"href":"https:\/\/inspiratio.ro\/en\/wp-json\/wp\/v2\/product_brand?post=4609"},{"taxonomy":"product_cat","embeddable":true,"href":"https:\/\/inspiratio.ro\/en\/wp-json\/wp\/v2\/product_cat?post=4609"},{"taxonomy":"product_tag","embeddable":true,"href":"https:\/\/inspiratio.ro\/en\/wp-json\/wp\/v2\/product_tag?post=4609"}],"curies":[{"name":"wp","href":"https:\/\/api.w.org\/{rel}","templated":true}]}}