{"id":4450,"date":"2022-03-30T19:06:15","date_gmt":"2022-03-30T16:06:15","guid":{"rendered":"https:\/\/inspiratio.ro\/?post_type=product&#038;p=4450"},"modified":"2025-09-06T10:57:11","modified_gmt":"2025-09-06T07:57:11","slug":"ach-deo-orange-gel","status":"publish","type":"product","link":"https:\/\/inspiratio.ro\/en\/produs\/ach-deo-orange-gel\/","title":{"rendered":"Deo. Orange Gel"},"content":{"rendered":"<p>Deodorant tip gel cu o arom\u0103 pl\u0103cut\u0103 de portocale, care previne cu eficien\u021b\u0103 apari\u021bia mirosurilor nepl\u0103cute rezultate \u00een urma transpira\u021biei f\u0103r\u0103 a bloca transpira\u021bia natural\u0103 a corpului.<\/p>\n<p><strong>Propriet\u0103\u021bi<\/strong><br \/>\nCombate eficient mirosul nepl\u0103cut, Nu afecteaz\u0103 negativ flora natural\u0103 a pielii, Nu blocheaz\u0103 porii pielii, Nu las\u0103 urme pe haine, Nu opre\u0219te transpira\u021bia natural\u0103, Stimulator<\/p>\n<p><strong>Cantitate<\/strong><br \/>\n50 g<\/p>\n<h2>Deodorant Natural Orange cu Piatr\u0103 Alaun<\/h2>\n<p>Deodorant Natural Orange cu Piatra Alaun. Deodorant natural roll-on tip gel. Deodorantul previne cu eficien\u021b\u0103 apari\u021bia mirosurilor nepl\u0103cute rezultate \u00een urma transpira\u021biei, f\u0103r\u0103 a bloca transpira\u021bia natural\u0103 a corpului \u0219i f\u0103r\u0103 a las\u0103 urme pe haine.<\/p>\n<div dir=\"auto\">Deodorantul este tonifiant \u0219i un stimulator general pentru corp \u0219i spirit.<\/div>\n<div dir=\"auto\"><\/div>\n<div dir=\"auto\">Produsul nu con\u021bine coloran\u021bi chimici sau parfumuri artificiale.\u00a0Ingredientele folosite \u00een acest deodorant nu afecteaz\u0103 negativ flora natural\u0103 a pielii.<\/div>\n<div dir=\"auto\">\n<h3>Principalele ingrediente active pentru Deodorant Natural Orange \u0219i Piatr\u0103 Alaun:<\/h3>\n<p>Deodorantul este realizat cu Piatr\u0103 Alaun, Agent Deodorant Natural, Ulei Esen\u021bial de Portocale.<\/p>\n<h3>Piatr\u0103 Alaun<\/h3>\n<p>Piatr\u0103 Alaun este un un mineral natural recunoscut pentru propriet\u0103\u021bile sale astringente \u0219i antibacteriene. Este un ingredient ecologic, biodegradabil, cu propriet\u0103\u021bi dezodorizante. Neutralizeaz\u0103 mirosurile nepl\u0103cute, limiteaz\u0103 dezvoltarea bacterian\u0103, nu blocheaz\u0103 porii \u0219i nu las\u0103 urme pe haine.<\/p>\n<h3 dir=\"auto\"><span class=\"pq6dq46d tbxw36s4 knj5qynh kvgmc6g5 ditlmg2l oygrvhab nvdbi5me sf5mxxl7 gl3lb2sf hhz5lgdu\">A<\/span>gent Deodorant Natural<\/h3>\n<p><span class=\"pq6dq46d tbxw36s4 knj5qynh kvgmc6g5 ditlmg2l oygrvhab nvdbi5me sf5mxxl7 gl3lb2sf hhz5lgdu\">A<\/span>gent Deodorant Natural este un ingredient care combate mirosurile nepl\u0103cute, inhib\u00e2nd dezvoltarea bacteriilor, este bl\u00e2nd\u0103 cu pielea, nu afecteaz\u0103 flora natural\u0103 a pielii.<\/p>\n<h3 dir=\"auto\"><strong>Ulei Esen\u021bial Portocale<\/strong><\/h3>\n<div dir=\"auto\">Uleiul esen\u021bial de portocale are un parfum dulce, fructat \u0219i exotic, care aduce prospe\u021bime \u0219i bun\u0103 dispozi\u021bie. Este un ulei esen\u021bial reconfortant, relaxant, cu ac\u021biune de calmare \u0219i echilibrare a sistemului nervos \u0219i a spiritului.<\/div>\n<h3>Mod de Utilizare\/Aplicare Deodorant Natural Orange cu Piatr\u0103 Alaun<\/h3>\n<p>Cu doar o cantitate mic\u0103 se combate eficient mirosul corporal \u0219i te poate proteja toat\u0103 ziua. Pe pielea curat\u0103 \u0219i uscat\u0103, se aplic\u0103 cu una sau doua glis\u0103ri u\u0219oare sub axil\u0103 sau \u00een zonele dorite.\u00a0Dac\u0103 este nevoie, agit\u0103 \u00eenainte de aplicare.<\/p>\n<p>Ingredientele folosite \u00een acest deodorant nu afecteaz\u0103 negativ flora natural\u0103 a pielii.<\/p>\n<\/div>\n","protected":false},"excerpt":{"rendered":"<p>Deodorant tip gel cu o arom\u0103 pl\u0103cut\u0103 de portocale, care previne cu eficien\u021b\u0103 apari\u021bia mirosurilor nepl\u0103cute rezultate \u00een urma transpira\u021biei f\u0103r\u0103 a bloca transpira\u021bia natural\u0103 a corpului. Propriet\u0103\u021bi Combate eficient mirosul nepl\u0103cut, Nu afecteaz\u0103 negativ flora natural\u0103 a pielii, Nu blocheaz\u0103 porii pielii, Nu las\u0103 urme pe haine, Nu opre\u0219te transpira\u021bia natural\u0103, Stimulator Cantitate 50 [&hellip;]<\/p>\n","protected":false},"featured_media":4451,"comment_status":"open","ping_status":"closed","template":"","meta":[],"pwb-brand":[142],"product_brand":[],"product_cat":[77],"product_tag":[],"class_list":{"0":"post-4450","1":"product","2":"type-product","3":"status-publish","4":"has-post-thumbnail","6":"pwb-brand-green-bubble","7":"product_cat-cosmetice-naturale","9":"first","10":"instock","11":"taxable","12":"shipping-taxable","13":"purchasable","14":"product-type-simple"},"yoast_head":"<!-- This site is optimized with the Yoast SEO plugin v26.9 - https:\/\/yoast.com\/product\/yoast-seo-wordpress\/ -->\n<title>ACH Deo. Orange Gel - Inspiratio<\/title>\n<meta name=\"description\" content=\"ACH Deo. Orange Gel\" \/>\n<meta name=\"robots\" content=\"index, follow, max-snippet:-1, max-image-preview:large, max-video-preview:-1\" \/>\n<link rel=\"canonical\" href=\"https:\/\/inspiratio.ro\/produs\/ach-deo-orange-gel\/\" \/>\n<meta property=\"og:locale\" content=\"en_US\" \/>\n<meta property=\"og:type\" content=\"article\" \/>\n<meta property=\"og:title\" content=\"ACH Deo. Orange Gel - Inspiratio\" \/>\n<meta property=\"og:description\" content=\"ACH Deo. Orange Gel\" \/>\n<meta property=\"og:url\" content=\"https:\/\/inspiratio.ro\/produs\/ach-deo-orange-gel\/\" \/>\n<meta property=\"og:site_name\" content=\"Inspiratio\" \/>\n<meta property=\"article:publisher\" content=\"https:\/\/www.facebook.com\/inspiratiogiftstudio\/\" \/>\n<meta property=\"article:modified_time\" content=\"2025-09-06T07:57:11+00:00\" \/>\n<meta property=\"og:image\" content=\"https:\/\/inspiratio.ro\/wp-content\/uploads\/2022\/03\/Deodorant-Natural-Orange-cu-Piatra-de-Alaun-Roll-On.webp\" \/>\n\t<meta property=\"og:image:width\" content=\"800\" \/>\n\t<meta property=\"og:image:height\" content=\"600\" \/>\n\t<meta property=\"og:image:type\" content=\"image\/webp\" \/>\n<meta name=\"twitter:card\" content=\"summary_large_image\" \/>\n<meta name=\"twitter:label1\" content=\"Est. reading time\" \/>\n\t<meta name=\"twitter:data1\" content=\"2 minutes\" \/>\n<script type=\"application\/ld+json\" class=\"yoast-schema-graph\">{\"@context\":\"https:\/\/schema.org\",\"@graph\":[{\"@type\":\"WebPage\",\"@id\":\"https:\/\/inspiratio.ro\/produs\/ach-deo-orange-gel\/\",\"url\":\"https:\/\/inspiratio.ro\/produs\/ach-deo-orange-gel\/\",\"name\":\"ACH Deo. Orange Gel - Inspiratio\",\"isPartOf\":{\"@id\":\"https:\/\/inspiratio.ro\/#website\"},\"primaryImageOfPage\":{\"@id\":\"https:\/\/inspiratio.ro\/produs\/ach-deo-orange-gel\/#primaryimage\"},\"image\":{\"@id\":\"https:\/\/inspiratio.ro\/produs\/ach-deo-orange-gel\/#primaryimage\"},\"thumbnailUrl\":\"https:\/\/inspiratio.ro\/wp-content\/uploads\/2022\/03\/Deodorant-Natural-Orange-cu-Piatra-de-Alaun-Roll-On.webp\",\"datePublished\":\"2022-03-30T16:06:15+00:00\",\"dateModified\":\"2025-09-06T07:57:11+00:00\",\"description\":\"ACH Deo. Orange Gel\",\"breadcrumb\":{\"@id\":\"https:\/\/inspiratio.ro\/produs\/ach-deo-orange-gel\/#breadcrumb\"},\"inLanguage\":\"en-US\",\"potentialAction\":[{\"@type\":\"ReadAction\",\"target\":[\"https:\/\/inspiratio.ro\/produs\/ach-deo-orange-gel\/\"]}]},{\"@type\":\"ImageObject\",\"inLanguage\":\"en-US\",\"@id\":\"https:\/\/inspiratio.ro\/produs\/ach-deo-orange-gel\/#primaryimage\",\"url\":\"https:\/\/inspiratio.ro\/wp-content\/uploads\/2022\/03\/Deodorant-Natural-Orange-cu-Piatra-de-Alaun-Roll-On.webp\",\"contentUrl\":\"https:\/\/inspiratio.ro\/wp-content\/uploads\/2022\/03\/Deodorant-Natural-Orange-cu-Piatra-de-Alaun-Roll-On.webp\",\"width\":800,\"height\":600},{\"@type\":\"BreadcrumbList\",\"@id\":\"https:\/\/inspiratio.ro\/produs\/ach-deo-orange-gel\/#breadcrumb\",\"itemListElement\":[{\"@type\":\"ListItem\",\"position\":1,\"name\":\"Shop\",\"item\":\"https:\/\/inspiratio.ro\/magazin-cadouri\/\"},{\"@type\":\"ListItem\",\"position\":2,\"name\":\"ACH Deo. Orange Gel\"}]},{\"@type\":\"WebSite\",\"@id\":\"https:\/\/inspiratio.ro\/#website\",\"url\":\"https:\/\/inspiratio.ro\/\",\"name\":\"Inspiratio\",\"description\":\"Las\u0103-te purtat de inspira\u021bie\",\"publisher\":{\"@id\":\"https:\/\/inspiratio.ro\/#organization\"},\"potentialAction\":[{\"@type\":\"SearchAction\",\"target\":{\"@type\":\"EntryPoint\",\"urlTemplate\":\"https:\/\/inspiratio.ro\/?s={search_term_string}\"},\"query-input\":{\"@type\":\"PropertyValueSpecification\",\"valueRequired\":true,\"valueName\":\"search_term_string\"}}],\"inLanguage\":\"en-US\"},{\"@type\":\"Organization\",\"@id\":\"https:\/\/inspiratio.ro\/#organization\",\"name\":\"Inspiratio\",\"url\":\"https:\/\/inspiratio.ro\/\",\"logo\":{\"@type\":\"ImageObject\",\"inLanguage\":\"en-US\",\"@id\":\"https:\/\/inspiratio.ro\/#\/schema\/logo\/image\/\",\"url\":\"https:\/\/inspiratio.ro\/wp-content\/uploads\/2020\/06\/logo-inspiratio.png\",\"contentUrl\":\"https:\/\/inspiratio.ro\/wp-content\/uploads\/2020\/06\/logo-inspiratio.png\",\"width\":232,\"height\":209,\"caption\":\"Inspiratio\"},\"image\":{\"@id\":\"https:\/\/inspiratio.ro\/#\/schema\/logo\/image\/\"},\"sameAs\":[\"https:\/\/www.facebook.com\/inspiratiogiftstudio\/\",\"https:\/\/www.instagram.com\/inspiratio_giftstudio\/\"]}]}<\/script>\n<!-- \/ Yoast SEO plugin. -->","yoast_head_json":{"title":"ACH Deo. Orange Gel - Inspiratio","description":"ACH Deo. Orange Gel","robots":{"index":"index","follow":"follow","max-snippet":"max-snippet:-1","max-image-preview":"max-image-preview:large","max-video-preview":"max-video-preview:-1"},"canonical":"https:\/\/inspiratio.ro\/produs\/ach-deo-orange-gel\/","og_locale":"en_US","og_type":"article","og_title":"ACH Deo. Orange Gel - Inspiratio","og_description":"ACH Deo. Orange Gel","og_url":"https:\/\/inspiratio.ro\/produs\/ach-deo-orange-gel\/","og_site_name":"Inspiratio","article_publisher":"https:\/\/www.facebook.com\/inspiratiogiftstudio\/","article_modified_time":"2025-09-06T07:57:11+00:00","og_image":[{"width":800,"height":600,"url":"https:\/\/inspiratio.ro\/wp-content\/uploads\/2022\/03\/Deodorant-Natural-Orange-cu-Piatra-de-Alaun-Roll-On.webp","type":"image\/webp"}],"twitter_card":"summary_large_image","twitter_misc":{"Est. reading time":"2 minutes"},"schema":{"@context":"https:\/\/schema.org","@graph":[{"@type":"WebPage","@id":"https:\/\/inspiratio.ro\/produs\/ach-deo-orange-gel\/","url":"https:\/\/inspiratio.ro\/produs\/ach-deo-orange-gel\/","name":"ACH Deo. Orange Gel - Inspiratio","isPartOf":{"@id":"https:\/\/inspiratio.ro\/#website"},"primaryImageOfPage":{"@id":"https:\/\/inspiratio.ro\/produs\/ach-deo-orange-gel\/#primaryimage"},"image":{"@id":"https:\/\/inspiratio.ro\/produs\/ach-deo-orange-gel\/#primaryimage"},"thumbnailUrl":"https:\/\/inspiratio.ro\/wp-content\/uploads\/2022\/03\/Deodorant-Natural-Orange-cu-Piatra-de-Alaun-Roll-On.webp","datePublished":"2022-03-30T16:06:15+00:00","dateModified":"2025-09-06T07:57:11+00:00","description":"ACH Deo. Orange Gel","breadcrumb":{"@id":"https:\/\/inspiratio.ro\/produs\/ach-deo-orange-gel\/#breadcrumb"},"inLanguage":"en-US","potentialAction":[{"@type":"ReadAction","target":["https:\/\/inspiratio.ro\/produs\/ach-deo-orange-gel\/"]}]},{"@type":"ImageObject","inLanguage":"en-US","@id":"https:\/\/inspiratio.ro\/produs\/ach-deo-orange-gel\/#primaryimage","url":"https:\/\/inspiratio.ro\/wp-content\/uploads\/2022\/03\/Deodorant-Natural-Orange-cu-Piatra-de-Alaun-Roll-On.webp","contentUrl":"https:\/\/inspiratio.ro\/wp-content\/uploads\/2022\/03\/Deodorant-Natural-Orange-cu-Piatra-de-Alaun-Roll-On.webp","width":800,"height":600},{"@type":"BreadcrumbList","@id":"https:\/\/inspiratio.ro\/produs\/ach-deo-orange-gel\/#breadcrumb","itemListElement":[{"@type":"ListItem","position":1,"name":"Shop","item":"https:\/\/inspiratio.ro\/magazin-cadouri\/"},{"@type":"ListItem","position":2,"name":"ACH Deo. Orange Gel"}]},{"@type":"WebSite","@id":"https:\/\/inspiratio.ro\/#website","url":"https:\/\/inspiratio.ro\/","name":"Inspiratio","description":"Las\u0103-te purtat de inspira\u021bie","publisher":{"@id":"https:\/\/inspiratio.ro\/#organization"},"potentialAction":[{"@type":"SearchAction","target":{"@type":"EntryPoint","urlTemplate":"https:\/\/inspiratio.ro\/?s={search_term_string}"},"query-input":{"@type":"PropertyValueSpecification","valueRequired":true,"valueName":"search_term_string"}}],"inLanguage":"en-US"},{"@type":"Organization","@id":"https:\/\/inspiratio.ro\/#organization","name":"Inspiratio","url":"https:\/\/inspiratio.ro\/","logo":{"@type":"ImageObject","inLanguage":"en-US","@id":"https:\/\/inspiratio.ro\/#\/schema\/logo\/image\/","url":"https:\/\/inspiratio.ro\/wp-content\/uploads\/2020\/06\/logo-inspiratio.png","contentUrl":"https:\/\/inspiratio.ro\/wp-content\/uploads\/2020\/06\/logo-inspiratio.png","width":232,"height":209,"caption":"Inspiratio"},"image":{"@id":"https:\/\/inspiratio.ro\/#\/schema\/logo\/image\/"},"sameAs":["https:\/\/www.facebook.com\/inspiratiogiftstudio\/","https:\/\/www.instagram.com\/inspiratio_giftstudio\/"]}]}},"brands":[{"id":142,"name":"Green Bubble","slug":"green-bubble"}],"_links":{"self":[{"href":"https:\/\/inspiratio.ro\/en\/wp-json\/wp\/v2\/product\/4450","targetHints":{"allow":["GET"]}}],"collection":[{"href":"https:\/\/inspiratio.ro\/en\/wp-json\/wp\/v2\/product"}],"about":[{"href":"https:\/\/inspiratio.ro\/en\/wp-json\/wp\/v2\/types\/product"}],"replies":[{"embeddable":true,"href":"https:\/\/inspiratio.ro\/en\/wp-json\/wp\/v2\/comments?post=4450"}],"wp:featuredmedia":[{"embeddable":true,"href":"https:\/\/inspiratio.ro\/en\/wp-json\/wp\/v2\/media\/4451"}],"wp:attachment":[{"href":"https:\/\/inspiratio.ro\/en\/wp-json\/wp\/v2\/media?parent=4450"}],"wp:term":[{"taxonomy":"pwb-brand","embeddable":true,"href":"https:\/\/inspiratio.ro\/en\/wp-json\/wp\/v2\/pwb-brand?post=4450"},{"taxonomy":"product_brand","embeddable":true,"href":"https:\/\/inspiratio.ro\/en\/wp-json\/wp\/v2\/product_brand?post=4450"},{"taxonomy":"product_cat","embeddable":true,"href":"https:\/\/inspiratio.ro\/en\/wp-json\/wp\/v2\/product_cat?post=4450"},{"taxonomy":"product_tag","embeddable":true,"href":"https:\/\/inspiratio.ro\/en\/wp-json\/wp\/v2\/product_tag?post=4450"}],"curies":[{"name":"wp","href":"https:\/\/api.w.org\/{rel}","templated":true}]}}