{"id":4448,"date":"2022-03-30T18:59:43","date_gmt":"2022-03-30T15:59:43","guid":{"rendered":"https:\/\/inspiratio.ro\/?post_type=product&#038;p=4448"},"modified":"2025-09-06T10:57:35","modified_gmt":"2025-09-06T07:57:35","slug":"ach-deo-orange-bicarbonat-solid","status":"publish","type":"product","link":"https:\/\/inspiratio.ro\/en\/produs\/ach-deo-orange-bicarbonat-solid\/","title":{"rendered":"Deo Orange Bicarbonat Solid"},"content":{"rendered":"<div class=\"woocommerce-product-details__short-description\">\n<p>Deodorant Natural Orange Bicarbonat este eficient \u00een combatera apari\u021biei mirosurilor nepl\u0103cute. Produsul are un miros natural de portocale \u0219i este activ o zi \u00eentreag\u0103.<\/p>\n<\/div>\n<table class=\"woocommerce-product-attributes shop_attributes\" style=\"height: 251px;\" width=\"633\" aria-label=\"Detalii produs\">\n<tbody>\n<tr class=\"woocommerce-product-attributes-item woocommerce-product-attributes-item--weight\">\n<th class=\"woocommerce-product-attributes-item__label\" scope=\"row\"><span class=\"wd-attr-name\"><span class=\"wd-attr-name-label\">Greutate<\/span><\/span><\/th>\n<td class=\"woocommerce-product-attributes-item__value\">50 g<\/td>\n<\/tr>\n<tr class=\"woocommerce-product-attributes-item woocommerce-product-attributes-item--dimensions\">\n<th class=\"woocommerce-product-attributes-item__label\" scope=\"row\"><span class=\"wd-attr-name\"><span class=\"wd-attr-name-label\">Dimensiuni\u00a0<\/span><\/span><\/th>\n<td class=\"woocommerce-product-attributes-item__value\">6 \u00d7 2 \u00d7 10 cm<\/td>\n<\/tr>\n<tr class=\"woocommerce-product-attributes-item woocommerce-product-attributes-item--attribute_pa_proprietati\">\n<th class=\"woocommerce-product-attributes-item__label\" scope=\"row\"><span class=\"wd-attr-name\"><span class=\"wd-attr-name-label\">Propriet\u0103\u021bi<\/span><\/span><\/th>\n<td class=\"woocommerce-product-attributes-item__value\">Combate eficient mirosul nepl\u0103cut<span style=\"font-family: inherit; font-size: inherit;\">,<\/span><\/p>\n<p>Emolient<span style=\"font-family: inherit; font-size: inherit;\">,<\/span><\/p>\n<p>Nu afecteaz\u0103 negativ flora natural\u0103 a pielii<span style=\"font-family: inherit; font-size: inherit;\">,<\/span><\/p>\n<p>Nu blocheaz\u0103 porii pielii<span style=\"font-family: inherit; font-size: inherit;\">,<\/span><\/p>\n<p>Nu opre\u0219te transpira\u021bia natural\u0103<\/td>\n<\/tr>\n<tr class=\"woocommerce-product-attributes-item woocommerce-product-attributes-item--attribute_pa_variante\">\n<th class=\"woocommerce-product-attributes-item__label\" scope=\"row\"><span class=\"wd-attr-name\"><span class=\"wd-attr-name-label\">Variante<\/span><\/span><\/th>\n<td class=\"woocommerce-product-attributes-item__value\">Orange Bicarbonat<\/td>\n<\/tr>\n<\/tbody>\n<\/table>\n<h2 dir=\"auto\">Deodorant Natural Orange Bicarbonat<\/h2>\n<p>Deodorant Natural Orange Bicarbonat ac\u021bioneaz\u0103 eficient \u00eempotriva mirosurilor nepl\u0103cute care se dezvolt\u0103 \u00een urma transpira\u021biei \u0219i nu blocheaz\u0103 porii \u0219i transpira\u021bia natural\u0103 a pielii.<\/p>\n<p>Deodorantul are un miros exotic de portocale \u0219i este activ o zi \u00eentreag\u0103. Deodorantul se aplic\u0103 u\u0219or, iar mirosul exotic de portocale este subtil.<\/p>\n<div dir=\"auto\">\n<h3 dir=\"auto\">Propriet\u0103\u021bi:<\/h3>\n<ul>\n<li dir=\"auto\">Ac\u021bioneaz\u0103 eficient \u00eempotriva mirosurilor nepl\u0103cute care se dezvolt\u0103 \u00een urma transpira\u021biei \u0219i nu blocheaz\u0103 porii pielii.<\/li>\n<li dir=\"auto\">Produsul nu con\u021bine coloran\u021bi chimici sau parfumuri artificiale.<\/li>\n<li dir=\"auto\">Ingredientele folosite \u00een acest deodorant nu afecteaz\u0103 negativ flora natural\u0103 a pielii.<\/li>\n<li dir=\"auto\">Deodorantul este realizat \u00een loturi mici \u0219i doar din ingrediente naturale.<span class=\"pq6dq46d tbxw36s4 knj5qynh kvgmc6g5 ditlmg2l oygrvhab nvdbi5me sf5mxxl7 gl3lb2sf hhz5lgdu\"><img loading=\"lazy\" decoding=\"async\" src=\"https:\/\/static.xx.fbcdn.net\/images\/emoji.php\/v9\/t1e\/1\/16\/1f33f.png\" alt=\"\ud83c\udf3f\" width=\"16\" height=\"16\" \/><\/span><\/li>\n<\/ul>\n<div dir=\"auto\">\n<p>Deodorant Natural Orange Bicarbonat ajut\u0103 la neutralizarea mirosului, te men\u021bine proasp\u0103t \u0219i ofer\u0103 o protec\u021bie pentru toat\u0103 ziua \u00eempotriva mirosului nepl\u0103cut.<\/p>\n<\/div>\n<div dir=\"auto\">\n<p>Con\u021bine ingrediente de origine vegetal\u0103 \u0219i este formulat pentru a fi delicat cu pielea.<br \/>\nAcest deodorant nu con\u021bine piatr\u0103 alaun, parfum artificial, ingrediente de umplutur\u0103, propilen glicol, ftala\u021bi sau parabeni.<br \/>\nNatural Orange Bicarbonat se potrive\u0219te perfect cu produsul nostru\u00a0<a href=\"https:\/\/www.greenbubble.ro\/magazin\/sapunuri\/sapunuri-solide\/sapun-natural-cu-cocos-si-portocale\/\" target=\"_blank\" rel=\"noopener\"><strong>S\u0103pun Natural cu Cocos \u0219i Portocale<\/strong><\/a>.<\/p>\n<\/div>\n<\/div>\n<div dir=\"auto\">\n<h4>Principalele ingrediente active pentru Natural Orange Bicarbonat:<\/h4>\n<p>Deodorantul este realizat cu Ulei de Cocos Virgin Ecologic Presat la Rece, Bicarbonat, Amidon, \u0219i Ulei Esen\u021bial de Portocale.<\/p>\n<h4 dir=\"auto\">Uleiul de Cocos Virgin Ecologic Presat la Rece<\/h4>\n<p>Uleiul de Cocos este un ulei care hidrateaz\u0103 \u0219i calmeaz\u0103 pielea afectat\u0103 de ro\u0219ea\u021b\u0103 \u0219i irita\u021bii. Este un ingredient nutritiv, emolient, care las\u0103 pielea fin\u0103, moale \u0219i \u00eengrijit\u0103.<\/p>\n<p>Uleiul de cocos virgin ecologic presat la rece p\u0103streaz\u0103 aroma natural\u0103 a nucii de cocos, care se reg\u0103se\u0219te \u0219i \u00een produsul nostru.<\/p>\n<h4 dir=\"auto\">Bicarbonat de Sodiu<\/h4>\n<p>Bicarbonatul de sodiu este un ingredient ecologic \u0219i biodegradabil cu propriet\u0103\u021bi dezodorizante. Neutralizeaz\u0103 mirosurile nepl\u0103cute \u0219i limiteaz\u0103 dezvoltarea bacterian\u0103. Bicarbonatul de sodiueste un ingredient ecologic \u0219i biodegradabil cu propriet\u0103\u021bi dezodorizante. Neutralizeaz\u0103 mirosurile nepl\u0103cute \u0219i limiteaz\u0103 dezvoltarea bacterian\u0103.<\/p>\n<h4 dir=\"auto\">Amidon<\/h4>\n<p>Amidonul absoarbe eficient excesul de sebum \u0219i transpira\u021bia pielii, men\u021bin\u00e2nd-o uscat\u0103.<\/p>\n<\/div>\n<h4 dir=\"auto\">Ulei Esen\u021bial Portocale<\/h4>\n<div dir=\"auto\">Uleiul esen\u021bial de portocale are un parfum dulce, fructat \u0219i exotic, care aduce prospe\u021bime \u0219i bun\u0103 dispozi\u021bie. Este un ulei esen\u021bial reconfortant, relaxant, cu ac\u021biune de calmare \u0219i echilibrare a sistemului nervos \u0219i a spiritului.<\/div>\n<h3>Mod de Utilizare\/Aplicare Deodorant Natural Orange Bicarbonat<\/h3>\n<p>Cu doar o cantitate mic\u0103 se combate eficient mirosul corporal \u0219i te protejeaz\u0103 toat\u0103 ziua. Pe pielea curat\u0103 \u0219i uscat\u0103, se aplic\u0103 cu una sau doua glis\u0103ri u\u0219oare sub axil\u0103 sau \u00een zonele dorite. Nu \u00eenc\u0103rca prea mult pielea, altfel produsul se poate transfera pe haine.<\/p>\n<p>Ingredientele folosite \u00een acest deodorant nu afecteaz\u0103 negativ flora natural\u0103 a pielii.<\/p>\n","protected":false},"excerpt":{"rendered":"<p>Deodorant Natural Orange Bicarbonat este eficient \u00een combatera apari\u021biei mirosurilor nepl\u0103cute. Produsul are un miros natural de portocale \u0219i este activ o zi \u00eentreag\u0103. Greutate 50 g Dimensiuni\u00a0 6 \u00d7 2 \u00d7 10 cm Propriet\u0103\u021bi Combate eficient mirosul nepl\u0103cut, Emolient, Nu afecteaz\u0103 negativ flora natural\u0103 a pielii, Nu blocheaz\u0103 porii pielii, Nu opre\u0219te transpira\u021bia natural\u0103 [&hellip;]<\/p>\n","protected":false},"featured_media":9193,"comment_status":"open","ping_status":"closed","template":"","meta":[],"pwb-brand":[142],"product_brand":[],"product_cat":[77],"product_tag":[],"class_list":{"0":"post-4448","1":"product","2":"type-product","3":"status-publish","4":"has-post-thumbnail","6":"pwb-brand-green-bubble","7":"product_cat-cosmetice-naturale","9":"first","10":"instock","11":"taxable","12":"shipping-taxable","13":"purchasable","14":"product-type-simple"},"yoast_head":"<!-- This site is optimized with the Yoast SEO plugin v26.9 - https:\/\/yoast.com\/product\/yoast-seo-wordpress\/ -->\n<title>ACH Deo Orange Bicarbonat Solid - Inspiratio<\/title>\n<meta name=\"description\" content=\"ACH Deo Orange Bicarbonat Solid\" \/>\n<meta name=\"robots\" content=\"index, follow, max-snippet:-1, max-image-preview:large, max-video-preview:-1\" \/>\n<link rel=\"canonical\" href=\"https:\/\/inspiratio.ro\/produs\/ach-deo-orange-bicarbonat-solid\/\" \/>\n<meta property=\"og:locale\" content=\"en_US\" \/>\n<meta property=\"og:type\" content=\"article\" \/>\n<meta property=\"og:title\" content=\"ACH Deo Orange Bicarbonat Solid - Inspiratio\" \/>\n<meta property=\"og:description\" content=\"ACH Deo Orange Bicarbonat Solid\" \/>\n<meta property=\"og:url\" content=\"https:\/\/inspiratio.ro\/produs\/ach-deo-orange-bicarbonat-solid\/\" \/>\n<meta property=\"og:site_name\" content=\"Inspiratio\" \/>\n<meta property=\"article:publisher\" content=\"https:\/\/www.facebook.com\/inspiratiogiftstudio\/\" \/>\n<meta property=\"article:modified_time\" content=\"2025-09-06T07:57:35+00:00\" \/>\n<meta property=\"og:image\" content=\"https:\/\/inspiratio.ro\/wp-content\/uploads\/2022\/03\/Deodorant-Natural-Orange-Bicarbonat.webp\" \/>\n\t<meta property=\"og:image:width\" content=\"800\" \/>\n\t<meta property=\"og:image:height\" content=\"600\" \/>\n\t<meta property=\"og:image:type\" content=\"image\/webp\" \/>\n<meta name=\"twitter:card\" content=\"summary_large_image\" \/>\n<meta name=\"twitter:label1\" content=\"Est. reading time\" \/>\n\t<meta name=\"twitter:data1\" content=\"3 minutes\" \/>\n<script type=\"application\/ld+json\" class=\"yoast-schema-graph\">{\"@context\":\"https:\/\/schema.org\",\"@graph\":[{\"@type\":\"WebPage\",\"@id\":\"https:\/\/inspiratio.ro\/produs\/ach-deo-orange-bicarbonat-solid\/\",\"url\":\"https:\/\/inspiratio.ro\/produs\/ach-deo-orange-bicarbonat-solid\/\",\"name\":\"ACH Deo Orange Bicarbonat Solid - Inspiratio\",\"isPartOf\":{\"@id\":\"https:\/\/inspiratio.ro\/#website\"},\"primaryImageOfPage\":{\"@id\":\"https:\/\/inspiratio.ro\/produs\/ach-deo-orange-bicarbonat-solid\/#primaryimage\"},\"image\":{\"@id\":\"https:\/\/inspiratio.ro\/produs\/ach-deo-orange-bicarbonat-solid\/#primaryimage\"},\"thumbnailUrl\":\"https:\/\/inspiratio.ro\/wp-content\/uploads\/2022\/03\/Deodorant-Natural-Orange-Bicarbonat.webp\",\"datePublished\":\"2022-03-30T15:59:43+00:00\",\"dateModified\":\"2025-09-06T07:57:35+00:00\",\"description\":\"ACH Deo Orange Bicarbonat Solid\",\"breadcrumb\":{\"@id\":\"https:\/\/inspiratio.ro\/produs\/ach-deo-orange-bicarbonat-solid\/#breadcrumb\"},\"inLanguage\":\"en-US\",\"potentialAction\":[{\"@type\":\"ReadAction\",\"target\":[\"https:\/\/inspiratio.ro\/produs\/ach-deo-orange-bicarbonat-solid\/\"]}]},{\"@type\":\"ImageObject\",\"inLanguage\":\"en-US\",\"@id\":\"https:\/\/inspiratio.ro\/produs\/ach-deo-orange-bicarbonat-solid\/#primaryimage\",\"url\":\"https:\/\/inspiratio.ro\/wp-content\/uploads\/2022\/03\/Deodorant-Natural-Orange-Bicarbonat.webp\",\"contentUrl\":\"https:\/\/inspiratio.ro\/wp-content\/uploads\/2022\/03\/Deodorant-Natural-Orange-Bicarbonat.webp\",\"width\":800,\"height\":600},{\"@type\":\"BreadcrumbList\",\"@id\":\"https:\/\/inspiratio.ro\/produs\/ach-deo-orange-bicarbonat-solid\/#breadcrumb\",\"itemListElement\":[{\"@type\":\"ListItem\",\"position\":1,\"name\":\"Shop\",\"item\":\"https:\/\/inspiratio.ro\/magazin-cadouri\/\"},{\"@type\":\"ListItem\",\"position\":2,\"name\":\"ACH Deo Orange Bicarbonat Solid\"}]},{\"@type\":\"WebSite\",\"@id\":\"https:\/\/inspiratio.ro\/#website\",\"url\":\"https:\/\/inspiratio.ro\/\",\"name\":\"Inspiratio\",\"description\":\"Las\u0103-te purtat de inspira\u021bie\",\"publisher\":{\"@id\":\"https:\/\/inspiratio.ro\/#organization\"},\"potentialAction\":[{\"@type\":\"SearchAction\",\"target\":{\"@type\":\"EntryPoint\",\"urlTemplate\":\"https:\/\/inspiratio.ro\/?s={search_term_string}\"},\"query-input\":{\"@type\":\"PropertyValueSpecification\",\"valueRequired\":true,\"valueName\":\"search_term_string\"}}],\"inLanguage\":\"en-US\"},{\"@type\":\"Organization\",\"@id\":\"https:\/\/inspiratio.ro\/#organization\",\"name\":\"Inspiratio\",\"url\":\"https:\/\/inspiratio.ro\/\",\"logo\":{\"@type\":\"ImageObject\",\"inLanguage\":\"en-US\",\"@id\":\"https:\/\/inspiratio.ro\/#\/schema\/logo\/image\/\",\"url\":\"https:\/\/inspiratio.ro\/wp-content\/uploads\/2020\/06\/logo-inspiratio.png\",\"contentUrl\":\"https:\/\/inspiratio.ro\/wp-content\/uploads\/2020\/06\/logo-inspiratio.png\",\"width\":232,\"height\":209,\"caption\":\"Inspiratio\"},\"image\":{\"@id\":\"https:\/\/inspiratio.ro\/#\/schema\/logo\/image\/\"},\"sameAs\":[\"https:\/\/www.facebook.com\/inspiratiogiftstudio\/\",\"https:\/\/www.instagram.com\/inspiratio_giftstudio\/\"]}]}<\/script>\n<!-- \/ Yoast SEO plugin. -->","yoast_head_json":{"title":"ACH Deo Orange Bicarbonat Solid - Inspiratio","description":"ACH Deo Orange Bicarbonat Solid","robots":{"index":"index","follow":"follow","max-snippet":"max-snippet:-1","max-image-preview":"max-image-preview:large","max-video-preview":"max-video-preview:-1"},"canonical":"https:\/\/inspiratio.ro\/produs\/ach-deo-orange-bicarbonat-solid\/","og_locale":"en_US","og_type":"article","og_title":"ACH Deo Orange Bicarbonat Solid - Inspiratio","og_description":"ACH Deo Orange Bicarbonat Solid","og_url":"https:\/\/inspiratio.ro\/produs\/ach-deo-orange-bicarbonat-solid\/","og_site_name":"Inspiratio","article_publisher":"https:\/\/www.facebook.com\/inspiratiogiftstudio\/","article_modified_time":"2025-09-06T07:57:35+00:00","og_image":[{"width":800,"height":600,"url":"https:\/\/inspiratio.ro\/wp-content\/uploads\/2022\/03\/Deodorant-Natural-Orange-Bicarbonat.webp","type":"image\/webp"}],"twitter_card":"summary_large_image","twitter_misc":{"Est. reading time":"3 minutes"},"schema":{"@context":"https:\/\/schema.org","@graph":[{"@type":"WebPage","@id":"https:\/\/inspiratio.ro\/produs\/ach-deo-orange-bicarbonat-solid\/","url":"https:\/\/inspiratio.ro\/produs\/ach-deo-orange-bicarbonat-solid\/","name":"ACH Deo Orange Bicarbonat Solid - Inspiratio","isPartOf":{"@id":"https:\/\/inspiratio.ro\/#website"},"primaryImageOfPage":{"@id":"https:\/\/inspiratio.ro\/produs\/ach-deo-orange-bicarbonat-solid\/#primaryimage"},"image":{"@id":"https:\/\/inspiratio.ro\/produs\/ach-deo-orange-bicarbonat-solid\/#primaryimage"},"thumbnailUrl":"https:\/\/inspiratio.ro\/wp-content\/uploads\/2022\/03\/Deodorant-Natural-Orange-Bicarbonat.webp","datePublished":"2022-03-30T15:59:43+00:00","dateModified":"2025-09-06T07:57:35+00:00","description":"ACH Deo Orange Bicarbonat Solid","breadcrumb":{"@id":"https:\/\/inspiratio.ro\/produs\/ach-deo-orange-bicarbonat-solid\/#breadcrumb"},"inLanguage":"en-US","potentialAction":[{"@type":"ReadAction","target":["https:\/\/inspiratio.ro\/produs\/ach-deo-orange-bicarbonat-solid\/"]}]},{"@type":"ImageObject","inLanguage":"en-US","@id":"https:\/\/inspiratio.ro\/produs\/ach-deo-orange-bicarbonat-solid\/#primaryimage","url":"https:\/\/inspiratio.ro\/wp-content\/uploads\/2022\/03\/Deodorant-Natural-Orange-Bicarbonat.webp","contentUrl":"https:\/\/inspiratio.ro\/wp-content\/uploads\/2022\/03\/Deodorant-Natural-Orange-Bicarbonat.webp","width":800,"height":600},{"@type":"BreadcrumbList","@id":"https:\/\/inspiratio.ro\/produs\/ach-deo-orange-bicarbonat-solid\/#breadcrumb","itemListElement":[{"@type":"ListItem","position":1,"name":"Shop","item":"https:\/\/inspiratio.ro\/magazin-cadouri\/"},{"@type":"ListItem","position":2,"name":"ACH Deo Orange Bicarbonat Solid"}]},{"@type":"WebSite","@id":"https:\/\/inspiratio.ro\/#website","url":"https:\/\/inspiratio.ro\/","name":"Inspiratio","description":"Las\u0103-te purtat de inspira\u021bie","publisher":{"@id":"https:\/\/inspiratio.ro\/#organization"},"potentialAction":[{"@type":"SearchAction","target":{"@type":"EntryPoint","urlTemplate":"https:\/\/inspiratio.ro\/?s={search_term_string}"},"query-input":{"@type":"PropertyValueSpecification","valueRequired":true,"valueName":"search_term_string"}}],"inLanguage":"en-US"},{"@type":"Organization","@id":"https:\/\/inspiratio.ro\/#organization","name":"Inspiratio","url":"https:\/\/inspiratio.ro\/","logo":{"@type":"ImageObject","inLanguage":"en-US","@id":"https:\/\/inspiratio.ro\/#\/schema\/logo\/image\/","url":"https:\/\/inspiratio.ro\/wp-content\/uploads\/2020\/06\/logo-inspiratio.png","contentUrl":"https:\/\/inspiratio.ro\/wp-content\/uploads\/2020\/06\/logo-inspiratio.png","width":232,"height":209,"caption":"Inspiratio"},"image":{"@id":"https:\/\/inspiratio.ro\/#\/schema\/logo\/image\/"},"sameAs":["https:\/\/www.facebook.com\/inspiratiogiftstudio\/","https:\/\/www.instagram.com\/inspiratio_giftstudio\/"]}]}},"brands":[{"id":142,"name":"Green Bubble","slug":"green-bubble"}],"_links":{"self":[{"href":"https:\/\/inspiratio.ro\/en\/wp-json\/wp\/v2\/product\/4448","targetHints":{"allow":["GET"]}}],"collection":[{"href":"https:\/\/inspiratio.ro\/en\/wp-json\/wp\/v2\/product"}],"about":[{"href":"https:\/\/inspiratio.ro\/en\/wp-json\/wp\/v2\/types\/product"}],"replies":[{"embeddable":true,"href":"https:\/\/inspiratio.ro\/en\/wp-json\/wp\/v2\/comments?post=4448"}],"wp:featuredmedia":[{"embeddable":true,"href":"https:\/\/inspiratio.ro\/en\/wp-json\/wp\/v2\/media\/9193"}],"wp:attachment":[{"href":"https:\/\/inspiratio.ro\/en\/wp-json\/wp\/v2\/media?parent=4448"}],"wp:term":[{"taxonomy":"pwb-brand","embeddable":true,"href":"https:\/\/inspiratio.ro\/en\/wp-json\/wp\/v2\/pwb-brand?post=4448"},{"taxonomy":"product_brand","embeddable":true,"href":"https:\/\/inspiratio.ro\/en\/wp-json\/wp\/v2\/product_brand?post=4448"},{"taxonomy":"product_cat","embeddable":true,"href":"https:\/\/inspiratio.ro\/en\/wp-json\/wp\/v2\/product_cat?post=4448"},{"taxonomy":"product_tag","embeddable":true,"href":"https:\/\/inspiratio.ro\/en\/wp-json\/wp\/v2\/product_tag?post=4448"}],"curies":[{"name":"wp","href":"https:\/\/api.w.org\/{rel}","templated":true}]}}