{"id":4443,"date":"2022-03-30T18:34:46","date_gmt":"2022-03-30T15:34:46","guid":{"rendered":"https:\/\/inspiratio.ro\/?post_type=product&#038;p=4443"},"modified":"2025-09-06T10:57:58","modified_gmt":"2025-09-06T07:57:58","slug":"ach-deo-lavanda-bicarbonat-solid-2","status":"publish","type":"product","link":"https:\/\/inspiratio.ro\/en\/produs\/ach-deo-lavanda-bicarbonat-solid-2\/","title":{"rendered":"Deo. Lavanda Bicarbonat Solid"},"content":{"rendered":"<div class=\"woocommerce-product-details__short-description\">\n<p>Deodorant Natural Lavand\u0103 cu Bicarbonat este eficient \u00een combatera \u0219i apari\u021bia mirosurilor nepl\u0103cute.<\/p>\n<\/div>\n<table class=\"woocommerce-product-attributes shop_attributes\" style=\"height: 368px;\" width=\"801\" aria-label=\"Detalii produs\">\n<tbody>\n<tr class=\"woocommerce-product-attributes-item woocommerce-product-attributes-item--weight\">\n<th class=\"woocommerce-product-attributes-item__label\" scope=\"row\"><span class=\"wd-attr-name\"><span class=\"wd-attr-name-label\">Greutate<\/span><\/span><\/th>\n<td class=\"woocommerce-product-attributes-item__value\">50 g<\/td>\n<\/tr>\n<tr class=\"woocommerce-product-attributes-item woocommerce-product-attributes-item--dimensions\">\n<th class=\"woocommerce-product-attributes-item__label\" scope=\"row\"><span class=\"wd-attr-name\"><span class=\"wd-attr-name-label\">Dimensiuni<\/span><\/span><\/th>\n<td class=\"woocommerce-product-attributes-item__value\">6 \u00d7 2 \u00d7 10 cm<\/td>\n<\/tr>\n<tr class=\"woocommerce-product-attributes-item woocommerce-product-attributes-item--attribute_pa_proprietati\">\n<th class=\"woocommerce-product-attributes-item__label\" scope=\"row\"><span class=\"wd-attr-name\"><span class=\"wd-attr-name-label\">Propriet\u0103\u021bi<\/span><\/span><\/th>\n<td class=\"woocommerce-product-attributes-item__value\">Combate eficient mirosul nepl\u0103cut<span style=\"font-family: inherit; font-size: inherit;\">,<\/span><\/p>\n<p>Emolient<span style=\"font-family: inherit; font-size: inherit;\">,<\/span><\/p>\n<p>Nu afecteaz\u0103 negativ flora natural\u0103 a pielii<span style=\"font-family: inherit; font-size: inherit;\">,<\/span><\/p>\n<p>Nu blocheaz\u0103 porii pielii<span style=\"font-family: inherit; font-size: inherit;\">,<\/span><\/p>\n<p>Nu opre\u0219te transpira\u021bia natural\u0103<\/td>\n<\/tr>\n<tr class=\"woocommerce-product-attributes-item woocommerce-product-attributes-item--attribute_pa_variante\">\n<th class=\"woocommerce-product-attributes-item__label\" scope=\"row\"><span class=\"wd-attr-name\"><span class=\"wd-attr-name-label\">Variante<\/span><\/span><\/th>\n<td class=\"woocommerce-product-attributes-item__value\">Lavand\u0103 Bicarbonat<\/td>\n<\/tr>\n<\/tbody>\n<\/table>\n<div><\/div>\n<div class=\"variations_form-linked wd-label-top-md wd-label-top-lg\">\n<h2 dir=\"auto\">Deodorant Natural Lavand\u0103 cu Bicarbonat<\/h2>\n<p>Deodorant Natural Lavand\u0103 cu Bicarbonat este emolient \u0219i eficient \u00een combaterea \u0219i apari\u021bia mirosurilor nepl\u0103cute. Deodorantul este activ o zi \u00eentreag\u0103. Produsul are un miros natural de flori proaspete de lavand\u0103.<br \/>\nDeodorantul ac\u021bioneaz\u0103 eficient \u00eempotriva mirosurilor nepl\u0103cute care se dezvolt\u0103 \u00een urma transpira\u021biei \u0219i nu blocheaz\u0103 porii pielii.<br \/>\nIngredientele folosite \u00een acest deodorant nu afecteaz\u0103 negativ flora natural\u0103 a pielii.<br \/>\nDeodorantul se aplic\u0103 u\u0219or, iar mirosul floral de lavand\u0103 este subtil.<\/p>\n<h3>Principalele ingrediente active pentru Deodorant Natural Lavand\u0103 cu Bicarbonat:<\/h3>\n<p>Deodorantul este realizat cu Ulei de Cocos, Bicarbonat, Amidon, Ulei Esen\u021bial de Lavand\u0103.<\/p>\n<h3 dir=\"auto\">Uleiul de Cocos<\/h3>\n<p>Uleiul de Cocos este un ulei care hidrateaz\u0103 \u0219i calmeaz\u0103 pielea afectat\u0103 de ro\u0219ea\u021b\u0103 \u0219i irita\u021bii. Este un ingredient nutritiv, emolient, care las\u0103 pielea fin\u0103, moale \u0219i \u00eengrijit\u0103.<\/p>\n<h4 dir=\"auto\">Bicarbonatul de Sodiu<\/h4>\n<p>Bicarbonatul de sodiu este un ingredient ecologic \u0219i biodegradabil cu propriet\u0103\u021bi dezodorizante. Neutralizeaz\u0103 mirosurile nepl\u0103cute \u0219i limiteaz\u0103 dezvoltarea bacterian\u0103.<\/p>\n<h4 dir=\"auto\">Amidon<\/h4>\n<p>Amidonul absoarbe eficient excesul de sebum \u0219i transpira\u021bia pielii, men\u021bin\u00e2nd-o uscat\u0103.<\/p>\n<h4>Ulei Esen\u021bial Lavand\u0103<\/h4>\n<p>Este probabil cel mai recunoscut \u015fi r\u0103sp\u00e2ndit ulei esen\u0163ial datorit\u0103 multiplelor virtu\u021bi pe care le are. Uleiul esen\u021bial de lavand\u0103 este utilizat \u00een creme prentru atenuarea diverselor probleme de piele \u0219i pentru regenerarea pielii. Uleiul esen\u021bial de lavand\u0103 este apreciat pentru parfumul s\u0103u deosebit care favorizeaz\u0103 somnul \u0219i calmeaz\u0103 sistemul nervos.<\/p>\n<p>Uleiul esen\u021bial de lavand\u0103 este cicatrizant, regenerator \u0219i reparator pentru piele, ajut\u0103 la refacerea pielii r\u0103nite, afectate de eczeme, urticarii, psoriazis, acnee, lini\u0219te\u0219te pielea r\u0103nit\u0103, \u00eenro\u0219it\u0103, ars\u0103 de soare sau \u00een\u021bepat\u0103 de insecte. Acest ulei este un echilibrant al sistemului nervos.<\/p>\n<h3>Mod de Utilizare\/Aplicare Deodorant Natural Lavand\u0103 cu Bicarbonat<\/h3>\n<p>Se aplic\u0103 pe pielea curat\u0103 cu una sau doua glis\u0103ri u\u0219oare, sub axil\u0103 sau \u00een zonele dorite. Pentru a evita \u00eencarcarea, recomand\u0103m aplicarea pe pielea umezit\u0103 \u00een prealabil, sau imediat dup\u0103 baie sau du\u0219. Deodorantul gliseaz\u0103 mai u\u0219or pe pielea umed\u0103 f\u0103r\u0103 s\u0103 \u00eencarce pielea. Se mai poate folosi un pulverizator cu ap\u0103 floral\u0103 sau se poate aplica pu\u021bin\u0103 ap\u0103 \u00een zona axilelor cu ajutorul degetelor umede.<\/p>\n<p>Dac\u0103 produsul se sf\u0103r\u00e2m\u0103, \u021bine produsul c\u00e2teva secude \u00een contact direct cu pielea \u00eenainte de aplicare. Deodorantul se \u00eenmoaie \u00een contact cu c\u0103ldura corpului \u0219i poate fi aplicat f\u0103r\u0103 a se sf\u0103r\u00e2ma.<\/p>\n<p>Nu \u00eenc\u0103rca mult pielea, altfel produsul se poate transfera pe haine. Pentru a evita ruperea deostick-ului, rote\u0219te doar c\u00e2te pu\u021bin pentru a scoate deodorantul din recipient.<\/p>\n<p><strong>Avertisment<\/strong>: Numai pentru uz extern. Nu aplica \u00een exces \u0219i nu folosi pe pielea iritatat\u0103 sau r\u0103ni. Pot ap\u0103rea sensibilit\u0103\u021bi ale pielii. Nu aplica direct dup\u0103 ras\/epilat. \u00centrerupe utilizarea dac\u0103 apar irita\u021bii \u0219i spal\u0103 cu ap\u0103 \u0219i s\u0103pun. A nu se l\u0103sa la \u00eendem\u00e2na copiilor.<\/p>\n<\/div>\n","protected":false},"excerpt":{"rendered":"<p>Deodorant Natural Lavand\u0103 cu Bicarbonat este eficient \u00een combatera \u0219i apari\u021bia mirosurilor nepl\u0103cute. Greutate 50 g Dimensiuni 6 \u00d7 2 \u00d7 10 cm Propriet\u0103\u021bi Combate eficient mirosul nepl\u0103cut, Emolient, Nu afecteaz\u0103 negativ flora natural\u0103 a pielii, Nu blocheaz\u0103 porii pielii, Nu opre\u0219te transpira\u021bia natural\u0103 Variante Lavand\u0103 Bicarbonat Deodorant Natural Lavand\u0103 cu Bicarbonat Deodorant Natural Lavand\u0103 [&hellip;]<\/p>\n","protected":false},"featured_media":9200,"comment_status":"open","ping_status":"closed","template":"","meta":[],"pwb-brand":[142],"product_brand":[],"product_cat":[77],"product_tag":[],"class_list":{"0":"post-4443","1":"product","2":"type-product","3":"status-publish","4":"has-post-thumbnail","6":"pwb-brand-green-bubble","7":"product_cat-cosmetice-naturale","9":"first","10":"instock","11":"taxable","12":"shipping-taxable","13":"purchasable","14":"product-type-simple"},"yoast_head":"<!-- This site is optimized with the Yoast SEO plugin v26.9 - https:\/\/yoast.com\/product\/yoast-seo-wordpress\/ -->\n<title>ACH Deo. Lavanda Bicarbonat Solid - Inspiratio<\/title>\n<meta name=\"description\" content=\"ACH Deo. Lavanda Bicarbonat Solid\" \/>\n<meta name=\"robots\" content=\"index, follow, max-snippet:-1, max-image-preview:large, max-video-preview:-1\" \/>\n<link rel=\"canonical\" href=\"https:\/\/inspiratio.ro\/produs\/ach-deo-lavanda-bicarbonat-solid-2\/\" \/>\n<meta property=\"og:locale\" content=\"en_US\" \/>\n<meta property=\"og:type\" content=\"article\" \/>\n<meta property=\"og:title\" content=\"ACH Deo. Lavanda Bicarbonat Solid - Inspiratio\" \/>\n<meta property=\"og:description\" content=\"ACH Deo. Lavanda Bicarbonat Solid\" \/>\n<meta property=\"og:url\" content=\"https:\/\/inspiratio.ro\/produs\/ach-deo-lavanda-bicarbonat-solid-2\/\" \/>\n<meta property=\"og:site_name\" content=\"Inspiratio\" \/>\n<meta property=\"article:publisher\" content=\"https:\/\/www.facebook.com\/inspiratiogiftstudio\/\" \/>\n<meta property=\"article:modified_time\" content=\"2025-09-06T07:57:58+00:00\" \/>\n<meta property=\"og:image\" content=\"https:\/\/inspiratio.ro\/wp-content\/uploads\/2022\/03\/Screenshot-from-2024-12-15-15-54-07.png\" \/>\n\t<meta property=\"og:image:width\" content=\"786\" \/>\n\t<meta property=\"og:image:height\" content=\"588\" \/>\n\t<meta property=\"og:image:type\" content=\"image\/png\" \/>\n<meta name=\"twitter:card\" content=\"summary_large_image\" \/>\n<meta name=\"twitter:label1\" content=\"Est. reading time\" \/>\n\t<meta name=\"twitter:data1\" content=\"3 minutes\" \/>\n<script type=\"application\/ld+json\" class=\"yoast-schema-graph\">{\"@context\":\"https:\/\/schema.org\",\"@graph\":[{\"@type\":\"WebPage\",\"@id\":\"https:\/\/inspiratio.ro\/produs\/ach-deo-lavanda-bicarbonat-solid-2\/\",\"url\":\"https:\/\/inspiratio.ro\/produs\/ach-deo-lavanda-bicarbonat-solid-2\/\",\"name\":\"ACH Deo. Lavanda Bicarbonat Solid - Inspiratio\",\"isPartOf\":{\"@id\":\"https:\/\/inspiratio.ro\/#website\"},\"primaryImageOfPage\":{\"@id\":\"https:\/\/inspiratio.ro\/produs\/ach-deo-lavanda-bicarbonat-solid-2\/#primaryimage\"},\"image\":{\"@id\":\"https:\/\/inspiratio.ro\/produs\/ach-deo-lavanda-bicarbonat-solid-2\/#primaryimage\"},\"thumbnailUrl\":\"https:\/\/inspiratio.ro\/wp-content\/uploads\/2022\/03\/Screenshot-from-2024-12-15-15-54-07.png\",\"datePublished\":\"2022-03-30T15:34:46+00:00\",\"dateModified\":\"2025-09-06T07:57:58+00:00\",\"description\":\"ACH Deo. Lavanda Bicarbonat Solid\",\"breadcrumb\":{\"@id\":\"https:\/\/inspiratio.ro\/produs\/ach-deo-lavanda-bicarbonat-solid-2\/#breadcrumb\"},\"inLanguage\":\"en-US\",\"potentialAction\":[{\"@type\":\"ReadAction\",\"target\":[\"https:\/\/inspiratio.ro\/produs\/ach-deo-lavanda-bicarbonat-solid-2\/\"]}]},{\"@type\":\"ImageObject\",\"inLanguage\":\"en-US\",\"@id\":\"https:\/\/inspiratio.ro\/produs\/ach-deo-lavanda-bicarbonat-solid-2\/#primaryimage\",\"url\":\"https:\/\/inspiratio.ro\/wp-content\/uploads\/2022\/03\/Screenshot-from-2024-12-15-15-54-07.png\",\"contentUrl\":\"https:\/\/inspiratio.ro\/wp-content\/uploads\/2022\/03\/Screenshot-from-2024-12-15-15-54-07.png\",\"width\":786,\"height\":588},{\"@type\":\"BreadcrumbList\",\"@id\":\"https:\/\/inspiratio.ro\/produs\/ach-deo-lavanda-bicarbonat-solid-2\/#breadcrumb\",\"itemListElement\":[{\"@type\":\"ListItem\",\"position\":1,\"name\":\"Shop\",\"item\":\"https:\/\/inspiratio.ro\/magazin-cadouri\/\"},{\"@type\":\"ListItem\",\"position\":2,\"name\":\"ACH Deo. Lavanda Bicarbonat Solid\"}]},{\"@type\":\"WebSite\",\"@id\":\"https:\/\/inspiratio.ro\/#website\",\"url\":\"https:\/\/inspiratio.ro\/\",\"name\":\"Inspiratio\",\"description\":\"Las\u0103-te purtat de inspira\u021bie\",\"publisher\":{\"@id\":\"https:\/\/inspiratio.ro\/#organization\"},\"potentialAction\":[{\"@type\":\"SearchAction\",\"target\":{\"@type\":\"EntryPoint\",\"urlTemplate\":\"https:\/\/inspiratio.ro\/?s={search_term_string}\"},\"query-input\":{\"@type\":\"PropertyValueSpecification\",\"valueRequired\":true,\"valueName\":\"search_term_string\"}}],\"inLanguage\":\"en-US\"},{\"@type\":\"Organization\",\"@id\":\"https:\/\/inspiratio.ro\/#organization\",\"name\":\"Inspiratio\",\"url\":\"https:\/\/inspiratio.ro\/\",\"logo\":{\"@type\":\"ImageObject\",\"inLanguage\":\"en-US\",\"@id\":\"https:\/\/inspiratio.ro\/#\/schema\/logo\/image\/\",\"url\":\"https:\/\/inspiratio.ro\/wp-content\/uploads\/2020\/06\/logo-inspiratio.png\",\"contentUrl\":\"https:\/\/inspiratio.ro\/wp-content\/uploads\/2020\/06\/logo-inspiratio.png\",\"width\":232,\"height\":209,\"caption\":\"Inspiratio\"},\"image\":{\"@id\":\"https:\/\/inspiratio.ro\/#\/schema\/logo\/image\/\"},\"sameAs\":[\"https:\/\/www.facebook.com\/inspiratiogiftstudio\/\",\"https:\/\/www.instagram.com\/inspiratio_giftstudio\/\"]}]}<\/script>\n<!-- \/ Yoast SEO plugin. -->","yoast_head_json":{"title":"ACH Deo. Lavanda Bicarbonat Solid - Inspiratio","description":"ACH Deo. Lavanda Bicarbonat Solid","robots":{"index":"index","follow":"follow","max-snippet":"max-snippet:-1","max-image-preview":"max-image-preview:large","max-video-preview":"max-video-preview:-1"},"canonical":"https:\/\/inspiratio.ro\/produs\/ach-deo-lavanda-bicarbonat-solid-2\/","og_locale":"en_US","og_type":"article","og_title":"ACH Deo. Lavanda Bicarbonat Solid - Inspiratio","og_description":"ACH Deo. Lavanda Bicarbonat Solid","og_url":"https:\/\/inspiratio.ro\/produs\/ach-deo-lavanda-bicarbonat-solid-2\/","og_site_name":"Inspiratio","article_publisher":"https:\/\/www.facebook.com\/inspiratiogiftstudio\/","article_modified_time":"2025-09-06T07:57:58+00:00","og_image":[{"width":786,"height":588,"url":"https:\/\/inspiratio.ro\/wp-content\/uploads\/2022\/03\/Screenshot-from-2024-12-15-15-54-07.png","type":"image\/png"}],"twitter_card":"summary_large_image","twitter_misc":{"Est. reading time":"3 minutes"},"schema":{"@context":"https:\/\/schema.org","@graph":[{"@type":"WebPage","@id":"https:\/\/inspiratio.ro\/produs\/ach-deo-lavanda-bicarbonat-solid-2\/","url":"https:\/\/inspiratio.ro\/produs\/ach-deo-lavanda-bicarbonat-solid-2\/","name":"ACH Deo. Lavanda Bicarbonat Solid - Inspiratio","isPartOf":{"@id":"https:\/\/inspiratio.ro\/#website"},"primaryImageOfPage":{"@id":"https:\/\/inspiratio.ro\/produs\/ach-deo-lavanda-bicarbonat-solid-2\/#primaryimage"},"image":{"@id":"https:\/\/inspiratio.ro\/produs\/ach-deo-lavanda-bicarbonat-solid-2\/#primaryimage"},"thumbnailUrl":"https:\/\/inspiratio.ro\/wp-content\/uploads\/2022\/03\/Screenshot-from-2024-12-15-15-54-07.png","datePublished":"2022-03-30T15:34:46+00:00","dateModified":"2025-09-06T07:57:58+00:00","description":"ACH Deo. Lavanda Bicarbonat Solid","breadcrumb":{"@id":"https:\/\/inspiratio.ro\/produs\/ach-deo-lavanda-bicarbonat-solid-2\/#breadcrumb"},"inLanguage":"en-US","potentialAction":[{"@type":"ReadAction","target":["https:\/\/inspiratio.ro\/produs\/ach-deo-lavanda-bicarbonat-solid-2\/"]}]},{"@type":"ImageObject","inLanguage":"en-US","@id":"https:\/\/inspiratio.ro\/produs\/ach-deo-lavanda-bicarbonat-solid-2\/#primaryimage","url":"https:\/\/inspiratio.ro\/wp-content\/uploads\/2022\/03\/Screenshot-from-2024-12-15-15-54-07.png","contentUrl":"https:\/\/inspiratio.ro\/wp-content\/uploads\/2022\/03\/Screenshot-from-2024-12-15-15-54-07.png","width":786,"height":588},{"@type":"BreadcrumbList","@id":"https:\/\/inspiratio.ro\/produs\/ach-deo-lavanda-bicarbonat-solid-2\/#breadcrumb","itemListElement":[{"@type":"ListItem","position":1,"name":"Shop","item":"https:\/\/inspiratio.ro\/magazin-cadouri\/"},{"@type":"ListItem","position":2,"name":"ACH Deo. Lavanda Bicarbonat Solid"}]},{"@type":"WebSite","@id":"https:\/\/inspiratio.ro\/#website","url":"https:\/\/inspiratio.ro\/","name":"Inspiratio","description":"Las\u0103-te purtat de inspira\u021bie","publisher":{"@id":"https:\/\/inspiratio.ro\/#organization"},"potentialAction":[{"@type":"SearchAction","target":{"@type":"EntryPoint","urlTemplate":"https:\/\/inspiratio.ro\/?s={search_term_string}"},"query-input":{"@type":"PropertyValueSpecification","valueRequired":true,"valueName":"search_term_string"}}],"inLanguage":"en-US"},{"@type":"Organization","@id":"https:\/\/inspiratio.ro\/#organization","name":"Inspiratio","url":"https:\/\/inspiratio.ro\/","logo":{"@type":"ImageObject","inLanguage":"en-US","@id":"https:\/\/inspiratio.ro\/#\/schema\/logo\/image\/","url":"https:\/\/inspiratio.ro\/wp-content\/uploads\/2020\/06\/logo-inspiratio.png","contentUrl":"https:\/\/inspiratio.ro\/wp-content\/uploads\/2020\/06\/logo-inspiratio.png","width":232,"height":209,"caption":"Inspiratio"},"image":{"@id":"https:\/\/inspiratio.ro\/#\/schema\/logo\/image\/"},"sameAs":["https:\/\/www.facebook.com\/inspiratiogiftstudio\/","https:\/\/www.instagram.com\/inspiratio_giftstudio\/"]}]}},"brands":[{"id":142,"name":"Green Bubble","slug":"green-bubble"}],"_links":{"self":[{"href":"https:\/\/inspiratio.ro\/en\/wp-json\/wp\/v2\/product\/4443","targetHints":{"allow":["GET"]}}],"collection":[{"href":"https:\/\/inspiratio.ro\/en\/wp-json\/wp\/v2\/product"}],"about":[{"href":"https:\/\/inspiratio.ro\/en\/wp-json\/wp\/v2\/types\/product"}],"replies":[{"embeddable":true,"href":"https:\/\/inspiratio.ro\/en\/wp-json\/wp\/v2\/comments?post=4443"}],"wp:featuredmedia":[{"embeddable":true,"href":"https:\/\/inspiratio.ro\/en\/wp-json\/wp\/v2\/media\/9200"}],"wp:attachment":[{"href":"https:\/\/inspiratio.ro\/en\/wp-json\/wp\/v2\/media?parent=4443"}],"wp:term":[{"taxonomy":"pwb-brand","embeddable":true,"href":"https:\/\/inspiratio.ro\/en\/wp-json\/wp\/v2\/pwb-brand?post=4443"},{"taxonomy":"product_brand","embeddable":true,"href":"https:\/\/inspiratio.ro\/en\/wp-json\/wp\/v2\/product_brand?post=4443"},{"taxonomy":"product_cat","embeddable":true,"href":"https:\/\/inspiratio.ro\/en\/wp-json\/wp\/v2\/product_cat?post=4443"},{"taxonomy":"product_tag","embeddable":true,"href":"https:\/\/inspiratio.ro\/en\/wp-json\/wp\/v2\/product_tag?post=4443"}],"curies":[{"name":"wp","href":"https:\/\/api.w.org\/{rel}","templated":true}]}}