{"id":4442,"date":"2022-03-30T18:24:43","date_gmt":"2022-03-30T15:24:43","guid":{"rendered":"https:\/\/inspiratio.ro\/?post_type=product&#038;p=4442"},"modified":"2024-11-04T14:37:50","modified_gmt":"2024-11-04T12:37:50","slug":"pov-magnet-cu-suport","status":"publish","type":"product","link":"https:\/\/inspiratio.ro\/en\/produs\/pov-magnet-cu-suport\/","title":{"rendered":"Magnet cu suport"},"content":{"rendered":"<p>Magnetul cu suport este o replic\u0103 din ceramic\u0103 a casu\u021belor din diferite zone ale \u021b\u0103rii.<\/p>\n<p>Dimensiune aproximativ\u0103:\u00a0 Lungime 7 cm, l\u0103\u021bime 4 cm, grosime\u00a0 0,5 cm. Aceasta poate varia \u00een func\u021bie de model.<\/p>\n<p>La INSPIRATIO stocurile sunt mereu reduse pentru c\u0103 lucr\u0103m cu artizani \u0219i designeri care manufactureaz\u0103 fiecare produs \u00een parte.<\/p>\n<p>Av\u00e2nd \u00een vedere diversitatea culorilor \u0219i modelelor disponibile \u00een magazin, v\u0103 rug\u0103m s\u0103 ne contacta\u021bi telefonic\/Whatsapp pentru a v\u0103 putea sprijini \u00een alegerea produsului dorit.<\/p>\n<div dir=\"auto\"><\/div>\n<div dir=\"auto\"><strong>Despre Pove\u0219ti din Lut<\/strong><\/div>\n<div dir=\"auto\"><\/div>\n<div dir=\"auto\">Cum sunt oamenii a\u0219a sunt \u0219i caselor lor. Casa este o un fel de hain\u0103 mai mare a noastr\u0103, prin intermediul c\u0103reia, fie c\u0103 dorim, fie c\u0103 nu, ar\u0103t\u0103m cum suntem de fapt.<\/div>\n<div dir=\"auto\">Arhitectura satului tradi\u021bional sau a unui ora\u0219 vechi, armonia dispunerii caselor, echilibrul dimensiunilor lor \u0219i integrarea lor \u00een peisaj, realizeaz\u0103, de fapt, portretul unor oameni frumo\u0219i ce le locuiau.<\/div>\n<div dir=\"auto\">Un sat sau un ora\u0219 vechi reprezint\u0103 o poart\u0103 spre trecut, spre copil\u0103rie \u2013 de aici \u201cPove\u0219ti din Lut\u201d<\/div>\n<div dir=\"auto\">Am \u00eencercat s\u0103 aduc \u00een aten\u021bia oamenilor, prin aceste miniaturi, arhitectura veche caracteristica unor zone din aceast\u0103 \u021bara \u0219i, poate s\u0103 constituie, chiar o surs\u0103 de inspira\u021bie pentru cineva care porne\u0219te azi s\u0103 \u00ee\u0219i construiasc\u0103 o cas\u0103 nou\u0103.<\/div>\n","protected":false},"excerpt":{"rendered":"<p>Magnet ceramic<\/p>\n","protected":false},"featured_media":4416,"comment_status":"closed","ping_status":"closed","template":"","meta":[],"pwb-brand":[64],"product_brand":[],"product_cat":[82,63],"product_tag":[],"class_list":{"0":"post-4442","1":"product","2":"type-product","3":"status-publish","4":"has-post-thumbnail","6":"pwb-brand-povesti-din-lut","7":"product_cat-suveniruri-biserica-neagra","8":"product_cat-suveniruri-transilvania","10":"first","11":"instock","12":"taxable","13":"shipping-taxable","14":"purchasable","15":"product-type-simple"},"yoast_head":"<!-- This site is optimized with the Yoast SEO plugin v26.9 - https:\/\/yoast.com\/product\/yoast-seo-wordpress\/ -->\n<title>POV Magnet cu suport - Inspiratio<\/title>\n<meta name=\"description\" content=\"POV Magnet cu suport\" \/>\n<meta name=\"robots\" content=\"index, follow, max-snippet:-1, max-image-preview:large, max-video-preview:-1\" \/>\n<link rel=\"canonical\" href=\"https:\/\/inspiratio.ro\/produs\/pov-magnet-cu-suport\/\" \/>\n<meta property=\"og:locale\" content=\"en_US\" \/>\n<meta property=\"og:type\" content=\"article\" \/>\n<meta property=\"og:title\" content=\"POV Magnet cu suport - Inspiratio\" \/>\n<meta property=\"og:description\" content=\"POV Magnet cu suport\" \/>\n<meta property=\"og:url\" content=\"https:\/\/inspiratio.ro\/produs\/pov-magnet-cu-suport\/\" \/>\n<meta property=\"og:site_name\" content=\"Inspiratio\" \/>\n<meta property=\"article:publisher\" content=\"https:\/\/www.facebook.com\/inspiratiogiftstudio\/\" \/>\n<meta property=\"article:modified_time\" content=\"2024-11-04T12:37:50+00:00\" \/>\n<meta property=\"og:image\" content=\"https:\/\/inspiratio.ro\/wp-content\/uploads\/2022\/03\/IMG_4239-scaled.jpg\" \/>\n\t<meta property=\"og:image:width\" content=\"2560\" \/>\n\t<meta property=\"og:image:height\" content=\"2560\" \/>\n\t<meta property=\"og:image:type\" content=\"image\/jpeg\" \/>\n<meta name=\"twitter:card\" content=\"summary_large_image\" \/>\n<meta name=\"twitter:label1\" content=\"Est. reading time\" \/>\n\t<meta name=\"twitter:data1\" content=\"2 minutes\" \/>\n<script type=\"application\/ld+json\" class=\"yoast-schema-graph\">{\"@context\":\"https:\/\/schema.org\",\"@graph\":[{\"@type\":\"WebPage\",\"@id\":\"https:\/\/inspiratio.ro\/produs\/pov-magnet-cu-suport\/\",\"url\":\"https:\/\/inspiratio.ro\/produs\/pov-magnet-cu-suport\/\",\"name\":\"POV Magnet cu suport - Inspiratio\",\"isPartOf\":{\"@id\":\"https:\/\/inspiratio.ro\/#website\"},\"primaryImageOfPage\":{\"@id\":\"https:\/\/inspiratio.ro\/produs\/pov-magnet-cu-suport\/#primaryimage\"},\"image\":{\"@id\":\"https:\/\/inspiratio.ro\/produs\/pov-magnet-cu-suport\/#primaryimage\"},\"thumbnailUrl\":\"https:\/\/inspiratio.ro\/wp-content\/uploads\/2022\/03\/IMG_4239-scaled.jpg\",\"datePublished\":\"2022-03-30T15:24:43+00:00\",\"dateModified\":\"2024-11-04T12:37:50+00:00\",\"description\":\"POV Magnet cu suport\",\"breadcrumb\":{\"@id\":\"https:\/\/inspiratio.ro\/produs\/pov-magnet-cu-suport\/#breadcrumb\"},\"inLanguage\":\"en-US\",\"potentialAction\":[{\"@type\":\"ReadAction\",\"target\":[\"https:\/\/inspiratio.ro\/produs\/pov-magnet-cu-suport\/\"]}]},{\"@type\":\"ImageObject\",\"inLanguage\":\"en-US\",\"@id\":\"https:\/\/inspiratio.ro\/produs\/pov-magnet-cu-suport\/#primaryimage\",\"url\":\"https:\/\/inspiratio.ro\/wp-content\/uploads\/2022\/03\/IMG_4239-scaled.jpg\",\"contentUrl\":\"https:\/\/inspiratio.ro\/wp-content\/uploads\/2022\/03\/IMG_4239-scaled.jpg\",\"width\":2560,\"height\":2560},{\"@type\":\"BreadcrumbList\",\"@id\":\"https:\/\/inspiratio.ro\/produs\/pov-magnet-cu-suport\/#breadcrumb\",\"itemListElement\":[{\"@type\":\"ListItem\",\"position\":1,\"name\":\"Shop\",\"item\":\"https:\/\/inspiratio.ro\/magazin-cadouri\/\"},{\"@type\":\"ListItem\",\"position\":2,\"name\":\"POV Magnet cu suport\"}]},{\"@type\":\"WebSite\",\"@id\":\"https:\/\/inspiratio.ro\/#website\",\"url\":\"https:\/\/inspiratio.ro\/\",\"name\":\"Inspiratio\",\"description\":\"Las\u0103-te purtat de inspira\u021bie\",\"publisher\":{\"@id\":\"https:\/\/inspiratio.ro\/#organization\"},\"potentialAction\":[{\"@type\":\"SearchAction\",\"target\":{\"@type\":\"EntryPoint\",\"urlTemplate\":\"https:\/\/inspiratio.ro\/?s={search_term_string}\"},\"query-input\":{\"@type\":\"PropertyValueSpecification\",\"valueRequired\":true,\"valueName\":\"search_term_string\"}}],\"inLanguage\":\"en-US\"},{\"@type\":\"Organization\",\"@id\":\"https:\/\/inspiratio.ro\/#organization\",\"name\":\"Inspiratio\",\"url\":\"https:\/\/inspiratio.ro\/\",\"logo\":{\"@type\":\"ImageObject\",\"inLanguage\":\"en-US\",\"@id\":\"https:\/\/inspiratio.ro\/#\/schema\/logo\/image\/\",\"url\":\"https:\/\/inspiratio.ro\/wp-content\/uploads\/2020\/06\/logo-inspiratio.png\",\"contentUrl\":\"https:\/\/inspiratio.ro\/wp-content\/uploads\/2020\/06\/logo-inspiratio.png\",\"width\":232,\"height\":209,\"caption\":\"Inspiratio\"},\"image\":{\"@id\":\"https:\/\/inspiratio.ro\/#\/schema\/logo\/image\/\"},\"sameAs\":[\"https:\/\/www.facebook.com\/inspiratiogiftstudio\/\",\"https:\/\/www.instagram.com\/inspiratio_giftstudio\/\"]}]}<\/script>\n<!-- \/ Yoast SEO plugin. -->","yoast_head_json":{"title":"POV Magnet cu suport - Inspiratio","description":"POV Magnet cu suport","robots":{"index":"index","follow":"follow","max-snippet":"max-snippet:-1","max-image-preview":"max-image-preview:large","max-video-preview":"max-video-preview:-1"},"canonical":"https:\/\/inspiratio.ro\/produs\/pov-magnet-cu-suport\/","og_locale":"en_US","og_type":"article","og_title":"POV Magnet cu suport - Inspiratio","og_description":"POV Magnet cu suport","og_url":"https:\/\/inspiratio.ro\/produs\/pov-magnet-cu-suport\/","og_site_name":"Inspiratio","article_publisher":"https:\/\/www.facebook.com\/inspiratiogiftstudio\/","article_modified_time":"2024-11-04T12:37:50+00:00","og_image":[{"width":2560,"height":2560,"url":"https:\/\/inspiratio.ro\/wp-content\/uploads\/2022\/03\/IMG_4239-scaled.jpg","type":"image\/jpeg"}],"twitter_card":"summary_large_image","twitter_misc":{"Est. reading time":"2 minutes"},"schema":{"@context":"https:\/\/schema.org","@graph":[{"@type":"WebPage","@id":"https:\/\/inspiratio.ro\/produs\/pov-magnet-cu-suport\/","url":"https:\/\/inspiratio.ro\/produs\/pov-magnet-cu-suport\/","name":"POV Magnet cu suport - Inspiratio","isPartOf":{"@id":"https:\/\/inspiratio.ro\/#website"},"primaryImageOfPage":{"@id":"https:\/\/inspiratio.ro\/produs\/pov-magnet-cu-suport\/#primaryimage"},"image":{"@id":"https:\/\/inspiratio.ro\/produs\/pov-magnet-cu-suport\/#primaryimage"},"thumbnailUrl":"https:\/\/inspiratio.ro\/wp-content\/uploads\/2022\/03\/IMG_4239-scaled.jpg","datePublished":"2022-03-30T15:24:43+00:00","dateModified":"2024-11-04T12:37:50+00:00","description":"POV Magnet cu suport","breadcrumb":{"@id":"https:\/\/inspiratio.ro\/produs\/pov-magnet-cu-suport\/#breadcrumb"},"inLanguage":"en-US","potentialAction":[{"@type":"ReadAction","target":["https:\/\/inspiratio.ro\/produs\/pov-magnet-cu-suport\/"]}]},{"@type":"ImageObject","inLanguage":"en-US","@id":"https:\/\/inspiratio.ro\/produs\/pov-magnet-cu-suport\/#primaryimage","url":"https:\/\/inspiratio.ro\/wp-content\/uploads\/2022\/03\/IMG_4239-scaled.jpg","contentUrl":"https:\/\/inspiratio.ro\/wp-content\/uploads\/2022\/03\/IMG_4239-scaled.jpg","width":2560,"height":2560},{"@type":"BreadcrumbList","@id":"https:\/\/inspiratio.ro\/produs\/pov-magnet-cu-suport\/#breadcrumb","itemListElement":[{"@type":"ListItem","position":1,"name":"Shop","item":"https:\/\/inspiratio.ro\/magazin-cadouri\/"},{"@type":"ListItem","position":2,"name":"POV Magnet cu suport"}]},{"@type":"WebSite","@id":"https:\/\/inspiratio.ro\/#website","url":"https:\/\/inspiratio.ro\/","name":"Inspiratio","description":"Las\u0103-te purtat de inspira\u021bie","publisher":{"@id":"https:\/\/inspiratio.ro\/#organization"},"potentialAction":[{"@type":"SearchAction","target":{"@type":"EntryPoint","urlTemplate":"https:\/\/inspiratio.ro\/?s={search_term_string}"},"query-input":{"@type":"PropertyValueSpecification","valueRequired":true,"valueName":"search_term_string"}}],"inLanguage":"en-US"},{"@type":"Organization","@id":"https:\/\/inspiratio.ro\/#organization","name":"Inspiratio","url":"https:\/\/inspiratio.ro\/","logo":{"@type":"ImageObject","inLanguage":"en-US","@id":"https:\/\/inspiratio.ro\/#\/schema\/logo\/image\/","url":"https:\/\/inspiratio.ro\/wp-content\/uploads\/2020\/06\/logo-inspiratio.png","contentUrl":"https:\/\/inspiratio.ro\/wp-content\/uploads\/2020\/06\/logo-inspiratio.png","width":232,"height":209,"caption":"Inspiratio"},"image":{"@id":"https:\/\/inspiratio.ro\/#\/schema\/logo\/image\/"},"sameAs":["https:\/\/www.facebook.com\/inspiratiogiftstudio\/","https:\/\/www.instagram.com\/inspiratio_giftstudio\/"]}]}},"brands":[{"id":64,"name":"Povesti Din Lut","slug":"povesti-din-lut"}],"_links":{"self":[{"href":"https:\/\/inspiratio.ro\/en\/wp-json\/wp\/v2\/product\/4442","targetHints":{"allow":["GET"]}}],"collection":[{"href":"https:\/\/inspiratio.ro\/en\/wp-json\/wp\/v2\/product"}],"about":[{"href":"https:\/\/inspiratio.ro\/en\/wp-json\/wp\/v2\/types\/product"}],"replies":[{"embeddable":true,"href":"https:\/\/inspiratio.ro\/en\/wp-json\/wp\/v2\/comments?post=4442"}],"wp:featuredmedia":[{"embeddable":true,"href":"https:\/\/inspiratio.ro\/en\/wp-json\/wp\/v2\/media\/4416"}],"wp:attachment":[{"href":"https:\/\/inspiratio.ro\/en\/wp-json\/wp\/v2\/media?parent=4442"}],"wp:term":[{"taxonomy":"pwb-brand","embeddable":true,"href":"https:\/\/inspiratio.ro\/en\/wp-json\/wp\/v2\/pwb-brand?post=4442"},{"taxonomy":"product_brand","embeddable":true,"href":"https:\/\/inspiratio.ro\/en\/wp-json\/wp\/v2\/product_brand?post=4442"},{"taxonomy":"product_cat","embeddable":true,"href":"https:\/\/inspiratio.ro\/en\/wp-json\/wp\/v2\/product_cat?post=4442"},{"taxonomy":"product_tag","embeddable":true,"href":"https:\/\/inspiratio.ro\/en\/wp-json\/wp\/v2\/product_tag?post=4442"}],"curies":[{"name":"wp","href":"https:\/\/api.w.org\/{rel}","templated":true}]}}