{"id":4441,"date":"2022-03-30T18:18:01","date_gmt":"2022-03-30T15:18:01","guid":{"rendered":"https:\/\/inspiratio.ro\/?post_type=product&#038;p=4441"},"modified":"2025-04-15T13:27:57","modified_gmt":"2025-04-15T10:27:57","slug":"pov-casute-germane-mici-ceramica","status":"publish","type":"product","link":"https:\/\/inspiratio.ro\/en\/produs\/pov-casute-germane-mici-ceramica\/","title":{"rendered":"C\u0103su\u021be germane mici ceramic\u0103"},"content":{"rendered":"<p>Replic\u0103 din ceramic\u0103 a casu\u021belor s\u0103se\u0219ti din zona Transilvaniei.<\/p>\n<p>Dimensiune aproximativ\u0103:\u00a0 Lungime 3 cm, l\u0103\u021bime 2 cm, \u00een\u0103l\u021bime 4 cm. Aceasta poate varia \u00een func\u021bie de model.<\/p>\n<p>La INSPIRATIO stocurile sunt mereu reduse pentru c\u0103 lucr\u0103m cu artizani \u0219i designeri care manufactureaz\u0103 fiecare produs \u00een parte.<\/p>\n<p>Av\u00e2nd \u00een vedere diversitatea culorilor \u0219i modelelor disponibile \u00een magazin, v\u0103 rug\u0103m s\u0103 ne contacta\u021bi telefonic\/Whatsapp pentru a v\u0103 putea sprijini \u00een alegerea produsului dorit.<\/p>\n<div dir=\"auto\"><\/div>\n<div dir=\"auto\"><strong>Despre Pove\u0219ti din Lut<\/strong><\/div>\n<div dir=\"auto\"><\/div>\n<div dir=\"auto\">Cum sunt oamenii a\u0219a sunt \u0219i caselor lor. Casa este o un fel de hain\u0103 mai mare a noastr\u0103, prin intermediul c\u0103reia, fie c\u0103 dorim, fie c\u0103 nu, ar\u0103t\u0103m cum suntem de fapt.<\/div>\n<div dir=\"auto\">Arhitectura satului tradi\u021bional sau a unui ora\u0219 vechi, armonia dispunerii caselor, echilibrul dimensiunilor lor \u0219i integrarea lor \u00een peisaj, realizeaz\u0103, de fapt, portretul unor oameni frumo\u0219i ce le locuiau.<\/div>\n<div dir=\"auto\">Un sat sau un ora\u0219 vechi reprezint\u0103 o poart\u0103 spre trecut, spre copil\u0103rie \u2013 de aici \u201cPove\u0219ti din Lut\u201d<\/div>\n<div dir=\"auto\">Am \u00eencercat s\u0103 aduc \u00een aten\u021bia oamenilor, prin aceste miniaturi, arhitectura veche caracteristica unor zone din aceast\u0103 \u021bara \u0219i, poate s\u0103 constituie, chiar o surs\u0103 de inspira\u021bie pentru cineva care porne\u0219te azi s\u0103 \u00ee\u0219i construiasc\u0103 o cas\u0103 nou\u0103.<\/div>\n","protected":false},"excerpt":{"rendered":"<p>Replic\u0103 din ceramic\u0103 a casu\u021belor s\u0103se\u0219ti din zona Transilvaniei. Dimensiune aproximativ\u0103:\u00a0 Lungime 3 cm, l\u0103\u021bime 2 cm, \u00een\u0103l\u021bime 4 cm. Aceasta poate varia \u00een func\u021bie de model. La INSPIRATIO stocurile sunt mereu reduse pentru c\u0103 lucr\u0103m cu artizani \u0219i designeri care manufactureaz\u0103 fiecare produs \u00een parte. Av\u00e2nd \u00een vedere diversitatea culorilor \u0219i modelelor disponibile \u00een [&hellip;]<\/p>\n","protected":false},"featured_media":4421,"comment_status":"closed","ping_status":"closed","template":"","meta":[],"pwb-brand":[64],"product_brand":[],"product_cat":[82,63],"product_tag":[],"class_list":{"0":"post-4441","1":"product","2":"type-product","3":"status-publish","4":"has-post-thumbnail","6":"pwb-brand-povesti-din-lut","7":"product_cat-suveniruri-biserica-neagra","8":"product_cat-suveniruri-transilvania","10":"first","11":"instock","12":"taxable","13":"shipping-taxable","14":"purchasable","15":"product-type-simple"},"yoast_head":"<!-- This site is optimized with the Yoast SEO plugin v26.9 - https:\/\/yoast.com\/product\/yoast-seo-wordpress\/ -->\n<title>POV C\u0103su\u021be germane mici ceramic\u0103 - Inspiratio<\/title>\n<meta name=\"description\" content=\"POV C\u0103su\u021be germane mici ceramic\u0103\" \/>\n<meta name=\"robots\" content=\"index, follow, max-snippet:-1, max-image-preview:large, max-video-preview:-1\" \/>\n<link rel=\"canonical\" href=\"https:\/\/inspiratio.ro\/produs\/pov-casute-germane-mici-ceramica\/\" \/>\n<meta property=\"og:locale\" content=\"en_US\" \/>\n<meta property=\"og:type\" content=\"article\" \/>\n<meta property=\"og:title\" content=\"POV C\u0103su\u021be germane mici ceramic\u0103 - Inspiratio\" \/>\n<meta property=\"og:description\" content=\"POV C\u0103su\u021be germane mici ceramic\u0103\" \/>\n<meta property=\"og:url\" content=\"https:\/\/inspiratio.ro\/produs\/pov-casute-germane-mici-ceramica\/\" \/>\n<meta property=\"og:site_name\" content=\"Inspiratio\" \/>\n<meta property=\"article:publisher\" content=\"https:\/\/www.facebook.com\/inspiratiogiftstudio\/\" \/>\n<meta property=\"article:modified_time\" content=\"2025-04-15T10:27:57+00:00\" \/>\n<meta property=\"og:image\" content=\"https:\/\/inspiratio.ro\/wp-content\/uploads\/2022\/03\/IMG_4257-scaled.jpg\" \/>\n\t<meta property=\"og:image:width\" content=\"2560\" \/>\n\t<meta property=\"og:image:height\" content=\"2560\" \/>\n\t<meta property=\"og:image:type\" content=\"image\/jpeg\" \/>\n<meta name=\"twitter:card\" content=\"summary_large_image\" \/>\n<meta name=\"twitter:label1\" content=\"Est. reading time\" \/>\n\t<meta name=\"twitter:data1\" content=\"2 minutes\" \/>\n<script type=\"application\/ld+json\" class=\"yoast-schema-graph\">{\"@context\":\"https:\/\/schema.org\",\"@graph\":[{\"@type\":\"WebPage\",\"@id\":\"https:\/\/inspiratio.ro\/produs\/pov-casute-germane-mici-ceramica\/\",\"url\":\"https:\/\/inspiratio.ro\/produs\/pov-casute-germane-mici-ceramica\/\",\"name\":\"POV C\u0103su\u021be germane mici ceramic\u0103 - Inspiratio\",\"isPartOf\":{\"@id\":\"https:\/\/inspiratio.ro\/#website\"},\"primaryImageOfPage\":{\"@id\":\"https:\/\/inspiratio.ro\/produs\/pov-casute-germane-mici-ceramica\/#primaryimage\"},\"image\":{\"@id\":\"https:\/\/inspiratio.ro\/produs\/pov-casute-germane-mici-ceramica\/#primaryimage\"},\"thumbnailUrl\":\"https:\/\/inspiratio.ro\/wp-content\/uploads\/2022\/03\/IMG_4257-scaled.jpg\",\"datePublished\":\"2022-03-30T15:18:01+00:00\",\"dateModified\":\"2025-04-15T10:27:57+00:00\",\"description\":\"POV C\u0103su\u021be germane mici ceramic\u0103\",\"breadcrumb\":{\"@id\":\"https:\/\/inspiratio.ro\/produs\/pov-casute-germane-mici-ceramica\/#breadcrumb\"},\"inLanguage\":\"en-US\",\"potentialAction\":[{\"@type\":\"ReadAction\",\"target\":[\"https:\/\/inspiratio.ro\/produs\/pov-casute-germane-mici-ceramica\/\"]}]},{\"@type\":\"ImageObject\",\"inLanguage\":\"en-US\",\"@id\":\"https:\/\/inspiratio.ro\/produs\/pov-casute-germane-mici-ceramica\/#primaryimage\",\"url\":\"https:\/\/inspiratio.ro\/wp-content\/uploads\/2022\/03\/IMG_4257-scaled.jpg\",\"contentUrl\":\"https:\/\/inspiratio.ro\/wp-content\/uploads\/2022\/03\/IMG_4257-scaled.jpg\",\"width\":2560,\"height\":2560},{\"@type\":\"BreadcrumbList\",\"@id\":\"https:\/\/inspiratio.ro\/produs\/pov-casute-germane-mici-ceramica\/#breadcrumb\",\"itemListElement\":[{\"@type\":\"ListItem\",\"position\":1,\"name\":\"Shop\",\"item\":\"https:\/\/inspiratio.ro\/magazin-cadouri\/\"},{\"@type\":\"ListItem\",\"position\":2,\"name\":\"POV C\u0103su\u021be germane mici ceramic\u0103\"}]},{\"@type\":\"WebSite\",\"@id\":\"https:\/\/inspiratio.ro\/#website\",\"url\":\"https:\/\/inspiratio.ro\/\",\"name\":\"Inspiratio\",\"description\":\"Las\u0103-te purtat de inspira\u021bie\",\"publisher\":{\"@id\":\"https:\/\/inspiratio.ro\/#organization\"},\"potentialAction\":[{\"@type\":\"SearchAction\",\"target\":{\"@type\":\"EntryPoint\",\"urlTemplate\":\"https:\/\/inspiratio.ro\/?s={search_term_string}\"},\"query-input\":{\"@type\":\"PropertyValueSpecification\",\"valueRequired\":true,\"valueName\":\"search_term_string\"}}],\"inLanguage\":\"en-US\"},{\"@type\":\"Organization\",\"@id\":\"https:\/\/inspiratio.ro\/#organization\",\"name\":\"Inspiratio\",\"url\":\"https:\/\/inspiratio.ro\/\",\"logo\":{\"@type\":\"ImageObject\",\"inLanguage\":\"en-US\",\"@id\":\"https:\/\/inspiratio.ro\/#\/schema\/logo\/image\/\",\"url\":\"https:\/\/inspiratio.ro\/wp-content\/uploads\/2020\/06\/logo-inspiratio.png\",\"contentUrl\":\"https:\/\/inspiratio.ro\/wp-content\/uploads\/2020\/06\/logo-inspiratio.png\",\"width\":232,\"height\":209,\"caption\":\"Inspiratio\"},\"image\":{\"@id\":\"https:\/\/inspiratio.ro\/#\/schema\/logo\/image\/\"},\"sameAs\":[\"https:\/\/www.facebook.com\/inspiratiogiftstudio\/\",\"https:\/\/www.instagram.com\/inspiratio_giftstudio\/\"]}]}<\/script>\n<!-- \/ Yoast SEO plugin. -->","yoast_head_json":{"title":"POV C\u0103su\u021be germane mici ceramic\u0103 - Inspiratio","description":"POV C\u0103su\u021be germane mici ceramic\u0103","robots":{"index":"index","follow":"follow","max-snippet":"max-snippet:-1","max-image-preview":"max-image-preview:large","max-video-preview":"max-video-preview:-1"},"canonical":"https:\/\/inspiratio.ro\/produs\/pov-casute-germane-mici-ceramica\/","og_locale":"en_US","og_type":"article","og_title":"POV C\u0103su\u021be germane mici ceramic\u0103 - Inspiratio","og_description":"POV C\u0103su\u021be germane mici ceramic\u0103","og_url":"https:\/\/inspiratio.ro\/produs\/pov-casute-germane-mici-ceramica\/","og_site_name":"Inspiratio","article_publisher":"https:\/\/www.facebook.com\/inspiratiogiftstudio\/","article_modified_time":"2025-04-15T10:27:57+00:00","og_image":[{"width":2560,"height":2560,"url":"https:\/\/inspiratio.ro\/wp-content\/uploads\/2022\/03\/IMG_4257-scaled.jpg","type":"image\/jpeg"}],"twitter_card":"summary_large_image","twitter_misc":{"Est. reading time":"2 minutes"},"schema":{"@context":"https:\/\/schema.org","@graph":[{"@type":"WebPage","@id":"https:\/\/inspiratio.ro\/produs\/pov-casute-germane-mici-ceramica\/","url":"https:\/\/inspiratio.ro\/produs\/pov-casute-germane-mici-ceramica\/","name":"POV C\u0103su\u021be germane mici ceramic\u0103 - Inspiratio","isPartOf":{"@id":"https:\/\/inspiratio.ro\/#website"},"primaryImageOfPage":{"@id":"https:\/\/inspiratio.ro\/produs\/pov-casute-germane-mici-ceramica\/#primaryimage"},"image":{"@id":"https:\/\/inspiratio.ro\/produs\/pov-casute-germane-mici-ceramica\/#primaryimage"},"thumbnailUrl":"https:\/\/inspiratio.ro\/wp-content\/uploads\/2022\/03\/IMG_4257-scaled.jpg","datePublished":"2022-03-30T15:18:01+00:00","dateModified":"2025-04-15T10:27:57+00:00","description":"POV C\u0103su\u021be germane mici ceramic\u0103","breadcrumb":{"@id":"https:\/\/inspiratio.ro\/produs\/pov-casute-germane-mici-ceramica\/#breadcrumb"},"inLanguage":"en-US","potentialAction":[{"@type":"ReadAction","target":["https:\/\/inspiratio.ro\/produs\/pov-casute-germane-mici-ceramica\/"]}]},{"@type":"ImageObject","inLanguage":"en-US","@id":"https:\/\/inspiratio.ro\/produs\/pov-casute-germane-mici-ceramica\/#primaryimage","url":"https:\/\/inspiratio.ro\/wp-content\/uploads\/2022\/03\/IMG_4257-scaled.jpg","contentUrl":"https:\/\/inspiratio.ro\/wp-content\/uploads\/2022\/03\/IMG_4257-scaled.jpg","width":2560,"height":2560},{"@type":"BreadcrumbList","@id":"https:\/\/inspiratio.ro\/produs\/pov-casute-germane-mici-ceramica\/#breadcrumb","itemListElement":[{"@type":"ListItem","position":1,"name":"Shop","item":"https:\/\/inspiratio.ro\/magazin-cadouri\/"},{"@type":"ListItem","position":2,"name":"POV C\u0103su\u021be germane mici ceramic\u0103"}]},{"@type":"WebSite","@id":"https:\/\/inspiratio.ro\/#website","url":"https:\/\/inspiratio.ro\/","name":"Inspiratio","description":"Las\u0103-te purtat de inspira\u021bie","publisher":{"@id":"https:\/\/inspiratio.ro\/#organization"},"potentialAction":[{"@type":"SearchAction","target":{"@type":"EntryPoint","urlTemplate":"https:\/\/inspiratio.ro\/?s={search_term_string}"},"query-input":{"@type":"PropertyValueSpecification","valueRequired":true,"valueName":"search_term_string"}}],"inLanguage":"en-US"},{"@type":"Organization","@id":"https:\/\/inspiratio.ro\/#organization","name":"Inspiratio","url":"https:\/\/inspiratio.ro\/","logo":{"@type":"ImageObject","inLanguage":"en-US","@id":"https:\/\/inspiratio.ro\/#\/schema\/logo\/image\/","url":"https:\/\/inspiratio.ro\/wp-content\/uploads\/2020\/06\/logo-inspiratio.png","contentUrl":"https:\/\/inspiratio.ro\/wp-content\/uploads\/2020\/06\/logo-inspiratio.png","width":232,"height":209,"caption":"Inspiratio"},"image":{"@id":"https:\/\/inspiratio.ro\/#\/schema\/logo\/image\/"},"sameAs":["https:\/\/www.facebook.com\/inspiratiogiftstudio\/","https:\/\/www.instagram.com\/inspiratio_giftstudio\/"]}]}},"brands":[{"id":64,"name":"Povesti Din Lut","slug":"povesti-din-lut"}],"_links":{"self":[{"href":"https:\/\/inspiratio.ro\/en\/wp-json\/wp\/v2\/product\/4441","targetHints":{"allow":["GET"]}}],"collection":[{"href":"https:\/\/inspiratio.ro\/en\/wp-json\/wp\/v2\/product"}],"about":[{"href":"https:\/\/inspiratio.ro\/en\/wp-json\/wp\/v2\/types\/product"}],"replies":[{"embeddable":true,"href":"https:\/\/inspiratio.ro\/en\/wp-json\/wp\/v2\/comments?post=4441"}],"wp:featuredmedia":[{"embeddable":true,"href":"https:\/\/inspiratio.ro\/en\/wp-json\/wp\/v2\/media\/4421"}],"wp:attachment":[{"href":"https:\/\/inspiratio.ro\/en\/wp-json\/wp\/v2\/media?parent=4441"}],"wp:term":[{"taxonomy":"pwb-brand","embeddable":true,"href":"https:\/\/inspiratio.ro\/en\/wp-json\/wp\/v2\/pwb-brand?post=4441"},{"taxonomy":"product_brand","embeddable":true,"href":"https:\/\/inspiratio.ro\/en\/wp-json\/wp\/v2\/product_brand?post=4441"},{"taxonomy":"product_cat","embeddable":true,"href":"https:\/\/inspiratio.ro\/en\/wp-json\/wp\/v2\/product_cat?post=4441"},{"taxonomy":"product_tag","embeddable":true,"href":"https:\/\/inspiratio.ro\/en\/wp-json\/wp\/v2\/product_tag?post=4441"}],"curies":[{"name":"wp","href":"https:\/\/api.w.org\/{rel}","templated":true}]}}