{"id":4388,"date":"2022-03-30T15:37:46","date_gmt":"2022-03-30T12:37:46","guid":{"rendered":"https:\/\/inspiratio.ro\/?post_type=product&#038;p=4388"},"modified":"2024-12-22T12:15:30","modified_gmt":"2024-12-22T10:15:30","slug":"mar-esarfa-90x90","status":"publish","type":"product","link":"https:\/\/inspiratio.ro\/en\/produs\/mar-esarfa-90x90\/","title":{"rendered":"E\u0219arf\u0103 90&#215;90"},"content":{"rendered":"<h2 style=\"font-weight: 100;\">E\u0219arfe medii 90 cm<\/h2>\n<p style=\"font-weight: 400;\">Edi\u021bia de e\u0219arfe \u2018Les Nouvelles Carr\u00e9s\u2019 din m\u0103tase natural\u0103 este alc\u0103tuit\u0103 din piese cu un design rafinat, boem, pentru o \u021binut\u0103 plin\u0103 de farmec \u0219i feminitate.<\/p>\n<p style=\"font-weight: 400;\">Marie Nouvelle transpune o lume special\u0103 captat\u0103 din pictur\u0103 pe \u021bes\u0103turi fine, naturale.<\/p>\n<p style=\"font-weight: 400;\">Pictura Mariei este imprimat\u0103 direct pe m\u0103tasea fin\u0103, natural\u0103. Folosind \u00een exclusivitate m\u0103tase natural\u0103, e\u0219arfele sunt adev\u0103rate opere de art\u0103 ce au scopul s\u0103 trezeasc\u0103 emo\u021bie, vise \u0219i s\u0103 sublinieze frumuse\u021bea \u0219i unicitatea purt\u0103toarei lor.<\/p>\n<p style=\"font-weight: 400;\">E\u0219arfele pictate au dimensiunea de 90 x 90 cm \u0219i vin ambalate \u00eentr-o cutie delicat\u0103.<\/p>\n<p dir=\"ltr\">Compozi\u021bie: 100% m\u0103tase natural\u0103.<\/p>\n<p dir=\"ltr\">Produs\u0103 \u00een Londra.<\/p>\n<p>\u021aes\u0103tura delicat\u0103. Cur\u0103\u021bare dry cleaning.<\/p>\n<p>Aceast\u0103 e\u0219arf\u0103 din m\u0103tase natural\u0103 poart\u0103 semn\u0103tura stilului rafinat \u0219i feminin Marie Nouvelle. Imprimeul delicat al lucr\u0103rii este inspirat din lucrarea de art\u0103 a Mariei ce poart\u0103 acela\u0219i nume.<\/p>\n<p>M\u0103tasea este un material natural iar fibra \u021bes\u0103turii este uneori neregulat\u0103, mai ales c\u00e2nd vine vorba de materialele fine. Nuan\u021bele \u0219i tonurile pot varia de la un produs la altul. C\u00e2nd are loc printarea, materialul este deta\u0219at de pe o rol\u0103, este purtat de ma\u0219ini, \u0219i apoi este aplicat pe o curea adeziv\u0103 permanent\u0103. \u00cen acest stadiu, materialul nu poate fi manipulat sau reglat \u00een timpul print\u0103rii.<\/p>\n<p>Printurile care au margini \u0219i linii drepte au cel mai mare risc de a fi distorsionate din cauza mi\u0219c\u0103rii \u021bes\u0103turii. Poate avea loc o mic\u0219orare de 2-3 cm la m\u0103tase. Acest lucru nu este constant, \u0219i poate varia depinz\u00e2nd de rola, sau de lotul de \u021bes\u0103tur\u0103. M\u0103tasea este un material natural, \u021besut \u00een mod tradi\u021bional. Str\u00e2mtarea materialului este un efect ce ne dep\u0103\u0219e\u0219te controlul.<\/p>\n<p>Marie Nouvelle Design va depune un efort constant pentru a livra materiale de cea mai \u00eenalt\u0103 calitate, \u00eens\u0103 compania nu va fi \u021binut\u0103 r\u0103spunz\u0103toare pentru diferen\u021be de nuan\u021b\u0103, textur\u0103, dimensiune ce provin de la furnizorii no\u0219tri.<\/p>\n<div id=\"category-description\">\n<p>La INSPIRATIO stocurile sunt mereu reduse pentru c\u0103 lucr\u0103m cu artizani \u0219i designeri care manufactureaz\u0103 fiecare produs \u00een parte.<\/p>\n<p>Av\u00e2nd \u00een vedere diversitatea modelelor \u0219i culorilor disponibile \u00een magazin, v\u0103 rug\u0103m s\u0103 ne contacta\u021bi telefonic\/Whatsapp pentru a v\u0103 putea sprijini \u00een alegerea produsului dorit.<\/p>\n<\/div>\n","protected":false},"excerpt":{"rendered":"<p>E\u0219arfe medii 90 cm Edi\u021bia de e\u0219arfe \u2018Les Nouvelles Carr\u00e9s\u2019 din m\u0103tase natural\u0103 este alc\u0103tuit\u0103 din piese cu un design rafinat, boem, pentru o \u021binut\u0103 plin\u0103 de farmec \u0219i feminitate. Marie Nouvelle transpune o lume special\u0103 captat\u0103 din pictur\u0103 pe \u021bes\u0103turi fine, naturale. Pictura Mariei este imprimat\u0103 direct pe m\u0103tasea fin\u0103, natural\u0103. Folosind \u00een exclusivitate [&hellip;]<\/p>\n","protected":false},"featured_media":4392,"comment_status":"open","ping_status":"closed","template":"","meta":[],"pwb-brand":[33],"product_brand":[],"product_cat":[87,17],"product_tag":[],"class_list":{"0":"post-4388","1":"product","2":"type-product","3":"status-publish","4":"has-post-thumbnail","6":"pwb-brand-marie-nouvelle","7":"product_cat-to-wear","8":"product_cat-haine-si-accesorii","10":"first","11":"instock","12":"taxable","13":"shipping-taxable","14":"purchasable","15":"product-type-simple"},"yoast_head":"<!-- This site is optimized with the Yoast SEO plugin v26.9 - https:\/\/yoast.com\/product\/yoast-seo-wordpress\/ -->\n<title>MAR E\u0219arf\u0103 90x90 - Inspiratio<\/title>\n<meta name=\"description\" content=\"MAR E\u0219arf\u0103 90x90\" \/>\n<meta name=\"robots\" content=\"index, follow, max-snippet:-1, max-image-preview:large, max-video-preview:-1\" \/>\n<link rel=\"canonical\" href=\"https:\/\/inspiratio.ro\/produs\/mar-esarfa-90x90\/\" \/>\n<meta property=\"og:locale\" content=\"en_US\" \/>\n<meta property=\"og:type\" content=\"article\" \/>\n<meta property=\"og:title\" content=\"MAR E\u0219arf\u0103 90x90 - Inspiratio\" \/>\n<meta property=\"og:description\" content=\"MAR E\u0219arf\u0103 90x90\" \/>\n<meta property=\"og:url\" content=\"https:\/\/inspiratio.ro\/produs\/mar-esarfa-90x90\/\" \/>\n<meta property=\"og:site_name\" content=\"Inspiratio\" \/>\n<meta property=\"article:publisher\" content=\"https:\/\/www.facebook.com\/inspiratiogiftstudio\/\" \/>\n<meta property=\"article:modified_time\" content=\"2024-12-22T10:15:30+00:00\" \/>\n<meta property=\"og:image\" content=\"https:\/\/inspiratio.ro\/wp-content\/uploads\/2022\/03\/esarfa-matase-reign-90.jpg\" \/>\n\t<meta property=\"og:image:width\" content=\"1000\" \/>\n\t<meta property=\"og:image:height\" content=\"1300\" \/>\n\t<meta property=\"og:image:type\" content=\"image\/jpeg\" \/>\n<meta name=\"twitter:card\" content=\"summary_large_image\" \/>\n<meta name=\"twitter:label1\" content=\"Est. reading time\" \/>\n\t<meta name=\"twitter:data1\" content=\"3 minutes\" \/>\n<script type=\"application\/ld+json\" class=\"yoast-schema-graph\">{\"@context\":\"https:\/\/schema.org\",\"@graph\":[{\"@type\":\"WebPage\",\"@id\":\"https:\/\/inspiratio.ro\/produs\/mar-esarfa-90x90\/\",\"url\":\"https:\/\/inspiratio.ro\/produs\/mar-esarfa-90x90\/\",\"name\":\"MAR E\u0219arf\u0103 90x90 - Inspiratio\",\"isPartOf\":{\"@id\":\"https:\/\/inspiratio.ro\/#website\"},\"primaryImageOfPage\":{\"@id\":\"https:\/\/inspiratio.ro\/produs\/mar-esarfa-90x90\/#primaryimage\"},\"image\":{\"@id\":\"https:\/\/inspiratio.ro\/produs\/mar-esarfa-90x90\/#primaryimage\"},\"thumbnailUrl\":\"https:\/\/inspiratio.ro\/wp-content\/uploads\/2022\/03\/esarfa-matase-reign-90.jpg\",\"datePublished\":\"2022-03-30T12:37:46+00:00\",\"dateModified\":\"2024-12-22T10:15:30+00:00\",\"description\":\"MAR E\u0219arf\u0103 90x90\",\"breadcrumb\":{\"@id\":\"https:\/\/inspiratio.ro\/produs\/mar-esarfa-90x90\/#breadcrumb\"},\"inLanguage\":\"en-US\",\"potentialAction\":[{\"@type\":\"ReadAction\",\"target\":[\"https:\/\/inspiratio.ro\/produs\/mar-esarfa-90x90\/\"]}]},{\"@type\":\"ImageObject\",\"inLanguage\":\"en-US\",\"@id\":\"https:\/\/inspiratio.ro\/produs\/mar-esarfa-90x90\/#primaryimage\",\"url\":\"https:\/\/inspiratio.ro\/wp-content\/uploads\/2022\/03\/esarfa-matase-reign-90.jpg\",\"contentUrl\":\"https:\/\/inspiratio.ro\/wp-content\/uploads\/2022\/03\/esarfa-matase-reign-90.jpg\",\"width\":1000,\"height\":1300},{\"@type\":\"BreadcrumbList\",\"@id\":\"https:\/\/inspiratio.ro\/produs\/mar-esarfa-90x90\/#breadcrumb\",\"itemListElement\":[{\"@type\":\"ListItem\",\"position\":1,\"name\":\"Shop\",\"item\":\"https:\/\/inspiratio.ro\/magazin-cadouri\/\"},{\"@type\":\"ListItem\",\"position\":2,\"name\":\"MAR E\u0219arf\u0103 90&#215;90\"}]},{\"@type\":\"WebSite\",\"@id\":\"https:\/\/inspiratio.ro\/#website\",\"url\":\"https:\/\/inspiratio.ro\/\",\"name\":\"Inspiratio\",\"description\":\"Las\u0103-te purtat de inspira\u021bie\",\"publisher\":{\"@id\":\"https:\/\/inspiratio.ro\/#organization\"},\"potentialAction\":[{\"@type\":\"SearchAction\",\"target\":{\"@type\":\"EntryPoint\",\"urlTemplate\":\"https:\/\/inspiratio.ro\/?s={search_term_string}\"},\"query-input\":{\"@type\":\"PropertyValueSpecification\",\"valueRequired\":true,\"valueName\":\"search_term_string\"}}],\"inLanguage\":\"en-US\"},{\"@type\":\"Organization\",\"@id\":\"https:\/\/inspiratio.ro\/#organization\",\"name\":\"Inspiratio\",\"url\":\"https:\/\/inspiratio.ro\/\",\"logo\":{\"@type\":\"ImageObject\",\"inLanguage\":\"en-US\",\"@id\":\"https:\/\/inspiratio.ro\/#\/schema\/logo\/image\/\",\"url\":\"https:\/\/inspiratio.ro\/wp-content\/uploads\/2020\/06\/logo-inspiratio.png\",\"contentUrl\":\"https:\/\/inspiratio.ro\/wp-content\/uploads\/2020\/06\/logo-inspiratio.png\",\"width\":232,\"height\":209,\"caption\":\"Inspiratio\"},\"image\":{\"@id\":\"https:\/\/inspiratio.ro\/#\/schema\/logo\/image\/\"},\"sameAs\":[\"https:\/\/www.facebook.com\/inspiratiogiftstudio\/\",\"https:\/\/www.instagram.com\/inspiratio_giftstudio\/\"]}]}<\/script>\n<!-- \/ Yoast SEO plugin. -->","yoast_head_json":{"title":"MAR E\u0219arf\u0103 90x90 - Inspiratio","description":"MAR E\u0219arf\u0103 90x90","robots":{"index":"index","follow":"follow","max-snippet":"max-snippet:-1","max-image-preview":"max-image-preview:large","max-video-preview":"max-video-preview:-1"},"canonical":"https:\/\/inspiratio.ro\/produs\/mar-esarfa-90x90\/","og_locale":"en_US","og_type":"article","og_title":"MAR E\u0219arf\u0103 90x90 - Inspiratio","og_description":"MAR E\u0219arf\u0103 90x90","og_url":"https:\/\/inspiratio.ro\/produs\/mar-esarfa-90x90\/","og_site_name":"Inspiratio","article_publisher":"https:\/\/www.facebook.com\/inspiratiogiftstudio\/","article_modified_time":"2024-12-22T10:15:30+00:00","og_image":[{"width":1000,"height":1300,"url":"https:\/\/inspiratio.ro\/wp-content\/uploads\/2022\/03\/esarfa-matase-reign-90.jpg","type":"image\/jpeg"}],"twitter_card":"summary_large_image","twitter_misc":{"Est. reading time":"3 minutes"},"schema":{"@context":"https:\/\/schema.org","@graph":[{"@type":"WebPage","@id":"https:\/\/inspiratio.ro\/produs\/mar-esarfa-90x90\/","url":"https:\/\/inspiratio.ro\/produs\/mar-esarfa-90x90\/","name":"MAR E\u0219arf\u0103 90x90 - Inspiratio","isPartOf":{"@id":"https:\/\/inspiratio.ro\/#website"},"primaryImageOfPage":{"@id":"https:\/\/inspiratio.ro\/produs\/mar-esarfa-90x90\/#primaryimage"},"image":{"@id":"https:\/\/inspiratio.ro\/produs\/mar-esarfa-90x90\/#primaryimage"},"thumbnailUrl":"https:\/\/inspiratio.ro\/wp-content\/uploads\/2022\/03\/esarfa-matase-reign-90.jpg","datePublished":"2022-03-30T12:37:46+00:00","dateModified":"2024-12-22T10:15:30+00:00","description":"MAR E\u0219arf\u0103 90x90","breadcrumb":{"@id":"https:\/\/inspiratio.ro\/produs\/mar-esarfa-90x90\/#breadcrumb"},"inLanguage":"en-US","potentialAction":[{"@type":"ReadAction","target":["https:\/\/inspiratio.ro\/produs\/mar-esarfa-90x90\/"]}]},{"@type":"ImageObject","inLanguage":"en-US","@id":"https:\/\/inspiratio.ro\/produs\/mar-esarfa-90x90\/#primaryimage","url":"https:\/\/inspiratio.ro\/wp-content\/uploads\/2022\/03\/esarfa-matase-reign-90.jpg","contentUrl":"https:\/\/inspiratio.ro\/wp-content\/uploads\/2022\/03\/esarfa-matase-reign-90.jpg","width":1000,"height":1300},{"@type":"BreadcrumbList","@id":"https:\/\/inspiratio.ro\/produs\/mar-esarfa-90x90\/#breadcrumb","itemListElement":[{"@type":"ListItem","position":1,"name":"Shop","item":"https:\/\/inspiratio.ro\/magazin-cadouri\/"},{"@type":"ListItem","position":2,"name":"MAR E\u0219arf\u0103 90&#215;90"}]},{"@type":"WebSite","@id":"https:\/\/inspiratio.ro\/#website","url":"https:\/\/inspiratio.ro\/","name":"Inspiratio","description":"Las\u0103-te purtat de inspira\u021bie","publisher":{"@id":"https:\/\/inspiratio.ro\/#organization"},"potentialAction":[{"@type":"SearchAction","target":{"@type":"EntryPoint","urlTemplate":"https:\/\/inspiratio.ro\/?s={search_term_string}"},"query-input":{"@type":"PropertyValueSpecification","valueRequired":true,"valueName":"search_term_string"}}],"inLanguage":"en-US"},{"@type":"Organization","@id":"https:\/\/inspiratio.ro\/#organization","name":"Inspiratio","url":"https:\/\/inspiratio.ro\/","logo":{"@type":"ImageObject","inLanguage":"en-US","@id":"https:\/\/inspiratio.ro\/#\/schema\/logo\/image\/","url":"https:\/\/inspiratio.ro\/wp-content\/uploads\/2020\/06\/logo-inspiratio.png","contentUrl":"https:\/\/inspiratio.ro\/wp-content\/uploads\/2020\/06\/logo-inspiratio.png","width":232,"height":209,"caption":"Inspiratio"},"image":{"@id":"https:\/\/inspiratio.ro\/#\/schema\/logo\/image\/"},"sameAs":["https:\/\/www.facebook.com\/inspiratiogiftstudio\/","https:\/\/www.instagram.com\/inspiratio_giftstudio\/"]}]}},"brands":[{"id":33,"name":"Marie Nouvelle","slug":"marie-nouvelle"}],"_links":{"self":[{"href":"https:\/\/inspiratio.ro\/en\/wp-json\/wp\/v2\/product\/4388","targetHints":{"allow":["GET"]}}],"collection":[{"href":"https:\/\/inspiratio.ro\/en\/wp-json\/wp\/v2\/product"}],"about":[{"href":"https:\/\/inspiratio.ro\/en\/wp-json\/wp\/v2\/types\/product"}],"replies":[{"embeddable":true,"href":"https:\/\/inspiratio.ro\/en\/wp-json\/wp\/v2\/comments?post=4388"}],"wp:featuredmedia":[{"embeddable":true,"href":"https:\/\/inspiratio.ro\/en\/wp-json\/wp\/v2\/media\/4392"}],"wp:attachment":[{"href":"https:\/\/inspiratio.ro\/en\/wp-json\/wp\/v2\/media?parent=4388"}],"wp:term":[{"taxonomy":"pwb-brand","embeddable":true,"href":"https:\/\/inspiratio.ro\/en\/wp-json\/wp\/v2\/pwb-brand?post=4388"},{"taxonomy":"product_brand","embeddable":true,"href":"https:\/\/inspiratio.ro\/en\/wp-json\/wp\/v2\/product_brand?post=4388"},{"taxonomy":"product_cat","embeddable":true,"href":"https:\/\/inspiratio.ro\/en\/wp-json\/wp\/v2\/product_cat?post=4388"},{"taxonomy":"product_tag","embeddable":true,"href":"https:\/\/inspiratio.ro\/en\/wp-json\/wp\/v2\/product_tag?post=4388"}],"curies":[{"name":"wp","href":"https:\/\/api.w.org\/{rel}","templated":true}]}}