{"id":4373,"date":"2022-03-30T15:35:56","date_gmt":"2022-03-30T12:35:56","guid":{"rendered":"https:\/\/inspiratio.ro\/?post_type=product&#038;p=4373"},"modified":"2024-12-22T12:16:42","modified_gmt":"2024-12-22T10:16:42","slug":"mar-esarfa-66x66","status":"publish","type":"product","link":"https:\/\/inspiratio.ro\/en\/produs\/mar-esarfa-66x66\/","title":{"rendered":"E\u0219arf\u0103 66&#215;66"},"content":{"rendered":"<h2 class=\"h1\">E\u0219arfe Clasice 66 cm<\/h2>\n<div id=\"category-description\">\n<p dir=\"ltr\">Edi\u021bia de e\u0219arfe \u2018Les Classiques\u2019 din m\u0103tase natural\u0103 ofer\u0103 elegan\u021b\u0103 \u0219i rafinament unei \u021binute moderne. Marie Nouvelle creeaz\u0103 e\u0219arfe statement, pline de via\u021b\u0103 \u0219i inspira\u021bie.<\/p>\n<p dir=\"ltr\">Pictura Mariei este transpus\u0103 \u0219i imprimat\u0103 direct pe \u021bes\u0103tura fin\u0103. Folosind \u00een exclusivitate m\u0103tase natural\u0103, e\u0219arfele sunt adev\u0103rate opere de art\u0103 ce au scopul s\u0103 trezeasc\u0103 emo\u021bie, vise \u0219i s\u0103 sublinieze frumuse\u021bea \u0219i unicitatea purt\u0103toarei lor.<\/p>\n<p dir=\"ltr\">E\u0219arfele au dimensiunea de 66 x 66 cm \u0219i vin ambalate \u00eentr-o cutie delicat\u0103.<\/p>\n<\/div>\n<p>Compozi\u021bie: 100% m\u0103tase natural\u0103<\/p>\n<p>\u021aes\u0103tur\u0103 delicat\u0103.<\/p>\n<p>Made in: Londra<\/p>\n<p>Recomandat: Dry Cleaning. Dac\u0103 totu\u0219i insista\u021bi s\u0103 o sp\u0103la\u021bi de m\u00e2n\u0103, folosi\u021bi doar balsam \u0219i ap\u0103 c\u0103ldu\u021b\u0103. O c\u0103lca\u021bi \u00eenc\u0103 umed\u0103 sau cu fierul de c\u0103lcat cu aburi, pentru a se \u00eentinde perfect.<\/p>\n<p>Aceast\u0103 e\u0219arf\u0103 poart\u0103 semn\u0103tura stilului rafinat \u0219i feminin Marie Nouvelle. Imprimeul delicat al lucr\u0103rii reechilibreaz\u0103 starea de spirit \u0219i este inspirat din lucrarea de art\u0103 a Mariei ce poart\u0103 acela\u0219i nume.<\/p>\n<p><strong>E\u0219arf\u0103 imprimat\u0103 fa\u021b\u0103 verso!<\/strong><\/p>\n<p>M\u0103tasea este un material natural iar fibra \u021bes\u0103turii este uneori neregulat\u0103, mai ales c\u00e2nd vine vorba de materialele fine. Nuan\u021bele \u0219i tonurile pot varia de la un produs la altul. C\u00e2nd are loc printarea, materialul este deta\u0219at de pe o rol\u0103, este purtat de ma\u0219ini, \u0219i apoi este aplicat pe o curea adeziv\u0103 permanent\u0103. \u00cen acest stadiu, materialul nu poate fi manipulat sau reglat \u00een timpul print\u0103rii.<\/p>\n<p>Printurile care au margini \u0219i linii drepte au cel mai mare risc de a fi distorsionate din cauza mi\u0219c\u0103rii \u021bes\u0103turii. Poate avea loc o mic\u0219orare de 2-3 cm la m\u0103tase. Acest lucru nu este constant, \u0219i poate varia depinz\u00e2nd de rola, sau de lotul de \u021bes\u0103tur\u0103. M\u0103tasea este un material natural, \u021besut \u00een mod tradi\u021bional. Str\u00e2mtarea materialului este un efect ce ne dep\u0103\u0219e\u0219te controlul.<\/p>\n<p>Marie Nouvelle Design va depune un efort constant pentru a livra materiale de cea mai \u00eenalt\u0103 calitate, \u00eens\u0103 compania nu va fi \u021binut\u0103 r\u0103spunz\u0103toare pentru diferen\u021be de nuan\u021b\u0103, textur\u0103, dimensiune ce provin de la furnizorii no\u0219tri.<\/p>\n<div id=\"category-description\">\n<p>La INSPIRATIO stocurile sunt mereu reduse pentru c\u0103 lucr\u0103m cu artizani \u0219i designeri care manufactureaz\u0103 fiecare produs \u00een parte.<\/p>\n<p>Av\u00e2nd \u00een vedere diversitatea modelelor \u0219i culorilor disponibile \u00een magazin, v\u0103 rug\u0103m s\u0103 ne contacta\u021bi telefonic\/Whatsapp pentru a v\u0103 putea sprijini \u00een alegerea produsului dorit.<\/p>\n<\/div>\n","protected":false},"excerpt":{"rendered":"<p>E\u0219arfe Clasice 66 cm Edi\u021bia de e\u0219arfe \u2018Les Classiques\u2019 din m\u0103tase natural\u0103 ofer\u0103 elegan\u021b\u0103 \u0219i rafinament unei \u021binute moderne. Marie Nouvelle creeaz\u0103 e\u0219arfe statement, pline de via\u021b\u0103 \u0219i inspira\u021bie. Pictura Mariei este transpus\u0103 \u0219i imprimat\u0103 direct pe \u021bes\u0103tura fin\u0103. Folosind \u00een exclusivitate m\u0103tase natural\u0103, e\u0219arfele sunt adev\u0103rate opere de art\u0103 ce au scopul s\u0103 trezeasc\u0103 [&hellip;]<\/p>\n","protected":false},"featured_media":4375,"comment_status":"open","ping_status":"closed","template":"","meta":[],"pwb-brand":[],"product_brand":[],"product_cat":[87,17],"product_tag":[],"class_list":{"0":"post-4373","1":"product","2":"type-product","3":"status-publish","4":"has-post-thumbnail","6":"product_cat-to-wear","7":"product_cat-haine-si-accesorii","9":"first","10":"instock","11":"taxable","12":"shipping-taxable","13":"purchasable","14":"product-type-simple"},"yoast_head":"<!-- This site is optimized with the Yoast SEO plugin v26.9 - https:\/\/yoast.com\/product\/yoast-seo-wordpress\/ -->\n<title>MAR E\u0219arf\u0103 66x66 - Inspiratio<\/title>\n<meta name=\"description\" content=\"MAR E\u0219arf\u0103 66x66\" \/>\n<meta name=\"robots\" content=\"index, follow, max-snippet:-1, max-image-preview:large, max-video-preview:-1\" \/>\n<link rel=\"canonical\" href=\"https:\/\/inspiratio.ro\/produs\/mar-esarfa-66x66\/\" \/>\n<meta property=\"og:locale\" content=\"en_US\" \/>\n<meta property=\"og:type\" content=\"article\" \/>\n<meta property=\"og:title\" content=\"MAR E\u0219arf\u0103 66x66 - Inspiratio\" \/>\n<meta property=\"og:description\" content=\"MAR E\u0219arf\u0103 66x66\" \/>\n<meta property=\"og:url\" content=\"https:\/\/inspiratio.ro\/produs\/mar-esarfa-66x66\/\" \/>\n<meta property=\"og:site_name\" content=\"Inspiratio\" \/>\n<meta property=\"article:publisher\" content=\"https:\/\/www.facebook.com\/inspiratiogiftstudio\/\" \/>\n<meta property=\"article:modified_time\" content=\"2024-12-22T10:16:42+00:00\" \/>\n<meta property=\"og:image\" content=\"https:\/\/inspiratio.ro\/wp-content\/uploads\/2022\/03\/esarfa-matase-balada-66.jpg\" \/>\n\t<meta property=\"og:image:width\" content=\"1000\" \/>\n\t<meta property=\"og:image:height\" content=\"1300\" \/>\n\t<meta property=\"og:image:type\" content=\"image\/jpeg\" \/>\n<meta name=\"twitter:card\" content=\"summary_large_image\" \/>\n<meta name=\"twitter:label1\" content=\"Est. reading time\" \/>\n\t<meta name=\"twitter:data1\" content=\"3 minutes\" \/>\n<script type=\"application\/ld+json\" class=\"yoast-schema-graph\">{\"@context\":\"https:\/\/schema.org\",\"@graph\":[{\"@type\":\"WebPage\",\"@id\":\"https:\/\/inspiratio.ro\/produs\/mar-esarfa-66x66\/\",\"url\":\"https:\/\/inspiratio.ro\/produs\/mar-esarfa-66x66\/\",\"name\":\"MAR E\u0219arf\u0103 66x66 - Inspiratio\",\"isPartOf\":{\"@id\":\"https:\/\/inspiratio.ro\/#website\"},\"primaryImageOfPage\":{\"@id\":\"https:\/\/inspiratio.ro\/produs\/mar-esarfa-66x66\/#primaryimage\"},\"image\":{\"@id\":\"https:\/\/inspiratio.ro\/produs\/mar-esarfa-66x66\/#primaryimage\"},\"thumbnailUrl\":\"https:\/\/inspiratio.ro\/wp-content\/uploads\/2022\/03\/esarfa-matase-balada-66.jpg\",\"datePublished\":\"2022-03-30T12:35:56+00:00\",\"dateModified\":\"2024-12-22T10:16:42+00:00\",\"description\":\"MAR E\u0219arf\u0103 66x66\",\"breadcrumb\":{\"@id\":\"https:\/\/inspiratio.ro\/produs\/mar-esarfa-66x66\/#breadcrumb\"},\"inLanguage\":\"en-US\",\"potentialAction\":[{\"@type\":\"ReadAction\",\"target\":[\"https:\/\/inspiratio.ro\/produs\/mar-esarfa-66x66\/\"]}]},{\"@type\":\"ImageObject\",\"inLanguage\":\"en-US\",\"@id\":\"https:\/\/inspiratio.ro\/produs\/mar-esarfa-66x66\/#primaryimage\",\"url\":\"https:\/\/inspiratio.ro\/wp-content\/uploads\/2022\/03\/esarfa-matase-balada-66.jpg\",\"contentUrl\":\"https:\/\/inspiratio.ro\/wp-content\/uploads\/2022\/03\/esarfa-matase-balada-66.jpg\",\"width\":1000,\"height\":1300},{\"@type\":\"BreadcrumbList\",\"@id\":\"https:\/\/inspiratio.ro\/produs\/mar-esarfa-66x66\/#breadcrumb\",\"itemListElement\":[{\"@type\":\"ListItem\",\"position\":1,\"name\":\"Shop\",\"item\":\"https:\/\/inspiratio.ro\/magazin-cadouri\/\"},{\"@type\":\"ListItem\",\"position\":2,\"name\":\"MAR E\u0219arf\u0103 66&#215;66\"}]},{\"@type\":\"WebSite\",\"@id\":\"https:\/\/inspiratio.ro\/#website\",\"url\":\"https:\/\/inspiratio.ro\/\",\"name\":\"Inspiratio\",\"description\":\"Las\u0103-te purtat de inspira\u021bie\",\"publisher\":{\"@id\":\"https:\/\/inspiratio.ro\/#organization\"},\"potentialAction\":[{\"@type\":\"SearchAction\",\"target\":{\"@type\":\"EntryPoint\",\"urlTemplate\":\"https:\/\/inspiratio.ro\/?s={search_term_string}\"},\"query-input\":{\"@type\":\"PropertyValueSpecification\",\"valueRequired\":true,\"valueName\":\"search_term_string\"}}],\"inLanguage\":\"en-US\"},{\"@type\":\"Organization\",\"@id\":\"https:\/\/inspiratio.ro\/#organization\",\"name\":\"Inspiratio\",\"url\":\"https:\/\/inspiratio.ro\/\",\"logo\":{\"@type\":\"ImageObject\",\"inLanguage\":\"en-US\",\"@id\":\"https:\/\/inspiratio.ro\/#\/schema\/logo\/image\/\",\"url\":\"https:\/\/inspiratio.ro\/wp-content\/uploads\/2020\/06\/logo-inspiratio.png\",\"contentUrl\":\"https:\/\/inspiratio.ro\/wp-content\/uploads\/2020\/06\/logo-inspiratio.png\",\"width\":232,\"height\":209,\"caption\":\"Inspiratio\"},\"image\":{\"@id\":\"https:\/\/inspiratio.ro\/#\/schema\/logo\/image\/\"},\"sameAs\":[\"https:\/\/www.facebook.com\/inspiratiogiftstudio\/\",\"https:\/\/www.instagram.com\/inspiratio_giftstudio\/\"]}]}<\/script>\n<!-- \/ Yoast SEO plugin. -->","yoast_head_json":{"title":"MAR E\u0219arf\u0103 66x66 - Inspiratio","description":"MAR E\u0219arf\u0103 66x66","robots":{"index":"index","follow":"follow","max-snippet":"max-snippet:-1","max-image-preview":"max-image-preview:large","max-video-preview":"max-video-preview:-1"},"canonical":"https:\/\/inspiratio.ro\/produs\/mar-esarfa-66x66\/","og_locale":"en_US","og_type":"article","og_title":"MAR E\u0219arf\u0103 66x66 - Inspiratio","og_description":"MAR E\u0219arf\u0103 66x66","og_url":"https:\/\/inspiratio.ro\/produs\/mar-esarfa-66x66\/","og_site_name":"Inspiratio","article_publisher":"https:\/\/www.facebook.com\/inspiratiogiftstudio\/","article_modified_time":"2024-12-22T10:16:42+00:00","og_image":[{"width":1000,"height":1300,"url":"https:\/\/inspiratio.ro\/wp-content\/uploads\/2022\/03\/esarfa-matase-balada-66.jpg","type":"image\/jpeg"}],"twitter_card":"summary_large_image","twitter_misc":{"Est. reading time":"3 minutes"},"schema":{"@context":"https:\/\/schema.org","@graph":[{"@type":"WebPage","@id":"https:\/\/inspiratio.ro\/produs\/mar-esarfa-66x66\/","url":"https:\/\/inspiratio.ro\/produs\/mar-esarfa-66x66\/","name":"MAR E\u0219arf\u0103 66x66 - Inspiratio","isPartOf":{"@id":"https:\/\/inspiratio.ro\/#website"},"primaryImageOfPage":{"@id":"https:\/\/inspiratio.ro\/produs\/mar-esarfa-66x66\/#primaryimage"},"image":{"@id":"https:\/\/inspiratio.ro\/produs\/mar-esarfa-66x66\/#primaryimage"},"thumbnailUrl":"https:\/\/inspiratio.ro\/wp-content\/uploads\/2022\/03\/esarfa-matase-balada-66.jpg","datePublished":"2022-03-30T12:35:56+00:00","dateModified":"2024-12-22T10:16:42+00:00","description":"MAR E\u0219arf\u0103 66x66","breadcrumb":{"@id":"https:\/\/inspiratio.ro\/produs\/mar-esarfa-66x66\/#breadcrumb"},"inLanguage":"en-US","potentialAction":[{"@type":"ReadAction","target":["https:\/\/inspiratio.ro\/produs\/mar-esarfa-66x66\/"]}]},{"@type":"ImageObject","inLanguage":"en-US","@id":"https:\/\/inspiratio.ro\/produs\/mar-esarfa-66x66\/#primaryimage","url":"https:\/\/inspiratio.ro\/wp-content\/uploads\/2022\/03\/esarfa-matase-balada-66.jpg","contentUrl":"https:\/\/inspiratio.ro\/wp-content\/uploads\/2022\/03\/esarfa-matase-balada-66.jpg","width":1000,"height":1300},{"@type":"BreadcrumbList","@id":"https:\/\/inspiratio.ro\/produs\/mar-esarfa-66x66\/#breadcrumb","itemListElement":[{"@type":"ListItem","position":1,"name":"Shop","item":"https:\/\/inspiratio.ro\/magazin-cadouri\/"},{"@type":"ListItem","position":2,"name":"MAR E\u0219arf\u0103 66&#215;66"}]},{"@type":"WebSite","@id":"https:\/\/inspiratio.ro\/#website","url":"https:\/\/inspiratio.ro\/","name":"Inspiratio","description":"Las\u0103-te purtat de inspira\u021bie","publisher":{"@id":"https:\/\/inspiratio.ro\/#organization"},"potentialAction":[{"@type":"SearchAction","target":{"@type":"EntryPoint","urlTemplate":"https:\/\/inspiratio.ro\/?s={search_term_string}"},"query-input":{"@type":"PropertyValueSpecification","valueRequired":true,"valueName":"search_term_string"}}],"inLanguage":"en-US"},{"@type":"Organization","@id":"https:\/\/inspiratio.ro\/#organization","name":"Inspiratio","url":"https:\/\/inspiratio.ro\/","logo":{"@type":"ImageObject","inLanguage":"en-US","@id":"https:\/\/inspiratio.ro\/#\/schema\/logo\/image\/","url":"https:\/\/inspiratio.ro\/wp-content\/uploads\/2020\/06\/logo-inspiratio.png","contentUrl":"https:\/\/inspiratio.ro\/wp-content\/uploads\/2020\/06\/logo-inspiratio.png","width":232,"height":209,"caption":"Inspiratio"},"image":{"@id":"https:\/\/inspiratio.ro\/#\/schema\/logo\/image\/"},"sameAs":["https:\/\/www.facebook.com\/inspiratiogiftstudio\/","https:\/\/www.instagram.com\/inspiratio_giftstudio\/"]}]}},"brands":[],"_links":{"self":[{"href":"https:\/\/inspiratio.ro\/en\/wp-json\/wp\/v2\/product\/4373","targetHints":{"allow":["GET"]}}],"collection":[{"href":"https:\/\/inspiratio.ro\/en\/wp-json\/wp\/v2\/product"}],"about":[{"href":"https:\/\/inspiratio.ro\/en\/wp-json\/wp\/v2\/types\/product"}],"replies":[{"embeddable":true,"href":"https:\/\/inspiratio.ro\/en\/wp-json\/wp\/v2\/comments?post=4373"}],"wp:featuredmedia":[{"embeddable":true,"href":"https:\/\/inspiratio.ro\/en\/wp-json\/wp\/v2\/media\/4375"}],"wp:attachment":[{"href":"https:\/\/inspiratio.ro\/en\/wp-json\/wp\/v2\/media?parent=4373"}],"wp:term":[{"taxonomy":"pwb-brand","embeddable":true,"href":"https:\/\/inspiratio.ro\/en\/wp-json\/wp\/v2\/pwb-brand?post=4373"},{"taxonomy":"product_brand","embeddable":true,"href":"https:\/\/inspiratio.ro\/en\/wp-json\/wp\/v2\/product_brand?post=4373"},{"taxonomy":"product_cat","embeddable":true,"href":"https:\/\/inspiratio.ro\/en\/wp-json\/wp\/v2\/product_cat?post=4373"},{"taxonomy":"product_tag","embeddable":true,"href":"https:\/\/inspiratio.ro\/en\/wp-json\/wp\/v2\/product_tag?post=4373"}],"curies":[{"name":"wp","href":"https:\/\/api.w.org\/{rel}","templated":true}]}}