{"id":4343,"date":"2022-03-30T11:00:14","date_gmt":"2022-03-30T08:00:14","guid":{"rendered":"https:\/\/inspiratio.ro\/?post_type=product&#038;p=4343"},"modified":"2022-03-30T11:00:15","modified_gmt":"2022-03-30T08:00:15","slug":"sua-lampa-resting","status":"publish","type":"product","link":"https:\/\/inspiratio.ro\/en\/produs\/sua-lampa-resting\/","title":{"rendered":"Lampa Resting"},"content":{"rendered":"<p>Lamp\u0103 realizat\u0103 dintr-o bucat\u0103 de lemn recuperat\u0103 din r\u00e2ul Olt, sculptat\u0103 \u00een mod natural.<\/p>\n<p>Protejat\u0103 cu ulei; tratat\u0103 \u00eempotriva viermilor de lemn.<\/p>\n<p>Bec CU LED; lumin\u0103 alb\u0103 cald\u0103 1800K, 5.5 W; 220-240V<\/p>\n<p>Iubitori de lemn vechi, d\u0103m via\u021b\u0103 nou\u0103 pieselor pe care le g\u0103sim \u00een timpul c\u0103l\u0103toriilor noastre, transform\u00e2ndu-le \u00een art\u0103 util\u0103: L\u0103mpi, mobilier, obiecte decorative. A \u00eenceput ca un hobby \u0219i, c\u00e2nd casa noastr\u0103 s-a transformat \u00eentr-o galerie de art\u0103, am \u0219tiut c\u0103 e timpul s\u0103 cre\u0219tem.<\/p>\n<p>Am \u00eenceput cu o colec\u021bie de l\u0103mpi decorative unice; aceasta este una dintre ele.<\/p>\n","protected":false},"excerpt":{"rendered":"<p>Lamp\u0103 realizat\u0103 dintr-o bucat\u0103 de lemn recuperat\u0103 din r\u00e2ul Olt, sculptat\u0103 \u00een mod natural. Protejat\u0103 cu ulei; tratat\u0103 \u00eempotriva viermilor de lemn. Bec CU LED; lumin\u0103 alb\u0103 cald\u0103 1800K, 5.5 W; 220-240V Iubitori de lemn vechi, d\u0103m via\u021b\u0103 nou\u0103 pieselor pe care le g\u0103sim \u00een timpul c\u0103l\u0103toriilor noastre, transform\u00e2ndu-le \u00een art\u0103 util\u0103: L\u0103mpi, mobilier, obiecte [&hellip;]<\/p>\n","protected":false},"featured_media":4344,"comment_status":"open","ping_status":"closed","template":"","meta":[],"pwb-brand":[59],"product_brand":[],"product_cat":[49],"product_tag":[],"class_list":{"0":"post-4343","1":"product","2":"type-product","3":"status-publish","4":"has-post-thumbnail","6":"pwb-brand-suav","7":"product_cat-home-and-deco","9":"first","10":"instock","11":"taxable","12":"shipping-taxable","13":"purchasable","14":"product-type-simple"},"yoast_head":"<!-- This site is optimized with the Yoast SEO plugin v26.9 - https:\/\/yoast.com\/product\/yoast-seo-wordpress\/ -->\n<title>SUA Lampa Resting - Inspiratio<\/title>\n<meta name=\"robots\" content=\"index, follow, max-snippet:-1, max-image-preview:large, max-video-preview:-1\" \/>\n<link rel=\"canonical\" href=\"https:\/\/inspiratio.ro\/produs\/sua-lampa-resting\/\" \/>\n<meta property=\"og:locale\" content=\"en_US\" \/>\n<meta property=\"og:type\" content=\"article\" \/>\n<meta property=\"og:title\" content=\"SUA Lampa Resting - Inspiratio\" \/>\n<meta property=\"og:description\" content=\"Lamp\u0103 realizat\u0103 dintr-o bucat\u0103 de lemn recuperat\u0103 din r\u00e2ul Olt, sculptat\u0103 \u00een mod natural. Protejat\u0103 cu ulei; tratat\u0103 \u00eempotriva viermilor de lemn. Bec CU LED; lumin\u0103 alb\u0103 cald\u0103 1800K, 5.5 W; 220-240V Iubitori de lemn vechi, d\u0103m via\u021b\u0103 nou\u0103 pieselor pe care le g\u0103sim \u00een timpul c\u0103l\u0103toriilor noastre, transform\u00e2ndu-le \u00een art\u0103 util\u0103: L\u0103mpi, mobilier, obiecte [&hellip;]\" \/>\n<meta property=\"og:url\" content=\"https:\/\/inspiratio.ro\/produs\/sua-lampa-resting\/\" \/>\n<meta property=\"og:site_name\" content=\"Inspiratio\" \/>\n<meta property=\"article:publisher\" content=\"https:\/\/www.facebook.com\/inspiratiogiftstudio\/\" \/>\n<meta property=\"article:modified_time\" content=\"2022-03-30T08:00:15+00:00\" \/>\n<meta property=\"og:image\" content=\"https:\/\/inspiratio.ro\/wp-content\/uploads\/2022\/03\/Resting-1.jpeg\" \/>\n\t<meta property=\"og:image:width\" content=\"2048\" \/>\n\t<meta property=\"og:image:height\" content=\"1536\" \/>\n\t<meta property=\"og:image:type\" content=\"image\/jpeg\" \/>\n<meta name=\"twitter:card\" content=\"summary_large_image\" \/>\n<meta name=\"twitter:label1\" content=\"Est. reading time\" \/>\n\t<meta name=\"twitter:data1\" content=\"1 minute\" \/>\n<script type=\"application\/ld+json\" class=\"yoast-schema-graph\">{\"@context\":\"https:\/\/schema.org\",\"@graph\":[{\"@type\":\"WebPage\",\"@id\":\"https:\/\/inspiratio.ro\/produs\/sua-lampa-resting\/\",\"url\":\"https:\/\/inspiratio.ro\/produs\/sua-lampa-resting\/\",\"name\":\"SUA Lampa Resting - Inspiratio\",\"isPartOf\":{\"@id\":\"https:\/\/inspiratio.ro\/#website\"},\"primaryImageOfPage\":{\"@id\":\"https:\/\/inspiratio.ro\/produs\/sua-lampa-resting\/#primaryimage\"},\"image\":{\"@id\":\"https:\/\/inspiratio.ro\/produs\/sua-lampa-resting\/#primaryimage\"},\"thumbnailUrl\":\"https:\/\/inspiratio.ro\/wp-content\/uploads\/2022\/03\/Resting-1.jpeg\",\"datePublished\":\"2022-03-30T08:00:14+00:00\",\"dateModified\":\"2022-03-30T08:00:15+00:00\",\"breadcrumb\":{\"@id\":\"https:\/\/inspiratio.ro\/produs\/sua-lampa-resting\/#breadcrumb\"},\"inLanguage\":\"en-US\",\"potentialAction\":[{\"@type\":\"ReadAction\",\"target\":[\"https:\/\/inspiratio.ro\/produs\/sua-lampa-resting\/\"]}]},{\"@type\":\"ImageObject\",\"inLanguage\":\"en-US\",\"@id\":\"https:\/\/inspiratio.ro\/produs\/sua-lampa-resting\/#primaryimage\",\"url\":\"https:\/\/inspiratio.ro\/wp-content\/uploads\/2022\/03\/Resting-1.jpeg\",\"contentUrl\":\"https:\/\/inspiratio.ro\/wp-content\/uploads\/2022\/03\/Resting-1.jpeg\",\"width\":2048,\"height\":1536},{\"@type\":\"BreadcrumbList\",\"@id\":\"https:\/\/inspiratio.ro\/produs\/sua-lampa-resting\/#breadcrumb\",\"itemListElement\":[{\"@type\":\"ListItem\",\"position\":1,\"name\":\"Shop\",\"item\":\"https:\/\/inspiratio.ro\/magazin-cadouri\/\"},{\"@type\":\"ListItem\",\"position\":2,\"name\":\"SUA Lampa Resting\"}]},{\"@type\":\"WebSite\",\"@id\":\"https:\/\/inspiratio.ro\/#website\",\"url\":\"https:\/\/inspiratio.ro\/\",\"name\":\"Inspiratio\",\"description\":\"Las\u0103-te purtat de inspira\u021bie\",\"publisher\":{\"@id\":\"https:\/\/inspiratio.ro\/#organization\"},\"potentialAction\":[{\"@type\":\"SearchAction\",\"target\":{\"@type\":\"EntryPoint\",\"urlTemplate\":\"https:\/\/inspiratio.ro\/?s={search_term_string}\"},\"query-input\":{\"@type\":\"PropertyValueSpecification\",\"valueRequired\":true,\"valueName\":\"search_term_string\"}}],\"inLanguage\":\"en-US\"},{\"@type\":\"Organization\",\"@id\":\"https:\/\/inspiratio.ro\/#organization\",\"name\":\"Inspiratio\",\"url\":\"https:\/\/inspiratio.ro\/\",\"logo\":{\"@type\":\"ImageObject\",\"inLanguage\":\"en-US\",\"@id\":\"https:\/\/inspiratio.ro\/#\/schema\/logo\/image\/\",\"url\":\"https:\/\/inspiratio.ro\/wp-content\/uploads\/2020\/06\/logo-inspiratio.png\",\"contentUrl\":\"https:\/\/inspiratio.ro\/wp-content\/uploads\/2020\/06\/logo-inspiratio.png\",\"width\":232,\"height\":209,\"caption\":\"Inspiratio\"},\"image\":{\"@id\":\"https:\/\/inspiratio.ro\/#\/schema\/logo\/image\/\"},\"sameAs\":[\"https:\/\/www.facebook.com\/inspiratiogiftstudio\/\",\"https:\/\/www.instagram.com\/inspiratio_giftstudio\/\"]}]}<\/script>\n<!-- \/ Yoast SEO plugin. -->","yoast_head_json":{"title":"SUA Lampa Resting - Inspiratio","robots":{"index":"index","follow":"follow","max-snippet":"max-snippet:-1","max-image-preview":"max-image-preview:large","max-video-preview":"max-video-preview:-1"},"canonical":"https:\/\/inspiratio.ro\/produs\/sua-lampa-resting\/","og_locale":"en_US","og_type":"article","og_title":"SUA Lampa Resting - Inspiratio","og_description":"Lamp\u0103 realizat\u0103 dintr-o bucat\u0103 de lemn recuperat\u0103 din r\u00e2ul Olt, sculptat\u0103 \u00een mod natural. Protejat\u0103 cu ulei; tratat\u0103 \u00eempotriva viermilor de lemn. Bec CU LED; lumin\u0103 alb\u0103 cald\u0103 1800K, 5.5 W; 220-240V Iubitori de lemn vechi, d\u0103m via\u021b\u0103 nou\u0103 pieselor pe care le g\u0103sim \u00een timpul c\u0103l\u0103toriilor noastre, transform\u00e2ndu-le \u00een art\u0103 util\u0103: L\u0103mpi, mobilier, obiecte [&hellip;]","og_url":"https:\/\/inspiratio.ro\/produs\/sua-lampa-resting\/","og_site_name":"Inspiratio","article_publisher":"https:\/\/www.facebook.com\/inspiratiogiftstudio\/","article_modified_time":"2022-03-30T08:00:15+00:00","og_image":[{"width":2048,"height":1536,"url":"https:\/\/inspiratio.ro\/wp-content\/uploads\/2022\/03\/Resting-1.jpeg","type":"image\/jpeg"}],"twitter_card":"summary_large_image","twitter_misc":{"Est. reading time":"1 minute"},"schema":{"@context":"https:\/\/schema.org","@graph":[{"@type":"WebPage","@id":"https:\/\/inspiratio.ro\/produs\/sua-lampa-resting\/","url":"https:\/\/inspiratio.ro\/produs\/sua-lampa-resting\/","name":"SUA Lampa Resting - Inspiratio","isPartOf":{"@id":"https:\/\/inspiratio.ro\/#website"},"primaryImageOfPage":{"@id":"https:\/\/inspiratio.ro\/produs\/sua-lampa-resting\/#primaryimage"},"image":{"@id":"https:\/\/inspiratio.ro\/produs\/sua-lampa-resting\/#primaryimage"},"thumbnailUrl":"https:\/\/inspiratio.ro\/wp-content\/uploads\/2022\/03\/Resting-1.jpeg","datePublished":"2022-03-30T08:00:14+00:00","dateModified":"2022-03-30T08:00:15+00:00","breadcrumb":{"@id":"https:\/\/inspiratio.ro\/produs\/sua-lampa-resting\/#breadcrumb"},"inLanguage":"en-US","potentialAction":[{"@type":"ReadAction","target":["https:\/\/inspiratio.ro\/produs\/sua-lampa-resting\/"]}]},{"@type":"ImageObject","inLanguage":"en-US","@id":"https:\/\/inspiratio.ro\/produs\/sua-lampa-resting\/#primaryimage","url":"https:\/\/inspiratio.ro\/wp-content\/uploads\/2022\/03\/Resting-1.jpeg","contentUrl":"https:\/\/inspiratio.ro\/wp-content\/uploads\/2022\/03\/Resting-1.jpeg","width":2048,"height":1536},{"@type":"BreadcrumbList","@id":"https:\/\/inspiratio.ro\/produs\/sua-lampa-resting\/#breadcrumb","itemListElement":[{"@type":"ListItem","position":1,"name":"Shop","item":"https:\/\/inspiratio.ro\/magazin-cadouri\/"},{"@type":"ListItem","position":2,"name":"SUA Lampa Resting"}]},{"@type":"WebSite","@id":"https:\/\/inspiratio.ro\/#website","url":"https:\/\/inspiratio.ro\/","name":"Inspiratio","description":"Las\u0103-te purtat de inspira\u021bie","publisher":{"@id":"https:\/\/inspiratio.ro\/#organization"},"potentialAction":[{"@type":"SearchAction","target":{"@type":"EntryPoint","urlTemplate":"https:\/\/inspiratio.ro\/?s={search_term_string}"},"query-input":{"@type":"PropertyValueSpecification","valueRequired":true,"valueName":"search_term_string"}}],"inLanguage":"en-US"},{"@type":"Organization","@id":"https:\/\/inspiratio.ro\/#organization","name":"Inspiratio","url":"https:\/\/inspiratio.ro\/","logo":{"@type":"ImageObject","inLanguage":"en-US","@id":"https:\/\/inspiratio.ro\/#\/schema\/logo\/image\/","url":"https:\/\/inspiratio.ro\/wp-content\/uploads\/2020\/06\/logo-inspiratio.png","contentUrl":"https:\/\/inspiratio.ro\/wp-content\/uploads\/2020\/06\/logo-inspiratio.png","width":232,"height":209,"caption":"Inspiratio"},"image":{"@id":"https:\/\/inspiratio.ro\/#\/schema\/logo\/image\/"},"sameAs":["https:\/\/www.facebook.com\/inspiratiogiftstudio\/","https:\/\/www.instagram.com\/inspiratio_giftstudio\/"]}]}},"brands":[{"id":59,"name":"Suav","slug":"suav"}],"_links":{"self":[{"href":"https:\/\/inspiratio.ro\/en\/wp-json\/wp\/v2\/product\/4343","targetHints":{"allow":["GET"]}}],"collection":[{"href":"https:\/\/inspiratio.ro\/en\/wp-json\/wp\/v2\/product"}],"about":[{"href":"https:\/\/inspiratio.ro\/en\/wp-json\/wp\/v2\/types\/product"}],"replies":[{"embeddable":true,"href":"https:\/\/inspiratio.ro\/en\/wp-json\/wp\/v2\/comments?post=4343"}],"wp:featuredmedia":[{"embeddable":true,"href":"https:\/\/inspiratio.ro\/en\/wp-json\/wp\/v2\/media\/4344"}],"wp:attachment":[{"href":"https:\/\/inspiratio.ro\/en\/wp-json\/wp\/v2\/media?parent=4343"}],"wp:term":[{"taxonomy":"pwb-brand","embeddable":true,"href":"https:\/\/inspiratio.ro\/en\/wp-json\/wp\/v2\/pwb-brand?post=4343"},{"taxonomy":"product_brand","embeddable":true,"href":"https:\/\/inspiratio.ro\/en\/wp-json\/wp\/v2\/product_brand?post=4343"},{"taxonomy":"product_cat","embeddable":true,"href":"https:\/\/inspiratio.ro\/en\/wp-json\/wp\/v2\/product_cat?post=4343"},{"taxonomy":"product_tag","embeddable":true,"href":"https:\/\/inspiratio.ro\/en\/wp-json\/wp\/v2\/product_tag?post=4343"}],"curies":[{"name":"wp","href":"https:\/\/api.w.org\/{rel}","templated":true}]}}