{"id":4336,"date":"2022-03-23T22:42:20","date_gmt":"2022-03-23T20:42:20","guid":{"rendered":"https:\/\/inspiratio.ro\/?post_type=product&#038;p=4336"},"modified":"2023-11-26T08:26:31","modified_gmt":"2023-11-26T06:26:31","slug":"cer-lumanare-pahar-ceramic-160-ml","status":"publish","type":"product","link":"https:\/\/inspiratio.ro\/en\/produs\/cer-lumanare-pahar-ceramic-160-ml\/","title":{"rendered":"Lum\u00e2nare pahar ceramic 160 ml"},"content":{"rendered":"<p><span style=\"font-weight: 400;\">Back to nature &#8211; <\/span><span style=\"font-weight: 400;\">\u00a0lum\u00e2nare parfumat\u0103 <\/span><b>CeramiCandle <\/b><span style=\"font-weight: 400;\">din cear\u0103 de soia, turnat\u0103 manual \u00eentr-un pahar ceramic minimalist, de culoarea teracotei.\u00a0\u00a0<\/span><\/p>\n<p><span style=\"font-weight: 400;\">Capacitate:\u00a0 160ml.<\/span><\/p>\n<p><span style=\"font-weight: 400;\">Timp de ardere: 38 \u2013 40 ore.<\/span><\/p>\n<p><span style=\"font-weight: 400;\">Lum\u00e2narea parfumat\u0103 <\/span><b>CeramiCandle<\/b><span style=\"font-weight: 400;\"> este realizat\u0103 manual \u00eentr-un mic atelier din Bucure\u015fti, din cear\u0103 natural\u0103 100% din soia \u015fi parfum special creat pentru aceast\u0103 cear\u0103. Fitilul folosit este din bumbac 100%\u00a0 \u015fi arde f\u0103r\u0103 s\u0103 scoat\u0103 fum.<\/span><\/p>\n<p><span style=\"font-weight: 400;\">Dup\u0103 arderea complet\u0103 a lum\u00e2n\u0103rii, paharul ceramic se \u015fterge u\u015for cu un \u015ferve\u0163el \u015fi se spal\u0103. Poate deveni apoi obiect de uz casnic sau de decor.\u00a0<\/span><\/p>\n<p><span style=\"font-weight: 400;\">Lum\u00e2narea parfumat\u0103 <\/span><b>CeramiCandle<\/b> <span style=\"font-weight: 400;\">este un produs vegan, prietenos cu mediul, av\u00e2nd \u00een compozi\u0163ie ingrediente f\u0103r\u0103 ftala\u0163i, CMR \u015fi f\u0103r\u0103 s\u0103 fie testate pe animale.\u00a0<\/span><\/p>\n<p><span style=\"font-weight: 400;\">Lum\u00e2narea parfumat\u0103 <\/span><b>CeramiCandle <\/b><span style=\"font-weight: 400;\">schimb\u0103 atmosfera oric\u0103rui spa\u0163iu iar o cas\u0103 devine <\/span><i><span style=\"font-weight: 400;\">acas\u0103<\/span><\/i><span style=\"font-weight: 400;\">.<\/span><\/p>\n<p><strong>5 arome disponibile\u00a0<\/strong><\/p>\n<ol>\n<li><i><span style=\"font-weight: 400;\">Noapte \u00censtelat\u0103<\/span><\/i><span style=\"font-weight: 400;\">, lum\u00e2nare parfumat\u0103 <\/span><b>CeramiCandle<\/b><span style=\"font-weight: 400;\">, cu<\/span><\/li>\n<\/ol>\n<ul>\n<li><span style=\"font-weight: 400;\">Note de v\u00e2rf: bergamot\u0103, l\u0103m\u00e2ie, mandarin\u0103, scor\u0163i\u015foar\u0103, m\u0103r, grapefruit<\/span><\/li>\n<li>Note de mijloc: cedru, ambr\u0103, iasomie, patchouli, tutun<\/li>\n<li>Note de baz\u0103: mosc, santal, ambr\u0103, vanilie, smirn\u0103, tonka.<\/li>\n<\/ul>\n<p><i><span>2. La gura sobei<\/span><\/i><span>, lum\u00e2nare parfumat\u0103 CeramiCandle, cu<\/span><\/p>\n<ul>\n<li><span style=\"font-weight: 400;\">Note de v\u00e2rf: bergamot\u0103, frunze de l\u0103m\u00e2ie, eucalipt <\/span><\/li>\n<li>Note de mijloc:\u00a0 mirodenii, lavand\u0103, mu\u015fcat\u0103<\/li>\n<li>Note de baz\u0103: cedru, lemn de Massoia, mosc, ambr\u0103, t\u0103m\u00e2ie.<\/li>\n<\/ul>\n<p><em>3. Floare de col\u021b<\/em><\/p>\n<p><em>4. Iasomie\u00a0<\/em><\/p>\n<p><em>5. Tei<\/em><\/p>\n<p>La INSPIRATIO stocurile sunt mereu reduse pentru c\u0103 lucr\u0103m cu artizani \u0219i designeri care manufactureaz\u0103 fiecare produs \u00een parte.<\/p>\n<p>Av\u00e2nd \u00een vedere diversitatea aromelor disponibile \u00een magazin, v\u0103 rug\u0103m s\u0103 ne contacta\u021bi telefonic\/Whatsapp pentru a v\u0103 putea sprijini \u00een alegerea produsului dorit.<\/p>\n","protected":false},"excerpt":{"rendered":"<p>Back to nature &#8211; \u00a0lum\u00e2nare parfumat\u0103 CeramiCandle din cear\u0103 de soia, turnat\u0103 manual \u00eentr-un pahar ceramic minimalist, de culoarea teracotei.\u00a0\u00a0 Capacitate:\u00a0 160ml. Timp de ardere: 38 \u2013 40 ore. Lum\u00e2narea parfumat\u0103 CeramiCandle este realizat\u0103 manual \u00eentr-un mic atelier din Bucure\u015fti, din cear\u0103 natural\u0103 100% din soia \u015fi parfum special creat pentru aceast\u0103 cear\u0103. Fitilul folosit [&hellip;]<\/p>\n","protected":false},"featured_media":4339,"comment_status":"open","ping_status":"closed","template":"","meta":[],"pwb-brand":[145],"product_brand":[],"product_cat":[49],"product_tag":[],"class_list":{"0":"post-4336","1":"product","2":"type-product","3":"status-publish","4":"has-post-thumbnail","6":"pwb-brand-ceramicandle","7":"product_cat-home-and-deco","9":"first","10":"instock","11":"taxable","12":"shipping-taxable","13":"purchasable","14":"product-type-simple"},"yoast_head":"<!-- This site is optimized with the Yoast SEO plugin v26.9 - https:\/\/yoast.com\/product\/yoast-seo-wordpress\/ -->\n<title>CER Lum\u00e2nare pahar ceramic 160 ml - Inspiratio<\/title>\n<meta name=\"robots\" content=\"index, follow, max-snippet:-1, max-image-preview:large, max-video-preview:-1\" \/>\n<link rel=\"canonical\" href=\"https:\/\/inspiratio.ro\/produs\/cer-lumanare-pahar-ceramic-160-ml\/\" \/>\n<meta property=\"og:locale\" content=\"en_US\" \/>\n<meta property=\"og:type\" content=\"article\" \/>\n<meta property=\"og:title\" content=\"CER Lum\u00e2nare pahar ceramic 160 ml - Inspiratio\" \/>\n<meta property=\"og:description\" content=\"Back to nature &#8211; \u00a0lum\u00e2nare parfumat\u0103 CeramiCandle din cear\u0103 de soia, turnat\u0103 manual \u00eentr-un pahar ceramic minimalist, de culoarea teracotei.\u00a0\u00a0 Capacitate:\u00a0 160ml. Timp de ardere: 38 \u2013 40 ore. Lum\u00e2narea parfumat\u0103 CeramiCandle este realizat\u0103 manual \u00eentr-un mic atelier din Bucure\u015fti, din cear\u0103 natural\u0103 100% din soia \u015fi parfum special creat pentru aceast\u0103 cear\u0103. Fitilul folosit [&hellip;]\" \/>\n<meta property=\"og:url\" content=\"https:\/\/inspiratio.ro\/produs\/cer-lumanare-pahar-ceramic-160-ml\/\" \/>\n<meta property=\"og:site_name\" content=\"Inspiratio\" \/>\n<meta property=\"article:publisher\" content=\"https:\/\/www.facebook.com\/inspiratiogiftstudio\/\" \/>\n<meta property=\"article:modified_time\" content=\"2023-11-26T06:26:31+00:00\" \/>\n<meta property=\"og:image\" content=\"https:\/\/inspiratio.ro\/wp-content\/uploads\/2022\/03\/IMG_4615-scaled.jpg\" \/>\n\t<meta property=\"og:image:width\" content=\"2560\" \/>\n\t<meta property=\"og:image:height\" content=\"2560\" \/>\n\t<meta property=\"og:image:type\" content=\"image\/jpeg\" \/>\n<meta name=\"twitter:card\" content=\"summary_large_image\" \/>\n<meta name=\"twitter:label1\" content=\"Est. reading time\" \/>\n\t<meta name=\"twitter:data1\" content=\"2 minutes\" \/>\n<script type=\"application\/ld+json\" class=\"yoast-schema-graph\">{\"@context\":\"https:\/\/schema.org\",\"@graph\":[{\"@type\":\"WebPage\",\"@id\":\"https:\/\/inspiratio.ro\/produs\/cer-lumanare-pahar-ceramic-160-ml\/\",\"url\":\"https:\/\/inspiratio.ro\/produs\/cer-lumanare-pahar-ceramic-160-ml\/\",\"name\":\"CER Lum\u00e2nare pahar ceramic 160 ml - Inspiratio\",\"isPartOf\":{\"@id\":\"https:\/\/inspiratio.ro\/#website\"},\"primaryImageOfPage\":{\"@id\":\"https:\/\/inspiratio.ro\/produs\/cer-lumanare-pahar-ceramic-160-ml\/#primaryimage\"},\"image\":{\"@id\":\"https:\/\/inspiratio.ro\/produs\/cer-lumanare-pahar-ceramic-160-ml\/#primaryimage\"},\"thumbnailUrl\":\"https:\/\/inspiratio.ro\/wp-content\/uploads\/2022\/03\/IMG_4615-scaled.jpg\",\"datePublished\":\"2022-03-23T20:42:20+00:00\",\"dateModified\":\"2023-11-26T06:26:31+00:00\",\"breadcrumb\":{\"@id\":\"https:\/\/inspiratio.ro\/produs\/cer-lumanare-pahar-ceramic-160-ml\/#breadcrumb\"},\"inLanguage\":\"en-US\",\"potentialAction\":[{\"@type\":\"ReadAction\",\"target\":[\"https:\/\/inspiratio.ro\/produs\/cer-lumanare-pahar-ceramic-160-ml\/\"]}]},{\"@type\":\"ImageObject\",\"inLanguage\":\"en-US\",\"@id\":\"https:\/\/inspiratio.ro\/produs\/cer-lumanare-pahar-ceramic-160-ml\/#primaryimage\",\"url\":\"https:\/\/inspiratio.ro\/wp-content\/uploads\/2022\/03\/IMG_4615-scaled.jpg\",\"contentUrl\":\"https:\/\/inspiratio.ro\/wp-content\/uploads\/2022\/03\/IMG_4615-scaled.jpg\",\"width\":2560,\"height\":2560},{\"@type\":\"BreadcrumbList\",\"@id\":\"https:\/\/inspiratio.ro\/produs\/cer-lumanare-pahar-ceramic-160-ml\/#breadcrumb\",\"itemListElement\":[{\"@type\":\"ListItem\",\"position\":1,\"name\":\"Shop\",\"item\":\"https:\/\/inspiratio.ro\/magazin-cadouri\/\"},{\"@type\":\"ListItem\",\"position\":2,\"name\":\"CER Lum\u00e2nare pahar ceramic 160 ml\"}]},{\"@type\":\"WebSite\",\"@id\":\"https:\/\/inspiratio.ro\/#website\",\"url\":\"https:\/\/inspiratio.ro\/\",\"name\":\"Inspiratio\",\"description\":\"Las\u0103-te purtat de inspira\u021bie\",\"publisher\":{\"@id\":\"https:\/\/inspiratio.ro\/#organization\"},\"potentialAction\":[{\"@type\":\"SearchAction\",\"target\":{\"@type\":\"EntryPoint\",\"urlTemplate\":\"https:\/\/inspiratio.ro\/?s={search_term_string}\"},\"query-input\":{\"@type\":\"PropertyValueSpecification\",\"valueRequired\":true,\"valueName\":\"search_term_string\"}}],\"inLanguage\":\"en-US\"},{\"@type\":\"Organization\",\"@id\":\"https:\/\/inspiratio.ro\/#organization\",\"name\":\"Inspiratio\",\"url\":\"https:\/\/inspiratio.ro\/\",\"logo\":{\"@type\":\"ImageObject\",\"inLanguage\":\"en-US\",\"@id\":\"https:\/\/inspiratio.ro\/#\/schema\/logo\/image\/\",\"url\":\"https:\/\/inspiratio.ro\/wp-content\/uploads\/2020\/06\/logo-inspiratio.png\",\"contentUrl\":\"https:\/\/inspiratio.ro\/wp-content\/uploads\/2020\/06\/logo-inspiratio.png\",\"width\":232,\"height\":209,\"caption\":\"Inspiratio\"},\"image\":{\"@id\":\"https:\/\/inspiratio.ro\/#\/schema\/logo\/image\/\"},\"sameAs\":[\"https:\/\/www.facebook.com\/inspiratiogiftstudio\/\",\"https:\/\/www.instagram.com\/inspiratio_giftstudio\/\"]}]}<\/script>\n<!-- \/ Yoast SEO plugin. -->","yoast_head_json":{"title":"CER Lum\u00e2nare pahar ceramic 160 ml - Inspiratio","robots":{"index":"index","follow":"follow","max-snippet":"max-snippet:-1","max-image-preview":"max-image-preview:large","max-video-preview":"max-video-preview:-1"},"canonical":"https:\/\/inspiratio.ro\/produs\/cer-lumanare-pahar-ceramic-160-ml\/","og_locale":"en_US","og_type":"article","og_title":"CER Lum\u00e2nare pahar ceramic 160 ml - Inspiratio","og_description":"Back to nature &#8211; \u00a0lum\u00e2nare parfumat\u0103 CeramiCandle din cear\u0103 de soia, turnat\u0103 manual \u00eentr-un pahar ceramic minimalist, de culoarea teracotei.\u00a0\u00a0 Capacitate:\u00a0 160ml. Timp de ardere: 38 \u2013 40 ore. Lum\u00e2narea parfumat\u0103 CeramiCandle este realizat\u0103 manual \u00eentr-un mic atelier din Bucure\u015fti, din cear\u0103 natural\u0103 100% din soia \u015fi parfum special creat pentru aceast\u0103 cear\u0103. Fitilul folosit [&hellip;]","og_url":"https:\/\/inspiratio.ro\/produs\/cer-lumanare-pahar-ceramic-160-ml\/","og_site_name":"Inspiratio","article_publisher":"https:\/\/www.facebook.com\/inspiratiogiftstudio\/","article_modified_time":"2023-11-26T06:26:31+00:00","og_image":[{"width":2560,"height":2560,"url":"https:\/\/inspiratio.ro\/wp-content\/uploads\/2022\/03\/IMG_4615-scaled.jpg","type":"image\/jpeg"}],"twitter_card":"summary_large_image","twitter_misc":{"Est. reading time":"2 minutes"},"schema":{"@context":"https:\/\/schema.org","@graph":[{"@type":"WebPage","@id":"https:\/\/inspiratio.ro\/produs\/cer-lumanare-pahar-ceramic-160-ml\/","url":"https:\/\/inspiratio.ro\/produs\/cer-lumanare-pahar-ceramic-160-ml\/","name":"CER Lum\u00e2nare pahar ceramic 160 ml - Inspiratio","isPartOf":{"@id":"https:\/\/inspiratio.ro\/#website"},"primaryImageOfPage":{"@id":"https:\/\/inspiratio.ro\/produs\/cer-lumanare-pahar-ceramic-160-ml\/#primaryimage"},"image":{"@id":"https:\/\/inspiratio.ro\/produs\/cer-lumanare-pahar-ceramic-160-ml\/#primaryimage"},"thumbnailUrl":"https:\/\/inspiratio.ro\/wp-content\/uploads\/2022\/03\/IMG_4615-scaled.jpg","datePublished":"2022-03-23T20:42:20+00:00","dateModified":"2023-11-26T06:26:31+00:00","breadcrumb":{"@id":"https:\/\/inspiratio.ro\/produs\/cer-lumanare-pahar-ceramic-160-ml\/#breadcrumb"},"inLanguage":"en-US","potentialAction":[{"@type":"ReadAction","target":["https:\/\/inspiratio.ro\/produs\/cer-lumanare-pahar-ceramic-160-ml\/"]}]},{"@type":"ImageObject","inLanguage":"en-US","@id":"https:\/\/inspiratio.ro\/produs\/cer-lumanare-pahar-ceramic-160-ml\/#primaryimage","url":"https:\/\/inspiratio.ro\/wp-content\/uploads\/2022\/03\/IMG_4615-scaled.jpg","contentUrl":"https:\/\/inspiratio.ro\/wp-content\/uploads\/2022\/03\/IMG_4615-scaled.jpg","width":2560,"height":2560},{"@type":"BreadcrumbList","@id":"https:\/\/inspiratio.ro\/produs\/cer-lumanare-pahar-ceramic-160-ml\/#breadcrumb","itemListElement":[{"@type":"ListItem","position":1,"name":"Shop","item":"https:\/\/inspiratio.ro\/magazin-cadouri\/"},{"@type":"ListItem","position":2,"name":"CER Lum\u00e2nare pahar ceramic 160 ml"}]},{"@type":"WebSite","@id":"https:\/\/inspiratio.ro\/#website","url":"https:\/\/inspiratio.ro\/","name":"Inspiratio","description":"Las\u0103-te purtat de inspira\u021bie","publisher":{"@id":"https:\/\/inspiratio.ro\/#organization"},"potentialAction":[{"@type":"SearchAction","target":{"@type":"EntryPoint","urlTemplate":"https:\/\/inspiratio.ro\/?s={search_term_string}"},"query-input":{"@type":"PropertyValueSpecification","valueRequired":true,"valueName":"search_term_string"}}],"inLanguage":"en-US"},{"@type":"Organization","@id":"https:\/\/inspiratio.ro\/#organization","name":"Inspiratio","url":"https:\/\/inspiratio.ro\/","logo":{"@type":"ImageObject","inLanguage":"en-US","@id":"https:\/\/inspiratio.ro\/#\/schema\/logo\/image\/","url":"https:\/\/inspiratio.ro\/wp-content\/uploads\/2020\/06\/logo-inspiratio.png","contentUrl":"https:\/\/inspiratio.ro\/wp-content\/uploads\/2020\/06\/logo-inspiratio.png","width":232,"height":209,"caption":"Inspiratio"},"image":{"@id":"https:\/\/inspiratio.ro\/#\/schema\/logo\/image\/"},"sameAs":["https:\/\/www.facebook.com\/inspiratiogiftstudio\/","https:\/\/www.instagram.com\/inspiratio_giftstudio\/"]}]}},"brands":[{"id":145,"name":"CeramiCandle","slug":"ceramicandle"}],"_links":{"self":[{"href":"https:\/\/inspiratio.ro\/en\/wp-json\/wp\/v2\/product\/4336","targetHints":{"allow":["GET"]}}],"collection":[{"href":"https:\/\/inspiratio.ro\/en\/wp-json\/wp\/v2\/product"}],"about":[{"href":"https:\/\/inspiratio.ro\/en\/wp-json\/wp\/v2\/types\/product"}],"replies":[{"embeddable":true,"href":"https:\/\/inspiratio.ro\/en\/wp-json\/wp\/v2\/comments?post=4336"}],"wp:featuredmedia":[{"embeddable":true,"href":"https:\/\/inspiratio.ro\/en\/wp-json\/wp\/v2\/media\/4339"}],"wp:attachment":[{"href":"https:\/\/inspiratio.ro\/en\/wp-json\/wp\/v2\/media?parent=4336"}],"wp:term":[{"taxonomy":"pwb-brand","embeddable":true,"href":"https:\/\/inspiratio.ro\/en\/wp-json\/wp\/v2\/pwb-brand?post=4336"},{"taxonomy":"product_brand","embeddable":true,"href":"https:\/\/inspiratio.ro\/en\/wp-json\/wp\/v2\/product_brand?post=4336"},{"taxonomy":"product_cat","embeddable":true,"href":"https:\/\/inspiratio.ro\/en\/wp-json\/wp\/v2\/product_cat?post=4336"},{"taxonomy":"product_tag","embeddable":true,"href":"https:\/\/inspiratio.ro\/en\/wp-json\/wp\/v2\/product_tag?post=4336"}],"curies":[{"name":"wp","href":"https:\/\/api.w.org\/{rel}","templated":true}]}}