{"id":4330,"date":"2022-03-23T22:08:50","date_gmt":"2022-03-23T20:08:50","guid":{"rendered":"https:\/\/inspiratio.ro\/?post_type=product&#038;p=4330"},"modified":"2025-09-22T18:46:29","modified_gmt":"2025-09-22T15:46:29","slug":"tul-rucsac-stratificat","status":"publish","type":"product","link":"https:\/\/inspiratio.ro\/en\/produs\/tul-rucsac-stratificat\/","title":{"rendered":"Rucsac stratificat"},"content":{"rendered":"<div id=\"pdrc_prod\">\n<div class=\"pdrc-props\">\n<div id=\"pdrc_prod\">\n<div class=\"pdrc-props\">\n<div id=\"pdrc_prod\">\n<p class=\"pdrc-props\">M\u0103rime: 38x28x15<\/p>\n<\/div>\n<\/div>\n<\/div>\n<\/div>\n<div id=\"pdrc_head\">\n<div id=\"pdrc_head\">\n<div id=\"pdrc_head\">Rucsac textil impermeabil<\/div>\n<\/div>\n<\/div>\n<\/div>\n<div class=\"b\">Produsele TulipArt Design sunt fabricate din piele fin\u0103 \u0219i textile. Produsele care se nasc \u00een atelierul nostru, au suflet! \u021ain\u00eend cont de dorin\u021bele voastre, \u0219i ascunz\u00e2nd mici motivele populare, accesorii elegante sau de zi cu zi fabric\u0103m.<\/div>\n<div>\n<p>&nbsp;<\/p>\n<p>La INSPIRATIO stocurile sunt mereu reduse pentru c\u0103 lucr\u0103m cu artizani \u0219i designeri care manufactureaz\u0103 fiecare produs \u00een parte.<\/p>\n<p>Av\u00e2nd \u00een vedere diversitatea modelelor \u0219i culorilor disponibile \u00een magazin, v\u0103 rug\u0103m s\u0103 ne contacta\u021bi telefonic\/Whatsapp pentru a v\u0103 putea sprijini \u00een alegerea produsului dorit.<\/p>\n<\/div>\n","protected":false},"excerpt":{"rendered":"<p>M\u0103rime: 38x28x15 Rucsac textil impermeabil Produsele TulipArt Design sunt fabricate din piele fin\u0103 \u0219i textile. Produsele care se nasc \u00een atelierul nostru, au suflet! \u021ain\u00eend cont de dorin\u021bele voastre, \u0219i ascunz\u00e2nd mici motivele populare, accesorii elegante sau de zi cu zi fabric\u0103m. &nbsp; La INSPIRATIO stocurile sunt mereu reduse pentru c\u0103 lucr\u0103m cu artizani \u0219i [&hellip;]<\/p>\n","protected":false},"featured_media":4331,"comment_status":"open","ping_status":"closed","template":"","meta":[],"pwb-brand":[144],"product_brand":[],"product_cat":[116,87,17],"product_tag":[],"class_list":{"0":"post-4330","1":"product","2":"type-product","3":"status-publish","4":"has-post-thumbnail","6":"pwb-brand-tulipart-design","7":"product_cat-seturi-cadou","8":"product_cat-to-wear","9":"product_cat-haine-si-accesorii","11":"first","12":"instock","13":"taxable","14":"shipping-taxable","15":"purchasable","16":"product-type-simple"},"yoast_head":"<!-- This site is optimized with the Yoast SEO plugin v26.9 - https:\/\/yoast.com\/product\/yoast-seo-wordpress\/ -->\n<title>TUL Rucsac stratificat - Inspiratio<\/title>\n<meta name=\"robots\" content=\"index, follow, max-snippet:-1, max-image-preview:large, max-video-preview:-1\" \/>\n<link rel=\"canonical\" href=\"https:\/\/inspiratio.ro\/produs\/tul-rucsac-stratificat\/\" \/>\n<meta property=\"og:locale\" content=\"en_US\" \/>\n<meta property=\"og:type\" content=\"article\" \/>\n<meta property=\"og:title\" content=\"TUL Rucsac stratificat - Inspiratio\" \/>\n<meta property=\"og:description\" content=\"M\u0103rime: 38x28x15 Rucsac textil impermeabil Produsele TulipArt Design sunt fabricate din piele fin\u0103 \u0219i textile. Produsele care se nasc \u00een atelierul nostru, au suflet! \u021ain\u00eend cont de dorin\u021bele voastre, \u0219i ascunz\u00e2nd mici motivele populare, accesorii elegante sau de zi cu zi fabric\u0103m. &nbsp; La INSPIRATIO stocurile sunt mereu reduse pentru c\u0103 lucr\u0103m cu artizani \u0219i [&hellip;]\" \/>\n<meta property=\"og:url\" content=\"https:\/\/inspiratio.ro\/produs\/tul-rucsac-stratificat\/\" \/>\n<meta property=\"og:site_name\" content=\"Inspiratio\" \/>\n<meta property=\"article:publisher\" content=\"https:\/\/www.facebook.com\/inspiratiogiftstudio\/\" \/>\n<meta property=\"article:modified_time\" content=\"2025-09-22T15:46:29+00:00\" \/>\n<meta property=\"og:image\" content=\"https:\/\/inspiratio.ro\/wp-content\/uploads\/2022\/03\/bordo-felnott-taska-5-826154.min_.jpg\" \/>\n\t<meta property=\"og:image:width\" content=\"800\" \/>\n\t<meta property=\"og:image:height\" content=\"800\" \/>\n\t<meta property=\"og:image:type\" content=\"image\/jpeg\" \/>\n<meta name=\"twitter:card\" content=\"summary_large_image\" \/>\n<meta name=\"twitter:label1\" content=\"Est. reading time\" \/>\n\t<meta name=\"twitter:data1\" content=\"1 minute\" \/>\n<script type=\"application\/ld+json\" class=\"yoast-schema-graph\">{\"@context\":\"https:\/\/schema.org\",\"@graph\":[{\"@type\":\"WebPage\",\"@id\":\"https:\/\/inspiratio.ro\/produs\/tul-rucsac-stratificat\/\",\"url\":\"https:\/\/inspiratio.ro\/produs\/tul-rucsac-stratificat\/\",\"name\":\"TUL Rucsac stratificat - Inspiratio\",\"isPartOf\":{\"@id\":\"https:\/\/inspiratio.ro\/#website\"},\"primaryImageOfPage\":{\"@id\":\"https:\/\/inspiratio.ro\/produs\/tul-rucsac-stratificat\/#primaryimage\"},\"image\":{\"@id\":\"https:\/\/inspiratio.ro\/produs\/tul-rucsac-stratificat\/#primaryimage\"},\"thumbnailUrl\":\"https:\/\/inspiratio.ro\/wp-content\/uploads\/2022\/03\/bordo-felnott-taska-5-826154.min_.jpg\",\"datePublished\":\"2022-03-23T20:08:50+00:00\",\"dateModified\":\"2025-09-22T15:46:29+00:00\",\"breadcrumb\":{\"@id\":\"https:\/\/inspiratio.ro\/produs\/tul-rucsac-stratificat\/#breadcrumb\"},\"inLanguage\":\"en-US\",\"potentialAction\":[{\"@type\":\"ReadAction\",\"target\":[\"https:\/\/inspiratio.ro\/produs\/tul-rucsac-stratificat\/\"]}]},{\"@type\":\"ImageObject\",\"inLanguage\":\"en-US\",\"@id\":\"https:\/\/inspiratio.ro\/produs\/tul-rucsac-stratificat\/#primaryimage\",\"url\":\"https:\/\/inspiratio.ro\/wp-content\/uploads\/2022\/03\/bordo-felnott-taska-5-826154.min_.jpg\",\"contentUrl\":\"https:\/\/inspiratio.ro\/wp-content\/uploads\/2022\/03\/bordo-felnott-taska-5-826154.min_.jpg\",\"width\":800,\"height\":800},{\"@type\":\"BreadcrumbList\",\"@id\":\"https:\/\/inspiratio.ro\/produs\/tul-rucsac-stratificat\/#breadcrumb\",\"itemListElement\":[{\"@type\":\"ListItem\",\"position\":1,\"name\":\"Shop\",\"item\":\"https:\/\/inspiratio.ro\/magazin-cadouri\/\"},{\"@type\":\"ListItem\",\"position\":2,\"name\":\"TUL Rucsac stratificat\"}]},{\"@type\":\"WebSite\",\"@id\":\"https:\/\/inspiratio.ro\/#website\",\"url\":\"https:\/\/inspiratio.ro\/\",\"name\":\"Inspiratio\",\"description\":\"Las\u0103-te purtat de inspira\u021bie\",\"publisher\":{\"@id\":\"https:\/\/inspiratio.ro\/#organization\"},\"potentialAction\":[{\"@type\":\"SearchAction\",\"target\":{\"@type\":\"EntryPoint\",\"urlTemplate\":\"https:\/\/inspiratio.ro\/?s={search_term_string}\"},\"query-input\":{\"@type\":\"PropertyValueSpecification\",\"valueRequired\":true,\"valueName\":\"search_term_string\"}}],\"inLanguage\":\"en-US\"},{\"@type\":\"Organization\",\"@id\":\"https:\/\/inspiratio.ro\/#organization\",\"name\":\"Inspiratio\",\"url\":\"https:\/\/inspiratio.ro\/\",\"logo\":{\"@type\":\"ImageObject\",\"inLanguage\":\"en-US\",\"@id\":\"https:\/\/inspiratio.ro\/#\/schema\/logo\/image\/\",\"url\":\"https:\/\/inspiratio.ro\/wp-content\/uploads\/2020\/06\/logo-inspiratio.png\",\"contentUrl\":\"https:\/\/inspiratio.ro\/wp-content\/uploads\/2020\/06\/logo-inspiratio.png\",\"width\":232,\"height\":209,\"caption\":\"Inspiratio\"},\"image\":{\"@id\":\"https:\/\/inspiratio.ro\/#\/schema\/logo\/image\/\"},\"sameAs\":[\"https:\/\/www.facebook.com\/inspiratiogiftstudio\/\",\"https:\/\/www.instagram.com\/inspiratio_giftstudio\/\"]}]}<\/script>\n<!-- \/ Yoast SEO plugin. -->","yoast_head_json":{"title":"TUL Rucsac stratificat - Inspiratio","robots":{"index":"index","follow":"follow","max-snippet":"max-snippet:-1","max-image-preview":"max-image-preview:large","max-video-preview":"max-video-preview:-1"},"canonical":"https:\/\/inspiratio.ro\/produs\/tul-rucsac-stratificat\/","og_locale":"en_US","og_type":"article","og_title":"TUL Rucsac stratificat - Inspiratio","og_description":"M\u0103rime: 38x28x15 Rucsac textil impermeabil Produsele TulipArt Design sunt fabricate din piele fin\u0103 \u0219i textile. Produsele care se nasc \u00een atelierul nostru, au suflet! \u021ain\u00eend cont de dorin\u021bele voastre, \u0219i ascunz\u00e2nd mici motivele populare, accesorii elegante sau de zi cu zi fabric\u0103m. &nbsp; La INSPIRATIO stocurile sunt mereu reduse pentru c\u0103 lucr\u0103m cu artizani \u0219i [&hellip;]","og_url":"https:\/\/inspiratio.ro\/produs\/tul-rucsac-stratificat\/","og_site_name":"Inspiratio","article_publisher":"https:\/\/www.facebook.com\/inspiratiogiftstudio\/","article_modified_time":"2025-09-22T15:46:29+00:00","og_image":[{"width":800,"height":800,"url":"https:\/\/inspiratio.ro\/wp-content\/uploads\/2022\/03\/bordo-felnott-taska-5-826154.min_.jpg","type":"image\/jpeg"}],"twitter_card":"summary_large_image","twitter_misc":{"Est. reading time":"1 minute"},"schema":{"@context":"https:\/\/schema.org","@graph":[{"@type":"WebPage","@id":"https:\/\/inspiratio.ro\/produs\/tul-rucsac-stratificat\/","url":"https:\/\/inspiratio.ro\/produs\/tul-rucsac-stratificat\/","name":"TUL Rucsac stratificat - Inspiratio","isPartOf":{"@id":"https:\/\/inspiratio.ro\/#website"},"primaryImageOfPage":{"@id":"https:\/\/inspiratio.ro\/produs\/tul-rucsac-stratificat\/#primaryimage"},"image":{"@id":"https:\/\/inspiratio.ro\/produs\/tul-rucsac-stratificat\/#primaryimage"},"thumbnailUrl":"https:\/\/inspiratio.ro\/wp-content\/uploads\/2022\/03\/bordo-felnott-taska-5-826154.min_.jpg","datePublished":"2022-03-23T20:08:50+00:00","dateModified":"2025-09-22T15:46:29+00:00","breadcrumb":{"@id":"https:\/\/inspiratio.ro\/produs\/tul-rucsac-stratificat\/#breadcrumb"},"inLanguage":"en-US","potentialAction":[{"@type":"ReadAction","target":["https:\/\/inspiratio.ro\/produs\/tul-rucsac-stratificat\/"]}]},{"@type":"ImageObject","inLanguage":"en-US","@id":"https:\/\/inspiratio.ro\/produs\/tul-rucsac-stratificat\/#primaryimage","url":"https:\/\/inspiratio.ro\/wp-content\/uploads\/2022\/03\/bordo-felnott-taska-5-826154.min_.jpg","contentUrl":"https:\/\/inspiratio.ro\/wp-content\/uploads\/2022\/03\/bordo-felnott-taska-5-826154.min_.jpg","width":800,"height":800},{"@type":"BreadcrumbList","@id":"https:\/\/inspiratio.ro\/produs\/tul-rucsac-stratificat\/#breadcrumb","itemListElement":[{"@type":"ListItem","position":1,"name":"Shop","item":"https:\/\/inspiratio.ro\/magazin-cadouri\/"},{"@type":"ListItem","position":2,"name":"TUL Rucsac stratificat"}]},{"@type":"WebSite","@id":"https:\/\/inspiratio.ro\/#website","url":"https:\/\/inspiratio.ro\/","name":"Inspiratio","description":"Las\u0103-te purtat de inspira\u021bie","publisher":{"@id":"https:\/\/inspiratio.ro\/#organization"},"potentialAction":[{"@type":"SearchAction","target":{"@type":"EntryPoint","urlTemplate":"https:\/\/inspiratio.ro\/?s={search_term_string}"},"query-input":{"@type":"PropertyValueSpecification","valueRequired":true,"valueName":"search_term_string"}}],"inLanguage":"en-US"},{"@type":"Organization","@id":"https:\/\/inspiratio.ro\/#organization","name":"Inspiratio","url":"https:\/\/inspiratio.ro\/","logo":{"@type":"ImageObject","inLanguage":"en-US","@id":"https:\/\/inspiratio.ro\/#\/schema\/logo\/image\/","url":"https:\/\/inspiratio.ro\/wp-content\/uploads\/2020\/06\/logo-inspiratio.png","contentUrl":"https:\/\/inspiratio.ro\/wp-content\/uploads\/2020\/06\/logo-inspiratio.png","width":232,"height":209,"caption":"Inspiratio"},"image":{"@id":"https:\/\/inspiratio.ro\/#\/schema\/logo\/image\/"},"sameAs":["https:\/\/www.facebook.com\/inspiratiogiftstudio\/","https:\/\/www.instagram.com\/inspiratio_giftstudio\/"]}]}},"brands":[{"id":144,"name":"Tulipart Design","slug":"tulipart-design"}],"_links":{"self":[{"href":"https:\/\/inspiratio.ro\/en\/wp-json\/wp\/v2\/product\/4330","targetHints":{"allow":["GET"]}}],"collection":[{"href":"https:\/\/inspiratio.ro\/en\/wp-json\/wp\/v2\/product"}],"about":[{"href":"https:\/\/inspiratio.ro\/en\/wp-json\/wp\/v2\/types\/product"}],"replies":[{"embeddable":true,"href":"https:\/\/inspiratio.ro\/en\/wp-json\/wp\/v2\/comments?post=4330"}],"wp:featuredmedia":[{"embeddable":true,"href":"https:\/\/inspiratio.ro\/en\/wp-json\/wp\/v2\/media\/4331"}],"wp:attachment":[{"href":"https:\/\/inspiratio.ro\/en\/wp-json\/wp\/v2\/media?parent=4330"}],"wp:term":[{"taxonomy":"pwb-brand","embeddable":true,"href":"https:\/\/inspiratio.ro\/en\/wp-json\/wp\/v2\/pwb-brand?post=4330"},{"taxonomy":"product_brand","embeddable":true,"href":"https:\/\/inspiratio.ro\/en\/wp-json\/wp\/v2\/product_brand?post=4330"},{"taxonomy":"product_cat","embeddable":true,"href":"https:\/\/inspiratio.ro\/en\/wp-json\/wp\/v2\/product_cat?post=4330"},{"taxonomy":"product_tag","embeddable":true,"href":"https:\/\/inspiratio.ro\/en\/wp-json\/wp\/v2\/product_tag?post=4330"}],"curies":[{"name":"wp","href":"https:\/\/api.w.org\/{rel}","templated":true}]}}