{"id":4306,"date":"2022-03-23T21:55:49","date_gmt":"2022-03-23T19:55:49","guid":{"rendered":"https:\/\/inspiratio.ro\/?post_type=product&#038;p=4306"},"modified":"2024-12-15T16:28:12","modified_gmt":"2024-12-15T14:28:12","slug":"tul-borseta-piele","status":"publish","type":"product","link":"https:\/\/inspiratio.ro\/en\/produs\/tul-borseta-piele\/","title":{"rendered":"Borset\u0103 piele"},"content":{"rendered":"<div id=\"pdrc_prod\">\n<div class=\"pdrc-props\">Dimensiunea curelei: min. 85cm &#8211; max. 120cm<\/div>\n<div>\n<div id=\"pdrc_head\">Borset\u0103 din piele natural\u0103. M\u0103rimi: 22cm x 14cm. .<\/div>\n<\/div>\n<\/div>\n<div><\/div>\n<div>\n<div class=\"b\">Produsele TulipArt Design sunt fabricate din piele fin\u0103 \u0219i textile. Produsele care se nasc \u00een atelierul nostru, au suflet! \u021ain\u00eend cont de dorin\u021bele voastre, \u0219i ascunz\u00e2nd mici motivele populare, accesorii elegante sau de zi cu zi fabric\u0103m.<\/div>\n<\/div>\n<div><\/div>\n<div>\n<p>La INSPIRATIO stocurile sunt mereu reduse pentru c\u0103 lucr\u0103m cu artizani \u0219i designeri care manufactureaz\u0103 fiecare produs \u00een parte.<\/p>\n<p>Av\u00e2nd \u00een vedere diversitatea modelelor \u0219i culorilor disponibile \u00een magazin, v\u0103 rug\u0103m s\u0103 ne contacta\u021bi telefonic\/Whatsapp pentru a v\u0103 putea sprijini \u00een alegerea produsului dorit.<\/p>\n<\/div>\n","protected":false},"excerpt":{"rendered":"<p>Dimensiunea curelei: min. 85cm &#8211; max. 120cm Borset\u0103 din piele natural\u0103. M\u0103rimi: 22cm x 14cm. . Produsele TulipArt Design sunt fabricate din piele fin\u0103 \u0219i textile. Produsele care se nasc \u00een atelierul nostru, au suflet! \u021ain\u00eend cont de dorin\u021bele voastre, \u0219i ascunz\u00e2nd mici motivele populare, accesorii elegante sau de zi cu zi fabric\u0103m. La INSPIRATIO [&hellip;]<\/p>\n","protected":false},"featured_media":4316,"comment_status":"open","ping_status":"closed","template":"","meta":[],"pwb-brand":[144],"product_brand":[],"product_cat":[116],"product_tag":[],"class_list":{"0":"post-4306","1":"product","2":"type-product","3":"status-publish","4":"has-post-thumbnail","6":"pwb-brand-tulipart-design","7":"product_cat-seturi-cadou","9":"first","10":"instock","11":"taxable","12":"shipping-taxable","13":"purchasable","14":"product-type-simple"},"yoast_head":"<!-- This site is optimized with the Yoast SEO plugin v26.9 - https:\/\/yoast.com\/product\/yoast-seo-wordpress\/ -->\n<title>TUL Borset\u0103 piele - Inspiratio<\/title>\n<meta name=\"robots\" content=\"index, follow, max-snippet:-1, max-image-preview:large, max-video-preview:-1\" \/>\n<link rel=\"canonical\" href=\"https:\/\/inspiratio.ro\/produs\/tul-borseta-piele\/\" \/>\n<meta property=\"og:locale\" content=\"en_US\" \/>\n<meta property=\"og:type\" content=\"article\" \/>\n<meta property=\"og:title\" content=\"TUL Borset\u0103 piele - Inspiratio\" \/>\n<meta property=\"og:description\" content=\"Dimensiunea curelei: min. 85cm &#8211; max. 120cm Borset\u0103 din piele natural\u0103. M\u0103rimi: 22cm x 14cm. . Produsele TulipArt Design sunt fabricate din piele fin\u0103 \u0219i textile. Produsele care se nasc \u00een atelierul nostru, au suflet! \u021ain\u00eend cont de dorin\u021bele voastre, \u0219i ascunz\u00e2nd mici motivele populare, accesorii elegante sau de zi cu zi fabric\u0103m. La INSPIRATIO [&hellip;]\" \/>\n<meta property=\"og:url\" content=\"https:\/\/inspiratio.ro\/produs\/tul-borseta-piele\/\" \/>\n<meta property=\"og:site_name\" content=\"Inspiratio\" \/>\n<meta property=\"article:publisher\" content=\"https:\/\/www.facebook.com\/inspiratiogiftstudio\/\" \/>\n<meta property=\"article:modified_time\" content=\"2024-12-15T14:28:12+00:00\" \/>\n<meta property=\"og:image\" content=\"https:\/\/inspiratio.ro\/wp-content\/uploads\/2022\/03\/szurke-bor.min_.jpg\" \/>\n\t<meta property=\"og:image:width\" content=\"800\" \/>\n\t<meta property=\"og:image:height\" content=\"800\" \/>\n\t<meta property=\"og:image:type\" content=\"image\/jpeg\" \/>\n<meta name=\"twitter:card\" content=\"summary_large_image\" \/>\n<meta name=\"twitter:label1\" content=\"Est. reading time\" \/>\n\t<meta name=\"twitter:data1\" content=\"1 minute\" \/>\n<script type=\"application\/ld+json\" class=\"yoast-schema-graph\">{\"@context\":\"https:\/\/schema.org\",\"@graph\":[{\"@type\":\"WebPage\",\"@id\":\"https:\/\/inspiratio.ro\/produs\/tul-borseta-piele\/\",\"url\":\"https:\/\/inspiratio.ro\/produs\/tul-borseta-piele\/\",\"name\":\"TUL Borset\u0103 piele - Inspiratio\",\"isPartOf\":{\"@id\":\"https:\/\/inspiratio.ro\/#website\"},\"primaryImageOfPage\":{\"@id\":\"https:\/\/inspiratio.ro\/produs\/tul-borseta-piele\/#primaryimage\"},\"image\":{\"@id\":\"https:\/\/inspiratio.ro\/produs\/tul-borseta-piele\/#primaryimage\"},\"thumbnailUrl\":\"https:\/\/inspiratio.ro\/wp-content\/uploads\/2022\/03\/szurke-bor.min_.jpg\",\"datePublished\":\"2022-03-23T19:55:49+00:00\",\"dateModified\":\"2024-12-15T14:28:12+00:00\",\"breadcrumb\":{\"@id\":\"https:\/\/inspiratio.ro\/produs\/tul-borseta-piele\/#breadcrumb\"},\"inLanguage\":\"en-US\",\"potentialAction\":[{\"@type\":\"ReadAction\",\"target\":[\"https:\/\/inspiratio.ro\/produs\/tul-borseta-piele\/\"]}]},{\"@type\":\"ImageObject\",\"inLanguage\":\"en-US\",\"@id\":\"https:\/\/inspiratio.ro\/produs\/tul-borseta-piele\/#primaryimage\",\"url\":\"https:\/\/inspiratio.ro\/wp-content\/uploads\/2022\/03\/szurke-bor.min_.jpg\",\"contentUrl\":\"https:\/\/inspiratio.ro\/wp-content\/uploads\/2022\/03\/szurke-bor.min_.jpg\",\"width\":800,\"height\":800},{\"@type\":\"BreadcrumbList\",\"@id\":\"https:\/\/inspiratio.ro\/produs\/tul-borseta-piele\/#breadcrumb\",\"itemListElement\":[{\"@type\":\"ListItem\",\"position\":1,\"name\":\"Shop\",\"item\":\"https:\/\/inspiratio.ro\/magazin-cadouri\/\"},{\"@type\":\"ListItem\",\"position\":2,\"name\":\"TUL Borset\u0103 piele\"}]},{\"@type\":\"WebSite\",\"@id\":\"https:\/\/inspiratio.ro\/#website\",\"url\":\"https:\/\/inspiratio.ro\/\",\"name\":\"Inspiratio\",\"description\":\"Las\u0103-te purtat de inspira\u021bie\",\"publisher\":{\"@id\":\"https:\/\/inspiratio.ro\/#organization\"},\"potentialAction\":[{\"@type\":\"SearchAction\",\"target\":{\"@type\":\"EntryPoint\",\"urlTemplate\":\"https:\/\/inspiratio.ro\/?s={search_term_string}\"},\"query-input\":{\"@type\":\"PropertyValueSpecification\",\"valueRequired\":true,\"valueName\":\"search_term_string\"}}],\"inLanguage\":\"en-US\"},{\"@type\":\"Organization\",\"@id\":\"https:\/\/inspiratio.ro\/#organization\",\"name\":\"Inspiratio\",\"url\":\"https:\/\/inspiratio.ro\/\",\"logo\":{\"@type\":\"ImageObject\",\"inLanguage\":\"en-US\",\"@id\":\"https:\/\/inspiratio.ro\/#\/schema\/logo\/image\/\",\"url\":\"https:\/\/inspiratio.ro\/wp-content\/uploads\/2020\/06\/logo-inspiratio.png\",\"contentUrl\":\"https:\/\/inspiratio.ro\/wp-content\/uploads\/2020\/06\/logo-inspiratio.png\",\"width\":232,\"height\":209,\"caption\":\"Inspiratio\"},\"image\":{\"@id\":\"https:\/\/inspiratio.ro\/#\/schema\/logo\/image\/\"},\"sameAs\":[\"https:\/\/www.facebook.com\/inspiratiogiftstudio\/\",\"https:\/\/www.instagram.com\/inspiratio_giftstudio\/\"]}]}<\/script>\n<!-- \/ Yoast SEO plugin. -->","yoast_head_json":{"title":"TUL Borset\u0103 piele - Inspiratio","robots":{"index":"index","follow":"follow","max-snippet":"max-snippet:-1","max-image-preview":"max-image-preview:large","max-video-preview":"max-video-preview:-1"},"canonical":"https:\/\/inspiratio.ro\/produs\/tul-borseta-piele\/","og_locale":"en_US","og_type":"article","og_title":"TUL Borset\u0103 piele - Inspiratio","og_description":"Dimensiunea curelei: min. 85cm &#8211; max. 120cm Borset\u0103 din piele natural\u0103. M\u0103rimi: 22cm x 14cm. . Produsele TulipArt Design sunt fabricate din piele fin\u0103 \u0219i textile. Produsele care se nasc \u00een atelierul nostru, au suflet! \u021ain\u00eend cont de dorin\u021bele voastre, \u0219i ascunz\u00e2nd mici motivele populare, accesorii elegante sau de zi cu zi fabric\u0103m. La INSPIRATIO [&hellip;]","og_url":"https:\/\/inspiratio.ro\/produs\/tul-borseta-piele\/","og_site_name":"Inspiratio","article_publisher":"https:\/\/www.facebook.com\/inspiratiogiftstudio\/","article_modified_time":"2024-12-15T14:28:12+00:00","og_image":[{"width":800,"height":800,"url":"https:\/\/inspiratio.ro\/wp-content\/uploads\/2022\/03\/szurke-bor.min_.jpg","type":"image\/jpeg"}],"twitter_card":"summary_large_image","twitter_misc":{"Est. reading time":"1 minute"},"schema":{"@context":"https:\/\/schema.org","@graph":[{"@type":"WebPage","@id":"https:\/\/inspiratio.ro\/produs\/tul-borseta-piele\/","url":"https:\/\/inspiratio.ro\/produs\/tul-borseta-piele\/","name":"TUL Borset\u0103 piele - Inspiratio","isPartOf":{"@id":"https:\/\/inspiratio.ro\/#website"},"primaryImageOfPage":{"@id":"https:\/\/inspiratio.ro\/produs\/tul-borseta-piele\/#primaryimage"},"image":{"@id":"https:\/\/inspiratio.ro\/produs\/tul-borseta-piele\/#primaryimage"},"thumbnailUrl":"https:\/\/inspiratio.ro\/wp-content\/uploads\/2022\/03\/szurke-bor.min_.jpg","datePublished":"2022-03-23T19:55:49+00:00","dateModified":"2024-12-15T14:28:12+00:00","breadcrumb":{"@id":"https:\/\/inspiratio.ro\/produs\/tul-borseta-piele\/#breadcrumb"},"inLanguage":"en-US","potentialAction":[{"@type":"ReadAction","target":["https:\/\/inspiratio.ro\/produs\/tul-borseta-piele\/"]}]},{"@type":"ImageObject","inLanguage":"en-US","@id":"https:\/\/inspiratio.ro\/produs\/tul-borseta-piele\/#primaryimage","url":"https:\/\/inspiratio.ro\/wp-content\/uploads\/2022\/03\/szurke-bor.min_.jpg","contentUrl":"https:\/\/inspiratio.ro\/wp-content\/uploads\/2022\/03\/szurke-bor.min_.jpg","width":800,"height":800},{"@type":"BreadcrumbList","@id":"https:\/\/inspiratio.ro\/produs\/tul-borseta-piele\/#breadcrumb","itemListElement":[{"@type":"ListItem","position":1,"name":"Shop","item":"https:\/\/inspiratio.ro\/magazin-cadouri\/"},{"@type":"ListItem","position":2,"name":"TUL Borset\u0103 piele"}]},{"@type":"WebSite","@id":"https:\/\/inspiratio.ro\/#website","url":"https:\/\/inspiratio.ro\/","name":"Inspiratio","description":"Las\u0103-te purtat de inspira\u021bie","publisher":{"@id":"https:\/\/inspiratio.ro\/#organization"},"potentialAction":[{"@type":"SearchAction","target":{"@type":"EntryPoint","urlTemplate":"https:\/\/inspiratio.ro\/?s={search_term_string}"},"query-input":{"@type":"PropertyValueSpecification","valueRequired":true,"valueName":"search_term_string"}}],"inLanguage":"en-US"},{"@type":"Organization","@id":"https:\/\/inspiratio.ro\/#organization","name":"Inspiratio","url":"https:\/\/inspiratio.ro\/","logo":{"@type":"ImageObject","inLanguage":"en-US","@id":"https:\/\/inspiratio.ro\/#\/schema\/logo\/image\/","url":"https:\/\/inspiratio.ro\/wp-content\/uploads\/2020\/06\/logo-inspiratio.png","contentUrl":"https:\/\/inspiratio.ro\/wp-content\/uploads\/2020\/06\/logo-inspiratio.png","width":232,"height":209,"caption":"Inspiratio"},"image":{"@id":"https:\/\/inspiratio.ro\/#\/schema\/logo\/image\/"},"sameAs":["https:\/\/www.facebook.com\/inspiratiogiftstudio\/","https:\/\/www.instagram.com\/inspiratio_giftstudio\/"]}]}},"brands":[{"id":144,"name":"Tulipart Design","slug":"tulipart-design"}],"_links":{"self":[{"href":"https:\/\/inspiratio.ro\/en\/wp-json\/wp\/v2\/product\/4306","targetHints":{"allow":["GET"]}}],"collection":[{"href":"https:\/\/inspiratio.ro\/en\/wp-json\/wp\/v2\/product"}],"about":[{"href":"https:\/\/inspiratio.ro\/en\/wp-json\/wp\/v2\/types\/product"}],"replies":[{"embeddable":true,"href":"https:\/\/inspiratio.ro\/en\/wp-json\/wp\/v2\/comments?post=4306"}],"wp:featuredmedia":[{"embeddable":true,"href":"https:\/\/inspiratio.ro\/en\/wp-json\/wp\/v2\/media\/4316"}],"wp:attachment":[{"href":"https:\/\/inspiratio.ro\/en\/wp-json\/wp\/v2\/media?parent=4306"}],"wp:term":[{"taxonomy":"pwb-brand","embeddable":true,"href":"https:\/\/inspiratio.ro\/en\/wp-json\/wp\/v2\/pwb-brand?post=4306"},{"taxonomy":"product_brand","embeddable":true,"href":"https:\/\/inspiratio.ro\/en\/wp-json\/wp\/v2\/product_brand?post=4306"},{"taxonomy":"product_cat","embeddable":true,"href":"https:\/\/inspiratio.ro\/en\/wp-json\/wp\/v2\/product_cat?post=4306"},{"taxonomy":"product_tag","embeddable":true,"href":"https:\/\/inspiratio.ro\/en\/wp-json\/wp\/v2\/product_tag?post=4306"}],"curies":[{"name":"wp","href":"https:\/\/api.w.org\/{rel}","templated":true}]}}