{"id":4304,"date":"2022-03-23T19:58:49","date_gmt":"2022-03-23T17:58:49","guid":{"rendered":"https:\/\/inspiratio.ro\/?post_type=product&#038;p=4304"},"modified":"2026-02-19T18:57:16","modified_gmt":"2026-02-19T16:57:16","slug":"sor-titirez-magic","status":"publish","type":"product","link":"https:\/\/inspiratio.ro\/en\/produs\/sor-titirez-magic\/","title":{"rendered":"Titirez magic"},"content":{"rendered":"<p>Titirez sculptat din lemn de paltin \u0219i pictat manual de dl. artist me\u0219te\u0219ugar Sorin Manes\u0103-Burloiu.<\/p>\n<blockquote><p>Sorin Manes\u0103-Burloiu este unul dintre arti\u015ftii bra\u015foveni contemporani, a c\u0103rui ingeniozitate \u00een execu\u0163ie confirm\u0103 o utilizare a nenum\u0103rate esen\u0163e lemnoase autohtone \u015fi exotice, o foarte bun\u0103 cunoa\u015ftere a caracteristicilor materiei prime (soliditate, rezisten\u0163\u0103, elasticitate, culoare etc.) \u015fi o diversitate de metode \u015fi tehnici folosite \u00een prelucrarea lemnului.<\/p>\n<p>Sorin Manes\u0103-Burloiu execut\u0103 titirezele din esen\u021be lemnoase dense, ca s\u0103 aib\u0103 greutate pe sec\u021biuni mici: \u201eDac\u0103 lemnul este u\u0219or, titirezul nu are iner\u021bie \u00een momentul \u00een care-l \u00eenv\u00e2r\u021bi. Devine neinteresant, deoarece se \u00eenv\u00e2rte pu\u021bin.\u201d Lemnul potrivit este ales \u00een structura trunchiului de lemn: \u201eTrebuie s\u0103 alegi structura lemnului cu densitatea c\u00e2t mai ferm\u0103 \u0219i cu inelele de cre\u0219tere cam de aceea\u0219i m\u0103rime, deoarece, altfel, c\u00e2nd \u00eel strunje\u0219ti, titirezul iese dezechilibrat \u0219i nu se \u00eenv\u00e2rte.\u201d<\/p>\n<p>Titirezele create de Sorin Manes\u0103-Burloiu se diferen\u021biaz\u0103 prin multitudinea formelor, diversitatea materialelor din care sunt f\u0103cute, prin num\u0103rul de discuri avute. De asemenea, face titireze clasice \u0219i, totodat\u0103, compune titireze inedite cu forme inovative, cum sunt cele duble sau triple. Cele din urm\u0103 fiind propriile sale crea\u021bi.<\/p>\n<p>Citat extras din publica\u021bia <a href=\"https:\/\/www.biblioteca-digitala.ro\/?pub=353-patrimoniu-imaterial-si-cultura-traditionala-buletin-informativ\">Patrimoniului Imaterial \u015fi Cultur\u0103 Tradi\u0163ional\u0103 &#8211; <\/a><a class=\"text-color-light\">Sorin Manes\u0103-Burloiu \u2013 spirit ludic \u015fi artist al lemnului<\/a><\/p>\n<p>&nbsp;<\/p><\/blockquote>\n<hr \/>\n<p>La INSPIRATIO stocurile sunt mereu reduse pentru c\u0103 lucr\u0103m cu artizani \u0219i designeri care manufactureaz\u0103 fiecare produs \u00een parte.<\/p>\n<p>Av\u00e2nd \u00een vedere diversitatea modelelor \u0219i culorilor disponibile \u00een magazin, v\u0103 rug\u0103m s\u0103 ne contacta\u021bi telefonic\/Whatsapp pentru a v\u0103 putea sprijini \u00een alegerea produsului dorit.<\/p>\n<p>&nbsp;<\/p>\n","protected":false},"excerpt":{"rendered":"<p>Titirez sculptat din lemn de paltin \u0219i pictat manual de dl. artist me\u0219te\u0219ugar Sorin Manes\u0103-Burloiu. Sorin Manes\u0103-Burloiu este unul dintre arti\u015ftii bra\u015foveni contemporani, a c\u0103rui ingeniozitate \u00een execu\u0163ie confirm\u0103 o utilizare a nenum\u0103rate esen\u0163e lemnoase autohtone \u015fi exotice, o foarte bun\u0103 cunoa\u015ftere a caracteristicilor materiei prime (soliditate, rezisten\u0163\u0103, elasticitate, culoare etc.) \u015fi o diversitate de [&hellip;]<\/p>\n","protected":false},"featured_media":4276,"comment_status":"open","ping_status":"closed","template":"","meta":[],"pwb-brand":[143],"product_brand":[],"product_cat":[89,86],"product_tag":[],"class_list":{"0":"post-4304","1":"product","2":"type-product","3":"status-publish","4":"has-post-thumbnail","6":"pwb-brand-manesa-wood-art","7":"product_cat-cadouri-pentru-copii","8":"product_cat-arta","10":"first","11":"instock","12":"taxable","13":"shipping-taxable","14":"purchasable","15":"product-type-simple"},"yoast_head":"<!-- This site is optimized with the Yoast SEO plugin v26.9 - https:\/\/yoast.com\/product\/yoast-seo-wordpress\/ -->\n<title>SOR Titirez magic - Inspiratio<\/title>\n<meta name=\"description\" content=\"SOR Titirez magic\" \/>\n<meta name=\"robots\" content=\"index, follow, max-snippet:-1, max-image-preview:large, max-video-preview:-1\" \/>\n<link rel=\"canonical\" href=\"https:\/\/inspiratio.ro\/produs\/sor-titirez-magic\/\" \/>\n<meta property=\"og:locale\" content=\"en_US\" \/>\n<meta property=\"og:type\" content=\"article\" \/>\n<meta property=\"og:title\" content=\"SOR Titirez magic - Inspiratio\" \/>\n<meta property=\"og:description\" content=\"SOR Titirez magic\" \/>\n<meta property=\"og:url\" content=\"https:\/\/inspiratio.ro\/produs\/sor-titirez-magic\/\" \/>\n<meta property=\"og:site_name\" content=\"Inspiratio\" \/>\n<meta property=\"article:publisher\" content=\"https:\/\/www.facebook.com\/inspiratiogiftstudio\/\" \/>\n<meta property=\"article:modified_time\" content=\"2026-02-19T16:57:16+00:00\" \/>\n<meta property=\"og:image\" content=\"https:\/\/inspiratio.ro\/wp-content\/uploads\/2022\/03\/IMG_4297-Copy-scaled.jpg\" \/>\n\t<meta property=\"og:image:width\" content=\"2560\" \/>\n\t<meta property=\"og:image:height\" content=\"2560\" \/>\n\t<meta property=\"og:image:type\" content=\"image\/jpeg\" \/>\n<meta name=\"twitter:card\" content=\"summary_large_image\" \/>\n<meta name=\"twitter:label1\" content=\"Est. reading time\" \/>\n\t<meta name=\"twitter:data1\" content=\"1 minute\" \/>\n<script type=\"application\/ld+json\" class=\"yoast-schema-graph\">{\"@context\":\"https:\/\/schema.org\",\"@graph\":[{\"@type\":\"WebPage\",\"@id\":\"https:\/\/inspiratio.ro\/produs\/sor-titirez-magic\/\",\"url\":\"https:\/\/inspiratio.ro\/produs\/sor-titirez-magic\/\",\"name\":\"SOR Titirez magic - Inspiratio\",\"isPartOf\":{\"@id\":\"https:\/\/inspiratio.ro\/#website\"},\"primaryImageOfPage\":{\"@id\":\"https:\/\/inspiratio.ro\/produs\/sor-titirez-magic\/#primaryimage\"},\"image\":{\"@id\":\"https:\/\/inspiratio.ro\/produs\/sor-titirez-magic\/#primaryimage\"},\"thumbnailUrl\":\"https:\/\/inspiratio.ro\/wp-content\/uploads\/2022\/03\/IMG_4297-Copy-scaled.jpg\",\"datePublished\":\"2022-03-23T17:58:49+00:00\",\"dateModified\":\"2026-02-19T16:57:16+00:00\",\"description\":\"SOR Titirez magic\",\"breadcrumb\":{\"@id\":\"https:\/\/inspiratio.ro\/produs\/sor-titirez-magic\/#breadcrumb\"},\"inLanguage\":\"en-US\",\"potentialAction\":[{\"@type\":\"ReadAction\",\"target\":[\"https:\/\/inspiratio.ro\/produs\/sor-titirez-magic\/\"]}]},{\"@type\":\"ImageObject\",\"inLanguage\":\"en-US\",\"@id\":\"https:\/\/inspiratio.ro\/produs\/sor-titirez-magic\/#primaryimage\",\"url\":\"https:\/\/inspiratio.ro\/wp-content\/uploads\/2022\/03\/IMG_4297-Copy-scaled.jpg\",\"contentUrl\":\"https:\/\/inspiratio.ro\/wp-content\/uploads\/2022\/03\/IMG_4297-Copy-scaled.jpg\",\"width\":2560,\"height\":2560},{\"@type\":\"BreadcrumbList\",\"@id\":\"https:\/\/inspiratio.ro\/produs\/sor-titirez-magic\/#breadcrumb\",\"itemListElement\":[{\"@type\":\"ListItem\",\"position\":1,\"name\":\"Shop\",\"item\":\"https:\/\/inspiratio.ro\/magazin-cadouri\/\"},{\"@type\":\"ListItem\",\"position\":2,\"name\":\"SOR Titirez magic\"}]},{\"@type\":\"WebSite\",\"@id\":\"https:\/\/inspiratio.ro\/#website\",\"url\":\"https:\/\/inspiratio.ro\/\",\"name\":\"Inspiratio\",\"description\":\"Las\u0103-te purtat de inspira\u021bie\",\"publisher\":{\"@id\":\"https:\/\/inspiratio.ro\/#organization\"},\"potentialAction\":[{\"@type\":\"SearchAction\",\"target\":{\"@type\":\"EntryPoint\",\"urlTemplate\":\"https:\/\/inspiratio.ro\/?s={search_term_string}\"},\"query-input\":{\"@type\":\"PropertyValueSpecification\",\"valueRequired\":true,\"valueName\":\"search_term_string\"}}],\"inLanguage\":\"en-US\"},{\"@type\":\"Organization\",\"@id\":\"https:\/\/inspiratio.ro\/#organization\",\"name\":\"Inspiratio\",\"url\":\"https:\/\/inspiratio.ro\/\",\"logo\":{\"@type\":\"ImageObject\",\"inLanguage\":\"en-US\",\"@id\":\"https:\/\/inspiratio.ro\/#\/schema\/logo\/image\/\",\"url\":\"https:\/\/inspiratio.ro\/wp-content\/uploads\/2020\/06\/logo-inspiratio.png\",\"contentUrl\":\"https:\/\/inspiratio.ro\/wp-content\/uploads\/2020\/06\/logo-inspiratio.png\",\"width\":232,\"height\":209,\"caption\":\"Inspiratio\"},\"image\":{\"@id\":\"https:\/\/inspiratio.ro\/#\/schema\/logo\/image\/\"},\"sameAs\":[\"https:\/\/www.facebook.com\/inspiratiogiftstudio\/\",\"https:\/\/www.instagram.com\/inspiratio_giftstudio\/\"]}]}<\/script>\n<!-- \/ Yoast SEO plugin. -->","yoast_head_json":{"title":"SOR Titirez magic - Inspiratio","description":"SOR Titirez magic","robots":{"index":"index","follow":"follow","max-snippet":"max-snippet:-1","max-image-preview":"max-image-preview:large","max-video-preview":"max-video-preview:-1"},"canonical":"https:\/\/inspiratio.ro\/produs\/sor-titirez-magic\/","og_locale":"en_US","og_type":"article","og_title":"SOR Titirez magic - Inspiratio","og_description":"SOR Titirez magic","og_url":"https:\/\/inspiratio.ro\/produs\/sor-titirez-magic\/","og_site_name":"Inspiratio","article_publisher":"https:\/\/www.facebook.com\/inspiratiogiftstudio\/","article_modified_time":"2026-02-19T16:57:16+00:00","og_image":[{"width":2560,"height":2560,"url":"https:\/\/inspiratio.ro\/wp-content\/uploads\/2022\/03\/IMG_4297-Copy-scaled.jpg","type":"image\/jpeg"}],"twitter_card":"summary_large_image","twitter_misc":{"Est. reading time":"1 minute"},"schema":{"@context":"https:\/\/schema.org","@graph":[{"@type":"WebPage","@id":"https:\/\/inspiratio.ro\/produs\/sor-titirez-magic\/","url":"https:\/\/inspiratio.ro\/produs\/sor-titirez-magic\/","name":"SOR Titirez magic - Inspiratio","isPartOf":{"@id":"https:\/\/inspiratio.ro\/#website"},"primaryImageOfPage":{"@id":"https:\/\/inspiratio.ro\/produs\/sor-titirez-magic\/#primaryimage"},"image":{"@id":"https:\/\/inspiratio.ro\/produs\/sor-titirez-magic\/#primaryimage"},"thumbnailUrl":"https:\/\/inspiratio.ro\/wp-content\/uploads\/2022\/03\/IMG_4297-Copy-scaled.jpg","datePublished":"2022-03-23T17:58:49+00:00","dateModified":"2026-02-19T16:57:16+00:00","description":"SOR Titirez magic","breadcrumb":{"@id":"https:\/\/inspiratio.ro\/produs\/sor-titirez-magic\/#breadcrumb"},"inLanguage":"en-US","potentialAction":[{"@type":"ReadAction","target":["https:\/\/inspiratio.ro\/produs\/sor-titirez-magic\/"]}]},{"@type":"ImageObject","inLanguage":"en-US","@id":"https:\/\/inspiratio.ro\/produs\/sor-titirez-magic\/#primaryimage","url":"https:\/\/inspiratio.ro\/wp-content\/uploads\/2022\/03\/IMG_4297-Copy-scaled.jpg","contentUrl":"https:\/\/inspiratio.ro\/wp-content\/uploads\/2022\/03\/IMG_4297-Copy-scaled.jpg","width":2560,"height":2560},{"@type":"BreadcrumbList","@id":"https:\/\/inspiratio.ro\/produs\/sor-titirez-magic\/#breadcrumb","itemListElement":[{"@type":"ListItem","position":1,"name":"Shop","item":"https:\/\/inspiratio.ro\/magazin-cadouri\/"},{"@type":"ListItem","position":2,"name":"SOR Titirez magic"}]},{"@type":"WebSite","@id":"https:\/\/inspiratio.ro\/#website","url":"https:\/\/inspiratio.ro\/","name":"Inspiratio","description":"Las\u0103-te purtat de inspira\u021bie","publisher":{"@id":"https:\/\/inspiratio.ro\/#organization"},"potentialAction":[{"@type":"SearchAction","target":{"@type":"EntryPoint","urlTemplate":"https:\/\/inspiratio.ro\/?s={search_term_string}"},"query-input":{"@type":"PropertyValueSpecification","valueRequired":true,"valueName":"search_term_string"}}],"inLanguage":"en-US"},{"@type":"Organization","@id":"https:\/\/inspiratio.ro\/#organization","name":"Inspiratio","url":"https:\/\/inspiratio.ro\/","logo":{"@type":"ImageObject","inLanguage":"en-US","@id":"https:\/\/inspiratio.ro\/#\/schema\/logo\/image\/","url":"https:\/\/inspiratio.ro\/wp-content\/uploads\/2020\/06\/logo-inspiratio.png","contentUrl":"https:\/\/inspiratio.ro\/wp-content\/uploads\/2020\/06\/logo-inspiratio.png","width":232,"height":209,"caption":"Inspiratio"},"image":{"@id":"https:\/\/inspiratio.ro\/#\/schema\/logo\/image\/"},"sameAs":["https:\/\/www.facebook.com\/inspiratiogiftstudio\/","https:\/\/www.instagram.com\/inspiratio_giftstudio\/"]}]}},"brands":[{"id":143,"name":"Manesa Wood Art","slug":"manesa-wood-art"}],"_links":{"self":[{"href":"https:\/\/inspiratio.ro\/en\/wp-json\/wp\/v2\/product\/4304","targetHints":{"allow":["GET"]}}],"collection":[{"href":"https:\/\/inspiratio.ro\/en\/wp-json\/wp\/v2\/product"}],"about":[{"href":"https:\/\/inspiratio.ro\/en\/wp-json\/wp\/v2\/types\/product"}],"replies":[{"embeddable":true,"href":"https:\/\/inspiratio.ro\/en\/wp-json\/wp\/v2\/comments?post=4304"}],"wp:featuredmedia":[{"embeddable":true,"href":"https:\/\/inspiratio.ro\/en\/wp-json\/wp\/v2\/media\/4276"}],"wp:attachment":[{"href":"https:\/\/inspiratio.ro\/en\/wp-json\/wp\/v2\/media?parent=4304"}],"wp:term":[{"taxonomy":"pwb-brand","embeddable":true,"href":"https:\/\/inspiratio.ro\/en\/wp-json\/wp\/v2\/pwb-brand?post=4304"},{"taxonomy":"product_brand","embeddable":true,"href":"https:\/\/inspiratio.ro\/en\/wp-json\/wp\/v2\/product_brand?post=4304"},{"taxonomy":"product_cat","embeddable":true,"href":"https:\/\/inspiratio.ro\/en\/wp-json\/wp\/v2\/product_cat?post=4304"},{"taxonomy":"product_tag","embeddable":true,"href":"https:\/\/inspiratio.ro\/en\/wp-json\/wp\/v2\/product_tag?post=4304"}],"curies":[{"name":"wp","href":"https:\/\/api.w.org\/{rel}","templated":true}]}}