{"id":4301,"date":"2022-03-23T19:47:22","date_gmt":"2022-03-23T17:47:22","guid":{"rendered":"https:\/\/inspiratio.ro\/?post_type=product&#038;p=4301"},"modified":"2025-09-10T14:57:56","modified_gmt":"2025-09-10T11:57:56","slug":"sor-titirez-clasic","status":"publish","type":"product","link":"https:\/\/inspiratio.ro\/en\/produs\/sor-titirez-clasic\/","title":{"rendered":"Titirez clasic"},"content":{"rendered":"<p>Produs sculpatat \u0219i pictat manual, de Manesa Wood Art, din lemn de paltin.<\/p>\n<p>Manesa Wood Art, se dore\u0219te a fi un centru de crea\u021bie artistic\u0103 \u00een lemn \u0219i promovarea artei tradi\u021bionale. Vor fi realizate obiecte din lemn cu rol de folosin\u021b\u0103, de joac\u0103, dar \u0219i ornamentale cu design specific.<br \/>\nUnicitatea produselor const\u0103 \u00een \u00eembinarea artei tradi\u021bionale cu cea contemporan\u0103, \u00een mod creativ, folosind crest\u0103turile \u00een lemn, strunjirea pe strung de lemn, traforaj, \u0219lefuirea lemnului.<br \/>\nSe inten\u021bioneaz\u0103\u00a0 a se realiza produse de calitate, ceea ce \u00eenseamn\u0103:<br \/>\n\u2013 produsele au valoare cultural\u0103 \u0219i traditional\u0103;<br \/>\n\u2013 sunt create manual cu mult entuziasm;<br \/>\n\u2013 fiecare obiect este unic.<\/p>\n<p>La INSPIRATIO stocurile sunt mereu reduse pentru c\u0103 lucr\u0103m cu artizani \u0219i designeri care manufactureaz\u0103 fiecare produs \u00een parte.<\/p>\n<p>Av\u00e2nd \u00een vedere diversitatea modelelor \u0219i culorilor disponibile \u00een magazin, v\u0103 rug\u0103m s\u0103 ne contacta\u021bi telefonic\/Whatsapp pentru a v\u0103 putea sprijini \u00een alegerea produsului dorit.<\/p>\n<p>&nbsp;<\/p>\n","protected":false},"excerpt":{"rendered":"<p>Produs sculpatat \u0219i pictat manual, de Manesa Wood Art, din lemn de paltin. Manesa Wood Art, se dore\u0219te a fi un centru de crea\u021bie artistic\u0103 \u00een lemn \u0219i promovarea artei tradi\u021bionale. Vor fi realizate obiecte din lemn cu rol de folosin\u021b\u0103, de joac\u0103, dar \u0219i ornamentale cu design specific. Unicitatea produselor const\u0103 \u00een \u00eembinarea artei [&hellip;]<\/p>\n","protected":false},"featured_media":4595,"comment_status":"open","ping_status":"closed","template":"","meta":[],"pwb-brand":[143],"product_brand":[],"product_cat":[89,86],"product_tag":[],"class_list":{"0":"post-4301","1":"product","2":"type-product","3":"status-publish","4":"has-post-thumbnail","6":"pwb-brand-manesa-wood-art","7":"product_cat-cadouri-pentru-copii","8":"product_cat-arta","10":"first","11":"instock","12":"taxable","13":"shipping-taxable","14":"purchasable","15":"product-type-simple"},"yoast_head":"<!-- This site is optimized with the Yoast SEO plugin v26.9 - https:\/\/yoast.com\/product\/yoast-seo-wordpress\/ -->\n<title>SOR Titirez clasic - Inspiratio<\/title>\n<meta name=\"robots\" content=\"index, follow, max-snippet:-1, max-image-preview:large, max-video-preview:-1\" \/>\n<link rel=\"canonical\" href=\"https:\/\/inspiratio.ro\/produs\/sor-titirez-clasic\/\" \/>\n<meta property=\"og:locale\" content=\"en_US\" \/>\n<meta property=\"og:type\" content=\"article\" \/>\n<meta property=\"og:title\" content=\"SOR Titirez clasic - Inspiratio\" \/>\n<meta property=\"og:description\" content=\"Produs sculpatat \u0219i pictat manual, de Manesa Wood Art, din lemn de paltin. Manesa Wood Art, se dore\u0219te a fi un centru de crea\u021bie artistic\u0103 \u00een lemn \u0219i promovarea artei tradi\u021bionale. Vor fi realizate obiecte din lemn cu rol de folosin\u021b\u0103, de joac\u0103, dar \u0219i ornamentale cu design specific. Unicitatea produselor const\u0103 \u00een \u00eembinarea artei [&hellip;]\" \/>\n<meta property=\"og:url\" content=\"https:\/\/inspiratio.ro\/produs\/sor-titirez-clasic\/\" \/>\n<meta property=\"og:site_name\" content=\"Inspiratio\" \/>\n<meta property=\"article:publisher\" content=\"https:\/\/www.facebook.com\/inspiratiogiftstudio\/\" \/>\n<meta property=\"article:modified_time\" content=\"2025-09-10T11:57:56+00:00\" \/>\n<meta property=\"og:image\" content=\"https:\/\/inspiratio.ro\/wp-content\/uploads\/2022\/03\/WhatsApp-Image-2022-09-09-at-18.16.42-1.jpeg\" \/>\n\t<meta property=\"og:image:width\" content=\"683\" \/>\n\t<meta property=\"og:image:height\" content=\"1024\" \/>\n\t<meta property=\"og:image:type\" content=\"image\/jpeg\" \/>\n<meta name=\"twitter:card\" content=\"summary_large_image\" \/>\n<meta name=\"twitter:label1\" content=\"Est. reading time\" \/>\n\t<meta name=\"twitter:data1\" content=\"1 minute\" \/>\n<script type=\"application\/ld+json\" class=\"yoast-schema-graph\">{\"@context\":\"https:\/\/schema.org\",\"@graph\":[{\"@type\":\"WebPage\",\"@id\":\"https:\/\/inspiratio.ro\/produs\/sor-titirez-clasic\/\",\"url\":\"https:\/\/inspiratio.ro\/produs\/sor-titirez-clasic\/\",\"name\":\"SOR Titirez clasic - Inspiratio\",\"isPartOf\":{\"@id\":\"https:\/\/inspiratio.ro\/#website\"},\"primaryImageOfPage\":{\"@id\":\"https:\/\/inspiratio.ro\/produs\/sor-titirez-clasic\/#primaryimage\"},\"image\":{\"@id\":\"https:\/\/inspiratio.ro\/produs\/sor-titirez-clasic\/#primaryimage\"},\"thumbnailUrl\":\"https:\/\/inspiratio.ro\/wp-content\/uploads\/2022\/03\/WhatsApp-Image-2022-09-09-at-18.16.42-1.jpeg\",\"datePublished\":\"2022-03-23T17:47:22+00:00\",\"dateModified\":\"2025-09-10T11:57:56+00:00\",\"breadcrumb\":{\"@id\":\"https:\/\/inspiratio.ro\/produs\/sor-titirez-clasic\/#breadcrumb\"},\"inLanguage\":\"en-US\",\"potentialAction\":[{\"@type\":\"ReadAction\",\"target\":[\"https:\/\/inspiratio.ro\/produs\/sor-titirez-clasic\/\"]}]},{\"@type\":\"ImageObject\",\"inLanguage\":\"en-US\",\"@id\":\"https:\/\/inspiratio.ro\/produs\/sor-titirez-clasic\/#primaryimage\",\"url\":\"https:\/\/inspiratio.ro\/wp-content\/uploads\/2022\/03\/WhatsApp-Image-2022-09-09-at-18.16.42-1.jpeg\",\"contentUrl\":\"https:\/\/inspiratio.ro\/wp-content\/uploads\/2022\/03\/WhatsApp-Image-2022-09-09-at-18.16.42-1.jpeg\",\"width\":683,\"height\":1024},{\"@type\":\"BreadcrumbList\",\"@id\":\"https:\/\/inspiratio.ro\/produs\/sor-titirez-clasic\/#breadcrumb\",\"itemListElement\":[{\"@type\":\"ListItem\",\"position\":1,\"name\":\"Shop\",\"item\":\"https:\/\/inspiratio.ro\/magazin-cadouri\/\"},{\"@type\":\"ListItem\",\"position\":2,\"name\":\"SOR Titirez clasic\"}]},{\"@type\":\"WebSite\",\"@id\":\"https:\/\/inspiratio.ro\/#website\",\"url\":\"https:\/\/inspiratio.ro\/\",\"name\":\"Inspiratio\",\"description\":\"Las\u0103-te purtat de inspira\u021bie\",\"publisher\":{\"@id\":\"https:\/\/inspiratio.ro\/#organization\"},\"potentialAction\":[{\"@type\":\"SearchAction\",\"target\":{\"@type\":\"EntryPoint\",\"urlTemplate\":\"https:\/\/inspiratio.ro\/?s={search_term_string}\"},\"query-input\":{\"@type\":\"PropertyValueSpecification\",\"valueRequired\":true,\"valueName\":\"search_term_string\"}}],\"inLanguage\":\"en-US\"},{\"@type\":\"Organization\",\"@id\":\"https:\/\/inspiratio.ro\/#organization\",\"name\":\"Inspiratio\",\"url\":\"https:\/\/inspiratio.ro\/\",\"logo\":{\"@type\":\"ImageObject\",\"inLanguage\":\"en-US\",\"@id\":\"https:\/\/inspiratio.ro\/#\/schema\/logo\/image\/\",\"url\":\"https:\/\/inspiratio.ro\/wp-content\/uploads\/2020\/06\/logo-inspiratio.png\",\"contentUrl\":\"https:\/\/inspiratio.ro\/wp-content\/uploads\/2020\/06\/logo-inspiratio.png\",\"width\":232,\"height\":209,\"caption\":\"Inspiratio\"},\"image\":{\"@id\":\"https:\/\/inspiratio.ro\/#\/schema\/logo\/image\/\"},\"sameAs\":[\"https:\/\/www.facebook.com\/inspiratiogiftstudio\/\",\"https:\/\/www.instagram.com\/inspiratio_giftstudio\/\"]}]}<\/script>\n<!-- \/ Yoast SEO plugin. -->","yoast_head_json":{"title":"SOR Titirez clasic - Inspiratio","robots":{"index":"index","follow":"follow","max-snippet":"max-snippet:-1","max-image-preview":"max-image-preview:large","max-video-preview":"max-video-preview:-1"},"canonical":"https:\/\/inspiratio.ro\/produs\/sor-titirez-clasic\/","og_locale":"en_US","og_type":"article","og_title":"SOR Titirez clasic - Inspiratio","og_description":"Produs sculpatat \u0219i pictat manual, de Manesa Wood Art, din lemn de paltin. Manesa Wood Art, se dore\u0219te a fi un centru de crea\u021bie artistic\u0103 \u00een lemn \u0219i promovarea artei tradi\u021bionale. Vor fi realizate obiecte din lemn cu rol de folosin\u021b\u0103, de joac\u0103, dar \u0219i ornamentale cu design specific. Unicitatea produselor const\u0103 \u00een \u00eembinarea artei [&hellip;]","og_url":"https:\/\/inspiratio.ro\/produs\/sor-titirez-clasic\/","og_site_name":"Inspiratio","article_publisher":"https:\/\/www.facebook.com\/inspiratiogiftstudio\/","article_modified_time":"2025-09-10T11:57:56+00:00","og_image":[{"width":683,"height":1024,"url":"https:\/\/inspiratio.ro\/wp-content\/uploads\/2022\/03\/WhatsApp-Image-2022-09-09-at-18.16.42-1.jpeg","type":"image\/jpeg"}],"twitter_card":"summary_large_image","twitter_misc":{"Est. reading time":"1 minute"},"schema":{"@context":"https:\/\/schema.org","@graph":[{"@type":"WebPage","@id":"https:\/\/inspiratio.ro\/produs\/sor-titirez-clasic\/","url":"https:\/\/inspiratio.ro\/produs\/sor-titirez-clasic\/","name":"SOR Titirez clasic - Inspiratio","isPartOf":{"@id":"https:\/\/inspiratio.ro\/#website"},"primaryImageOfPage":{"@id":"https:\/\/inspiratio.ro\/produs\/sor-titirez-clasic\/#primaryimage"},"image":{"@id":"https:\/\/inspiratio.ro\/produs\/sor-titirez-clasic\/#primaryimage"},"thumbnailUrl":"https:\/\/inspiratio.ro\/wp-content\/uploads\/2022\/03\/WhatsApp-Image-2022-09-09-at-18.16.42-1.jpeg","datePublished":"2022-03-23T17:47:22+00:00","dateModified":"2025-09-10T11:57:56+00:00","breadcrumb":{"@id":"https:\/\/inspiratio.ro\/produs\/sor-titirez-clasic\/#breadcrumb"},"inLanguage":"en-US","potentialAction":[{"@type":"ReadAction","target":["https:\/\/inspiratio.ro\/produs\/sor-titirez-clasic\/"]}]},{"@type":"ImageObject","inLanguage":"en-US","@id":"https:\/\/inspiratio.ro\/produs\/sor-titirez-clasic\/#primaryimage","url":"https:\/\/inspiratio.ro\/wp-content\/uploads\/2022\/03\/WhatsApp-Image-2022-09-09-at-18.16.42-1.jpeg","contentUrl":"https:\/\/inspiratio.ro\/wp-content\/uploads\/2022\/03\/WhatsApp-Image-2022-09-09-at-18.16.42-1.jpeg","width":683,"height":1024},{"@type":"BreadcrumbList","@id":"https:\/\/inspiratio.ro\/produs\/sor-titirez-clasic\/#breadcrumb","itemListElement":[{"@type":"ListItem","position":1,"name":"Shop","item":"https:\/\/inspiratio.ro\/magazin-cadouri\/"},{"@type":"ListItem","position":2,"name":"SOR Titirez clasic"}]},{"@type":"WebSite","@id":"https:\/\/inspiratio.ro\/#website","url":"https:\/\/inspiratio.ro\/","name":"Inspiratio","description":"Las\u0103-te purtat de inspira\u021bie","publisher":{"@id":"https:\/\/inspiratio.ro\/#organization"},"potentialAction":[{"@type":"SearchAction","target":{"@type":"EntryPoint","urlTemplate":"https:\/\/inspiratio.ro\/?s={search_term_string}"},"query-input":{"@type":"PropertyValueSpecification","valueRequired":true,"valueName":"search_term_string"}}],"inLanguage":"en-US"},{"@type":"Organization","@id":"https:\/\/inspiratio.ro\/#organization","name":"Inspiratio","url":"https:\/\/inspiratio.ro\/","logo":{"@type":"ImageObject","inLanguage":"en-US","@id":"https:\/\/inspiratio.ro\/#\/schema\/logo\/image\/","url":"https:\/\/inspiratio.ro\/wp-content\/uploads\/2020\/06\/logo-inspiratio.png","contentUrl":"https:\/\/inspiratio.ro\/wp-content\/uploads\/2020\/06\/logo-inspiratio.png","width":232,"height":209,"caption":"Inspiratio"},"image":{"@id":"https:\/\/inspiratio.ro\/#\/schema\/logo\/image\/"},"sameAs":["https:\/\/www.facebook.com\/inspiratiogiftstudio\/","https:\/\/www.instagram.com\/inspiratio_giftstudio\/"]}]}},"brands":[{"id":143,"name":"Manesa Wood Art","slug":"manesa-wood-art"}],"_links":{"self":[{"href":"https:\/\/inspiratio.ro\/en\/wp-json\/wp\/v2\/product\/4301","targetHints":{"allow":["GET"]}}],"collection":[{"href":"https:\/\/inspiratio.ro\/en\/wp-json\/wp\/v2\/product"}],"about":[{"href":"https:\/\/inspiratio.ro\/en\/wp-json\/wp\/v2\/types\/product"}],"replies":[{"embeddable":true,"href":"https:\/\/inspiratio.ro\/en\/wp-json\/wp\/v2\/comments?post=4301"}],"wp:featuredmedia":[{"embeddable":true,"href":"https:\/\/inspiratio.ro\/en\/wp-json\/wp\/v2\/media\/4595"}],"wp:attachment":[{"href":"https:\/\/inspiratio.ro\/en\/wp-json\/wp\/v2\/media?parent=4301"}],"wp:term":[{"taxonomy":"pwb-brand","embeddable":true,"href":"https:\/\/inspiratio.ro\/en\/wp-json\/wp\/v2\/pwb-brand?post=4301"},{"taxonomy":"product_brand","embeddable":true,"href":"https:\/\/inspiratio.ro\/en\/wp-json\/wp\/v2\/product_brand?post=4301"},{"taxonomy":"product_cat","embeddable":true,"href":"https:\/\/inspiratio.ro\/en\/wp-json\/wp\/v2\/product_cat?post=4301"},{"taxonomy":"product_tag","embeddable":true,"href":"https:\/\/inspiratio.ro\/en\/wp-json\/wp\/v2\/product_tag?post=4301"}],"curies":[{"name":"wp","href":"https:\/\/api.w.org\/{rel}","templated":true}]}}