{"id":4248,"date":"2022-03-23T14:54:02","date_gmt":"2022-03-23T12:54:02","guid":{"rendered":"https:\/\/inspiratio.ro\/?post_type=product&#038;p=4248"},"modified":"2025-10-14T16:32:07","modified_gmt":"2025-10-14T13:32:07","slug":"csi-semn-de-carte-mediu","status":"publish","type":"product","link":"https:\/\/inspiratio.ro\/en\/produs\/csi-semn-de-carte-mediu\/","title":{"rendered":"Semn de carte mediu"},"content":{"rendered":"<p>Semn de carte clasic cusut manual cu motive tradi\u021bionale Rom\u00e2ne\u0219ti: Dorul, Trifoiul cu patru foi \u0219i Steaua Nordului sunt o parte din motivele disponibile.<\/p>\n<p>Dimensiuni semn de carte: 6 cm\/6 cm<br \/>\nDimensiuni plic: 22cm\/11cm<\/p>\n<p>Articol realizat manual.<\/p>\n<p>La INSPIRATIO stocurile sunt mereu reduse pentru c\u0103 lucr\u0103m cu artizani \u0219i designeri care manufactureaz\u0103 fiecare produs \u00een parte.<\/p>\n<p>Av\u00e2nd \u00een vedere diversitatea modelelor \u0219i culorilor disponibile \u00een magazin, v\u0103 rug\u0103m s\u0103 ne contacta\u021bi telefonic\/Whatsapp pentru a v\u0103 putea sprijini \u00een alegerea produsului dorit.<\/p>\n","protected":false},"excerpt":{"rendered":"<p>Semn de carte clasic cusut manual cu motive tradi\u021bionale Rom\u00e2ne\u0219ti: Dorul, Trifoiul cu patru foi \u0219i Steaua Nordului sunt o parte din motivele disponibile. Dimensiuni semn de carte: 6 cm\/6 cm Dimensiuni plic: 22cm\/11cm Articol realizat manual. La INSPIRATIO stocurile sunt mereu reduse pentru c\u0103 lucr\u0103m cu artizani \u0219i designeri care manufactureaz\u0103 fiecare produs \u00een [&hellip;]<\/p>\n","protected":false},"featured_media":4251,"comment_status":"open","ping_status":"closed","template":"","meta":[],"pwb-brand":[137],"product_brand":[],"product_cat":[88],"product_tag":[],"class_list":{"0":"post-4248","1":"product","2":"type-product","3":"status-publish","4":"has-post-thumbnail","6":"pwb-brand-romanian-fairy-tales","7":"product_cat-categorie-carte","9":"first","10":"instock","11":"taxable","12":"shipping-taxable","13":"purchasable","14":"product-type-simple"},"yoast_head":"<!-- This site is optimized with the Yoast SEO plugin v26.9 - https:\/\/yoast.com\/product\/yoast-seo-wordpress\/ -->\n<title>CSI Semn de carte mediu<\/title>\n<meta name=\"description\" content=\"CSI Semn de carte mediu\" \/>\n<meta name=\"robots\" content=\"index, follow, max-snippet:-1, max-image-preview:large, max-video-preview:-1\" \/>\n<link rel=\"canonical\" href=\"https:\/\/inspiratio.ro\/produs\/csi-semn-de-carte-mediu\/\" \/>\n<meta property=\"og:locale\" content=\"en_US\" \/>\n<meta property=\"og:type\" content=\"article\" \/>\n<meta property=\"og:title\" content=\"CSI Semn de carte mediu\" \/>\n<meta property=\"og:description\" content=\"CSI Semn de carte mediu\" \/>\n<meta property=\"og:url\" content=\"https:\/\/inspiratio.ro\/produs\/csi-semn-de-carte-mediu\/\" \/>\n<meta property=\"og:site_name\" content=\"Inspiratio\" \/>\n<meta property=\"article:publisher\" content=\"https:\/\/www.facebook.com\/inspiratiogiftstudio\/\" \/>\n<meta property=\"article:modified_time\" content=\"2025-10-14T13:32:07+00:00\" \/>\n<meta property=\"og:image\" content=\"https:\/\/inspiratio.ro\/wp-content\/uploads\/2022\/03\/R1336.jpg\" \/>\n\t<meta property=\"og:image:width\" content=\"2122\" \/>\n\t<meta property=\"og:image:height\" content=\"1415\" \/>\n\t<meta property=\"og:image:type\" content=\"image\/jpeg\" \/>\n<meta name=\"twitter:card\" content=\"summary_large_image\" \/>\n<meta name=\"twitter:label1\" content=\"Est. reading time\" \/>\n\t<meta name=\"twitter:data1\" content=\"1 minute\" \/>\n<script type=\"application\/ld+json\" class=\"yoast-schema-graph\">{\"@context\":\"https:\/\/schema.org\",\"@graph\":[{\"@type\":\"WebPage\",\"@id\":\"https:\/\/inspiratio.ro\/produs\/csi-semn-de-carte-mediu\/\",\"url\":\"https:\/\/inspiratio.ro\/produs\/csi-semn-de-carte-mediu\/\",\"name\":\"CSI Semn de carte mediu\",\"isPartOf\":{\"@id\":\"https:\/\/inspiratio.ro\/#website\"},\"primaryImageOfPage\":{\"@id\":\"https:\/\/inspiratio.ro\/produs\/csi-semn-de-carte-mediu\/#primaryimage\"},\"image\":{\"@id\":\"https:\/\/inspiratio.ro\/produs\/csi-semn-de-carte-mediu\/#primaryimage\"},\"thumbnailUrl\":\"https:\/\/inspiratio.ro\/wp-content\/uploads\/2022\/03\/R1336.jpg\",\"datePublished\":\"2022-03-23T12:54:02+00:00\",\"dateModified\":\"2025-10-14T13:32:07+00:00\",\"description\":\"CSI Semn de carte mediu\",\"breadcrumb\":{\"@id\":\"https:\/\/inspiratio.ro\/produs\/csi-semn-de-carte-mediu\/#breadcrumb\"},\"inLanguage\":\"en-US\",\"potentialAction\":[{\"@type\":\"ReadAction\",\"target\":[\"https:\/\/inspiratio.ro\/produs\/csi-semn-de-carte-mediu\/\"]}]},{\"@type\":\"ImageObject\",\"inLanguage\":\"en-US\",\"@id\":\"https:\/\/inspiratio.ro\/produs\/csi-semn-de-carte-mediu\/#primaryimage\",\"url\":\"https:\/\/inspiratio.ro\/wp-content\/uploads\/2022\/03\/R1336.jpg\",\"contentUrl\":\"https:\/\/inspiratio.ro\/wp-content\/uploads\/2022\/03\/R1336.jpg\",\"width\":2122,\"height\":1415},{\"@type\":\"BreadcrumbList\",\"@id\":\"https:\/\/inspiratio.ro\/produs\/csi-semn-de-carte-mediu\/#breadcrumb\",\"itemListElement\":[{\"@type\":\"ListItem\",\"position\":1,\"name\":\"Shop\",\"item\":\"https:\/\/inspiratio.ro\/magazin-cadouri\/\"},{\"@type\":\"ListItem\",\"position\":2,\"name\":\"CSI Semn de carte mediu\"}]},{\"@type\":\"WebSite\",\"@id\":\"https:\/\/inspiratio.ro\/#website\",\"url\":\"https:\/\/inspiratio.ro\/\",\"name\":\"Inspiratio\",\"description\":\"Las\u0103-te purtat de inspira\u021bie\",\"publisher\":{\"@id\":\"https:\/\/inspiratio.ro\/#organization\"},\"potentialAction\":[{\"@type\":\"SearchAction\",\"target\":{\"@type\":\"EntryPoint\",\"urlTemplate\":\"https:\/\/inspiratio.ro\/?s={search_term_string}\"},\"query-input\":{\"@type\":\"PropertyValueSpecification\",\"valueRequired\":true,\"valueName\":\"search_term_string\"}}],\"inLanguage\":\"en-US\"},{\"@type\":\"Organization\",\"@id\":\"https:\/\/inspiratio.ro\/#organization\",\"name\":\"Inspiratio\",\"url\":\"https:\/\/inspiratio.ro\/\",\"logo\":{\"@type\":\"ImageObject\",\"inLanguage\":\"en-US\",\"@id\":\"https:\/\/inspiratio.ro\/#\/schema\/logo\/image\/\",\"url\":\"https:\/\/inspiratio.ro\/wp-content\/uploads\/2020\/06\/logo-inspiratio.png\",\"contentUrl\":\"https:\/\/inspiratio.ro\/wp-content\/uploads\/2020\/06\/logo-inspiratio.png\",\"width\":232,\"height\":209,\"caption\":\"Inspiratio\"},\"image\":{\"@id\":\"https:\/\/inspiratio.ro\/#\/schema\/logo\/image\/\"},\"sameAs\":[\"https:\/\/www.facebook.com\/inspiratiogiftstudio\/\",\"https:\/\/www.instagram.com\/inspiratio_giftstudio\/\"]}]}<\/script>\n<!-- \/ Yoast SEO plugin. -->","yoast_head_json":{"title":"CSI Semn de carte mediu","description":"CSI Semn de carte mediu","robots":{"index":"index","follow":"follow","max-snippet":"max-snippet:-1","max-image-preview":"max-image-preview:large","max-video-preview":"max-video-preview:-1"},"canonical":"https:\/\/inspiratio.ro\/produs\/csi-semn-de-carte-mediu\/","og_locale":"en_US","og_type":"article","og_title":"CSI Semn de carte mediu","og_description":"CSI Semn de carte mediu","og_url":"https:\/\/inspiratio.ro\/produs\/csi-semn-de-carte-mediu\/","og_site_name":"Inspiratio","article_publisher":"https:\/\/www.facebook.com\/inspiratiogiftstudio\/","article_modified_time":"2025-10-14T13:32:07+00:00","og_image":[{"width":2122,"height":1415,"url":"https:\/\/inspiratio.ro\/wp-content\/uploads\/2022\/03\/R1336.jpg","type":"image\/jpeg"}],"twitter_card":"summary_large_image","twitter_misc":{"Est. reading time":"1 minute"},"schema":{"@context":"https:\/\/schema.org","@graph":[{"@type":"WebPage","@id":"https:\/\/inspiratio.ro\/produs\/csi-semn-de-carte-mediu\/","url":"https:\/\/inspiratio.ro\/produs\/csi-semn-de-carte-mediu\/","name":"CSI Semn de carte mediu","isPartOf":{"@id":"https:\/\/inspiratio.ro\/#website"},"primaryImageOfPage":{"@id":"https:\/\/inspiratio.ro\/produs\/csi-semn-de-carte-mediu\/#primaryimage"},"image":{"@id":"https:\/\/inspiratio.ro\/produs\/csi-semn-de-carte-mediu\/#primaryimage"},"thumbnailUrl":"https:\/\/inspiratio.ro\/wp-content\/uploads\/2022\/03\/R1336.jpg","datePublished":"2022-03-23T12:54:02+00:00","dateModified":"2025-10-14T13:32:07+00:00","description":"CSI Semn de carte mediu","breadcrumb":{"@id":"https:\/\/inspiratio.ro\/produs\/csi-semn-de-carte-mediu\/#breadcrumb"},"inLanguage":"en-US","potentialAction":[{"@type":"ReadAction","target":["https:\/\/inspiratio.ro\/produs\/csi-semn-de-carte-mediu\/"]}]},{"@type":"ImageObject","inLanguage":"en-US","@id":"https:\/\/inspiratio.ro\/produs\/csi-semn-de-carte-mediu\/#primaryimage","url":"https:\/\/inspiratio.ro\/wp-content\/uploads\/2022\/03\/R1336.jpg","contentUrl":"https:\/\/inspiratio.ro\/wp-content\/uploads\/2022\/03\/R1336.jpg","width":2122,"height":1415},{"@type":"BreadcrumbList","@id":"https:\/\/inspiratio.ro\/produs\/csi-semn-de-carte-mediu\/#breadcrumb","itemListElement":[{"@type":"ListItem","position":1,"name":"Shop","item":"https:\/\/inspiratio.ro\/magazin-cadouri\/"},{"@type":"ListItem","position":2,"name":"CSI Semn de carte mediu"}]},{"@type":"WebSite","@id":"https:\/\/inspiratio.ro\/#website","url":"https:\/\/inspiratio.ro\/","name":"Inspiratio","description":"Las\u0103-te purtat de inspira\u021bie","publisher":{"@id":"https:\/\/inspiratio.ro\/#organization"},"potentialAction":[{"@type":"SearchAction","target":{"@type":"EntryPoint","urlTemplate":"https:\/\/inspiratio.ro\/?s={search_term_string}"},"query-input":{"@type":"PropertyValueSpecification","valueRequired":true,"valueName":"search_term_string"}}],"inLanguage":"en-US"},{"@type":"Organization","@id":"https:\/\/inspiratio.ro\/#organization","name":"Inspiratio","url":"https:\/\/inspiratio.ro\/","logo":{"@type":"ImageObject","inLanguage":"en-US","@id":"https:\/\/inspiratio.ro\/#\/schema\/logo\/image\/","url":"https:\/\/inspiratio.ro\/wp-content\/uploads\/2020\/06\/logo-inspiratio.png","contentUrl":"https:\/\/inspiratio.ro\/wp-content\/uploads\/2020\/06\/logo-inspiratio.png","width":232,"height":209,"caption":"Inspiratio"},"image":{"@id":"https:\/\/inspiratio.ro\/#\/schema\/logo\/image\/"},"sameAs":["https:\/\/www.facebook.com\/inspiratiogiftstudio\/","https:\/\/www.instagram.com\/inspiratio_giftstudio\/"]}]}},"brands":[{"id":137,"name":"Romanian Fairy Tales","slug":"romanian-fairy-tales"}],"_links":{"self":[{"href":"https:\/\/inspiratio.ro\/en\/wp-json\/wp\/v2\/product\/4248","targetHints":{"allow":["GET"]}}],"collection":[{"href":"https:\/\/inspiratio.ro\/en\/wp-json\/wp\/v2\/product"}],"about":[{"href":"https:\/\/inspiratio.ro\/en\/wp-json\/wp\/v2\/types\/product"}],"replies":[{"embeddable":true,"href":"https:\/\/inspiratio.ro\/en\/wp-json\/wp\/v2\/comments?post=4248"}],"wp:featuredmedia":[{"embeddable":true,"href":"https:\/\/inspiratio.ro\/en\/wp-json\/wp\/v2\/media\/4251"}],"wp:attachment":[{"href":"https:\/\/inspiratio.ro\/en\/wp-json\/wp\/v2\/media?parent=4248"}],"wp:term":[{"taxonomy":"pwb-brand","embeddable":true,"href":"https:\/\/inspiratio.ro\/en\/wp-json\/wp\/v2\/pwb-brand?post=4248"},{"taxonomy":"product_brand","embeddable":true,"href":"https:\/\/inspiratio.ro\/en\/wp-json\/wp\/v2\/product_brand?post=4248"},{"taxonomy":"product_cat","embeddable":true,"href":"https:\/\/inspiratio.ro\/en\/wp-json\/wp\/v2\/product_cat?post=4248"},{"taxonomy":"product_tag","embeddable":true,"href":"https:\/\/inspiratio.ro\/en\/wp-json\/wp\/v2\/product_tag?post=4248"}],"curies":[{"name":"wp","href":"https:\/\/api.w.org\/{rel}","templated":true}]}}